{"id":265385,"date":"2023-07-19T11:31:56","date_gmt":"2023-07-19T15:31:56","guid":{"rendered":"https:\/\/www.miamibeachfl.gov\/?page_id=265385"},"modified":"2025-06-07T16:19:19","modified_gmt":"2025-06-07T20:19:19","slug":"mayor-and-commissioners","status":"publish","type":"page","link":"https:\/\/www.miamibeachfl.gov\/es\/egovapp\/mayor-and-commissioners\/","title":{"rendered":"Alcalde y comisionados"},"content":{"rendered":"<a href=\"\/es\/staff\/mayor-steven-meiner\/\"  target=\"_self\" itemprop=\"url\">\n\t\t\t\t<img decoding=\"async\" src=\"https:\/\/www.miamibeachfl.gov\/wp-content\/uploads\/2023\/12\/MayorMeiner2024-Circle.png\" alt=\"Steve Meiner\" itemprop=\"image\" title=\"C\u00edrculo del alcalde Meiner2024\" onerror=\"this.style.display='none'\" loading='lazy' \/>\n\t\t\t\t<\/a>\n\t\t<h2>El alcalde Steven Meiner<\/h2>\n\t\t\t\t<p>En una hist\u00f3rica segunda vuelta el 21 de noviembre de 2023, Steven Meiner fue elegido decisivamente alcalde de Miami Beach, con un claro margen de victoria.<\/p>\n\t\t\t<a href=\"\/es\/staff\/mayor-steven-meiner\/\" title=\"Haga clic aqu\u00ed\" target=\"_self\"   role=\"button\" aria-label=\"M\u00e1s informaci\u00f3n\">\n\t\t\t\t\t\t\tM\u00e1s informaci\u00f3n\n\t\t<\/a>\n\t<p>Para consultas de los medios de comunicaci\u00f3n del alcalde y la comisi\u00f3n, env\u00ede un correo electr\u00f3nico a <strong><a title=\"mailto:vp@miamibeachfl.gov\" href=\"mailto:daphnesaba@miamibeachfl.gov\">DaphneSaba@miamibeachfl.gov<\/a><\/strong><\/p>\n\t<meta itemscope itemprop=\"mainEntityOfPage\" itemtype=\"https:\/\/schema.org\/WebPage\" itemid=\"http:\/\/265434\" content=\"Kristen Rosen Gonzalez Group 1\" \/><meta itemprop=\"datePublished\" content=\"2023-07-19\" \/><meta itemprop=\"dateModified\" content=\"2025-05-24\" \/><meta itemprop=\"name\" content=\"City of Miami Beach\"\/><meta itemprop=\"url\" content=\"https:\/\/www.miamibeachfl.gov\/wp-content\/uploads\/2025\/05\/mblogowhite.svg\"\/><meta itemprop=\"url\" content=\"https:\/\/www.miamibeachfl.gov\/author\/olgalyonsmiamibeachfl-gov\/\" \/><meta itemprop=\"name\" content=\"Olga Lyons\" \/><meta itemprop=\"url\" content=\"https:\/\/www.miamibeachfl.gov\/wp-content\/uploads\/2023\/07\/KristenRosenGonzalezyellowborder.png\" \/><meta itemprop=\"width\" content=\"249\" \/><meta itemprop=\"height\" content=\"250\" \/><meta itemprop=\"interactionType\" content=\"https:\/\/schema.org\/CommentAction\" \/><meta itemprop=\"userInteractionCount\" content=\"0\" \/>\n\t\t\t\t\t<a href=\"https:\/\/www.miamibeachfl.gov\/es\/egovapp\/mayor-and-commissioners\/commissioner-kristen-rosen-gonzalez\/\" title=\"Kristen Rosen Gonz\u00e1lez Grupo 1\" target=\"_blank\" rel=\"noopener bookmark\"><\/a>\n\t\t\t\t<img decoding=\"async\" src=\"https:\/\/www.miamibeachfl.gov\/wp-content\/uploads\/2023\/07\/KristenRosenGonzalezyellowborder.png\" alt=\"KristenRosenGonzalezyellowborder\" itemprop=\"image\" data-no-lazy=\"1\" height=\"250\" width=\"249\" title=\"KristenRosenGonzalezborde amarillo\" onerror=\"this.style.display='none'\" loading='lazy' \/>\n\t\t\t\t\t\t\t\t\t<h4 itemprop=\"headline\">\n\t\t\t\t\t\t\t\t\t\t\t\t\t\tKristen Rosen Gonz\u00e1lez <br \/>Grupo 1\t\t\t\t\t\t\t\t\t\t\t<\/h4>\n\t<meta itemscope itemprop=\"mainEntityOfPage\" itemtype=\"https:\/\/schema.org\/WebPage\" itemid=\"http:\/\/265458\" content=\"Laura Dominguez Group 2\" \/><meta itemprop=\"datePublished\" content=\"2023-07-19\" \/><meta itemprop=\"dateModified\" content=\"2025-05-24\" \/><meta itemprop=\"name\" content=\"City of Miami Beach\"\/><meta itemprop=\"url\" content=\"https:\/\/www.miamibeachfl.gov\/wp-content\/uploads\/2025\/05\/mblogowhite.svg\"\/><meta itemprop=\"url\" content=\"https:\/\/www.miamibeachfl.gov\/author\/olgalyonsmiamibeachfl-gov\/\" \/><meta itemprop=\"name\" content=\"Olga Lyons\" \/><meta itemprop=\"url\" content=\"https:\/\/www.miamibeachfl.gov\/wp-content\/uploads\/2023\/07\/Laura-Dominguezyellowborder.png\" \/><meta itemprop=\"width\" content=\"249\" \/><meta itemprop=\"height\" content=\"250\" \/><meta itemprop=\"interactionType\" content=\"https:\/\/schema.org\/CommentAction\" \/><meta itemprop=\"userInteractionCount\" content=\"0\" \/>\n\t\t\t\t\t<a href=\"https:\/\/www.miamibeachfl.gov\/es\/egovapp\/mayor-and-commissioners\/commissioner-laura-dominguez\/\" title=\"Laura Dom\u00ednguez Grupo 2\" target=\"_blank\" rel=\"noopener bookmark\"><\/a>\n\t\t\t\t<img decoding=\"async\" src=\"https:\/\/www.miamibeachfl.gov\/wp-content\/uploads\/2023\/07\/Laura-Dominguezyellowborder.png\" alt=\"Laura-Dominguezyellowborder\" itemprop=\"image\" data-no-lazy=\"1\" height=\"250\" width=\"249\" title=\"Laura-Dominguezyellowborder\" onerror=\"this.style.display='none'\" loading='lazy' \/>\n\t\t\t\t\t\t\t\t\t<h4 itemprop=\"headline\">\n\t\t\t\t\t\t\t\t\t\t\t\t\t\tLaura Dom\u00ednguez <br \/>Grupo 2\t\t\t\t\t\t\t\t\t\t\t<\/h4>\n\t<meta itemscope itemprop=\"mainEntityOfPage\" itemtype=\"https:\/\/schema.org\/WebPage\" itemid=\"http:\/\/265444\" content=\"Alex Fernandez Group 3\" \/><meta itemprop=\"datePublished\" content=\"2023-07-19\" \/><meta itemprop=\"dateModified\" content=\"2025-05-24\" \/><meta itemprop=\"name\" content=\"City of Miami Beach\"\/><meta itemprop=\"url\" content=\"https:\/\/www.miamibeachfl.gov\/wp-content\/uploads\/2025\/05\/mblogowhite.svg\"\/><meta itemprop=\"url\" content=\"https:\/\/www.miamibeachfl.gov\/author\/olgalyonsmiamibeachfl-gov\/\" \/><meta itemprop=\"name\" content=\"Olga Lyons\" \/><meta itemprop=\"url\" content=\"https:\/\/www.miamibeachfl.gov\/wp-content\/uploads\/2023\/07\/AlexFernandez.png\" \/><meta itemprop=\"width\" content=\"249\" \/><meta itemprop=\"height\" content=\"250\" \/><meta itemprop=\"interactionType\" content=\"https:\/\/schema.org\/CommentAction\" \/><meta itemprop=\"userInteractionCount\" content=\"0\" \/>\n\t\t\t\t\t<a href=\"https:\/\/www.miamibeachfl.gov\/es\/egovapp\/mayor-and-commissioners\/commissioner-alex-fernandez\/\" title=\"Alex Fern\u00e1ndez Grupo 3\" target=\"_blank\" rel=\"noopener bookmark\"><\/a>\n\t\t\t\t<img decoding=\"async\" src=\"https:\/\/www.miamibeachfl.gov\/wp-content\/uploads\/2023\/07\/AlexFernandez.png\" alt=\"AlexFernandez\" itemprop=\"image\" data-no-lazy=\"1\" height=\"250\" width=\"249\" title=\"Alex Fern\u00e1ndez\" onerror=\"this.style.display='none'\" loading='lazy' \/>\n\t\t\t\t\t\t\t\t\t<h4 itemprop=\"headline\">\n\t\t\t\t\t\t\t\t\t\t\t\t\t\tAlex Fern\u00e1ndez <br \/>Grupo 3\t\t\t\t\t\t\t\t\t\t\t<\/h4>\n\t<meta itemscope itemprop=\"mainEntityOfPage\" itemtype=\"https:\/\/schema.org\/WebPage\" itemid=\"http:\/\/265447\" content=\"Tanya K. Bhatt Group 4\" \/><meta itemprop=\"datePublished\" content=\"2023-07-19\" \/><meta itemprop=\"dateModified\" content=\"2025-05-24\" \/><meta itemprop=\"name\" content=\"City of Miami Beach\"\/><meta itemprop=\"url\" content=\"https:\/\/www.miamibeachfl.gov\/wp-content\/uploads\/2025\/05\/mblogowhite.svg\"\/><meta itemprop=\"url\" content=\"https:\/\/www.miamibeachfl.gov\/author\/olgalyonsmiamibeachfl-gov\/\" \/><meta itemprop=\"name\" content=\"Olga Lyons\" \/><meta itemprop=\"url\" content=\"https:\/\/www.miamibeachfl.gov\/wp-content\/uploads\/2023\/07\/TanyaKatzoffBhatt.png\" \/><meta itemprop=\"width\" content=\"250\" \/><meta itemprop=\"height\" content=\"250\" \/><meta itemprop=\"interactionType\" content=\"https:\/\/schema.org\/CommentAction\" \/><meta itemprop=\"userInteractionCount\" content=\"0\" \/>\n\t\t\t\t\t<a href=\"https:\/\/www.miamibeachfl.gov\/es\/egovapp\/mayor-and-commissioners\/commissioner-tanya-k-bhatt\/\" title=\"Tanya K. Bhatt Grupo 4\" target=\"_blank\" rel=\"noopener bookmark\"><\/a>\n\t\t\t\t<img decoding=\"async\" src=\"https:\/\/www.miamibeachfl.gov\/wp-content\/uploads\/2023\/07\/TanyaKatzoffBhatt.png\" alt=\"Commissioner Tanya K Bhatt\" itemprop=\"image\" data-no-lazy=\"1\" height=\"250\" width=\"250\" title=\"Tanya Katzoff Bhatt\" onerror=\"this.style.display='none'\" loading='lazy' \/>\n\t\t\t\t\t\t\t\t\t<h4 itemprop=\"headline\">\n\t\t\t\t\t\t\t\t\t\t\t\t\t\tTanya K. Bhatt <br \/>Grupo 4\t\t\t\t\t\t\t\t\t\t\t<\/h4>\n\t<meta itemscope itemprop=\"mainEntityOfPage\" itemtype=\"https:\/\/schema.org\/WebPage\" itemid=\"http:\/\/265450\" content=\"David Suarez Group 5\" \/><meta itemprop=\"datePublished\" content=\"2023-07-19\" \/><meta itemprop=\"dateModified\" content=\"2025-05-24\" \/><meta itemprop=\"name\" content=\"City of Miami Beach\"\/><meta itemprop=\"url\" content=\"https:\/\/www.miamibeachfl.gov\/wp-content\/uploads\/2025\/05\/mblogowhite.svg\"\/><meta itemprop=\"url\" content=\"https:\/\/www.miamibeachfl.gov\/author\/olgalyonsmiamibeachfl-gov\/\" \/><meta itemprop=\"name\" content=\"Olga Lyons\" \/><meta itemprop=\"url\" content=\"https:\/\/www.miamibeachfl.gov\/wp-content\/uploads\/2023\/07\/DavidSuarez.png\" \/><meta itemprop=\"width\" content=\"250\" \/><meta itemprop=\"height\" content=\"250\" \/><meta itemprop=\"interactionType\" content=\"https:\/\/schema.org\/CommentAction\" \/><meta itemprop=\"userInteractionCount\" content=\"0\" \/>\n\t\t\t\t\t<a href=\"https:\/\/www.miamibeachfl.gov\/es\/egovapp\/mayor-and-commissioners\/commissioner-david-suarez\/\" title=\"David Su\u00e1rez Grupo 5\" target=\"_blank\" rel=\"noopener bookmark\"><\/a>\n\t\t\t\t<img decoding=\"async\" src=\"https:\/\/www.miamibeachfl.gov\/wp-content\/uploads\/2023\/07\/DavidSuarez.png\" alt=\"Commissioner David Suarez\" itemprop=\"image\" data-no-lazy=\"1\" height=\"250\" width=\"250\" title=\"David Su\u00e1rez\" onerror=\"this.style.display='none'\" loading='lazy' \/>\n\t\t\t\t\t\t\t\t\t<h4 itemprop=\"headline\">\n\t\t\t\t\t\t\t\t\t\t\t\t\t\tDavid Su\u00e1rez <br \/>Grupo 5\t\t\t\t\t\t\t\t\t\t\t<\/h4>\n\t<meta itemscope itemprop=\"mainEntityOfPage\" itemtype=\"https:\/\/schema.org\/WebPage\" itemid=\"http:\/\/265453\" content=\"Joseph Magazine Group Group 6\" \/><meta itemprop=\"datePublished\" content=\"2023-07-19\" \/><meta itemprop=\"dateModified\" content=\"2025-05-24\" \/><meta itemprop=\"name\" content=\"City of Miami Beach\"\/><meta itemprop=\"url\" content=\"https:\/\/www.miamibeachfl.gov\/wp-content\/uploads\/2025\/05\/mblogowhite.svg\"\/><meta itemprop=\"url\" content=\"https:\/\/www.miamibeachfl.gov\/author\/olgalyonsmiamibeachfl-gov\/\" \/><meta itemprop=\"name\" content=\"Olga Lyons\" \/><meta itemprop=\"url\" content=\"https:\/\/www.miamibeachfl.gov\/wp-content\/uploads\/2023\/07\/JoeMagazine.png\" \/><meta itemprop=\"width\" content=\"250\" \/><meta itemprop=\"height\" content=\"250\" \/><meta itemprop=\"interactionType\" content=\"https:\/\/schema.org\/CommentAction\" \/><meta itemprop=\"userInteractionCount\" content=\"0\" \/>\n\t\t\t\t\t<a href=\"https:\/\/www.miamibeachfl.gov\/es\/egovapp\/mayor-and-commissioners\/commissioner-joseph-magazine\/\" title=\"Grupo de la revista Joseph Grupo 6\" target=\"_blank\" rel=\"noopener bookmark\"><\/a>\n\t\t\t\t<img decoding=\"async\" src=\"https:\/\/www.miamibeachfl.gov\/wp-content\/uploads\/2023\/07\/JoeMagazine.png\" alt=\"Comissioner Joe Magazine\" itemprop=\"image\" data-no-lazy=\"1\" height=\"250\" width=\"250\" title=\"Revista Joe\" onerror=\"this.style.display='none'\" loading='lazy' \/>\n\t\t\t\t\t\t\t\t\t<h4 itemprop=\"headline\">\n\t\t\t\t\t\t\t\t\t\t\t\t\t\tGrupo de revistas Joseph <br \/>Grupo 6\t\t\t\t\t\t\t\t\t\t\t<\/h4>\n\t\t<!-- .pp-content-posts -->\n\t<p>La Ciudad de Miami Beach se rige por un sistema de administraci\u00f3n municipal. La Comisi\u00f3n Municipal est\u00e1 compuesta por seis comisionados electos y un alcalde electo. Los comisionados son elegidos por un per\u00edodo de cuatro a\u00f1os, con un l\u00edmite de dos mandatos. Los mandatos son escalonados, de modo que la mitad de los miembros de la Comisi\u00f3n se eligen cada dos a\u00f1os. El alcalde es elegido cada dos a\u00f1os. La Comisi\u00f3n nombra al administrador municipal, quien supervisa la administraci\u00f3n municipal, y al fiscal municipal, quien supervisa la Fiscal\u00eda Municipal.<\/p>\n\t<p>Para consultas de los medios de comunicaci\u00f3n del alcalde y la comisi\u00f3n, env\u00ede un correo electr\u00f3nico a\u00a0<a title=\"mailto:vp@miamibeachfl.gov\" href=\"mailto:veronicacoley@miamibeachfl.gov\">Ver\u00f3nicaColey@miamibeachfl.gov<\/a><\/p>","protected":false},"excerpt":{"rendered":"<p>El alcalde Steven Meiner En una hist\u00f3rica segunda vuelta el 21 de noviembre de 2023, Steven Meiner fue elegido decisivamente alcalde de Miami [\u2026]<\/p>","protected":false},"author":222,"featured_media":0,"parent":260953,"menu_order":31,"comment_status":"closed","ping_status":"closed","template":"","meta":{"_searchwp_excluded":"1","site-sidebar-layout":"default","site-content-layout":"","ast-site-content-layout":"","site-content-style":"default","site-sidebar-style":"default","ast-global-header-display":"disabled","ast-banner-title-visibility":"","ast-main-header-display":"","ast-hfb-above-header-display":"","ast-hfb-below-header-display":"","ast-hfb-mobile-header-display":"","site-post-title":"","ast-breadcrumbs-content":"","ast-featured-img":"","footer-sml-layout":"disabled","theme-transparent-header-meta":"","adv-header-id-meta":"","stick-header-meta":"","header-above-stick-meta":"","header-main-stick-meta":"","header-below-stick-meta":"","astra-migrate-meta-layouts":"default","ast-page-background-enabled":"default","ast-page-background-meta":{"desktop":{"background-color":"var(--ast-global-color-5)","background-image":"","background-repeat":"repeat","background-position":"center center","background-size":"auto","background-attachment":"scroll","background-type":"","background-media":"","overlay-type":"","overlay-color":"","overlay-opacity":"","overlay-gradient":""},"tablet":{"background-color":"","background-image":"","background-repeat":"repeat","background-position":"center center","background-size":"auto","background-attachment":"scroll","background-type":"","background-media":"","overlay-type":"","overlay-color":"","overlay-opacity":"","overlay-gradient":""},"mobile":{"background-color":"","background-image":"","background-repeat":"repeat","background-position":"center center","background-size":"auto","background-attachment":"scroll","background-type":"","background-media":"","overlay-type":"","overlay-color":"","overlay-opacity":"","overlay-gradient":""}},"ast-content-background-meta":{"desktop":{"background-color":"var(--ast-global-color-4)","background-image":"","background-repeat":"repeat","background-position":"center center","background-size":"auto","background-attachment":"scroll","background-type":"","background-media":"","overlay-type":"","overlay-color":"","overlay-opacity":"","overlay-gradient":""},"tablet":{"background-color":"var(--ast-global-color-4)","background-image":"","background-repeat":"repeat","background-position":"center center","background-size":"auto","background-attachment":"scroll","background-type":"","background-media":"","overlay-type":"","overlay-color":"","overlay-opacity":"","overlay-gradient":""},"mobile":{"background-color":"var(--ast-global-color-4)","background-image":"","background-repeat":"repeat","background-position":"center center","background-size":"auto","background-attachment":"scroll","background-type":"","background-media":"","overlay-type":"","overlay-color":"","overlay-opacity":"","overlay-gradient":""}},"footnotes":""},"categories":[],"tags":[1002],"class_list":["post-265385","page","type-page","status-publish","hentry","tag-app-egov-page"],"yoast_head":"<!-- This site is optimized with the Yoast SEO Premium plugin v26.6 (Yoast SEO v26.6) - https:\/\/yoast.com\/wordpress\/plugins\/seo\/ -->\n<title>Mayor and Commissioners - City of Miami Beach<\/title>\n<meta name=\"description\" content=\"%\" \/>\n<meta name=\"robots\" content=\"index, follow, max-snippet:-1, max-image-preview:large, max-video-preview:-1\" \/>\n<link rel=\"canonical\" href=\"https:\/\/www.miamibeachfl.gov\/es\/egovapp\/mayor-and-commissioners\/\" \/>\n<meta property=\"og:locale\" content=\"es_ES\" \/>\n<meta property=\"og:type\" content=\"article\" \/>\n<meta property=\"og:title\" content=\"Mayor and Commissioners\" \/>\n<meta property=\"og:description\" content=\"%\" \/>\n<meta property=\"og:url\" content=\"https:\/\/www.miamibeachfl.gov\/es\/egovapp\/mayor-and-commissioners\/\" \/>\n<meta property=\"og:site_name\" content=\"City of Miami Beach\" \/>\n<meta property=\"article:publisher\" content=\"https:\/\/www.facebook.com\/cityofmiamibeach\" \/>\n<meta property=\"article:modified_time\" content=\"2025-06-07T20:19:19+00:00\" \/>\n<meta property=\"og:image\" content=\"https:\/\/www.miamibeachfl.gov\/wp-content\/uploads\/2023\/12\/MayorMeiner2024-Circle.png\" \/>\n<meta name=\"twitter:card\" content=\"summary_large_image\" \/>\n<meta name=\"twitter:site\" content=\"@Miamibeachnews\" \/>\n<script type=\"application\/ld+json\" class=\"yoast-schema-graph\">{\"@context\":\"https:\/\/schema.org\",\"@graph\":[{\"@type\":\"WebPage\",\"@id\":\"https:\/\/www.miamibeachfl.gov\/egovapp\/mayor-and-commissioners\/\",\"url\":\"https:\/\/www.miamibeachfl.gov\/egovapp\/mayor-and-commissioners\/\",\"name\":\"Mayor and Commissioners - City of Miami Beach\",\"isPartOf\":{\"@id\":\"https:\/\/www.miamibeachfl.gov\/#website\"},\"primaryImageOfPage\":{\"@id\":\"https:\/\/www.miamibeachfl.gov\/egovapp\/mayor-and-commissioners\/#primaryimage\"},\"image\":{\"@id\":\"https:\/\/www.miamibeachfl.gov\/egovapp\/mayor-and-commissioners\/#primaryimage\"},\"thumbnailUrl\":\"https:\/\/www.miamibeachfl.gov\/wp-content\/uploads\/2023\/12\/MayorMeiner2024-Circle.png\",\"datePublished\":\"2023-07-19T15:31:56+00:00\",\"dateModified\":\"2025-06-07T20:19:19+00:00\",\"description\":\"%\",\"breadcrumb\":{\"@id\":\"https:\/\/www.miamibeachfl.gov\/egovapp\/mayor-and-commissioners\/#breadcrumb\"},\"inLanguage\":\"es\",\"potentialAction\":[{\"@type\":\"ReadAction\",\"target\":[\"https:\/\/www.miamibeachfl.gov\/egovapp\/mayor-and-commissioners\/\"]}]},{\"@type\":\"ImageObject\",\"inLanguage\":\"es\",\"@id\":\"https:\/\/www.miamibeachfl.gov\/egovapp\/mayor-and-commissioners\/#primaryimage\",\"url\":\"https:\/\/www.miamibeachfl.gov\/wp-content\/uploads\/2023\/12\/MayorMeiner2024-Circle.png\",\"contentUrl\":\"https:\/\/www.miamibeachfl.gov\/wp-content\/uploads\/2023\/12\/MayorMeiner2024-Circle.png\"},{\"@type\":\"BreadcrumbList\",\"@id\":\"https:\/\/www.miamibeachfl.gov\/egovapp\/mayor-and-commissioners\/#breadcrumb\",\"itemListElement\":[{\"@type\":\"ListItem\",\"position\":1,\"name\":\"Home\",\"item\":\"https:\/\/www.miamibeachfl.gov\/\"},{\"@type\":\"ListItem\",\"position\":2,\"name\":\"MobileAppPages\",\"item\":\"https:\/\/www.miamibeachfl.gov\/egovapp\/\"},{\"@type\":\"ListItem\",\"position\":3,\"name\":\"Mayor and Commissioners\"}]},{\"@type\":\"WebSite\",\"@id\":\"https:\/\/www.miamibeachfl.gov\/#website\",\"url\":\"https:\/\/www.miamibeachfl.gov\/\",\"name\":\"City of Miami Beach\",\"description\":\"The official website of the City of Miami Beach. Stay informed, find important information on city services, news, alerts, events, trolley routes, government employment and more.\",\"publisher\":{\"@id\":\"https:\/\/www.miamibeachfl.gov\/#organization\"},\"potentialAction\":[{\"@type\":\"SearchAction\",\"target\":{\"@type\":\"EntryPoint\",\"urlTemplate\":\"https:\/\/www.miamibeachfl.gov\/?s={search_term_string}\"},\"query-input\":{\"@type\":\"PropertyValueSpecification\",\"valueRequired\":true,\"valueName\":\"search_term_string\"}}],\"inLanguage\":\"es\"},{\"@type\":\"Organization\",\"@id\":\"https:\/\/www.miamibeachfl.gov\/#organization\",\"name\":\"City of Miami Beach\",\"url\":\"https:\/\/www.miamibeachfl.gov\/\",\"logo\":{\"@type\":\"ImageObject\",\"inLanguage\":\"es\",\"@id\":\"https:\/\/www.miamibeachfl.gov\/#\/schema\/logo\/image\/\",\"url\":\"https:\/\/www.miamibeachfl.gov\/wp-content\/uploads\/2022\/06\/miamibeach-logoblue.png\",\"contentUrl\":\"https:\/\/www.miamibeachfl.gov\/wp-content\/uploads\/2022\/06\/miamibeach-logoblue.png\",\"width\":1962,\"height\":381,\"caption\":\"City of Miami Beach\"},\"image\":{\"@id\":\"https:\/\/www.miamibeachfl.gov\/#\/schema\/logo\/image\/\"},\"sameAs\":[\"https:\/\/www.facebook.com\/cityofmiamibeach\",\"https:\/\/x.com\/Miamibeachnews\",\"https:\/\/www.instagram.com\/miamibeachnews\/\"],\"description\":\"The official website of the City of Miami Beach. Stay informed, find important information on city services, news, alerts, events, trolley routes, government employment and more.\",\"telephone\":\"305.604.CITY(2489)\",\"legalName\":\"City of Miami Beach\"}]}<\/script>\n<!-- \/ Yoast SEO Premium plugin. -->","yoast_head_json":{"title":"Alcalde y comisionados de la ciudad de Miami Beach","description":"%","robots":{"index":"index","follow":"follow","max-snippet":"max-snippet:-1","max-image-preview":"max-image-preview:large","max-video-preview":"max-video-preview:-1"},"canonical":"https:\/\/www.miamibeachfl.gov\/es\/egovapp\/mayor-and-commissioners\/","og_locale":"es_ES","og_type":"article","og_title":"Mayor and Commissioners","og_description":"%","og_url":"https:\/\/www.miamibeachfl.gov\/es\/egovapp\/mayor-and-commissioners\/","og_site_name":"City of Miami Beach","article_publisher":"https:\/\/www.facebook.com\/cityofmiamibeach","article_modified_time":"2025-06-07T20:19:19+00:00","og_image":[{"url":"https:\/\/www.miamibeachfl.gov\/wp-content\/uploads\/2023\/12\/MayorMeiner2024-Circle.png","type":"","width":"","height":""}],"twitter_card":"summary_large_image","twitter_site":"@Miamibeachnews","schema":{"@context":"https:\/\/schema.org","@graph":[{"@type":"WebPage","@id":"https:\/\/www.miamibeachfl.gov\/egovapp\/mayor-and-commissioners\/","url":"https:\/\/www.miamibeachfl.gov\/egovapp\/mayor-and-commissioners\/","name":"Alcalde y comisionados de la ciudad de Miami Beach","isPartOf":{"@id":"https:\/\/www.miamibeachfl.gov\/#website"},"primaryImageOfPage":{"@id":"https:\/\/www.miamibeachfl.gov\/egovapp\/mayor-and-commissioners\/#primaryimage"},"image":{"@id":"https:\/\/www.miamibeachfl.gov\/egovapp\/mayor-and-commissioners\/#primaryimage"},"thumbnailUrl":"https:\/\/www.miamibeachfl.gov\/wp-content\/uploads\/2023\/12\/MayorMeiner2024-Circle.png","datePublished":"2023-07-19T15:31:56+00:00","dateModified":"2025-06-07T20:19:19+00:00","description":"%","breadcrumb":{"@id":"https:\/\/www.miamibeachfl.gov\/egovapp\/mayor-and-commissioners\/#breadcrumb"},"inLanguage":"es","potentialAction":[{"@type":"ReadAction","target":["https:\/\/www.miamibeachfl.gov\/egovapp\/mayor-and-commissioners\/"]}]},{"@type":"ImageObject","inLanguage":"es","@id":"https:\/\/www.miamibeachfl.gov\/egovapp\/mayor-and-commissioners\/#primaryimage","url":"https:\/\/www.miamibeachfl.gov\/wp-content\/uploads\/2023\/12\/MayorMeiner2024-Circle.png","contentUrl":"https:\/\/www.miamibeachfl.gov\/wp-content\/uploads\/2023\/12\/MayorMeiner2024-Circle.png"},{"@type":"BreadcrumbList","@id":"https:\/\/www.miamibeachfl.gov\/egovapp\/mayor-and-commissioners\/#breadcrumb","itemListElement":[{"@type":"ListItem","position":1,"name":"Home","item":"https:\/\/www.miamibeachfl.gov\/"},{"@type":"ListItem","position":2,"name":"MobileAppPages","item":"https:\/\/www.miamibeachfl.gov\/egovapp\/"},{"@type":"ListItem","position":3,"name":"Mayor and Commissioners"}]},{"@type":"WebSite","@id":"https:\/\/www.miamibeachfl.gov\/#website","url":"https:\/\/www.miamibeachfl.gov\/","name":"Ciudad de Miami Beach","description":"Sitio web oficial de la Ciudad de Miami Beach. Mant\u00e9ngase informado, encuentre informaci\u00f3n importante sobre servicios municipales, noticias, alertas, eventos, rutas de tranv\u00edas, empleos gubernamentales y m\u00e1s.","publisher":{"@id":"https:\/\/www.miamibeachfl.gov\/#organization"},"potentialAction":[{"@type":"SearchAction","target":{"@type":"EntryPoint","urlTemplate":"https:\/\/www.miamibeachfl.gov\/?s={search_term_string}"},"query-input":{"@type":"PropertyValueSpecification","valueRequired":true,"valueName":"search_term_string"}}],"inLanguage":"es"},{"@type":"Organization","@id":"https:\/\/www.miamibeachfl.gov\/#organization","name":"Ciudad de Miami Beach","url":"https:\/\/www.miamibeachfl.gov\/","logo":{"@type":"ImageObject","inLanguage":"es","@id":"https:\/\/www.miamibeachfl.gov\/#\/schema\/logo\/image\/","url":"https:\/\/www.miamibeachfl.gov\/wp-content\/uploads\/2022\/06\/miamibeach-logoblue.png","contentUrl":"https:\/\/www.miamibeachfl.gov\/wp-content\/uploads\/2022\/06\/miamibeach-logoblue.png","width":1962,"height":381,"caption":"City of Miami Beach"},"image":{"@id":"https:\/\/www.miamibeachfl.gov\/#\/schema\/logo\/image\/"},"sameAs":["https:\/\/www.facebook.com\/cityofmiamibeach","https:\/\/x.com\/Miamibeachnews","https:\/\/www.instagram.com\/miamibeachnews\/"],"description":"Sitio web oficial de la Ciudad de Miami Beach. Mant\u00e9ngase informado, encuentre informaci\u00f3n importante sobre servicios municipales, noticias, alertas, eventos, rutas de tranv\u00edas, empleos gubernamentales y m\u00e1s.","telephone":"305.604.CITY(2489)","legalName":"City of Miami Beach"}]}},"_links":{"self":[{"href":"https:\/\/www.miamibeachfl.gov\/es\/wp-json\/wp\/v2\/pages\/265385","targetHints":{"allow":["GET"]}}],"collection":[{"href":"https:\/\/www.miamibeachfl.gov\/es\/wp-json\/wp\/v2\/pages"}],"about":[{"href":"https:\/\/www.miamibeachfl.gov\/es\/wp-json\/wp\/v2\/types\/page"}],"author":[{"embeddable":true,"href":"https:\/\/www.miamibeachfl.gov\/es\/wp-json\/wp\/v2\/users\/222"}],"replies":[{"embeddable":true,"href":"https:\/\/www.miamibeachfl.gov\/es\/wp-json\/wp\/v2\/comments?post=265385"}],"version-history":[{"count":0,"href":"https:\/\/www.miamibeachfl.gov\/es\/wp-json\/wp\/v2\/pages\/265385\/revisions"}],"up":[{"embeddable":true,"href":"https:\/\/www.miamibeachfl.gov\/es\/wp-json\/wp\/v2\/pages\/260953"}],"wp:attachment":[{"href":"https:\/\/www.miamibeachfl.gov\/es\/wp-json\/wp\/v2\/media?parent=265385"}],"wp:term":[{"taxonomy":"category","embeddable":true,"href":"https:\/\/www.miamibeachfl.gov\/es\/wp-json\/wp\/v2\/categories?post=265385"},{"taxonomy":"post_tag","embeddable":true,"href":"https:\/\/www.miamibeachfl.gov\/es\/wp-json\/wp\/v2\/tags?post=265385"}],"curies":[{"name":"gracias","href":"https:\/\/api.w.org\/{rel}","templated":true}]}}