{"id":265422,"date":"2023-07-19T11:56:55","date_gmt":"2023-07-19T15:56:55","guid":{"rendered":"https:\/\/www.miamibeachfl.gov\/?page_id=265422"},"modified":"2025-06-07T16:29:08","modified_gmt":"2025-06-07T20:29:08","slug":"mayor-steven-meiner","status":"publish","type":"page","link":"https:\/\/www.miamibeachfl.gov\/es\/egovapp\/mayor-and-commissioners\/mayor-steven-meiner\/","title":{"rendered":"El alcalde Steven Meiner"},"content":{"rendered":"<p><a role=\"button\" href=\"https:\/\/www.miamibeachfl.gov\/es\/egovapp\/mayor-and-commissioners\/\" target=\"_self\" rel=\"noopener\"> Regreso al Alcalde y la Comisi\u00f3n <\/a> <img decoding=\"async\" title=\"Alcalde Dan Gelber\" src=\"https:\/\/www.miamibeachfl.gov\/wp-content\/uploads\/bb-plugin\/cache\/MayorDanGelber-circle.png\" alt=\"Mayor Dan Gelber\" \/><\/p>\r\n<h1>El alcalde Dan Gelber<\/h1>\r\n<ul>\r\n<li>\r\n<h3>DanGelber@miamibeachfl.gov<\/h3>\r\n<\/li>\r\n<li>\r\n<h3>305.673.7035<\/h3>\r\n<\/li>\r\n<li>\r\n<h3>1700 Convention Center Drive, Miami Beach, FL 33139<\/h3>\r\n<\/li>\r\n<li>\r\n<h3>Lunes \u2013 Viernes | 9 a. m. a 5 p. m.<\/h3>\r\n<\/li>\r\n<\/ul>\r\n<ul>\r\n<li>\r\n<h3>Asistente del alcalde:<\/h3>\r\n<p><strong>Danielle Mej\u00eda<\/strong><br \/>Jefe Adjunto de Gabinete<\/p>\r\n<\/li>\r\n<li>\r\n<h3>daniellemejia@miamibeachfl.gov<\/h3>\r\n<\/li>\r\n<li>\r\n<h3>305.673.7035 Ext. 26292<\/h3>\r\n<\/li>\r\n<\/ul>\r\n<h2>Primer Elegido: 2017<\/h2>\r\n<p>Dan Gelber es el 38.\u00ba alcalde de Miami Beach. Becario Truman de EE. UU. en la universidad y la facultad de derecho, Dan se desempe\u00f1\u00f3 como fiscal federal condecorado en el sur de Florida. Posteriormente, el exsenador Sam Nunn lo design\u00f3 para dirigir el prestigioso Subcomit\u00e9 Permanente de Investigaciones del Senado de EE. UU., donde dirigi\u00f3 investigaciones sobre fraude, despilfarro y abuso en el gobierno, as\u00ed como contraterrorismo. Regres\u00f3 al sur de Florida y sirvi\u00f3 durante una d\u00e9cada en la legislatura estatal (C\u00e1mara de Representantes y Senado), donde fue elegido por unanimidad como l\u00edder dem\u00f3crata. Dan ejerce la abogac\u00eda en el bufete Gelber Schachter Greenberg LLP y figura en la lista de...\u00a0<em>Los mejores abogados de Am\u00e9rica<\/em>\u00a0y es el \u00fanico abogado de Florida en lograr la clasificaci\u00f3n de \u201cProfesional Eminente\u201d en su \u00e1rea de pr\u00e1ctica en\u00a0<em>C\u00e1maras de Estados Unidos<\/em>.<\/p>\r\n<p>Dan est\u00e1 casado con la fiscal federal de carrera Joan Silverstein y tienen tres hijos adultos y dos perros casi adiestrados. Dan participa activamente en el programa Big Brothers tras haber sido asignado a...\u00a0<a href=\"https:\/\/now.tufts.edu\/2015\/12\/17\/story-big-brother\">el mismo hermano peque\u00f1o durante d\u00e9cadas<\/a>El padre de Dan, Seymour, fue el 33\u00ba alcalde de nuestra ciudad; su madre, Edith, una querida maestra de escuela local.<\/p>","protected":false},"excerpt":{"rendered":"<p>Back to Mayor and Commission Mayor Dan Gelber DanGelber@miamibeachfl.gov 305.673.7035 1700 Convention Center Drive, Miami Beach, FL 33139 Monday &#8211; [&hellip;]<\/p>\n","protected":false},"author":222,"featured_media":265315,"parent":265385,"menu_order":29,"comment_status":"closed","ping_status":"closed","template":"","meta":{"_searchwp_excluded":"1","site-sidebar-layout":"default","site-content-layout":"","ast-site-content-layout":"","site-content-style":"default","site-sidebar-style":"default","ast-global-header-display":"disabled","ast-banner-title-visibility":"","ast-main-header-display":"","ast-hfb-above-header-display":"","ast-hfb-below-header-display":"","ast-hfb-mobile-header-display":"","site-post-title":"","ast-breadcrumbs-content":"","ast-featured-img":"","footer-sml-layout":"disabled","ast-disable-related-posts":"","theme-transparent-header-meta":"","adv-header-id-meta":"","stick-header-meta":"","header-above-stick-meta":"","header-main-stick-meta":"","header-below-stick-meta":"","astra-migrate-meta-layouts":"default","ast-page-background-enabled":"default","ast-page-background-meta":{"desktop":{"background-color":"var(--ast-global-color-5)","background-image":"","background-repeat":"repeat","background-position":"center center","background-size":"auto","background-attachment":"scroll","background-type":"","background-media":"","overlay-type":"","overlay-color":"","overlay-opacity":"","overlay-gradient":""},"tablet":{"background-color":"","background-image":"","background-repeat":"repeat","background-position":"center center","background-size":"auto","background-attachment":"scroll","background-type":"","background-media":"","overlay-type":"","overlay-color":"","overlay-opacity":"","overlay-gradient":""},"mobile":{"background-color":"","background-image":"","background-repeat":"repeat","background-position":"center center","background-size":"auto","background-attachment":"scroll","background-type":"","background-media":"","overlay-type":"","overlay-color":"","overlay-opacity":"","overlay-gradient":""}},"ast-content-background-meta":{"desktop":{"background-color":"var(--ast-global-color-4)","background-image":"","background-repeat":"repeat","background-position":"center center","background-size":"auto","background-attachment":"scroll","background-type":"","background-media":"","overlay-type":"","overlay-color":"","overlay-opacity":"","overlay-gradient":""},"tablet":{"background-color":"var(--ast-global-color-4)","background-image":"","background-repeat":"repeat","background-position":"center center","background-size":"auto","background-attachment":"scroll","background-type":"","background-media":"","overlay-type":"","overlay-color":"","overlay-opacity":"","overlay-gradient":""},"mobile":{"background-color":"var(--ast-global-color-4)","background-image":"","background-repeat":"repeat","background-position":"center center","background-size":"auto","background-attachment":"scroll","background-type":"","background-media":"","overlay-type":"","overlay-color":"","overlay-opacity":"","overlay-gradient":""}},"footnotes":""},"categories":[],"tags":[1002,997],"class_list":["post-265422","page","type-page","status-publish","has-post-thumbnail","hentry","tag-app-egov-page","tag-steven-meiner-egovapp"],"yoast_head":"<!-- This site is optimized with the Yoast SEO Premium plugin v27.4 (Yoast SEO v27.4) - https:\/\/yoast.com\/product\/yoast-seo-premium-wordpress\/ -->\n<title>Mayor Steven Meiner - City of Miami Beach<\/title>\n<meta name=\"description\" content=\"Dan Gelber is the 38th\u00a0Mayor of Miami Beach. A U.S. Truman Scholar in college and law school, Dan served as a decorated federal prosecutor in South Florida. He was subsequently appointed by former Senator Sam Nunn to direct the U.S. Senate&#039;s prestigious Permanent Subcommittee on Investigations where he led investigations into fraud, waste and abuse in government and counterterrorism.\u00a0\" \/>\n<meta name=\"robots\" content=\"index, follow, max-snippet:-1, max-image-preview:large, max-video-preview:-1\" \/>\n<link rel=\"canonical\" href=\"https:\/\/www.miamibeachfl.gov\/es\/egovapp\/mayor-and-commissioners\/mayor-steven-meiner\/\" \/>\n<meta property=\"og:locale\" content=\"es_ES\" \/>\n<meta property=\"og:type\" content=\"article\" \/>\n<meta property=\"og:title\" content=\"Mayor Steven Meiner\" \/>\n<meta property=\"og:description\" content=\"Dan Gelber is the 38th\u00a0Mayor of Miami Beach. A U.S. Truman Scholar in college and law school, Dan served as a decorated federal prosecutor in South Florida. He was subsequently appointed by former Senator Sam Nunn to direct the U.S. Senate&#039;s prestigious Permanent Subcommittee on Investigations where he led investigations into fraud, waste and abuse in government and counterterrorism.\u00a0\" \/>\n<meta property=\"og:url\" content=\"https:\/\/www.miamibeachfl.gov\/es\/egovapp\/mayor-and-commissioners\/mayor-steven-meiner\/\" \/>\n<meta property=\"og:site_name\" content=\"City of Miami Beach\" \/>\n<meta property=\"article:publisher\" content=\"https:\/\/www.facebook.com\/cityofmiamibeach\" \/>\n<meta property=\"article:modified_time\" content=\"2025-06-07T20:29:08+00:00\" \/>\n<meta property=\"og:image\" content=\"https:\/\/www.miamibeachfl.gov\/wp-content\/uploads\/2023\/07\/MayorDanGelber.png\" \/>\n\t<meta property=\"og:image:width\" content=\"249\" \/>\n\t<meta property=\"og:image:height\" content=\"250\" \/>\n\t<meta property=\"og:image:type\" content=\"image\/png\" \/>\n<meta name=\"twitter:card\" content=\"summary_large_image\" \/>\n<meta name=\"twitter:site\" content=\"@Miamibeachnews\" \/>\n<script type=\"application\/ld+json\" class=\"yoast-schema-graph\">{\"@context\":\"https:\\\/\\\/schema.org\",\"@graph\":[{\"@type\":\"WebPage\",\"@id\":\"https:\\\/\\\/www.miamibeachfl.gov\\\/egovapp\\\/mayor-and-commissioners\\\/mayor-steven-meiner\\\/\",\"url\":\"https:\\\/\\\/www.miamibeachfl.gov\\\/egovapp\\\/mayor-and-commissioners\\\/mayor-steven-meiner\\\/\",\"name\":\"Mayor Steven Meiner - City of Miami Beach\",\"isPartOf\":{\"@id\":\"https:\\\/\\\/www.miamibeachfl.gov\\\/#website\"},\"primaryImageOfPage\":{\"@id\":\"https:\\\/\\\/www.miamibeachfl.gov\\\/egovapp\\\/mayor-and-commissioners\\\/mayor-steven-meiner\\\/#primaryimage\"},\"image\":{\"@id\":\"https:\\\/\\\/www.miamibeachfl.gov\\\/egovapp\\\/mayor-and-commissioners\\\/mayor-steven-meiner\\\/#primaryimage\"},\"thumbnailUrl\":\"https:\\\/\\\/www.miamibeachfl.gov\\\/wp-content\\\/uploads\\\/2023\\\/07\\\/MayorDanGelber.png\",\"datePublished\":\"2023-07-19T15:56:55+00:00\",\"dateModified\":\"2025-06-07T20:29:08+00:00\",\"description\":\"Dan Gelber is the 38th\u00a0Mayor of Miami Beach. A U.S. Truman Scholar in college and law school, Dan served as a decorated federal prosecutor in South Florida. He was subsequently appointed by former Senator Sam Nunn to direct the U.S. Senate's prestigious Permanent Subcommittee on Investigations where he led investigations into fraud, waste and abuse in government and counterterrorism.\u00a0\",\"breadcrumb\":{\"@id\":\"https:\\\/\\\/www.miamibeachfl.gov\\\/egovapp\\\/mayor-and-commissioners\\\/mayor-steven-meiner\\\/#breadcrumb\"},\"inLanguage\":\"es\",\"potentialAction\":[{\"@type\":\"ReadAction\",\"target\":[\"https:\\\/\\\/www.miamibeachfl.gov\\\/egovapp\\\/mayor-and-commissioners\\\/mayor-steven-meiner\\\/\"]}]},{\"@type\":\"ImageObject\",\"inLanguage\":\"es\",\"@id\":\"https:\\\/\\\/www.miamibeachfl.gov\\\/egovapp\\\/mayor-and-commissioners\\\/mayor-steven-meiner\\\/#primaryimage\",\"url\":\"https:\\\/\\\/www.miamibeachfl.gov\\\/wp-content\\\/uploads\\\/2023\\\/07\\\/MayorDanGelber.png\",\"contentUrl\":\"https:\\\/\\\/www.miamibeachfl.gov\\\/wp-content\\\/uploads\\\/2023\\\/07\\\/MayorDanGelber.png\",\"width\":249,\"height\":250,\"caption\":\"Mayor Dan Gelber\"},{\"@type\":\"BreadcrumbList\",\"@id\":\"https:\\\/\\\/www.miamibeachfl.gov\\\/egovapp\\\/mayor-and-commissioners\\\/mayor-steven-meiner\\\/#breadcrumb\",\"itemListElement\":[{\"@type\":\"ListItem\",\"position\":1,\"name\":\"Home\",\"item\":\"https:\\\/\\\/www.miamibeachfl.gov\\\/\"},{\"@type\":\"ListItem\",\"position\":2,\"name\":\"MobileAppPages\",\"item\":\"https:\\\/\\\/www.miamibeachfl.gov\\\/egovapp\\\/\"},{\"@type\":\"ListItem\",\"position\":3,\"name\":\"Mayor and Commissioners\",\"item\":\"https:\\\/\\\/www.miamibeachfl.gov\\\/egovapp\\\/mayor-and-commissioners\\\/\"},{\"@type\":\"ListItem\",\"position\":4,\"name\":\"Mayor Steven Meiner\"}]},{\"@type\":\"WebSite\",\"@id\":\"https:\\\/\\\/www.miamibeachfl.gov\\\/#website\",\"url\":\"https:\\\/\\\/www.miamibeachfl.gov\\\/\",\"name\":\"City of Miami Beach\",\"description\":\"The official website of the City of Miami Beach. Stay informed, find important information on city services, news, alerts, events, trolley routes, government employment and more.\",\"publisher\":{\"@id\":\"https:\\\/\\\/www.miamibeachfl.gov\\\/#organization\"},\"potentialAction\":[{\"@type\":\"SearchAction\",\"target\":{\"@type\":\"EntryPoint\",\"urlTemplate\":\"https:\\\/\\\/www.miamibeachfl.gov\\\/?s={search_term_string}\"},\"query-input\":{\"@type\":\"PropertyValueSpecification\",\"valueRequired\":true,\"valueName\":\"search_term_string\"}}],\"inLanguage\":\"es\"},{\"@type\":\"Organization\",\"@id\":\"https:\\\/\\\/www.miamibeachfl.gov\\\/#organization\",\"name\":\"City of Miami Beach\",\"url\":\"https:\\\/\\\/www.miamibeachfl.gov\\\/\",\"logo\":{\"@type\":\"ImageObject\",\"inLanguage\":\"es\",\"@id\":\"https:\\\/\\\/www.miamibeachfl.gov\\\/#\\\/schema\\\/logo\\\/image\\\/\",\"url\":\"https:\\\/\\\/www.miamibeachfl.gov\\\/wp-content\\\/uploads\\\/2022\\\/06\\\/miamibeach-logoblue.png\",\"contentUrl\":\"https:\\\/\\\/www.miamibeachfl.gov\\\/wp-content\\\/uploads\\\/2022\\\/06\\\/miamibeach-logoblue.png\",\"width\":1962,\"height\":381,\"caption\":\"City of Miami Beach\"},\"image\":{\"@id\":\"https:\\\/\\\/www.miamibeachfl.gov\\\/#\\\/schema\\\/logo\\\/image\\\/\"},\"sameAs\":[\"https:\\\/\\\/www.facebook.com\\\/cityofmiamibeach\",\"https:\\\/\\\/x.com\\\/Miamibeachnews\",\"https:\\\/\\\/www.instagram.com\\\/miamibeachnews\\\/\"],\"description\":\"The official website of the City of Miami Beach. Stay informed, find important information on city services, news, alerts, events, trolley routes, government employment and more.\",\"telephone\":\"305.604.CITY(2489)\",\"legalName\":\"City of Miami Beach\"}]}<\/script>\n<!-- \/ Yoast SEO Premium plugin. -->","yoast_head_json":{"title":"Alcalde Steven Meiner - Ciudad de Miami Beach","description":"Dan Gelber es el 38.\u00ba alcalde de Miami Beach. Becario Truman de Estados Unidos en la universidad y la facultad de derecho, Dan se desempe\u00f1\u00f3 como fiscal federal condecorado en el sur de Florida. Posteriormente, el exsenador Sam Nunn lo design\u00f3 para dirigir el prestigioso Subcomit\u00e9 Permanente de Investigaciones del Senado de Estados Unidos, donde dirigi\u00f3 investigaciones sobre fraude, despilfarro y abuso en el gobierno, as\u00ed como contraterrorismo.\u00a0","robots":{"index":"index","follow":"follow","max-snippet":"max-snippet:-1","max-image-preview":"max-image-preview:large","max-video-preview":"max-video-preview:-1"},"canonical":"https:\/\/www.miamibeachfl.gov\/es\/egovapp\/mayor-and-commissioners\/mayor-steven-meiner\/","og_locale":"es_ES","og_type":"article","og_title":"Mayor Steven Meiner","og_description":"Dan Gelber is the 38th\u00a0Mayor of Miami Beach. A U.S. Truman Scholar in college and law school, Dan served as a decorated federal prosecutor in South Florida. He was subsequently appointed by former Senator Sam Nunn to direct the U.S. Senate's prestigious Permanent Subcommittee on Investigations where he led investigations into fraud, waste and abuse in government and counterterrorism.\u00a0","og_url":"https:\/\/www.miamibeachfl.gov\/es\/egovapp\/mayor-and-commissioners\/mayor-steven-meiner\/","og_site_name":"City of Miami Beach","article_publisher":"https:\/\/www.facebook.com\/cityofmiamibeach","article_modified_time":"2025-06-07T20:29:08+00:00","og_image":[{"width":249,"height":250,"url":"https:\/\/www.miamibeachfl.gov\/wp-content\/uploads\/2023\/07\/MayorDanGelber.png","type":"image\/png"}],"twitter_card":"summary_large_image","twitter_site":"@Miamibeachnews","schema":{"@context":"https:\/\/schema.org","@graph":[{"@type":"WebPage","@id":"https:\/\/www.miamibeachfl.gov\/egovapp\/mayor-and-commissioners\/mayor-steven-meiner\/","url":"https:\/\/www.miamibeachfl.gov\/egovapp\/mayor-and-commissioners\/mayor-steven-meiner\/","name":"Alcalde Steven Meiner - Ciudad de Miami Beach","isPartOf":{"@id":"https:\/\/www.miamibeachfl.gov\/#website"},"primaryImageOfPage":{"@id":"https:\/\/www.miamibeachfl.gov\/egovapp\/mayor-and-commissioners\/mayor-steven-meiner\/#primaryimage"},"image":{"@id":"https:\/\/www.miamibeachfl.gov\/egovapp\/mayor-and-commissioners\/mayor-steven-meiner\/#primaryimage"},"thumbnailUrl":"https:\/\/www.miamibeachfl.gov\/wp-content\/uploads\/2023\/07\/MayorDanGelber.png","datePublished":"2023-07-19T15:56:55+00:00","dateModified":"2025-06-07T20:29:08+00:00","description":"Dan Gelber es el 38.\u00ba alcalde de Miami Beach. Becario Truman de Estados Unidos en la universidad y la facultad de derecho, Dan se desempe\u00f1\u00f3 como fiscal federal condecorado en el sur de Florida. Posteriormente, el exsenador Sam Nunn lo design\u00f3 para dirigir el prestigioso Subcomit\u00e9 Permanente de Investigaciones del Senado de Estados Unidos, donde dirigi\u00f3 investigaciones sobre fraude, despilfarro y abuso en el gobierno, as\u00ed como contraterrorismo.\u00a0","breadcrumb":{"@id":"https:\/\/www.miamibeachfl.gov\/egovapp\/mayor-and-commissioners\/mayor-steven-meiner\/#breadcrumb"},"inLanguage":"es","potentialAction":[{"@type":"ReadAction","target":["https:\/\/www.miamibeachfl.gov\/egovapp\/mayor-and-commissioners\/mayor-steven-meiner\/"]}]},{"@type":"ImageObject","inLanguage":"es","@id":"https:\/\/www.miamibeachfl.gov\/egovapp\/mayor-and-commissioners\/mayor-steven-meiner\/#primaryimage","url":"https:\/\/www.miamibeachfl.gov\/wp-content\/uploads\/2023\/07\/MayorDanGelber.png","contentUrl":"https:\/\/www.miamibeachfl.gov\/wp-content\/uploads\/2023\/07\/MayorDanGelber.png","width":249,"height":250,"caption":"Mayor Dan Gelber"},{"@type":"BreadcrumbList","@id":"https:\/\/www.miamibeachfl.gov\/egovapp\/mayor-and-commissioners\/mayor-steven-meiner\/#breadcrumb","itemListElement":[{"@type":"ListItem","position":1,"name":"Home","item":"https:\/\/www.miamibeachfl.gov\/"},{"@type":"ListItem","position":2,"name":"MobileAppPages","item":"https:\/\/www.miamibeachfl.gov\/egovapp\/"},{"@type":"ListItem","position":3,"name":"Mayor and Commissioners","item":"https:\/\/www.miamibeachfl.gov\/egovapp\/mayor-and-commissioners\/"},{"@type":"ListItem","position":4,"name":"Mayor Steven Meiner"}]},{"@type":"WebSite","@id":"https:\/\/www.miamibeachfl.gov\/#website","url":"https:\/\/www.miamibeachfl.gov\/","name":"Ciudad de Miami Beach","description":"Sitio web oficial de la Ciudad de Miami Beach. Mant\u00e9ngase informado, encuentre informaci\u00f3n importante sobre servicios municipales, noticias, alertas, eventos, rutas de tranv\u00edas, empleos gubernamentales y m\u00e1s.","publisher":{"@id":"https:\/\/www.miamibeachfl.gov\/#organization"},"potentialAction":[{"@type":"SearchAction","target":{"@type":"EntryPoint","urlTemplate":"https:\/\/www.miamibeachfl.gov\/?s={search_term_string}"},"query-input":{"@type":"PropertyValueSpecification","valueRequired":true,"valueName":"search_term_string"}}],"inLanguage":"es"},{"@type":"Organization","@id":"https:\/\/www.miamibeachfl.gov\/#organization","name":"Ciudad de Miami Beach","url":"https:\/\/www.miamibeachfl.gov\/","logo":{"@type":"ImageObject","inLanguage":"es","@id":"https:\/\/www.miamibeachfl.gov\/#\/schema\/logo\/image\/","url":"https:\/\/www.miamibeachfl.gov\/wp-content\/uploads\/2022\/06\/miamibeach-logoblue.png","contentUrl":"https:\/\/www.miamibeachfl.gov\/wp-content\/uploads\/2022\/06\/miamibeach-logoblue.png","width":1962,"height":381,"caption":"City of Miami Beach"},"image":{"@id":"https:\/\/www.miamibeachfl.gov\/#\/schema\/logo\/image\/"},"sameAs":["https:\/\/www.facebook.com\/cityofmiamibeach","https:\/\/x.com\/Miamibeachnews","https:\/\/www.instagram.com\/miamibeachnews\/"],"description":"Sitio web oficial de la Ciudad de Miami Beach. Mant\u00e9ngase informado, encuentre informaci\u00f3n importante sobre servicios municipales, noticias, alertas, eventos, rutas de tranv\u00edas, empleos gubernamentales y m\u00e1s.","telephone":"305.604.CITY(2489)","legalName":"City of Miami Beach"}]}},"_links":{"self":[{"href":"https:\/\/www.miamibeachfl.gov\/es\/wp-json\/wp\/v2\/pages\/265422","targetHints":{"allow":["GET"]}}],"collection":[{"href":"https:\/\/www.miamibeachfl.gov\/es\/wp-json\/wp\/v2\/pages"}],"about":[{"href":"https:\/\/www.miamibeachfl.gov\/es\/wp-json\/wp\/v2\/types\/page"}],"author":[{"embeddable":true,"href":"https:\/\/www.miamibeachfl.gov\/es\/wp-json\/wp\/v2\/users\/222"}],"replies":[{"embeddable":true,"href":"https:\/\/www.miamibeachfl.gov\/es\/wp-json\/wp\/v2\/comments?post=265422"}],"version-history":[{"count":0,"href":"https:\/\/www.miamibeachfl.gov\/es\/wp-json\/wp\/v2\/pages\/265422\/revisions"}],"up":[{"embeddable":true,"href":"https:\/\/www.miamibeachfl.gov\/es\/wp-json\/wp\/v2\/pages\/265385"}],"wp:featuredmedia":[{"embeddable":true,"href":"https:\/\/www.miamibeachfl.gov\/es\/wp-json\/wp\/v2\/media\/265315"}],"wp:attachment":[{"href":"https:\/\/www.miamibeachfl.gov\/es\/wp-json\/wp\/v2\/media?parent=265422"}],"wp:term":[{"taxonomy":"category","embeddable":true,"href":"https:\/\/www.miamibeachfl.gov\/es\/wp-json\/wp\/v2\/categories?post=265422"},{"taxonomy":"post_tag","embeddable":true,"href":"https:\/\/www.miamibeachfl.gov\/es\/wp-json\/wp\/v2\/tags?post=265422"}],"curies":[{"name":"gracias","href":"https:\/\/api.w.org\/{rel}","templated":true}]}}