{"id":265444,"date":"2023-07-19T13:25:00","date_gmt":"2023-07-19T17:25:00","guid":{"rendered":"https:\/\/www.miamibeachfl.gov\/?page_id=265444"},"modified":"2025-06-07T16:24:03","modified_gmt":"2025-06-07T20:24:03","slug":"commissioner-alex-fernandez","status":"publish","type":"page","link":"https:\/\/www.miamibeachfl.gov\/es\/egovapp\/mayor-and-commissioners\/commissioner-alex-fernandez\/","title":{"rendered":"Alex Fern\u00e1ndez <br><span style=\"font-size:18px\">Grupo 3<\/span>"},"content":{"rendered":"<p><a href=\"https:\/\/www.miamibeachfl.gov\/es\/egovapp\/mayor-and-commissioners\/\" target=\"_self\" rel=\"noopener\"> Regreso al Alcalde y la Comisi\u00f3n <\/a> <img decoding=\"async\" title=\"Alex Fern\u00e1ndez\" src=\"https:\/\/www.miamibeachfl.gov\/wp-content\/uploads\/bb-plugin\/cache\/AlexFernandez-circle.png\" alt=\"AlexFernandez\" \/><\/p>\r\n<h1>Alex J. Fern\u00e1ndez<\/h1>\r\n<h2>Notario<\/h2>\r\n<ul>\r\n<li>\r\n<h3>Alex@miamibeachfl.gov<\/h3>\r\n<\/li>\r\n<li>\r\n<h3>305.673.7106<\/h3>\r\n<\/li>\r\n<\/ul>\r\n<ul>\r\n<li>\r\n<h3>Grupo 3<\/h3>\r\n<\/li>\r\n<li>\r\n<h3>Asistente de la Comisi\u00f3n:<\/h3>\r\n<p>M\u00f3nica Salinas<\/p>\r\n<\/li>\r\n<li>\r\n<h3>MonicaSalinas@miamibeachfl.gov<\/h3>\r\n<\/li>\r\n<li>\r\n<h3>305.673.7000 Ext: 26083<\/h3>\r\n<\/li>\r\n<\/ul>\r\n<p><a href=\"https:\/\/www.miamibeachfl.gov\/wp-content\/uploads\/2025\/01\/2024-Legislative-Recap-Commissioner-Alex-Fernandez.pdf\" target=\"_blank\" rel=\"noopener\"> <img loading=\"lazy\" decoding=\"async\" title=\"Resumen legislativo de 2024 Comisionado Alex Fern\u00e1ndez\" src=\"https:\/\/www.miamibeachfl.gov\/wp-content\/uploads\/2023\/07\/2024-Legislative-Recap-Commissioner-Alex-Fernandez.jpg\" alt=\"Alex Fernandez Legislative Recap Download pdf\" width=\"300\" height=\"448\" \/> <\/a><\/p>\r\n<h2><a title=\"DESCARGAR DOCUMENTO\" href=\"https:\/\/www.miamibeachfl.gov\/wp-content\/uploads\/2025\/01\/2024-Legislative-Recap-Commissioner-Alex-Fernandez.pdf\" target=\"_blank\" rel=\"noopener\"> DESCARGAR DOCUMENTO <\/a><\/h2>\r\n<p>Alex J. Fern\u00e1ndez es un estadounidense de primera generaci\u00f3n, hijo de exiliados cubanos, que lleg\u00f3 a Estados Unidos en busca de una vida mejor y de la libertad frente a la opresi\u00f3n. Desde peque\u00f1os, sus padres, Jos\u00e9 y Mayra, les inculcaron a \u00e9l y a su hermano mayor, Jorge, la responsabilidad de retribuir y el deber de servir a los dem\u00e1s, especialmente a quienes sufren pobreza, indigencia y adicciones.<\/p>\r\n<p>Alex es un apasionado del servicio p\u00fablico y cuenta con dos d\u00e9cadas de experiencia gubernamental y legislativa. Antes de ser elegido con casi el 60% de los votos, Alex desarroll\u00f3 una larga trayectoria de compromiso c\u00edvico. Fue miembro de la Junta de Planificaci\u00f3n de Miami Beach y del Grupo de Trabajo para la Revisi\u00f3n de la Carta Constitucional, y presidente del Comit\u00e9 de Relaciones Ciudadanas y de la Polic\u00eda de Miami Beach, as\u00ed como del Comit\u00e9 de Asuntos Hispanos. En su \u00e1mbito profesional, Alex tambi\u00e9n ha trabajado en las oficinas de varios comisionados del Condado de Miami-Dade, entre ellos la Honorable Rebeca Sosa, as\u00ed como el exalcalde de Miami Beach, el Honorable Matti Herrera Bower, y la excomisionada de Miami Beach, la Honorable Deede Weithorn.<\/p>\r\n<p>Alex reside en Mid Beach con su pareja de 15 a\u00f1os, Robert Wolfarth, quien tambi\u00e9n participa en la vida c\u00edvica. Robert y Alex se casaron en 2015 en una ceremonia oficiada por la representante Debbie Wasserman Schultz en Washington, D.C., pocos d\u00edas antes del hist\u00f3rico fallo Obergefell v. Hodges de la Corte Suprema, que legaliz\u00f3 el matrimonio igualitario. Juntos, disfrutan restaurando casas hist\u00f3ricas en su tiempo libre y han hecho del servicio p\u00fablico una parte fundamental de su vida.<\/p>\r\n<p>Alex Fern\u00e1ndez fue elegido para la Comisi\u00f3n de la Ciudad de Miami Beach en el Grupo 3 el 16 de noviembre de 2021.<\/p>","protected":false},"excerpt":{"rendered":"<p>Regresar al Alcalde y la Comisi\u00f3n Alex J. Fernandez Comisionado Alex@miamibeachfl.gov 305.673.7106 Asistente de la Comisi\u00f3n del Grupo 3: Monica Salinas MonicaSalinas@miamibeachfl.gov 305.673.7000 Ext: [\u2026]<\/p>","protected":false},"author":222,"featured_media":265351,"parent":265385,"menu_order":10,"comment_status":"closed","ping_status":"closed","template":"","meta":{"_searchwp_excluded":"1","site-sidebar-layout":"default","site-content-layout":"","ast-site-content-layout":"","site-content-style":"default","site-sidebar-style":"default","ast-global-header-display":"disabled","ast-banner-title-visibility":"","ast-main-header-display":"","ast-hfb-above-header-display":"","ast-hfb-below-header-display":"","ast-hfb-mobile-header-display":"","site-post-title":"","ast-breadcrumbs-content":"","ast-featured-img":"","footer-sml-layout":"disabled","theme-transparent-header-meta":"","adv-header-id-meta":"","stick-header-meta":"","header-above-stick-meta":"","header-main-stick-meta":"","header-below-stick-meta":"","astra-migrate-meta-layouts":"default","ast-page-background-enabled":"default","ast-page-background-meta":{"desktop":{"background-color":"var(--ast-global-color-5)","background-image":"","background-repeat":"repeat","background-position":"center center","background-size":"auto","background-attachment":"scroll","background-type":"","background-media":"","overlay-type":"","overlay-color":"","overlay-opacity":"","overlay-gradient":""},"tablet":{"background-color":"","background-image":"","background-repeat":"repeat","background-position":"center center","background-size":"auto","background-attachment":"scroll","background-type":"","background-media":"","overlay-type":"","overlay-color":"","overlay-opacity":"","overlay-gradient":""},"mobile":{"background-color":"","background-image":"","background-repeat":"repeat","background-position":"center center","background-size":"auto","background-attachment":"scroll","background-type":"","background-media":"","overlay-type":"","overlay-color":"","overlay-opacity":"","overlay-gradient":""}},"ast-content-background-meta":{"desktop":{"background-color":"var(--ast-global-color-4)","background-image":"","background-repeat":"repeat","background-position":"center center","background-size":"auto","background-attachment":"scroll","background-type":"","background-media":"","overlay-type":"","overlay-color":"","overlay-opacity":"","overlay-gradient":""},"tablet":{"background-color":"var(--ast-global-color-4)","background-image":"","background-repeat":"repeat","background-position":"center center","background-size":"auto","background-attachment":"scroll","background-type":"","background-media":"","overlay-type":"","overlay-color":"","overlay-opacity":"","overlay-gradient":""},"mobile":{"background-color":"var(--ast-global-color-4)","background-image":"","background-repeat":"repeat","background-position":"center center","background-size":"auto","background-attachment":"scroll","background-type":"","background-media":"","overlay-type":"","overlay-color":"","overlay-opacity":"","overlay-gradient":""}},"footnotes":""},"categories":[],"tags":[996,1002,994],"class_list":["post-265444","page","type-page","status-publish","has-post-thumbnail","hentry","tag-alex-fernandez-egovapp","tag-app-egov-page","tag-egovapp-commissioners"],"yoast_head":"<!-- This site is optimized with the Yoast SEO Premium plugin v26.6 (Yoast SEO v26.6) - https:\/\/yoast.com\/wordpress\/plugins\/seo\/ -->\n<title>Alex Fernandez Group 3 - City of Miami Beach<\/title>\n<meta name=\"description\" content=\"Alex J. Fernandez is a first-generation American born to Cuban exiles who came to the United States seeking a better life and freedom from oppression. Since an early age his parents, Jose and Mayra, instilled in him and his older brother, Jorge, the responsibility of giving back and the duty to serve others - especially to those suffering from poverty, homelessness, and addictions.\" \/>\n<meta name=\"robots\" content=\"index, follow, max-snippet:-1, max-image-preview:large, max-video-preview:-1\" \/>\n<link rel=\"canonical\" href=\"https:\/\/www.miamibeachfl.gov\/es\/egovapp\/mayor-and-commissioners\/commissioner-alex-fernandez\/\" \/>\n<meta property=\"og:locale\" content=\"es_ES\" \/>\n<meta property=\"og:type\" content=\"article\" \/>\n<meta property=\"og:title\" content=\"Alex Fernandez Group 3\" \/>\n<meta property=\"og:description\" content=\"Alex J. Fernandez is a first-generation American born to Cuban exiles who came to the United States seeking a better life and freedom from oppression. Since an early age his parents, Jose and Mayra, instilled in him and his older brother, Jorge, the responsibility of giving back and the duty to serve others - especially to those suffering from poverty, homelessness, and addictions.\" \/>\n<meta property=\"og:url\" content=\"https:\/\/www.miamibeachfl.gov\/es\/egovapp\/mayor-and-commissioners\/commissioner-alex-fernandez\/\" \/>\n<meta property=\"og:site_name\" content=\"City of Miami Beach\" \/>\n<meta property=\"article:publisher\" content=\"https:\/\/www.facebook.com\/cityofmiamibeach\" \/>\n<meta property=\"article:modified_time\" content=\"2025-06-07T20:24:03+00:00\" \/>\n<meta property=\"og:image\" content=\"https:\/\/www.miamibeachfl.gov\/wp-content\/uploads\/2023\/07\/AlexFernandez.png\" \/>\n\t<meta property=\"og:image:width\" content=\"249\" \/>\n\t<meta property=\"og:image:height\" content=\"250\" \/>\n\t<meta property=\"og:image:type\" content=\"image\/png\" \/>\n<meta name=\"twitter:card\" content=\"summary_large_image\" \/>\n<meta name=\"twitter:site\" content=\"@Miamibeachnews\" \/>\n<script type=\"application\/ld+json\" class=\"yoast-schema-graph\">{\"@context\":\"https:\/\/schema.org\",\"@graph\":[{\"@type\":\"WebPage\",\"@id\":\"https:\/\/www.miamibeachfl.gov\/egovapp\/mayor-and-commissioners\/commissioner-alex-fernandez\/\",\"url\":\"https:\/\/www.miamibeachfl.gov\/egovapp\/mayor-and-commissioners\/commissioner-alex-fernandez\/\",\"name\":\"Alex Fernandez Group 3 - City of Miami Beach\",\"isPartOf\":{\"@id\":\"https:\/\/www.miamibeachfl.gov\/#website\"},\"primaryImageOfPage\":{\"@id\":\"https:\/\/www.miamibeachfl.gov\/egovapp\/mayor-and-commissioners\/commissioner-alex-fernandez\/#primaryimage\"},\"image\":{\"@id\":\"https:\/\/www.miamibeachfl.gov\/egovapp\/mayor-and-commissioners\/commissioner-alex-fernandez\/#primaryimage\"},\"thumbnailUrl\":\"https:\/\/www.miamibeachfl.gov\/wp-content\/uploads\/2023\/07\/AlexFernandez.png\",\"datePublished\":\"2023-07-19T17:25:00+00:00\",\"dateModified\":\"2025-06-07T20:24:03+00:00\",\"description\":\"Alex J. Fernandez is a first-generation American born to Cuban exiles who came to the United States seeking a better life and freedom from oppression. Since an early age his parents, Jose and Mayra, instilled in him and his older brother, Jorge, the responsibility of giving back and the duty to serve others - especially to those suffering from poverty, homelessness, and addictions.\",\"breadcrumb\":{\"@id\":\"https:\/\/www.miamibeachfl.gov\/egovapp\/mayor-and-commissioners\/commissioner-alex-fernandez\/#breadcrumb\"},\"inLanguage\":\"es\",\"potentialAction\":[{\"@type\":\"ReadAction\",\"target\":[\"https:\/\/www.miamibeachfl.gov\/egovapp\/mayor-and-commissioners\/commissioner-alex-fernandez\/\"]}]},{\"@type\":\"ImageObject\",\"inLanguage\":\"es\",\"@id\":\"https:\/\/www.miamibeachfl.gov\/egovapp\/mayor-and-commissioners\/commissioner-alex-fernandez\/#primaryimage\",\"url\":\"https:\/\/www.miamibeachfl.gov\/wp-content\/uploads\/2023\/07\/AlexFernandez.png\",\"contentUrl\":\"https:\/\/www.miamibeachfl.gov\/wp-content\/uploads\/2023\/07\/AlexFernandez.png\",\"width\":249,\"height\":250,\"caption\":\"Commissioner Alex Fernandez\"},{\"@type\":\"BreadcrumbList\",\"@id\":\"https:\/\/www.miamibeachfl.gov\/egovapp\/mayor-and-commissioners\/commissioner-alex-fernandez\/#breadcrumb\",\"itemListElement\":[{\"@type\":\"ListItem\",\"position\":1,\"name\":\"Home\",\"item\":\"https:\/\/www.miamibeachfl.gov\/\"},{\"@type\":\"ListItem\",\"position\":2,\"name\":\"MobileAppPages\",\"item\":\"https:\/\/www.miamibeachfl.gov\/egovapp\/\"},{\"@type\":\"ListItem\",\"position\":3,\"name\":\"Mayor and Commissioners\",\"item\":\"https:\/\/www.miamibeachfl.gov\/egovapp\/mayor-and-commissioners\/\"},{\"@type\":\"ListItem\",\"position\":4,\"name\":\"Alex Fernandez Group 3\"}]},{\"@type\":\"WebSite\",\"@id\":\"https:\/\/www.miamibeachfl.gov\/#website\",\"url\":\"https:\/\/www.miamibeachfl.gov\/\",\"name\":\"City of Miami Beach\",\"description\":\"The official website of the City of Miami Beach. Stay informed, find important information on city services, news, alerts, events, trolley routes, government employment and more.\",\"publisher\":{\"@id\":\"https:\/\/www.miamibeachfl.gov\/#organization\"},\"potentialAction\":[{\"@type\":\"SearchAction\",\"target\":{\"@type\":\"EntryPoint\",\"urlTemplate\":\"https:\/\/www.miamibeachfl.gov\/?s={search_term_string}\"},\"query-input\":{\"@type\":\"PropertyValueSpecification\",\"valueRequired\":true,\"valueName\":\"search_term_string\"}}],\"inLanguage\":\"es\"},{\"@type\":\"Organization\",\"@id\":\"https:\/\/www.miamibeachfl.gov\/#organization\",\"name\":\"City of Miami Beach\",\"url\":\"https:\/\/www.miamibeachfl.gov\/\",\"logo\":{\"@type\":\"ImageObject\",\"inLanguage\":\"es\",\"@id\":\"https:\/\/www.miamibeachfl.gov\/#\/schema\/logo\/image\/\",\"url\":\"https:\/\/www.miamibeachfl.gov\/wp-content\/uploads\/2022\/06\/miamibeach-logoblue.png\",\"contentUrl\":\"https:\/\/www.miamibeachfl.gov\/wp-content\/uploads\/2022\/06\/miamibeach-logoblue.png\",\"width\":1962,\"height\":381,\"caption\":\"City of Miami Beach\"},\"image\":{\"@id\":\"https:\/\/www.miamibeachfl.gov\/#\/schema\/logo\/image\/\"},\"sameAs\":[\"https:\/\/www.facebook.com\/cityofmiamibeach\",\"https:\/\/x.com\/Miamibeachnews\",\"https:\/\/www.instagram.com\/miamibeachnews\/\"],\"description\":\"The official website of the City of Miami Beach. Stay informed, find important information on city services, news, alerts, events, trolley routes, government employment and more.\",\"telephone\":\"305.604.CITY(2489)\",\"legalName\":\"City of Miami Beach\"}]}<\/script>\n<!-- \/ Yoast SEO Premium plugin. -->","yoast_head_json":{"title":"Alex Fern\u00e1ndez Grupo 3 - Ciudad de Miami Beach","description":"Alex J. Fern\u00e1ndez es un estadounidense de primera generaci\u00f3n, hijo de exiliados cubanos, que lleg\u00f3 a Estados Unidos en busca de una vida mejor y de la libertad frente a la opresi\u00f3n. Desde peque\u00f1os, sus padres, Jos\u00e9 y Mayra, les inculcaron a \u00e9l y a su hermano mayor, Jorge, la responsabilidad de retribuir y el deber de servir a los dem\u00e1s, especialmente a quienes sufren pobreza, indigencia y adicciones.","robots":{"index":"index","follow":"follow","max-snippet":"max-snippet:-1","max-image-preview":"max-image-preview:large","max-video-preview":"max-video-preview:-1"},"canonical":"https:\/\/www.miamibeachfl.gov\/es\/egovapp\/mayor-and-commissioners\/commissioner-alex-fernandez\/","og_locale":"es_ES","og_type":"article","og_title":"Alex Fernandez Group 3","og_description":"Alex J. Fernandez is a first-generation American born to Cuban exiles who came to the United States seeking a better life and freedom from oppression. Since an early age his parents, Jose and Mayra, instilled in him and his older brother, Jorge, the responsibility of giving back and the duty to serve others - especially to those suffering from poverty, homelessness, and addictions.","og_url":"https:\/\/www.miamibeachfl.gov\/es\/egovapp\/mayor-and-commissioners\/commissioner-alex-fernandez\/","og_site_name":"City of Miami Beach","article_publisher":"https:\/\/www.facebook.com\/cityofmiamibeach","article_modified_time":"2025-06-07T20:24:03+00:00","og_image":[{"width":249,"height":250,"url":"https:\/\/www.miamibeachfl.gov\/wp-content\/uploads\/2023\/07\/AlexFernandez.png","type":"image\/png"}],"twitter_card":"summary_large_image","twitter_site":"@Miamibeachnews","schema":{"@context":"https:\/\/schema.org","@graph":[{"@type":"WebPage","@id":"https:\/\/www.miamibeachfl.gov\/egovapp\/mayor-and-commissioners\/commissioner-alex-fernandez\/","url":"https:\/\/www.miamibeachfl.gov\/egovapp\/mayor-and-commissioners\/commissioner-alex-fernandez\/","name":"Alex Fern\u00e1ndez Grupo 3 - Ciudad de Miami Beach","isPartOf":{"@id":"https:\/\/www.miamibeachfl.gov\/#website"},"primaryImageOfPage":{"@id":"https:\/\/www.miamibeachfl.gov\/egovapp\/mayor-and-commissioners\/commissioner-alex-fernandez\/#primaryimage"},"image":{"@id":"https:\/\/www.miamibeachfl.gov\/egovapp\/mayor-and-commissioners\/commissioner-alex-fernandez\/#primaryimage"},"thumbnailUrl":"https:\/\/www.miamibeachfl.gov\/wp-content\/uploads\/2023\/07\/AlexFernandez.png","datePublished":"2023-07-19T17:25:00+00:00","dateModified":"2025-06-07T20:24:03+00:00","description":"Alex J. Fern\u00e1ndez es un estadounidense de primera generaci\u00f3n, hijo de exiliados cubanos, que lleg\u00f3 a Estados Unidos en busca de una vida mejor y de la libertad frente a la opresi\u00f3n. Desde peque\u00f1os, sus padres, Jos\u00e9 y Mayra, les inculcaron a \u00e9l y a su hermano mayor, Jorge, la responsabilidad de retribuir y el deber de servir a los dem\u00e1s, especialmente a quienes sufren pobreza, indigencia y adicciones.","breadcrumb":{"@id":"https:\/\/www.miamibeachfl.gov\/egovapp\/mayor-and-commissioners\/commissioner-alex-fernandez\/#breadcrumb"},"inLanguage":"es","potentialAction":[{"@type":"ReadAction","target":["https:\/\/www.miamibeachfl.gov\/egovapp\/mayor-and-commissioners\/commissioner-alex-fernandez\/"]}]},{"@type":"ImageObject","inLanguage":"es","@id":"https:\/\/www.miamibeachfl.gov\/egovapp\/mayor-and-commissioners\/commissioner-alex-fernandez\/#primaryimage","url":"https:\/\/www.miamibeachfl.gov\/wp-content\/uploads\/2023\/07\/AlexFernandez.png","contentUrl":"https:\/\/www.miamibeachfl.gov\/wp-content\/uploads\/2023\/07\/AlexFernandez.png","width":249,"height":250,"caption":"Commissioner Alex Fernandez"},{"@type":"BreadcrumbList","@id":"https:\/\/www.miamibeachfl.gov\/egovapp\/mayor-and-commissioners\/commissioner-alex-fernandez\/#breadcrumb","itemListElement":[{"@type":"ListItem","position":1,"name":"Home","item":"https:\/\/www.miamibeachfl.gov\/"},{"@type":"ListItem","position":2,"name":"MobileAppPages","item":"https:\/\/www.miamibeachfl.gov\/egovapp\/"},{"@type":"ListItem","position":3,"name":"Mayor and Commissioners","item":"https:\/\/www.miamibeachfl.gov\/egovapp\/mayor-and-commissioners\/"},{"@type":"ListItem","position":4,"name":"Alex Fernandez Group 3"}]},{"@type":"WebSite","@id":"https:\/\/www.miamibeachfl.gov\/#website","url":"https:\/\/www.miamibeachfl.gov\/","name":"Ciudad de Miami Beach","description":"Sitio web oficial de la Ciudad de Miami Beach. Mant\u00e9ngase informado, encuentre informaci\u00f3n importante sobre servicios municipales, noticias, alertas, eventos, rutas de tranv\u00edas, empleos gubernamentales y m\u00e1s.","publisher":{"@id":"https:\/\/www.miamibeachfl.gov\/#organization"},"potentialAction":[{"@type":"SearchAction","target":{"@type":"EntryPoint","urlTemplate":"https:\/\/www.miamibeachfl.gov\/?s={search_term_string}"},"query-input":{"@type":"PropertyValueSpecification","valueRequired":true,"valueName":"search_term_string"}}],"inLanguage":"es"},{"@type":"Organization","@id":"https:\/\/www.miamibeachfl.gov\/#organization","name":"Ciudad de Miami Beach","url":"https:\/\/www.miamibeachfl.gov\/","logo":{"@type":"ImageObject","inLanguage":"es","@id":"https:\/\/www.miamibeachfl.gov\/#\/schema\/logo\/image\/","url":"https:\/\/www.miamibeachfl.gov\/wp-content\/uploads\/2022\/06\/miamibeach-logoblue.png","contentUrl":"https:\/\/www.miamibeachfl.gov\/wp-content\/uploads\/2022\/06\/miamibeach-logoblue.png","width":1962,"height":381,"caption":"City of Miami Beach"},"image":{"@id":"https:\/\/www.miamibeachfl.gov\/#\/schema\/logo\/image\/"},"sameAs":["https:\/\/www.facebook.com\/cityofmiamibeach","https:\/\/x.com\/Miamibeachnews","https:\/\/www.instagram.com\/miamibeachnews\/"],"description":"Sitio web oficial de la Ciudad de Miami Beach. Mant\u00e9ngase informado, encuentre informaci\u00f3n importante sobre servicios municipales, noticias, alertas, eventos, rutas de tranv\u00edas, empleos gubernamentales y m\u00e1s.","telephone":"305.604.CITY(2489)","legalName":"City of Miami Beach"}]}},"_links":{"self":[{"href":"https:\/\/www.miamibeachfl.gov\/es\/wp-json\/wp\/v2\/pages\/265444","targetHints":{"allow":["GET"]}}],"collection":[{"href":"https:\/\/www.miamibeachfl.gov\/es\/wp-json\/wp\/v2\/pages"}],"about":[{"href":"https:\/\/www.miamibeachfl.gov\/es\/wp-json\/wp\/v2\/types\/page"}],"author":[{"embeddable":true,"href":"https:\/\/www.miamibeachfl.gov\/es\/wp-json\/wp\/v2\/users\/222"}],"replies":[{"embeddable":true,"href":"https:\/\/www.miamibeachfl.gov\/es\/wp-json\/wp\/v2\/comments?post=265444"}],"version-history":[{"count":0,"href":"https:\/\/www.miamibeachfl.gov\/es\/wp-json\/wp\/v2\/pages\/265444\/revisions"}],"up":[{"embeddable":true,"href":"https:\/\/www.miamibeachfl.gov\/es\/wp-json\/wp\/v2\/pages\/265385"}],"wp:featuredmedia":[{"embeddable":true,"href":"https:\/\/www.miamibeachfl.gov\/es\/wp-json\/wp\/v2\/media\/265351"}],"wp:attachment":[{"href":"https:\/\/www.miamibeachfl.gov\/es\/wp-json\/wp\/v2\/media?parent=265444"}],"wp:term":[{"taxonomy":"category","embeddable":true,"href":"https:\/\/www.miamibeachfl.gov\/es\/wp-json\/wp\/v2\/categories?post=265444"},{"taxonomy":"post_tag","embeddable":true,"href":"https:\/\/www.miamibeachfl.gov\/es\/wp-json\/wp\/v2\/tags?post=265444"}],"curies":[{"name":"gracias","href":"https:\/\/api.w.org\/{rel}","templated":true}]}}