{"id":265542,"date":"2023-07-20T08:37:06","date_gmt":"2023-07-20T12:37:06","guid":{"rendered":"https:\/\/www.miamibeachfl.gov\/?page_id=265542"},"modified":"2025-06-07T14:59:20","modified_gmt":"2025-06-07T18:59:20","slug":"capitalimprovementprojectsdepartment","status":"publish","type":"page","link":"https:\/\/www.miamibeachfl.gov\/es\/egovapp\/city-hall\/capitalimprovementprojectsdepartment\/","title":{"rendered":"Departamento de Proyectos de Mejoras de Capital"},"content":{"rendered":"<a href=\"https:\/\/www.miamibeachfl.gov\/es\/egovapp\/city-hall\/\" target=\"_self\">\n\t\t\t\t\t\tRegresar al directorio del departamento\n\t\t\t\t\t<\/a>\n<h1>\n\t\t\tProyectos de mejora de capital\t<\/h1>\n\t<ul>\n\t\t<li><a href=\"tel:305.673.7071\" target=\"_self\"  aria-label=\"Ir al tel\u00e9fono: 305.673.7071\">\t\t\t\t\n\t\t<h3>305.673.7071<\/h3><\/a><\/li><li>\t\t\t\t\n\t\t<h3>Horario de oficina:<\/h3><p>Lunes a viernes de 8:30 a. m. a 5 p. m.<\/p><\/li><li><a href=\"https:\/\/goo.gl\/maps\/duuaWWRtRf14WgPJA\" target=\"_blank\" rel=\"noopener\" aria-label=\"Vaya a https:\/\/goo.gl\/maps\/duuaWWRtRf14WgPJA\">\t\t\t\t\n\t\t<h3>Oficina central:<\/h3><p>1701 Avenida Meridian,<br \/>3er piso, <br \/>Miami Beach, FL 33139<\/p><\/a><\/li>\t<\/ul>\n\t\t\t<a href=\"https:\/\/www.miamibeachfl.gov\/es\/egovapp\/city-hall\/communicationsdepartment\/neighborhood-affairs-division\/active-projects\/\" target=\"_self\">\n\t\t\t\t\t\t\tMapa del proyecto de construcci\u00f3n para toda la ciudad\n\t\t\t<\/a>\n<h2>\n\t\t\tFondo\t<\/h2>\n\t<p>La Ciudad estableci\u00f3 la Oficina de Proyectos de Mejora de Capital (CIP) en el verano de 2001 para consolidar los esfuerzos de construcci\u00f3n de capital de la Ciudad en una sola entidad que servir\u00eda como punto focal para las actividades de planificaci\u00f3n y gesti\u00f3n del programa de construcci\u00f3n. El programa actual de la Oficina de CIP incluye inversiones sin precedentes en infraestructura de calidad de vida, incluyendo la priorizaci\u00f3n del aumento del nivel del mar con proyectos de mejora de aguas pluviales y derechos de paso (ROW), instalaciones de estacionamiento, proyectos de mejora de parques y proyectos de sostenibilidad y resiliencia. Estos proyectos son necesarios para mejorar, optimizar y mantener las instalaciones y la infraestructura para satisfacer las demandas de servicio de los residentes y visitantes de la Ciudad de Miami Beach. El Programa de Mejora de Capital se financia principalmente con bonos autorizados, incluyendo bonos de obligaci\u00f3n general, agua\/alcantarillado y aguas pluviales. Otras fuentes de financiaci\u00f3n pueden incluir subvenciones, impuestos tur\u00edsticos y bonos de estacionamiento. CIP est\u00e1 gestionando m\u00e1s de 60 proyectos activos en las fases de planificaci\u00f3n, dise\u00f1o y construcci\u00f3n. El objetivo de CIP es avanzar en la mayor\u00eda de estos proyectos hasta su finalizaci\u00f3n en los pr\u00f3ximos cinco a\u00f1os.<\/p>\n<p>El personal del CIP est\u00e1 compuesto por la alta direcci\u00f3n, gerentes de proyecto (con diferentes categor\u00edas de experiencia y responsabilidad), gerentes financieros, inspectores de campo y personal administrativo. A lo largo de los a\u00f1os, el departamento ha introducido m\u00e9todos nuevos e innovadores para la contrataci\u00f3n de contratistas y consultores. Los m\u00e9todos actuales de contrataci\u00f3n incluyen la contrataci\u00f3n por orden de trabajo, el dise\u00f1o-construcci\u00f3n, la gesti\u00f3n de la construcci\u00f3n a riesgo y el dise\u00f1o-licitaci\u00f3n-construcci\u00f3n. Estos m\u00e9todos han atra\u00eddo a nuevos contratistas y consultores a la Ciudad, ampliando as\u00ed la cartera actual de proveedores que construyen la infraestructura y las instalaciones de la Ciudad.<\/p>","protected":false},"excerpt":{"rendered":"<p>Back to Department Directory Capital Improvement Projects 305.673.7071 Office Hours: Monday &#8211; Friday 8:30AM &#8211; 5PM Main Office: 1701 Meridian [&hellip;]<\/p>\n","protected":false},"author":222,"featured_media":0,"parent":265532,"menu_order":0,"comment_status":"closed","ping_status":"closed","template":"","meta":{"_searchwp_excluded":"1","site-sidebar-layout":"default","site-content-layout":"","ast-site-content-layout":"","site-content-style":"default","site-sidebar-style":"default","ast-global-header-display":"disabled","ast-banner-title-visibility":"","ast-main-header-display":"","ast-hfb-above-header-display":"","ast-hfb-below-header-display":"","ast-hfb-mobile-header-display":"","site-post-title":"","ast-breadcrumbs-content":"","ast-featured-img":"","footer-sml-layout":"disabled","ast-disable-related-posts":"","theme-transparent-header-meta":"","adv-header-id-meta":"","stick-header-meta":"","header-above-stick-meta":"","header-main-stick-meta":"","header-below-stick-meta":"","astra-migrate-meta-layouts":"default","ast-page-background-enabled":"default","ast-page-background-meta":{"desktop":{"background-color":"var(--ast-global-color-5)","background-image":"","background-repeat":"repeat","background-position":"center center","background-size":"auto","background-attachment":"scroll","background-type":"","background-media":"","overlay-type":"","overlay-color":"","overlay-opacity":"","overlay-gradient":""},"tablet":{"background-color":"","background-image":"","background-repeat":"repeat","background-position":"center center","background-size":"auto","background-attachment":"scroll","background-type":"","background-media":"","overlay-type":"","overlay-color":"","overlay-opacity":"","overlay-gradient":""},"mobile":{"background-color":"","background-image":"","background-repeat":"repeat","background-position":"center center","background-size":"auto","background-attachment":"scroll","background-type":"","background-media":"","overlay-type":"","overlay-color":"","overlay-opacity":"","overlay-gradient":""}},"ast-content-background-meta":{"desktop":{"background-color":"var(--ast-global-color-4)","background-image":"","background-repeat":"repeat","background-position":"center center","background-size":"auto","background-attachment":"scroll","background-type":"","background-media":"","overlay-type":"","overlay-color":"","overlay-opacity":"","overlay-gradient":""},"tablet":{"background-color":"var(--ast-global-color-4)","background-image":"","background-repeat":"repeat","background-position":"center center","background-size":"auto","background-attachment":"scroll","background-type":"","background-media":"","overlay-type":"","overlay-color":"","overlay-opacity":"","overlay-gradient":""},"mobile":{"background-color":"var(--ast-global-color-4)","background-image":"","background-repeat":"repeat","background-position":"center center","background-size":"auto","background-attachment":"scroll","background-type":"","background-media":"","overlay-type":"","overlay-color":"","overlay-opacity":"","overlay-gradient":""}},"footnotes":""},"categories":[],"tags":[1002,1000],"class_list":["post-265542","page","type-page","status-publish","hentry","tag-app-egov-page","tag-cityhall-egovapp"],"yoast_head":"<!-- This site is optimized with the Yoast SEO Premium plugin v27.4 (Yoast SEO v27.4) - https:\/\/yoast.com\/product\/yoast-seo-premium-wordpress\/ -->\n<title>Capital Improvement Projects Department - City of Miami Beach<\/title>\n<meta name=\"description\" content=\"The City of Miami Beach Building Department supervises and regulates construction activities in Miami Beach.\" \/>\n<meta name=\"robots\" content=\"index, follow, max-snippet:-1, max-image-preview:large, max-video-preview:-1\" \/>\n<link rel=\"canonical\" href=\"https:\/\/www.miamibeachfl.gov\/es\/egovapp\/city-hall\/capitalimprovementprojectsdepartment\/\" \/>\n<meta property=\"og:locale\" content=\"es_ES\" \/>\n<meta property=\"og:type\" content=\"article\" \/>\n<meta property=\"og:title\" content=\"Capital Improvement Projects Department\" \/>\n<meta property=\"og:description\" content=\"The City of Miami Beach Building Department supervises and regulates construction activities in Miami Beach.\" \/>\n<meta property=\"og:url\" content=\"https:\/\/www.miamibeachfl.gov\/es\/egovapp\/city-hall\/capitalimprovementprojectsdepartment\/\" \/>\n<meta property=\"og:site_name\" content=\"City of Miami Beach\" \/>\n<meta property=\"article:publisher\" content=\"https:\/\/www.facebook.com\/cityofmiamibeach\" \/>\n<meta property=\"article:modified_time\" content=\"2025-06-07T18:59:20+00:00\" \/>\n<meta property=\"og:image\" content=\"https:\/\/www.miamibeachfl.gov\/wp-content\/uploads\/2024\/01\/1000pxSquare-miamibeach-aerial-southpointview.jpeg\" \/>\n\t<meta property=\"og:image:width\" content=\"1000\" \/>\n\t<meta property=\"og:image:height\" content=\"1000\" \/>\n\t<meta property=\"og:image:type\" content=\"image\/jpeg\" \/>\n<meta name=\"twitter:card\" content=\"summary_large_image\" \/>\n<meta name=\"twitter:site\" content=\"@Miamibeachnews\" \/>\n<script type=\"application\/ld+json\" class=\"yoast-schema-graph\">{\"@context\":\"https:\\\/\\\/schema.org\",\"@graph\":[{\"@type\":\"WebPage\",\"@id\":\"https:\\\/\\\/www.miamibeachfl.gov\\\/egovapp\\\/city-hall\\\/capitalimprovementprojectsdepartment\\\/\",\"url\":\"https:\\\/\\\/www.miamibeachfl.gov\\\/egovapp\\\/city-hall\\\/capitalimprovementprojectsdepartment\\\/\",\"name\":\"Capital Improvement Projects Department - City of Miami Beach\",\"isPartOf\":{\"@id\":\"https:\\\/\\\/www.miamibeachfl.gov\\\/#website\"},\"datePublished\":\"2023-07-20T12:37:06+00:00\",\"dateModified\":\"2025-06-07T18:59:20+00:00\",\"description\":\"The City of Miami Beach Building Department supervises and regulates construction activities in Miami Beach.\",\"breadcrumb\":{\"@id\":\"https:\\\/\\\/www.miamibeachfl.gov\\\/egovapp\\\/city-hall\\\/capitalimprovementprojectsdepartment\\\/#breadcrumb\"},\"inLanguage\":\"es\",\"potentialAction\":[{\"@type\":\"ReadAction\",\"target\":[\"https:\\\/\\\/www.miamibeachfl.gov\\\/egovapp\\\/city-hall\\\/capitalimprovementprojectsdepartment\\\/\"]}]},{\"@type\":\"BreadcrumbList\",\"@id\":\"https:\\\/\\\/www.miamibeachfl.gov\\\/egovapp\\\/city-hall\\\/capitalimprovementprojectsdepartment\\\/#breadcrumb\",\"itemListElement\":[{\"@type\":\"ListItem\",\"position\":1,\"name\":\"Home\",\"item\":\"https:\\\/\\\/www.miamibeachfl.gov\\\/\"},{\"@type\":\"ListItem\",\"position\":2,\"name\":\"MobileAppPages\",\"item\":\"https:\\\/\\\/www.miamibeachfl.gov\\\/egovapp\\\/\"},{\"@type\":\"ListItem\",\"position\":3,\"name\":\"City Hall Department Directory\",\"item\":\"https:\\\/\\\/www.miamibeachfl.gov\\\/egovapp\\\/city-hall\\\/\"},{\"@type\":\"ListItem\",\"position\":4,\"name\":\"Capital Improvement Projects Department\"}]},{\"@type\":\"WebSite\",\"@id\":\"https:\\\/\\\/www.miamibeachfl.gov\\\/#website\",\"url\":\"https:\\\/\\\/www.miamibeachfl.gov\\\/\",\"name\":\"City of Miami Beach\",\"description\":\"The official website of the City of Miami Beach. Stay informed, find important information on city services, news, alerts, events, trolley routes, government employment and more.\",\"publisher\":{\"@id\":\"https:\\\/\\\/www.miamibeachfl.gov\\\/#organization\"},\"potentialAction\":[{\"@type\":\"SearchAction\",\"target\":{\"@type\":\"EntryPoint\",\"urlTemplate\":\"https:\\\/\\\/www.miamibeachfl.gov\\\/?s={search_term_string}\"},\"query-input\":{\"@type\":\"PropertyValueSpecification\",\"valueRequired\":true,\"valueName\":\"search_term_string\"}}],\"inLanguage\":\"es\"},{\"@type\":\"Organization\",\"@id\":\"https:\\\/\\\/www.miamibeachfl.gov\\\/#organization\",\"name\":\"City of Miami Beach\",\"url\":\"https:\\\/\\\/www.miamibeachfl.gov\\\/\",\"logo\":{\"@type\":\"ImageObject\",\"inLanguage\":\"es\",\"@id\":\"https:\\\/\\\/www.miamibeachfl.gov\\\/#\\\/schema\\\/logo\\\/image\\\/\",\"url\":\"https:\\\/\\\/www.miamibeachfl.gov\\\/wp-content\\\/uploads\\\/2022\\\/06\\\/miamibeach-logoblue.png\",\"contentUrl\":\"https:\\\/\\\/www.miamibeachfl.gov\\\/wp-content\\\/uploads\\\/2022\\\/06\\\/miamibeach-logoblue.png\",\"width\":1962,\"height\":381,\"caption\":\"City of Miami Beach\"},\"image\":{\"@id\":\"https:\\\/\\\/www.miamibeachfl.gov\\\/#\\\/schema\\\/logo\\\/image\\\/\"},\"sameAs\":[\"https:\\\/\\\/www.facebook.com\\\/cityofmiamibeach\",\"https:\\\/\\\/x.com\\\/Miamibeachnews\",\"https:\\\/\\\/www.instagram.com\\\/miamibeachnews\\\/\"],\"description\":\"The official website of the City of Miami Beach. Stay informed, find important information on city services, news, alerts, events, trolley routes, government employment and more.\",\"telephone\":\"305.604.CITY(2489)\",\"legalName\":\"City of Miami Beach\"}]}<\/script>\n<!-- \/ Yoast SEO Premium plugin. -->","yoast_head_json":{"title":"Departamento de Proyectos de Mejoras de Capital - Ciudad de Miami Beach","description":"El Departamento de Construcci\u00f3n de la Ciudad de Miami Beach supervisa y regula las actividades de construcci\u00f3n en Miami Beach.","robots":{"index":"index","follow":"follow","max-snippet":"max-snippet:-1","max-image-preview":"max-image-preview:large","max-video-preview":"max-video-preview:-1"},"canonical":"https:\/\/www.miamibeachfl.gov\/es\/egovapp\/city-hall\/capitalimprovementprojectsdepartment\/","og_locale":"es_ES","og_type":"article","og_title":"Capital Improvement Projects Department","og_description":"The City of Miami Beach Building Department supervises and regulates construction activities in Miami Beach.","og_url":"https:\/\/www.miamibeachfl.gov\/es\/egovapp\/city-hall\/capitalimprovementprojectsdepartment\/","og_site_name":"City of Miami Beach","article_publisher":"https:\/\/www.facebook.com\/cityofmiamibeach","article_modified_time":"2025-06-07T18:59:20+00:00","og_image":[{"width":1000,"height":1000,"url":"https:\/\/www.miamibeachfl.gov\/wp-content\/uploads\/2024\/01\/1000pxSquare-miamibeach-aerial-southpointview.jpeg","type":"image\/jpeg"}],"twitter_card":"summary_large_image","twitter_site":"@Miamibeachnews","schema":{"@context":"https:\/\/schema.org","@graph":[{"@type":"WebPage","@id":"https:\/\/www.miamibeachfl.gov\/egovapp\/city-hall\/capitalimprovementprojectsdepartment\/","url":"https:\/\/www.miamibeachfl.gov\/egovapp\/city-hall\/capitalimprovementprojectsdepartment\/","name":"Departamento de Proyectos de Mejoras de Capital - Ciudad de Miami Beach","isPartOf":{"@id":"https:\/\/www.miamibeachfl.gov\/#website"},"datePublished":"2023-07-20T12:37:06+00:00","dateModified":"2025-06-07T18:59:20+00:00","description":"El Departamento de Construcci\u00f3n de la Ciudad de Miami Beach supervisa y regula las actividades de construcci\u00f3n en Miami Beach.","breadcrumb":{"@id":"https:\/\/www.miamibeachfl.gov\/egovapp\/city-hall\/capitalimprovementprojectsdepartment\/#breadcrumb"},"inLanguage":"es","potentialAction":[{"@type":"ReadAction","target":["https:\/\/www.miamibeachfl.gov\/egovapp\/city-hall\/capitalimprovementprojectsdepartment\/"]}]},{"@type":"BreadcrumbList","@id":"https:\/\/www.miamibeachfl.gov\/egovapp\/city-hall\/capitalimprovementprojectsdepartment\/#breadcrumb","itemListElement":[{"@type":"ListItem","position":1,"name":"Home","item":"https:\/\/www.miamibeachfl.gov\/"},{"@type":"ListItem","position":2,"name":"MobileAppPages","item":"https:\/\/www.miamibeachfl.gov\/egovapp\/"},{"@type":"ListItem","position":3,"name":"City Hall Department Directory","item":"https:\/\/www.miamibeachfl.gov\/egovapp\/city-hall\/"},{"@type":"ListItem","position":4,"name":"Capital Improvement Projects Department"}]},{"@type":"WebSite","@id":"https:\/\/www.miamibeachfl.gov\/#website","url":"https:\/\/www.miamibeachfl.gov\/","name":"Ciudad de Miami Beach","description":"Sitio web oficial de la Ciudad de Miami Beach. Mant\u00e9ngase informado, encuentre informaci\u00f3n importante sobre servicios municipales, noticias, alertas, eventos, rutas de tranv\u00edas, empleos gubernamentales y m\u00e1s.","publisher":{"@id":"https:\/\/www.miamibeachfl.gov\/#organization"},"potentialAction":[{"@type":"SearchAction","target":{"@type":"EntryPoint","urlTemplate":"https:\/\/www.miamibeachfl.gov\/?s={search_term_string}"},"query-input":{"@type":"PropertyValueSpecification","valueRequired":true,"valueName":"search_term_string"}}],"inLanguage":"es"},{"@type":"Organization","@id":"https:\/\/www.miamibeachfl.gov\/#organization","name":"Ciudad de Miami Beach","url":"https:\/\/www.miamibeachfl.gov\/","logo":{"@type":"ImageObject","inLanguage":"es","@id":"https:\/\/www.miamibeachfl.gov\/#\/schema\/logo\/image\/","url":"https:\/\/www.miamibeachfl.gov\/wp-content\/uploads\/2022\/06\/miamibeach-logoblue.png","contentUrl":"https:\/\/www.miamibeachfl.gov\/wp-content\/uploads\/2022\/06\/miamibeach-logoblue.png","width":1962,"height":381,"caption":"City of Miami Beach"},"image":{"@id":"https:\/\/www.miamibeachfl.gov\/#\/schema\/logo\/image\/"},"sameAs":["https:\/\/www.facebook.com\/cityofmiamibeach","https:\/\/x.com\/Miamibeachnews","https:\/\/www.instagram.com\/miamibeachnews\/"],"description":"Sitio web oficial de la Ciudad de Miami Beach. Mant\u00e9ngase informado, encuentre informaci\u00f3n importante sobre servicios municipales, noticias, alertas, eventos, rutas de tranv\u00edas, empleos gubernamentales y m\u00e1s.","telephone":"305.604.CITY(2489)","legalName":"City of Miami Beach"}]}},"_links":{"self":[{"href":"https:\/\/www.miamibeachfl.gov\/es\/wp-json\/wp\/v2\/pages\/265542","targetHints":{"allow":["GET"]}}],"collection":[{"href":"https:\/\/www.miamibeachfl.gov\/es\/wp-json\/wp\/v2\/pages"}],"about":[{"href":"https:\/\/www.miamibeachfl.gov\/es\/wp-json\/wp\/v2\/types\/page"}],"author":[{"embeddable":true,"href":"https:\/\/www.miamibeachfl.gov\/es\/wp-json\/wp\/v2\/users\/222"}],"replies":[{"embeddable":true,"href":"https:\/\/www.miamibeachfl.gov\/es\/wp-json\/wp\/v2\/comments?post=265542"}],"version-history":[{"count":1,"href":"https:\/\/www.miamibeachfl.gov\/es\/wp-json\/wp\/v2\/pages\/265542\/revisions"}],"predecessor-version":[{"id":375781,"href":"https:\/\/www.miamibeachfl.gov\/es\/wp-json\/wp\/v2\/pages\/265542\/revisions\/375781"}],"up":[{"embeddable":true,"href":"https:\/\/www.miamibeachfl.gov\/es\/wp-json\/wp\/v2\/pages\/265532"}],"wp:attachment":[{"href":"https:\/\/www.miamibeachfl.gov\/es\/wp-json\/wp\/v2\/media?parent=265542"}],"wp:term":[{"taxonomy":"category","embeddable":true,"href":"https:\/\/www.miamibeachfl.gov\/es\/wp-json\/wp\/v2\/categories?post=265542"},{"taxonomy":"post_tag","embeddable":true,"href":"https:\/\/www.miamibeachfl.gov\/es\/wp-json\/wp\/v2\/tags?post=265542"}],"curies":[{"name":"gracias","href":"https:\/\/api.w.org\/{rel}","templated":true}]}}