{"id":265584,"date":"2023-07-20T11:54:08","date_gmt":"2023-07-20T15:54:08","guid":{"rendered":"https:\/\/www.miamibeachfl.gov\/?page_id=265584"},"modified":"2025-06-07T15:06:37","modified_gmt":"2025-06-07T19:06:37","slug":"cityclerkdepartment","status":"publish","type":"page","link":"https:\/\/www.miamibeachfl.gov\/es\/egovapp\/city-hall\/cityclerkdepartment\/","title":{"rendered":"Departamento del Secretario Municipal"},"content":{"rendered":"<a href=\"https:\/\/www.miamibeachfl.gov\/es\/egovapp\/city-hall\/\" target=\"_self\">\n\t\t\t\t\t\tRegresar al directorio del departamento\n\t\t\t\t\t<\/a>\n<h1>\n\t\t\tSecretario de la ciudad\t<\/h1>\n\t\t\t<a href=\"\/es\/egovapp\/city-hall\/cityclerkdepartment\/public-records\/\" target=\"_self\">\n\t\t\t\t\t\t\tRegistros p\u00fablicos\n\t\t\t<\/a>\n\t<ul>\n\t\t<li><a href=\"tel:3056737411\" target=\"_self\"  aria-label=\"Ir al tel:3056737411\">\t\t\t\t\n\t\t<h3>305.673.7411<\/h3><\/a><\/li><li>\t\t\t\t\n\t\t<h3>Horario de oficina:<\/h3><p>Lunes a viernes de 8:30 a. m. a 5 p. m.<\/p><\/li><li><a href=\"https:\/\/goo.gl\/maps\/z913RakUwUY1a598A\" target=\"_blank\" rel=\"noopener\" aria-label=\"Vaya a https:\/\/goo.gl\/maps\/z913RakUwUY1a598A\">\t\t\t\t\n\t\t<h3>Oficina central:<\/h3><p>1700 Convention Center Drive<br \/>Miami Beach, FL 33139<\/p><\/a><\/li>\t<\/ul>\n<h2>\n\t\t\tServicios\t<\/h2>\n\t<p><strong>Compilando<\/strong> \u00f3rdenes del d\u00eda y actas oficiales de la Comisi\u00f3n de la Ciudad y la Agencia de Reurbanizaci\u00f3n<\/p>\n<p><strong>Distribuido<\/strong> y mantener registros de todas las reuniones de la Agencia, la Comisi\u00f3n y el SNID<\/p>\n<p><strong>Publicaci\u00f3n<\/strong> Avisos de ordenanzas propuestas y adoptadas y ordenanzas de emergencia. Brindamos servicios de impresi\u00f3n, copia y correo de calidad.<\/p>\n<p><strong>Facilitando<\/strong> Proporcionar registros p\u00fablicos e informaci\u00f3n de manera expedita a la Comisi\u00f3n de la Ciudad, al p\u00fablico, al personal de la Ciudad y a otras agencias gubernamentales, y a todos los Departamentos de la Ciudad.<\/p>\n<p><strong>Mantenimiento<\/strong> un registro de todas las propiedades de la Ciudad, incluida la custodia de todas las escrituras de garant\u00eda, servidumbres, derechos de paso y abandonos<\/p>\n<h2>\n\t\t\tFondo\t<\/h2>\n\t<p>La Oficina del Secretario Municipal ofrece un servicio al cliente de alta calidad con profesionalismo y cortes\u00eda, facilitando el acceso a la informaci\u00f3n p\u00fablica mediante la tecnolog\u00eda m\u00e1s avanzada y garantizando una experiencia satisfactoria. Las responsabilidades de la Oficina del Secretario Municipal se detallan en el Cuadro de Organizaci\u00f3n adjunto.<\/p>\n<p>Servicios Centrales proporciona un alto nivel de servicio al cliente interno de manera profesional y cort\u00e9s mientras realiza las siguientes tareas: clasificaci\u00f3n, procesamiento y distribuci\u00f3n de correo de EE. UU. y correo entre oficinas, servicios de entrega, impresi\u00f3n, copiado y encuadernaci\u00f3n.<\/p>\n<p>Los Secretarios del Perito Judicial act\u00faan como secretarios oficiales de este. Estos emiten \u00f3rdenes con fuerza de ley que ordenan las medidas necesarias para sancionar una infracci\u00f3n. Atienden los casos que les presentan los Departamentos de Construcci\u00f3n, Cumplimiento de C\u00f3digos, Estacionamiento, Parques y Recreaci\u00f3n, Polic\u00eda\/Patrulla Mar\u00edtima y Bomberos. Adem\u00e1s, atienden apelaciones ante la Junta de Preservaci\u00f3n Hist\u00f3rica, alquileres a corto plazo e infracciones de c\u00e1maras de sem\u00e1foro en rojo.<\/p>","protected":false},"excerpt":{"rendered":"<p>Back to Department Directory City Clerk Public Records 305.673.7411 Office Hours: Monday &#8211; Friday 8:30AM &#8211; 5PM Main Office: 1700 [&hellip;]<\/p>\n","protected":false},"author":222,"featured_media":0,"parent":265532,"menu_order":0,"comment_status":"closed","ping_status":"closed","template":"","meta":{"_searchwp_excluded":"1","site-sidebar-layout":"default","site-content-layout":"","ast-site-content-layout":"","site-content-style":"default","site-sidebar-style":"default","ast-global-header-display":"disabled","ast-banner-title-visibility":"","ast-main-header-display":"","ast-hfb-above-header-display":"","ast-hfb-below-header-display":"","ast-hfb-mobile-header-display":"","site-post-title":"","ast-breadcrumbs-content":"","ast-featured-img":"","footer-sml-layout":"disabled","ast-disable-related-posts":"","theme-transparent-header-meta":"","adv-header-id-meta":"","stick-header-meta":"","header-above-stick-meta":"","header-main-stick-meta":"","header-below-stick-meta":"","astra-migrate-meta-layouts":"default","ast-page-background-enabled":"default","ast-page-background-meta":{"desktop":{"background-color":"var(--ast-global-color-5)","background-image":"","background-repeat":"repeat","background-position":"center center","background-size":"auto","background-attachment":"scroll","background-type":"","background-media":"","overlay-type":"","overlay-color":"","overlay-opacity":"","overlay-gradient":""},"tablet":{"background-color":"","background-image":"","background-repeat":"repeat","background-position":"center center","background-size":"auto","background-attachment":"scroll","background-type":"","background-media":"","overlay-type":"","overlay-color":"","overlay-opacity":"","overlay-gradient":""},"mobile":{"background-color":"","background-image":"","background-repeat":"repeat","background-position":"center center","background-size":"auto","background-attachment":"scroll","background-type":"","background-media":"","overlay-type":"","overlay-color":"","overlay-opacity":"","overlay-gradient":""}},"ast-content-background-meta":{"desktop":{"background-color":"var(--ast-global-color-4)","background-image":"","background-repeat":"repeat","background-position":"center center","background-size":"auto","background-attachment":"scroll","background-type":"","background-media":"","overlay-type":"","overlay-color":"","overlay-opacity":"","overlay-gradient":""},"tablet":{"background-color":"var(--ast-global-color-4)","background-image":"","background-repeat":"repeat","background-position":"center center","background-size":"auto","background-attachment":"scroll","background-type":"","background-media":"","overlay-type":"","overlay-color":"","overlay-opacity":"","overlay-gradient":""},"mobile":{"background-color":"var(--ast-global-color-4)","background-image":"","background-repeat":"repeat","background-position":"center center","background-size":"auto","background-attachment":"scroll","background-type":"","background-media":"","overlay-type":"","overlay-color":"","overlay-opacity":"","overlay-gradient":""}},"footnotes":""},"categories":[],"tags":[1002,1000],"class_list":["post-265584","page","type-page","status-publish","hentry","tag-app-egov-page","tag-cityhall-egovapp"],"yoast_head":"<!-- This site is optimized with the Yoast SEO Premium plugin v27.4 (Yoast SEO v27.4) - https:\/\/yoast.com\/product\/yoast-seo-premium-wordpress\/ -->\n<title>City Clerk Department - City of Miami Beach<\/title>\n<meta name=\"description\" content=\"The Office of the City Clerk serves as the Municipal Secretary of the City, the Official Secretary of the legislative body and the Supervisor of Elections for the City of Miami Beach. The Office of the City Clerk is also the corporate headquarters of the City and serves as the depository for all corporate contracts and records.\" \/>\n<meta name=\"robots\" content=\"index, follow, max-snippet:-1, max-image-preview:large, max-video-preview:-1\" \/>\n<link rel=\"canonical\" href=\"https:\/\/www.miamibeachfl.gov\/es\/egovapp\/city-hall\/cityclerkdepartment\/\" \/>\n<meta property=\"og:locale\" content=\"es_ES\" \/>\n<meta property=\"og:type\" content=\"article\" \/>\n<meta property=\"og:title\" content=\"City Clerk Department\" \/>\n<meta property=\"og:description\" content=\"The Office of the City Clerk serves as the Municipal Secretary of the City, the Official Secretary of the legislative body and the Supervisor of Elections for the City of Miami Beach. The Office of the City Clerk is also the corporate headquarters of the City and serves as the depository for all corporate contracts and records.\" \/>\n<meta property=\"og:url\" content=\"https:\/\/www.miamibeachfl.gov\/es\/egovapp\/city-hall\/cityclerkdepartment\/\" \/>\n<meta property=\"og:site_name\" content=\"City of Miami Beach\" \/>\n<meta property=\"article:publisher\" content=\"https:\/\/www.facebook.com\/cityofmiamibeach\" \/>\n<meta property=\"article:modified_time\" content=\"2025-06-07T19:06:37+00:00\" \/>\n<meta property=\"og:image\" content=\"https:\/\/www.miamibeachfl.gov\/wp-content\/uploads\/2024\/01\/1000pxSquare-miamibeach-aerial-southpointview.jpeg\" \/>\n\t<meta property=\"og:image:width\" content=\"1000\" \/>\n\t<meta property=\"og:image:height\" content=\"1000\" \/>\n\t<meta property=\"og:image:type\" content=\"image\/jpeg\" \/>\n<meta name=\"twitter:card\" content=\"summary_large_image\" \/>\n<meta name=\"twitter:site\" content=\"@Miamibeachnews\" \/>\n<script type=\"application\/ld+json\" class=\"yoast-schema-graph\">{\"@context\":\"https:\\\/\\\/schema.org\",\"@graph\":[{\"@type\":\"WebPage\",\"@id\":\"https:\\\/\\\/www.miamibeachfl.gov\\\/egovapp\\\/city-hall\\\/cityclerkdepartment\\\/\",\"url\":\"https:\\\/\\\/www.miamibeachfl.gov\\\/egovapp\\\/city-hall\\\/cityclerkdepartment\\\/\",\"name\":\"City Clerk Department - City of Miami Beach\",\"isPartOf\":{\"@id\":\"https:\\\/\\\/www.miamibeachfl.gov\\\/#website\"},\"datePublished\":\"2023-07-20T15:54:08+00:00\",\"dateModified\":\"2025-06-07T19:06:37+00:00\",\"description\":\"The Office of the City Clerk serves as the Municipal Secretary of the City, the Official Secretary of the legislative body and the Supervisor of Elections for the City of Miami Beach. The Office of the City Clerk is also the corporate headquarters of the City and serves as the depository for all corporate contracts and records.\",\"breadcrumb\":{\"@id\":\"https:\\\/\\\/www.miamibeachfl.gov\\\/egovapp\\\/city-hall\\\/cityclerkdepartment\\\/#breadcrumb\"},\"inLanguage\":\"es\",\"potentialAction\":[{\"@type\":\"ReadAction\",\"target\":[\"https:\\\/\\\/www.miamibeachfl.gov\\\/egovapp\\\/city-hall\\\/cityclerkdepartment\\\/\"]}]},{\"@type\":\"BreadcrumbList\",\"@id\":\"https:\\\/\\\/www.miamibeachfl.gov\\\/egovapp\\\/city-hall\\\/cityclerkdepartment\\\/#breadcrumb\",\"itemListElement\":[{\"@type\":\"ListItem\",\"position\":1,\"name\":\"Home\",\"item\":\"https:\\\/\\\/www.miamibeachfl.gov\\\/\"},{\"@type\":\"ListItem\",\"position\":2,\"name\":\"MobileAppPages\",\"item\":\"https:\\\/\\\/www.miamibeachfl.gov\\\/egovapp\\\/\"},{\"@type\":\"ListItem\",\"position\":3,\"name\":\"City Hall Department Directory\",\"item\":\"https:\\\/\\\/www.miamibeachfl.gov\\\/egovapp\\\/city-hall\\\/\"},{\"@type\":\"ListItem\",\"position\":4,\"name\":\"City Clerk Department\"}]},{\"@type\":\"WebSite\",\"@id\":\"https:\\\/\\\/www.miamibeachfl.gov\\\/#website\",\"url\":\"https:\\\/\\\/www.miamibeachfl.gov\\\/\",\"name\":\"City of Miami Beach\",\"description\":\"The official website of the City of Miami Beach. Stay informed, find important information on city services, news, alerts, events, trolley routes, government employment and more.\",\"publisher\":{\"@id\":\"https:\\\/\\\/www.miamibeachfl.gov\\\/#organization\"},\"potentialAction\":[{\"@type\":\"SearchAction\",\"target\":{\"@type\":\"EntryPoint\",\"urlTemplate\":\"https:\\\/\\\/www.miamibeachfl.gov\\\/?s={search_term_string}\"},\"query-input\":{\"@type\":\"PropertyValueSpecification\",\"valueRequired\":true,\"valueName\":\"search_term_string\"}}],\"inLanguage\":\"es\"},{\"@type\":\"Organization\",\"@id\":\"https:\\\/\\\/www.miamibeachfl.gov\\\/#organization\",\"name\":\"City of Miami Beach\",\"url\":\"https:\\\/\\\/www.miamibeachfl.gov\\\/\",\"logo\":{\"@type\":\"ImageObject\",\"inLanguage\":\"es\",\"@id\":\"https:\\\/\\\/www.miamibeachfl.gov\\\/#\\\/schema\\\/logo\\\/image\\\/\",\"url\":\"https:\\\/\\\/www.miamibeachfl.gov\\\/wp-content\\\/uploads\\\/2022\\\/06\\\/miamibeach-logoblue.png\",\"contentUrl\":\"https:\\\/\\\/www.miamibeachfl.gov\\\/wp-content\\\/uploads\\\/2022\\\/06\\\/miamibeach-logoblue.png\",\"width\":1962,\"height\":381,\"caption\":\"City of Miami Beach\"},\"image\":{\"@id\":\"https:\\\/\\\/www.miamibeachfl.gov\\\/#\\\/schema\\\/logo\\\/image\\\/\"},\"sameAs\":[\"https:\\\/\\\/www.facebook.com\\\/cityofmiamibeach\",\"https:\\\/\\\/x.com\\\/Miamibeachnews\",\"https:\\\/\\\/www.instagram.com\\\/miamibeachnews\\\/\"],\"description\":\"The official website of the City of Miami Beach. Stay informed, find important information on city services, news, alerts, events, trolley routes, government employment and more.\",\"telephone\":\"305.604.CITY(2489)\",\"legalName\":\"City of Miami Beach\"}]}<\/script>\n<!-- \/ Yoast SEO Premium plugin. -->","yoast_head_json":{"title":"Departamento del Secretario Municipal - Ciudad de Miami Beach","description":"La Oficina del Secretario Municipal act\u00faa como la Secretar\u00eda Municipal de la Ciudad, la Secretar\u00eda Oficial del cuerpo legislativo y la Supervisora Electoral de la Ciudad de Miami Beach. La Oficina del Secretario Municipal tambi\u00e9n es la sede corporativa de la Ciudad y deposita todos los contratos y registros corporativos.","robots":{"index":"index","follow":"follow","max-snippet":"max-snippet:-1","max-image-preview":"max-image-preview:large","max-video-preview":"max-video-preview:-1"},"canonical":"https:\/\/www.miamibeachfl.gov\/es\/egovapp\/city-hall\/cityclerkdepartment\/","og_locale":"es_ES","og_type":"article","og_title":"City Clerk Department","og_description":"The Office of the City Clerk serves as the Municipal Secretary of the City, the Official Secretary of the legislative body and the Supervisor of Elections for the City of Miami Beach. The Office of the City Clerk is also the corporate headquarters of the City and serves as the depository for all corporate contracts and records.","og_url":"https:\/\/www.miamibeachfl.gov\/es\/egovapp\/city-hall\/cityclerkdepartment\/","og_site_name":"City of Miami Beach","article_publisher":"https:\/\/www.facebook.com\/cityofmiamibeach","article_modified_time":"2025-06-07T19:06:37+00:00","og_image":[{"width":1000,"height":1000,"url":"https:\/\/www.miamibeachfl.gov\/wp-content\/uploads\/2024\/01\/1000pxSquare-miamibeach-aerial-southpointview.jpeg","type":"image\/jpeg"}],"twitter_card":"summary_large_image","twitter_site":"@Miamibeachnews","schema":{"@context":"https:\/\/schema.org","@graph":[{"@type":"WebPage","@id":"https:\/\/www.miamibeachfl.gov\/egovapp\/city-hall\/cityclerkdepartment\/","url":"https:\/\/www.miamibeachfl.gov\/egovapp\/city-hall\/cityclerkdepartment\/","name":"Departamento del Secretario Municipal - Ciudad de Miami Beach","isPartOf":{"@id":"https:\/\/www.miamibeachfl.gov\/#website"},"datePublished":"2023-07-20T15:54:08+00:00","dateModified":"2025-06-07T19:06:37+00:00","description":"La Oficina del Secretario Municipal act\u00faa como la Secretar\u00eda Municipal de la Ciudad, la Secretar\u00eda Oficial del cuerpo legislativo y la Supervisora Electoral de la Ciudad de Miami Beach. La Oficina del Secretario Municipal tambi\u00e9n es la sede corporativa de la Ciudad y deposita todos los contratos y registros corporativos.","breadcrumb":{"@id":"https:\/\/www.miamibeachfl.gov\/egovapp\/city-hall\/cityclerkdepartment\/#breadcrumb"},"inLanguage":"es","potentialAction":[{"@type":"ReadAction","target":["https:\/\/www.miamibeachfl.gov\/egovapp\/city-hall\/cityclerkdepartment\/"]}]},{"@type":"BreadcrumbList","@id":"https:\/\/www.miamibeachfl.gov\/egovapp\/city-hall\/cityclerkdepartment\/#breadcrumb","itemListElement":[{"@type":"ListItem","position":1,"name":"Home","item":"https:\/\/www.miamibeachfl.gov\/"},{"@type":"ListItem","position":2,"name":"MobileAppPages","item":"https:\/\/www.miamibeachfl.gov\/egovapp\/"},{"@type":"ListItem","position":3,"name":"City Hall Department Directory","item":"https:\/\/www.miamibeachfl.gov\/egovapp\/city-hall\/"},{"@type":"ListItem","position":4,"name":"City Clerk Department"}]},{"@type":"WebSite","@id":"https:\/\/www.miamibeachfl.gov\/#website","url":"https:\/\/www.miamibeachfl.gov\/","name":"Ciudad de Miami Beach","description":"Sitio web oficial de la Ciudad de Miami Beach. Mant\u00e9ngase informado, encuentre informaci\u00f3n importante sobre servicios municipales, noticias, alertas, eventos, rutas de tranv\u00edas, empleos gubernamentales y m\u00e1s.","publisher":{"@id":"https:\/\/www.miamibeachfl.gov\/#organization"},"potentialAction":[{"@type":"SearchAction","target":{"@type":"EntryPoint","urlTemplate":"https:\/\/www.miamibeachfl.gov\/?s={search_term_string}"},"query-input":{"@type":"PropertyValueSpecification","valueRequired":true,"valueName":"search_term_string"}}],"inLanguage":"es"},{"@type":"Organization","@id":"https:\/\/www.miamibeachfl.gov\/#organization","name":"Ciudad de Miami Beach","url":"https:\/\/www.miamibeachfl.gov\/","logo":{"@type":"ImageObject","inLanguage":"es","@id":"https:\/\/www.miamibeachfl.gov\/#\/schema\/logo\/image\/","url":"https:\/\/www.miamibeachfl.gov\/wp-content\/uploads\/2022\/06\/miamibeach-logoblue.png","contentUrl":"https:\/\/www.miamibeachfl.gov\/wp-content\/uploads\/2022\/06\/miamibeach-logoblue.png","width":1962,"height":381,"caption":"City of Miami Beach"},"image":{"@id":"https:\/\/www.miamibeachfl.gov\/#\/schema\/logo\/image\/"},"sameAs":["https:\/\/www.facebook.com\/cityofmiamibeach","https:\/\/x.com\/Miamibeachnews","https:\/\/www.instagram.com\/miamibeachnews\/"],"description":"Sitio web oficial de la Ciudad de Miami Beach. Mant\u00e9ngase informado, encuentre informaci\u00f3n importante sobre servicios municipales, noticias, alertas, eventos, rutas de tranv\u00edas, empleos gubernamentales y m\u00e1s.","telephone":"305.604.CITY(2489)","legalName":"City of Miami Beach"}]}},"_links":{"self":[{"href":"https:\/\/www.miamibeachfl.gov\/es\/wp-json\/wp\/v2\/pages\/265584","targetHints":{"allow":["GET"]}}],"collection":[{"href":"https:\/\/www.miamibeachfl.gov\/es\/wp-json\/wp\/v2\/pages"}],"about":[{"href":"https:\/\/www.miamibeachfl.gov\/es\/wp-json\/wp\/v2\/types\/page"}],"author":[{"embeddable":true,"href":"https:\/\/www.miamibeachfl.gov\/es\/wp-json\/wp\/v2\/users\/222"}],"replies":[{"embeddable":true,"href":"https:\/\/www.miamibeachfl.gov\/es\/wp-json\/wp\/v2\/comments?post=265584"}],"version-history":[{"count":1,"href":"https:\/\/www.miamibeachfl.gov\/es\/wp-json\/wp\/v2\/pages\/265584\/revisions"}],"predecessor-version":[{"id":375785,"href":"https:\/\/www.miamibeachfl.gov\/es\/wp-json\/wp\/v2\/pages\/265584\/revisions\/375785"}],"up":[{"embeddable":true,"href":"https:\/\/www.miamibeachfl.gov\/es\/wp-json\/wp\/v2\/pages\/265532"}],"wp:attachment":[{"href":"https:\/\/www.miamibeachfl.gov\/es\/wp-json\/wp\/v2\/media?parent=265584"}],"wp:term":[{"taxonomy":"category","embeddable":true,"href":"https:\/\/www.miamibeachfl.gov\/es\/wp-json\/wp\/v2\/categories?post=265584"},{"taxonomy":"post_tag","embeddable":true,"href":"https:\/\/www.miamibeachfl.gov\/es\/wp-json\/wp\/v2\/tags?post=265584"}],"curies":[{"name":"gracias","href":"https:\/\/api.w.org\/{rel}","templated":true}]}}