{"id":265609,"date":"2023-07-20T13:32:35","date_gmt":"2023-07-20T17:32:35","guid":{"rendered":"https:\/\/www.miamibeachfl.gov\/?page_id=265609"},"modified":"2025-06-07T15:20:50","modified_gmt":"2025-06-07T19:20:50","slug":"environmentalandsustainabiitydepartment","status":"publish","type":"page","link":"https:\/\/www.miamibeachfl.gov\/es\/egovapp\/city-hall\/environmentalandsustainabiitydepartment\/","title":{"rendered":"Departamento de Medio Ambiente y Sostenibilidad"},"content":{"rendered":"<a href=\"https:\/\/www.miamibeachfl.gov\/es\/egovapp\/city-hall\/\" target=\"_self\">\n\t\t\t\t\t\tRegresar al directorio del departamento\n\t\t\t\t\t<\/a>\n<h1>\n\t\t\tMedio ambiente y sostenibilidad\t<\/h1>\n\t<ul>\n\t\t<li><a href=\"tel:3056737084%20\" target=\"_self\"  aria-label=\"Ir al tel:3056737084 \">\t\t\t\t\n\t\t<h3>305.673.7084 <\/h3><\/a><\/li><li>\t\t\t\t\n\t\t<h3>Horario de oficina:<\/h3><p>Lunes a viernes: 8:30 a. m. a 5 p. m.<\/p><\/li><li>\t\t\t\t\n\t\t<h3>Horario de silvicultura urbana:<\/h3><p>Lunes \u2013 Viernes: 7AM \u2013 4PM<\/p><\/li><li><a href=\"https:\/\/goo.gl\/maps\/Sb2TVfX3obVg6Uex7\" target=\"_blank\" rel=\"noopener\" aria-label=\"Vaya a https:\/\/goo.gl\/maps\/Sb2TVfX3obVg6Uex7\">\t\t\t\t\n\t\t<h3>Oficina central:<\/h3><p>1700 Convention Center Drive<br \/>Miami Beach, FL 33139<\/p><\/a><\/li>\t<\/ul>\n\t<p><a href=\"https:\/\/www.mbrisingabove.com\/\"><strong>Aprenda m\u00e1s sobre la resiliencia al cambio clim\u00e1tico<\/strong><\/a><\/p>\n<p><a href=\"https:\/\/www.miamibeachfl.gov\/es\/city-hall\/city-clerk\/boards-and-committees\/land-use-and-sustainability\/\"><strong>Comit\u00e9 de Uso del Suelo y Sostenibilidad<\/strong><\/a><\/p>\n<p><a href=\"https:\/\/www.miamibeachfl.gov\/es\/city-hall\/environmental-sustainability\/urban-forestry\/tree-programs\/\"><strong>Programas e iniciativas de \u00e1rboles<\/strong><\/a><\/p>\n<p><a href=\"https:\/\/www.opentreemap.org\/miamibeachtrees\/map\/?z=12\/25.8325\/-80.1332\"><strong>Mapa de \u00e1rbol abierto<\/strong><\/a><\/p>\n<p><a href=\"https:\/\/www.miamibeachfl.gov\/es\/eventssection\/environment\/\"><strong>Eventos<\/strong><\/a><\/p>\n<hr \/>\n<p><strong>Divisiones <\/strong><\/p>\n<strong>Divisi\u00f3n de Silvicultura Urbana<\/strong> <a href=\"mailto:urbanforestry@miamibeachfl.gov\">urbanforestry@miamibeachfl.gov<\/a> &#8211; 305.673.7722 |<br \/>\nSupervisa el bosque urbano mediante la supervisi\u00f3n y gesti\u00f3n regulatoria. Esta divisi\u00f3n emite permisos para la construcci\u00f3n de \u00e1rboles, supervisa la mitigaci\u00f3n de la arboricultura, realiza evaluaciones de \u00e1rboles patrimoniales, inspecciones de barreras de protecci\u00f3n, realiza evaluaciones de riesgo de los \u00e1rboles y revisa los planes de selecci\u00f3n e instalaci\u00f3n de \u00e1rboles en toda la ciudad. La divisi\u00f3n tambi\u00e9n supervisa el Plan Maestro de Silvicultura Urbana, el Plan de Calles del Proyecto GOB #33 y los Programas de \u00c1rboles Conmemorativos y Patrimoniales.\n<p><strong>Divisi\u00f3n de Sostenibilidad y Resiliencia<\/strong> <a href=\"mailto:Sustainability@miamibeachfl.gov\">Sustainability@miamibeachfl.gov<\/a> &#8211; 305.673.7084<\/p>\n<p>Trabaja en todos los departamentos de la ciudad para mejorar la sostenibilidad de las operaciones gubernamentales con el fin de ahorrar dinero, optimizar los procesos, gestionar eficientemente los recursos y proteger el medio ambiente. Esta Divisi\u00f3n gestiona las iniciativas de mitigaci\u00f3n del cambio clim\u00e1tico, centr\u00e1ndose en la reducci\u00f3n de las emisiones de gases de efecto invernadero, as\u00ed como en programas centrados en la reducci\u00f3n de energ\u00eda, la conservaci\u00f3n del agua, el reciclaje y la reducci\u00f3n de residuos, y la educaci\u00f3n y la divulgaci\u00f3n.<\/p>\n<p><strong>Gesti\u00f3n de recursos ambientales<\/strong><\/p>\n<p>Proporciona apoyo interno a todos los departamentos de la Ciudad para garantizar que todos los proyectos p\u00fablicos, no solo los etiquetados como ambientales, eviten, minimicen y mitiguen los impactos ambientales, adem\u00e1s de mejorar el entorno natural mediante su dise\u00f1o. Esta Divisi\u00f3n act\u00faa como consultor ambiental interno de la Ciudad y act\u00faa como enlace entre la Ciudad y otras agencias gubernamentales en materia ambiental.<\/p>","protected":false},"excerpt":{"rendered":"<p>Back to Department Directory Environment and Sustainability 305.673.7084 Office Hours: Monday &#8211; Friday: 8:30AM &#8211; 5PM Urban Forestry Hours: Monday [&hellip;]<\/p>\n","protected":false},"author":222,"featured_media":0,"parent":265532,"menu_order":0,"comment_status":"closed","ping_status":"closed","template":"","meta":{"_searchwp_excluded":"1","site-sidebar-layout":"default","site-content-layout":"","ast-site-content-layout":"","site-content-style":"default","site-sidebar-style":"default","ast-global-header-display":"disabled","ast-banner-title-visibility":"","ast-main-header-display":"","ast-hfb-above-header-display":"","ast-hfb-below-header-display":"","ast-hfb-mobile-header-display":"","site-post-title":"","ast-breadcrumbs-content":"","ast-featured-img":"","footer-sml-layout":"disabled","ast-disable-related-posts":"","theme-transparent-header-meta":"","adv-header-id-meta":"","stick-header-meta":"","header-above-stick-meta":"","header-main-stick-meta":"","header-below-stick-meta":"","astra-migrate-meta-layouts":"default","ast-page-background-enabled":"default","ast-page-background-meta":{"desktop":{"background-color":"var(--ast-global-color-5)","background-image":"","background-repeat":"repeat","background-position":"center center","background-size":"auto","background-attachment":"scroll","background-type":"","background-media":"","overlay-type":"","overlay-color":"","overlay-opacity":"","overlay-gradient":""},"tablet":{"background-color":"","background-image":"","background-repeat":"repeat","background-position":"center center","background-size":"auto","background-attachment":"scroll","background-type":"","background-media":"","overlay-type":"","overlay-color":"","overlay-opacity":"","overlay-gradient":""},"mobile":{"background-color":"","background-image":"","background-repeat":"repeat","background-position":"center center","background-size":"auto","background-attachment":"scroll","background-type":"","background-media":"","overlay-type":"","overlay-color":"","overlay-opacity":"","overlay-gradient":""}},"ast-content-background-meta":{"desktop":{"background-color":"var(--ast-global-color-4)","background-image":"","background-repeat":"repeat","background-position":"center center","background-size":"auto","background-attachment":"scroll","background-type":"","background-media":"","overlay-type":"","overlay-color":"","overlay-opacity":"","overlay-gradient":""},"tablet":{"background-color":"var(--ast-global-color-4)","background-image":"","background-repeat":"repeat","background-position":"center center","background-size":"auto","background-attachment":"scroll","background-type":"","background-media":"","overlay-type":"","overlay-color":"","overlay-opacity":"","overlay-gradient":""},"mobile":{"background-color":"var(--ast-global-color-4)","background-image":"","background-repeat":"repeat","background-position":"center center","background-size":"auto","background-attachment":"scroll","background-type":"","background-media":"","overlay-type":"","overlay-color":"","overlay-opacity":"","overlay-gradient":""}},"footnotes":""},"categories":[],"tags":[1002,1000],"class_list":["post-265609","page","type-page","status-publish","hentry","tag-app-egov-page","tag-cityhall-egovapp"],"yoast_head":"<!-- This site is optimized with the Yoast SEO Premium plugin v27.4 (Yoast SEO v27.4) - https:\/\/yoast.com\/product\/yoast-seo-premium-wordpress\/ -->\n<title>Environment and Sustainability Department - City of Miami Beach<\/title>\n<meta name=\"description\" content=\"The Environment and Sustainability Department develops and implements adaptation and mitigation initiatives to preserve, protect, and enhance our natural resources.\" \/>\n<meta name=\"robots\" content=\"index, follow, max-snippet:-1, max-image-preview:large, max-video-preview:-1\" \/>\n<link rel=\"canonical\" href=\"https:\/\/www.miamibeachfl.gov\/es\/egovapp\/city-hall\/environmentalandsustainabiitydepartment\/\" \/>\n<meta property=\"og:locale\" content=\"es_ES\" \/>\n<meta property=\"og:type\" content=\"article\" \/>\n<meta property=\"og:title\" content=\"Environment and Sustainability Department\" \/>\n<meta property=\"og:description\" content=\"The Environment and Sustainability Department develops and implements adaptation and mitigation initiatives to preserve, protect, and enhance our natural resources.\" \/>\n<meta property=\"og:url\" content=\"https:\/\/www.miamibeachfl.gov\/es\/egovapp\/city-hall\/environmentalandsustainabiitydepartment\/\" \/>\n<meta property=\"og:site_name\" content=\"City of Miami Beach\" \/>\n<meta property=\"article:publisher\" content=\"https:\/\/www.facebook.com\/cityofmiamibeach\" \/>\n<meta property=\"article:modified_time\" content=\"2025-06-07T19:20:50+00:00\" \/>\n<meta property=\"og:image\" content=\"https:\/\/www.miamibeachfl.gov\/wp-content\/uploads\/2024\/01\/1000pxSquare-miamibeach-aerial-southpointview.jpeg\" \/>\n\t<meta property=\"og:image:width\" content=\"1000\" \/>\n\t<meta property=\"og:image:height\" content=\"1000\" \/>\n\t<meta property=\"og:image:type\" content=\"image\/jpeg\" \/>\n<meta name=\"twitter:card\" content=\"summary_large_image\" \/>\n<meta name=\"twitter:site\" content=\"@Miamibeachnews\" \/>\n<script type=\"application\/ld+json\" class=\"yoast-schema-graph\">{\"@context\":\"https:\\\/\\\/schema.org\",\"@graph\":[{\"@type\":\"WebPage\",\"@id\":\"https:\\\/\\\/www.miamibeachfl.gov\\\/egovapp\\\/city-hall\\\/environmentalandsustainabiitydepartment\\\/\",\"url\":\"https:\\\/\\\/www.miamibeachfl.gov\\\/egovapp\\\/city-hall\\\/environmentalandsustainabiitydepartment\\\/\",\"name\":\"Environment and Sustainability Department - City of Miami Beach\",\"isPartOf\":{\"@id\":\"https:\\\/\\\/www.miamibeachfl.gov\\\/#website\"},\"datePublished\":\"2023-07-20T17:32:35+00:00\",\"dateModified\":\"2025-06-07T19:20:50+00:00\",\"description\":\"The Environment and Sustainability Department develops and implements adaptation and mitigation initiatives to preserve, protect, and enhance our natural resources.\",\"breadcrumb\":{\"@id\":\"https:\\\/\\\/www.miamibeachfl.gov\\\/egovapp\\\/city-hall\\\/environmentalandsustainabiitydepartment\\\/#breadcrumb\"},\"inLanguage\":\"es\",\"potentialAction\":[{\"@type\":\"ReadAction\",\"target\":[\"https:\\\/\\\/www.miamibeachfl.gov\\\/egovapp\\\/city-hall\\\/environmentalandsustainabiitydepartment\\\/\"]}]},{\"@type\":\"BreadcrumbList\",\"@id\":\"https:\\\/\\\/www.miamibeachfl.gov\\\/egovapp\\\/city-hall\\\/environmentalandsustainabiitydepartment\\\/#breadcrumb\",\"itemListElement\":[{\"@type\":\"ListItem\",\"position\":1,\"name\":\"Home\",\"item\":\"https:\\\/\\\/www.miamibeachfl.gov\\\/\"},{\"@type\":\"ListItem\",\"position\":2,\"name\":\"MobileAppPages\",\"item\":\"https:\\\/\\\/www.miamibeachfl.gov\\\/egovapp\\\/\"},{\"@type\":\"ListItem\",\"position\":3,\"name\":\"City Hall Department Directory\",\"item\":\"https:\\\/\\\/www.miamibeachfl.gov\\\/egovapp\\\/city-hall\\\/\"},{\"@type\":\"ListItem\",\"position\":4,\"name\":\"Environment and Sustainability Department\"}]},{\"@type\":\"WebSite\",\"@id\":\"https:\\\/\\\/www.miamibeachfl.gov\\\/#website\",\"url\":\"https:\\\/\\\/www.miamibeachfl.gov\\\/\",\"name\":\"City of Miami Beach\",\"description\":\"The official website of the City of Miami Beach. Stay informed, find important information on city services, news, alerts, events, trolley routes, government employment and more.\",\"publisher\":{\"@id\":\"https:\\\/\\\/www.miamibeachfl.gov\\\/#organization\"},\"potentialAction\":[{\"@type\":\"SearchAction\",\"target\":{\"@type\":\"EntryPoint\",\"urlTemplate\":\"https:\\\/\\\/www.miamibeachfl.gov\\\/?s={search_term_string}\"},\"query-input\":{\"@type\":\"PropertyValueSpecification\",\"valueRequired\":true,\"valueName\":\"search_term_string\"}}],\"inLanguage\":\"es\"},{\"@type\":\"Organization\",\"@id\":\"https:\\\/\\\/www.miamibeachfl.gov\\\/#organization\",\"name\":\"City of Miami Beach\",\"url\":\"https:\\\/\\\/www.miamibeachfl.gov\\\/\",\"logo\":{\"@type\":\"ImageObject\",\"inLanguage\":\"es\",\"@id\":\"https:\\\/\\\/www.miamibeachfl.gov\\\/#\\\/schema\\\/logo\\\/image\\\/\",\"url\":\"https:\\\/\\\/www.miamibeachfl.gov\\\/wp-content\\\/uploads\\\/2022\\\/06\\\/miamibeach-logoblue.png\",\"contentUrl\":\"https:\\\/\\\/www.miamibeachfl.gov\\\/wp-content\\\/uploads\\\/2022\\\/06\\\/miamibeach-logoblue.png\",\"width\":1962,\"height\":381,\"caption\":\"City of Miami Beach\"},\"image\":{\"@id\":\"https:\\\/\\\/www.miamibeachfl.gov\\\/#\\\/schema\\\/logo\\\/image\\\/\"},\"sameAs\":[\"https:\\\/\\\/www.facebook.com\\\/cityofmiamibeach\",\"https:\\\/\\\/x.com\\\/Miamibeachnews\",\"https:\\\/\\\/www.instagram.com\\\/miamibeachnews\\\/\"],\"description\":\"The official website of the City of Miami Beach. Stay informed, find important information on city services, news, alerts, events, trolley routes, government employment and more.\",\"telephone\":\"305.604.CITY(2489)\",\"legalName\":\"City of Miami Beach\"}]}<\/script>\n<!-- \/ Yoast SEO Premium plugin. -->","yoast_head_json":{"title":"Departamento de Medio Ambiente y Sostenibilidad - Ciudad de Miami Beach","description":"El Departamento de Medio Ambiente y Sostenibilidad desarrolla e implementa iniciativas de adaptaci\u00f3n y mitigaci\u00f3n para preservar, proteger y mejorar nuestros recursos naturales.","robots":{"index":"index","follow":"follow","max-snippet":"max-snippet:-1","max-image-preview":"max-image-preview:large","max-video-preview":"max-video-preview:-1"},"canonical":"https:\/\/www.miamibeachfl.gov\/es\/egovapp\/city-hall\/environmentalandsustainabiitydepartment\/","og_locale":"es_ES","og_type":"article","og_title":"Environment and Sustainability Department","og_description":"The Environment and Sustainability Department develops and implements adaptation and mitigation initiatives to preserve, protect, and enhance our natural resources.","og_url":"https:\/\/www.miamibeachfl.gov\/es\/egovapp\/city-hall\/environmentalandsustainabiitydepartment\/","og_site_name":"City of Miami Beach","article_publisher":"https:\/\/www.facebook.com\/cityofmiamibeach","article_modified_time":"2025-06-07T19:20:50+00:00","og_image":[{"width":1000,"height":1000,"url":"https:\/\/www.miamibeachfl.gov\/wp-content\/uploads\/2024\/01\/1000pxSquare-miamibeach-aerial-southpointview.jpeg","type":"image\/jpeg"}],"twitter_card":"summary_large_image","twitter_site":"@Miamibeachnews","schema":{"@context":"https:\/\/schema.org","@graph":[{"@type":"WebPage","@id":"https:\/\/www.miamibeachfl.gov\/egovapp\/city-hall\/environmentalandsustainabiitydepartment\/","url":"https:\/\/www.miamibeachfl.gov\/egovapp\/city-hall\/environmentalandsustainabiitydepartment\/","name":"Departamento de Medio Ambiente y Sostenibilidad - Ciudad de Miami Beach","isPartOf":{"@id":"https:\/\/www.miamibeachfl.gov\/#website"},"datePublished":"2023-07-20T17:32:35+00:00","dateModified":"2025-06-07T19:20:50+00:00","description":"El Departamento de Medio Ambiente y Sostenibilidad desarrolla e implementa iniciativas de adaptaci\u00f3n y mitigaci\u00f3n para preservar, proteger y mejorar nuestros recursos naturales.","breadcrumb":{"@id":"https:\/\/www.miamibeachfl.gov\/egovapp\/city-hall\/environmentalandsustainabiitydepartment\/#breadcrumb"},"inLanguage":"es","potentialAction":[{"@type":"ReadAction","target":["https:\/\/www.miamibeachfl.gov\/egovapp\/city-hall\/environmentalandsustainabiitydepartment\/"]}]},{"@type":"BreadcrumbList","@id":"https:\/\/www.miamibeachfl.gov\/egovapp\/city-hall\/environmentalandsustainabiitydepartment\/#breadcrumb","itemListElement":[{"@type":"ListItem","position":1,"name":"Home","item":"https:\/\/www.miamibeachfl.gov\/"},{"@type":"ListItem","position":2,"name":"MobileAppPages","item":"https:\/\/www.miamibeachfl.gov\/egovapp\/"},{"@type":"ListItem","position":3,"name":"City Hall Department Directory","item":"https:\/\/www.miamibeachfl.gov\/egovapp\/city-hall\/"},{"@type":"ListItem","position":4,"name":"Environment and Sustainability Department"}]},{"@type":"WebSite","@id":"https:\/\/www.miamibeachfl.gov\/#website","url":"https:\/\/www.miamibeachfl.gov\/","name":"Ciudad de Miami Beach","description":"Sitio web oficial de la Ciudad de Miami Beach. Mant\u00e9ngase informado, encuentre informaci\u00f3n importante sobre servicios municipales, noticias, alertas, eventos, rutas de tranv\u00edas, empleos gubernamentales y m\u00e1s.","publisher":{"@id":"https:\/\/www.miamibeachfl.gov\/#organization"},"potentialAction":[{"@type":"SearchAction","target":{"@type":"EntryPoint","urlTemplate":"https:\/\/www.miamibeachfl.gov\/?s={search_term_string}"},"query-input":{"@type":"PropertyValueSpecification","valueRequired":true,"valueName":"search_term_string"}}],"inLanguage":"es"},{"@type":"Organization","@id":"https:\/\/www.miamibeachfl.gov\/#organization","name":"Ciudad de Miami Beach","url":"https:\/\/www.miamibeachfl.gov\/","logo":{"@type":"ImageObject","inLanguage":"es","@id":"https:\/\/www.miamibeachfl.gov\/#\/schema\/logo\/image\/","url":"https:\/\/www.miamibeachfl.gov\/wp-content\/uploads\/2022\/06\/miamibeach-logoblue.png","contentUrl":"https:\/\/www.miamibeachfl.gov\/wp-content\/uploads\/2022\/06\/miamibeach-logoblue.png","width":1962,"height":381,"caption":"City of Miami Beach"},"image":{"@id":"https:\/\/www.miamibeachfl.gov\/#\/schema\/logo\/image\/"},"sameAs":["https:\/\/www.facebook.com\/cityofmiamibeach","https:\/\/x.com\/Miamibeachnews","https:\/\/www.instagram.com\/miamibeachnews\/"],"description":"Sitio web oficial de la Ciudad de Miami Beach. Mant\u00e9ngase informado, encuentre informaci\u00f3n importante sobre servicios municipales, noticias, alertas, eventos, rutas de tranv\u00edas, empleos gubernamentales y m\u00e1s.","telephone":"305.604.CITY(2489)","legalName":"City of Miami Beach"}]}},"_links":{"self":[{"href":"https:\/\/www.miamibeachfl.gov\/es\/wp-json\/wp\/v2\/pages\/265609","targetHints":{"allow":["GET"]}}],"collection":[{"href":"https:\/\/www.miamibeachfl.gov\/es\/wp-json\/wp\/v2\/pages"}],"about":[{"href":"https:\/\/www.miamibeachfl.gov\/es\/wp-json\/wp\/v2\/types\/page"}],"author":[{"embeddable":true,"href":"https:\/\/www.miamibeachfl.gov\/es\/wp-json\/wp\/v2\/users\/222"}],"replies":[{"embeddable":true,"href":"https:\/\/www.miamibeachfl.gov\/es\/wp-json\/wp\/v2\/comments?post=265609"}],"version-history":[{"count":1,"href":"https:\/\/www.miamibeachfl.gov\/es\/wp-json\/wp\/v2\/pages\/265609\/revisions"}],"predecessor-version":[{"id":375794,"href":"https:\/\/www.miamibeachfl.gov\/es\/wp-json\/wp\/v2\/pages\/265609\/revisions\/375794"}],"up":[{"embeddable":true,"href":"https:\/\/www.miamibeachfl.gov\/es\/wp-json\/wp\/v2\/pages\/265532"}],"wp:attachment":[{"href":"https:\/\/www.miamibeachfl.gov\/es\/wp-json\/wp\/v2\/media?parent=265609"}],"wp:term":[{"taxonomy":"category","embeddable":true,"href":"https:\/\/www.miamibeachfl.gov\/es\/wp-json\/wp\/v2\/categories?post=265609"},{"taxonomy":"post_tag","embeddable":true,"href":"https:\/\/www.miamibeachfl.gov\/es\/wp-json\/wp\/v2\/tags?post=265609"}],"curies":[{"name":"gracias","href":"https:\/\/api.w.org\/{rel}","templated":true}]}}