{"id":265612,"date":"2023-07-20T13:40:36","date_gmt":"2023-07-20T17:40:36","guid":{"rendered":"https:\/\/www.miamibeachfl.gov\/?page_id=265612"},"modified":"2025-06-07T15:22:21","modified_gmt":"2025-06-07T19:22:21","slug":"facilitiesmanagementdepartment","status":"publish","type":"page","link":"https:\/\/www.miamibeachfl.gov\/es\/egovapp\/city-hall\/facilitiesmanagementdepartment\/","title":{"rendered":"Departamento de Instalaciones y Gesti\u00f3n de Flotas"},"content":{"rendered":"<a href=\"https:\/\/www.miamibeachfl.gov\/es\/egovapp\/city-hall\/\" target=\"_self\">\n\t\t\t\t\t\tRegresar al directorio del departamento\n\t\t\t\t\t<\/a>\n<h1>\n\t\t\tGesti\u00f3n de instalaciones y flotas\t<\/h1>\n\t<ul>\n\t\t<li><a href=\"tel:3056737631\" target=\"_self\"  aria-label=\"Ir al tel:3056737631\">\t\t\t\t\n\t\t<h3>305.673.7631<\/h3><\/a><\/li><li>\t\t\t\t\n\t\t<h3>Horario de oficina:<\/h3><p>Lunes a viernes: 7:30 a. m. a 5 p. m.<\/p><\/li><li><a href=\"https:\/\/goo.gl\/maps\/9kJcCSUVV47YJUKV8\" target=\"_blank\" rel=\"noopener\" aria-label=\"Vaya a https:\/\/goo.gl\/maps\/9kJcCSUVV47YJUKV8\">\t\t\t\t\n\t\t<h3>Oficina central:<\/h3><p>1833 Bay Road<br \/>Miami Beach, FL 33139<\/p><\/a><\/li>\t<\/ul>\n<h2>\n\t\t\tFondo\t<\/h2>\n\t<p><strong>Gesti\u00f3n de activos<\/strong><\/p>\n<p>La Divisi\u00f3n de Gesti\u00f3n de Activos es responsable de la gesti\u00f3n de una cartera compuesta por m\u00e1s de 387 parcelas con designaciones como comercial, gubernamental, de uso mixto y residencial, que totalizan aproximadamente 30 millones de pies cuadrados. Esta Divisi\u00f3n se encarga de iniciativas para desarrollar est\u00e1ndares acordes con el desarrollo econ\u00f3mico, ajustes del IPC para reflejar el valor actual del mercado, posibles transacciones inmobiliarias, la optimizaci\u00f3n del espacio y la maximizaci\u00f3n del valor del inventario inmobiliario. La Divisi\u00f3n tambi\u00e9n gestiona y supervisa m\u00e1s de 160 concesiones y contratos de arrendamiento.<\/p>\n<p><strong>Gesti\u00f3n de instalaciones<\/strong><\/p>\n<p>La Divisi\u00f3n de Gesti\u00f3n de Instalaciones es responsable de las operaciones diarias y el mantenimiento de los activos de la Ciudad, incluyendo 102 edificios municipales, el Distrito de Lincoln Road, 39 puentes, 15 monumentos, 23 fuentes, 4 Distritos Fiscales Especiales (Normandy Shores, Biscayne Point, Allison Island y Biscayne Beach), el programa de iluminaci\u00f3n navide\u00f1a, m\u00e1s de 9.6 km de zonas peatonales a lo largo de las playas y el paseo mar\u00edtimo, y 36 puestos de socorristas. La Divisi\u00f3n colabora con otros departamentos y divisiones, como Parques y Recreaci\u00f3n, Obras P\u00fablicas y Gesti\u00f3n de Espacios Verdes, para brindar servicios de calidad.<\/p>\n<p><strong>Gesti\u00f3n de flotas<\/strong><\/p>\n<p>La Divisi\u00f3n de Gesti\u00f3n de Flotas gestiona la diversa flota de la Ciudad, compuesta por aproximadamente 1250 veh\u00edculos con un valor de reposici\u00f3n de aproximadamente 1,4 millones de d\u00f3lares. Este total incluye casi 880 sedanes, SUV, camionetas ligeras y furgonetas, y el resto se compone de diversos camiones pesados y equipos especializados, como equipos de construcci\u00f3n, barredoras, camiones aspiradores, torres de iluminaci\u00f3n, generadores, veh\u00edculos todoterreno, motos acu\u00e1ticas, remolques y hidrolavadoras. La flota tambi\u00e9n realiza el mantenimiento de m\u00e1s de 100 veh\u00edculos para la Villa de Key Biscayne y North Bay Village.<\/p>\n<p>Reconocida en la lista de las 100 Mejores Flotas de las Am\u00e9ricas 2022 por la Asociaci\u00f3n Nacional de Administradores de Flotas (NAFA).<\/p>","protected":false},"excerpt":{"rendered":"<p>Regresar al Directorio del Departamento Administraci\u00f3n de Instalaciones y Flotas 305.673.7631 Horario de oficina: Lunes a viernes: 7:30 a. m. a 5:00 p. m. Oficina principal: 1833 [\u2026]<\/p>","protected":false},"author":222,"featured_media":0,"parent":265532,"menu_order":0,"comment_status":"closed","ping_status":"closed","template":"","meta":{"_searchwp_excluded":"1","site-sidebar-layout":"default","site-content-layout":"","ast-site-content-layout":"","site-content-style":"default","site-sidebar-style":"default","ast-global-header-display":"disabled","ast-banner-title-visibility":"","ast-main-header-display":"","ast-hfb-above-header-display":"","ast-hfb-below-header-display":"","ast-hfb-mobile-header-display":"","site-post-title":"","ast-breadcrumbs-content":"","ast-featured-img":"","footer-sml-layout":"disabled","theme-transparent-header-meta":"","adv-header-id-meta":"","stick-header-meta":"","header-above-stick-meta":"","header-main-stick-meta":"","header-below-stick-meta":"","astra-migrate-meta-layouts":"default","ast-page-background-enabled":"default","ast-page-background-meta":{"desktop":{"background-color":"var(--ast-global-color-5)","background-image":"","background-repeat":"repeat","background-position":"center center","background-size":"auto","background-attachment":"scroll","background-type":"","background-media":"","overlay-type":"","overlay-color":"","overlay-opacity":"","overlay-gradient":""},"tablet":{"background-color":"","background-image":"","background-repeat":"repeat","background-position":"center center","background-size":"auto","background-attachment":"scroll","background-type":"","background-media":"","overlay-type":"","overlay-color":"","overlay-opacity":"","overlay-gradient":""},"mobile":{"background-color":"","background-image":"","background-repeat":"repeat","background-position":"center center","background-size":"auto","background-attachment":"scroll","background-type":"","background-media":"","overlay-type":"","overlay-color":"","overlay-opacity":"","overlay-gradient":""}},"ast-content-background-meta":{"desktop":{"background-color":"var(--ast-global-color-4)","background-image":"","background-repeat":"repeat","background-position":"center center","background-size":"auto","background-attachment":"scroll","background-type":"","background-media":"","overlay-type":"","overlay-color":"","overlay-opacity":"","overlay-gradient":""},"tablet":{"background-color":"var(--ast-global-color-4)","background-image":"","background-repeat":"repeat","background-position":"center center","background-size":"auto","background-attachment":"scroll","background-type":"","background-media":"","overlay-type":"","overlay-color":"","overlay-opacity":"","overlay-gradient":""},"mobile":{"background-color":"var(--ast-global-color-4)","background-image":"","background-repeat":"repeat","background-position":"center center","background-size":"auto","background-attachment":"scroll","background-type":"","background-media":"","overlay-type":"","overlay-color":"","overlay-opacity":"","overlay-gradient":""}},"footnotes":""},"categories":[],"tags":[1002,1000],"class_list":["post-265612","page","type-page","status-publish","hentry","tag-app-egov-page","tag-cityhall-egovapp"],"yoast_head":"<!-- This site is optimized with the Yoast SEO Premium plugin v26.6 (Yoast SEO v26.6) - https:\/\/yoast.com\/wordpress\/plugins\/seo\/ -->\n<title>Facilities and Fleet Management Department - City of Miami Beach<\/title>\n<meta name=\"description\" content=\"The Environment and Sustainability Department develops and implements adaptation and mitigation initiatives to preserve, protect, and enhance our natural resources.The Facilities and Fleet Management Department provides comprehensive management and maintenance of City-owned assets including facilities, real property, and fleet vehicles\" \/>\n<meta name=\"robots\" content=\"index, follow, max-snippet:-1, max-image-preview:large, max-video-preview:-1\" \/>\n<link rel=\"canonical\" href=\"https:\/\/www.miamibeachfl.gov\/es\/egovapp\/city-hall\/facilitiesmanagementdepartment\/\" \/>\n<meta property=\"og:locale\" content=\"es_ES\" \/>\n<meta property=\"og:type\" content=\"article\" \/>\n<meta property=\"og:title\" content=\"Facilities and Fleet Management Department\" \/>\n<meta property=\"og:description\" content=\"The Environment and Sustainability Department develops and implements adaptation and mitigation initiatives to preserve, protect, and enhance our natural resources.The Facilities and Fleet Management Department provides comprehensive management and maintenance of City-owned assets including facilities, real property, and fleet vehicles\" \/>\n<meta property=\"og:url\" content=\"https:\/\/www.miamibeachfl.gov\/es\/egovapp\/city-hall\/facilitiesmanagementdepartment\/\" \/>\n<meta property=\"og:site_name\" content=\"City of Miami Beach\" \/>\n<meta property=\"article:publisher\" content=\"https:\/\/www.facebook.com\/cityofmiamibeach\" \/>\n<meta property=\"article:modified_time\" content=\"2025-06-07T19:22:21+00:00\" \/>\n<meta property=\"og:image\" content=\"https:\/\/www.miamibeachfl.gov\/wp-content\/uploads\/2024\/01\/1000pxSquare-miamibeach-aerial-southpointview.jpeg\" \/>\n\t<meta property=\"og:image:width\" content=\"1000\" \/>\n\t<meta property=\"og:image:height\" content=\"1000\" \/>\n\t<meta property=\"og:image:type\" content=\"image\/jpeg\" \/>\n<meta name=\"twitter:card\" content=\"summary_large_image\" \/>\n<meta name=\"twitter:site\" content=\"@Miamibeachnews\" \/>\n<script type=\"application\/ld+json\" class=\"yoast-schema-graph\">{\"@context\":\"https:\/\/schema.org\",\"@graph\":[{\"@type\":\"WebPage\",\"@id\":\"https:\/\/www.miamibeachfl.gov\/egovapp\/city-hall\/facilitiesmanagementdepartment\/\",\"url\":\"https:\/\/www.miamibeachfl.gov\/egovapp\/city-hall\/facilitiesmanagementdepartment\/\",\"name\":\"Facilities and Fleet Management Department - City of Miami Beach\",\"isPartOf\":{\"@id\":\"https:\/\/www.miamibeachfl.gov\/#website\"},\"datePublished\":\"2023-07-20T17:40:36+00:00\",\"dateModified\":\"2025-06-07T19:22:21+00:00\",\"description\":\"The Environment and Sustainability Department develops and implements adaptation and mitigation initiatives to preserve, protect, and enhance our natural resources.The Facilities and Fleet Management Department provides comprehensive management and maintenance of City-owned assets including facilities, real property, and fleet vehicles\",\"breadcrumb\":{\"@id\":\"https:\/\/www.miamibeachfl.gov\/egovapp\/city-hall\/facilitiesmanagementdepartment\/#breadcrumb\"},\"inLanguage\":\"es\",\"potentialAction\":[{\"@type\":\"ReadAction\",\"target\":[\"https:\/\/www.miamibeachfl.gov\/egovapp\/city-hall\/facilitiesmanagementdepartment\/\"]}]},{\"@type\":\"BreadcrumbList\",\"@id\":\"https:\/\/www.miamibeachfl.gov\/egovapp\/city-hall\/facilitiesmanagementdepartment\/#breadcrumb\",\"itemListElement\":[{\"@type\":\"ListItem\",\"position\":1,\"name\":\"Home\",\"item\":\"https:\/\/www.miamibeachfl.gov\/\"},{\"@type\":\"ListItem\",\"position\":2,\"name\":\"MobileAppPages\",\"item\":\"https:\/\/www.miamibeachfl.gov\/egovapp\/\"},{\"@type\":\"ListItem\",\"position\":3,\"name\":\"City Hall Department Directory\",\"item\":\"https:\/\/www.miamibeachfl.gov\/egovapp\/city-hall\/\"},{\"@type\":\"ListItem\",\"position\":4,\"name\":\"Facilities and Fleet Management Department\"}]},{\"@type\":\"WebSite\",\"@id\":\"https:\/\/www.miamibeachfl.gov\/#website\",\"url\":\"https:\/\/www.miamibeachfl.gov\/\",\"name\":\"City of Miami Beach\",\"description\":\"The official website of the City of Miami Beach. Stay informed, find important information on city services, news, alerts, events, trolley routes, government employment and more.\",\"publisher\":{\"@id\":\"https:\/\/www.miamibeachfl.gov\/#organization\"},\"potentialAction\":[{\"@type\":\"SearchAction\",\"target\":{\"@type\":\"EntryPoint\",\"urlTemplate\":\"https:\/\/www.miamibeachfl.gov\/?s={search_term_string}\"},\"query-input\":{\"@type\":\"PropertyValueSpecification\",\"valueRequired\":true,\"valueName\":\"search_term_string\"}}],\"inLanguage\":\"es\"},{\"@type\":\"Organization\",\"@id\":\"https:\/\/www.miamibeachfl.gov\/#organization\",\"name\":\"City of Miami Beach\",\"url\":\"https:\/\/www.miamibeachfl.gov\/\",\"logo\":{\"@type\":\"ImageObject\",\"inLanguage\":\"es\",\"@id\":\"https:\/\/www.miamibeachfl.gov\/#\/schema\/logo\/image\/\",\"url\":\"https:\/\/www.miamibeachfl.gov\/wp-content\/uploads\/2022\/06\/miamibeach-logoblue.png\",\"contentUrl\":\"https:\/\/www.miamibeachfl.gov\/wp-content\/uploads\/2022\/06\/miamibeach-logoblue.png\",\"width\":1962,\"height\":381,\"caption\":\"City of Miami Beach\"},\"image\":{\"@id\":\"https:\/\/www.miamibeachfl.gov\/#\/schema\/logo\/image\/\"},\"sameAs\":[\"https:\/\/www.facebook.com\/cityofmiamibeach\",\"https:\/\/x.com\/Miamibeachnews\",\"https:\/\/www.instagram.com\/miamibeachnews\/\"],\"description\":\"The official website of the City of Miami Beach. Stay informed, find important information on city services, news, alerts, events, trolley routes, government employment and more.\",\"telephone\":\"305.604.CITY(2489)\",\"legalName\":\"City of Miami Beach\"}]}<\/script>\n<!-- \/ Yoast SEO Premium plugin. -->","yoast_head_json":{"title":"Departamento de Instalaciones y Gesti\u00f3n de Flotas - Ciudad de Miami Beach","description":"El Departamento de Medio Ambiente y Sostenibilidad desarrolla e implementa iniciativas de adaptaci\u00f3n y mitigaci\u00f3n para preservar, proteger y mejorar nuestros recursos naturales. El Departamento de Gesti\u00f3n de Instalaciones y Flotas proporciona una gesti\u00f3n y un mantenimiento integrales de los activos propiedad de la Ciudad, incluidas las instalaciones, los bienes inmuebles y los veh\u00edculos de la flota.","robots":{"index":"index","follow":"follow","max-snippet":"max-snippet:-1","max-image-preview":"max-image-preview:large","max-video-preview":"max-video-preview:-1"},"canonical":"https:\/\/www.miamibeachfl.gov\/es\/egovapp\/city-hall\/facilitiesmanagementdepartment\/","og_locale":"es_ES","og_type":"article","og_title":"Facilities and Fleet Management Department","og_description":"The Environment and Sustainability Department develops and implements adaptation and mitigation initiatives to preserve, protect, and enhance our natural resources.The Facilities and Fleet Management Department provides comprehensive management and maintenance of City-owned assets including facilities, real property, and fleet vehicles","og_url":"https:\/\/www.miamibeachfl.gov\/es\/egovapp\/city-hall\/facilitiesmanagementdepartment\/","og_site_name":"City of Miami Beach","article_publisher":"https:\/\/www.facebook.com\/cityofmiamibeach","article_modified_time":"2025-06-07T19:22:21+00:00","og_image":[{"width":1000,"height":1000,"url":"https:\/\/www.miamibeachfl.gov\/wp-content\/uploads\/2024\/01\/1000pxSquare-miamibeach-aerial-southpointview.jpeg","type":"image\/jpeg"}],"twitter_card":"summary_large_image","twitter_site":"@Miamibeachnews","schema":{"@context":"https:\/\/schema.org","@graph":[{"@type":"WebPage","@id":"https:\/\/www.miamibeachfl.gov\/egovapp\/city-hall\/facilitiesmanagementdepartment\/","url":"https:\/\/www.miamibeachfl.gov\/egovapp\/city-hall\/facilitiesmanagementdepartment\/","name":"Departamento de Instalaciones y Gesti\u00f3n de Flotas - Ciudad de Miami Beach","isPartOf":{"@id":"https:\/\/www.miamibeachfl.gov\/#website"},"datePublished":"2023-07-20T17:40:36+00:00","dateModified":"2025-06-07T19:22:21+00:00","description":"El Departamento de Medio Ambiente y Sostenibilidad desarrolla e implementa iniciativas de adaptaci\u00f3n y mitigaci\u00f3n para preservar, proteger y mejorar nuestros recursos naturales. El Departamento de Gesti\u00f3n de Instalaciones y Flotas proporciona una gesti\u00f3n y un mantenimiento integrales de los activos propiedad de la Ciudad, incluidas las instalaciones, los bienes inmuebles y los veh\u00edculos de la flota.","breadcrumb":{"@id":"https:\/\/www.miamibeachfl.gov\/egovapp\/city-hall\/facilitiesmanagementdepartment\/#breadcrumb"},"inLanguage":"es","potentialAction":[{"@type":"ReadAction","target":["https:\/\/www.miamibeachfl.gov\/egovapp\/city-hall\/facilitiesmanagementdepartment\/"]}]},{"@type":"BreadcrumbList","@id":"https:\/\/www.miamibeachfl.gov\/egovapp\/city-hall\/facilitiesmanagementdepartment\/#breadcrumb","itemListElement":[{"@type":"ListItem","position":1,"name":"Home","item":"https:\/\/www.miamibeachfl.gov\/"},{"@type":"ListItem","position":2,"name":"MobileAppPages","item":"https:\/\/www.miamibeachfl.gov\/egovapp\/"},{"@type":"ListItem","position":3,"name":"City Hall Department Directory","item":"https:\/\/www.miamibeachfl.gov\/egovapp\/city-hall\/"},{"@type":"ListItem","position":4,"name":"Facilities and Fleet Management Department"}]},{"@type":"WebSite","@id":"https:\/\/www.miamibeachfl.gov\/#website","url":"https:\/\/www.miamibeachfl.gov\/","name":"Ciudad de Miami Beach","description":"Sitio web oficial de la Ciudad de Miami Beach. Mant\u00e9ngase informado, encuentre informaci\u00f3n importante sobre servicios municipales, noticias, alertas, eventos, rutas de tranv\u00edas, empleos gubernamentales y m\u00e1s.","publisher":{"@id":"https:\/\/www.miamibeachfl.gov\/#organization"},"potentialAction":[{"@type":"SearchAction","target":{"@type":"EntryPoint","urlTemplate":"https:\/\/www.miamibeachfl.gov\/?s={search_term_string}"},"query-input":{"@type":"PropertyValueSpecification","valueRequired":true,"valueName":"search_term_string"}}],"inLanguage":"es"},{"@type":"Organization","@id":"https:\/\/www.miamibeachfl.gov\/#organization","name":"Ciudad de Miami Beach","url":"https:\/\/www.miamibeachfl.gov\/","logo":{"@type":"ImageObject","inLanguage":"es","@id":"https:\/\/www.miamibeachfl.gov\/#\/schema\/logo\/image\/","url":"https:\/\/www.miamibeachfl.gov\/wp-content\/uploads\/2022\/06\/miamibeach-logoblue.png","contentUrl":"https:\/\/www.miamibeachfl.gov\/wp-content\/uploads\/2022\/06\/miamibeach-logoblue.png","width":1962,"height":381,"caption":"City of Miami Beach"},"image":{"@id":"https:\/\/www.miamibeachfl.gov\/#\/schema\/logo\/image\/"},"sameAs":["https:\/\/www.facebook.com\/cityofmiamibeach","https:\/\/x.com\/Miamibeachnews","https:\/\/www.instagram.com\/miamibeachnews\/"],"description":"Sitio web oficial de la Ciudad de Miami Beach. Mant\u00e9ngase informado, encuentre informaci\u00f3n importante sobre servicios municipales, noticias, alertas, eventos, rutas de tranv\u00edas, empleos gubernamentales y m\u00e1s.","telephone":"305.604.CITY(2489)","legalName":"City of Miami Beach"}]}},"_links":{"self":[{"href":"https:\/\/www.miamibeachfl.gov\/es\/wp-json\/wp\/v2\/pages\/265612","targetHints":{"allow":["GET"]}}],"collection":[{"href":"https:\/\/www.miamibeachfl.gov\/es\/wp-json\/wp\/v2\/pages"}],"about":[{"href":"https:\/\/www.miamibeachfl.gov\/es\/wp-json\/wp\/v2\/types\/page"}],"author":[{"embeddable":true,"href":"https:\/\/www.miamibeachfl.gov\/es\/wp-json\/wp\/v2\/users\/222"}],"replies":[{"embeddable":true,"href":"https:\/\/www.miamibeachfl.gov\/es\/wp-json\/wp\/v2\/comments?post=265612"}],"version-history":[{"count":0,"href":"https:\/\/www.miamibeachfl.gov\/es\/wp-json\/wp\/v2\/pages\/265612\/revisions"}],"up":[{"embeddable":true,"href":"https:\/\/www.miamibeachfl.gov\/es\/wp-json\/wp\/v2\/pages\/265532"}],"wp:attachment":[{"href":"https:\/\/www.miamibeachfl.gov\/es\/wp-json\/wp\/v2\/media?parent=265612"}],"wp:term":[{"taxonomy":"category","embeddable":true,"href":"https:\/\/www.miamibeachfl.gov\/es\/wp-json\/wp\/v2\/categories?post=265612"},{"taxonomy":"post_tag","embeddable":true,"href":"https:\/\/www.miamibeachfl.gov\/es\/wp-json\/wp\/v2\/tags?post=265612"}],"curies":[{"name":"gracias","href":"https:\/\/api.w.org\/{rel}","templated":true}]}}