{"id":265618,"date":"2023-07-20T13:54:33","date_gmt":"2023-07-20T17:54:33","guid":{"rendered":"https:\/\/www.miamibeachfl.gov\/?page_id=265618"},"modified":"2025-06-07T15:27:22","modified_gmt":"2025-06-07T19:27:22","slug":"firedepartment","status":"publish","type":"page","link":"https:\/\/www.miamibeachfl.gov\/es\/egovapp\/city-hall\/firedepartment\/","title":{"rendered":"Departamento de bomberos"},"content":{"rendered":"<a href=\"https:\/\/www.miamibeachfl.gov\/es\/egovapp\/city-hall\/\" target=\"_self\">\n\t\t\t\t\t\tRegresar al directorio del departamento\n\t\t\t\t\t<\/a>\n<h1>\n\t\t\tFuego\t<\/h1>\n\t<ul>\n\t\t<li><a href=\"tel:3056737120\" target=\"_self\"  aria-label=\"Ir al tel:3056737120\">\t\t\t\t\n\t\t<h3>305.673.7120<\/h3><\/a><\/li><li>\t\t\t\t\n\t\t<h3>Horario de oficina:<\/h3><p>Lunes a viernes: 8:00 a. m. a 4:30 p. m.<\/p><\/li><li><a href=\"https:\/\/goo.gl\/maps\/3mR7qoNoBLgKjLgcA\" target=\"_blank\" rel=\"noopener\" aria-label=\"Vaya a https:\/\/goo.gl\/maps\/3mR7qoNoBLgKjLgcA\">\t\t\t\t\n\t\t<h3>Oficina central:<\/h3><p>2300 Pine Tree Drive<br \/>Miami Beach, FL 33140<\/p><\/a><\/li><li><a href=\"https:\/\/goo.gl\/maps\/3mR7qoNoBLgKjLgcA\" target=\"_blank\" rel=\"noopener\" aria-label=\"Vaya a https:\/\/goo.gl\/maps\/3mR7qoNoBLgKjLgcA\">\t\t\t\t\n\t\t<h3>Estaciones:<\/h3><p><strong>Estaci\u00f3n de bomberos 1<\/strong> 1051 Jefferson Ave., Miami Beach, FL, 33139 <a href=\"tel:3056737135\">305.673.7135<\/a><strong>Estaci\u00f3n de bomberos 2<\/strong> 2300 Pine Tree Drive, Miami Beach, FL, 33140 <a href=\"http:\/\/3056737120\" data-wplink-url-error=\"true\">305.673.7120<\/a><strong>Estaci\u00f3n de bomberos 3<\/strong> 5303 Collins Ave., Miami Beach, FL, 33140 <a href=\"http:\/\/3056737129\" data-wplink-url-error=\"true\">305.673.7179<\/a><strong>Estaci\u00f3n de bomberos 4<\/strong> 6880 Indian Creek Dr., Miami Beach, Florida, 33141 <a href=\"http:\/\/3056737136\" data-wplink-url-error=\"true\">305.673.7136<\/a><\/p><\/a><\/li>\t<\/ul>\n<h2>\n\t\t\tFondo\t<\/h2>\n\t<p>La funci\u00f3n principal de la Oficina es desarrollar e implementar actividades integrales de planificaci\u00f3n, mitigaci\u00f3n y respuesta ante desastres dentro de la ciudad.<\/p>\n<p>Reducir la vulnerabilidad ante posibles emergencias y desastres importantes.<\/p>\n<p>Planificar los mejores procesos mediante los cuales la comunidad pueda recuperarse f\u00edsica, econ\u00f3mica y emocionalmente.<\/p>\n<p>Involucrar a toda la comunidad en la planificaci\u00f3n, capacitaci\u00f3n y ejercicio de las capacidades b\u00e1sicas en el marco de las cinco \u00e1reas de misi\u00f3n: prevenci\u00f3n, protecci\u00f3n, mitigaci\u00f3n, respuesta y recuperaci\u00f3n.<\/p>\n<p>Proporcionar conocimiento de la situaci\u00f3n a los departamentos de la ciudad y a los socios de gesti\u00f3n de emergencias.<\/p>\n<p>Adoptar un enfoque integrado, basado en todos los riesgos y peligros para la mitigaci\u00f3n, la respuesta, la continuidad de las operaciones, la recuperaci\u00f3n y la planificaci\u00f3n de la preparaci\u00f3n.<\/p>\n<p>Emplear estrategias de gesti\u00f3n de emergencias que aborden el objetivo final de la sostenibilidad.<\/p>\n<p>Trabajar para mejorar la conciencia y la comprensi\u00f3n de las cinco \u00e1reas de misi\u00f3n involucrando a toda la comunidad en la prevenci\u00f3n, protecci\u00f3n, mitigaci\u00f3n, respuesta y recuperaci\u00f3n.<\/p>\n<p>Construir alianzas s\u00f3lidas con entidades locales, estatales, regionales, nacionales e internacionales para obtener beneficios mutuos de la preparaci\u00f3n y la resiliencia.<\/p>\n<p>&nbsp;<\/p>","protected":false},"excerpt":{"rendered":"<p>Back to Department Directory Fire 305.673.7120 Office Hours: Monday &#8211; Friday: 8AM &#8211; 4:30PM Main Office: 2300 Pine Tree DriveMiami [&hellip;]<\/p>\n","protected":false},"author":222,"featured_media":0,"parent":265532,"menu_order":0,"comment_status":"closed","ping_status":"closed","template":"","meta":{"_searchwp_excluded":"1","site-sidebar-layout":"default","site-content-layout":"","ast-site-content-layout":"","site-content-style":"default","site-sidebar-style":"default","ast-global-header-display":"disabled","ast-banner-title-visibility":"","ast-main-header-display":"","ast-hfb-above-header-display":"","ast-hfb-below-header-display":"","ast-hfb-mobile-header-display":"","site-post-title":"","ast-breadcrumbs-content":"","ast-featured-img":"","footer-sml-layout":"disabled","ast-disable-related-posts":"","theme-transparent-header-meta":"","adv-header-id-meta":"","stick-header-meta":"","header-above-stick-meta":"","header-main-stick-meta":"","header-below-stick-meta":"","astra-migrate-meta-layouts":"default","ast-page-background-enabled":"default","ast-page-background-meta":{"desktop":{"background-color":"var(--ast-global-color-5)","background-image":"","background-repeat":"repeat","background-position":"center center","background-size":"auto","background-attachment":"scroll","background-type":"","background-media":"","overlay-type":"","overlay-color":"","overlay-opacity":"","overlay-gradient":""},"tablet":{"background-color":"","background-image":"","background-repeat":"repeat","background-position":"center center","background-size":"auto","background-attachment":"scroll","background-type":"","background-media":"","overlay-type":"","overlay-color":"","overlay-opacity":"","overlay-gradient":""},"mobile":{"background-color":"","background-image":"","background-repeat":"repeat","background-position":"center center","background-size":"auto","background-attachment":"scroll","background-type":"","background-media":"","overlay-type":"","overlay-color":"","overlay-opacity":"","overlay-gradient":""}},"ast-content-background-meta":{"desktop":{"background-color":"var(--ast-global-color-4)","background-image":"","background-repeat":"repeat","background-position":"center center","background-size":"auto","background-attachment":"scroll","background-type":"","background-media":"","overlay-type":"","overlay-color":"","overlay-opacity":"","overlay-gradient":""},"tablet":{"background-color":"var(--ast-global-color-4)","background-image":"","background-repeat":"repeat","background-position":"center center","background-size":"auto","background-attachment":"scroll","background-type":"","background-media":"","overlay-type":"","overlay-color":"","overlay-opacity":"","overlay-gradient":""},"mobile":{"background-color":"var(--ast-global-color-4)","background-image":"","background-repeat":"repeat","background-position":"center center","background-size":"auto","background-attachment":"scroll","background-type":"","background-media":"","overlay-type":"","overlay-color":"","overlay-opacity":"","overlay-gradient":""}},"footnotes":""},"categories":[],"tags":[1002,1000],"class_list":["post-265618","page","type-page","status-publish","hentry","tag-app-egov-page","tag-cityhall-egovapp"],"yoast_head":"<!-- This site is optimized with the Yoast SEO Premium plugin v27.4 (Yoast SEO v27.4) - https:\/\/yoast.com\/product\/yoast-seo-premium-wordpress\/ -->\n<title>Fire Department - City of Miami Beach<\/title>\n<meta name=\"description\" content=\"The Fire Department is a team of dedicated professionals whose mission is to provide our residents and visitors with the highest level of safety and security through the delivery of \ufb01re suppression, emergency medical services, disaster response, ocean rescue, \ufb01re prevention, public education programs, and public safety communications.\" \/>\n<meta name=\"robots\" content=\"index, follow, max-snippet:-1, max-image-preview:large, max-video-preview:-1\" \/>\n<link rel=\"canonical\" href=\"https:\/\/www.miamibeachfl.gov\/es\/egovapp\/city-hall\/firedepartment\/\" \/>\n<meta property=\"og:locale\" content=\"es_ES\" \/>\n<meta property=\"og:type\" content=\"article\" \/>\n<meta property=\"og:title\" content=\"Fire Department\" \/>\n<meta property=\"og:description\" content=\"The Fire Department is a team of dedicated professionals whose mission is to provide our residents and visitors with the highest level of safety and security through the delivery of \ufb01re suppression, emergency medical services, disaster response, ocean rescue, \ufb01re prevention, public education programs, and public safety communications.\" \/>\n<meta property=\"og:url\" content=\"https:\/\/www.miamibeachfl.gov\/es\/egovapp\/city-hall\/firedepartment\/\" \/>\n<meta property=\"og:site_name\" content=\"City of Miami Beach\" \/>\n<meta property=\"article:publisher\" content=\"https:\/\/www.facebook.com\/cityofmiamibeach\" \/>\n<meta property=\"article:modified_time\" content=\"2025-06-07T19:27:22+00:00\" \/>\n<meta property=\"og:image\" content=\"https:\/\/www.miamibeachfl.gov\/wp-content\/uploads\/2024\/01\/1000pxSquare-miamibeach-aerial-southpointview.jpeg\" \/>\n\t<meta property=\"og:image:width\" content=\"1000\" \/>\n\t<meta property=\"og:image:height\" content=\"1000\" \/>\n\t<meta property=\"og:image:type\" content=\"image\/jpeg\" \/>\n<meta name=\"twitter:card\" content=\"summary_large_image\" \/>\n<meta name=\"twitter:site\" content=\"@Miamibeachnews\" \/>\n<script type=\"application\/ld+json\" class=\"yoast-schema-graph\">{\"@context\":\"https:\\\/\\\/schema.org\",\"@graph\":[{\"@type\":\"WebPage\",\"@id\":\"https:\\\/\\\/www.miamibeachfl.gov\\\/egovapp\\\/city-hall\\\/firedepartment\\\/\",\"url\":\"https:\\\/\\\/www.miamibeachfl.gov\\\/egovapp\\\/city-hall\\\/firedepartment\\\/\",\"name\":\"Fire Department - City of Miami Beach\",\"isPartOf\":{\"@id\":\"https:\\\/\\\/www.miamibeachfl.gov\\\/#website\"},\"datePublished\":\"2023-07-20T17:54:33+00:00\",\"dateModified\":\"2025-06-07T19:27:22+00:00\",\"description\":\"The Fire Department is a team of dedicated professionals whose mission is to provide our residents and visitors with the highest level of safety and security through the delivery of \ufb01re suppression, emergency medical services, disaster response, ocean rescue, \ufb01re prevention, public education programs, and public safety communications.\",\"breadcrumb\":{\"@id\":\"https:\\\/\\\/www.miamibeachfl.gov\\\/egovapp\\\/city-hall\\\/firedepartment\\\/#breadcrumb\"},\"inLanguage\":\"es\",\"potentialAction\":[{\"@type\":\"ReadAction\",\"target\":[\"https:\\\/\\\/www.miamibeachfl.gov\\\/egovapp\\\/city-hall\\\/firedepartment\\\/\"]}]},{\"@type\":\"BreadcrumbList\",\"@id\":\"https:\\\/\\\/www.miamibeachfl.gov\\\/egovapp\\\/city-hall\\\/firedepartment\\\/#breadcrumb\",\"itemListElement\":[{\"@type\":\"ListItem\",\"position\":1,\"name\":\"Home\",\"item\":\"https:\\\/\\\/www.miamibeachfl.gov\\\/\"},{\"@type\":\"ListItem\",\"position\":2,\"name\":\"MobileAppPages\",\"item\":\"https:\\\/\\\/www.miamibeachfl.gov\\\/egovapp\\\/\"},{\"@type\":\"ListItem\",\"position\":3,\"name\":\"City Hall Department Directory\",\"item\":\"https:\\\/\\\/www.miamibeachfl.gov\\\/egovapp\\\/city-hall\\\/\"},{\"@type\":\"ListItem\",\"position\":4,\"name\":\"Fire Department\"}]},{\"@type\":\"WebSite\",\"@id\":\"https:\\\/\\\/www.miamibeachfl.gov\\\/#website\",\"url\":\"https:\\\/\\\/www.miamibeachfl.gov\\\/\",\"name\":\"City of Miami Beach\",\"description\":\"The official website of the City of Miami Beach. Stay informed, find important information on city services, news, alerts, events, trolley routes, government employment and more.\",\"publisher\":{\"@id\":\"https:\\\/\\\/www.miamibeachfl.gov\\\/#organization\"},\"potentialAction\":[{\"@type\":\"SearchAction\",\"target\":{\"@type\":\"EntryPoint\",\"urlTemplate\":\"https:\\\/\\\/www.miamibeachfl.gov\\\/?s={search_term_string}\"},\"query-input\":{\"@type\":\"PropertyValueSpecification\",\"valueRequired\":true,\"valueName\":\"search_term_string\"}}],\"inLanguage\":\"es\"},{\"@type\":\"Organization\",\"@id\":\"https:\\\/\\\/www.miamibeachfl.gov\\\/#organization\",\"name\":\"City of Miami Beach\",\"url\":\"https:\\\/\\\/www.miamibeachfl.gov\\\/\",\"logo\":{\"@type\":\"ImageObject\",\"inLanguage\":\"es\",\"@id\":\"https:\\\/\\\/www.miamibeachfl.gov\\\/#\\\/schema\\\/logo\\\/image\\\/\",\"url\":\"https:\\\/\\\/www.miamibeachfl.gov\\\/wp-content\\\/uploads\\\/2022\\\/06\\\/miamibeach-logoblue.png\",\"contentUrl\":\"https:\\\/\\\/www.miamibeachfl.gov\\\/wp-content\\\/uploads\\\/2022\\\/06\\\/miamibeach-logoblue.png\",\"width\":1962,\"height\":381,\"caption\":\"City of Miami Beach\"},\"image\":{\"@id\":\"https:\\\/\\\/www.miamibeachfl.gov\\\/#\\\/schema\\\/logo\\\/image\\\/\"},\"sameAs\":[\"https:\\\/\\\/www.facebook.com\\\/cityofmiamibeach\",\"https:\\\/\\\/x.com\\\/Miamibeachnews\",\"https:\\\/\\\/www.instagram.com\\\/miamibeachnews\\\/\"],\"description\":\"The official website of the City of Miami Beach. Stay informed, find important information on city services, news, alerts, events, trolley routes, government employment and more.\",\"telephone\":\"305.604.CITY(2489)\",\"legalName\":\"City of Miami Beach\"}]}<\/script>\n<!-- \/ Yoast SEO Premium plugin. -->","yoast_head_json":{"title":"Departamento de Bomberos de la Ciudad de Miami Beach","description":"El Departamento de Bomberos es un equipo de profesionales dedicados cuya misi\u00f3n es brindar a nuestros residentes y visitantes el m\u00e1s alto nivel de seguridad mediante la prestaci\u00f3n de servicios de extinci\u00f3n de incendios, servicios m\u00e9dicos de emergencia, respuesta a desastres, rescate oce\u00e1nico, prevenci\u00f3n de incendios, programas de educaci\u00f3n p\u00fablica y comunicaciones de seguridad p\u00fablica.","robots":{"index":"index","follow":"follow","max-snippet":"max-snippet:-1","max-image-preview":"max-image-preview:large","max-video-preview":"max-video-preview:-1"},"canonical":"https:\/\/www.miamibeachfl.gov\/es\/egovapp\/city-hall\/firedepartment\/","og_locale":"es_ES","og_type":"article","og_title":"Fire Department","og_description":"The Fire Department is a team of dedicated professionals whose mission is to provide our residents and visitors with the highest level of safety and security through the delivery of \ufb01re suppression, emergency medical services, disaster response, ocean rescue, \ufb01re prevention, public education programs, and public safety communications.","og_url":"https:\/\/www.miamibeachfl.gov\/es\/egovapp\/city-hall\/firedepartment\/","og_site_name":"City of Miami Beach","article_publisher":"https:\/\/www.facebook.com\/cityofmiamibeach","article_modified_time":"2025-06-07T19:27:22+00:00","og_image":[{"width":1000,"height":1000,"url":"https:\/\/www.miamibeachfl.gov\/wp-content\/uploads\/2024\/01\/1000pxSquare-miamibeach-aerial-southpointview.jpeg","type":"image\/jpeg"}],"twitter_card":"summary_large_image","twitter_site":"@Miamibeachnews","schema":{"@context":"https:\/\/schema.org","@graph":[{"@type":"WebPage","@id":"https:\/\/www.miamibeachfl.gov\/egovapp\/city-hall\/firedepartment\/","url":"https:\/\/www.miamibeachfl.gov\/egovapp\/city-hall\/firedepartment\/","name":"Departamento de Bomberos de la Ciudad de Miami Beach","isPartOf":{"@id":"https:\/\/www.miamibeachfl.gov\/#website"},"datePublished":"2023-07-20T17:54:33+00:00","dateModified":"2025-06-07T19:27:22+00:00","description":"El Departamento de Bomberos es un equipo de profesionales dedicados cuya misi\u00f3n es brindar a nuestros residentes y visitantes el m\u00e1s alto nivel de seguridad mediante la prestaci\u00f3n de servicios de extinci\u00f3n de incendios, servicios m\u00e9dicos de emergencia, respuesta a desastres, rescate oce\u00e1nico, prevenci\u00f3n de incendios, programas de educaci\u00f3n p\u00fablica y comunicaciones de seguridad p\u00fablica.","breadcrumb":{"@id":"https:\/\/www.miamibeachfl.gov\/egovapp\/city-hall\/firedepartment\/#breadcrumb"},"inLanguage":"es","potentialAction":[{"@type":"ReadAction","target":["https:\/\/www.miamibeachfl.gov\/egovapp\/city-hall\/firedepartment\/"]}]},{"@type":"BreadcrumbList","@id":"https:\/\/www.miamibeachfl.gov\/egovapp\/city-hall\/firedepartment\/#breadcrumb","itemListElement":[{"@type":"ListItem","position":1,"name":"Home","item":"https:\/\/www.miamibeachfl.gov\/"},{"@type":"ListItem","position":2,"name":"MobileAppPages","item":"https:\/\/www.miamibeachfl.gov\/egovapp\/"},{"@type":"ListItem","position":3,"name":"City Hall Department Directory","item":"https:\/\/www.miamibeachfl.gov\/egovapp\/city-hall\/"},{"@type":"ListItem","position":4,"name":"Fire Department"}]},{"@type":"WebSite","@id":"https:\/\/www.miamibeachfl.gov\/#website","url":"https:\/\/www.miamibeachfl.gov\/","name":"Ciudad de Miami Beach","description":"Sitio web oficial de la Ciudad de Miami Beach. Mant\u00e9ngase informado, encuentre informaci\u00f3n importante sobre servicios municipales, noticias, alertas, eventos, rutas de tranv\u00edas, empleos gubernamentales y m\u00e1s.","publisher":{"@id":"https:\/\/www.miamibeachfl.gov\/#organization"},"potentialAction":[{"@type":"SearchAction","target":{"@type":"EntryPoint","urlTemplate":"https:\/\/www.miamibeachfl.gov\/?s={search_term_string}"},"query-input":{"@type":"PropertyValueSpecification","valueRequired":true,"valueName":"search_term_string"}}],"inLanguage":"es"},{"@type":"Organization","@id":"https:\/\/www.miamibeachfl.gov\/#organization","name":"Ciudad de Miami Beach","url":"https:\/\/www.miamibeachfl.gov\/","logo":{"@type":"ImageObject","inLanguage":"es","@id":"https:\/\/www.miamibeachfl.gov\/#\/schema\/logo\/image\/","url":"https:\/\/www.miamibeachfl.gov\/wp-content\/uploads\/2022\/06\/miamibeach-logoblue.png","contentUrl":"https:\/\/www.miamibeachfl.gov\/wp-content\/uploads\/2022\/06\/miamibeach-logoblue.png","width":1962,"height":381,"caption":"City of Miami Beach"},"image":{"@id":"https:\/\/www.miamibeachfl.gov\/#\/schema\/logo\/image\/"},"sameAs":["https:\/\/www.facebook.com\/cityofmiamibeach","https:\/\/x.com\/Miamibeachnews","https:\/\/www.instagram.com\/miamibeachnews\/"],"description":"Sitio web oficial de la Ciudad de Miami Beach. Mant\u00e9ngase informado, encuentre informaci\u00f3n importante sobre servicios municipales, noticias, alertas, eventos, rutas de tranv\u00edas, empleos gubernamentales y m\u00e1s.","telephone":"305.604.CITY(2489)","legalName":"City of Miami Beach"}]}},"_links":{"self":[{"href":"https:\/\/www.miamibeachfl.gov\/es\/wp-json\/wp\/v2\/pages\/265618","targetHints":{"allow":["GET"]}}],"collection":[{"href":"https:\/\/www.miamibeachfl.gov\/es\/wp-json\/wp\/v2\/pages"}],"about":[{"href":"https:\/\/www.miamibeachfl.gov\/es\/wp-json\/wp\/v2\/types\/page"}],"author":[{"embeddable":true,"href":"https:\/\/www.miamibeachfl.gov\/es\/wp-json\/wp\/v2\/users\/222"}],"replies":[{"embeddable":true,"href":"https:\/\/www.miamibeachfl.gov\/es\/wp-json\/wp\/v2\/comments?post=265618"}],"version-history":[{"count":1,"href":"https:\/\/www.miamibeachfl.gov\/es\/wp-json\/wp\/v2\/pages\/265618\/revisions"}],"predecessor-version":[{"id":375800,"href":"https:\/\/www.miamibeachfl.gov\/es\/wp-json\/wp\/v2\/pages\/265618\/revisions\/375800"}],"up":[{"embeddable":true,"href":"https:\/\/www.miamibeachfl.gov\/es\/wp-json\/wp\/v2\/pages\/265532"}],"wp:attachment":[{"href":"https:\/\/www.miamibeachfl.gov\/es\/wp-json\/wp\/v2\/media?parent=265618"}],"wp:term":[{"taxonomy":"category","embeddable":true,"href":"https:\/\/www.miamibeachfl.gov\/es\/wp-json\/wp\/v2\/categories?post=265618"},{"taxonomy":"post_tag","embeddable":true,"href":"https:\/\/www.miamibeachfl.gov\/es\/wp-json\/wp\/v2\/tags?post=265618"}],"curies":[{"name":"gracias","href":"https:\/\/api.w.org\/{rel}","templated":true}]}}