{"id":265636,"date":"2023-07-20T16:14:41","date_gmt":"2023-07-20T20:14:41","guid":{"rendered":"https:\/\/www.miamibeachfl.gov\/?page_id=265636"},"modified":"2025-06-07T15:35:09","modified_gmt":"2025-06-07T19:35:09","slug":"hrdepartment","status":"publish","type":"page","link":"https:\/\/www.miamibeachfl.gov\/es\/egovapp\/city-hall\/hrdepartment\/","title":{"rendered":"Departamento de Recursos Humanos"},"content":{"rendered":"<a href=\"https:\/\/www.miamibeachfl.gov\/es\/egovapp\/city-hall\/\" target=\"_self\">\n\t\t\t\t\t\tRegresar al directorio del departamento\n\t\t\t\t\t<\/a>\n<h1>\n\t\t\tRecursos humanos\t<\/h1>\n\t<ul>\n\t\t<li><a href=\"tel:3056737524\" target=\"_self\"  aria-label=\"Ir al tel:3056737524\">\t\t\t\t\n\t\t<h3>305.673.7524<\/h3><\/a><\/li><li>\t\t\t\t\n\t\t<h3>Horario de oficina:<\/h3><p>Lunes a viernes: 8:30 a. m. a 5 p. m.<\/p><\/li><li><a href=\"https:\/\/goo.gl\/maps\/L2ZxTrWpaqefYwDn9\" target=\"_self\"  aria-label=\"Vaya a https:\/\/goo.gl\/maps\/L2ZxTrWpaqefYwDn9\">\t\t\t\t\n\t\t<h3>Oficina central:<\/h3><p>1700 Convention Center Drive<br \/>3er piso<br \/>Miami Beach, FL 33139<\/p><\/a><\/li>\t<\/ul>\n\t\t\t<a href=\"\/es\/egovapp\/city-hall\/hrdepartment\/howtoapply\/\" target=\"_self\">\n\t\t\t\t\t\t\tC\u00f3mo aplicar\n\t\t\t<\/a>\n<h2>\n\t\t\t\u00c1reas de enfoque\t<\/h2>\n\t<p><strong> Compensaci\u00f3n \u2013 <\/strong>Procesa y mantiene toda la informaci\u00f3n del personal de empleados y jubilados s415, incluidas las ganancias y deducciones de n\u00f3mina, la asistencia para la matr\u00edcula, los pagos del Plan de Opci\u00f3n de Jubilaci\u00f3n Diferida (DROP), las ventas por enfermedad, las licencias y la asistencia, los aumentos del ajuste del costo de vida (COLA), las recompras de pensiones, las audiencias de desempleo, las declaraciones de compensaci\u00f3n laboral, las verificaciones de empleo, las entrevistas de salida, las bonificaciones por asistencia perfecta, las solicitudes de registros p\u00fablicos y los informes de divulgaci\u00f3n financiera del condado de Miami-Dade.<\/p>\n<p><strong> Reclutamiento y pruebas \u2013 <\/strong>Ayuda a los departamentos a reclutar y seleccionar postulantes calificados para empleos; desarrolla, administra y valida m\u00e9todos de reclutamiento competitivos; administra ex\u00e1menes previos al empleo y de promoci\u00f3n y realiza verificaciones de antecedentes previos al empleo.<\/p>\n<p><strong> Relaciones laborales y con los empleados \u2013 <\/strong>Supervisa, consulta y procesa asuntos disciplinarios; investiga y responde a todos los cargos oficiales de la Comisi\u00f3n de Igualdad de Oportunidades en el Empleo (EEOC) de presunta discriminaci\u00f3n; negocia y administra acuerdos de \u00faltima oportunidad; administra los acuerdos de negociaci\u00f3n colectiva de la Ciudad, desarrolla lenguaje para abordar cuestiones sobre las cuales hay desacuerdo entre las partes involucradas y asesora sobre la resoluci\u00f3n de conflictos; administra el proceso de quejas\/arbitraje; y lleva a cabo investigaciones en toda la ciudad relacionadas con la mala conducta de los empleados y las denuncias de pr\u00e1cticas discriminatorias.<\/p>\n<p><strong> Beneficios <\/strong>\u2013 Ayuda en la formulaci\u00f3n de programas de beneficios para empleados; desarrolla y administra contratos relacionados con beneficios; coordina actividades de inscripci\u00f3n abierta; administra el presupuesto para planes de beneficios autoasegurados y totalmente asegurados; supervisa el programa de bienestar de la Ciudad; y asegura el cumplimiento de todos los requisitos de la Ley de Protecci\u00f3n al Paciente y Atenci\u00f3n M\u00e9dica Asequible.<\/p>\n<p><strong> Gesti\u00f3n de riesgos \u2013 <\/strong>Protege los activos de la Ciudad identificando, evaluando y controlando las exposiciones a p\u00e9rdidas; administrando los programas de seguros de la Ciudad para responsabilidad, propiedad\/inundaciones y compensaci\u00f3n de trabajadores; supervisa la transferencia de riesgos y las medidas de control de p\u00e9rdidas; y realiza capacitaci\u00f3n en seguridad e inspecci\u00f3n de instalaciones para detectar posibles peligros.<strong>.<\/strong><\/p>\n<p><strong> Capacitaci\u00f3n y desarrollo \u2013 <\/strong>Eval\u00faa las necesidades de capacitaci\u00f3n a trav\u00e9s de la comunicaci\u00f3n con los departamentos; desarrolla programas de capacitaci\u00f3n para los departamentos, garantiza el cumplimiento de la capacitaci\u00f3n obligatoria; lleva a cabo la orientaci\u00f3n de nuevos empleados, educando a los empleados sobre la cultura de CMB; organiza sesiones de capacitaci\u00f3n, entrevistas y asegura expertos en la materia y proveedores; administra los programas de desarrollo de empleados para incluir programas de cultura de liderazgo y academia de empleados; supervisa los programas de recompensas y reconocimiento para incluir: programa de reconocimiento de servicios, programa de sugerencias de empleados, programa de reconocimiento de desempe\u00f1o y programa de h\u00e9roe \u00e9tico.<\/p>","protected":false},"excerpt":{"rendered":"<p>Back to Department Directory Human Resources 305.673.7524 Office Hours: Monday &#8211; Friday: 8:30AM &#8211; 5PM Main Office: 1700 Convention Center [&hellip;]<\/p>\n","protected":false},"author":222,"featured_media":0,"parent":265532,"menu_order":0,"comment_status":"closed","ping_status":"closed","template":"","meta":{"_searchwp_excluded":"1","site-sidebar-layout":"default","site-content-layout":"","ast-site-content-layout":"","site-content-style":"default","site-sidebar-style":"default","ast-global-header-display":"disabled","ast-banner-title-visibility":"","ast-main-header-display":"","ast-hfb-above-header-display":"","ast-hfb-below-header-display":"","ast-hfb-mobile-header-display":"","site-post-title":"","ast-breadcrumbs-content":"","ast-featured-img":"","footer-sml-layout":"disabled","ast-disable-related-posts":"","theme-transparent-header-meta":"","adv-header-id-meta":"","stick-header-meta":"","header-above-stick-meta":"","header-main-stick-meta":"","header-below-stick-meta":"","astra-migrate-meta-layouts":"default","ast-page-background-enabled":"default","ast-page-background-meta":{"desktop":{"background-color":"var(--ast-global-color-5)","background-image":"","background-repeat":"repeat","background-position":"center center","background-size":"auto","background-attachment":"scroll","background-type":"","background-media":"","overlay-type":"","overlay-color":"","overlay-opacity":"","overlay-gradient":""},"tablet":{"background-color":"","background-image":"","background-repeat":"repeat","background-position":"center center","background-size":"auto","background-attachment":"scroll","background-type":"","background-media":"","overlay-type":"","overlay-color":"","overlay-opacity":"","overlay-gradient":""},"mobile":{"background-color":"","background-image":"","background-repeat":"repeat","background-position":"center center","background-size":"auto","background-attachment":"scroll","background-type":"","background-media":"","overlay-type":"","overlay-color":"","overlay-opacity":"","overlay-gradient":""}},"ast-content-background-meta":{"desktop":{"background-color":"var(--ast-global-color-4)","background-image":"","background-repeat":"repeat","background-position":"center center","background-size":"auto","background-attachment":"scroll","background-type":"","background-media":"","overlay-type":"","overlay-color":"","overlay-opacity":"","overlay-gradient":""},"tablet":{"background-color":"var(--ast-global-color-4)","background-image":"","background-repeat":"repeat","background-position":"center center","background-size":"auto","background-attachment":"scroll","background-type":"","background-media":"","overlay-type":"","overlay-color":"","overlay-opacity":"","overlay-gradient":""},"mobile":{"background-color":"var(--ast-global-color-4)","background-image":"","background-repeat":"repeat","background-position":"center center","background-size":"auto","background-attachment":"scroll","background-type":"","background-media":"","overlay-type":"","overlay-color":"","overlay-opacity":"","overlay-gradient":""}},"footnotes":""},"categories":[],"tags":[1002,1000],"class_list":["post-265636","page","type-page","status-publish","hentry","tag-app-egov-page","tag-cityhall-egovapp"],"yoast_head":"<!-- This site is optimized with the Yoast SEO Premium plugin v27.4 (Yoast SEO v27.4) - https:\/\/yoast.com\/product\/yoast-seo-premium-wordpress\/ -->\n<title>Human Resources Department - City of Miami Beach<\/title>\n<meta name=\"description\" content=\"The Human Resources Department is comprised of the following areas: Employee Benefits, Compensation, Employee Relations, Labor Relations, Recruitment\/Testing\/Audit and Risk Management areas.\" \/>\n<meta name=\"robots\" content=\"index, follow, max-snippet:-1, max-image-preview:large, max-video-preview:-1\" \/>\n<link rel=\"canonical\" href=\"https:\/\/www.miamibeachfl.gov\/es\/egovapp\/city-hall\/hrdepartment\/\" \/>\n<meta property=\"og:locale\" content=\"es_ES\" \/>\n<meta property=\"og:type\" content=\"article\" \/>\n<meta property=\"og:title\" content=\"Human Resources Department\" \/>\n<meta property=\"og:description\" content=\"The Human Resources Department is comprised of the following areas: Employee Benefits, Compensation, Employee Relations, Labor Relations, Recruitment\/Testing\/Audit and Risk Management areas.\" \/>\n<meta property=\"og:url\" content=\"https:\/\/www.miamibeachfl.gov\/es\/egovapp\/city-hall\/hrdepartment\/\" \/>\n<meta property=\"og:site_name\" content=\"City of Miami Beach\" \/>\n<meta property=\"article:publisher\" content=\"https:\/\/www.facebook.com\/cityofmiamibeach\" \/>\n<meta property=\"article:modified_time\" content=\"2025-06-07T19:35:09+00:00\" \/>\n<meta property=\"og:image\" content=\"https:\/\/www.miamibeachfl.gov\/wp-content\/uploads\/2024\/01\/1000pxSquare-miamibeach-aerial-southpointview.jpeg\" \/>\n\t<meta property=\"og:image:width\" content=\"1000\" \/>\n\t<meta property=\"og:image:height\" content=\"1000\" \/>\n\t<meta property=\"og:image:type\" content=\"image\/jpeg\" \/>\n<meta name=\"twitter:card\" content=\"summary_large_image\" \/>\n<meta name=\"twitter:site\" content=\"@Miamibeachnews\" \/>\n<script type=\"application\/ld+json\" class=\"yoast-schema-graph\">{\"@context\":\"https:\\\/\\\/schema.org\",\"@graph\":[{\"@type\":\"WebPage\",\"@id\":\"https:\\\/\\\/www.miamibeachfl.gov\\\/egovapp\\\/city-hall\\\/hrdepartment\\\/\",\"url\":\"https:\\\/\\\/www.miamibeachfl.gov\\\/egovapp\\\/city-hall\\\/hrdepartment\\\/\",\"name\":\"Human Resources Department - City of Miami Beach\",\"isPartOf\":{\"@id\":\"https:\\\/\\\/www.miamibeachfl.gov\\\/#website\"},\"datePublished\":\"2023-07-20T20:14:41+00:00\",\"dateModified\":\"2025-06-07T19:35:09+00:00\",\"description\":\"The Human Resources Department is comprised of the following areas: Employee Benefits, Compensation, Employee Relations, Labor Relations, Recruitment\\\/Testing\\\/Audit and Risk Management areas.\",\"breadcrumb\":{\"@id\":\"https:\\\/\\\/www.miamibeachfl.gov\\\/egovapp\\\/city-hall\\\/hrdepartment\\\/#breadcrumb\"},\"inLanguage\":\"es\",\"potentialAction\":[{\"@type\":\"ReadAction\",\"target\":[\"https:\\\/\\\/www.miamibeachfl.gov\\\/egovapp\\\/city-hall\\\/hrdepartment\\\/\"]}]},{\"@type\":\"BreadcrumbList\",\"@id\":\"https:\\\/\\\/www.miamibeachfl.gov\\\/egovapp\\\/city-hall\\\/hrdepartment\\\/#breadcrumb\",\"itemListElement\":[{\"@type\":\"ListItem\",\"position\":1,\"name\":\"Home\",\"item\":\"https:\\\/\\\/www.miamibeachfl.gov\\\/\"},{\"@type\":\"ListItem\",\"position\":2,\"name\":\"MobileAppPages\",\"item\":\"https:\\\/\\\/www.miamibeachfl.gov\\\/egovapp\\\/\"},{\"@type\":\"ListItem\",\"position\":3,\"name\":\"City Hall Department Directory\",\"item\":\"https:\\\/\\\/www.miamibeachfl.gov\\\/egovapp\\\/city-hall\\\/\"},{\"@type\":\"ListItem\",\"position\":4,\"name\":\"Human Resources Department\"}]},{\"@type\":\"WebSite\",\"@id\":\"https:\\\/\\\/www.miamibeachfl.gov\\\/#website\",\"url\":\"https:\\\/\\\/www.miamibeachfl.gov\\\/\",\"name\":\"City of Miami Beach\",\"description\":\"The official website of the City of Miami Beach. Stay informed, find important information on city services, news, alerts, events, trolley routes, government employment and more.\",\"publisher\":{\"@id\":\"https:\\\/\\\/www.miamibeachfl.gov\\\/#organization\"},\"potentialAction\":[{\"@type\":\"SearchAction\",\"target\":{\"@type\":\"EntryPoint\",\"urlTemplate\":\"https:\\\/\\\/www.miamibeachfl.gov\\\/?s={search_term_string}\"},\"query-input\":{\"@type\":\"PropertyValueSpecification\",\"valueRequired\":true,\"valueName\":\"search_term_string\"}}],\"inLanguage\":\"es\"},{\"@type\":\"Organization\",\"@id\":\"https:\\\/\\\/www.miamibeachfl.gov\\\/#organization\",\"name\":\"City of Miami Beach\",\"url\":\"https:\\\/\\\/www.miamibeachfl.gov\\\/\",\"logo\":{\"@type\":\"ImageObject\",\"inLanguage\":\"es\",\"@id\":\"https:\\\/\\\/www.miamibeachfl.gov\\\/#\\\/schema\\\/logo\\\/image\\\/\",\"url\":\"https:\\\/\\\/www.miamibeachfl.gov\\\/wp-content\\\/uploads\\\/2022\\\/06\\\/miamibeach-logoblue.png\",\"contentUrl\":\"https:\\\/\\\/www.miamibeachfl.gov\\\/wp-content\\\/uploads\\\/2022\\\/06\\\/miamibeach-logoblue.png\",\"width\":1962,\"height\":381,\"caption\":\"City of Miami Beach\"},\"image\":{\"@id\":\"https:\\\/\\\/www.miamibeachfl.gov\\\/#\\\/schema\\\/logo\\\/image\\\/\"},\"sameAs\":[\"https:\\\/\\\/www.facebook.com\\\/cityofmiamibeach\",\"https:\\\/\\\/x.com\\\/Miamibeachnews\",\"https:\\\/\\\/www.instagram.com\\\/miamibeachnews\\\/\"],\"description\":\"The official website of the City of Miami Beach. Stay informed, find important information on city services, news, alerts, events, trolley routes, government employment and more.\",\"telephone\":\"305.604.CITY(2489)\",\"legalName\":\"City of Miami Beach\"}]}<\/script>\n<!-- \/ Yoast SEO Premium plugin. -->","yoast_head_json":{"title":"Departamento de Recursos Humanos - Ciudad de Miami Beach","description":"El Departamento de Recursos Humanos est\u00e1 compuesto por las siguientes \u00e1reas: Beneficios a Empleados, Compensaci\u00f3n, Relaciones Laborales, Relaciones Laborales, Reclutamiento\/Pruebas\/Auditor\u00eda y Gesti\u00f3n de Riesgos.","robots":{"index":"index","follow":"follow","max-snippet":"max-snippet:-1","max-image-preview":"max-image-preview:large","max-video-preview":"max-video-preview:-1"},"canonical":"https:\/\/www.miamibeachfl.gov\/es\/egovapp\/city-hall\/hrdepartment\/","og_locale":"es_ES","og_type":"article","og_title":"Human Resources Department","og_description":"The Human Resources Department is comprised of the following areas: Employee Benefits, Compensation, Employee Relations, Labor Relations, Recruitment\/Testing\/Audit and Risk Management areas.","og_url":"https:\/\/www.miamibeachfl.gov\/es\/egovapp\/city-hall\/hrdepartment\/","og_site_name":"City of Miami Beach","article_publisher":"https:\/\/www.facebook.com\/cityofmiamibeach","article_modified_time":"2025-06-07T19:35:09+00:00","og_image":[{"width":1000,"height":1000,"url":"https:\/\/www.miamibeachfl.gov\/wp-content\/uploads\/2024\/01\/1000pxSquare-miamibeach-aerial-southpointview.jpeg","type":"image\/jpeg"}],"twitter_card":"summary_large_image","twitter_site":"@Miamibeachnews","schema":{"@context":"https:\/\/schema.org","@graph":[{"@type":"WebPage","@id":"https:\/\/www.miamibeachfl.gov\/egovapp\/city-hall\/hrdepartment\/","url":"https:\/\/www.miamibeachfl.gov\/egovapp\/city-hall\/hrdepartment\/","name":"Departamento de Recursos Humanos - Ciudad de Miami Beach","isPartOf":{"@id":"https:\/\/www.miamibeachfl.gov\/#website"},"datePublished":"2023-07-20T20:14:41+00:00","dateModified":"2025-06-07T19:35:09+00:00","description":"El Departamento de Recursos Humanos est\u00e1 compuesto por las siguientes \u00e1reas: Beneficios a Empleados, Compensaci\u00f3n, Relaciones Laborales, Relaciones Laborales, Reclutamiento\/Pruebas\/Auditor\u00eda y Gesti\u00f3n de Riesgos.","breadcrumb":{"@id":"https:\/\/www.miamibeachfl.gov\/egovapp\/city-hall\/hrdepartment\/#breadcrumb"},"inLanguage":"es","potentialAction":[{"@type":"ReadAction","target":["https:\/\/www.miamibeachfl.gov\/egovapp\/city-hall\/hrdepartment\/"]}]},{"@type":"BreadcrumbList","@id":"https:\/\/www.miamibeachfl.gov\/egovapp\/city-hall\/hrdepartment\/#breadcrumb","itemListElement":[{"@type":"ListItem","position":1,"name":"Home","item":"https:\/\/www.miamibeachfl.gov\/"},{"@type":"ListItem","position":2,"name":"MobileAppPages","item":"https:\/\/www.miamibeachfl.gov\/egovapp\/"},{"@type":"ListItem","position":3,"name":"City Hall Department Directory","item":"https:\/\/www.miamibeachfl.gov\/egovapp\/city-hall\/"},{"@type":"ListItem","position":4,"name":"Human Resources Department"}]},{"@type":"WebSite","@id":"https:\/\/www.miamibeachfl.gov\/#website","url":"https:\/\/www.miamibeachfl.gov\/","name":"Ciudad de Miami Beach","description":"Sitio web oficial de la Ciudad de Miami Beach. Mant\u00e9ngase informado, encuentre informaci\u00f3n importante sobre servicios municipales, noticias, alertas, eventos, rutas de tranv\u00edas, empleos gubernamentales y m\u00e1s.","publisher":{"@id":"https:\/\/www.miamibeachfl.gov\/#organization"},"potentialAction":[{"@type":"SearchAction","target":{"@type":"EntryPoint","urlTemplate":"https:\/\/www.miamibeachfl.gov\/?s={search_term_string}"},"query-input":{"@type":"PropertyValueSpecification","valueRequired":true,"valueName":"search_term_string"}}],"inLanguage":"es"},{"@type":"Organization","@id":"https:\/\/www.miamibeachfl.gov\/#organization","name":"Ciudad de Miami Beach","url":"https:\/\/www.miamibeachfl.gov\/","logo":{"@type":"ImageObject","inLanguage":"es","@id":"https:\/\/www.miamibeachfl.gov\/#\/schema\/logo\/image\/","url":"https:\/\/www.miamibeachfl.gov\/wp-content\/uploads\/2022\/06\/miamibeach-logoblue.png","contentUrl":"https:\/\/www.miamibeachfl.gov\/wp-content\/uploads\/2022\/06\/miamibeach-logoblue.png","width":1962,"height":381,"caption":"City of Miami Beach"},"image":{"@id":"https:\/\/www.miamibeachfl.gov\/#\/schema\/logo\/image\/"},"sameAs":["https:\/\/www.facebook.com\/cityofmiamibeach","https:\/\/x.com\/Miamibeachnews","https:\/\/www.instagram.com\/miamibeachnews\/"],"description":"Sitio web oficial de la Ciudad de Miami Beach. Mant\u00e9ngase informado, encuentre informaci\u00f3n importante sobre servicios municipales, noticias, alertas, eventos, rutas de tranv\u00edas, empleos gubernamentales y m\u00e1s.","telephone":"305.604.CITY(2489)","legalName":"City of Miami Beach"}]}},"_links":{"self":[{"href":"https:\/\/www.miamibeachfl.gov\/es\/wp-json\/wp\/v2\/pages\/265636","targetHints":{"allow":["GET"]}}],"collection":[{"href":"https:\/\/www.miamibeachfl.gov\/es\/wp-json\/wp\/v2\/pages"}],"about":[{"href":"https:\/\/www.miamibeachfl.gov\/es\/wp-json\/wp\/v2\/types\/page"}],"author":[{"embeddable":true,"href":"https:\/\/www.miamibeachfl.gov\/es\/wp-json\/wp\/v2\/users\/222"}],"replies":[{"embeddable":true,"href":"https:\/\/www.miamibeachfl.gov\/es\/wp-json\/wp\/v2\/comments?post=265636"}],"version-history":[{"count":1,"href":"https:\/\/www.miamibeachfl.gov\/es\/wp-json\/wp\/v2\/pages\/265636\/revisions"}],"predecessor-version":[{"id":375815,"href":"https:\/\/www.miamibeachfl.gov\/es\/wp-json\/wp\/v2\/pages\/265636\/revisions\/375815"}],"up":[{"embeddable":true,"href":"https:\/\/www.miamibeachfl.gov\/es\/wp-json\/wp\/v2\/pages\/265532"}],"wp:attachment":[{"href":"https:\/\/www.miamibeachfl.gov\/es\/wp-json\/wp\/v2\/media?parent=265636"}],"wp:term":[{"taxonomy":"category","embeddable":true,"href":"https:\/\/www.miamibeachfl.gov\/es\/wp-json\/wp\/v2\/categories?post=265636"},{"taxonomy":"post_tag","embeddable":true,"href":"https:\/\/www.miamibeachfl.gov\/es\/wp-json\/wp\/v2\/tags?post=265636"}],"curies":[{"name":"gracias","href":"https:\/\/api.w.org\/{rel}","templated":true}]}}