{"id":269107,"date":"2023-08-18T15:53:22","date_gmt":"2023-08-18T19:53:22","guid":{"rendered":"https:\/\/www.miamibeachfl.gov\/?page_id=269107"},"modified":"2023-08-18T15:56:19","modified_gmt":"2023-08-18T19:56:19","slug":"black-affairs-advisory-committee","status":"publish","type":"page","link":"https:\/\/www.miamibeachfl.gov\/es\/city-hall\/city-clerk\/boards-and-committees\/black-affairs-advisory-committee\/","title":{"rendered":"Comit\u00e9 Asesor de Asuntos Negros"},"content":{"rendered":"<h1>\n\t\tComit\u00e9 Asesor de Asuntos Negros\n\t<\/h1>\nMen\u00fa del Secretario Municipal\t\t\t\n\t\t\t\t\t<ul id=\"menu-city-clerk\"><li id=\"menu-item-258831\"><a href=\"\/es\/city-hall\/city-clerk\/public-records-request\/\">Registros p\u00fablicos<\/a><\/li>\n<li id=\"menu-item-258832\"><a href=\"\/es\/city-hall\/city-clerk\/agenda-archive-main-page-2\/\">Agendas<\/a><\/li>\n<li id=\"menu-item-258833\"><a href=\"\/es\/city-hall\/city-clerk\/forms\/\">Formularios<\/a><\/li>\n<li id=\"menu-item-258834\"><a href=\"\/es\/city-hall\/city-clerk\/boards-and-committees\/\">Juntas y comit\u00e9s<\/a><\/li>\n<li id=\"menu-item-258835\"><a href=\"\/es\/city-hall\/city-clerk\/election-information\/\">Informaci\u00f3n electoral<\/a><\/li>\n<li id=\"menu-item-258836\"><a href=\"\/es\/city-hall\/city-clerk\/notification-system\/\">Notificaciones<\/a><\/li>\n<li id=\"menu-item-258837\"><a href=\"\/es\/city-hall\/city-clerk\/public-records-request\/additional-contacts\/\">Cont\u00e1ctenos<\/a><\/li>\n<\/ul>\t\nMen\u00fa del Secretario Municipal \u00d7\t\t\t\t\t\t<ul id=\"menu-city-clerk-1\"><li id=\"menu-item-258831\"><a href=\"\/es\/city-hall\/city-clerk\/public-records-request\/\">Registros p\u00fablicos<\/a><\/li>\n<li id=\"menu-item-258832\"><a href=\"\/es\/city-hall\/city-clerk\/agenda-archive-main-page-2\/\">Agendas<\/a><\/li>\n<li id=\"menu-item-258833\"><a href=\"\/es\/city-hall\/city-clerk\/forms\/\">Formularios<\/a><\/li>\n<li id=\"menu-item-258834\"><a href=\"\/es\/city-hall\/city-clerk\/boards-and-committees\/\">Juntas y comit\u00e9s<\/a><\/li>\n<li id=\"menu-item-258835\"><a href=\"\/es\/city-hall\/city-clerk\/election-information\/\">Informaci\u00f3n electoral<\/a><\/li>\n<li id=\"menu-item-258836\"><a href=\"\/es\/city-hall\/city-clerk\/notification-system\/\">Notificaciones<\/a><\/li>\n<li id=\"menu-item-258837\"><a href=\"\/es\/city-hall\/city-clerk\/public-records-request\/additional-contacts\/\">Cont\u00e1ctenos<\/a><\/li>\n<\/ul>\t\t\t\t\n\tEl Comit\u00e9 Asesor de Asuntos Negros tendr\u00e1 los siguientes poderes y deberes:<br \/>\n(a) Actuar como asesor del Administrador de la Ciudad, del Alcalde y de la Comisi\u00f3n de la Ciudad en relaci\u00f3n con cuestiones y programas que afecten a los residentes, empresas y visitantes negros de la Ciudad;<br \/>\n(b) Fomentar una mayor participaci\u00f3n de la comunidad negra de la ciudad en los asuntos del gobierno de la ciudad;<br \/>\n(c) Investigar, discutir y formular recomendaciones sobre temas, actividades y preocupaciones de la comunidad negra y la di\u00e1spora en la ciudad;<br \/>\n(d) Comentar sobre la legislaci\u00f3n, ordenanzas, resoluciones y pol\u00edticas existentes o propuestas que impactan a la comunidad negra en la ciudad.\n<p>El Comit\u00e9 Asesor de Asuntos Negros estar\u00e1 compuesto por nueve (9) miembros con derecho a voto, de la siguiente manera:<\/p>\n<p>El Alcalde y cada Comisionado de la Ciudad designar\u00e1n a un miembro como nombramiento directo y los dos (2) miembros restantes ser\u00e1n nombramientos generales de la Comisi\u00f3n de la Ciudad.<\/p>\n<p>Las vacantes en el comit\u00e9 ser\u00e1n cubiertas por el Alcalde y la Comisi\u00f3n Municipal. Para cubrir cualquier vacante, el Alcalde y la Comisi\u00f3n Municipal podr\u00e1n seleccionar un sustituto de una lista de tres candidatos presentada por los miembros restantes del comit\u00e9. Los miembros individuales de la Comisi\u00f3n Municipal podr\u00e1n complementar la lista sugerida por el comit\u00e9 con nombres adicionales de candidatos o, si ni los candidatos de la lista sugerida ni los nombres adicionales presentados por los miembros individuales de la Comisi\u00f3n Municipal son aprobados, el comit\u00e9 presentar\u00e1 una lista completamente diferente para su consideraci\u00f3n por el Alcalde y la Comisi\u00f3n Municipal. Este proceso continuar\u00e1 hasta que se encuentre un sustituto adecuado para cubrir la vacante existente o prevista. La lista sugerida presentada por el comit\u00e9 para su consideraci\u00f3n por el Alcalde y la Comisi\u00f3n Municipal se presentar\u00e1 sin recomendaciones ni avales espec\u00edficos por parte del comit\u00e9 respecto a ning\u00fan nombre en particular presentado en ella, pero podr\u00e1, en caso de que el nombre de un miembro actual del comit\u00e9 se presente para su reelecci\u00f3n, indicar, como informaci\u00f3n para el Alcalde y la Comisi\u00f3n Municipal, que dicho nombre es el de un miembro actual del comit\u00e9.<\/p>\n<p>Conocimientos y experiencia:<\/p>\na) Uno de los miembros debe ser propietario de un negocio en la Ciudad;<br \/>\nb) Uno de los miembros debe estar autorizado y ejercer activamente en el campo de bienes ra\u00edces, hoteler\u00eda\/turismo o banca;<br \/>\nc) Un miembro debe tener licencia y ejercer activamente en el campo de las relaciones humanas\/desarrollo de personas, comunicaciones\/entretenimiento, arte\/cultura o educaci\u00f3n;<br \/>\nd) Los seis (6) miembros restantes deber\u00e1n tener conocimientos o experiencia personal o profesional en al menos una de las siguientes \u00e1reas:<br \/>\n1. Educaci\u00f3n<br \/>\n2. Desarrollo econ\u00f3mico\/Desarrollo empresarial<br \/>\n3. Cultura\/Entretenimiento\/Eventos<br \/>\n4. Hosteler\u00eda\/Turismo<br \/>\n5. Salud\/Tecnolog\u00eda<br \/>\n6. Desarrollo de personas\/Relaciones humanas<br \/>\n7. Finanzas\/Banca<br \/>\n8. Medios\/Comunicaciones\/Relaciones P\u00fablicas<br \/>\n9. Servicio comunitario\/justicia social.\n<p>El departamento de apoyo al Comit\u00e9 Asesor de Asuntos Negros ser\u00e1 el Departamento de Turismo y Cultura.<\/p>\n\t\t\t<a href=\"\/wp-content\/uploads\/2023\/07\/Board-and-Committees-Vacancy-Listing-by-Commissioners.pdf\" target=\"_blank\" role=\"button\" rel=\"noopener\">\n\t\t\t\t\t\tVacantes\n\t\t\t\t\t<\/a>\n\t\t\t<a href=\"\/wp-content\/uploads\/2023\/07\/21-Board-Members-Directory-17-1.pdf\" target=\"_blank\" role=\"button\" rel=\"noopener\">\n\t\t\t\t\t\tInformaci\u00f3n de contacto del miembro\n\t\t\t\t\t<\/a>\n\t\t\t<a href=\"\/wp-content\/uploads\/2023\/07\/21-Board-Members-Directory-17-1.pdf\" target=\"_blank\" role=\"button\" rel=\"noopener\">\n\t\t\t\t\t\tDetalles de membres\u00eda (t\u00e9rminos, cargos, t\u00edtulos)\n\t\t\t\t\t<\/a>\n\t\t\t<a href=\"\/wp-content\/uploads\/2023\/07\/Liaison-Contact-Information.pdf\" target=\"_blank\" role=\"button\" rel=\"noopener\">\n\t\t\t\t\t\tInformaci\u00f3n de contacto de enlace\n\t\t\t\t\t<\/a>\n\t\t\t<iframe loading=\"lazy\" src=\"https:\/\/docmgmt.miamibeachfl.gov\/WebLink\/Browse.aspx?id=211300&#038;dbid=0&#038;repo=CityClerk\" frameborder=\"0\" width=\"100%\" height=\"100%\" allowfullscreen><\/iframe>\t\t\t\n\t\t\t<a href=\"\/es\/void(0)\/\" target=\"_self\" aria-label=\"Buscar en los archivos\" rel=\"noopener\">\n\t\t\t\t\t\t\t\t\t\t\tBuscar en los archivos\n\t\t<\/a>\n\t\t\t<iframe loading=\"lazy\" src=\"https:\/\/miamibeach.novusagenda.com\/agendapublic\/meetingsgeneral.aspx\" frameborder=\"0\" width=\"100%\" height=\"100%\" allowfullscreen><\/iframe>\t\t\t\n\t\t\t<a href=\"\/es\/void(0)\/\" target=\"_self\" aria-label=\"Buscar agendas y actas\" rel=\"noopener\">\n\t\t\t\t\t\t\t\t\t\t\tBuscar agendas y actas\n\t\t<\/a>\n\t\t\t<a href=\"https:\/\/www.miamibeachfl.gov\/es\/city-hall\/city-clerk-new\/contactus\/\" target=\"_self\" role=\"button\" rel=\"noopener\">\n\t\t\t\t\t\tCont\u00e1ctenos\n\t\t\t\t\t<\/a>\n\t\t<h3>Solicitudes de registros p\u00fablicos<\/h3>\t\t\t\n\t\t\t\t<p>Visite el sitio de Solicitudes de Registros P\u00fablicos de la Ciudad de Miami Beach. Env\u00ede una nueva solicitud, consulte el estado de una solicitud enviada y busque en el archivo de solicitudes de registros.<\/p>\n<p>Si tiene alguna pregunta sobre registros p\u00fablicos, llame a la oficina del Secretario Municipal de la Ciudad de Miami Beach al 305-673-7411.\u00a0<\/p>\n\t\t\t<a href=\"https:\/\/miamibeachfl.justfoia.com\/publicportal\/home\/track\" target=\"_blank\" rel=\"noopener\" role=\"button\" aria-label=\"Enviar una solicitud\">\n\t\t\t\t\t\t\t\t\t\t\tEnviar una solicitud\n\t\t<\/a>","protected":false},"excerpt":{"rendered":"<p>Comit\u00e9 Asesor de Asuntos Afroamericanos Secretario Municipal Men\u00fa Registros P\u00fablicos Agendas Formularios Juntas y Comit\u00e9s Informaci\u00f3n Electoral Notificaciones Cont\u00e1ctenos Ciudad [\u2026]<\/p>","protected":false},"author":222,"featured_media":0,"parent":258819,"menu_order":32,"comment_status":"closed","ping_status":"closed","template":"page-blank.php","meta":{"_searchwp_excluded":"","site-sidebar-layout":"default","site-content-layout":"","ast-site-content-layout":"default","site-content-style":"default","site-sidebar-style":"default","ast-global-header-display":"","ast-banner-title-visibility":"","ast-main-header-display":"","ast-hfb-above-header-display":"","ast-hfb-below-header-display":"","ast-hfb-mobile-header-display":"","site-post-title":"","ast-breadcrumbs-content":"","ast-featured-img":"","footer-sml-layout":"","theme-transparent-header-meta":"","adv-header-id-meta":"","stick-header-meta":"","header-above-stick-meta":"","header-main-stick-meta":"","header-below-stick-meta":"","astra-migrate-meta-layouts":"default","ast-page-background-enabled":"default","ast-page-background-meta":{"desktop":{"background-color":"var(--ast-global-color-5)","background-image":"","background-repeat":"repeat","background-position":"center center","background-size":"auto","background-attachment":"scroll","background-type":"","background-media":"","overlay-type":"","overlay-color":"","overlay-opacity":"","overlay-gradient":""},"tablet":{"background-color":"","background-image":"","background-repeat":"repeat","background-position":"center center","background-size":"auto","background-attachment":"scroll","background-type":"","background-media":"","overlay-type":"","overlay-color":"","overlay-opacity":"","overlay-gradient":""},"mobile":{"background-color":"","background-image":"","background-repeat":"repeat","background-position":"center center","background-size":"auto","background-attachment":"scroll","background-type":"","background-media":"","overlay-type":"","overlay-color":"","overlay-opacity":"","overlay-gradient":""}},"ast-content-background-meta":{"desktop":{"background-color":"var(--ast-global-color-4)","background-image":"","background-repeat":"repeat","background-position":"center center","background-size":"auto","background-attachment":"scroll","background-type":"","background-media":"","overlay-type":"","overlay-color":"","overlay-opacity":"","overlay-gradient":""},"tablet":{"background-color":"var(--ast-global-color-4)","background-image":"","background-repeat":"repeat","background-position":"center center","background-size":"auto","background-attachment":"scroll","background-type":"","background-media":"","overlay-type":"","overlay-color":"","overlay-opacity":"","overlay-gradient":""},"mobile":{"background-color":"var(--ast-global-color-4)","background-image":"","background-repeat":"repeat","background-position":"center center","background-size":"auto","background-attachment":"scroll","background-type":"","background-media":"","overlay-type":"","overlay-color":"","overlay-opacity":"","overlay-gradient":""}},"footnotes":""},"categories":[],"tags":[1038,920],"class_list":["post-269107","page","type-page","status-publish","hentry","tag-bandc-committees","tag-boards-and-committees"],"yoast_head":"<!-- This site is optimized with the Yoast SEO Premium plugin v26.6 (Yoast SEO v26.6) - https:\/\/yoast.com\/wordpress\/plugins\/seo\/ -->\n<title>Black Affairs Advisory Committee - City of Miami Beach<\/title>\n<meta name=\"description\" content=\"%\" \/>\n<meta name=\"robots\" content=\"index, follow, max-snippet:-1, max-image-preview:large, max-video-preview:-1\" \/>\n<link rel=\"canonical\" href=\"https:\/\/www.miamibeachfl.gov\/es\/city-hall\/city-clerk\/boards-and-committees\/black-affairs-advisory-committee\/\" \/>\n<meta property=\"og:locale\" content=\"es_ES\" \/>\n<meta property=\"og:type\" content=\"article\" \/>\n<meta property=\"og:title\" content=\"Black Affairs Advisory Committee\" \/>\n<meta property=\"og:description\" content=\"%\" \/>\n<meta property=\"og:url\" content=\"https:\/\/www.miamibeachfl.gov\/es\/city-hall\/city-clerk\/boards-and-committees\/black-affairs-advisory-committee\/\" \/>\n<meta property=\"og:site_name\" content=\"City of Miami Beach\" \/>\n<meta property=\"article:publisher\" content=\"https:\/\/www.facebook.com\/cityofmiamibeach\" \/>\n<meta property=\"article:modified_time\" content=\"2023-08-18T19:56:19+00:00\" \/>\n<meta property=\"og:image\" content=\"https:\/\/www.miamibeachfl.gov\/wp-content\/uploads\/2024\/01\/1000pxSquare-miamibeach-aerial-southpointview.jpeg\" \/>\n\t<meta property=\"og:image:width\" content=\"1000\" \/>\n\t<meta property=\"og:image:height\" content=\"1000\" \/>\n\t<meta property=\"og:image:type\" content=\"image\/jpeg\" \/>\n<meta name=\"twitter:card\" content=\"summary_large_image\" \/>\n<meta name=\"twitter:site\" content=\"@Miamibeachnews\" \/>\n<script type=\"application\/ld+json\" class=\"yoast-schema-graph\">{\"@context\":\"https:\/\/schema.org\",\"@graph\":[{\"@type\":\"WebPage\",\"@id\":\"https:\/\/www.miamibeachfl.gov\/city-hall\/city-clerk\/boards-and-committees\/black-affairs-advisory-committee\/\",\"url\":\"https:\/\/www.miamibeachfl.gov\/city-hall\/city-clerk\/boards-and-committees\/black-affairs-advisory-committee\/\",\"name\":\"Black Affairs Advisory Committee - City of Miami Beach\",\"isPartOf\":{\"@id\":\"https:\/\/www.miamibeachfl.gov\/#website\"},\"datePublished\":\"2023-08-18T19:53:22+00:00\",\"dateModified\":\"2023-08-18T19:56:19+00:00\",\"description\":\"%\",\"breadcrumb\":{\"@id\":\"https:\/\/www.miamibeachfl.gov\/city-hall\/city-clerk\/boards-and-committees\/black-affairs-advisory-committee\/#breadcrumb\"},\"inLanguage\":\"es\",\"potentialAction\":[{\"@type\":\"ReadAction\",\"target\":[\"https:\/\/www.miamibeachfl.gov\/city-hall\/city-clerk\/boards-and-committees\/black-affairs-advisory-committee\/\"]}]},{\"@type\":\"BreadcrumbList\",\"@id\":\"https:\/\/www.miamibeachfl.gov\/city-hall\/city-clerk\/boards-and-committees\/black-affairs-advisory-committee\/#breadcrumb\",\"itemListElement\":[{\"@type\":\"ListItem\",\"position\":1,\"name\":\"Home\",\"item\":\"https:\/\/www.miamibeachfl.gov\/\"},{\"@type\":\"ListItem\",\"position\":2,\"name\":\"City Hall\",\"item\":\"https:\/\/www.miamibeachfl.gov\/city-hall\/\"},{\"@type\":\"ListItem\",\"position\":3,\"name\":\"City Clerk\",\"item\":\"https:\/\/www.miamibeachfl.gov\/city-hall\/city-clerk\/\"},{\"@type\":\"ListItem\",\"position\":4,\"name\":\"Boards and Committees\",\"item\":\"https:\/\/www.miamibeachfl.gov\/city-hall\/city-clerk\/boards-and-committees\/\"},{\"@type\":\"ListItem\",\"position\":5,\"name\":\"Black Affairs Advisory Committee\"}]},{\"@type\":\"WebSite\",\"@id\":\"https:\/\/www.miamibeachfl.gov\/#website\",\"url\":\"https:\/\/www.miamibeachfl.gov\/\",\"name\":\"City of Miami Beach\",\"description\":\"The official website of the City of Miami Beach. Stay informed, find important information on city services, news, alerts, events, trolley routes, government employment and more.\",\"publisher\":{\"@id\":\"https:\/\/www.miamibeachfl.gov\/#organization\"},\"potentialAction\":[{\"@type\":\"SearchAction\",\"target\":{\"@type\":\"EntryPoint\",\"urlTemplate\":\"https:\/\/www.miamibeachfl.gov\/?s={search_term_string}\"},\"query-input\":{\"@type\":\"PropertyValueSpecification\",\"valueRequired\":true,\"valueName\":\"search_term_string\"}}],\"inLanguage\":\"es\"},{\"@type\":\"Organization\",\"@id\":\"https:\/\/www.miamibeachfl.gov\/#organization\",\"name\":\"City of Miami Beach\",\"url\":\"https:\/\/www.miamibeachfl.gov\/\",\"logo\":{\"@type\":\"ImageObject\",\"inLanguage\":\"es\",\"@id\":\"https:\/\/www.miamibeachfl.gov\/#\/schema\/logo\/image\/\",\"url\":\"https:\/\/www.miamibeachfl.gov\/wp-content\/uploads\/2022\/06\/miamibeach-logoblue.png\",\"contentUrl\":\"https:\/\/www.miamibeachfl.gov\/wp-content\/uploads\/2022\/06\/miamibeach-logoblue.png\",\"width\":1962,\"height\":381,\"caption\":\"City of Miami Beach\"},\"image\":{\"@id\":\"https:\/\/www.miamibeachfl.gov\/#\/schema\/logo\/image\/\"},\"sameAs\":[\"https:\/\/www.facebook.com\/cityofmiamibeach\",\"https:\/\/x.com\/Miamibeachnews\",\"https:\/\/www.instagram.com\/miamibeachnews\/\"],\"description\":\"The official website of the City of Miami Beach. Stay informed, find important information on city services, news, alerts, events, trolley routes, government employment and more.\",\"telephone\":\"305.604.CITY(2489)\",\"legalName\":\"City of Miami Beach\"}]}<\/script>\n<!-- \/ Yoast SEO Premium plugin. -->","yoast_head_json":{"title":"Comit\u00e9 Asesor de Asuntos Afroamericanos - Ciudad de Miami Beach","description":"%","robots":{"index":"index","follow":"follow","max-snippet":"max-snippet:-1","max-image-preview":"max-image-preview:large","max-video-preview":"max-video-preview:-1"},"canonical":"https:\/\/www.miamibeachfl.gov\/es\/city-hall\/city-clerk\/boards-and-committees\/black-affairs-advisory-committee\/","og_locale":"es_ES","og_type":"article","og_title":"Black Affairs Advisory Committee","og_description":"%","og_url":"https:\/\/www.miamibeachfl.gov\/es\/city-hall\/city-clerk\/boards-and-committees\/black-affairs-advisory-committee\/","og_site_name":"City of Miami Beach","article_publisher":"https:\/\/www.facebook.com\/cityofmiamibeach","article_modified_time":"2023-08-18T19:56:19+00:00","og_image":[{"width":1000,"height":1000,"url":"https:\/\/www.miamibeachfl.gov\/wp-content\/uploads\/2024\/01\/1000pxSquare-miamibeach-aerial-southpointview.jpeg","type":"image\/jpeg"}],"twitter_card":"summary_large_image","twitter_site":"@Miamibeachnews","schema":{"@context":"https:\/\/schema.org","@graph":[{"@type":"WebPage","@id":"https:\/\/www.miamibeachfl.gov\/city-hall\/city-clerk\/boards-and-committees\/black-affairs-advisory-committee\/","url":"https:\/\/www.miamibeachfl.gov\/city-hall\/city-clerk\/boards-and-committees\/black-affairs-advisory-committee\/","name":"Comit\u00e9 Asesor de Asuntos Afroamericanos - Ciudad de Miami Beach","isPartOf":{"@id":"https:\/\/www.miamibeachfl.gov\/#website"},"datePublished":"2023-08-18T19:53:22+00:00","dateModified":"2023-08-18T19:56:19+00:00","description":"%","breadcrumb":{"@id":"https:\/\/www.miamibeachfl.gov\/city-hall\/city-clerk\/boards-and-committees\/black-affairs-advisory-committee\/#breadcrumb"},"inLanguage":"es","potentialAction":[{"@type":"ReadAction","target":["https:\/\/www.miamibeachfl.gov\/city-hall\/city-clerk\/boards-and-committees\/black-affairs-advisory-committee\/"]}]},{"@type":"BreadcrumbList","@id":"https:\/\/www.miamibeachfl.gov\/city-hall\/city-clerk\/boards-and-committees\/black-affairs-advisory-committee\/#breadcrumb","itemListElement":[{"@type":"ListItem","position":1,"name":"Home","item":"https:\/\/www.miamibeachfl.gov\/"},{"@type":"ListItem","position":2,"name":"City Hall","item":"https:\/\/www.miamibeachfl.gov\/city-hall\/"},{"@type":"ListItem","position":3,"name":"City Clerk","item":"https:\/\/www.miamibeachfl.gov\/city-hall\/city-clerk\/"},{"@type":"ListItem","position":4,"name":"Boards and Committees","item":"https:\/\/www.miamibeachfl.gov\/city-hall\/city-clerk\/boards-and-committees\/"},{"@type":"ListItem","position":5,"name":"Black Affairs Advisory Committee"}]},{"@type":"WebSite","@id":"https:\/\/www.miamibeachfl.gov\/#website","url":"https:\/\/www.miamibeachfl.gov\/","name":"Ciudad de Miami Beach","description":"Sitio web oficial de la Ciudad de Miami Beach. Mant\u00e9ngase informado, encuentre informaci\u00f3n importante sobre servicios municipales, noticias, alertas, eventos, rutas de tranv\u00edas, empleos gubernamentales y m\u00e1s.","publisher":{"@id":"https:\/\/www.miamibeachfl.gov\/#organization"},"potentialAction":[{"@type":"SearchAction","target":{"@type":"EntryPoint","urlTemplate":"https:\/\/www.miamibeachfl.gov\/?s={search_term_string}"},"query-input":{"@type":"PropertyValueSpecification","valueRequired":true,"valueName":"search_term_string"}}],"inLanguage":"es"},{"@type":"Organization","@id":"https:\/\/www.miamibeachfl.gov\/#organization","name":"Ciudad de Miami Beach","url":"https:\/\/www.miamibeachfl.gov\/","logo":{"@type":"ImageObject","inLanguage":"es","@id":"https:\/\/www.miamibeachfl.gov\/#\/schema\/logo\/image\/","url":"https:\/\/www.miamibeachfl.gov\/wp-content\/uploads\/2022\/06\/miamibeach-logoblue.png","contentUrl":"https:\/\/www.miamibeachfl.gov\/wp-content\/uploads\/2022\/06\/miamibeach-logoblue.png","width":1962,"height":381,"caption":"City of Miami Beach"},"image":{"@id":"https:\/\/www.miamibeachfl.gov\/#\/schema\/logo\/image\/"},"sameAs":["https:\/\/www.facebook.com\/cityofmiamibeach","https:\/\/x.com\/Miamibeachnews","https:\/\/www.instagram.com\/miamibeachnews\/"],"description":"Sitio web oficial de la Ciudad de Miami Beach. Mant\u00e9ngase informado, encuentre informaci\u00f3n importante sobre servicios municipales, noticias, alertas, eventos, rutas de tranv\u00edas, empleos gubernamentales y m\u00e1s.","telephone":"305.604.CITY(2489)","legalName":"City of Miami Beach"}]}},"_links":{"self":[{"href":"https:\/\/www.miamibeachfl.gov\/es\/wp-json\/wp\/v2\/pages\/269107","targetHints":{"allow":["GET"]}}],"collection":[{"href":"https:\/\/www.miamibeachfl.gov\/es\/wp-json\/wp\/v2\/pages"}],"about":[{"href":"https:\/\/www.miamibeachfl.gov\/es\/wp-json\/wp\/v2\/types\/page"}],"author":[{"embeddable":true,"href":"https:\/\/www.miamibeachfl.gov\/es\/wp-json\/wp\/v2\/users\/222"}],"replies":[{"embeddable":true,"href":"https:\/\/www.miamibeachfl.gov\/es\/wp-json\/wp\/v2\/comments?post=269107"}],"version-history":[{"count":0,"href":"https:\/\/www.miamibeachfl.gov\/es\/wp-json\/wp\/v2\/pages\/269107\/revisions"}],"up":[{"embeddable":true,"href":"https:\/\/www.miamibeachfl.gov\/es\/wp-json\/wp\/v2\/pages\/258819"}],"wp:attachment":[{"href":"https:\/\/www.miamibeachfl.gov\/es\/wp-json\/wp\/v2\/media?parent=269107"}],"wp:term":[{"taxonomy":"category","embeddable":true,"href":"https:\/\/www.miamibeachfl.gov\/es\/wp-json\/wp\/v2\/categories?post=269107"},{"taxonomy":"post_tag","embeddable":true,"href":"https:\/\/www.miamibeachfl.gov\/es\/wp-json\/wp\/v2\/tags?post=269107"}],"curies":[{"name":"gracias","href":"https:\/\/api.w.org\/{rel}","templated":true}]}}