{"id":269117,"date":"2023-08-18T16:07:37","date_gmt":"2023-08-18T20:07:37","guid":{"rendered":"https:\/\/www.miamibeachfl.gov\/?page_id=269117"},"modified":"2023-08-18T16:09:10","modified_gmt":"2023-08-18T20:09:10","slug":"health-advisory-committee","status":"publish","type":"page","link":"https:\/\/www.miamibeachfl.gov\/es\/city-hall\/city-clerk\/boards-and-committees\/health-advisory-committee\/","title":{"rendered":"Comit\u00e9 Asesor de Salud"},"content":{"rendered":"<h1>Comit\u00e9 de Acceso para Discapacitados<\/h1>\r\n<p>Men\u00fa del Secretario Municipal<\/p>\r\n<ul id=\"menu-city-clerk\">\r\n<li id=\"menu-item-258831\"><a href=\"\/es\/city-hall\/city-clerk\/public-records-request\/\">Registros p\u00fablicos<\/a><\/li>\r\n<li id=\"menu-item-258832\"><a href=\"\/es\/city-hall\/city-clerk\/agenda-archive-main-page-2\/\">Agendas<\/a><\/li>\r\n<li id=\"menu-item-258833\"><a href=\"\/es\/city-hall\/city-clerk\/forms\/\">Formularios<\/a><\/li>\r\n<li id=\"menu-item-258834\"><a href=\"\/es\/city-hall\/city-clerk\/boards-and-committees\/\">Juntas y comit\u00e9s<\/a><\/li>\r\n<li id=\"menu-item-258835\"><a href=\"\/es\/city-hall\/city-clerk\/election-information\/\">Informaci\u00f3n electoral<\/a><\/li>\r\n<li id=\"menu-item-258836\"><a href=\"\/es\/city-hall\/city-clerk\/notification-system\/\">Notificaciones<\/a><\/li>\r\n<li id=\"menu-item-258837\"><a href=\"\/es\/city-hall\/city-clerk\/public-records-request\/additional-contacts\/\">Cont\u00e1ctenos<\/a><\/li>\r\n<\/ul>\r\n<p>Men\u00fa del Secretario Municipal \u00d7<\/p>\r\n<ul id=\"menu-city-clerk-1\">\r\n<li id=\"menu-item-258831\"><a href=\"\/es\/city-hall\/city-clerk\/public-records-request\/\">Registros p\u00fablicos<\/a><\/li>\r\n<li id=\"menu-item-258832\"><a href=\"\/es\/city-hall\/city-clerk\/agenda-archive-main-page-2\/\">Agendas<\/a><\/li>\r\n<li id=\"menu-item-258833\"><a href=\"\/es\/city-hall\/city-clerk\/forms\/\">Formularios<\/a><\/li>\r\n<li id=\"menu-item-258834\"><a href=\"\/es\/city-hall\/city-clerk\/boards-and-committees\/\">Juntas y comit\u00e9s<\/a><\/li>\r\n<li id=\"menu-item-258835\"><a href=\"\/es\/city-hall\/city-clerk\/election-information\/\">Informaci\u00f3n electoral<\/a><\/li>\r\n<li id=\"menu-item-258836\"><a href=\"\/es\/city-hall\/city-clerk\/notification-system\/\">Notificaciones<\/a><\/li>\r\n<li id=\"menu-item-258837\"><a href=\"\/es\/city-hall\/city-clerk\/public-records-request\/additional-contacts\/\">Cont\u00e1ctenos<\/a><\/li>\r\n<\/ul>\r\n<p>El comit\u00e9 de acceso para personas con discapacidad estar\u00e1 compuesto por 14 miembros con derecho a voto; el alcalde y cada comisionado municipal realizar\u00e1n dos nombramientos directos. El qu\u00f3rum se constituir\u00e1 con ocho miembros. La decisi\u00f3n formal de la junta requerir\u00e1 al menos ocho votos. Se considerar\u00e1n, entre otras, las siguientes categor\u00edas:<\/p>\r\n<p>Personas con discapacidad motriz;<br \/>Personas sordas y\/o con dificultades auditivas de la comunidad;<br \/>Personas ciegas y\/o con problemas de visi\u00f3n en la comunidad;<br \/>Discapacidades mentales, cognitivas o del desarrollo; y<br \/>Las industrias del turismo y las convenciones, el comercio minorista, la hosteler\u00eda (restaurantes u hoteles) y la atenci\u00f3n sanitaria (o rehabilitaci\u00f3n).<br \/>La procuradur\u00eda municipal brindar\u00e1 asesor\u00eda legal. <a role=\"button\" href=\"\/wp-content\/uploads\/2023\/07\/Board-and-Committees-Vacancy-Listing-by-Commissioners.pdf\" target=\"_blank\" rel=\"noopener\"> Vacantes <\/a> <a role=\"button\" href=\"\/wp-content\/uploads\/2023\/07\/21-Board-Members-Directory-17-1.pdf\" target=\"_blank\" rel=\"noopener\"> Informaci\u00f3n de contacto del miembro <\/a> <a role=\"button\" href=\"\/wp-content\/uploads\/2023\/07\/21-Board-Members-Directory-17-1.pdf\" target=\"_blank\" rel=\"noopener\"> Detalles de membres\u00eda (t\u00e9rminos, cargos, t\u00edtulos) <\/a> <a role=\"button\" href=\"\/wp-content\/uploads\/2023\/07\/Liaison-Contact-Information.pdf\" target=\"_blank\" rel=\"noopener\"> Informaci\u00f3n de contacto de enlace <\/a> <iframe loading=\"lazy\" src=\"https:\/\/docmgmt.miamibeachfl.gov\/WebLink\/Browse.aspx?id=211300&amp;dbid=0&amp;repo=CityClerk\" width=\"100%\" height=\"100%\" frameborder=\"0\" allowfullscreen=\"allowfullscreen\"><\/iframe> <a href=\"\/es\/void(0)\/\" target=\"_self\" rel=\"noopener\" aria-label=\"Buscar en los archivos\"> Buscar en los archivos <\/a> <iframe loading=\"lazy\" src=\"https:\/\/miamibeach.novusagenda.com\/agendapublic\/meetingsgeneral.aspx\" width=\"100%\" height=\"100%\" frameborder=\"0\" allowfullscreen=\"allowfullscreen\"><\/iframe> <a href=\"\/es\/void(0)\/\" target=\"_self\" rel=\"noopener\" aria-label=\"Buscar agendas y actas\"> Buscar agendas y actas <\/a> <a role=\"button\" href=\"https:\/\/www.miamibeachfl.gov\/es\/city-hall\/city-clerk-new\/contactus\/\" target=\"_self\" rel=\"noopener\"> Cont\u00e1ctenos <\/a><\/p>\r\n<h3>Solicitudes de registros p\u00fablicos<\/h3>\r\n<p>Visite el sitio de Solicitudes de Registros P\u00fablicos de la Ciudad de Miami Beach. Env\u00ede una nueva solicitud, consulte el estado de una solicitud enviada y busque en el archivo de solicitudes de registros.<\/p>\r\n<p>Si tiene alguna pregunta sobre registros p\u00fablicos, llame a la oficina del Secretario Municipal de la Ciudad de Miami Beach al 305-673-7411.\u00a0<\/p>\r\n<p><a role=\"button\" href=\"https:\/\/miamibeachfl.justfoia.com\/publicportal\/home\/track\" target=\"_blank\" rel=\"noopener\" aria-label=\"Enviar una solicitud\"> Enviar una solicitud <\/a><\/p>","protected":false},"excerpt":{"rendered":"<p>Disability Access Committee City Clerk Menu Public Records Agendas Forms Boards &amp; Committees Election Information Notifications Contact Us City Clerk [&hellip;]<\/p>\n","protected":false},"author":222,"featured_media":0,"parent":258819,"menu_order":32,"comment_status":"closed","ping_status":"closed","template":"page-blank.php","meta":{"_searchwp_excluded":"","site-sidebar-layout":"default","site-content-layout":"","ast-site-content-layout":"default","site-content-style":"default","site-sidebar-style":"default","ast-global-header-display":"","ast-banner-title-visibility":"","ast-main-header-display":"","ast-hfb-above-header-display":"","ast-hfb-below-header-display":"","ast-hfb-mobile-header-display":"","site-post-title":"","ast-breadcrumbs-content":"","ast-featured-img":"","footer-sml-layout":"","theme-transparent-header-meta":"","adv-header-id-meta":"","stick-header-meta":"","header-above-stick-meta":"","header-main-stick-meta":"","header-below-stick-meta":"","astra-migrate-meta-layouts":"default","ast-page-background-enabled":"default","ast-page-background-meta":{"desktop":{"background-color":"var(--ast-global-color-5)","background-image":"","background-repeat":"repeat","background-position":"center center","background-size":"auto","background-attachment":"scroll","background-type":"","background-media":"","overlay-type":"","overlay-color":"","overlay-opacity":"","overlay-gradient":""},"tablet":{"background-color":"","background-image":"","background-repeat":"repeat","background-position":"center center","background-size":"auto","background-attachment":"scroll","background-type":"","background-media":"","overlay-type":"","overlay-color":"","overlay-opacity":"","overlay-gradient":""},"mobile":{"background-color":"","background-image":"","background-repeat":"repeat","background-position":"center center","background-size":"auto","background-attachment":"scroll","background-type":"","background-media":"","overlay-type":"","overlay-color":"","overlay-opacity":"","overlay-gradient":""}},"ast-content-background-meta":{"desktop":{"background-color":"var(--ast-global-color-4)","background-image":"","background-repeat":"repeat","background-position":"center center","background-size":"auto","background-attachment":"scroll","background-type":"","background-media":"","overlay-type":"","overlay-color":"","overlay-opacity":"","overlay-gradient":""},"tablet":{"background-color":"var(--ast-global-color-4)","background-image":"","background-repeat":"repeat","background-position":"center center","background-size":"auto","background-attachment":"scroll","background-type":"","background-media":"","overlay-type":"","overlay-color":"","overlay-opacity":"","overlay-gradient":""},"mobile":{"background-color":"var(--ast-global-color-4)","background-image":"","background-repeat":"repeat","background-position":"center center","background-size":"auto","background-attachment":"scroll","background-type":"","background-media":"","overlay-type":"","overlay-color":"","overlay-opacity":"","overlay-gradient":""}},"footnotes":""},"categories":[],"tags":[1038,920],"class_list":["post-269117","page","type-page","status-publish","hentry","tag-bandc-committees","tag-boards-and-committees"],"yoast_head":"<!-- This site is optimized with the Yoast SEO Premium plugin v26.6 (Yoast SEO v26.6) - https:\/\/yoast.com\/wordpress\/plugins\/seo\/ -->\n<title>Health Advisory Committee - City of Miami Beach<\/title>\n<meta name=\"description\" content=\"%\" \/>\n<meta name=\"robots\" content=\"index, follow, max-snippet:-1, max-image-preview:large, max-video-preview:-1\" \/>\n<link rel=\"canonical\" href=\"https:\/\/www.miamibeachfl.gov\/es\/city-hall\/city-clerk\/boards-and-committees\/health-advisory-committee\/\" \/>\n<meta property=\"og:locale\" content=\"es_ES\" \/>\n<meta property=\"og:type\" content=\"article\" \/>\n<meta property=\"og:title\" content=\"Health Advisory Committee\" \/>\n<meta property=\"og:description\" content=\"%\" \/>\n<meta property=\"og:url\" content=\"https:\/\/www.miamibeachfl.gov\/es\/city-hall\/city-clerk\/boards-and-committees\/health-advisory-committee\/\" \/>\n<meta property=\"og:site_name\" content=\"City of Miami Beach\" \/>\n<meta property=\"article:publisher\" content=\"https:\/\/www.facebook.com\/cityofmiamibeach\" \/>\n<meta property=\"article:modified_time\" content=\"2023-08-18T20:09:10+00:00\" \/>\n<meta property=\"og:image\" content=\"https:\/\/www.miamibeachfl.gov\/wp-content\/uploads\/2024\/01\/1000pxSquare-miamibeach-aerial-southpointview.jpeg\" \/>\n\t<meta property=\"og:image:width\" content=\"1000\" \/>\n\t<meta property=\"og:image:height\" content=\"1000\" \/>\n\t<meta property=\"og:image:type\" content=\"image\/jpeg\" \/>\n<meta name=\"twitter:card\" content=\"summary_large_image\" \/>\n<meta name=\"twitter:site\" content=\"@Miamibeachnews\" \/>\n<script type=\"application\/ld+json\" class=\"yoast-schema-graph\">{\"@context\":\"https:\/\/schema.org\",\"@graph\":[{\"@type\":\"WebPage\",\"@id\":\"https:\/\/www.miamibeachfl.gov\/city-hall\/city-clerk\/boards-and-committees\/health-advisory-committee\/\",\"url\":\"https:\/\/www.miamibeachfl.gov\/city-hall\/city-clerk\/boards-and-committees\/health-advisory-committee\/\",\"name\":\"Health Advisory Committee - City of Miami Beach\",\"isPartOf\":{\"@id\":\"https:\/\/www.miamibeachfl.gov\/#website\"},\"datePublished\":\"2023-08-18T20:07:37+00:00\",\"dateModified\":\"2023-08-18T20:09:10+00:00\",\"description\":\"%\",\"breadcrumb\":{\"@id\":\"https:\/\/www.miamibeachfl.gov\/city-hall\/city-clerk\/boards-and-committees\/health-advisory-committee\/#breadcrumb\"},\"inLanguage\":\"es\",\"potentialAction\":[{\"@type\":\"ReadAction\",\"target\":[\"https:\/\/www.miamibeachfl.gov\/city-hall\/city-clerk\/boards-and-committees\/health-advisory-committee\/\"]}]},{\"@type\":\"BreadcrumbList\",\"@id\":\"https:\/\/www.miamibeachfl.gov\/city-hall\/city-clerk\/boards-and-committees\/health-advisory-committee\/#breadcrumb\",\"itemListElement\":[{\"@type\":\"ListItem\",\"position\":1,\"name\":\"Home\",\"item\":\"https:\/\/www.miamibeachfl.gov\/\"},{\"@type\":\"ListItem\",\"position\":2,\"name\":\"City Hall\",\"item\":\"https:\/\/www.miamibeachfl.gov\/city-hall\/\"},{\"@type\":\"ListItem\",\"position\":3,\"name\":\"City Clerk\",\"item\":\"https:\/\/www.miamibeachfl.gov\/city-hall\/city-clerk\/\"},{\"@type\":\"ListItem\",\"position\":4,\"name\":\"Boards and Committees\",\"item\":\"https:\/\/www.miamibeachfl.gov\/city-hall\/city-clerk\/boards-and-committees\/\"},{\"@type\":\"ListItem\",\"position\":5,\"name\":\"Health Advisory Committee\"}]},{\"@type\":\"WebSite\",\"@id\":\"https:\/\/www.miamibeachfl.gov\/#website\",\"url\":\"https:\/\/www.miamibeachfl.gov\/\",\"name\":\"City of Miami Beach\",\"description\":\"The official website of the City of Miami Beach. Stay informed, find important information on city services, news, alerts, events, trolley routes, government employment and more.\",\"publisher\":{\"@id\":\"https:\/\/www.miamibeachfl.gov\/#organization\"},\"potentialAction\":[{\"@type\":\"SearchAction\",\"target\":{\"@type\":\"EntryPoint\",\"urlTemplate\":\"https:\/\/www.miamibeachfl.gov\/?s={search_term_string}\"},\"query-input\":{\"@type\":\"PropertyValueSpecification\",\"valueRequired\":true,\"valueName\":\"search_term_string\"}}],\"inLanguage\":\"es\"},{\"@type\":\"Organization\",\"@id\":\"https:\/\/www.miamibeachfl.gov\/#organization\",\"name\":\"City of Miami Beach\",\"url\":\"https:\/\/www.miamibeachfl.gov\/\",\"logo\":{\"@type\":\"ImageObject\",\"inLanguage\":\"es\",\"@id\":\"https:\/\/www.miamibeachfl.gov\/#\/schema\/logo\/image\/\",\"url\":\"https:\/\/www.miamibeachfl.gov\/wp-content\/uploads\/2022\/06\/miamibeach-logoblue.png\",\"contentUrl\":\"https:\/\/www.miamibeachfl.gov\/wp-content\/uploads\/2022\/06\/miamibeach-logoblue.png\",\"width\":1962,\"height\":381,\"caption\":\"City of Miami Beach\"},\"image\":{\"@id\":\"https:\/\/www.miamibeachfl.gov\/#\/schema\/logo\/image\/\"},\"sameAs\":[\"https:\/\/www.facebook.com\/cityofmiamibeach\",\"https:\/\/x.com\/Miamibeachnews\",\"https:\/\/www.instagram.com\/miamibeachnews\/\"],\"description\":\"The official website of the City of Miami Beach. Stay informed, find important information on city services, news, alerts, events, trolley routes, government employment and more.\",\"telephone\":\"305.604.CITY(2489)\",\"legalName\":\"City of Miami Beach\"}]}<\/script>\n<!-- \/ Yoast SEO Premium plugin. -->","yoast_head_json":{"title":"Comit\u00e9 Asesor de Salud - Ciudad de Miami Beach","description":"%","robots":{"index":"index","follow":"follow","max-snippet":"max-snippet:-1","max-image-preview":"max-image-preview:large","max-video-preview":"max-video-preview:-1"},"canonical":"https:\/\/www.miamibeachfl.gov\/es\/city-hall\/city-clerk\/boards-and-committees\/health-advisory-committee\/","og_locale":"es_ES","og_type":"article","og_title":"Health Advisory Committee","og_description":"%","og_url":"https:\/\/www.miamibeachfl.gov\/es\/city-hall\/city-clerk\/boards-and-committees\/health-advisory-committee\/","og_site_name":"City of Miami Beach","article_publisher":"https:\/\/www.facebook.com\/cityofmiamibeach","article_modified_time":"2023-08-18T20:09:10+00:00","og_image":[{"width":1000,"height":1000,"url":"https:\/\/www.miamibeachfl.gov\/wp-content\/uploads\/2024\/01\/1000pxSquare-miamibeach-aerial-southpointview.jpeg","type":"image\/jpeg"}],"twitter_card":"summary_large_image","twitter_site":"@Miamibeachnews","schema":{"@context":"https:\/\/schema.org","@graph":[{"@type":"WebPage","@id":"https:\/\/www.miamibeachfl.gov\/city-hall\/city-clerk\/boards-and-committees\/health-advisory-committee\/","url":"https:\/\/www.miamibeachfl.gov\/city-hall\/city-clerk\/boards-and-committees\/health-advisory-committee\/","name":"Comit\u00e9 Asesor de Salud - Ciudad de Miami Beach","isPartOf":{"@id":"https:\/\/www.miamibeachfl.gov\/#website"},"datePublished":"2023-08-18T20:07:37+00:00","dateModified":"2023-08-18T20:09:10+00:00","description":"%","breadcrumb":{"@id":"https:\/\/www.miamibeachfl.gov\/city-hall\/city-clerk\/boards-and-committees\/health-advisory-committee\/#breadcrumb"},"inLanguage":"es","potentialAction":[{"@type":"ReadAction","target":["https:\/\/www.miamibeachfl.gov\/city-hall\/city-clerk\/boards-and-committees\/health-advisory-committee\/"]}]},{"@type":"BreadcrumbList","@id":"https:\/\/www.miamibeachfl.gov\/city-hall\/city-clerk\/boards-and-committees\/health-advisory-committee\/#breadcrumb","itemListElement":[{"@type":"ListItem","position":1,"name":"Home","item":"https:\/\/www.miamibeachfl.gov\/"},{"@type":"ListItem","position":2,"name":"City Hall","item":"https:\/\/www.miamibeachfl.gov\/city-hall\/"},{"@type":"ListItem","position":3,"name":"City Clerk","item":"https:\/\/www.miamibeachfl.gov\/city-hall\/city-clerk\/"},{"@type":"ListItem","position":4,"name":"Boards and Committees","item":"https:\/\/www.miamibeachfl.gov\/city-hall\/city-clerk\/boards-and-committees\/"},{"@type":"ListItem","position":5,"name":"Health Advisory Committee"}]},{"@type":"WebSite","@id":"https:\/\/www.miamibeachfl.gov\/#website","url":"https:\/\/www.miamibeachfl.gov\/","name":"Ciudad de Miami Beach","description":"Sitio web oficial de la Ciudad de Miami Beach. Mant\u00e9ngase informado, encuentre informaci\u00f3n importante sobre servicios municipales, noticias, alertas, eventos, rutas de tranv\u00edas, empleos gubernamentales y m\u00e1s.","publisher":{"@id":"https:\/\/www.miamibeachfl.gov\/#organization"},"potentialAction":[{"@type":"SearchAction","target":{"@type":"EntryPoint","urlTemplate":"https:\/\/www.miamibeachfl.gov\/?s={search_term_string}"},"query-input":{"@type":"PropertyValueSpecification","valueRequired":true,"valueName":"search_term_string"}}],"inLanguage":"es"},{"@type":"Organization","@id":"https:\/\/www.miamibeachfl.gov\/#organization","name":"Ciudad de Miami Beach","url":"https:\/\/www.miamibeachfl.gov\/","logo":{"@type":"ImageObject","inLanguage":"es","@id":"https:\/\/www.miamibeachfl.gov\/#\/schema\/logo\/image\/","url":"https:\/\/www.miamibeachfl.gov\/wp-content\/uploads\/2022\/06\/miamibeach-logoblue.png","contentUrl":"https:\/\/www.miamibeachfl.gov\/wp-content\/uploads\/2022\/06\/miamibeach-logoblue.png","width":1962,"height":381,"caption":"City of Miami Beach"},"image":{"@id":"https:\/\/www.miamibeachfl.gov\/#\/schema\/logo\/image\/"},"sameAs":["https:\/\/www.facebook.com\/cityofmiamibeach","https:\/\/x.com\/Miamibeachnews","https:\/\/www.instagram.com\/miamibeachnews\/"],"description":"Sitio web oficial de la Ciudad de Miami Beach. Mant\u00e9ngase informado, encuentre informaci\u00f3n importante sobre servicios municipales, noticias, alertas, eventos, rutas de tranv\u00edas, empleos gubernamentales y m\u00e1s.","telephone":"305.604.CITY(2489)","legalName":"City of Miami Beach"}]}},"_links":{"self":[{"href":"https:\/\/www.miamibeachfl.gov\/es\/wp-json\/wp\/v2\/pages\/269117","targetHints":{"allow":["GET"]}}],"collection":[{"href":"https:\/\/www.miamibeachfl.gov\/es\/wp-json\/wp\/v2\/pages"}],"about":[{"href":"https:\/\/www.miamibeachfl.gov\/es\/wp-json\/wp\/v2\/types\/page"}],"author":[{"embeddable":true,"href":"https:\/\/www.miamibeachfl.gov\/es\/wp-json\/wp\/v2\/users\/222"}],"replies":[{"embeddable":true,"href":"https:\/\/www.miamibeachfl.gov\/es\/wp-json\/wp\/v2\/comments?post=269117"}],"version-history":[{"count":0,"href":"https:\/\/www.miamibeachfl.gov\/es\/wp-json\/wp\/v2\/pages\/269117\/revisions"}],"up":[{"embeddable":true,"href":"https:\/\/www.miamibeachfl.gov\/es\/wp-json\/wp\/v2\/pages\/258819"}],"wp:attachment":[{"href":"https:\/\/www.miamibeachfl.gov\/es\/wp-json\/wp\/v2\/media?parent=269117"}],"wp:term":[{"taxonomy":"category","embeddable":true,"href":"https:\/\/www.miamibeachfl.gov\/es\/wp-json\/wp\/v2\/categories?post=269117"},{"taxonomy":"post_tag","embeddable":true,"href":"https:\/\/www.miamibeachfl.gov\/es\/wp-json\/wp\/v2\/tags?post=269117"}],"curies":[{"name":"gracias","href":"https:\/\/api.w.org\/{rel}","templated":true}]}}