{"id":269259,"date":"2023-08-21T12:55:17","date_gmt":"2023-08-21T16:55:17","guid":{"rendered":"https:\/\/www.miamibeachfl.gov\/?page_id=269259"},"modified":"2025-06-02T21:58:02","modified_gmt":"2025-06-03T01:58:02","slug":"august-2023-business-spotlight-ted-lucas","status":"publish","type":"page","link":"https:\/\/www.miamibeachfl.gov\/es\/spotlight\/august-2023-business-spotlight-ted-lucas\/","title":{"rendered":"Empoderando a Miami Beach: Ted Lucas, un ejemplo de \u00e9xito y conocimiento para el Mes de los Negocios Afroamericanos"},"content":{"rendered":"<h5>\n\t\t<a href=\"https:\/\/www.miamibeachfl.gov\/es\/mbbiznews\/\" title=\"Suscr\u00edbete aqu\u00ed para recibir mensualmente en tu bandeja de entrada el bolet\u00edn de negocios de la ciudad.\"  target=\"_blank\"  rel=\"noopener\">\n\t\t\tSuscr\u00edbete aqu\u00ed para recibir mensualmente en tu bandeja de entrada el bolet\u00edn de negocios de la ciudad.\t\t<\/a>\n\t<\/h5>\n<h5>\n\t\t<a href=\"https:\/\/myemail.constantcontact.com\/Stay-connected-with-MB-Biz--.html?soid=1011085968389&#038;aid=S0mHBwwl4Fs\" title=\"Bolet\u00edn empresarial\"  target=\"_blank\"  rel=\"noopener\">\n\t\t\tBolet\u00edn empresarial\t\t<\/a>\n\t<\/h5>\n\t\t\t\t<img decoding=\"async\" src=\"https:\/\/www.miamibeachfl.gov\/wp-content\/uploads\/2023\/08\/Ted-Lucas-2-1024x683.jpeg\" alt=\"presented by Hard Rock InternationalThe Black Professionals Summit is back and we welcome you to a new location for greater connections, opportunities, and experiencesphoto credit: AJ Shorter\" itemprop=\"image\" title=\"Ted Lucas 2\" onerror=\"this.style.display='none'\" loading='lazy' \/>\n\t<p>Ted Lucas, el visionario fundador de Slip-N-Slide Records, ha trascendido las fronteras de la industria musical para convertirse en un pionero de la tecnolog\u00eda y la innovaci\u00f3n. A trav\u00e9s de TechNolij, una organizaci\u00f3n sin fines de lucro, y otras iniciativas pioneras, est\u00e1 revolucionando el panorama al brindar oportunidades, recursos y mentor\u00eda a personas subrepresentadas en las comunidades negras y latinas. Su inquebrantable dedicaci\u00f3n a cerrar la brecha de riqueza racial est\u00e1 transformando vidas y empoderando a las generaciones futuras. Al celebrar el Mes de la Empresa Negra, reconocemos a Ted Lucas por sus excepcionales contribuciones y esperamos ser testigos del impacto duradero de sus iniciativas en Miami Beach y m\u00e1s all\u00e1.<\/p>\n<p><strong>Ted, volvamos al principio. \u00bfQu\u00e9 te impuls\u00f3 a fundar Slip-N-Slide Records y por qu\u00e9 Miami Beach?<\/strong><\/p>\n<p>Volviendo al principio, fund\u00e9 Slip-N-Slide Records porque vi a gente como Luther Campbell. Sent\u00eda la misma motivaci\u00f3n por crear algo en el sur de Florida que significara algo, \u00a1y Slip-N-Slide era precisamente eso! Eleg\u00ed Miami Beach espec\u00edficamente porque recuerdo haber escuchado historias de mi abuela de ni\u00f1o. Trabajaba en Miami Beach limpiando hoteles, y despu\u00e9s de las 7 de la tarde no pod\u00eda entrar a la ciudad sin un comprobante de empleo. Sus historias databan de los a\u00f1os 70, no hace mucho, as\u00ed que para m\u00ed, este sello signific\u00f3 crear algo sin restricciones. He podido crear algo que ha trascendido los l\u00edmites de Miami Beach, y de eso se trata.<\/p>\n<p><strong>\u00bfPodr\u00edas compartir algunos de los factores clave que han contribuido al enorme \u00e9xito de Slip-N-Slide Records en Miami Beach? \u00bfQu\u00e9 valiosas lecciones has aprendido a lo largo del camino que podr\u00edan beneficiar a quienes buscan emprender en esta din\u00e1mica ciudad?<\/strong><\/p>\n<p>Uno de los factores clave del \u00e9xito de Slip-N-Slide es nuestra capacidad para identificar el talento local de Miami y convertirlo en una figura reconocida. En Slip-N-Slide, ayudamos a cada artista a evolucionar en su arte y siempre los impulsamos hacia el \u00e9xito \u00f3ptimo. 25 a\u00f1os despu\u00e9s, mi principal objetivo sigue siendo asegurar que todos puedan mantener a sus familias. Una valiosa lecci\u00f3n que he aprendido en el camino es que todo es posible. Ten\u00eda todas las de perder. Si le preguntaran a algunos de mis maestros de primaria, dir\u00edan que no deber\u00eda estar donde estoy hoy.<\/p>\n<p>Nunca dejes que tu situaci\u00f3n actual dicte tu futuro ni influya en tus decisiones. T\u00fa escribes tu propia historia, y solo t\u00fa tienes el poder de controlarla.<\/p>\n<p><strong>Como figura destacada de la escena musical de Miami Beach, \u00bfqu\u00e9 papel cree usted que desempe\u00f1an la m\u00fasica y las artes en la mejora del desarrollo econ\u00f3mico y la identidad cultural de la ciudad?<\/strong><\/p>\n<p>Las industrias de la m\u00fasica y las artes ofrecen oportunidades de empleo a una amplia gama de profesionales, incluyendo m\u00fasicos, int\u00e9rpretes, artistas, dise\u00f1adores, t\u00e9cnicos, organizadores de eventos, ejecutivos de marketing y m\u00e1s. Apoyar estas industrias puede generar empleo, tanto directo como indirecto, en diversos sectores como la hosteler\u00eda, el comercio minorista, el marketing y la gesti\u00f3n de eventos. Fomentar las habilidades art\u00edsticas de las personas puede ayudarles a encontrar trabajo en las industrias creativas en el futuro, impulsando el crecimiento econ\u00f3mico y el desarrollo del talento.<\/p>\n<p><strong>\u00bfQu\u00e9 te impuls\u00f3 a aventurarte en la tecnolog\u00eda? Tu reciente proyecto, TechNolij, demuestra tu compromiso con la reducci\u00f3n de la brecha digital y el fomento de oportunidades en tecnolog\u00edas emergentes.<\/strong><\/p>\n<p>La tecnolog\u00eda ha cambiado el mundo de muchas maneras. Para m\u00ed, la tecnolog\u00eda significa el futuro. Veo potencial en nuestras comunidades si se les da una oportunidad. El objetivo de TechNolij es crear un canal m\u00e1s intencional para cerrar la brecha de acceso a la riqueza y la tecnolog\u00eda en el sur de Florida. Estamos preparando a nuestras comunidades locales para que formen parte de esta nueva plataforma tecnol\u00f3gica, as\u00ed como de las plataformas existentes. Si nos involucramos r\u00e1pidamente, nos mantendremos al d\u00eda. Quiero ver a tantas personas negras y morenas como yo obtener financiaci\u00f3n y trabajar en el sector tecnol\u00f3gico. Me molesta que cuando hablo en eventos y pregunto cu\u00e1ntos asistentes son del sur de Florida, menos de 10% de nosotros estemos representados en esa sala. Eso tiene que cambiar.<\/p>\n<p><strong>Miami Beach es un crisol de culturas y comunidades diversas. \u00bfC\u00f3mo se asegura de que sus iniciativas empresariales, como TechNolij, incluyan y promuevan activamente una comunidad diversa?<\/strong><\/p>\n<p>Ese es el objetivo principal de TechNolij: impulsar una comunidad diversa al nivelar el campo de juego. Una de las principales razones por las que no se ven personas de color en el sector tecnol\u00f3gico es porque nadie en nuestra comunidad habla realmente de tecnolog\u00eda. No hay di\u00e1logo, principalmente porque nadie sabe qu\u00e9 est\u00e1 pasando. Adem\u00e1s, el mundo de la tecnolog\u00eda puede parecer muy complejo y confuso al principio. Por eso, cuando alguien intenta subirse a la ola, se echa atr\u00e1s porque se siente como si estuviera adentr\u00e1ndose en una madriguera de conejo. Con TechNolij, quiero eliminar los miedos y los obst\u00e1culos para empezar debido a la falta de educaci\u00f3n sobre tecnolog\u00eda.<\/p>\n<p>Lo m\u00e1s importante es que quiero responsabilizar a todas las empresas tecnol\u00f3gicas que se mudaron al sur de Florida: necesitan contratar nuevos talentos que se parezcan a m\u00ed.<\/p>\n<p><strong>El Centro de Innovaci\u00f3n TechNolij de la Universidad Florida Memorial ha sido reconocido por muchos en la comunidad tecnol\u00f3gica. \u00bfC\u00f3mo se mantiene al tanto de la pr\u00f3xima generaci\u00f3n de entusiastas tecnol\u00f3gicos y j\u00f3venes emprendedores de Miami Beach que buscan orientaci\u00f3n y recursos para prosperar en esta industria en constante evoluci\u00f3n?<\/strong><\/p>\n<p>Actualmente, TechNolij se encuentra en la \u00fanica Universidad Hist\u00f3ricamente Afroamericana (HBCU) del sur de Florida, Florida Memorial University. Esto se debe a que quer\u00eda que TechNolij estuviera en el coraz\u00f3n de la ciudad. De esta manera, no solo los estudiantes de Florida Memorial pueden participar, sino que la comunidad en general tambi\u00e9n puede involucrarse en nuestras actividades. TechNolij ofrece programas de aprendizaje para todos los niveles de tecnolog\u00eda y una inserci\u00f3n laboral garantizada al finalizar el programa. A diferencia de otros programas, TechNolij reconoce que los estudiantes universitarios a menudo tienen responsabilidades m\u00e1s all\u00e1 de las acad\u00e9micas. Por ejemplo, muchos deben trabajar en varios empleos adem\u00e1s de sus cursos para cubrir sus gastos o sus familias. Nos apasiona tanto el valor de las lecciones y experiencias que ofrecemos en TechNolij que pagamos a los estudiantes por aprender. En lugar de trabajar en varios empleos sin relaci\u00f3n con sus aspiraciones profesionales, los estudiantes pueden ganar dinero aprendiendo con nosotros, y les aseguramos que estar\u00e1n en una posici\u00f3n ideal para obtener ingresos excepcionales despu\u00e9s de graduarse. Estamos aqu\u00ed para preparar a cada estudiante para una vida de \u00e9xito.<\/p>\n<p><strong>Sus eventos filantr\u00f3picos y talleres educativos son fundamentales para fomentar el talento joven y la innovaci\u00f3n. \u00bfQu\u00e9 consejo les dar\u00eda a quienes buscan contribuir al crecimiento y desarrollo de la comunidad mediante iniciativas similares?<\/strong><\/p>\n<p>Un consejo que dar\u00eda es asegurarse de asociarse con las personas adecuadas. Puedes hacer cualquier cosa por tu cuenta, pero \u00bfpara qu\u00e9 hacerlo cuando puedes crear alianzas para ampliar tu impacto? Tambi\u00e9n es importante asegurarte de asociarte con alguien cuya visi\u00f3n coincida con la tuya. He notado que mucha gente en el sur de Florida habla del impacto que quiere tener y las oportunidades que quiere crear, pero al profundizar un poco, todo es palabrer\u00eda o falsa inspiraci\u00f3n para conseguir algunos &quot;me gusta&quot; en redes sociales.<\/p>\n<p><strong>\u00bfQu\u00e9 significa para usted el Mes Nacional de los Negocios Negros?<\/strong><\/p>\n<p>El Mes Nacional de la Empresa Negra sirve como recordatorio de la tenacidad y la imaginaci\u00f3n de los emprendedores negros. Es un llamado a la acci\u00f3n para que las personas y las comunidades apoyen y promuevan las empresas de propiedad negra durante todo el a\u00f1o, contribuyendo a crear un entorno empresarial m\u00e1s inclusivo y justo. Como mencion\u00e9 antes, mi abuela ha tenido un profundo impacto en mi vida. Me impresiona enormemente saber que hace tan solo 50 a\u00f1os no pod\u00eda trabajar en Miami Beach sin las credenciales adecuadas debido al color de su piel. Trabajo a diario para asegurar que nuestra comunidad nunca m\u00e1s quede excluida de las oportunidades.<\/p>\n<p>&nbsp;<\/p>\n<p>&nbsp;<\/p>","protected":false},"excerpt":{"rendered":"<p>Subscribe here to receive the City&#8217;s business newsletter to your inbox monthly. Business Newsletter Ted Lucas, the visionary founder of [&hellip;]<\/p>\n","protected":false},"author":329,"featured_media":0,"parent":253255,"menu_order":0,"comment_status":"closed","ping_status":"closed","template":"","meta":{"_searchwp_excluded":"","site-sidebar-layout":"default","site-content-layout":"","ast-site-content-layout":"default","site-content-style":"default","site-sidebar-style":"default","ast-global-header-display":"","ast-banner-title-visibility":"","ast-main-header-display":"","ast-hfb-above-header-display":"","ast-hfb-below-header-display":"","ast-hfb-mobile-header-display":"","site-post-title":"","ast-breadcrumbs-content":"","ast-featured-img":"","footer-sml-layout":"","theme-transparent-header-meta":"","adv-header-id-meta":"","stick-header-meta":"","header-above-stick-meta":"","header-main-stick-meta":"","header-below-stick-meta":"","astra-migrate-meta-layouts":"default","ast-page-background-enabled":"default","ast-page-background-meta":{"desktop":{"background-color":"var(--ast-global-color-5)","background-image":"","background-repeat":"repeat","background-position":"center center","background-size":"auto","background-attachment":"scroll","background-type":"","background-media":"","overlay-type":"","overlay-color":"","overlay-opacity":"","overlay-gradient":""},"tablet":{"background-color":"","background-image":"","background-repeat":"repeat","background-position":"center center","background-size":"auto","background-attachment":"scroll","background-type":"","background-media":"","overlay-type":"","overlay-color":"","overlay-opacity":"","overlay-gradient":""},"mobile":{"background-color":"","background-image":"","background-repeat":"repeat","background-position":"center center","background-size":"auto","background-attachment":"scroll","background-type":"","background-media":"","overlay-type":"","overlay-color":"","overlay-opacity":"","overlay-gradient":""}},"ast-content-background-meta":{"desktop":{"background-color":"var(--ast-global-color-4)","background-image":"","background-repeat":"repeat","background-position":"center center","background-size":"auto","background-attachment":"scroll","background-type":"","background-media":"","overlay-type":"","overlay-color":"","overlay-opacity":"","overlay-gradient":""},"tablet":{"background-color":"var(--ast-global-color-4)","background-image":"","background-repeat":"repeat","background-position":"center center","background-size":"auto","background-attachment":"scroll","background-type":"","background-media":"","overlay-type":"","overlay-color":"","overlay-opacity":"","overlay-gradient":""},"mobile":{"background-color":"var(--ast-global-color-4)","background-image":"","background-repeat":"repeat","background-position":"center center","background-size":"auto","background-attachment":"scroll","background-type":"","background-media":"","overlay-type":"","overlay-color":"","overlay-opacity":"","overlay-gradient":""}},"footnotes":""},"categories":[],"tags":[],"class_list":["post-269259","page","type-page","status-publish","hentry"],"yoast_head":"<!-- This site is optimized with the Yoast SEO Premium plugin v27.4 (Yoast SEO v27.4) - https:\/\/yoast.com\/product\/yoast-seo-premium-wordpress\/ -->\n<title>Empowering Miami Beach: Ted Lucas, a Beacon of Success and Knowledge for Black Business Month - City of Miami Beach<\/title>\n<meta name=\"description\" content=\"%\" \/>\n<meta name=\"robots\" content=\"index, follow, max-snippet:-1, max-image-preview:large, max-video-preview:-1\" \/>\n<link rel=\"canonical\" href=\"https:\/\/www.miamibeachfl.gov\/es\/spotlight\/august-2023-business-spotlight-ted-lucas\/\" \/>\n<meta property=\"og:locale\" content=\"es_ES\" \/>\n<meta property=\"og:type\" content=\"article\" \/>\n<meta property=\"og:title\" content=\"Empowering Miami Beach: Ted Lucas, a Beacon of Success and Knowledge for Black Business Month\" \/>\n<meta property=\"og:description\" content=\"%\" \/>\n<meta property=\"og:url\" content=\"https:\/\/www.miamibeachfl.gov\/es\/spotlight\/august-2023-business-spotlight-ted-lucas\/\" \/>\n<meta property=\"og:site_name\" content=\"City of Miami Beach\" \/>\n<meta property=\"article:publisher\" content=\"https:\/\/www.facebook.com\/cityofmiamibeach\" \/>\n<meta property=\"article:modified_time\" content=\"2025-06-03T01:58:02+00:00\" \/>\n<meta property=\"og:image\" content=\"https:\/\/www.miamibeachfl.gov\/wp-content\/uploads\/2023\/08\/Ted-Lucas-2-1024x683.jpeg\" \/>\n<meta name=\"twitter:card\" content=\"summary_large_image\" \/>\n<meta name=\"twitter:site\" content=\"@Miamibeachnews\" \/>\n<script type=\"application\/ld+json\" class=\"yoast-schema-graph\">{\"@context\":\"https:\\\/\\\/schema.org\",\"@graph\":[{\"@type\":\"WebPage\",\"@id\":\"https:\\\/\\\/www.miamibeachfl.gov\\\/spotlight\\\/august-2023-business-spotlight-ted-lucas\\\/\",\"url\":\"https:\\\/\\\/www.miamibeachfl.gov\\\/spotlight\\\/august-2023-business-spotlight-ted-lucas\\\/\",\"name\":\"Empowering Miami Beach: Ted Lucas, a Beacon of Success and Knowledge for Black Business Month - City of Miami Beach\",\"isPartOf\":{\"@id\":\"https:\\\/\\\/www.miamibeachfl.gov\\\/#website\"},\"primaryImageOfPage\":{\"@id\":\"https:\\\/\\\/www.miamibeachfl.gov\\\/spotlight\\\/august-2023-business-spotlight-ted-lucas\\\/#primaryimage\"},\"image\":{\"@id\":\"https:\\\/\\\/www.miamibeachfl.gov\\\/spotlight\\\/august-2023-business-spotlight-ted-lucas\\\/#primaryimage\"},\"thumbnailUrl\":\"https:\\\/\\\/www.miamibeachfl.gov\\\/wp-content\\\/uploads\\\/2023\\\/08\\\/Ted-Lucas-2-1024x683.jpeg\",\"datePublished\":\"2023-08-21T16:55:17+00:00\",\"dateModified\":\"2025-06-03T01:58:02+00:00\",\"description\":\"%\",\"breadcrumb\":{\"@id\":\"https:\\\/\\\/www.miamibeachfl.gov\\\/spotlight\\\/august-2023-business-spotlight-ted-lucas\\\/#breadcrumb\"},\"inLanguage\":\"es\",\"potentialAction\":[{\"@type\":\"ReadAction\",\"target\":[\"https:\\\/\\\/www.miamibeachfl.gov\\\/spotlight\\\/august-2023-business-spotlight-ted-lucas\\\/\"]}]},{\"@type\":\"ImageObject\",\"inLanguage\":\"es\",\"@id\":\"https:\\\/\\\/www.miamibeachfl.gov\\\/spotlight\\\/august-2023-business-spotlight-ted-lucas\\\/#primaryimage\",\"url\":\"https:\\\/\\\/www.miamibeachfl.gov\\\/wp-content\\\/uploads\\\/2023\\\/08\\\/Ted-Lucas-2-1024x683.jpeg\",\"contentUrl\":\"https:\\\/\\\/www.miamibeachfl.gov\\\/wp-content\\\/uploads\\\/2023\\\/08\\\/Ted-Lucas-2-1024x683.jpeg\"},{\"@type\":\"BreadcrumbList\",\"@id\":\"https:\\\/\\\/www.miamibeachfl.gov\\\/spotlight\\\/august-2023-business-spotlight-ted-lucas\\\/#breadcrumb\",\"itemListElement\":[{\"@type\":\"ListItem\",\"position\":1,\"name\":\"Home\",\"item\":\"https:\\\/\\\/www.miamibeachfl.gov\\\/\"},{\"@type\":\"ListItem\",\"position\":2,\"name\":\"Business Newsletters and Spotlights\",\"item\":\"https:\\\/\\\/www.miamibeachfl.gov\\\/spotlight\\\/\"},{\"@type\":\"ListItem\",\"position\":3,\"name\":\"Empowering Miami Beach: Ted Lucas, a Beacon of Success and Knowledge for Black Business Month\"}]},{\"@type\":\"WebSite\",\"@id\":\"https:\\\/\\\/www.miamibeachfl.gov\\\/#website\",\"url\":\"https:\\\/\\\/www.miamibeachfl.gov\\\/\",\"name\":\"City of Miami Beach\",\"description\":\"The official website of the City of Miami Beach. Stay informed, find important information on city services, news, alerts, events, trolley routes, government employment and more.\",\"publisher\":{\"@id\":\"https:\\\/\\\/www.miamibeachfl.gov\\\/#organization\"},\"potentialAction\":[{\"@type\":\"SearchAction\",\"target\":{\"@type\":\"EntryPoint\",\"urlTemplate\":\"https:\\\/\\\/www.miamibeachfl.gov\\\/?s={search_term_string}\"},\"query-input\":{\"@type\":\"PropertyValueSpecification\",\"valueRequired\":true,\"valueName\":\"search_term_string\"}}],\"inLanguage\":\"es\"},{\"@type\":\"Organization\",\"@id\":\"https:\\\/\\\/www.miamibeachfl.gov\\\/#organization\",\"name\":\"City of Miami Beach\",\"url\":\"https:\\\/\\\/www.miamibeachfl.gov\\\/\",\"logo\":{\"@type\":\"ImageObject\",\"inLanguage\":\"es\",\"@id\":\"https:\\\/\\\/www.miamibeachfl.gov\\\/#\\\/schema\\\/logo\\\/image\\\/\",\"url\":\"https:\\\/\\\/www.miamibeachfl.gov\\\/wp-content\\\/uploads\\\/2022\\\/06\\\/miamibeach-logoblue.png\",\"contentUrl\":\"https:\\\/\\\/www.miamibeachfl.gov\\\/wp-content\\\/uploads\\\/2022\\\/06\\\/miamibeach-logoblue.png\",\"width\":1962,\"height\":381,\"caption\":\"City of Miami Beach\"},\"image\":{\"@id\":\"https:\\\/\\\/www.miamibeachfl.gov\\\/#\\\/schema\\\/logo\\\/image\\\/\"},\"sameAs\":[\"https:\\\/\\\/www.facebook.com\\\/cityofmiamibeach\",\"https:\\\/\\\/x.com\\\/Miamibeachnews\",\"https:\\\/\\\/www.instagram.com\\\/miamibeachnews\\\/\"],\"description\":\"The official website of the City of Miami Beach. Stay informed, find important information on city services, news, alerts, events, trolley routes, government employment and more.\",\"telephone\":\"305.604.CITY(2489)\",\"legalName\":\"City of Miami Beach\"}]}<\/script>\n<!-- \/ Yoast SEO Premium plugin. -->","yoast_head_json":{"title":"Empoderando a Miami Beach: Ted Lucas, un ejemplo de \u00e9xito y conocimiento para el Mes de los Negocios Afroamericanos - Ciudad de Miami Beach","description":"%","robots":{"index":"index","follow":"follow","max-snippet":"max-snippet:-1","max-image-preview":"max-image-preview:large","max-video-preview":"max-video-preview:-1"},"canonical":"https:\/\/www.miamibeachfl.gov\/es\/spotlight\/august-2023-business-spotlight-ted-lucas\/","og_locale":"es_ES","og_type":"article","og_title":"Empowering Miami Beach: Ted Lucas, a Beacon of Success and Knowledge for Black Business Month","og_description":"%","og_url":"https:\/\/www.miamibeachfl.gov\/es\/spotlight\/august-2023-business-spotlight-ted-lucas\/","og_site_name":"City of Miami Beach","article_publisher":"https:\/\/www.facebook.com\/cityofmiamibeach","article_modified_time":"2025-06-03T01:58:02+00:00","og_image":[{"url":"https:\/\/www.miamibeachfl.gov\/wp-content\/uploads\/2023\/08\/Ted-Lucas-2-1024x683.jpeg","type":"","width":"","height":""}],"twitter_card":"summary_large_image","twitter_site":"@Miamibeachnews","schema":{"@context":"https:\/\/schema.org","@graph":[{"@type":"WebPage","@id":"https:\/\/www.miamibeachfl.gov\/spotlight\/august-2023-business-spotlight-ted-lucas\/","url":"https:\/\/www.miamibeachfl.gov\/spotlight\/august-2023-business-spotlight-ted-lucas\/","name":"Empoderando a Miami Beach: Ted Lucas, un ejemplo de \u00e9xito y conocimiento para el Mes de los Negocios Afroamericanos - Ciudad de Miami Beach","isPartOf":{"@id":"https:\/\/www.miamibeachfl.gov\/#website"},"primaryImageOfPage":{"@id":"https:\/\/www.miamibeachfl.gov\/spotlight\/august-2023-business-spotlight-ted-lucas\/#primaryimage"},"image":{"@id":"https:\/\/www.miamibeachfl.gov\/spotlight\/august-2023-business-spotlight-ted-lucas\/#primaryimage"},"thumbnailUrl":"https:\/\/www.miamibeachfl.gov\/wp-content\/uploads\/2023\/08\/Ted-Lucas-2-1024x683.jpeg","datePublished":"2023-08-21T16:55:17+00:00","dateModified":"2025-06-03T01:58:02+00:00","description":"%","breadcrumb":{"@id":"https:\/\/www.miamibeachfl.gov\/spotlight\/august-2023-business-spotlight-ted-lucas\/#breadcrumb"},"inLanguage":"es","potentialAction":[{"@type":"ReadAction","target":["https:\/\/www.miamibeachfl.gov\/spotlight\/august-2023-business-spotlight-ted-lucas\/"]}]},{"@type":"ImageObject","inLanguage":"es","@id":"https:\/\/www.miamibeachfl.gov\/spotlight\/august-2023-business-spotlight-ted-lucas\/#primaryimage","url":"https:\/\/www.miamibeachfl.gov\/wp-content\/uploads\/2023\/08\/Ted-Lucas-2-1024x683.jpeg","contentUrl":"https:\/\/www.miamibeachfl.gov\/wp-content\/uploads\/2023\/08\/Ted-Lucas-2-1024x683.jpeg"},{"@type":"BreadcrumbList","@id":"https:\/\/www.miamibeachfl.gov\/spotlight\/august-2023-business-spotlight-ted-lucas\/#breadcrumb","itemListElement":[{"@type":"ListItem","position":1,"name":"Home","item":"https:\/\/www.miamibeachfl.gov\/"},{"@type":"ListItem","position":2,"name":"Business Newsletters and Spotlights","item":"https:\/\/www.miamibeachfl.gov\/spotlight\/"},{"@type":"ListItem","position":3,"name":"Empowering Miami Beach: Ted Lucas, a Beacon of Success and Knowledge for Black Business Month"}]},{"@type":"WebSite","@id":"https:\/\/www.miamibeachfl.gov\/#website","url":"https:\/\/www.miamibeachfl.gov\/","name":"Ciudad de Miami Beach","description":"Sitio web oficial de la Ciudad de Miami Beach. Mant\u00e9ngase informado, encuentre informaci\u00f3n importante sobre servicios municipales, noticias, alertas, eventos, rutas de tranv\u00edas, empleos gubernamentales y m\u00e1s.","publisher":{"@id":"https:\/\/www.miamibeachfl.gov\/#organization"},"potentialAction":[{"@type":"SearchAction","target":{"@type":"EntryPoint","urlTemplate":"https:\/\/www.miamibeachfl.gov\/?s={search_term_string}"},"query-input":{"@type":"PropertyValueSpecification","valueRequired":true,"valueName":"search_term_string"}}],"inLanguage":"es"},{"@type":"Organization","@id":"https:\/\/www.miamibeachfl.gov\/#organization","name":"Ciudad de Miami Beach","url":"https:\/\/www.miamibeachfl.gov\/","logo":{"@type":"ImageObject","inLanguage":"es","@id":"https:\/\/www.miamibeachfl.gov\/#\/schema\/logo\/image\/","url":"https:\/\/www.miamibeachfl.gov\/wp-content\/uploads\/2022\/06\/miamibeach-logoblue.png","contentUrl":"https:\/\/www.miamibeachfl.gov\/wp-content\/uploads\/2022\/06\/miamibeach-logoblue.png","width":1962,"height":381,"caption":"City of Miami Beach"},"image":{"@id":"https:\/\/www.miamibeachfl.gov\/#\/schema\/logo\/image\/"},"sameAs":["https:\/\/www.facebook.com\/cityofmiamibeach","https:\/\/x.com\/Miamibeachnews","https:\/\/www.instagram.com\/miamibeachnews\/"],"description":"Sitio web oficial de la Ciudad de Miami Beach. Mant\u00e9ngase informado, encuentre informaci\u00f3n importante sobre servicios municipales, noticias, alertas, eventos, rutas de tranv\u00edas, empleos gubernamentales y m\u00e1s.","telephone":"305.604.CITY(2489)","legalName":"City of Miami Beach"}]}},"_links":{"self":[{"href":"https:\/\/www.miamibeachfl.gov\/es\/wp-json\/wp\/v2\/pages\/269259","targetHints":{"allow":["GET"]}}],"collection":[{"href":"https:\/\/www.miamibeachfl.gov\/es\/wp-json\/wp\/v2\/pages"}],"about":[{"href":"https:\/\/www.miamibeachfl.gov\/es\/wp-json\/wp\/v2\/types\/page"}],"author":[{"embeddable":true,"href":"https:\/\/www.miamibeachfl.gov\/es\/wp-json\/wp\/v2\/users\/329"}],"replies":[{"embeddable":true,"href":"https:\/\/www.miamibeachfl.gov\/es\/wp-json\/wp\/v2\/comments?post=269259"}],"version-history":[{"count":1,"href":"https:\/\/www.miamibeachfl.gov\/es\/wp-json\/wp\/v2\/pages\/269259\/revisions"}],"predecessor-version":[{"id":375051,"href":"https:\/\/www.miamibeachfl.gov\/es\/wp-json\/wp\/v2\/pages\/269259\/revisions\/375051"}],"up":[{"embeddable":true,"href":"https:\/\/www.miamibeachfl.gov\/es\/wp-json\/wp\/v2\/pages\/253255"}],"wp:attachment":[{"href":"https:\/\/www.miamibeachfl.gov\/es\/wp-json\/wp\/v2\/media?parent=269259"}],"wp:term":[{"taxonomy":"category","embeddable":true,"href":"https:\/\/www.miamibeachfl.gov\/es\/wp-json\/wp\/v2\/categories?post=269259"},{"taxonomy":"post_tag","embeddable":true,"href":"https:\/\/www.miamibeachfl.gov\/es\/wp-json\/wp\/v2\/tags?post=269259"}],"curies":[{"name":"gracias","href":"https:\/\/api.w.org\/{rel}","templated":true}]}}