{"id":270022,"date":"2023-08-28T09:41:06","date_gmt":"2023-08-28T13:41:06","guid":{"rendered":"https:\/\/www.miamibeachfl.gov\/?page_id=270022"},"modified":"2026-03-25T14:05:11","modified_gmt":"2026-03-25T18:05:11","slug":"monthlycrimesdatareport","status":"publish","type":"page","link":"https:\/\/www.miamibeachfl.gov\/es\/yourmbpd\/monthlycrimesdatareport\/","title":{"rendered":"Informe mensual de datos sobre delitos"},"content":{"rendered":"<div class=\"wp-block-columns has-background is-layout-flex wp-container-core-columns-is-layout-74e2db4f wp-block-columns-is-layout-flex\" style=\"background-color:#ffe500;padding-top:0px;padding-right:0px;padding-bottom:0px;padding-left:0px\">\n<div class=\"wp-block-column has-background is-layout-constrained wp-container-core-column-is-layout-14bf73ab wp-block-column-is-layout-constrained\" style=\"background-color:#ffe500;padding-top:0;padding-bottom:0\">\n<figure class=\"wp-block-image size-large policestationbackground\"><img loading=\"lazy\" decoding=\"async\" width=\"1024\" height=\"323\" src=\"https:\/\/www.miamibeachfl.gov\/wp-content\/uploads\/2023\/08\/PoliceHeadquarters2-1024x323.jpg\" alt=\"Police Headquarters\" class=\"wp-image-268538\" srcset=\"https:\/\/www.miamibeachfl.gov\/wp-content\/uploads\/2023\/08\/PoliceHeadquarters2-1024x323.jpg 1024w, https:\/\/www.miamibeachfl.gov\/wp-content\/uploads\/2023\/08\/PoliceHeadquarters2-300x95.jpg 300w, https:\/\/www.miamibeachfl.gov\/wp-content\/uploads\/2023\/08\/PoliceHeadquarters2-768x242.jpg 768w, https:\/\/www.miamibeachfl.gov\/wp-content\/uploads\/2023\/08\/PoliceHeadquarters2-1536x484.jpg 1536w, https:\/\/www.miamibeachfl.gov\/wp-content\/uploads\/2023\/08\/PoliceHeadquarters2.jpg 1800w\" sizes=\"auto, (max-width: 1024px) 100vw, 1024px\" \/><\/figure>\n<\/div>\n\n\n\n<div class=\"wp-block-column is-vertically-aligned-center is-layout-flow wp-block-column-is-layout-flow\">\n<h2 class=\"wp-block-heading has-text-align-left has-large-font-size\" id=\"h-miami-beach-police-department-monthly-crime-dashboard\">Departamento de Polic\u00eda de Miami Beach<br>Panel de control mensual sobre delitos <\/h2>\n<\/div>\n<\/div>\n\n\n\n<div class=\"wp-block-columns is-layout-flex wp-container-core-columns-is-layout-1d9e2a49 wp-block-columns-is-layout-flex\" style=\"padding-top:10px;padding-bottom:10px\">\n<div class=\"wp-block-column is-layout-flow wp-block-column-is-layout-flow\"><div class=\"yoast-breadcrumbs\"><span><span><a href=\"https:\/\/www.miamibeachfl.gov\/es\/\">Hogar<\/a><\/span> &gt; <span><a href=\"https:\/\/www.miamibeachfl.gov\/es\/yourmbpd\/\">Polic\u00eda<\/a><\/span> &gt; <span class=\"breadcrumb_last\" aria-current=\"page\"><strong>Informe mensual de datos sobre delitos<\/strong><\/span><\/span><\/div><\/div>\n<\/div>\n\n\n\n<iframe loading=\"lazy\" title=\"Panel de transparencia de datos\" width=\"100%\" height=\"1200\" src=\"https:\/\/app.powerbigov.us\/view?r=eyJrIjoiZGU0ODY2YzItZDkwZS00OWM4LWI0NWQtMjg3ZmQwMzM1NWUzIiwidCI6IjU1MTYwOGY5LTQ4ZjMtNDg3MS04MDhhLWE5NjllYzVjZjQ4YSJ9\" frameborder=\"0\" allowfullscreen=\"true\"><\/iframe>","protected":false},"excerpt":{"rendered":"<p>Miami Beach Police DepartmentMonthly Crime Dashboard<\/p>","protected":false},"author":222,"featured_media":0,"parent":120936,"menu_order":0,"comment_status":"closed","ping_status":"closed","template":"","meta":{"_searchwp_excluded":"","site-sidebar-layout":"default","site-content-layout":"","ast-site-content-layout":"","site-content-style":"default","site-sidebar-style":"default","ast-global-header-display":"disabled","ast-banner-title-visibility":"","ast-main-header-display":"","ast-hfb-above-header-display":"","ast-hfb-below-header-display":"","ast-hfb-mobile-header-display":"","site-post-title":"","ast-breadcrumbs-content":"","ast-featured-img":"","footer-sml-layout":"disabled","theme-transparent-header-meta":"","adv-header-id-meta":"","stick-header-meta":"","header-above-stick-meta":"","header-main-stick-meta":"","header-below-stick-meta":"","astra-migrate-meta-layouts":"default","ast-page-background-enabled":"default","ast-page-background-meta":{"desktop":{"background-color":"var(--ast-global-color-5)","background-image":"","background-repeat":"repeat","background-position":"center center","background-size":"auto","background-attachment":"scroll","background-type":"","background-media":"","overlay-type":"","overlay-color":"","overlay-opacity":"","overlay-gradient":""},"tablet":{"background-color":"","background-image":"","background-repeat":"repeat","background-position":"center center","background-size":"auto","background-attachment":"scroll","background-type":"","background-media":"","overlay-type":"","overlay-color":"","overlay-opacity":"","overlay-gradient":""},"mobile":{"background-color":"","background-image":"","background-repeat":"repeat","background-position":"center center","background-size":"auto","background-attachment":"scroll","background-type":"","background-media":"","overlay-type":"","overlay-color":"","overlay-opacity":"","overlay-gradient":""}},"ast-content-background-meta":{"desktop":{"background-color":"var(--ast-global-color-4)","background-image":"","background-repeat":"repeat","background-position":"center center","background-size":"auto","background-attachment":"scroll","background-type":"","background-media":"","overlay-type":"","overlay-color":"","overlay-opacity":"","overlay-gradient":""},"tablet":{"background-color":"var(--ast-global-color-4)","background-image":"","background-repeat":"repeat","background-position":"center center","background-size":"auto","background-attachment":"scroll","background-type":"","background-media":"","overlay-type":"","overlay-color":"","overlay-opacity":"","overlay-gradient":""},"mobile":{"background-color":"var(--ast-global-color-4)","background-image":"","background-repeat":"repeat","background-position":"center center","background-size":"auto","background-attachment":"scroll","background-type":"","background-media":"","overlay-type":"","overlay-color":"","overlay-opacity":"","overlay-gradient":""}},"footnotes":""},"categories":[],"tags":[],"class_list":["post-270022","page","type-page","status-publish","hentry"],"yoast_head":"<!-- This site is optimized with the Yoast SEO Premium plugin v27.4 (Yoast SEO v27.4) - https:\/\/yoast.com\/product\/yoast-seo-premium-wordpress\/ -->\n<title>Monthly Crimes Data Report - City of Miami Beach<\/title>\n<meta name=\"description\" content=\"The MBPD is a fully accredited law enforcement agency, which is dedicated to pursuing every opportunity and engaging all challenges as part of this organization&#039;s on-going quest for excellence. With the continued growth in the popularity of Miami Beach as a destination of choice for out of town and local visitors alike, the Police Department is tasked with balancing the needs of the residential population with the huge increase in the amount of visitors to the City.\" \/>\n<meta name=\"robots\" content=\"index, follow, max-snippet:-1, max-image-preview:large, max-video-preview:-1\" \/>\n<link rel=\"canonical\" href=\"https:\/\/www.miamibeachfl.gov\/es\/yourmbpd\/monthlycrimesdatareport\/\" \/>\n<meta property=\"og:locale\" content=\"es_ES\" \/>\n<meta property=\"og:type\" content=\"article\" \/>\n<meta property=\"og:title\" content=\"Monthly Crimes Data Report\" \/>\n<meta property=\"og:description\" content=\"The MBPD is a fully accredited law enforcement agency, which is dedicated to pursuing every opportunity and engaging all challenges as part of this organization&#039;s on-going quest for excellence. With the continued growth in the popularity of Miami Beach as a destination of choice for out of town and local visitors alike, the Police Department is tasked with balancing the needs of the residential population with the huge increase in the amount of visitors to the City.\" \/>\n<meta property=\"og:url\" content=\"https:\/\/www.miamibeachfl.gov\/es\/yourmbpd\/monthlycrimesdatareport\/\" \/>\n<meta property=\"og:site_name\" content=\"City of Miami Beach\" \/>\n<meta property=\"article:publisher\" content=\"https:\/\/www.facebook.com\/cityofmiamibeach\" \/>\n<meta property=\"article:modified_time\" content=\"2026-03-25T18:05:11+00:00\" \/>\n<meta property=\"og:image\" content=\"https:\/\/www.miamibeachfl.gov\/wp-content\/uploads\/2023\/05\/ShantellPoliceHeadshot.jpg\" \/>\n\t<meta property=\"og:image:width\" content=\"500\" \/>\n\t<meta property=\"og:image:height\" content=\"500\" \/>\n\t<meta property=\"og:image:type\" content=\"image\/jpeg\" \/>\n<meta name=\"twitter:card\" content=\"summary_large_image\" \/>\n<meta name=\"twitter:site\" content=\"@Miamibeachnews\" \/>\n<script type=\"application\/ld+json\" class=\"yoast-schema-graph\">{\"@context\":\"https:\\\/\\\/schema.org\",\"@graph\":[{\"@type\":\"WebPage\",\"@id\":\"https:\\\/\\\/www.miamibeachfl.gov\\\/yourmbpd\\\/monthlycrimesdatareport\\\/\",\"url\":\"https:\\\/\\\/www.miamibeachfl.gov\\\/yourmbpd\\\/monthlycrimesdatareport\\\/\",\"name\":\"Monthly Crimes Data Report - City of Miami Beach\",\"isPartOf\":{\"@id\":\"https:\\\/\\\/www.miamibeachfl.gov\\\/#website\"},\"primaryImageOfPage\":{\"@id\":\"https:\\\/\\\/www.miamibeachfl.gov\\\/yourmbpd\\\/monthlycrimesdatareport\\\/#primaryimage\"},\"image\":{\"@id\":\"https:\\\/\\\/www.miamibeachfl.gov\\\/yourmbpd\\\/monthlycrimesdatareport\\\/#primaryimage\"},\"thumbnailUrl\":\"https:\\\/\\\/www.miamibeachfl.gov\\\/wp-content\\\/uploads\\\/2023\\\/08\\\/PoliceHeadquarters2-1024x323.jpg\",\"datePublished\":\"2023-08-28T13:41:06+00:00\",\"dateModified\":\"2026-03-25T18:05:11+00:00\",\"description\":\"The MBPD is a fully accredited law enforcement agency, which is dedicated to pursuing every opportunity and engaging all challenges as part of this organization's on-going quest for excellence. With the continued growth in the popularity of Miami Beach as a destination of choice for out of town and local visitors alike, the Police Department is tasked with balancing the needs of the residential population with the huge increase in the amount of visitors to the City.\",\"breadcrumb\":{\"@id\":\"https:\\\/\\\/www.miamibeachfl.gov\\\/yourmbpd\\\/monthlycrimesdatareport\\\/#breadcrumb\"},\"inLanguage\":\"es\",\"potentialAction\":[{\"@type\":\"ReadAction\",\"target\":[\"https:\\\/\\\/www.miamibeachfl.gov\\\/yourmbpd\\\/monthlycrimesdatareport\\\/\"]}]},{\"@type\":\"ImageObject\",\"inLanguage\":\"es\",\"@id\":\"https:\\\/\\\/www.miamibeachfl.gov\\\/yourmbpd\\\/monthlycrimesdatareport\\\/#primaryimage\",\"url\":\"https:\\\/\\\/www.miamibeachfl.gov\\\/wp-content\\\/uploads\\\/2023\\\/08\\\/PoliceHeadquarters2-1024x323.jpg\",\"contentUrl\":\"https:\\\/\\\/www.miamibeachfl.gov\\\/wp-content\\\/uploads\\\/2023\\\/08\\\/PoliceHeadquarters2-1024x323.jpg\"},{\"@type\":\"BreadcrumbList\",\"@id\":\"https:\\\/\\\/www.miamibeachfl.gov\\\/yourmbpd\\\/monthlycrimesdatareport\\\/#breadcrumb\",\"itemListElement\":[{\"@type\":\"ListItem\",\"position\":1,\"name\":\"Home\",\"item\":\"https:\\\/\\\/www.miamibeachfl.gov\\\/\"},{\"@type\":\"ListItem\",\"position\":2,\"name\":\"Police\",\"item\":\"https:\\\/\\\/www.miamibeachfl.gov\\\/yourmbpd\\\/\"},{\"@type\":\"ListItem\",\"position\":3,\"name\":\"Monthly Crimes Data Report\"}]},{\"@type\":\"WebSite\",\"@id\":\"https:\\\/\\\/www.miamibeachfl.gov\\\/#website\",\"url\":\"https:\\\/\\\/www.miamibeachfl.gov\\\/\",\"name\":\"City of Miami Beach\",\"description\":\"The official website of the City of Miami Beach. Stay informed, find important information on city services, news, alerts, events, trolley routes, government employment and more.\",\"publisher\":{\"@id\":\"https:\\\/\\\/www.miamibeachfl.gov\\\/#organization\"},\"potentialAction\":[{\"@type\":\"SearchAction\",\"target\":{\"@type\":\"EntryPoint\",\"urlTemplate\":\"https:\\\/\\\/www.miamibeachfl.gov\\\/?s={search_term_string}\"},\"query-input\":{\"@type\":\"PropertyValueSpecification\",\"valueRequired\":true,\"valueName\":\"search_term_string\"}}],\"inLanguage\":\"es\"},{\"@type\":\"Organization\",\"@id\":\"https:\\\/\\\/www.miamibeachfl.gov\\\/#organization\",\"name\":\"City of Miami Beach\",\"url\":\"https:\\\/\\\/www.miamibeachfl.gov\\\/\",\"logo\":{\"@type\":\"ImageObject\",\"inLanguage\":\"es\",\"@id\":\"https:\\\/\\\/www.miamibeachfl.gov\\\/#\\\/schema\\\/logo\\\/image\\\/\",\"url\":\"https:\\\/\\\/www.miamibeachfl.gov\\\/wp-content\\\/uploads\\\/2022\\\/06\\\/miamibeach-logoblue.png\",\"contentUrl\":\"https:\\\/\\\/www.miamibeachfl.gov\\\/wp-content\\\/uploads\\\/2022\\\/06\\\/miamibeach-logoblue.png\",\"width\":1962,\"height\":381,\"caption\":\"City of Miami Beach\"},\"image\":{\"@id\":\"https:\\\/\\\/www.miamibeachfl.gov\\\/#\\\/schema\\\/logo\\\/image\\\/\"},\"sameAs\":[\"https:\\\/\\\/www.facebook.com\\\/cityofmiamibeach\",\"https:\\\/\\\/x.com\\\/Miamibeachnews\",\"https:\\\/\\\/www.instagram.com\\\/miamibeachnews\\\/\"],\"description\":\"The official website of the City of Miami Beach. Stay informed, find important information on city services, news, alerts, events, trolley routes, government employment and more.\",\"telephone\":\"305.604.CITY(2489)\",\"legalName\":\"City of Miami Beach\"}]}<\/script>\n<!-- \/ Yoast SEO Premium plugin. -->","yoast_head_json":{"title":"Informe mensual sobre delitos - Ciudad de Miami Beach","description":"El MBPD es una agencia del orden p\u00fablico plenamente acreditada, dedicada a aprovechar cada oportunidad y afrontar todos los desaf\u00edos como parte de su constante b\u00fasqueda de la excelencia. Ante la creciente popularidad de Miami Beach como destino predilecto tanto para visitantes locales como for\u00e1neos, el Departamento de Polic\u00eda tiene la responsabilidad de equilibrar las necesidades de la poblaci\u00f3n residente con el enorme aumento de visitantes a la ciudad.","robots":{"index":"index","follow":"follow","max-snippet":"max-snippet:-1","max-image-preview":"max-image-preview:large","max-video-preview":"max-video-preview:-1"},"canonical":"https:\/\/www.miamibeachfl.gov\/es\/yourmbpd\/monthlycrimesdatareport\/","og_locale":"es_ES","og_type":"article","og_title":"Monthly Crimes Data Report","og_description":"The MBPD is a fully accredited law enforcement agency, which is dedicated to pursuing every opportunity and engaging all challenges as part of this organization's on-going quest for excellence. With the continued growth in the popularity of Miami Beach as a destination of choice for out of town and local visitors alike, the Police Department is tasked with balancing the needs of the residential population with the huge increase in the amount of visitors to the City.","og_url":"https:\/\/www.miamibeachfl.gov\/es\/yourmbpd\/monthlycrimesdatareport\/","og_site_name":"City of Miami Beach","article_publisher":"https:\/\/www.facebook.com\/cityofmiamibeach","article_modified_time":"2026-03-25T18:05:11+00:00","og_image":[{"width":500,"height":500,"url":"https:\/\/www.miamibeachfl.gov\/wp-content\/uploads\/2023\/05\/ShantellPoliceHeadshot.jpg","type":"image\/jpeg"}],"twitter_card":"summary_large_image","twitter_site":"@Miamibeachnews","schema":{"@context":"https:\/\/schema.org","@graph":[{"@type":"WebPage","@id":"https:\/\/www.miamibeachfl.gov\/yourmbpd\/monthlycrimesdatareport\/","url":"https:\/\/www.miamibeachfl.gov\/yourmbpd\/monthlycrimesdatareport\/","name":"Informe mensual sobre delitos - Ciudad de Miami Beach","isPartOf":{"@id":"https:\/\/www.miamibeachfl.gov\/#website"},"primaryImageOfPage":{"@id":"https:\/\/www.miamibeachfl.gov\/yourmbpd\/monthlycrimesdatareport\/#primaryimage"},"image":{"@id":"https:\/\/www.miamibeachfl.gov\/yourmbpd\/monthlycrimesdatareport\/#primaryimage"},"thumbnailUrl":"https:\/\/www.miamibeachfl.gov\/wp-content\/uploads\/2023\/08\/PoliceHeadquarters2-1024x323.jpg","datePublished":"2023-08-28T13:41:06+00:00","dateModified":"2026-03-25T18:05:11+00:00","description":"El MBPD es una agencia del orden p\u00fablico plenamente acreditada, dedicada a aprovechar cada oportunidad y afrontar todos los desaf\u00edos como parte de su constante b\u00fasqueda de la excelencia. Ante la creciente popularidad de Miami Beach como destino predilecto tanto para visitantes locales como for\u00e1neos, el Departamento de Polic\u00eda tiene la responsabilidad de equilibrar las necesidades de la poblaci\u00f3n residente con el enorme aumento de visitantes a la ciudad.","breadcrumb":{"@id":"https:\/\/www.miamibeachfl.gov\/yourmbpd\/monthlycrimesdatareport\/#breadcrumb"},"inLanguage":"es","potentialAction":[{"@type":"ReadAction","target":["https:\/\/www.miamibeachfl.gov\/yourmbpd\/monthlycrimesdatareport\/"]}]},{"@type":"ImageObject","inLanguage":"es","@id":"https:\/\/www.miamibeachfl.gov\/yourmbpd\/monthlycrimesdatareport\/#primaryimage","url":"https:\/\/www.miamibeachfl.gov\/wp-content\/uploads\/2023\/08\/PoliceHeadquarters2-1024x323.jpg","contentUrl":"https:\/\/www.miamibeachfl.gov\/wp-content\/uploads\/2023\/08\/PoliceHeadquarters2-1024x323.jpg"},{"@type":"BreadcrumbList","@id":"https:\/\/www.miamibeachfl.gov\/yourmbpd\/monthlycrimesdatareport\/#breadcrumb","itemListElement":[{"@type":"ListItem","position":1,"name":"Home","item":"https:\/\/www.miamibeachfl.gov\/"},{"@type":"ListItem","position":2,"name":"Police","item":"https:\/\/www.miamibeachfl.gov\/yourmbpd\/"},{"@type":"ListItem","position":3,"name":"Monthly Crimes Data Report"}]},{"@type":"WebSite","@id":"https:\/\/www.miamibeachfl.gov\/#website","url":"https:\/\/www.miamibeachfl.gov\/","name":"Ciudad de Miami Beach","description":"Sitio web oficial de la Ciudad de Miami Beach. Mant\u00e9ngase informado, encuentre informaci\u00f3n importante sobre servicios municipales, noticias, alertas, eventos, rutas de tranv\u00edas, empleos gubernamentales y m\u00e1s.","publisher":{"@id":"https:\/\/www.miamibeachfl.gov\/#organization"},"potentialAction":[{"@type":"SearchAction","target":{"@type":"EntryPoint","urlTemplate":"https:\/\/www.miamibeachfl.gov\/?s={search_term_string}"},"query-input":{"@type":"PropertyValueSpecification","valueRequired":true,"valueName":"search_term_string"}}],"inLanguage":"es"},{"@type":"Organization","@id":"https:\/\/www.miamibeachfl.gov\/#organization","name":"Ciudad de Miami Beach","url":"https:\/\/www.miamibeachfl.gov\/","logo":{"@type":"ImageObject","inLanguage":"es","@id":"https:\/\/www.miamibeachfl.gov\/#\/schema\/logo\/image\/","url":"https:\/\/www.miamibeachfl.gov\/wp-content\/uploads\/2022\/06\/miamibeach-logoblue.png","contentUrl":"https:\/\/www.miamibeachfl.gov\/wp-content\/uploads\/2022\/06\/miamibeach-logoblue.png","width":1962,"height":381,"caption":"City of Miami Beach"},"image":{"@id":"https:\/\/www.miamibeachfl.gov\/#\/schema\/logo\/image\/"},"sameAs":["https:\/\/www.facebook.com\/cityofmiamibeach","https:\/\/x.com\/Miamibeachnews","https:\/\/www.instagram.com\/miamibeachnews\/"],"description":"Sitio web oficial de la Ciudad de Miami Beach. Mant\u00e9ngase informado, encuentre informaci\u00f3n importante sobre servicios municipales, noticias, alertas, eventos, rutas de tranv\u00edas, empleos gubernamentales y m\u00e1s.","telephone":"305.604.CITY(2489)","legalName":"City of Miami Beach"}]}},"_links":{"self":[{"href":"https:\/\/www.miamibeachfl.gov\/es\/wp-json\/wp\/v2\/pages\/270022","targetHints":{"allow":["GET"]}}],"collection":[{"href":"https:\/\/www.miamibeachfl.gov\/es\/wp-json\/wp\/v2\/pages"}],"about":[{"href":"https:\/\/www.miamibeachfl.gov\/es\/wp-json\/wp\/v2\/types\/page"}],"author":[{"embeddable":true,"href":"https:\/\/www.miamibeachfl.gov\/es\/wp-json\/wp\/v2\/users\/222"}],"replies":[{"embeddable":true,"href":"https:\/\/www.miamibeachfl.gov\/es\/wp-json\/wp\/v2\/comments?post=270022"}],"version-history":[{"count":9,"href":"https:\/\/www.miamibeachfl.gov\/es\/wp-json\/wp\/v2\/pages\/270022\/revisions"}],"predecessor-version":[{"id":397804,"href":"https:\/\/www.miamibeachfl.gov\/es\/wp-json\/wp\/v2\/pages\/270022\/revisions\/397804"}],"up":[{"embeddable":true,"href":"https:\/\/www.miamibeachfl.gov\/es\/wp-json\/wp\/v2\/pages\/120936"}],"wp:attachment":[{"href":"https:\/\/www.miamibeachfl.gov\/es\/wp-json\/wp\/v2\/media?parent=270022"}],"wp:term":[{"taxonomy":"category","embeddable":true,"href":"https:\/\/www.miamibeachfl.gov\/es\/wp-json\/wp\/v2\/categories?post=270022"},{"taxonomy":"post_tag","embeddable":true,"href":"https:\/\/www.miamibeachfl.gov\/es\/wp-json\/wp\/v2\/tags?post=270022"}],"curies":[{"name":"gracias","href":"https:\/\/api.w.org\/{rel}","templated":true}]}}