{"id":270563,"date":"2023-09-01T11:32:28","date_gmt":"2023-09-01T15:32:28","guid":{"rendered":"https:\/\/www.miamibeachfl.gov\/?page_id=270563"},"modified":"2025-06-16T14:36:32","modified_gmt":"2025-06-16T18:36:32","slug":"statistics","status":"publish","type":"page","link":"https:\/\/www.miamibeachfl.gov\/es\/city-hall\/building\/statistics\/","title":{"rendered":"Estad\u00edsticas de construcci\u00f3n"},"content":{"rendered":"<h1>\n\t\t<a href=\"#interactivepermitguide\" title=\"Paneles de estad\u00edsticas de construcci\u00f3n\"  target=\"_self\">\n\t\t\tPaneles de estad\u00edsticas de construcci\u00f3n\t\t<\/a>\n\t<\/h1>\nMen\u00fa de construcci\u00f3n\t\t\t\n\t\t\t\t\t<ul id=\"menu-building-department\"><li id=\"menu-item-270333\" aria-haspopup=\"true\"><a aria-expanded=\"false\" href=\"\/es\/city-hall\/building\/permits\/\">Solicitud de permiso<\/a>\n<ul>\n\t<li id=\"menu-item-286727\"><a href=\"\/es\/city-hall\/building\/permits\/\">El proceso de permisos: c\u00f3mo solicitarlos<\/a><\/li>\n\t<li id=\"menu-item-271067\"><a href=\"\/es\/city-hall\/building\/permits\/permitchecklists\/\">Listas de verificaci\u00f3n de permisos<\/a><\/li>\n\t<li id=\"menu-item-322770\"><a href=\"\/es\/city-hall\/building\/permits\/same-day-services\/\">Servicio el mismo d\u00eda<\/a><\/li>\n\t<li id=\"menu-item-270341\"><a href=\"\/es\/city-hall\/building\/onlinepermits\/\">Centro de recursos de permisos en l\u00ednea: solicitud en l\u00ednea<\/a><\/li>\n\t<li id=\"menu-item-270340\"><a href=\"\/es\/city-hall\/building\/permits\/interactive-permit-guide\/\">Gu\u00eda interactiva de permisos<\/a><\/li>\n\t<li id=\"menu-item-340585\"><a href=\"\/es\/city-hall\/building\/permits\/expired-permits-and-permit-renewals\/\">Permisos vencidos y renovaciones de permisos<\/a><\/li>\n<\/ul>\n<\/li>\n<li id=\"menu-item-312699\" aria-haspopup=\"true\"><a aria-expanded=\"false\" href=\"#\">Recursos para permisos<\/a>\n<ul>\n\t<li id=\"menu-item-280603\"><a href=\"https:\/\/www.miamibeachfl.gov\/wp-content\/uploads\/2025\/03\/Fee-Schedule-10.01.2024_Update-3.3.2025.pdf\">Tabla de tarifas<\/a><\/li>\n\t<li id=\"menu-item-272445\"><a href=\"\/es\/city-hall\/building\/permits\/building-permits-not-required-work-list\/\">Lista de lugares que no requieren permiso<\/a><\/li>\n\t<li id=\"menu-item-285785\"><a href=\"\/es\/city-hall\/building\/permits\/permit-refunds\/\">Reembolsos de permisos<\/a><\/li>\n\t<li id=\"menu-item-285786\"><a href=\"\/es\/city-hall\/building\/permits\/building-permit-reprieve-program\/\">Programa de amnist\u00eda por violaciones del c\u00f3digo de construcci\u00f3n<\/a><\/li>\n\t<li id=\"menu-item-270348\"><a href=\"\/es\/city-hall\/building\/building-recert\/\">Recertificaci\u00f3n de edificios<\/a><\/li>\n\t<li id=\"menu-item-298042\"><a href=\"\/es\/city-hall\/building\/permits\/fema-50-rule\/\">Regla 50% de FEMA<\/a><\/li>\n\t<li id=\"menu-item-270344\"><a href=\"\/es\/city-hall\/building\/permits\/mdc\/\">Condado de Miami-Dade<\/a><\/li>\n\t<li id=\"menu-item-270345\"><a href=\"\/es\/city-hall\/building\/permits\/phased-permits\/\">Permisos por fases<\/a><\/li>\n\t<li id=\"menu-item-270342\"><a href=\"\/es\/city-hall\/building\/permits\/green\/\">Permisos Verdes<\/a><\/li>\n\t<li id=\"menu-item-270346\"><a href=\"\/es\/city-hall\/building\/statistics\/\">Paneles de estad\u00edsticas<\/a><\/li>\n\t<li id=\"menu-item-286018\"><a href=\"\/es\/permits-search-dashboard\/\">B\u00fasqueda de permisos de archivo<\/a><\/li>\n<\/ul>\n<\/li>\n<li id=\"menu-item-270334\"><a href=\"\/es\/city-hall\/building\/forms\/\">Formularios<\/a><\/li>\n<li id=\"menu-item-270335\"><a href=\"\/es\/city-hall\/building\/inspections\/\">Inspecciones<\/a><\/li>\n<li id=\"menu-item-270336\"><a href=\"\/es\/city-hall\/building\/violations\/\">Violaciones<\/a><\/li>\n<li id=\"menu-item-270339\"><a href=\"\/es\/city-hall\/building\/contractors\/\">Contratistas<\/a><\/li>\n<li id=\"menu-item-270338\" aria-haspopup=\"true\"><a aria-expanded=\"false\" href=\"\/es\/city-hall\/building\/contact-us\/\">Cont\u00e1ctenos<\/a>\n<ul>\n\t<li id=\"menu-item-270351\"><a href=\"\/es\/city-hall\/building\/web-booking-terms\/\">Reserva de citas en l\u00ednea<\/a><\/li>\n<\/ul>\n<\/li>\n<li id=\"menu-item-270337\" aria-haspopup=\"true\"><a aria-expanded=\"false\" href=\"#\">M\u00e1s enlaces<\/a>\n<ul>\n\t<li id=\"menu-item-270352\"><a href=\"\/es\/city-hall\/building\/faq\/\">Preguntas frecuentes<\/a><\/li>\n\t<li id=\"menu-item-270350\"><a href=\"\/es\/city-hall\/building\/events\/\">Eventos y anuncios<\/a><\/li>\n\t<li id=\"menu-item-270353\"><a href=\"\/es\/city-hall\/building\/local-flood-hazard-info\/\">Gesti\u00f3n de llanuras aluviales<\/a><\/li>\n\t<li id=\"menu-item-270347\"><a href=\"\/es\/city-hall\/building\/hurricane-preparedness\/\">Preparaci\u00f3n para huracanes<\/a><\/li>\n\t<li id=\"menu-item-270349\"><a href=\"\/es\/city-hall\/building\/records-management\/\">Gesti\u00f3n de registros<\/a><\/li>\n\t<li id=\"menu-item-270343\"><a href=\"\/es\/city-hall\/building\/permits\/private-provider-info\/\">Informaci\u00f3n de proveedores privados<\/a><\/li>\n\t<li id=\"menu-item-280714\"><a href=\"\/es\/city-hall\/building\/building-recert\/annual-maintenance-log\/\">Registro de mantenimiento anual<\/a><\/li>\n\t<li id=\"menu-item-285447\"><a href=\"\/es\/city-hall\/building\/sop\/\">COMPENSACI\u00d3N<\/a><\/li>\n<\/ul>\n<\/li>\n<\/ul>\t\nMen\u00fa del edificio \u00d7\t\t\t\t\t\t<ul id=\"menu-building-department-1\"><li id=\"menu-item-270333\" aria-haspopup=\"true\"><a aria-expanded=\"false\" href=\"\/es\/city-hall\/building\/permits\/\">Solicitud de permiso<\/a>\n<ul>\n\t<li id=\"menu-item-286727\"><a href=\"\/es\/city-hall\/building\/permits\/\">El proceso de permisos: c\u00f3mo solicitarlos<\/a><\/li>\n\t<li id=\"menu-item-271067\"><a href=\"\/es\/city-hall\/building\/permits\/permitchecklists\/\">Listas de verificaci\u00f3n de permisos<\/a><\/li>\n\t<li id=\"menu-item-322770\"><a href=\"\/es\/city-hall\/building\/permits\/same-day-services\/\">Servicio el mismo d\u00eda<\/a><\/li>\n\t<li id=\"menu-item-270341\"><a href=\"\/es\/city-hall\/building\/onlinepermits\/\">Centro de recursos de permisos en l\u00ednea: solicitud en l\u00ednea<\/a><\/li>\n\t<li id=\"menu-item-270340\"><a href=\"\/es\/city-hall\/building\/permits\/interactive-permit-guide\/\">Gu\u00eda interactiva de permisos<\/a><\/li>\n\t<li id=\"menu-item-340585\"><a href=\"\/es\/city-hall\/building\/permits\/expired-permits-and-permit-renewals\/\">Permisos vencidos y renovaciones de permisos<\/a><\/li>\n<\/ul>\n<\/li>\n<li id=\"menu-item-312699\" aria-haspopup=\"true\"><a aria-expanded=\"false\" href=\"#\">Recursos para permisos<\/a>\n<ul>\n\t<li id=\"menu-item-280603\"><a href=\"https:\/\/www.miamibeachfl.gov\/wp-content\/uploads\/2025\/03\/Fee-Schedule-10.01.2024_Update-3.3.2025.pdf\">Tabla de tarifas<\/a><\/li>\n\t<li id=\"menu-item-272445\"><a href=\"\/es\/city-hall\/building\/permits\/building-permits-not-required-work-list\/\">Lista de lugares que no requieren permiso<\/a><\/li>\n\t<li id=\"menu-item-285785\"><a href=\"\/es\/city-hall\/building\/permits\/permit-refunds\/\">Reembolsos de permisos<\/a><\/li>\n\t<li id=\"menu-item-285786\"><a href=\"\/es\/city-hall\/building\/permits\/building-permit-reprieve-program\/\">Programa de amnist\u00eda por violaciones del c\u00f3digo de construcci\u00f3n<\/a><\/li>\n\t<li id=\"menu-item-270348\"><a href=\"\/es\/city-hall\/building\/building-recert\/\">Recertificaci\u00f3n de edificios<\/a><\/li>\n\t<li id=\"menu-item-298042\"><a href=\"\/es\/city-hall\/building\/permits\/fema-50-rule\/\">Regla 50% de FEMA<\/a><\/li>\n\t<li id=\"menu-item-270344\"><a href=\"\/es\/city-hall\/building\/permits\/mdc\/\">Condado de Miami-Dade<\/a><\/li>\n\t<li id=\"menu-item-270345\"><a href=\"\/es\/city-hall\/building\/permits\/phased-permits\/\">Permisos por fases<\/a><\/li>\n\t<li id=\"menu-item-270342\"><a href=\"\/es\/city-hall\/building\/permits\/green\/\">Permisos Verdes<\/a><\/li>\n\t<li id=\"menu-item-270346\"><a href=\"\/es\/city-hall\/building\/statistics\/\">Paneles de estad\u00edsticas<\/a><\/li>\n\t<li id=\"menu-item-286018\"><a href=\"\/es\/permits-search-dashboard\/\">B\u00fasqueda de permisos de archivo<\/a><\/li>\n<\/ul>\n<\/li>\n<li id=\"menu-item-270334\"><a href=\"\/es\/city-hall\/building\/forms\/\">Formularios<\/a><\/li>\n<li id=\"menu-item-270335\"><a href=\"\/es\/city-hall\/building\/inspections\/\">Inspecciones<\/a><\/li>\n<li id=\"menu-item-270336\"><a href=\"\/es\/city-hall\/building\/violations\/\">Violaciones<\/a><\/li>\n<li id=\"menu-item-270339\"><a href=\"\/es\/city-hall\/building\/contractors\/\">Contratistas<\/a><\/li>\n<li id=\"menu-item-270338\" aria-haspopup=\"true\"><a aria-expanded=\"false\" href=\"\/es\/city-hall\/building\/contact-us\/\">Cont\u00e1ctenos<\/a>\n<ul>\n\t<li id=\"menu-item-270351\"><a href=\"\/es\/city-hall\/building\/web-booking-terms\/\">Reserva de citas en l\u00ednea<\/a><\/li>\n<\/ul>\n<\/li>\n<li id=\"menu-item-270337\" aria-haspopup=\"true\"><a aria-expanded=\"false\" href=\"#\">M\u00e1s enlaces<\/a>\n<ul>\n\t<li id=\"menu-item-270352\"><a href=\"\/es\/city-hall\/building\/faq\/\">Preguntas frecuentes<\/a><\/li>\n\t<li id=\"menu-item-270350\"><a href=\"\/es\/city-hall\/building\/events\/\">Eventos y anuncios<\/a><\/li>\n\t<li id=\"menu-item-270353\"><a href=\"\/es\/city-hall\/building\/local-flood-hazard-info\/\">Gesti\u00f3n de llanuras aluviales<\/a><\/li>\n\t<li id=\"menu-item-270347\"><a href=\"\/es\/city-hall\/building\/hurricane-preparedness\/\">Preparaci\u00f3n para huracanes<\/a><\/li>\n\t<li id=\"menu-item-270349\"><a href=\"\/es\/city-hall\/building\/records-management\/\">Gesti\u00f3n de registros<\/a><\/li>\n\t<li id=\"menu-item-270343\"><a href=\"\/es\/city-hall\/building\/permits\/private-provider-info\/\">Informaci\u00f3n de proveedores privados<\/a><\/li>\n\t<li id=\"menu-item-280714\"><a href=\"\/es\/city-hall\/building\/building-recert\/annual-maintenance-log\/\">Registro de mantenimiento anual<\/a><\/li>\n\t<li id=\"menu-item-285447\"><a href=\"\/es\/city-hall\/building\/sop\/\">COMPENSACI\u00d3N<\/a><\/li>\n<\/ul>\n<\/li>\n<\/ul>\t\t\t\t\n\t<p>Para mayor informaci\u00f3n y transparencia, el Departamento de Edificaci\u00f3n proporciona a sus clientes estad\u00edsticas representadas mediante gr\u00e1ficos y tablas que muestran diversos datos, incluyendo, entre otros, el n\u00famero de permisos solicitados y aprobados, el tiempo de revisi\u00f3n de planos y el presupuesto. Estas tablas se actualizar\u00e1n a medida que se disponga de nuevos datos.<\/p>\n\t\t\t<a href=\"\/es\/city-hall\/building\/statistics\/dashboard\/\" target=\"_self\">\n\t\t\t\t\t\t\tVer el panel del Departamento de Construcci\u00f3n\n\t\t\t<\/a>\n\t\t\t<a href=\"\/es\/data-transparency-dashboard\/\" target=\"_self\">\n\t\t\t\t\t\t\tPanel de Gastos Operativos\n\t\t\t<\/a>\n\t<p>Civic Access es un sitio de servicios de vanguardia para permisos, planificaci\u00f3n, recibos de impuestos comerciales y cumplimiento normativo. Env\u00ede su solicitud en l\u00ednea y consulte el estado de su solicitud de permiso y plano de construcci\u00f3n, o incluso solicite una inspecci\u00f3n.<\/p>\n\t<ul>\n\t\t<li><a href=\"https:\/\/energovcss.miamibeachfl.gov\/energovprod\/selfservice#\/home\" target=\"_blank\" rel=\"noopener\" aria-label=\"Vaya a https:\/\/energovcss.miamibeachfl.gov\/energovprod\/selfservice#\/home\">\t\t\t\t\n\t\t<\/a><h3>Portal de acceso c\u00edvico<\/h3><p><a href=\"https:\/\/energovcss.miamibeachfl.gov\/energovprod\/selfservice#\/login?redirectUrl=%2Fhome\">Acceso <\/a> o<br \/><a href=\"https:\/\/energovcss.miamibeachfl.gov\/energovprod\/selfservice#\/register\">Registrar una nueva cuenta <\/a><\/p><\/li><li><a href=\"https:\/\/energovcss.miamibeachfl.gov\/energovprod\/selfservice#\/search\" target=\"_blank\" rel=\"noopener\" aria-label=\"Vaya a https:\/\/energovcss.miamibeachfl.gov\/energovprod\/selfservice#\/search\">\t\t\t\t\n\t\t<h3>Buscar<\/h3><p>Busque en registros p\u00fablicos permisos, planos, inspecciones, casos de c\u00f3digo, solicitudes, licencias y proyectos <\/p>\n<\/a><\/li><li><a href=\"https:\/\/energovcss.miamibeachfl.gov\/energovprod\/selfservice#\/applicationAssistant\" target=\"_blank\" rel=\"noopener\" aria-label=\"Vaya a https:\/\/energovcss.miamibeachfl.gov\/energovprod\/selfservice#\/applicationAssistant\">\t\t\t\t\n\t\t<h3>Aplicar<\/h3><p>Asistente de Solicitud de Permisos, Planos y Recibos Comerciales <\/p>\n<\/a><\/li><li><a href=\"https:\/\/energovcss.miamibeachfl.gov\/energovprod\/selfservice#\/payinvoice\" target=\"_blank\" rel=\"noopener\" aria-label=\"Vaya a https:\/\/energovcss.miamibeachfl.gov\/energovprod\/selfservice#\/payinvoice\">\t\t\t\t\n\t\t<\/a><a href=\"https:\/\/energovcss.miamibeachfl.gov\/energovprod\/selfservice#\/payinvoice\">Buscar una factura <\/a> o<br \/>\n<a href=\"https:\/\/payments.miamibeachfl.gov\/app\/\">Procesar un pago r\u00e1pido <\/a>\n<\/li>\t<\/ul>\n\t<p> El Departamento de Construcci\u00f3n de la Ciudad de Miami Beach est\u00e1 comprometido a brindar servicios de la m\u00e1s alta calidad a nuestra comunidad mediante la aplicaci\u00f3n uniforme de los c\u00f3digos de construcci\u00f3n de manera oportuna, la mejora continua a trav\u00e9s de la innovaci\u00f3n y la optimizaci\u00f3n de los servicios, la colaboraci\u00f3n con los departamentos de la ciudad y la mejora de nuestras competencias profesionales. <\/p>","protected":false},"excerpt":{"rendered":"<p>Paneles de estad\u00edsticas de construcci\u00f3n Men\u00fa de construcci\u00f3n Solicitud de permiso El proceso de permiso: c\u00f3mo solicitarlo Listas de verificaci\u00f3n de permisos Servicio el mismo d\u00eda en l\u00ednea [\u2026]<\/p>","protected":false},"author":222,"featured_media":0,"parent":251511,"menu_order":23,"comment_status":"closed","ping_status":"closed","template":"","meta":{"_searchwp_excluded":"","site-sidebar-layout":"default","site-content-layout":"","ast-site-content-layout":"default","site-content-style":"default","site-sidebar-style":"default","ast-global-header-display":"","ast-banner-title-visibility":"","ast-main-header-display":"","ast-hfb-above-header-display":"","ast-hfb-below-header-display":"","ast-hfb-mobile-header-display":"","site-post-title":"","ast-breadcrumbs-content":"","ast-featured-img":"","footer-sml-layout":"","theme-transparent-header-meta":"","adv-header-id-meta":"","stick-header-meta":"","header-above-stick-meta":"","header-main-stick-meta":"","header-below-stick-meta":"","astra-migrate-meta-layouts":"default","ast-page-background-enabled":"default","ast-page-background-meta":{"desktop":{"background-color":"var(--ast-global-color-5)","background-image":"","background-repeat":"repeat","background-position":"center center","background-size":"auto","background-attachment":"scroll","background-type":"","background-media":"","overlay-type":"","overlay-color":"","overlay-opacity":"","overlay-gradient":""},"tablet":{"background-color":"","background-image":"","background-repeat":"repeat","background-position":"center center","background-size":"auto","background-attachment":"scroll","background-type":"","background-media":"","overlay-type":"","overlay-color":"","overlay-opacity":"","overlay-gradient":""},"mobile":{"background-color":"","background-image":"","background-repeat":"repeat","background-position":"center center","background-size":"auto","background-attachment":"scroll","background-type":"","background-media":"","overlay-type":"","overlay-color":"","overlay-opacity":"","overlay-gradient":""}},"ast-content-background-meta":{"desktop":{"background-color":"var(--ast-global-color-4)","background-image":"","background-repeat":"repeat","background-position":"center center","background-size":"auto","background-attachment":"scroll","background-type":"","background-media":"","overlay-type":"","overlay-color":"","overlay-opacity":"","overlay-gradient":""},"tablet":{"background-color":"var(--ast-global-color-4)","background-image":"","background-repeat":"repeat","background-position":"center center","background-size":"auto","background-attachment":"scroll","background-type":"","background-media":"","overlay-type":"","overlay-color":"","overlay-opacity":"","overlay-gradient":""},"mobile":{"background-color":"var(--ast-global-color-4)","background-image":"","background-repeat":"repeat","background-position":"center center","background-size":"auto","background-attachment":"scroll","background-type":"","background-media":"","overlay-type":"","overlay-color":"","overlay-opacity":"","overlay-gradient":""}},"footnotes":""},"categories":[],"tags":[1044,1047,1046,1022],"class_list":["post-270563","page","type-page","status-publish","hentry","tag-building-department","tag-building-guidelines","tag-building-guides","tag-building-permit"],"yoast_head":"<!-- This site is optimized with the Yoast SEO Premium plugin v26.6 (Yoast SEO v26.6) - https:\/\/yoast.com\/wordpress\/plugins\/seo\/ -->\n<title>Building Statistics - City of Miami Beach<\/title>\n<meta name=\"description\" content=\"The City of Miami Beach Building Department is dedicated to serving the public through ef\ufb01cient and effective supervision and regulation of construction activities in Miami Beach.\" \/>\n<meta name=\"robots\" content=\"index, follow, max-snippet:-1, max-image-preview:large, max-video-preview:-1\" \/>\n<link rel=\"canonical\" href=\"https:\/\/www.miamibeachfl.gov\/es\/city-hall\/building\/statistics\/\" \/>\n<meta property=\"og:locale\" content=\"es_ES\" \/>\n<meta property=\"og:type\" content=\"article\" \/>\n<meta property=\"og:title\" content=\"Building Statistics\" \/>\n<meta property=\"og:description\" content=\"The City of Miami Beach Building Department is dedicated to serving the public through ef\ufb01cient and effective supervision and regulation of construction activities in Miami Beach.\" \/>\n<meta property=\"og:url\" content=\"https:\/\/www.miamibeachfl.gov\/es\/city-hall\/building\/statistics\/\" \/>\n<meta property=\"og:site_name\" content=\"City of Miami Beach\" \/>\n<meta property=\"article:publisher\" content=\"https:\/\/www.facebook.com\/cityofmiamibeach\" \/>\n<meta property=\"article:modified_time\" content=\"2025-06-16T18:36:32+00:00\" \/>\n<meta property=\"og:image\" content=\"https:\/\/www.miamibeachfl.gov\/wp-content\/uploads\/2024\/01\/1000pxSquare-miamibeach-aerial-southpointview.jpeg\" \/>\n\t<meta property=\"og:image:width\" content=\"1000\" \/>\n\t<meta property=\"og:image:height\" content=\"1000\" \/>\n\t<meta property=\"og:image:type\" content=\"image\/jpeg\" \/>\n<meta name=\"twitter:card\" content=\"summary_large_image\" \/>\n<meta name=\"twitter:site\" content=\"@Miamibeachnews\" \/>\n<script type=\"application\/ld+json\" class=\"yoast-schema-graph\">{\"@context\":\"https:\/\/schema.org\",\"@graph\":[{\"@type\":\"WebPage\",\"@id\":\"https:\/\/www.miamibeachfl.gov\/city-hall\/building\/statistics\/\",\"url\":\"https:\/\/www.miamibeachfl.gov\/city-hall\/building\/statistics\/\",\"name\":\"Building Statistics - City of Miami Beach\",\"isPartOf\":{\"@id\":\"https:\/\/www.miamibeachfl.gov\/#website\"},\"datePublished\":\"2023-09-01T15:32:28+00:00\",\"dateModified\":\"2025-06-16T18:36:32+00:00\",\"description\":\"The City of Miami Beach Building Department is dedicated to serving the public through ef\ufb01cient and effective supervision and regulation of construction activities in Miami Beach.\",\"breadcrumb\":{\"@id\":\"https:\/\/www.miamibeachfl.gov\/city-hall\/building\/statistics\/#breadcrumb\"},\"inLanguage\":\"es\",\"potentialAction\":[{\"@type\":\"ReadAction\",\"target\":[\"https:\/\/www.miamibeachfl.gov\/city-hall\/building\/statistics\/\"]}]},{\"@type\":\"BreadcrumbList\",\"@id\":\"https:\/\/www.miamibeachfl.gov\/city-hall\/building\/statistics\/#breadcrumb\",\"itemListElement\":[{\"@type\":\"ListItem\",\"position\":1,\"name\":\"Home\",\"item\":\"https:\/\/www.miamibeachfl.gov\/\"},{\"@type\":\"ListItem\",\"position\":2,\"name\":\"City Hall\",\"item\":\"https:\/\/www.miamibeachfl.gov\/city-hall\/\"},{\"@type\":\"ListItem\",\"position\":3,\"name\":\"Building\",\"item\":\"https:\/\/www.miamibeachfl.gov\/city-hall\/building\/\"},{\"@type\":\"ListItem\",\"position\":4,\"name\":\"Building Statistics\"}]},{\"@type\":\"WebSite\",\"@id\":\"https:\/\/www.miamibeachfl.gov\/#website\",\"url\":\"https:\/\/www.miamibeachfl.gov\/\",\"name\":\"City of Miami Beach\",\"description\":\"The official website of the City of Miami Beach. Stay informed, find important information on city services, news, alerts, events, trolley routes, government employment and more.\",\"publisher\":{\"@id\":\"https:\/\/www.miamibeachfl.gov\/#organization\"},\"potentialAction\":[{\"@type\":\"SearchAction\",\"target\":{\"@type\":\"EntryPoint\",\"urlTemplate\":\"https:\/\/www.miamibeachfl.gov\/?s={search_term_string}\"},\"query-input\":{\"@type\":\"PropertyValueSpecification\",\"valueRequired\":true,\"valueName\":\"search_term_string\"}}],\"inLanguage\":\"es\"},{\"@type\":\"Organization\",\"@id\":\"https:\/\/www.miamibeachfl.gov\/#organization\",\"name\":\"City of Miami Beach\",\"url\":\"https:\/\/www.miamibeachfl.gov\/\",\"logo\":{\"@type\":\"ImageObject\",\"inLanguage\":\"es\",\"@id\":\"https:\/\/www.miamibeachfl.gov\/#\/schema\/logo\/image\/\",\"url\":\"https:\/\/www.miamibeachfl.gov\/wp-content\/uploads\/2022\/06\/miamibeach-logoblue.png\",\"contentUrl\":\"https:\/\/www.miamibeachfl.gov\/wp-content\/uploads\/2022\/06\/miamibeach-logoblue.png\",\"width\":1962,\"height\":381,\"caption\":\"City of Miami Beach\"},\"image\":{\"@id\":\"https:\/\/www.miamibeachfl.gov\/#\/schema\/logo\/image\/\"},\"sameAs\":[\"https:\/\/www.facebook.com\/cityofmiamibeach\",\"https:\/\/x.com\/Miamibeachnews\",\"https:\/\/www.instagram.com\/miamibeachnews\/\"],\"description\":\"The official website of the City of Miami Beach. Stay informed, find important information on city services, news, alerts, events, trolley routes, government employment and more.\",\"telephone\":\"305.604.CITY(2489)\",\"legalName\":\"City of Miami Beach\"}]}<\/script>\n<!-- \/ Yoast SEO Premium plugin. -->","yoast_head_json":{"title":"Estad\u00edsticas de construcci\u00f3n - Ciudad de Miami Beach","description":"El Departamento de Construcci\u00f3n de la Ciudad de Miami Beach est\u00e1 dedicado a servir al p\u00fablico a trav\u00e9s de una supervisi\u00f3n y regulaci\u00f3n eficiente y efectiva de las actividades de construcci\u00f3n en Miami Beach.","robots":{"index":"index","follow":"follow","max-snippet":"max-snippet:-1","max-image-preview":"max-image-preview:large","max-video-preview":"max-video-preview:-1"},"canonical":"https:\/\/www.miamibeachfl.gov\/es\/city-hall\/building\/statistics\/","og_locale":"es_ES","og_type":"article","og_title":"Building Statistics","og_description":"The City of Miami Beach Building Department is dedicated to serving the public through ef\ufb01cient and effective supervision and regulation of construction activities in Miami Beach.","og_url":"https:\/\/www.miamibeachfl.gov\/es\/city-hall\/building\/statistics\/","og_site_name":"City of Miami Beach","article_publisher":"https:\/\/www.facebook.com\/cityofmiamibeach","article_modified_time":"2025-06-16T18:36:32+00:00","og_image":[{"width":1000,"height":1000,"url":"https:\/\/www.miamibeachfl.gov\/wp-content\/uploads\/2024\/01\/1000pxSquare-miamibeach-aerial-southpointview.jpeg","type":"image\/jpeg"}],"twitter_card":"summary_large_image","twitter_site":"@Miamibeachnews","schema":{"@context":"https:\/\/schema.org","@graph":[{"@type":"WebPage","@id":"https:\/\/www.miamibeachfl.gov\/city-hall\/building\/statistics\/","url":"https:\/\/www.miamibeachfl.gov\/city-hall\/building\/statistics\/","name":"Estad\u00edsticas de construcci\u00f3n - Ciudad de Miami Beach","isPartOf":{"@id":"https:\/\/www.miamibeachfl.gov\/#website"},"datePublished":"2023-09-01T15:32:28+00:00","dateModified":"2025-06-16T18:36:32+00:00","description":"El Departamento de Construcci\u00f3n de la Ciudad de Miami Beach est\u00e1 dedicado a servir al p\u00fablico a trav\u00e9s de una supervisi\u00f3n y regulaci\u00f3n eficiente y efectiva de las actividades de construcci\u00f3n en Miami Beach.","breadcrumb":{"@id":"https:\/\/www.miamibeachfl.gov\/city-hall\/building\/statistics\/#breadcrumb"},"inLanguage":"es","potentialAction":[{"@type":"ReadAction","target":["https:\/\/www.miamibeachfl.gov\/city-hall\/building\/statistics\/"]}]},{"@type":"BreadcrumbList","@id":"https:\/\/www.miamibeachfl.gov\/city-hall\/building\/statistics\/#breadcrumb","itemListElement":[{"@type":"ListItem","position":1,"name":"Home","item":"https:\/\/www.miamibeachfl.gov\/"},{"@type":"ListItem","position":2,"name":"City Hall","item":"https:\/\/www.miamibeachfl.gov\/city-hall\/"},{"@type":"ListItem","position":3,"name":"Building","item":"https:\/\/www.miamibeachfl.gov\/city-hall\/building\/"},{"@type":"ListItem","position":4,"name":"Building Statistics"}]},{"@type":"WebSite","@id":"https:\/\/www.miamibeachfl.gov\/#website","url":"https:\/\/www.miamibeachfl.gov\/","name":"Ciudad de Miami Beach","description":"Sitio web oficial de la Ciudad de Miami Beach. Mant\u00e9ngase informado, encuentre informaci\u00f3n importante sobre servicios municipales, noticias, alertas, eventos, rutas de tranv\u00edas, empleos gubernamentales y m\u00e1s.","publisher":{"@id":"https:\/\/www.miamibeachfl.gov\/#organization"},"potentialAction":[{"@type":"SearchAction","target":{"@type":"EntryPoint","urlTemplate":"https:\/\/www.miamibeachfl.gov\/?s={search_term_string}"},"query-input":{"@type":"PropertyValueSpecification","valueRequired":true,"valueName":"search_term_string"}}],"inLanguage":"es"},{"@type":"Organization","@id":"https:\/\/www.miamibeachfl.gov\/#organization","name":"Ciudad de Miami Beach","url":"https:\/\/www.miamibeachfl.gov\/","logo":{"@type":"ImageObject","inLanguage":"es","@id":"https:\/\/www.miamibeachfl.gov\/#\/schema\/logo\/image\/","url":"https:\/\/www.miamibeachfl.gov\/wp-content\/uploads\/2022\/06\/miamibeach-logoblue.png","contentUrl":"https:\/\/www.miamibeachfl.gov\/wp-content\/uploads\/2022\/06\/miamibeach-logoblue.png","width":1962,"height":381,"caption":"City of Miami Beach"},"image":{"@id":"https:\/\/www.miamibeachfl.gov\/#\/schema\/logo\/image\/"},"sameAs":["https:\/\/www.facebook.com\/cityofmiamibeach","https:\/\/x.com\/Miamibeachnews","https:\/\/www.instagram.com\/miamibeachnews\/"],"description":"Sitio web oficial de la Ciudad de Miami Beach. Mant\u00e9ngase informado, encuentre informaci\u00f3n importante sobre servicios municipales, noticias, alertas, eventos, rutas de tranv\u00edas, empleos gubernamentales y m\u00e1s.","telephone":"305.604.CITY(2489)","legalName":"City of Miami Beach"}]}},"_links":{"self":[{"href":"https:\/\/www.miamibeachfl.gov\/es\/wp-json\/wp\/v2\/pages\/270563","targetHints":{"allow":["GET"]}}],"collection":[{"href":"https:\/\/www.miamibeachfl.gov\/es\/wp-json\/wp\/v2\/pages"}],"about":[{"href":"https:\/\/www.miamibeachfl.gov\/es\/wp-json\/wp\/v2\/types\/page"}],"author":[{"embeddable":true,"href":"https:\/\/www.miamibeachfl.gov\/es\/wp-json\/wp\/v2\/users\/222"}],"replies":[{"embeddable":true,"href":"https:\/\/www.miamibeachfl.gov\/es\/wp-json\/wp\/v2\/comments?post=270563"}],"version-history":[{"count":0,"href":"https:\/\/www.miamibeachfl.gov\/es\/wp-json\/wp\/v2\/pages\/270563\/revisions"}],"up":[{"embeddable":true,"href":"https:\/\/www.miamibeachfl.gov\/es\/wp-json\/wp\/v2\/pages\/251511"}],"wp:attachment":[{"href":"https:\/\/www.miamibeachfl.gov\/es\/wp-json\/wp\/v2\/media?parent=270563"}],"wp:term":[{"taxonomy":"category","embeddable":true,"href":"https:\/\/www.miamibeachfl.gov\/es\/wp-json\/wp\/v2\/categories?post=270563"},{"taxonomy":"post_tag","embeddable":true,"href":"https:\/\/www.miamibeachfl.gov\/es\/wp-json\/wp\/v2\/tags?post=270563"}],"curies":[{"name":"gracias","href":"https:\/\/api.w.org\/{rel}","templated":true}]}}