{"id":274106,"date":"2023-10-02T10:40:32","date_gmt":"2023-10-02T14:40:32","guid":{"rendered":"https:\/\/www.miamibeachfl.gov\/?page_id=274106"},"modified":"2026-04-03T13:59:33","modified_gmt":"2026-04-03T17:59:33","slug":"stormwater-masterplan","status":"publish","type":"page","link":"https:\/\/www.miamibeachfl.gov\/es\/residents\/neighborhood-affairs-division\/active-projects\/other\/stormwater-masterplan\/","title":{"rendered":"Plan Maestro de Aguas Pluviales"},"content":{"rendered":"<h3>\n\t\t\tActualizaci\u00f3n del plan maestro y modelado de aguas pluviales\t<\/h3>\n\t<p>La Ciudad est\u00e1 emprendiendo un proyecto vital para mejorar su Plan Maestro de Aguas Pluviales y su Modelo de Aguas Pluviales. Esta iniciativa se basa en tres objetivos clave: primero, identificar mejoras en el manejo de aguas pluviales a nivel municipal que mitiguen eficazmente las inundaciones durante fen\u00f3menos meteorol\u00f3gicos extremos, en particular bajo las exigentes condiciones de tormenta de dise\u00f1o de 10 a\u00f1os y 24 horas; segundo, dise\u00f1ar una estrategia integral para el tratamiento de la calidad del agua que abarque toda la ciudad, con el objetivo de salvaguardar la salud ecol\u00f3gica de la Bah\u00eda Biscayne; y, finalmente, formular un plan de implementaci\u00f3n integral que abarque tanto Proyectos de Mejora Vecinal como Proyectos de Necesidades Cr\u00edticas.<\/p>\n<p>El Plan Maestro final ser\u00e1 sometido a una rigurosa evaluaci\u00f3n y consideraci\u00f3n por parte de la Comisi\u00f3n de la Ciudad antes de su implementaci\u00f3n, asegurando que la visi\u00f3n de la Ciudad para la gesti\u00f3n de aguas pluviales se alinee con las necesidades de sus residentes y del medio ambiente por igual.<\/p>\n\t\t<h3>\t\n\tActualizaciones del proyecto<\/h3>\t\n\t\t\t\t\t\t<h5>Informe del Plan Maestro de Aguas Pluviales de 2024<\/h5>\n\t\t\t<p>Haga clic en el enlace a continuaci\u00f3n para ver m\u00e1s informaci\u00f3n.<\/p>\n<p><strong><a href=\"https:\/\/www.miamibeachfl.gov\/wp-content\/uploads\/2024\/08\/CMB-2024-SWMP_Consolidated-Report_Final_Rev1.pdf\">2024 \u2013 Modelado de aguas pluviales y plan maestro<\/a><\/strong><\/p>\n\t\t\t\t\t\t<h5>Ap\u00e9ndices del Plan Maestro de Aguas Pluviales de 2024<\/h5>\n\t\t\t<p><a href=\"https:\/\/www.miamibeachfl.gov\/wp-content\/uploads\/2024\/08\/Appendix-1-Input-Reports.pdf\">Ap\u00e9ndice 1 Informes de entrada<\/a><\/p>\n<p><a href=\"https:\/\/www.miamibeachfl.gov\/wp-content\/uploads\/2024\/08\/Appendix-2-Simple-Basin-Reports.pdf\">Ap\u00e9ndice 2 Informes de cuencas simples<\/a><\/p>\n<p><a href=\"https:\/\/www.miamibeachfl.gov\/wp-content\/uploads\/2024\/08\/Appendix-3-Master-Plan-Basin-Study-Area-Sub-Basin-Mapbook.pdf\">Ap\u00e9ndice 3 Plan Maestro \u00c1rea de Estudio de la Cuenca Libro de Mapas de Subcuencas<\/a><\/p>\n<p><a href=\"https:\/\/www.miamibeachfl.gov\/wp-content\/uploads\/2024\/08\/Appendix-4-Conceptual-Stormwater-Network-Mapbook.pdf\">Ap\u00e9ndice 4 Mapa conceptual de la red de aguas pluviales<\/a><\/p>\n<p><a href=\"https:\/\/www.miamibeachfl.gov\/wp-content\/uploads\/2024\/08\/Appendix-5-Nodal-Diagram-Mapbook.pdf\">Ap\u00e9ndice 5 Diagrama nodal Mapbook<\/a><\/p>\n<p><a href=\"https:\/\/www.miamibeachfl.gov\/wp-content\/uploads\/2024\/08\/Appendix-6-Nodal-Min_Max-Reports.pdf\">Ap\u00e9ndice 6 Informes de valores m\u00ednimos y m\u00e1ximos nodales<\/a><\/p>\n<p><a href=\"https:\/\/www.miamibeachfl.gov\/wp-content\/uploads\/2024\/08\/Appendix-7-Nodal-Link-Maximum-Reports.pdf\">Ap\u00e9ndice 7 Informes de m\u00e1ximos de enlaces nodales<\/a><\/p>\n<p><a href=\"https:\/\/www.miamibeachfl.gov\/wp-content\/uploads\/2024\/08\/Appendix-8-Level-of-Service-Evaluation-Sub-Basin-Maps-2.pdf\">Ap\u00e9ndice 8 Mapas de subcuencas de evaluaci\u00f3n del nivel de servicio 2<\/a><\/p>\n<p><a href=\"https:\/\/www.miamibeachfl.gov\/wp-content\/uploads\/2024\/08\/Appendix-9-Pump-Specs.pdf\">Ap\u00e9ndice 9 Especificaciones de la bomba<\/a><\/p>\n<p><a href=\"https:\/\/www.miamibeachfl.gov\/wp-content\/uploads\/2024\/08\/Appendix-10-NIP-Preliminary-Construction-Cost-Estimates.pdf\">Ap\u00e9ndice 10 Estimaciones preliminares de costos de construcci\u00f3n del NIP<\/a><\/p>\n<p><a href=\"https:\/\/www.miamibeachfl.gov\/wp-content\/uploads\/2024\/08\/Appendix-11-NIP-Budgetary-Summary-Table.pdf\">Ap\u00e9ndice 11 Cuadro resumen presupuestario del PNI<\/a><\/p>\n<p><a href=\"https:\/\/www.miamibeachfl.gov\/wp-content\/uploads\/2024\/08\/Appendix-12-CNP-Scoring-Matrix.pdf\">Ap\u00e9ndice 12 Matriz de puntuaci\u00f3n del CNP<\/a><\/p>\n<p><a href=\"https:\/\/www.miamibeachfl.gov\/wp-content\/uploads\/2024\/08\/Appendix-13-CNP-Preliminary-Construction-Cost-Estimates.pdf\">Ap\u00e9ndice 13 Estimaciones preliminares de costos de construcci\u00f3n del CNP<\/a><\/p>\n<p><a href=\"https:\/\/www.miamibeachfl.gov\/wp-content\/uploads\/2024\/08\/Appendix-14-CNP-Conceptual-Exhibits.pdf\">Ap\u00e9ndice 14 - Exhibiciones conceptuales del CNP<\/a><\/p>\n<p><a href=\"https:\/\/www.miamibeachfl.gov\/wp-content\/uploads\/2024\/08\/Appendix-15-CNP-Budgetary-Summary-Table.pdf\">Ap\u00e9ndice 15 Cuadro resumen presupuestario del CNP<\/a><\/p>\n\t\t\t\t\t\t<h5>Presentaci\u00f3n p\u00fablica 2023<\/h5>\n\t\t\t<p>Haga clic en los enlaces a continuaci\u00f3n para ver m\u00e1s informaci\u00f3n.<\/p>\n<p><strong><a href=\"https:\/\/www.miamibeachfl.gov\/wp-content\/uploads\/2023\/10\/CMB_Public-Outreach_Presentation_Final_20230928.pdf\">Presentaci\u00f3n de la reuni\u00f3n p\u00fablica h\u00edbrida de septiembre de 2023<\/a><\/strong><\/p>\n<p><strong><a href=\"https:\/\/www.miamibeachfl.gov\/wp-content\/uploads\/2023\/10\/Stormwater-Masterplan-Boards-.pdf\">Juntas de reuniones p\u00fablicas h\u00edbridas de septiembre de 2023<\/a><\/strong><\/p>\n<p><strong><a href=\"https:\/\/myemail.constantcontact.com\/Reminder--Stormwater-Master-Plan-Workshop---Tonight-.html?soid=1011085968389&amp;aid=ID9-Go6xEHE\">Invitaci\u00f3n a la reuni\u00f3n p\u00fablica h\u00edbrida de septiembre de 2023<\/a><\/strong><\/p>\n\t\t<h3><a href=\"https:\/\/youtu.be\/dfkKsvSV2sk\"  target=\"_self\">\t\n\tGrabaci\u00f3n de la reuni\u00f3n p\u00fablica \u2013 septiembre de 2023<\/a><\/h3>\t\n\t\t<iframe loading=\"lazy\" width=\"560\" height=\"315\" src=\"https:\/\/www.youtube.com\/embed\/dfkKsvSV2sk?si=x11ZaM-7k56D_RmG\" title=\"Reproductor de v\u00eddeo de YouTube\" frameborder=\"0\" allow=\"accelerometer; autoplay; clipboard-write; encrypted-media; gyroscope; picture-in-picture; web-share\" allowfullscreen><\/iframe>\t\n<h3>\n\t\t\tPersonal del proyecto\t<\/h3>\n\t<hr \/>\n<h3><strong>Jefe de departamento<br \/>\nDepartamento de Obras P\u00fablicas<\/strong><\/h3>\n<h3><strong>Director del Departamento<br \/>\nJoe G\u00f3mez, PE<\/strong><\/h3>\n<h3><strong>Ingeniero de la ciudad<br \/>\nCristina Ortega, PE<\/strong><\/h3>\n<h3><strong>Gerente de Planificaci\u00f3n y Dise\u00f1o<br \/>\nTeresa Kaimrajh, PE<\/strong><\/h3>\n\n<h3>Gerente de Asuntos Vecinales de South Beach<br \/>\nLauren Firtel<br \/>\n<a href=\"mailto:LaurenFirtel@miamibeachfl.gov\">LaurenFirtel@miamibeachfl.gov<\/a><br \/>\n<\/h3>\n\n<h3>Consultor<br \/>\nAECOM<\/h3>\n<h3>\n\t\t\tSolicitar m\u00e1s informaci\u00f3n o proporcionar comentarios\t<\/h3>\n\t<div class=\"wpforms-container wpforms-container-full\" id=\"wpforms-258000\"><form id=\"wpforms-form-258000\" class=\"wpforms-validate wpforms-form wpforms-ajax-form\" data-formid=\"258000\" method=\"post\" enctype=\"multipart\/form-data\" action=\"\/es\/wp-json\/wp\/v2\/pages\/274106\" data-token=\"410cdae041d31f60b4353b85b955c740\" data-token-time=\"1776433460\" data-trp-original-action=\"\/es\/wp-json\/wp\/v2\/pages\/274106\"><noscript class=\"wpforms-error-noscript\">Por favor, activa JavaScript en tu navegador para completar este formulario.<\/noscript><div class=\"wpforms-field-container\"><div id=\"wpforms-258000-field_0-container\" class=\"wpforms-field wpforms-field-name\" data-field-id=\"0\"><label class=\"wpforms-field-label\">Nombre <span class=\"wpforms-required-label\">*<\/span><\/label><div class=\"wpforms-field-row wpforms-field-medium\"><div class=\"wpforms-field-row-block wpforms-first wpforms-one-half\"><input type=\"text\" id=\"wpforms-258000-field_0\" class=\"wpforms-field-name-first wpforms-field-required\" name=\"wpforms[fields][0][first]\" required><label for=\"wpforms-258000-field_0\" class=\"wpforms-field-sublabel after\">Nombre<\/label><\/div><div class=\"wpforms-field-row-block wpforms-one-half\"><input type=\"text\" id=\"wpforms-258000-field_0-last\" class=\"wpforms-field-name-last wpforms-field-required\" name=\"wpforms[fields][0][last]\" required><label for=\"wpforms-258000-field_0-last\" class=\"wpforms-field-sublabel after\">Apellidos<\/label><\/div><\/div><\/div><div id=\"wpforms-258000-field_4-container\" class=\"wpforms-field wpforms-field-layout\" data-field-id=\"4\"><div class=\"wpforms-field-layout-columns wpforms-field-layout-preset-50-50\"><div class=\"wpforms-layout-column wpforms-layout-column-50\" ><div id=\"wpforms-258000-field_1-container\" class=\"wpforms-field wpforms-field-email\" data-field-id=\"1\"><label class=\"wpforms-field-label\" for=\"wpforms-258000-field_1\">Correo electr\u00f3nico <span class=\"wpforms-required-label\">*<\/span><\/label><input type=\"email\" id=\"wpforms-258000-field_1\" class=\"wpforms-field-medium wpforms-field-required\" name=\"wpforms[fields][1]\" spellcheck=\"false\" required><\/div><div id=\"wpforms-258000-field_7-container\" class=\"wpforms-field wpforms-field-phone\" data-field-id=\"7\"><label class=\"wpforms-field-label\" for=\"wpforms-258000-field_7\">Tel\u00e9fono<\/label><input type=\"tel\" id=\"wpforms-258000-field_7\" class=\"wpforms-field-medium wpforms-smart-phone-field\" data-rule-smart-phone-field=\"true\" name=\"wpforms[fields][7]\" aria-label=\"Tel\u00e9fono\" ><\/div><\/div><div class=\"wpforms-layout-column wpforms-layout-column-50\" ><div id=\"wpforms-258000-field_3-container\" class=\"wpforms-field wpforms-field-select wpforms-field-select-style-classic\" data-field-id=\"3\"><label class=\"wpforms-field-label\" for=\"wpforms-258000-field_3\">Seleccionar \u00e1rea: <span class=\"wpforms-required-label\">*<\/span><\/label><select id=\"wpforms-258000-field_3\" class=\"wpforms-field-medium wpforms-field-required\" name=\"wpforms[fields][3]\" required=\"required\"><option value=\"Citywide\"  class=\"choice-1 depth-1\"  >Toda la Ciudad<\/option><option value=\"South Beach\"  class=\"choice-2 depth-1\"  >Playa Sur<\/option><option value=\"Mid Beach\"  class=\"choice-3 depth-1\"  >Playa Media<\/option><option value=\"North Beach\"  class=\"choice-4 depth-1\"  >Playa Norte<\/option><\/select><\/div><\/div><\/div><\/div><div id=\"wpforms-258000-field_2-container\" class=\"wpforms-field wpforms-field-textarea\" data-field-id=\"2\"><label class=\"wpforms-field-label\" for=\"wpforms-258000-field_2\">Comentario o mensaje<\/label><textarea id=\"wpforms-258000-field_2\" class=\"wpforms-field-medium\" name=\"wpforms[fields][2]\" ><\/textarea><\/div><div id=\"wpforms-258000-field_6-container\" class=\"wpforms-field wpforms-field-hidden\" data-field-id=\"6\"><input type=\"hidden\" id=\"wpforms-258000-field_6\" name=\"wpforms[fields][6]\" value=\": https:\/\/www.miamibeachfl.gov\/es\/wp-json\/wp\/v2\/pages\/274106\"><\/div><\/div><!-- .wpforms-field-container --><div class=\"wpforms-recaptcha-container wpforms-is-recaptcha wpforms-is-recaptcha-type-v2\" ><div class=\"g-recaptcha\" data-sitekey=\"6Lcwxc4pAAAAAKPjNaeWluTmul42T6sdKruYO3BQ\"><\/div><input type=\"text\" name=\"g-recaptcha-hidden\" class=\"wpforms-recaptcha-hidden\" style=\"position:absolute!important;clip:rect(0,0,0,0)!important;height:1px!important;width:1px!important;border:0!important;overflow:hidden!important;padding:0!important;margin:0!important;\" data-rule-recaptcha=\"1\"><\/div><div class=\"wpforms-submit-container\" ><input type=\"hidden\" name=\"wpforms[id]\" value=\"258000\"><input type=\"hidden\" name=\"page_title\" value=\"\"><input type=\"hidden\" name=\"page_url\" value=\"https:\/\/www.miamibeachfl.gov\/es\/wp-json\/wp\/v2\/pages\/274106\"><input type=\"hidden\" name=\"url_referer\" value=\"\"><button type=\"submit\" name=\"wpforms[submit]\" id=\"wpforms-submit-258000\" class=\"wpforms-submit\" data-alt-text=\"Sending...\" data-submit-text=\"Submit\" aria-live=\"assertive\" value=\"wpforms-submit\">Entregar<\/button><img loading=\"lazy\" decoding=\"async\" src=\"https:\/\/www.miamibeachfl.gov\/wp-content\/plugins\/wpforms\/assets\/images\/submit-spin.svg\" class=\"wpforms-submit-spinner\" style=\"display: none;\" width=\"26\" height=\"26\" alt=\"Cargando\"><\/div><input type=\"hidden\" name=\"trp-form-language\" value=\"es\"\/><\/form><\/div>  <!-- .wpforms-container -->\n\t\t<h3>\u00daltima actualizaci\u00f3n<\/h3><p>Marzo de 2024<\/p>","protected":false},"excerpt":{"rendered":"<p>Actualizaci\u00f3n del Plan Maestro y Modelado de Aguas Pluviales La Ciudad se est\u00e1 embarcando en un proyecto vital para mejorar su Plan Maestro de Aguas Pluviales [\u2026]<\/p>","protected":false},"author":222,"featured_media":0,"parent":28467,"menu_order":0,"comment_status":"closed","ping_status":"closed","template":"","meta":{"_searchwp_excluded":"","site-sidebar-layout":"default","site-content-layout":"","ast-site-content-layout":"default","site-content-style":"default","site-sidebar-style":"default","ast-global-header-display":"","ast-banner-title-visibility":"","ast-main-header-display":"","ast-hfb-above-header-display":"","ast-hfb-below-header-display":"","ast-hfb-mobile-header-display":"","site-post-title":"","ast-breadcrumbs-content":"","ast-featured-img":"","footer-sml-layout":"","theme-transparent-header-meta":"","adv-header-id-meta":"","stick-header-meta":"","header-above-stick-meta":"","header-main-stick-meta":"","header-below-stick-meta":"","astra-migrate-meta-layouts":"default","ast-page-background-enabled":"default","ast-page-background-meta":{"desktop":{"background-color":"var(--ast-global-color-5)","background-image":"","background-repeat":"repeat","background-position":"center center","background-size":"auto","background-attachment":"scroll","background-type":"","background-media":"","overlay-type":"","overlay-color":"","overlay-opacity":"","overlay-gradient":""},"tablet":{"background-color":"","background-image":"","background-repeat":"repeat","background-position":"center center","background-size":"auto","background-attachment":"scroll","background-type":"","background-media":"","overlay-type":"","overlay-color":"","overlay-opacity":"","overlay-gradient":""},"mobile":{"background-color":"","background-image":"","background-repeat":"repeat","background-position":"center center","background-size":"auto","background-attachment":"scroll","background-type":"","background-media":"","overlay-type":"","overlay-color":"","overlay-opacity":"","overlay-gradient":""}},"ast-content-background-meta":{"desktop":{"background-color":"var(--ast-global-color-4)","background-image":"","background-repeat":"repeat","background-position":"center center","background-size":"auto","background-attachment":"scroll","background-type":"","background-media":"","overlay-type":"","overlay-color":"","overlay-opacity":"","overlay-gradient":""},"tablet":{"background-color":"var(--ast-global-color-4)","background-image":"","background-repeat":"repeat","background-position":"center center","background-size":"auto","background-attachment":"scroll","background-type":"","background-media":"","overlay-type":"","overlay-color":"","overlay-opacity":"","overlay-gradient":""},"mobile":{"background-color":"var(--ast-global-color-4)","background-image":"","background-repeat":"repeat","background-position":"center center","background-size":"auto","background-attachment":"scroll","background-type":"","background-media":"","overlay-type":"","overlay-color":"","overlay-opacity":"","overlay-gradient":""}},"footnotes":""},"categories":[1892],"tags":[],"class_list":["post-274106","page","type-page","status-publish","hentry","category-city-project-for-review"],"yoast_head":"<!-- This site is optimized with the Yoast SEO Premium plugin v26.6 (Yoast SEO v26.6) - https:\/\/yoast.com\/wordpress\/plugins\/seo\/ -->\n<title>Stormwater Masterplan - City of Miami Beach<\/title>\n<meta name=\"description\" content=\"%\" \/>\n<meta name=\"robots\" content=\"index, follow, max-snippet:-1, max-image-preview:large, max-video-preview:-1\" \/>\n<link rel=\"canonical\" href=\"https:\/\/www.miamibeachfl.gov\/es\/residents\/neighborhood-affairs-division\/active-projects\/other\/stormwater-masterplan\/\" \/>\n<meta property=\"og:locale\" content=\"es_ES\" \/>\n<meta property=\"og:type\" content=\"article\" \/>\n<meta property=\"og:title\" content=\"Stormwater Masterplan\" \/>\n<meta property=\"og:description\" content=\"%\" \/>\n<meta property=\"og:url\" content=\"https:\/\/www.miamibeachfl.gov\/es\/residents\/neighborhood-affairs-division\/active-projects\/other\/stormwater-masterplan\/\" \/>\n<meta property=\"og:site_name\" content=\"City of Miami Beach\" \/>\n<meta property=\"article:publisher\" content=\"https:\/\/www.facebook.com\/cityofmiamibeach\" \/>\n<meta property=\"article:modified_time\" content=\"2026-04-03T17:59:33+00:00\" \/>\n<meta property=\"og:image\" content=\"https:\/\/www.miamibeachfl.gov\/wp-content\/uploads\/2024\/01\/1000pxSquare-miamibeach-aerial-southpointview.jpeg\" \/>\n\t<meta property=\"og:image:width\" content=\"1000\" \/>\n\t<meta property=\"og:image:height\" content=\"1000\" \/>\n\t<meta property=\"og:image:type\" content=\"image\/jpeg\" \/>\n<meta name=\"twitter:card\" content=\"summary_large_image\" \/>\n<meta name=\"twitter:site\" content=\"@Miamibeachnews\" \/>\n<script type=\"application\/ld+json\" class=\"yoast-schema-graph\">{\"@context\":\"https:\/\/schema.org\",\"@graph\":[{\"@type\":\"WebPage\",\"@id\":\"https:\/\/www.miamibeachfl.gov\/residents\/neighborhood-affairs-division\/active-projects\/other\/stormwater-masterplan\/\",\"url\":\"https:\/\/www.miamibeachfl.gov\/residents\/neighborhood-affairs-division\/active-projects\/other\/stormwater-masterplan\/\",\"name\":\"Stormwater Masterplan - City of Miami Beach\",\"isPartOf\":{\"@id\":\"https:\/\/www.miamibeachfl.gov\/#website\"},\"datePublished\":\"2023-10-02T14:40:32+00:00\",\"dateModified\":\"2026-04-03T17:59:33+00:00\",\"description\":\"%\",\"breadcrumb\":{\"@id\":\"https:\/\/www.miamibeachfl.gov\/residents\/neighborhood-affairs-division\/active-projects\/other\/stormwater-masterplan\/#breadcrumb\"},\"inLanguage\":\"es\",\"potentialAction\":[{\"@type\":\"ReadAction\",\"target\":[\"https:\/\/www.miamibeachfl.gov\/residents\/neighborhood-affairs-division\/active-projects\/other\/stormwater-masterplan\/\"]}]},{\"@type\":\"BreadcrumbList\",\"@id\":\"https:\/\/www.miamibeachfl.gov\/residents\/neighborhood-affairs-division\/active-projects\/other\/stormwater-masterplan\/#breadcrumb\",\"itemListElement\":[{\"@type\":\"ListItem\",\"position\":1,\"name\":\"Home\",\"item\":\"https:\/\/www.miamibeachfl.gov\/\"},{\"@type\":\"ListItem\",\"position\":2,\"name\":\"Residents\",\"item\":\"https:\/\/www.miamibeachfl.gov\/residents\/\"},{\"@type\":\"ListItem\",\"position\":3,\"name\":\"Neighborhood Affairs Division\",\"item\":\"https:\/\/www.miamibeachfl.gov\/residents\/neighborhood-affairs-division\/\"},{\"@type\":\"ListItem\",\"position\":4,\"name\":\"Active Projects\",\"item\":\"https:\/\/www.miamibeachfl.gov\/residents\/neighborhood-affairs-division\/active-projects\/\"},{\"@type\":\"ListItem\",\"position\":5,\"name\":\"Other\",\"item\":\"https:\/\/www.miamibeachfl.gov\/residents\/neighborhood-affairs-division\/active-projects\/other\/\"},{\"@type\":\"ListItem\",\"position\":6,\"name\":\"Stormwater Masterplan\"}]},{\"@type\":\"WebSite\",\"@id\":\"https:\/\/www.miamibeachfl.gov\/#website\",\"url\":\"https:\/\/www.miamibeachfl.gov\/\",\"name\":\"City of Miami Beach\",\"description\":\"The official website of the City of Miami Beach. Stay informed, find important information on city services, news, alerts, events, trolley routes, government employment and more.\",\"publisher\":{\"@id\":\"https:\/\/www.miamibeachfl.gov\/#organization\"},\"potentialAction\":[{\"@type\":\"SearchAction\",\"target\":{\"@type\":\"EntryPoint\",\"urlTemplate\":\"https:\/\/www.miamibeachfl.gov\/?s={search_term_string}\"},\"query-input\":{\"@type\":\"PropertyValueSpecification\",\"valueRequired\":true,\"valueName\":\"search_term_string\"}}],\"inLanguage\":\"es\"},{\"@type\":\"Organization\",\"@id\":\"https:\/\/www.miamibeachfl.gov\/#organization\",\"name\":\"City of Miami Beach\",\"url\":\"https:\/\/www.miamibeachfl.gov\/\",\"logo\":{\"@type\":\"ImageObject\",\"inLanguage\":\"es\",\"@id\":\"https:\/\/www.miamibeachfl.gov\/#\/schema\/logo\/image\/\",\"url\":\"https:\/\/www.miamibeachfl.gov\/wp-content\/uploads\/2022\/06\/miamibeach-logoblue.png\",\"contentUrl\":\"https:\/\/www.miamibeachfl.gov\/wp-content\/uploads\/2022\/06\/miamibeach-logoblue.png\",\"width\":1962,\"height\":381,\"caption\":\"City of Miami Beach\"},\"image\":{\"@id\":\"https:\/\/www.miamibeachfl.gov\/#\/schema\/logo\/image\/\"},\"sameAs\":[\"https:\/\/www.facebook.com\/cityofmiamibeach\",\"https:\/\/x.com\/Miamibeachnews\",\"https:\/\/www.instagram.com\/miamibeachnews\/\"],\"description\":\"The official website of the City of Miami Beach. Stay informed, find important information on city services, news, alerts, events, trolley routes, government employment and more.\",\"telephone\":\"305.604.CITY(2489)\",\"legalName\":\"City of Miami Beach\"}]}<\/script>\n<!-- \/ Yoast SEO Premium plugin. -->","yoast_head_json":{"title":"Plan Maestro de Aguas Pluviales - Ciudad de Miami Beach","description":"%","robots":{"index":"index","follow":"follow","max-snippet":"max-snippet:-1","max-image-preview":"max-image-preview:large","max-video-preview":"max-video-preview:-1"},"canonical":"https:\/\/www.miamibeachfl.gov\/es\/residents\/neighborhood-affairs-division\/active-projects\/other\/stormwater-masterplan\/","og_locale":"es_ES","og_type":"article","og_title":"Stormwater Masterplan","og_description":"%","og_url":"https:\/\/www.miamibeachfl.gov\/es\/residents\/neighborhood-affairs-division\/active-projects\/other\/stormwater-masterplan\/","og_site_name":"City of Miami Beach","article_publisher":"https:\/\/www.facebook.com\/cityofmiamibeach","article_modified_time":"2026-04-03T17:59:33+00:00","og_image":[{"width":1000,"height":1000,"url":"https:\/\/www.miamibeachfl.gov\/wp-content\/uploads\/2024\/01\/1000pxSquare-miamibeach-aerial-southpointview.jpeg","type":"image\/jpeg"}],"twitter_card":"summary_large_image","twitter_site":"@Miamibeachnews","schema":{"@context":"https:\/\/schema.org","@graph":[{"@type":"WebPage","@id":"https:\/\/www.miamibeachfl.gov\/residents\/neighborhood-affairs-division\/active-projects\/other\/stormwater-masterplan\/","url":"https:\/\/www.miamibeachfl.gov\/residents\/neighborhood-affairs-division\/active-projects\/other\/stormwater-masterplan\/","name":"Plan Maestro de Aguas Pluviales - Ciudad de Miami Beach","isPartOf":{"@id":"https:\/\/www.miamibeachfl.gov\/#website"},"datePublished":"2023-10-02T14:40:32+00:00","dateModified":"2026-04-03T17:59:33+00:00","description":"%","breadcrumb":{"@id":"https:\/\/www.miamibeachfl.gov\/residents\/neighborhood-affairs-division\/active-projects\/other\/stormwater-masterplan\/#breadcrumb"},"inLanguage":"es","potentialAction":[{"@type":"ReadAction","target":["https:\/\/www.miamibeachfl.gov\/residents\/neighborhood-affairs-division\/active-projects\/other\/stormwater-masterplan\/"]}]},{"@type":"BreadcrumbList","@id":"https:\/\/www.miamibeachfl.gov\/residents\/neighborhood-affairs-division\/active-projects\/other\/stormwater-masterplan\/#breadcrumb","itemListElement":[{"@type":"ListItem","position":1,"name":"Home","item":"https:\/\/www.miamibeachfl.gov\/"},{"@type":"ListItem","position":2,"name":"Residents","item":"https:\/\/www.miamibeachfl.gov\/residents\/"},{"@type":"ListItem","position":3,"name":"Neighborhood Affairs Division","item":"https:\/\/www.miamibeachfl.gov\/residents\/neighborhood-affairs-division\/"},{"@type":"ListItem","position":4,"name":"Active Projects","item":"https:\/\/www.miamibeachfl.gov\/residents\/neighborhood-affairs-division\/active-projects\/"},{"@type":"ListItem","position":5,"name":"Other","item":"https:\/\/www.miamibeachfl.gov\/residents\/neighborhood-affairs-division\/active-projects\/other\/"},{"@type":"ListItem","position":6,"name":"Stormwater Masterplan"}]},{"@type":"WebSite","@id":"https:\/\/www.miamibeachfl.gov\/#website","url":"https:\/\/www.miamibeachfl.gov\/","name":"Ciudad de Miami Beach","description":"Sitio web oficial de la Ciudad de Miami Beach. Mant\u00e9ngase informado, encuentre informaci\u00f3n importante sobre servicios municipales, noticias, alertas, eventos, rutas de tranv\u00edas, empleos gubernamentales y m\u00e1s.","publisher":{"@id":"https:\/\/www.miamibeachfl.gov\/#organization"},"potentialAction":[{"@type":"SearchAction","target":{"@type":"EntryPoint","urlTemplate":"https:\/\/www.miamibeachfl.gov\/?s={search_term_string}"},"query-input":{"@type":"PropertyValueSpecification","valueRequired":true,"valueName":"search_term_string"}}],"inLanguage":"es"},{"@type":"Organization","@id":"https:\/\/www.miamibeachfl.gov\/#organization","name":"Ciudad de Miami Beach","url":"https:\/\/www.miamibeachfl.gov\/","logo":{"@type":"ImageObject","inLanguage":"es","@id":"https:\/\/www.miamibeachfl.gov\/#\/schema\/logo\/image\/","url":"https:\/\/www.miamibeachfl.gov\/wp-content\/uploads\/2022\/06\/miamibeach-logoblue.png","contentUrl":"https:\/\/www.miamibeachfl.gov\/wp-content\/uploads\/2022\/06\/miamibeach-logoblue.png","width":1962,"height":381,"caption":"City of Miami Beach"},"image":{"@id":"https:\/\/www.miamibeachfl.gov\/#\/schema\/logo\/image\/"},"sameAs":["https:\/\/www.facebook.com\/cityofmiamibeach","https:\/\/x.com\/Miamibeachnews","https:\/\/www.instagram.com\/miamibeachnews\/"],"description":"Sitio web oficial de la Ciudad de Miami Beach. Mant\u00e9ngase informado, encuentre informaci\u00f3n importante sobre servicios municipales, noticias, alertas, eventos, rutas de tranv\u00edas, empleos gubernamentales y m\u00e1s.","telephone":"305.604.CITY(2489)","legalName":"City of Miami Beach"}]}},"_links":{"self":[{"href":"https:\/\/www.miamibeachfl.gov\/es\/wp-json\/wp\/v2\/pages\/274106","targetHints":{"allow":["GET"]}}],"collection":[{"href":"https:\/\/www.miamibeachfl.gov\/es\/wp-json\/wp\/v2\/pages"}],"about":[{"href":"https:\/\/www.miamibeachfl.gov\/es\/wp-json\/wp\/v2\/types\/page"}],"author":[{"embeddable":true,"href":"https:\/\/www.miamibeachfl.gov\/es\/wp-json\/wp\/v2\/users\/222"}],"replies":[{"embeddable":true,"href":"https:\/\/www.miamibeachfl.gov\/es\/wp-json\/wp\/v2\/comments?post=274106"}],"version-history":[{"count":0,"href":"https:\/\/www.miamibeachfl.gov\/es\/wp-json\/wp\/v2\/pages\/274106\/revisions"}],"up":[{"embeddable":true,"href":"https:\/\/www.miamibeachfl.gov\/es\/wp-json\/wp\/v2\/pages\/28467"}],"wp:attachment":[{"href":"https:\/\/www.miamibeachfl.gov\/es\/wp-json\/wp\/v2\/media?parent=274106"}],"wp:term":[{"taxonomy":"category","embeddable":true,"href":"https:\/\/www.miamibeachfl.gov\/es\/wp-json\/wp\/v2\/categories?post=274106"},{"taxonomy":"post_tag","embeddable":true,"href":"https:\/\/www.miamibeachfl.gov\/es\/wp-json\/wp\/v2\/tags?post=274106"}],"curies":[{"name":"gracias","href":"https:\/\/api.w.org\/{rel}","templated":true}]}}