{"id":274522,"date":"2023-10-05T15:54:18","date_gmt":"2023-10-05T19:54:18","guid":{"rendered":"https:\/\/www.miamibeachfl.gov\/city-hall\/housing-and-community-development-new\/community-services\/rent-and-utility-assistance\/"},"modified":"2026-01-13T14:04:47","modified_gmt":"2026-01-13T19:04:47","slug":"rent-and-utility-assistance","status":"publish","type":"page","link":"https:\/\/www.miamibeachfl.gov\/es\/city-hall\/housing-and-community-development\/community-services\/rent-and-utility-assistance\/","title":{"rendered":"Asistencia para el alquiler y los servicios p\u00fablicos"},"content":{"rendered":"<h1>\n\t\t\tAsistencia para el alquiler y los servicios p\u00fablicos\t<\/h1>\n\t<p>La Oficina de Servicios Comunitarios brinda asistencia con el alquiler y los servicios p\u00fablicos, seg\u00fan la disponibilidad de fondos.<\/p>\nVivienda y comunidad\t\t\t\n\t\t\t\t\t<ul id=\"menu-housing-and-community-services\"><li id=\"menu-item-273929\"><a href=\"\/es\/city-hall\/housing-and-community-development\/\">H &amp; C Hogar<\/a><\/li>\n<li id=\"menu-item-273934\" aria-haspopup=\"true\"><a aria-expanded=\"false\" href=\"\/es\/city-hall\/housing-and-community-development\/housing-and-community\/\">Vivienda y comunidad<\/a>\n<ul>\n\t<li id=\"menu-item-273935\" aria-haspopup=\"true\"><a aria-expanded=\"false\" href=\"\/es\/city-hall\/housing-and-community-development\/housing-and-community\/community-development\/\">Desarrollo comunitario<\/a>\n\t<ul>\n\t\t<li id=\"menu-item-295056\"><a href=\"\/es\/city-hall\/housing-and-community-development\/housing-and-community\/community-development\/live-local-act-inventory-list\/\">Lista de inventario de la Ley Local Viva<\/a><\/li>\n\t<\/ul>\n<\/li>\n\t<li id=\"menu-item-273936\" aria-haspopup=\"true\"><a aria-expanded=\"false\" href=\"\/es\/city-hall\/housing-and-community-development\/housing-and-community\/\/housing-services\/\">Servicios de Vivienda<\/a>\n\t<ul>\n\t\t<li id=\"menu-item-275063\"><a href=\"\/es\/city-hall\/housing-and-community-development\/housing-and-community\/housing-services\/firsttimehomebuyer\/\">Comprador de vivienda por primera vez<\/a><\/li>\n\t\t<li id=\"menu-item-275064\"><a href=\"\/es\/city-hall\/housing-and-community-development\/housing-and-community\/housing-services\/ship\/\">BARCO<\/a><\/li>\n\t\t<li id=\"menu-item-275065\"><a href=\"\/es\/city-hall\/housing-and-community-development\/housing-and-community\/housing-services\/fairhousing\/\">Vivienda justa<\/a><\/li>\n\t\t<li id=\"menu-item-335207\"><a href=\"\/es\/city-hall\/housing-and-community-development\/housing-and-community\/housing-services\/housing-program\/\">Programa de reembolso de tarifas de solicitud de alquiler<\/a><\/li>\n\t<\/ul>\n<\/li>\n<\/ul>\n<\/li>\n<li id=\"menu-item-273937\"><a href=\"\/es\/city-hall\/housing-and-community-development\/residential-housing\/\">Vivienda residencial<\/a><\/li>\n<li id=\"menu-item-273933\"><a href=\"\/es\/city-hall\/housing-and-community-development\/homeless-outreach\/\">Asistencia para personas sin hogar<\/a><\/li>\n<li id=\"menu-item-273930\" aria-haspopup=\"true\"><a aria-expanded=\"false\" href=\"\/es\/city-hall\/housing-and-community-development\/community-services\/\">Servicios comunitarios<\/a>\n<ul>\n\t<li id=\"menu-item-273931\" aria-haspopup=\"true\"><a aria-expanded=\"false\" href=\"\/es\/city-hall\/housing-and-community-development\/community-services\/elder-services\/\">Servicios para personas mayores<\/a>\n\t<ul>\n\t\t<li id=\"menu-item-279801\"><a href=\"\/es\/city-hall\/housing-and-community-development\/community-services\/elder-services\/senior-centers\/\">Centros para personas mayores<\/a><\/li>\n\t<\/ul>\n<\/li>\n\t<li id=\"menu-item-273932\"><a href=\"\/es\/city-hall\/housing-and-community-development\/community-services\/youth-services\/\">Servicios para j\u00f3venes<\/a><\/li>\n\t<li id=\"menu-item-274595\"><a href=\"\/es\/city-hall\/housing-and-community-development\/community-services\/#communityserviceslocations\">Ubicaciones<\/a><\/li>\n<\/ul>\n<\/li>\n<\/ul>\t\nVivienda y comunidad \u00d7\t\t\t\t\t\t<ul id=\"menu-housing-and-community-services-1\"><li id=\"menu-item-273929\"><a href=\"\/es\/city-hall\/housing-and-community-development\/\">H &amp; C Hogar<\/a><\/li>\n<li id=\"menu-item-273934\" aria-haspopup=\"true\"><a aria-expanded=\"false\" href=\"\/es\/city-hall\/housing-and-community-development\/housing-and-community\/\">Vivienda y comunidad<\/a>\n<ul>\n\t<li id=\"menu-item-273935\" aria-haspopup=\"true\"><a aria-expanded=\"false\" href=\"\/es\/city-hall\/housing-and-community-development\/housing-and-community\/community-development\/\">Desarrollo comunitario<\/a>\n\t<ul>\n\t\t<li id=\"menu-item-295056\"><a href=\"\/es\/city-hall\/housing-and-community-development\/housing-and-community\/community-development\/live-local-act-inventory-list\/\">Lista de inventario de la Ley Local Viva<\/a><\/li>\n\t<\/ul>\n<\/li>\n\t<li id=\"menu-item-273936\" aria-haspopup=\"true\"><a aria-expanded=\"false\" href=\"\/es\/city-hall\/housing-and-community-development\/housing-and-community\/\/housing-services\/\">Servicios de Vivienda<\/a>\n\t<ul>\n\t\t<li id=\"menu-item-275063\"><a href=\"\/es\/city-hall\/housing-and-community-development\/housing-and-community\/housing-services\/firsttimehomebuyer\/\">Comprador de vivienda por primera vez<\/a><\/li>\n\t\t<li id=\"menu-item-275064\"><a href=\"\/es\/city-hall\/housing-and-community-development\/housing-and-community\/housing-services\/ship\/\">BARCO<\/a><\/li>\n\t\t<li id=\"menu-item-275065\"><a href=\"\/es\/city-hall\/housing-and-community-development\/housing-and-community\/housing-services\/fairhousing\/\">Vivienda justa<\/a><\/li>\n\t\t<li id=\"menu-item-335207\"><a href=\"\/es\/city-hall\/housing-and-community-development\/housing-and-community\/housing-services\/housing-program\/\">Programa de reembolso de tarifas de solicitud de alquiler<\/a><\/li>\n\t<\/ul>\n<\/li>\n<\/ul>\n<\/li>\n<li id=\"menu-item-273937\"><a href=\"\/es\/city-hall\/housing-and-community-development\/residential-housing\/\">Vivienda residencial<\/a><\/li>\n<li id=\"menu-item-273933\"><a href=\"\/es\/city-hall\/housing-and-community-development\/homeless-outreach\/\">Asistencia para personas sin hogar<\/a><\/li>\n<li id=\"menu-item-273930\" aria-haspopup=\"true\"><a aria-expanded=\"false\" href=\"\/es\/city-hall\/housing-and-community-development\/community-services\/\">Servicios comunitarios<\/a>\n<ul>\n\t<li id=\"menu-item-273931\" aria-haspopup=\"true\"><a aria-expanded=\"false\" href=\"\/es\/city-hall\/housing-and-community-development\/community-services\/elder-services\/\">Servicios para personas mayores<\/a>\n\t<ul>\n\t\t<li id=\"menu-item-279801\"><a href=\"\/es\/city-hall\/housing-and-community-development\/community-services\/elder-services\/senior-centers\/\">Centros para personas mayores<\/a><\/li>\n\t<\/ul>\n<\/li>\n\t<li id=\"menu-item-273932\"><a href=\"\/es\/city-hall\/housing-and-community-development\/community-services\/youth-services\/\">Servicios para j\u00f3venes<\/a><\/li>\n\t<li id=\"menu-item-274595\"><a href=\"\/es\/city-hall\/housing-and-community-development\/community-services\/#communityserviceslocations\">Ubicaciones<\/a><\/li>\n<\/ul>\n<\/li>\n<\/ul>\t\t\t\t\n\t<p><strong><a href=\"https:\/\/www.miamibeachfl.gov\/es\/city-hall\/housing-and-community-development\/community-services\/assistance-funds-information\/\">Si hay fondos disponibles, los solicitantes deben solicitar una cita. Obtenga m\u00e1s informaci\u00f3n sobre el programa.<\/a><\/strong><\/p>\n<h3>\n\t\t\tDurante la cita los solicitantes deber\u00e1n traer:\t<\/h3>\n\t\t\t<h3> Aviso de desalojo (desalojo en tres d\u00edas o judicial)<\/h3>\t\t\n\t\t\t<h3> Aviso final (para asistencia con los servicios p\u00fablicos)<\/h3>\t\t\n\t\t\t<h3> Identificaci\u00f3n con fotograf\u00eda v\u00e1lida para todos los miembros del hogar con direcci\u00f3n actual<\/h3>\t\t\n\t\t\t<h3> Tarjetas de Seguro Social para todos los miembros del hogar<\/h3>\t\t\n\t\t\t<h3> Extractos bancarios<\/h3>\t\t\n\t\t\t<h3> Comprobante de ingresos<\/h3>\t\t\n\t\t\t<h3> Prueba de derechos<\/h3>\t\t\n\t\t\t<h3> Arrendamiento (si aplica)<\/h3>\t\t\n\t<h2>\n\t\t\tTodos los solicitantes deber\u00e1n completar un proceso de admisi\u00f3n para recibir asistencia. Para m\u00e1s informaci\u00f3n, llame al 305.673.7491.\t<\/h2>\n\t<p>Para obtener m\u00e1s recursos de asistencia para el alquiler, llame a la l\u00ednea de ayuda para personas sin hogar al 1.877.994.4357. <em>(*Nota: Este no es un n\u00famero de tel\u00e9fono de la ciudad de Miami Beach).<\/em><\/p>\n<p>Para obtener asistencia con los servicios p\u00fablicos, llame a la Acci\u00f3n Comunitaria y Servicios Humanos del Condado de Miami-Dade al 305.672.1705 <a href=\"http:\/\/www.miamidade.gov\/socialservices\/housing-assistance-energy.asp\">o visite su sitio web.<\/a> <em>(*Nota: Este no es un n\u00famero de tel\u00e9fono de la ciudad de Miami Beach).<\/em><\/p>","protected":false},"excerpt":{"rendered":"<p>Rent &#038; Utility Assistance The Office of Community Services provides rental and utility assistance, upon fund availability. Housing &#038; Community [&hellip;]<\/p>\n","protected":false},"author":222,"featured_media":260999,"parent":273896,"menu_order":29,"comment_status":"closed","ping_status":"closed","template":"","meta":{"_searchwp_excluded":"","site-sidebar-layout":"default","site-content-layout":"","ast-site-content-layout":"default","site-content-style":"default","site-sidebar-style":"default","ast-global-header-display":"","ast-banner-title-visibility":"","ast-main-header-display":"","ast-hfb-above-header-display":"","ast-hfb-below-header-display":"","ast-hfb-mobile-header-display":"","site-post-title":"","ast-breadcrumbs-content":"","ast-featured-img":"","footer-sml-layout":"","theme-transparent-header-meta":"","adv-header-id-meta":"","stick-header-meta":"","header-above-stick-meta":"","header-main-stick-meta":"","header-below-stick-meta":"","astra-migrate-meta-layouts":"default","ast-page-background-enabled":"default","ast-page-background-meta":{"desktop":{"background-color":"var(--ast-global-color-5)","background-image":"","background-repeat":"repeat","background-position":"center center","background-size":"auto","background-attachment":"scroll","background-type":"","background-media":"","overlay-type":"","overlay-color":"","overlay-opacity":"","overlay-gradient":""},"tablet":{"background-color":"","background-image":"","background-repeat":"repeat","background-position":"center center","background-size":"auto","background-attachment":"scroll","background-type":"","background-media":"","overlay-type":"","overlay-color":"","overlay-opacity":"","overlay-gradient":""},"mobile":{"background-color":"","background-image":"","background-repeat":"repeat","background-position":"center center","background-size":"auto","background-attachment":"scroll","background-type":"","background-media":"","overlay-type":"","overlay-color":"","overlay-opacity":"","overlay-gradient":""}},"ast-content-background-meta":{"desktop":{"background-color":"var(--ast-global-color-4)","background-image":"","background-repeat":"repeat","background-position":"center center","background-size":"auto","background-attachment":"scroll","background-type":"","background-media":"","overlay-type":"","overlay-color":"","overlay-opacity":"","overlay-gradient":""},"tablet":{"background-color":"var(--ast-global-color-4)","background-image":"","background-repeat":"repeat","background-position":"center center","background-size":"auto","background-attachment":"scroll","background-type":"","background-media":"","overlay-type":"","overlay-color":"","overlay-opacity":"","overlay-gradient":""},"mobile":{"background-color":"var(--ast-global-color-4)","background-image":"","background-repeat":"repeat","background-position":"center center","background-size":"auto","background-attachment":"scroll","background-type":"","background-media":"","overlay-type":"","overlay-color":"","overlay-opacity":"","overlay-gradient":""}},"footnotes":""},"categories":[],"tags":[],"class_list":["post-274522","page","type-page","status-publish","has-post-thumbnail","hentry"],"yoast_head":"<!-- This site is optimized with the Yoast SEO Premium plugin v27.4 (Yoast SEO v27.4) - https:\/\/yoast.com\/product\/yoast-seo-premium-wordpress\/ -->\n<title>Rent and Utility Assistance - City of Miami Beach<\/title>\n<meta name=\"description\" content=\"The Office of Community Services provides rental and utility assistance, upon fund availability.\" \/>\n<meta name=\"robots\" content=\"index, follow, max-snippet:-1, max-image-preview:large, max-video-preview:-1\" \/>\n<link rel=\"canonical\" href=\"https:\/\/www.miamibeachfl.gov\/es\/city-hall\/housing-and-community-development\/community-services\/rent-and-utility-assistance\/\" \/>\n<meta property=\"og:locale\" content=\"es_ES\" \/>\n<meta property=\"og:type\" content=\"article\" \/>\n<meta property=\"og:title\" content=\"Rent and Utility Assistance\" \/>\n<meta property=\"og:description\" content=\"The Office of Community Services provides rental and utility assistance, upon fund availability.\" \/>\n<meta property=\"og:url\" content=\"https:\/\/www.miamibeachfl.gov\/es\/city-hall\/housing-and-community-development\/community-services\/rent-and-utility-assistance\/\" \/>\n<meta property=\"og:site_name\" content=\"City of Miami Beach\" \/>\n<meta property=\"article:publisher\" content=\"https:\/\/www.facebook.com\/cityofmiamibeach\" \/>\n<meta property=\"article:modified_time\" content=\"2026-01-13T19:04:47+00:00\" \/>\n<meta property=\"og:image\" content=\"https:\/\/www.miamibeachfl.gov\/wp-content\/uploads\/2023\/05\/homeowners.jpg\" \/>\n\t<meta property=\"og:image:width\" content=\"300\" \/>\n\t<meta property=\"og:image:height\" content=\"300\" \/>\n\t<meta property=\"og:image:type\" content=\"image\/jpeg\" \/>\n<meta name=\"twitter:card\" content=\"summary_large_image\" \/>\n<meta name=\"twitter:site\" content=\"@Miamibeachnews\" \/>\n<script type=\"application\/ld+json\" class=\"yoast-schema-graph\">{\"@context\":\"https:\\\/\\\/schema.org\",\"@graph\":[{\"@type\":\"WebPage\",\"@id\":\"https:\\\/\\\/www.miamibeachfl.gov\\\/city-hall\\\/housing-and-community-development\\\/community-services\\\/rent-and-utility-assistance\\\/\",\"url\":\"https:\\\/\\\/www.miamibeachfl.gov\\\/city-hall\\\/housing-and-community-development\\\/community-services\\\/rent-and-utility-assistance\\\/\",\"name\":\"Rent and Utility Assistance - City of Miami Beach\",\"isPartOf\":{\"@id\":\"https:\\\/\\\/www.miamibeachfl.gov\\\/#website\"},\"primaryImageOfPage\":{\"@id\":\"https:\\\/\\\/www.miamibeachfl.gov\\\/city-hall\\\/housing-and-community-development\\\/community-services\\\/rent-and-utility-assistance\\\/#primaryimage\"},\"image\":{\"@id\":\"https:\\\/\\\/www.miamibeachfl.gov\\\/city-hall\\\/housing-and-community-development\\\/community-services\\\/rent-and-utility-assistance\\\/#primaryimage\"},\"thumbnailUrl\":\"https:\\\/\\\/www.miamibeachfl.gov\\\/wp-content\\\/uploads\\\/2023\\\/05\\\/homeowners.jpg\",\"datePublished\":\"2023-10-05T19:54:18+00:00\",\"dateModified\":\"2026-01-13T19:04:47+00:00\",\"description\":\"The Office of Community Services provides rental and utility assistance, upon fund availability.\",\"breadcrumb\":{\"@id\":\"https:\\\/\\\/www.miamibeachfl.gov\\\/city-hall\\\/housing-and-community-development\\\/community-services\\\/rent-and-utility-assistance\\\/#breadcrumb\"},\"inLanguage\":\"es\",\"potentialAction\":[{\"@type\":\"ReadAction\",\"target\":[\"https:\\\/\\\/www.miamibeachfl.gov\\\/city-hall\\\/housing-and-community-development\\\/community-services\\\/rent-and-utility-assistance\\\/\"]}]},{\"@type\":\"ImageObject\",\"inLanguage\":\"es\",\"@id\":\"https:\\\/\\\/www.miamibeachfl.gov\\\/city-hall\\\/housing-and-community-development\\\/community-services\\\/rent-and-utility-assistance\\\/#primaryimage\",\"url\":\"https:\\\/\\\/www.miamibeachfl.gov\\\/wp-content\\\/uploads\\\/2023\\\/05\\\/homeowners.jpg\",\"contentUrl\":\"https:\\\/\\\/www.miamibeachfl.gov\\\/wp-content\\\/uploads\\\/2023\\\/05\\\/homeowners.jpg\",\"width\":300,\"height\":300,\"caption\":\"New Homeowners\"},{\"@type\":\"BreadcrumbList\",\"@id\":\"https:\\\/\\\/www.miamibeachfl.gov\\\/city-hall\\\/housing-and-community-development\\\/community-services\\\/rent-and-utility-assistance\\\/#breadcrumb\",\"itemListElement\":[{\"@type\":\"ListItem\",\"position\":1,\"name\":\"Home\",\"item\":\"https:\\\/\\\/www.miamibeachfl.gov\\\/\"},{\"@type\":\"ListItem\",\"position\":2,\"name\":\"City Hall\",\"item\":\"https:\\\/\\\/www.miamibeachfl.gov\\\/city-hall\\\/\"},{\"@type\":\"ListItem\",\"position\":3,\"name\":\"Housing &#038; Community Services\",\"item\":\"https:\\\/\\\/www.miamibeachfl.gov\\\/city-hall\\\/housing-and-community-development\\\/\"},{\"@type\":\"ListItem\",\"position\":4,\"name\":\"Community Services\",\"item\":\"https:\\\/\\\/www.miamibeachfl.gov\\\/city-hall\\\/housing-and-community-development\\\/community-services\\\/\"},{\"@type\":\"ListItem\",\"position\":5,\"name\":\"Rent and Utility Assistance\"}]},{\"@type\":\"WebSite\",\"@id\":\"https:\\\/\\\/www.miamibeachfl.gov\\\/#website\",\"url\":\"https:\\\/\\\/www.miamibeachfl.gov\\\/\",\"name\":\"City of Miami Beach\",\"description\":\"The official website of the City of Miami Beach. Stay informed, find important information on city services, news, alerts, events, trolley routes, government employment and more.\",\"publisher\":{\"@id\":\"https:\\\/\\\/www.miamibeachfl.gov\\\/#organization\"},\"potentialAction\":[{\"@type\":\"SearchAction\",\"target\":{\"@type\":\"EntryPoint\",\"urlTemplate\":\"https:\\\/\\\/www.miamibeachfl.gov\\\/?s={search_term_string}\"},\"query-input\":{\"@type\":\"PropertyValueSpecification\",\"valueRequired\":true,\"valueName\":\"search_term_string\"}}],\"inLanguage\":\"es\"},{\"@type\":\"Organization\",\"@id\":\"https:\\\/\\\/www.miamibeachfl.gov\\\/#organization\",\"name\":\"City of Miami Beach\",\"url\":\"https:\\\/\\\/www.miamibeachfl.gov\\\/\",\"logo\":{\"@type\":\"ImageObject\",\"inLanguage\":\"es\",\"@id\":\"https:\\\/\\\/www.miamibeachfl.gov\\\/#\\\/schema\\\/logo\\\/image\\\/\",\"url\":\"https:\\\/\\\/www.miamibeachfl.gov\\\/wp-content\\\/uploads\\\/2022\\\/06\\\/miamibeach-logoblue.png\",\"contentUrl\":\"https:\\\/\\\/www.miamibeachfl.gov\\\/wp-content\\\/uploads\\\/2022\\\/06\\\/miamibeach-logoblue.png\",\"width\":1962,\"height\":381,\"caption\":\"City of Miami Beach\"},\"image\":{\"@id\":\"https:\\\/\\\/www.miamibeachfl.gov\\\/#\\\/schema\\\/logo\\\/image\\\/\"},\"sameAs\":[\"https:\\\/\\\/www.facebook.com\\\/cityofmiamibeach\",\"https:\\\/\\\/x.com\\\/Miamibeachnews\",\"https:\\\/\\\/www.instagram.com\\\/miamibeachnews\\\/\"],\"description\":\"The official website of the City of Miami Beach. Stay informed, find important information on city services, news, alerts, events, trolley routes, government employment and more.\",\"telephone\":\"305.604.CITY(2489)\",\"legalName\":\"City of Miami Beach\"}]}<\/script>\n<!-- \/ Yoast SEO Premium plugin. -->","yoast_head_json":{"title":"Asistencia para el alquiler y los servicios p\u00fablicos - Ciudad de Miami Beach","description":"La Oficina de Servicios Comunitarios brinda asistencia con el alquiler y los servicios p\u00fablicos, seg\u00fan la disponibilidad de fondos.","robots":{"index":"index","follow":"follow","max-snippet":"max-snippet:-1","max-image-preview":"max-image-preview:large","max-video-preview":"max-video-preview:-1"},"canonical":"https:\/\/www.miamibeachfl.gov\/es\/city-hall\/housing-and-community-development\/community-services\/rent-and-utility-assistance\/","og_locale":"es_ES","og_type":"article","og_title":"Rent and Utility Assistance","og_description":"The Office of Community Services provides rental and utility assistance, upon fund availability.","og_url":"https:\/\/www.miamibeachfl.gov\/es\/city-hall\/housing-and-community-development\/community-services\/rent-and-utility-assistance\/","og_site_name":"City of Miami Beach","article_publisher":"https:\/\/www.facebook.com\/cityofmiamibeach","article_modified_time":"2026-01-13T19:04:47+00:00","og_image":[{"width":300,"height":300,"url":"https:\/\/www.miamibeachfl.gov\/wp-content\/uploads\/2023\/05\/homeowners.jpg","type":"image\/jpeg"}],"twitter_card":"summary_large_image","twitter_site":"@Miamibeachnews","schema":{"@context":"https:\/\/schema.org","@graph":[{"@type":"WebPage","@id":"https:\/\/www.miamibeachfl.gov\/city-hall\/housing-and-community-development\/community-services\/rent-and-utility-assistance\/","url":"https:\/\/www.miamibeachfl.gov\/city-hall\/housing-and-community-development\/community-services\/rent-and-utility-assistance\/","name":"Asistencia para el alquiler y los servicios p\u00fablicos - Ciudad de Miami Beach","isPartOf":{"@id":"https:\/\/www.miamibeachfl.gov\/#website"},"primaryImageOfPage":{"@id":"https:\/\/www.miamibeachfl.gov\/city-hall\/housing-and-community-development\/community-services\/rent-and-utility-assistance\/#primaryimage"},"image":{"@id":"https:\/\/www.miamibeachfl.gov\/city-hall\/housing-and-community-development\/community-services\/rent-and-utility-assistance\/#primaryimage"},"thumbnailUrl":"https:\/\/www.miamibeachfl.gov\/wp-content\/uploads\/2023\/05\/homeowners.jpg","datePublished":"2023-10-05T19:54:18+00:00","dateModified":"2026-01-13T19:04:47+00:00","description":"La Oficina de Servicios Comunitarios brinda asistencia con el alquiler y los servicios p\u00fablicos, seg\u00fan la disponibilidad de fondos.","breadcrumb":{"@id":"https:\/\/www.miamibeachfl.gov\/city-hall\/housing-and-community-development\/community-services\/rent-and-utility-assistance\/#breadcrumb"},"inLanguage":"es","potentialAction":[{"@type":"ReadAction","target":["https:\/\/www.miamibeachfl.gov\/city-hall\/housing-and-community-development\/community-services\/rent-and-utility-assistance\/"]}]},{"@type":"ImageObject","inLanguage":"es","@id":"https:\/\/www.miamibeachfl.gov\/city-hall\/housing-and-community-development\/community-services\/rent-and-utility-assistance\/#primaryimage","url":"https:\/\/www.miamibeachfl.gov\/wp-content\/uploads\/2023\/05\/homeowners.jpg","contentUrl":"https:\/\/www.miamibeachfl.gov\/wp-content\/uploads\/2023\/05\/homeowners.jpg","width":300,"height":300,"caption":"New Homeowners"},{"@type":"BreadcrumbList","@id":"https:\/\/www.miamibeachfl.gov\/city-hall\/housing-and-community-development\/community-services\/rent-and-utility-assistance\/#breadcrumb","itemListElement":[{"@type":"ListItem","position":1,"name":"Home","item":"https:\/\/www.miamibeachfl.gov\/"},{"@type":"ListItem","position":2,"name":"City Hall","item":"https:\/\/www.miamibeachfl.gov\/city-hall\/"},{"@type":"ListItem","position":3,"name":"Housing &#038; Community Services","item":"https:\/\/www.miamibeachfl.gov\/city-hall\/housing-and-community-development\/"},{"@type":"ListItem","position":4,"name":"Community Services","item":"https:\/\/www.miamibeachfl.gov\/city-hall\/housing-and-community-development\/community-services\/"},{"@type":"ListItem","position":5,"name":"Rent and Utility Assistance"}]},{"@type":"WebSite","@id":"https:\/\/www.miamibeachfl.gov\/#website","url":"https:\/\/www.miamibeachfl.gov\/","name":"Ciudad de Miami Beach","description":"Sitio web oficial de la Ciudad de Miami Beach. Mant\u00e9ngase informado, encuentre informaci\u00f3n importante sobre servicios municipales, noticias, alertas, eventos, rutas de tranv\u00edas, empleos gubernamentales y m\u00e1s.","publisher":{"@id":"https:\/\/www.miamibeachfl.gov\/#organization"},"potentialAction":[{"@type":"SearchAction","target":{"@type":"EntryPoint","urlTemplate":"https:\/\/www.miamibeachfl.gov\/?s={search_term_string}"},"query-input":{"@type":"PropertyValueSpecification","valueRequired":true,"valueName":"search_term_string"}}],"inLanguage":"es"},{"@type":"Organization","@id":"https:\/\/www.miamibeachfl.gov\/#organization","name":"Ciudad de Miami Beach","url":"https:\/\/www.miamibeachfl.gov\/","logo":{"@type":"ImageObject","inLanguage":"es","@id":"https:\/\/www.miamibeachfl.gov\/#\/schema\/logo\/image\/","url":"https:\/\/www.miamibeachfl.gov\/wp-content\/uploads\/2022\/06\/miamibeach-logoblue.png","contentUrl":"https:\/\/www.miamibeachfl.gov\/wp-content\/uploads\/2022\/06\/miamibeach-logoblue.png","width":1962,"height":381,"caption":"City of Miami Beach"},"image":{"@id":"https:\/\/www.miamibeachfl.gov\/#\/schema\/logo\/image\/"},"sameAs":["https:\/\/www.facebook.com\/cityofmiamibeach","https:\/\/x.com\/Miamibeachnews","https:\/\/www.instagram.com\/miamibeachnews\/"],"description":"Sitio web oficial de la Ciudad de Miami Beach. Mant\u00e9ngase informado, encuentre informaci\u00f3n importante sobre servicios municipales, noticias, alertas, eventos, rutas de tranv\u00edas, empleos gubernamentales y m\u00e1s.","telephone":"305.604.CITY(2489)","legalName":"City of Miami Beach"}]}},"_links":{"self":[{"href":"https:\/\/www.miamibeachfl.gov\/es\/wp-json\/wp\/v2\/pages\/274522","targetHints":{"allow":["GET"]}}],"collection":[{"href":"https:\/\/www.miamibeachfl.gov\/es\/wp-json\/wp\/v2\/pages"}],"about":[{"href":"https:\/\/www.miamibeachfl.gov\/es\/wp-json\/wp\/v2\/types\/page"}],"author":[{"embeddable":true,"href":"https:\/\/www.miamibeachfl.gov\/es\/wp-json\/wp\/v2\/users\/222"}],"replies":[{"embeddable":true,"href":"https:\/\/www.miamibeachfl.gov\/es\/wp-json\/wp\/v2\/comments?post=274522"}],"version-history":[{"count":2,"href":"https:\/\/www.miamibeachfl.gov\/es\/wp-json\/wp\/v2\/pages\/274522\/revisions"}],"predecessor-version":[{"id":395029,"href":"https:\/\/www.miamibeachfl.gov\/es\/wp-json\/wp\/v2\/pages\/274522\/revisions\/395029"}],"up":[{"embeddable":true,"href":"https:\/\/www.miamibeachfl.gov\/es\/wp-json\/wp\/v2\/pages\/273896"}],"wp:featuredmedia":[{"embeddable":true,"href":"https:\/\/www.miamibeachfl.gov\/es\/wp-json\/wp\/v2\/media\/260999"}],"wp:attachment":[{"href":"https:\/\/www.miamibeachfl.gov\/es\/wp-json\/wp\/v2\/media?parent=274522"}],"wp:term":[{"taxonomy":"category","embeddable":true,"href":"https:\/\/www.miamibeachfl.gov\/es\/wp-json\/wp\/v2\/categories?post=274522"},{"taxonomy":"post_tag","embeddable":true,"href":"https:\/\/www.miamibeachfl.gov\/es\/wp-json\/wp\/v2\/tags?post=274522"}],"curies":[{"name":"gracias","href":"https:\/\/api.w.org\/{rel}","templated":true}]}}