{"id":279863,"date":"2023-11-03T10:49:29","date_gmt":"2023-11-03T14:49:29","guid":{"rendered":"https:\/\/www.miamibeachfl.gov\/?page_id=279863"},"modified":"2025-06-07T15:45:37","modified_gmt":"2025-06-07T19:45:37","slug":"neighborhood-affairs-division","status":"publish","type":"page","link":"https:\/\/www.miamibeachfl.gov\/es\/egovapp\/city-hall\/communicationsdepartment\/neighborhood-affairs-division\/","title":{"rendered":"Divisi\u00f3n de Asuntos Vecinales"},"content":{"rendered":"<a href=\"https:\/\/www.miamibeachfl.gov\/es\/egovapp\/city-hall\/\" target=\"_self\">\n\t\t\t\t\t\tRegresar al directorio del departamento\n\t\t\t\t\t<\/a>\n<h1>\n\t\t\tDivisi\u00f3n de Asuntos Vecinales\t<\/h1>\n\t\t\t<a href=\"https:\/\/www.miamibeachfl.gov\/es\/egovapp\/city-hall\/communicationsdepartment\/neighborhood-affairs-division\/active-projects\/\" target=\"_self\">\n\t\t\t\t\t\t\tMapa del proyecto de construcci\u00f3n para toda la ciudad\n\t\t\t<\/a>\n<h2>\n\t\t\tNorth Beach y toda la ciudad:\t<\/h2>\n\t\t\t <p><b>Kevin Pulido<br \/><\/b>Director de Asuntos Vecinales<\/p>\t\t\n\t\t\t <p><a href=\"mailto:KevinPulido@MiamiBeachFl.gov\">KevinPulido@MiamiBeachFl.gov<\/a><\/p>\t\t\n\t<h2  id=\"contactmidbeach\">\n\t\t\tPlaya Media:\t<\/h2>\n\t\t\t <p><strong>Gabriella Gonz\u00e1lez<\/strong><br \/>Coordinador de Asuntos Vecinales <\/p>\t\t\n\t\t\t <p><a href=\"mailto:GabriellaGonzalez@MiamiBeachFl.gov\">GabriellaGonzalez@MiamiBeachFl.gov<\/a><\/p>\n\t<h2  id=\"nadcontact\">\n\t\t\tPlaya Sur:\t<\/h2>\n\t\t\t <p><strong>Lauren Firtel<\/strong><br \/>Gerente de Asuntos Vecinales de South Beach<\/p>\t\t\n\t\t\t <p><a href=\"mailto:KevinPulido@MiamiBeachFl.gov\">LaurenFirtel@MiamiBeachFl.gov<\/a><\/p>\t\t\n\t<h2>\n\t\t\tAcerca de NAD\t<\/h2>\n\t<p>La Divisi\u00f3n de Asuntos Vecinales fomenta s\u00f3lidas alianzas entre la comunidad y los departamentos de servicios operativos de la ciudad para mejorar la calidad de vida de los residentes y las empresas. Nuestro equipo de Coordinadores de Asuntos Vecinales colabora activamente con la comunidad para identificar necesidades y solicitudes espec\u00edficas y brindar un servicio al cliente \u00e1gil y oportuno. Nuestro objetivo es facilitar la comunicaci\u00f3n, promover la participaci\u00f3n c\u00edvica y fomentar un sentido de orgullo y pertenencia en los vecindarios para crear una ciudad m\u00e1s fuerte, conectada y pr\u00f3spera.<\/p>","protected":false},"excerpt":{"rendered":"<p>Back to Department Directory Neighborhood Affairs Division Project Map for Citywide Construction North Beach &#038; Citywide: Kevin PulidoNeighborhood Affairs Director [&hellip;]<\/p>\n","protected":false},"author":222,"featured_media":0,"parent":265657,"menu_order":0,"comment_status":"closed","ping_status":"closed","template":"","meta":{"_searchwp_excluded":"1","site-sidebar-layout":"default","site-content-layout":"","ast-site-content-layout":"","site-content-style":"default","site-sidebar-style":"default","ast-global-header-display":"disabled","ast-banner-title-visibility":"","ast-main-header-display":"","ast-hfb-above-header-display":"","ast-hfb-below-header-display":"","ast-hfb-mobile-header-display":"","site-post-title":"","ast-breadcrumbs-content":"","ast-featured-img":"","footer-sml-layout":"disabled","theme-transparent-header-meta":"","adv-header-id-meta":"","stick-header-meta":"","header-above-stick-meta":"","header-main-stick-meta":"","header-below-stick-meta":"","astra-migrate-meta-layouts":"default","ast-page-background-enabled":"default","ast-page-background-meta":{"desktop":{"background-color":"var(--ast-global-color-5)","background-image":"","background-repeat":"repeat","background-position":"center center","background-size":"auto","background-attachment":"scroll","background-type":"","background-media":"","overlay-type":"","overlay-color":"","overlay-opacity":"","overlay-gradient":""},"tablet":{"background-color":"","background-image":"","background-repeat":"repeat","background-position":"center center","background-size":"auto","background-attachment":"scroll","background-type":"","background-media":"","overlay-type":"","overlay-color":"","overlay-opacity":"","overlay-gradient":""},"mobile":{"background-color":"","background-image":"","background-repeat":"repeat","background-position":"center center","background-size":"auto","background-attachment":"scroll","background-type":"","background-media":"","overlay-type":"","overlay-color":"","overlay-opacity":"","overlay-gradient":""}},"ast-content-background-meta":{"desktop":{"background-color":"var(--ast-global-color-4)","background-image":"","background-repeat":"repeat","background-position":"center center","background-size":"auto","background-attachment":"scroll","background-type":"","background-media":"","overlay-type":"","overlay-color":"","overlay-opacity":"","overlay-gradient":""},"tablet":{"background-color":"var(--ast-global-color-4)","background-image":"","background-repeat":"repeat","background-position":"center center","background-size":"auto","background-attachment":"scroll","background-type":"","background-media":"","overlay-type":"","overlay-color":"","overlay-opacity":"","overlay-gradient":""},"mobile":{"background-color":"var(--ast-global-color-4)","background-image":"","background-repeat":"repeat","background-position":"center center","background-size":"auto","background-attachment":"scroll","background-type":"","background-media":"","overlay-type":"","overlay-color":"","overlay-opacity":"","overlay-gradient":""}},"footnotes":""},"categories":[],"tags":[1002,1000],"class_list":["post-279863","page","type-page","status-publish","hentry","tag-app-egov-page","tag-cityhall-egovapp"],"yoast_head":"<!-- This site is optimized with the Yoast SEO Premium plugin v26.6 (Yoast SEO v26.6) - https:\/\/yoast.com\/wordpress\/plugins\/seo\/ -->\n<title>Neighborhood Affairs Division - City of Miami Beach<\/title>\n<meta name=\"description\" content=\"The Office of Marketing &amp; Communications acts as a superhighway that connects the City of Miami Beach with residents, community groups, our many visitors and the media. The office takes the pulse of city stakeholders to fulfill our role as internal marketing agency and the communications engine for all city departments.\" \/>\n<meta name=\"robots\" content=\"index, follow, max-snippet:-1, max-image-preview:large, max-video-preview:-1\" \/>\n<link rel=\"canonical\" href=\"https:\/\/www.miamibeachfl.gov\/es\/egovapp\/city-hall\/communicationsdepartment\/neighborhood-affairs-division\/\" \/>\n<meta property=\"og:locale\" content=\"es_ES\" \/>\n<meta property=\"og:type\" content=\"article\" \/>\n<meta property=\"og:title\" content=\"Neighborhood Affairs Division\" \/>\n<meta property=\"og:description\" content=\"The Office of Marketing &amp; Communications acts as a superhighway that connects the City of Miami Beach with residents, community groups, our many visitors and the media. The office takes the pulse of city stakeholders to fulfill our role as internal marketing agency and the communications engine for all city departments.\" \/>\n<meta property=\"og:url\" content=\"https:\/\/www.miamibeachfl.gov\/es\/egovapp\/city-hall\/communicationsdepartment\/neighborhood-affairs-division\/\" \/>\n<meta property=\"og:site_name\" content=\"City of Miami Beach\" \/>\n<meta property=\"article:publisher\" content=\"https:\/\/www.facebook.com\/cityofmiamibeach\" \/>\n<meta property=\"article:modified_time\" content=\"2025-06-07T19:45:37+00:00\" \/>\n<meta property=\"og:image\" content=\"https:\/\/www.miamibeachfl.gov\/wp-content\/uploads\/2024\/01\/1000pxSquare-miamibeach-aerial-southpointview.jpeg\" \/>\n\t<meta property=\"og:image:width\" content=\"1000\" \/>\n\t<meta property=\"og:image:height\" content=\"1000\" \/>\n\t<meta property=\"og:image:type\" content=\"image\/jpeg\" \/>\n<meta name=\"twitter:card\" content=\"summary_large_image\" \/>\n<meta name=\"twitter:site\" content=\"@Miamibeachnews\" \/>\n<script type=\"application\/ld+json\" class=\"yoast-schema-graph\">{\"@context\":\"https:\/\/schema.org\",\"@graph\":[{\"@type\":\"WebPage\",\"@id\":\"https:\/\/www.miamibeachfl.gov\/egovapp\/city-hall\/communicationsdepartment\/neighborhood-affairs-division\/\",\"url\":\"https:\/\/www.miamibeachfl.gov\/egovapp\/city-hall\/communicationsdepartment\/neighborhood-affairs-division\/\",\"name\":\"Neighborhood Affairs Division - City of Miami Beach\",\"isPartOf\":{\"@id\":\"https:\/\/www.miamibeachfl.gov\/#website\"},\"datePublished\":\"2023-11-03T14:49:29+00:00\",\"dateModified\":\"2025-06-07T19:45:37+00:00\",\"description\":\"The Office of Marketing & Communications acts as a superhighway that connects the City of Miami Beach with residents, community groups, our many visitors and the media. The office takes the pulse of city stakeholders to fulfill our role as internal marketing agency and the communications engine for all city departments.\",\"breadcrumb\":{\"@id\":\"https:\/\/www.miamibeachfl.gov\/egovapp\/city-hall\/communicationsdepartment\/neighborhood-affairs-division\/#breadcrumb\"},\"inLanguage\":\"es\",\"potentialAction\":[{\"@type\":\"ReadAction\",\"target\":[\"https:\/\/www.miamibeachfl.gov\/egovapp\/city-hall\/communicationsdepartment\/neighborhood-affairs-division\/\"]}]},{\"@type\":\"BreadcrumbList\",\"@id\":\"https:\/\/www.miamibeachfl.gov\/egovapp\/city-hall\/communicationsdepartment\/neighborhood-affairs-division\/#breadcrumb\",\"itemListElement\":[{\"@type\":\"ListItem\",\"position\":1,\"name\":\"Home\",\"item\":\"https:\/\/www.miamibeachfl.gov\/\"},{\"@type\":\"ListItem\",\"position\":2,\"name\":\"MobileAppPages\",\"item\":\"https:\/\/www.miamibeachfl.gov\/egovapp\/\"},{\"@type\":\"ListItem\",\"position\":3,\"name\":\"City Hall Department Directory\",\"item\":\"https:\/\/www.miamibeachfl.gov\/egovapp\/city-hall\/\"},{\"@type\":\"ListItem\",\"position\":4,\"name\":\"Marketing &#038; Communications\",\"item\":\"https:\/\/www.miamibeachfl.gov\/egovapp\/city-hall\/communicationsdepartment\/\"},{\"@type\":\"ListItem\",\"position\":5,\"name\":\"Neighborhood Affairs Division\"}]},{\"@type\":\"WebSite\",\"@id\":\"https:\/\/www.miamibeachfl.gov\/#website\",\"url\":\"https:\/\/www.miamibeachfl.gov\/\",\"name\":\"City of Miami Beach\",\"description\":\"The official website of the City of Miami Beach. Stay informed, find important information on city services, news, alerts, events, trolley routes, government employment and more.\",\"publisher\":{\"@id\":\"https:\/\/www.miamibeachfl.gov\/#organization\"},\"potentialAction\":[{\"@type\":\"SearchAction\",\"target\":{\"@type\":\"EntryPoint\",\"urlTemplate\":\"https:\/\/www.miamibeachfl.gov\/?s={search_term_string}\"},\"query-input\":{\"@type\":\"PropertyValueSpecification\",\"valueRequired\":true,\"valueName\":\"search_term_string\"}}],\"inLanguage\":\"es\"},{\"@type\":\"Organization\",\"@id\":\"https:\/\/www.miamibeachfl.gov\/#organization\",\"name\":\"City of Miami Beach\",\"url\":\"https:\/\/www.miamibeachfl.gov\/\",\"logo\":{\"@type\":\"ImageObject\",\"inLanguage\":\"es\",\"@id\":\"https:\/\/www.miamibeachfl.gov\/#\/schema\/logo\/image\/\",\"url\":\"https:\/\/www.miamibeachfl.gov\/wp-content\/uploads\/2022\/06\/miamibeach-logoblue.png\",\"contentUrl\":\"https:\/\/www.miamibeachfl.gov\/wp-content\/uploads\/2022\/06\/miamibeach-logoblue.png\",\"width\":1962,\"height\":381,\"caption\":\"City of Miami Beach\"},\"image\":{\"@id\":\"https:\/\/www.miamibeachfl.gov\/#\/schema\/logo\/image\/\"},\"sameAs\":[\"https:\/\/www.facebook.com\/cityofmiamibeach\",\"https:\/\/x.com\/Miamibeachnews\",\"https:\/\/www.instagram.com\/miamibeachnews\/\"],\"description\":\"The official website of the City of Miami Beach. Stay informed, find important information on city services, news, alerts, events, trolley routes, government employment and more.\",\"telephone\":\"305.604.CITY(2489)\",\"legalName\":\"City of Miami Beach\"}]}<\/script>\n<!-- \/ Yoast SEO Premium plugin. -->","yoast_head_json":{"title":"Divisi\u00f3n de Asuntos Vecinales - Ciudad de Miami Beach","description":"La Oficina de Marketing y Comunicaciones act\u00faa como una v\u00eda de comunicaci\u00f3n que conecta a la Ciudad de Miami Beach con los residentes, los grupos comunitarios, nuestros numerosos visitantes y los medios de comunicaci\u00f3n. La oficina toma el pulso a las partes interesadas de la ciudad para cumplir con su funci\u00f3n como agencia de marketing interna y motor de comunicaci\u00f3n para todos los departamentos de la ciudad.","robots":{"index":"index","follow":"follow","max-snippet":"max-snippet:-1","max-image-preview":"max-image-preview:large","max-video-preview":"max-video-preview:-1"},"canonical":"https:\/\/www.miamibeachfl.gov\/es\/egovapp\/city-hall\/communicationsdepartment\/neighborhood-affairs-division\/","og_locale":"es_ES","og_type":"article","og_title":"Neighborhood Affairs Division","og_description":"The Office of Marketing & Communications acts as a superhighway that connects the City of Miami Beach with residents, community groups, our many visitors and the media. The office takes the pulse of city stakeholders to fulfill our role as internal marketing agency and the communications engine for all city departments.","og_url":"https:\/\/www.miamibeachfl.gov\/es\/egovapp\/city-hall\/communicationsdepartment\/neighborhood-affairs-division\/","og_site_name":"City of Miami Beach","article_publisher":"https:\/\/www.facebook.com\/cityofmiamibeach","article_modified_time":"2025-06-07T19:45:37+00:00","og_image":[{"width":1000,"height":1000,"url":"https:\/\/www.miamibeachfl.gov\/wp-content\/uploads\/2024\/01\/1000pxSquare-miamibeach-aerial-southpointview.jpeg","type":"image\/jpeg"}],"twitter_card":"summary_large_image","twitter_site":"@Miamibeachnews","schema":{"@context":"https:\/\/schema.org","@graph":[{"@type":"WebPage","@id":"https:\/\/www.miamibeachfl.gov\/egovapp\/city-hall\/communicationsdepartment\/neighborhood-affairs-division\/","url":"https:\/\/www.miamibeachfl.gov\/egovapp\/city-hall\/communicationsdepartment\/neighborhood-affairs-division\/","name":"Divisi\u00f3n de Asuntos Vecinales - Ciudad de Miami Beach","isPartOf":{"@id":"https:\/\/www.miamibeachfl.gov\/#website"},"datePublished":"2023-11-03T14:49:29+00:00","dateModified":"2025-06-07T19:45:37+00:00","description":"La Oficina de Marketing y Comunicaciones act\u00faa como una v\u00eda de comunicaci\u00f3n que conecta a la Ciudad de Miami Beach con los residentes, los grupos comunitarios, nuestros numerosos visitantes y los medios de comunicaci\u00f3n. La oficina toma el pulso a las partes interesadas de la ciudad para cumplir con su funci\u00f3n como agencia de marketing interna y motor de comunicaci\u00f3n para todos los departamentos de la ciudad.","breadcrumb":{"@id":"https:\/\/www.miamibeachfl.gov\/egovapp\/city-hall\/communicationsdepartment\/neighborhood-affairs-division\/#breadcrumb"},"inLanguage":"es","potentialAction":[{"@type":"ReadAction","target":["https:\/\/www.miamibeachfl.gov\/egovapp\/city-hall\/communicationsdepartment\/neighborhood-affairs-division\/"]}]},{"@type":"BreadcrumbList","@id":"https:\/\/www.miamibeachfl.gov\/egovapp\/city-hall\/communicationsdepartment\/neighborhood-affairs-division\/#breadcrumb","itemListElement":[{"@type":"ListItem","position":1,"name":"Home","item":"https:\/\/www.miamibeachfl.gov\/"},{"@type":"ListItem","position":2,"name":"MobileAppPages","item":"https:\/\/www.miamibeachfl.gov\/egovapp\/"},{"@type":"ListItem","position":3,"name":"City Hall Department Directory","item":"https:\/\/www.miamibeachfl.gov\/egovapp\/city-hall\/"},{"@type":"ListItem","position":4,"name":"Marketing &#038; Communications","item":"https:\/\/www.miamibeachfl.gov\/egovapp\/city-hall\/communicationsdepartment\/"},{"@type":"ListItem","position":5,"name":"Neighborhood Affairs Division"}]},{"@type":"WebSite","@id":"https:\/\/www.miamibeachfl.gov\/#website","url":"https:\/\/www.miamibeachfl.gov\/","name":"Ciudad de Miami Beach","description":"Sitio web oficial de la Ciudad de Miami Beach. Mant\u00e9ngase informado, encuentre informaci\u00f3n importante sobre servicios municipales, noticias, alertas, eventos, rutas de tranv\u00edas, empleos gubernamentales y m\u00e1s.","publisher":{"@id":"https:\/\/www.miamibeachfl.gov\/#organization"},"potentialAction":[{"@type":"SearchAction","target":{"@type":"EntryPoint","urlTemplate":"https:\/\/www.miamibeachfl.gov\/?s={search_term_string}"},"query-input":{"@type":"PropertyValueSpecification","valueRequired":true,"valueName":"search_term_string"}}],"inLanguage":"es"},{"@type":"Organization","@id":"https:\/\/www.miamibeachfl.gov\/#organization","name":"Ciudad de Miami Beach","url":"https:\/\/www.miamibeachfl.gov\/","logo":{"@type":"ImageObject","inLanguage":"es","@id":"https:\/\/www.miamibeachfl.gov\/#\/schema\/logo\/image\/","url":"https:\/\/www.miamibeachfl.gov\/wp-content\/uploads\/2022\/06\/miamibeach-logoblue.png","contentUrl":"https:\/\/www.miamibeachfl.gov\/wp-content\/uploads\/2022\/06\/miamibeach-logoblue.png","width":1962,"height":381,"caption":"City of Miami Beach"},"image":{"@id":"https:\/\/www.miamibeachfl.gov\/#\/schema\/logo\/image\/"},"sameAs":["https:\/\/www.facebook.com\/cityofmiamibeach","https:\/\/x.com\/Miamibeachnews","https:\/\/www.instagram.com\/miamibeachnews\/"],"description":"Sitio web oficial de la Ciudad de Miami Beach. Mant\u00e9ngase informado, encuentre informaci\u00f3n importante sobre servicios municipales, noticias, alertas, eventos, rutas de tranv\u00edas, empleos gubernamentales y m\u00e1s.","telephone":"305.604.CITY(2489)","legalName":"City of Miami Beach"}]}},"_links":{"self":[{"href":"https:\/\/www.miamibeachfl.gov\/es\/wp-json\/wp\/v2\/pages\/279863","targetHints":{"allow":["GET"]}}],"collection":[{"href":"https:\/\/www.miamibeachfl.gov\/es\/wp-json\/wp\/v2\/pages"}],"about":[{"href":"https:\/\/www.miamibeachfl.gov\/es\/wp-json\/wp\/v2\/types\/page"}],"author":[{"embeddable":true,"href":"https:\/\/www.miamibeachfl.gov\/es\/wp-json\/wp\/v2\/users\/222"}],"replies":[{"embeddable":true,"href":"https:\/\/www.miamibeachfl.gov\/es\/wp-json\/wp\/v2\/comments?post=279863"}],"version-history":[{"count":1,"href":"https:\/\/www.miamibeachfl.gov\/es\/wp-json\/wp\/v2\/pages\/279863\/revisions"}],"predecessor-version":[{"id":375825,"href":"https:\/\/www.miamibeachfl.gov\/es\/wp-json\/wp\/v2\/pages\/279863\/revisions\/375825"}],"up":[{"embeddable":true,"href":"https:\/\/www.miamibeachfl.gov\/es\/wp-json\/wp\/v2\/pages\/265657"}],"wp:attachment":[{"href":"https:\/\/www.miamibeachfl.gov\/es\/wp-json\/wp\/v2\/media?parent=279863"}],"wp:term":[{"taxonomy":"category","embeddable":true,"href":"https:\/\/www.miamibeachfl.gov\/es\/wp-json\/wp\/v2\/categories?post=279863"},{"taxonomy":"post_tag","embeddable":true,"href":"https:\/\/www.miamibeachfl.gov\/es\/wp-json\/wp\/v2\/tags?post=279863"}],"curies":[{"name":"gracias","href":"https:\/\/api.w.org\/{rel}","templated":true}]}}