{"id":280246,"date":"2023-11-09T15:17:03","date_gmt":"2023-11-09T20:17:03","guid":{"rendered":"https:\/\/www.miamibeachfl.gov\/city-hall\/city-attorney-new\/city-attorney\/"},"modified":"2025-12-28T07:10:58","modified_gmt":"2025-12-28T12:10:58","slug":"city-attorney","status":"publish","type":"page","link":"https:\/\/www.miamibeachfl.gov\/es\/city-hall\/city-attorney\/","title":{"rendered":"Fiscal de la ciudad"},"content":{"rendered":"<a href=\"https:\/\/www.miamibeachfl.gov\/es\/city-hall\/city-attorney\/attorneys\/ricardojdopico\/\" target=\"_self\" title=\"Ricardo J. Dopico Abogado Municipal\">\n\t\t\t\t<img decoding=\"async\" src=\"https:\/\/www.miamibeachfl.gov\/wp-content\/uploads\/2024\/04\/RicardoJDopico-2024Circle.png\" alt=\"Ricardo J Dopico\" \/>\n\t\t\t\t<\/a>\n\t\t\t\t\t\t<h3>\n\t\t\t\t<a href=\"https:\/\/www.miamibeachfl.gov\/es\/city-hall\/city-attorney\/attorneys\/ricardojdopico\/\" title=\"Ricardo J. Dopico Abogado Municipal\">Ricardo J. Dopico <br \/> Fiscal de la ciudad<\/a>\t\t\t<\/h3>\n\t\t\t<a href=\"https:\/\/www.miamibeachfl.gov\/es\/city-hall\/city-attorney\/attorneys\/ricardojdopico\/\" title=\"Haga clic aqu\u00ed\" target=\"_self\"   role=\"button\" aria-label=\"Leer biograf\u00eda\">\n\t\t\t\t\t\t\tLeer biograf\u00eda\n\t\t<\/a>\n\t<p>Ricardo Dopico act\u00faa como asesor legal del municipio y todos sus funcionarios en todos los asuntos relacionados con sus poderes y deberes oficiales; asiste a todas las reuniones de la Comisi\u00f3n de la Ciudad; y desempe\u00f1a los deberes que le sean requeridos por ordenanza o resoluci\u00f3n del Alcalde de la Ciudad y la Comisi\u00f3n o la Carta de la Ciudad.<\/p>\n\t<h3>\n\t\t\t\tDeclaraci\u00f3n de misi\u00f3n\n\t\t\t<\/h3>\n\t\t\t<p>La Oficina del Fiscal de la Ciudad (CAO) est\u00e1 dedicada a brindar servicios legales de calidad al Alcalde, los Comisionados de la Ciudad, el Administrador de la Ciudad, los departamentos de la Ciudad y m\u00e1s de cuarenta (40) juntas y comit\u00e9s, en consonancia con las metas y objetivos de la Comisi\u00f3n de la Ciudad.<\/p>\t\n\t<a href=\"\/es\/city-hall\/city-attorney\/attorneys\/\" target=\"_self\"  aria-label=\"Vaya a \/ayuntamiento\/abogados\/abogados\/\"><\/a>\n\t\t<h3>Abogados<\/h3>\t\t\t\n\t<a href=\"\/es\/city-hall\/city-attorney\/internships\/\" target=\"_self\"  aria-label=\"Vaya a \/ayuntamiento\/abogado\/pasant\u00edas\/\"><\/a>\n\t\t<h3>Pasant\u00edas<\/h3>\t\t\t\n\t<a href=\"#cityattorneyfaqs\" target=\"_self\"  aria-label=\"Visita #cityattorneyfaqs\"><\/a>\n\t\t<h3>Preguntas frecuentes<\/h3>\t\t\t\n\t<a href=\"\/es\/city-hall\/city-attorney\/history-of-previous-attorneys\/\" target=\"_self\"  aria-label=\"Vaya a \/ayuntamiento\/abogado-de-la-ciudad\/historial-de-abogados-anteriores\/\"><\/a>\n\t\t<h3>Ex abogados de la ciudad<\/h3>\t\t\t\n\t\t\t\t<p>Cronolog\u00eda hist\u00f3rica<\/p>\n\t\t\t\t\t\t<h3>\u00bfPuede el Procurador de la Ciudad brindar asesoramiento legal a ciudadanos particulares?<\/h3>\n\t\t\t<p>No. La Procuradur\u00eda de la Ciudad no puede brindar asesoramiento legal a ciudadanos privados o residentes dentro de la Ciudad.<\/p>\n\t\t\t\t\t\t<h3>\u00bfC\u00f3mo accedo al C\u00f3digo de la Ciudad?<\/h3>\n\t\t\t<p>Se puede acceder al C\u00f3digo de la Ciudad de Miami Beach en l\u00ednea en <a href=\"https:\/\/library.municode.com\/fl\/miami_beach\/codes\/code_of_ordinances?nodeId=COMIBEFL\">Biblioteca de municode<\/a>, C\u00f3digo de Ordenanzas.<\/p>\n\t\t\t\t\t\t<h3>\u00bfC\u00f3mo solicito una satisfacci\u00f3n\/liberaci\u00f3n de gravamen?<\/h3>\n\t\t\t<p><a href=\"https:\/\/lien.miamibeachfl.gov\/LienResearch\/default.aspx\">Haga clic aqu\u00ed para obtener instrucciones del Departamento de Finanzas.<\/a><\/p>\n\t\t\t\t\t\t<h3>\u00bfD\u00f3nde puedo obtener formularios de solicitud de planificaci\u00f3n y zonificaci\u00f3n, es decir, unidad de t\u00edtulo, convenios restrictivos, etc.?<\/h3>\n\t\t\t<p>Por favor revise el\u00a0<a href=\"https:\/\/www.miamibeachfl.gov\/es\/city-hall\/planning\/forms\/\">Recursos relacionados del Departamento de Planificaci\u00f3n y Zonificaci\u00f3n: Formularios<\/a>Si necesita m\u00e1s ayuda, puede visitar el\u00a0<a href=\"https:\/\/www.miamibeachfl.gov\/es\/city-hall\/planning\/\">P\u00e1gina web del Departamento de Planificaci\u00f3n y Zonificaci\u00f3n<\/a>\u00a0o comun\u00edquese con el Departamento de Planificaci\u00f3n llamando al 305.673.7550.<\/p>\n\t<ul>\n\t\t<li>\t\t\t\t\n\t\t<h3>Oficina central:<\/h3><p><strong>1700 Convention Center Drive<\/strong><br \/><strong>4to piso<\/strong><br \/><strong>Miami Beach, FL 33139<\/strong><\/p><\/li><li>\t\t\t\t\n\t\t<h3>N\u00famero principal:<\/h3><p><strong><a href=\"tel:3056737470\">305.673.7470<\/a><\/strong><\/p><\/li><li>\t\t\t\t\n\t\t<h3>Correo electr\u00f3nico:<\/h3><p><strong><a href=\"mailto:RicardoDopico@miamibeachfl.gov\">RicardoDopico@miamibeachfl.gov<\/a><\/strong><\/p><\/li><li>\t\t\t\t\n\t\t<h3>Horario de atenci\u00f3n:<\/h3><p><strong>Lunes \u2013 Viernes<\/strong><br \/>9 a. m. a 5 p. m.<\/p><\/li><li>\t\t\t\t\n\t\t<h3>Informaci\u00f3n de contacto adicional<\/h3><p><strong><a href=\"\/es\/city-hall\/city-attorney\/attorneys\/\">Haga clic aqu\u00ed para visitar la p\u00e1gina de informaci\u00f3n del Fiscal de la Ciudad<\/a><\/strong><\/p><\/li>\t<\/ul>","protected":false},"excerpt":{"rendered":"<p><a href=\"tel:3056737470\" style=\"text-decoration:none; color:#004896;\"><br \/>\n    <i class=\"fa-solid fa-phone\"><\/i> 305.673.7470<br \/>\n<\/a><a href=\"\/es\/city-hall\/city-attorney\/attorneys\/\" style=\"text-decoration:none; color:#004896;\"><br \/>\n    <i class=\"fa-solid fa-circle-info\"><\/i> Informaci\u00f3n de contacto<br \/>\n<\/a><\/p>","protected":false},"author":222,"featured_media":260512,"parent":28206,"menu_order":17,"comment_status":"closed","ping_status":"closed","template":"","meta":{"_searchwp_excluded":"","site-sidebar-layout":"default","site-content-layout":"","ast-site-content-layout":"default","site-content-style":"default","site-sidebar-style":"default","ast-global-header-display":"","ast-banner-title-visibility":"","ast-main-header-display":"","ast-hfb-above-header-display":"","ast-hfb-below-header-display":"","ast-hfb-mobile-header-display":"","site-post-title":"","ast-breadcrumbs-content":"","ast-featured-img":"","footer-sml-layout":"","theme-transparent-header-meta":"","adv-header-id-meta":"","stick-header-meta":"","header-above-stick-meta":"","header-main-stick-meta":"","header-below-stick-meta":"","astra-migrate-meta-layouts":"default","ast-page-background-enabled":"default","ast-page-background-meta":{"desktop":{"background-color":"var(--ast-global-color-5)","background-image":"","background-repeat":"repeat","background-position":"center center","background-size":"auto","background-attachment":"scroll","background-type":"","background-media":"","overlay-type":"","overlay-color":"","overlay-opacity":"","overlay-gradient":""},"tablet":{"background-color":"","background-image":"","background-repeat":"repeat","background-position":"center center","background-size":"auto","background-attachment":"scroll","background-type":"","background-media":"","overlay-type":"","overlay-color":"","overlay-opacity":"","overlay-gradient":""},"mobile":{"background-color":"","background-image":"","background-repeat":"repeat","background-position":"center center","background-size":"auto","background-attachment":"scroll","background-type":"","background-media":"","overlay-type":"","overlay-color":"","overlay-opacity":"","overlay-gradient":""}},"ast-content-background-meta":{"desktop":{"background-color":"var(--ast-global-color-4)","background-image":"","background-repeat":"repeat","background-position":"center center","background-size":"auto","background-attachment":"scroll","background-type":"","background-media":"","overlay-type":"","overlay-color":"","overlay-opacity":"","overlay-gradient":""},"tablet":{"background-color":"var(--ast-global-color-4)","background-image":"","background-repeat":"repeat","background-position":"center center","background-size":"auto","background-attachment":"scroll","background-type":"","background-media":"","overlay-type":"","overlay-color":"","overlay-opacity":"","overlay-gradient":""},"mobile":{"background-color":"var(--ast-global-color-4)","background-image":"","background-repeat":"repeat","background-position":"center center","background-size":"auto","background-attachment":"scroll","background-type":"","background-media":"","overlay-type":"","overlay-color":"","overlay-opacity":"","overlay-gradient":""}},"footnotes":""},"categories":[],"tags":[1727,1732],"class_list":["post-280246","page","type-page","status-publish","has-post-thumbnail","hentry","tag-administrative","tag-government"],"yoast_head":"<!-- This site is optimized with the Yoast SEO Premium plugin v27.4 (Yoast SEO v27.4) - https:\/\/yoast.com\/product\/yoast-seo-premium-wordpress\/ -->\n<title>City Attorney - City of Miami Beach<\/title>\n<meta name=\"description\" content=\"The Office of the City Attorney (CAO) is dedicated to providing quality legal services to the Mayor, City Commissioners, City Manager, City departments, and over forty (40) boards and committees, consistent with the goals and objectives of the City Commission.\" \/>\n<meta name=\"robots\" content=\"index, follow, max-snippet:-1, max-image-preview:large, max-video-preview:-1\" \/>\n<link rel=\"canonical\" href=\"https:\/\/www.miamibeachfl.gov\/es\/city-hall\/city-attorney\/\" \/>\n<meta property=\"og:locale\" content=\"es_ES\" \/>\n<meta property=\"og:type\" content=\"article\" \/>\n<meta property=\"og:title\" content=\"City Attorney\" \/>\n<meta property=\"og:description\" content=\"The Office of the City Attorney (CAO) is dedicated to providing quality legal services to the Mayor, City Commissioners, City Manager, City departments, and over forty (40) boards and committees, consistent with the goals and objectives of the City Commission.\" \/>\n<meta property=\"og:url\" content=\"https:\/\/www.miamibeachfl.gov\/es\/city-hall\/city-attorney\/\" \/>\n<meta property=\"og:site_name\" content=\"City of Miami Beach\" \/>\n<meta property=\"article:publisher\" content=\"https:\/\/www.facebook.com\/cityofmiamibeach\" \/>\n<meta property=\"article:modified_time\" content=\"2025-12-28T12:10:58+00:00\" \/>\n<meta property=\"og:image\" content=\"https:\/\/www.miamibeachfl.gov\/wp-content\/uploads\/2023\/05\/500sq-Attorney.jpg\" \/>\n\t<meta property=\"og:image:width\" content=\"300\" \/>\n\t<meta property=\"og:image:height\" content=\"300\" \/>\n\t<meta property=\"og:image:type\" content=\"image\/jpeg\" \/>\n<meta name=\"twitter:card\" content=\"summary_large_image\" \/>\n<meta name=\"twitter:site\" content=\"@Miamibeachnews\" \/>\n<script type=\"application\/ld+json\" class=\"yoast-schema-graph\">{\"@context\":\"https:\\\/\\\/schema.org\",\"@graph\":[{\"@type\":\"WebPage\",\"@id\":\"https:\\\/\\\/www.miamibeachfl.gov\\\/city-hall\\\/city-attorney\\\/\",\"url\":\"https:\\\/\\\/www.miamibeachfl.gov\\\/city-hall\\\/city-attorney\\\/\",\"name\":\"City Attorney - City of Miami Beach\",\"isPartOf\":{\"@id\":\"https:\\\/\\\/www.miamibeachfl.gov\\\/#website\"},\"primaryImageOfPage\":{\"@id\":\"https:\\\/\\\/www.miamibeachfl.gov\\\/city-hall\\\/city-attorney\\\/#primaryimage\"},\"image\":{\"@id\":\"https:\\\/\\\/www.miamibeachfl.gov\\\/city-hall\\\/city-attorney\\\/#primaryimage\"},\"thumbnailUrl\":\"https:\\\/\\\/www.miamibeachfl.gov\\\/wp-content\\\/uploads\\\/2023\\\/05\\\/500sq-Attorney.jpg\",\"datePublished\":\"2023-11-09T20:17:03+00:00\",\"dateModified\":\"2025-12-28T12:10:58+00:00\",\"description\":\"The Office of the City Attorney (CAO) is dedicated to providing quality legal services to the Mayor, City Commissioners, City Manager, City departments, and over forty (40) boards and committees, consistent with the goals and objectives of the City Commission.\",\"breadcrumb\":{\"@id\":\"https:\\\/\\\/www.miamibeachfl.gov\\\/city-hall\\\/city-attorney\\\/#breadcrumb\"},\"inLanguage\":\"es\",\"potentialAction\":[{\"@type\":\"ReadAction\",\"target\":[\"https:\\\/\\\/www.miamibeachfl.gov\\\/city-hall\\\/city-attorney\\\/\"]}]},{\"@type\":\"ImageObject\",\"inLanguage\":\"es\",\"@id\":\"https:\\\/\\\/www.miamibeachfl.gov\\\/city-hall\\\/city-attorney\\\/#primaryimage\",\"url\":\"https:\\\/\\\/www.miamibeachfl.gov\\\/wp-content\\\/uploads\\\/2023\\\/05\\\/500sq-Attorney.jpg\",\"contentUrl\":\"https:\\\/\\\/www.miamibeachfl.gov\\\/wp-content\\\/uploads\\\/2023\\\/05\\\/500sq-Attorney.jpg\",\"width\":300,\"height\":300,\"caption\":\"City Attorney\"},{\"@type\":\"BreadcrumbList\",\"@id\":\"https:\\\/\\\/www.miamibeachfl.gov\\\/city-hall\\\/city-attorney\\\/#breadcrumb\",\"itemListElement\":[{\"@type\":\"ListItem\",\"position\":1,\"name\":\"Home\",\"item\":\"https:\\\/\\\/www.miamibeachfl.gov\\\/\"},{\"@type\":\"ListItem\",\"position\":2,\"name\":\"City Hall\",\"item\":\"https:\\\/\\\/www.miamibeachfl.gov\\\/city-hall\\\/\"},{\"@type\":\"ListItem\",\"position\":3,\"name\":\"City Attorney\"}]},{\"@type\":\"WebSite\",\"@id\":\"https:\\\/\\\/www.miamibeachfl.gov\\\/#website\",\"url\":\"https:\\\/\\\/www.miamibeachfl.gov\\\/\",\"name\":\"City of Miami Beach\",\"description\":\"The official website of the City of Miami Beach. Stay informed, find important information on city services, news, alerts, events, trolley routes, government employment and more.\",\"publisher\":{\"@id\":\"https:\\\/\\\/www.miamibeachfl.gov\\\/#organization\"},\"potentialAction\":[{\"@type\":\"SearchAction\",\"target\":{\"@type\":\"EntryPoint\",\"urlTemplate\":\"https:\\\/\\\/www.miamibeachfl.gov\\\/?s={search_term_string}\"},\"query-input\":{\"@type\":\"PropertyValueSpecification\",\"valueRequired\":true,\"valueName\":\"search_term_string\"}}],\"inLanguage\":\"es\"},{\"@type\":\"Organization\",\"@id\":\"https:\\\/\\\/www.miamibeachfl.gov\\\/#organization\",\"name\":\"City of Miami Beach\",\"url\":\"https:\\\/\\\/www.miamibeachfl.gov\\\/\",\"logo\":{\"@type\":\"ImageObject\",\"inLanguage\":\"es\",\"@id\":\"https:\\\/\\\/www.miamibeachfl.gov\\\/#\\\/schema\\\/logo\\\/image\\\/\",\"url\":\"https:\\\/\\\/www.miamibeachfl.gov\\\/wp-content\\\/uploads\\\/2022\\\/06\\\/miamibeach-logoblue.png\",\"contentUrl\":\"https:\\\/\\\/www.miamibeachfl.gov\\\/wp-content\\\/uploads\\\/2022\\\/06\\\/miamibeach-logoblue.png\",\"width\":1962,\"height\":381,\"caption\":\"City of Miami Beach\"},\"image\":{\"@id\":\"https:\\\/\\\/www.miamibeachfl.gov\\\/#\\\/schema\\\/logo\\\/image\\\/\"},\"sameAs\":[\"https:\\\/\\\/www.facebook.com\\\/cityofmiamibeach\",\"https:\\\/\\\/x.com\\\/Miamibeachnews\",\"https:\\\/\\\/www.instagram.com\\\/miamibeachnews\\\/\"],\"description\":\"The official website of the City of Miami Beach. Stay informed, find important information on city services, news, alerts, events, trolley routes, government employment and more.\",\"telephone\":\"305.604.CITY(2489)\",\"legalName\":\"City of Miami Beach\"}]}<\/script>\n<!-- \/ Yoast SEO Premium plugin. -->","yoast_head_json":{"title":"Fiscal de la Ciudad - Ciudad de Miami Beach","description":"La Oficina del Fiscal de la Ciudad (CAO) est\u00e1 dedicada a brindar servicios legales de calidad al Alcalde, los Comisionados de la Ciudad, el Administrador de la Ciudad, los departamentos de la Ciudad y m\u00e1s de cuarenta (40) juntas y comit\u00e9s, en consonancia con las metas y objetivos de la Comisi\u00f3n de la Ciudad.","robots":{"index":"index","follow":"follow","max-snippet":"max-snippet:-1","max-image-preview":"max-image-preview:large","max-video-preview":"max-video-preview:-1"},"canonical":"https:\/\/www.miamibeachfl.gov\/es\/city-hall\/city-attorney\/","og_locale":"es_ES","og_type":"article","og_title":"City Attorney","og_description":"The Office of the City Attorney (CAO) is dedicated to providing quality legal services to the Mayor, City Commissioners, City Manager, City departments, and over forty (40) boards and committees, consistent with the goals and objectives of the City Commission.","og_url":"https:\/\/www.miamibeachfl.gov\/es\/city-hall\/city-attorney\/","og_site_name":"City of Miami Beach","article_publisher":"https:\/\/www.facebook.com\/cityofmiamibeach","article_modified_time":"2025-12-28T12:10:58+00:00","og_image":[{"width":300,"height":300,"url":"https:\/\/www.miamibeachfl.gov\/wp-content\/uploads\/2023\/05\/500sq-Attorney.jpg","type":"image\/jpeg"}],"twitter_card":"summary_large_image","twitter_site":"@Miamibeachnews","schema":{"@context":"https:\/\/schema.org","@graph":[{"@type":"WebPage","@id":"https:\/\/www.miamibeachfl.gov\/city-hall\/city-attorney\/","url":"https:\/\/www.miamibeachfl.gov\/city-hall\/city-attorney\/","name":"Fiscal de la Ciudad - Ciudad de Miami Beach","isPartOf":{"@id":"https:\/\/www.miamibeachfl.gov\/#website"},"primaryImageOfPage":{"@id":"https:\/\/www.miamibeachfl.gov\/city-hall\/city-attorney\/#primaryimage"},"image":{"@id":"https:\/\/www.miamibeachfl.gov\/city-hall\/city-attorney\/#primaryimage"},"thumbnailUrl":"https:\/\/www.miamibeachfl.gov\/wp-content\/uploads\/2023\/05\/500sq-Attorney.jpg","datePublished":"2023-11-09T20:17:03+00:00","dateModified":"2025-12-28T12:10:58+00:00","description":"La Oficina del Fiscal de la Ciudad (CAO) est\u00e1 dedicada a brindar servicios legales de calidad al Alcalde, los Comisionados de la Ciudad, el Administrador de la Ciudad, los departamentos de la Ciudad y m\u00e1s de cuarenta (40) juntas y comit\u00e9s, en consonancia con las metas y objetivos de la Comisi\u00f3n de la Ciudad.","breadcrumb":{"@id":"https:\/\/www.miamibeachfl.gov\/city-hall\/city-attorney\/#breadcrumb"},"inLanguage":"es","potentialAction":[{"@type":"ReadAction","target":["https:\/\/www.miamibeachfl.gov\/city-hall\/city-attorney\/"]}]},{"@type":"ImageObject","inLanguage":"es","@id":"https:\/\/www.miamibeachfl.gov\/city-hall\/city-attorney\/#primaryimage","url":"https:\/\/www.miamibeachfl.gov\/wp-content\/uploads\/2023\/05\/500sq-Attorney.jpg","contentUrl":"https:\/\/www.miamibeachfl.gov\/wp-content\/uploads\/2023\/05\/500sq-Attorney.jpg","width":300,"height":300,"caption":"City Attorney"},{"@type":"BreadcrumbList","@id":"https:\/\/www.miamibeachfl.gov\/city-hall\/city-attorney\/#breadcrumb","itemListElement":[{"@type":"ListItem","position":1,"name":"Home","item":"https:\/\/www.miamibeachfl.gov\/"},{"@type":"ListItem","position":2,"name":"City Hall","item":"https:\/\/www.miamibeachfl.gov\/city-hall\/"},{"@type":"ListItem","position":3,"name":"City Attorney"}]},{"@type":"WebSite","@id":"https:\/\/www.miamibeachfl.gov\/#website","url":"https:\/\/www.miamibeachfl.gov\/","name":"Ciudad de Miami Beach","description":"Sitio web oficial de la Ciudad de Miami Beach. Mant\u00e9ngase informado, encuentre informaci\u00f3n importante sobre servicios municipales, noticias, alertas, eventos, rutas de tranv\u00edas, empleos gubernamentales y m\u00e1s.","publisher":{"@id":"https:\/\/www.miamibeachfl.gov\/#organization"},"potentialAction":[{"@type":"SearchAction","target":{"@type":"EntryPoint","urlTemplate":"https:\/\/www.miamibeachfl.gov\/?s={search_term_string}"},"query-input":{"@type":"PropertyValueSpecification","valueRequired":true,"valueName":"search_term_string"}}],"inLanguage":"es"},{"@type":"Organization","@id":"https:\/\/www.miamibeachfl.gov\/#organization","name":"Ciudad de Miami Beach","url":"https:\/\/www.miamibeachfl.gov\/","logo":{"@type":"ImageObject","inLanguage":"es","@id":"https:\/\/www.miamibeachfl.gov\/#\/schema\/logo\/image\/","url":"https:\/\/www.miamibeachfl.gov\/wp-content\/uploads\/2022\/06\/miamibeach-logoblue.png","contentUrl":"https:\/\/www.miamibeachfl.gov\/wp-content\/uploads\/2022\/06\/miamibeach-logoblue.png","width":1962,"height":381,"caption":"City of Miami Beach"},"image":{"@id":"https:\/\/www.miamibeachfl.gov\/#\/schema\/logo\/image\/"},"sameAs":["https:\/\/www.facebook.com\/cityofmiamibeach","https:\/\/x.com\/Miamibeachnews","https:\/\/www.instagram.com\/miamibeachnews\/"],"description":"Sitio web oficial de la Ciudad de Miami Beach. Mant\u00e9ngase informado, encuentre informaci\u00f3n importante sobre servicios municipales, noticias, alertas, eventos, rutas de tranv\u00edas, empleos gubernamentales y m\u00e1s.","telephone":"305.604.CITY(2489)","legalName":"City of Miami Beach"}]}},"_links":{"self":[{"href":"https:\/\/www.miamibeachfl.gov\/es\/wp-json\/wp\/v2\/pages\/280246","targetHints":{"allow":["GET"]}}],"collection":[{"href":"https:\/\/www.miamibeachfl.gov\/es\/wp-json\/wp\/v2\/pages"}],"about":[{"href":"https:\/\/www.miamibeachfl.gov\/es\/wp-json\/wp\/v2\/types\/page"}],"author":[{"embeddable":true,"href":"https:\/\/www.miamibeachfl.gov\/es\/wp-json\/wp\/v2\/users\/222"}],"replies":[{"embeddable":true,"href":"https:\/\/www.miamibeachfl.gov\/es\/wp-json\/wp\/v2\/comments?post=280246"}],"version-history":[{"count":2,"href":"https:\/\/www.miamibeachfl.gov\/es\/wp-json\/wp\/v2\/pages\/280246\/revisions"}],"predecessor-version":[{"id":393841,"href":"https:\/\/www.miamibeachfl.gov\/es\/wp-json\/wp\/v2\/pages\/280246\/revisions\/393841"}],"up":[{"embeddable":true,"href":"https:\/\/www.miamibeachfl.gov\/es\/wp-json\/wp\/v2\/pages\/28206"}],"wp:featuredmedia":[{"embeddable":true,"href":"https:\/\/www.miamibeachfl.gov\/es\/wp-json\/wp\/v2\/media\/260512"}],"wp:attachment":[{"href":"https:\/\/www.miamibeachfl.gov\/es\/wp-json\/wp\/v2\/media?parent=280246"}],"wp:term":[{"taxonomy":"category","embeddable":true,"href":"https:\/\/www.miamibeachfl.gov\/es\/wp-json\/wp\/v2\/categories?post=280246"},{"taxonomy":"post_tag","embeddable":true,"href":"https:\/\/www.miamibeachfl.gov\/es\/wp-json\/wp\/v2\/tags?post=280246"}],"curies":[{"name":"gracias","href":"https:\/\/api.w.org\/{rel}","templated":true}]}}