{"id":281399,"date":"2023-12-01T09:09:07","date_gmt":"2023-12-01T14:09:07","guid":{"rendered":"https:\/\/www.miamibeachfl.gov\/?page_id=281399"},"modified":"2025-05-25T10:49:13","modified_gmt":"2025-05-25T14:49:13","slug":"robert-rosenwald-jr","status":"publish","type":"page","link":"https:\/\/www.miamibeachfl.gov\/es\/city-hall\/city-attorney\/attorneys\/robert-rosenwald-jr\/","title":{"rendered":"Robert F. Rosenwald, Jr. <br> Fiscal Jefe Adjunto de la Ciudad"},"content":{"rendered":"<h1>\n\t\t\tRobert F. Rosenwald, Jr.\t<\/h1>\n<h1>\n\t\t\tFiscal Jefe Adjunto de la Ciudad\t<\/h1>\nFiscal de la ciudad\t\t\t\n\t\t\t\t\t<ul id=\"menu-city-attorney\"><li id=\"menu-item-281297\"><a href=\"\/es\/city-hall\/city-attorney\/\">P\u00e1gina de inicio del Fiscal de la Ciudad<\/a><\/li>\n<li id=\"menu-item-281298\"><a href=\"\/es\/city-hall\/city-attorney\/attorneys\/\">Abogados<\/a><\/li>\n<li id=\"menu-item-281299\"><a href=\"\/es\/city-hall\/city-attorney\/internships\/\">Pasant\u00edas<\/a><\/li>\n<li id=\"menu-item-281302\"><a href=\"\/es\/city-hall\/city-attorney\/history-of-previous-attorneys\/\">Ex abogados de la ciudad<\/a><\/li>\n<\/ul>\t\nProcurador de la ciudad \u00d7\t\t\t\t\t\t<ul id=\"menu-city-attorney-1\"><li id=\"menu-item-281297\"><a href=\"\/es\/city-hall\/city-attorney\/\">P\u00e1gina de inicio del Fiscal de la Ciudad<\/a><\/li>\n<li id=\"menu-item-281298\"><a href=\"\/es\/city-hall\/city-attorney\/attorneys\/\">Abogados<\/a><\/li>\n<li id=\"menu-item-281299\"><a href=\"\/es\/city-hall\/city-attorney\/internships\/\">Pasant\u00edas<\/a><\/li>\n<li id=\"menu-item-281302\"><a href=\"\/es\/city-hall\/city-attorney\/history-of-previous-attorneys\/\">Ex abogados de la ciudad<\/a><\/li>\n<\/ul>\t\t\t\t\n\t\t\t\t<img decoding=\"async\" src=\"https:\/\/www.miamibeachfl.gov\/wp-content\/uploads\/bb-plugin\/cache\/RobertFRosenwaldJr-Circle-circle.png\" alt=\"Robert Rosenwald\" title=\"C\u00edrculo de Robert F. R. Rosenwald Jr.\" itemprop=\"image\"\/>\n\t\t<h2>\n\t\t\tNuevos uniformes\t<\/h2>\n\t<p><strong>Educaci\u00f3n:<\/strong>\u00a0Universidad de Pensilvania, California, Pa. (BA 1993); Universidad de Pittsburgh, Pittsburgh, Pa. (JD 1997).<\/p>\n<p><strong>Miembro:<\/strong>\u00a0Colegio de Abogados de Florida; Colegio de Abogados de Pensilvania; Tribunal de Apelaciones de los Estados Unidos para el Und\u00e9cimo Circuito; Tribunal de Distrito de los Estados Unidos para el Distrito Sur de Florida; Tribunal de Distrito de los Estados Unidos para el Distrito Medio de Florida; Tribunal de Distrito de los Estados Unidos para el Distrito Norte de Florida.<\/p>\nRob Rosenwald se incorpor\u00f3 a la Fiscal\u00eda Municipal en 2010. Sus principales \u00e1reas de pr\u00e1ctica incluyen derecho constitucional, derecho laboral, responsabilidad policial y litigios de derechos civiles en tribunales estatales y federales. Desde su incorporaci\u00f3n a la Fiscal\u00eda Municipal, el Sr. Rosenwald ha defendido con \u00e9xito a varios departamentos de la Ciudad de Miami Beach, incluyendo el Departamento de Polic\u00eda, el Departamento de Bomberos y el Departamento de Estacionamiento. Antes de incorporarse a la Fiscal\u00eda Municipal, el Sr. Rosenwald dirigi\u00f3 el Proyecto de Defensa LGBT en la ACLU de Florida. All\u00ed, Rob se centr\u00f3 en diversos temas de pol\u00edtica p\u00fablica que afectan a la comunidad gay y transg\u00e9nero en Florida, incluyendo la iniciativa antigay que amenaza la protecci\u00f3n de las parejas del mismo sexo, la discriminaci\u00f3n en las pol\u00edticas de adopci\u00f3n de Florida y la discriminaci\u00f3n y el acoso contra j\u00f3venes gay y transg\u00e9nero en las escuelas p\u00fablicas. Rob ha testificado ante comit\u00e9s de la legislatura de Florida sobre la necesidad de medidas contra el acoso y la intimidaci\u00f3n para proteger a los estudiantes gay y transg\u00e9nero en las escuelas. Tambi\u00e9n ha representado a estudiantes homosexuales y transg\u00e9nero en toda Florida para garantizarles un acceso seguro a su educaci\u00f3n. El Sr. Rosenwald fue reconocido por el Miami Daily Business Review en 2009 como uno de los abogados m\u00e1s eficaces del sur de Florida. Cabe destacar que, en octubre de 2008, el Sr. Rosenwald litig\u00f3 el hist\u00f3rico juicio de la ACLU.\u00a0<i>En el asunto de la adopci\u00f3n de John Doe y James Doe<\/i>, invalidando con \u00e9xito la prohibici\u00f3n de Florida sobre la adopci\u00f3n por parte de personas homosexuales. El 22 de septiembre de 2010, el Tribunal de Apelaciones del Tercer Distrito de Florida confirm\u00f3 por unanimidad la decisi\u00f3n del tribunal de primera instancia y puso fin a la prohibici\u00f3n de treinta y tres a\u00f1os en Florida. Tambi\u00e9n en 2008, Rob fue el abogado principal en el novedoso caso de la ACLU.\u00a0<i>Alianza Gay-Heterosexual de la Escuela Secundaria Okeechobee contra la Junta Escolar del Condado de Okeechobee,\u00a0<\/i>Donde, por primera vez, un tribunal federal de distrito dictamin\u00f3 que las alianzas entre personas del mismo sexo en la escuela secundaria no ponen en peligro el bienestar de los estudiantes. El Sr. Rosenwald se gradu\u00f3 en 1997 de la Facultad de Derecho de la Universidad de Pittsburgh y trabaj\u00f3 entre 1997 y 1998 para el difunto juez C. Clyde Atkins del Tribunal de Distrito de los Estados Unidos para el Distrito Sur de Florida.","protected":false},"excerpt":{"rendered":"<p>Robert F. Rosenwald, Jr. Fiscal General Adjunto de la Ciudad Fiscal de la Ciudad Fiscal de la Ciudad Inicio Abogados Pasant\u00edas Ex Fiscales de la Ciudad Fiscal de la Ciudad [\u2026]<\/p>","protected":false},"author":222,"featured_media":281403,"parent":281293,"menu_order":8,"comment_status":"closed","ping_status":"closed","template":"","meta":{"_searchwp_excluded":"","site-sidebar-layout":"default","site-content-layout":"","ast-site-content-layout":"default","site-content-style":"default","site-sidebar-style":"default","ast-global-header-display":"","ast-banner-title-visibility":"","ast-main-header-display":"","ast-hfb-above-header-display":"","ast-hfb-below-header-display":"","ast-hfb-mobile-header-display":"","site-post-title":"","ast-breadcrumbs-content":"","ast-featured-img":"","footer-sml-layout":"","theme-transparent-header-meta":"","adv-header-id-meta":"","stick-header-meta":"","header-above-stick-meta":"","header-main-stick-meta":"","header-below-stick-meta":"","astra-migrate-meta-layouts":"default","ast-page-background-enabled":"default","ast-page-background-meta":{"desktop":{"background-color":"var(--ast-global-color-5)","background-image":"","background-repeat":"repeat","background-position":"center center","background-size":"auto","background-attachment":"scroll","background-type":"","background-media":"","overlay-type":"","overlay-color":"","overlay-opacity":"","overlay-gradient":""},"tablet":{"background-color":"","background-image":"","background-repeat":"repeat","background-position":"center center","background-size":"auto","background-attachment":"scroll","background-type":"","background-media":"","overlay-type":"","overlay-color":"","overlay-opacity":"","overlay-gradient":""},"mobile":{"background-color":"","background-image":"","background-repeat":"repeat","background-position":"center center","background-size":"auto","background-attachment":"scroll","background-type":"","background-media":"","overlay-type":"","overlay-color":"","overlay-opacity":"","overlay-gradient":""}},"ast-content-background-meta":{"desktop":{"background-color":"var(--ast-global-color-4)","background-image":"","background-repeat":"repeat","background-position":"center center","background-size":"auto","background-attachment":"scroll","background-type":"","background-media":"","overlay-type":"","overlay-color":"","overlay-opacity":"","overlay-gradient":""},"tablet":{"background-color":"var(--ast-global-color-4)","background-image":"","background-repeat":"repeat","background-position":"center center","background-size":"auto","background-attachment":"scroll","background-type":"","background-media":"","overlay-type":"","overlay-color":"","overlay-opacity":"","overlay-gradient":""},"mobile":{"background-color":"var(--ast-global-color-4)","background-image":"","background-repeat":"repeat","background-position":"center center","background-size":"auto","background-attachment":"scroll","background-type":"","background-media":"","overlay-type":"","overlay-color":"","overlay-opacity":"","overlay-gradient":""}},"footnotes":""},"categories":[],"tags":[1132,1134],"class_list":["post-281399","page","type-page","status-publish","has-post-thumbnail","hentry","tag-city-attorneys","tag-robert-rosenwald-attorney"],"yoast_head":"<!-- This site is optimized with the Yoast SEO Premium plugin v26.6 (Yoast SEO v26.6) - https:\/\/yoast.com\/wordpress\/plugins\/seo\/ -->\n<title>Robert F. Rosenwald, Jr.  Chief Deputy City Attorney - City of Miami Beach<\/title>\n<meta name=\"description\" content=\"Rob Rosenwald joined the City Attorney&#039;s Office in 2010. \u00a0His principal areas of practice include constitutional law, employment law, police liability, and civil rights litigation in state and federal courts.\" \/>\n<meta name=\"robots\" content=\"index, follow, max-snippet:-1, max-image-preview:large, max-video-preview:-1\" \/>\n<link rel=\"canonical\" href=\"https:\/\/www.miamibeachfl.gov\/es\/city-hall\/city-attorney\/attorneys\/robert-rosenwald-jr\/\" \/>\n<meta property=\"og:locale\" content=\"es_ES\" \/>\n<meta property=\"og:type\" content=\"article\" \/>\n<meta property=\"og:title\" content=\"Robert F. Rosenwald, Jr.  Chief Deputy City Attorney\" \/>\n<meta property=\"og:description\" content=\"Rob Rosenwald joined the City Attorney&#039;s Office in 2010. \u00a0His principal areas of practice include constitutional law, employment law, police liability, and civil rights litigation in state and federal courts.\" \/>\n<meta property=\"og:url\" content=\"https:\/\/www.miamibeachfl.gov\/es\/city-hall\/city-attorney\/attorneys\/robert-rosenwald-jr\/\" \/>\n<meta property=\"og:site_name\" content=\"City of Miami Beach\" \/>\n<meta property=\"article:publisher\" content=\"https:\/\/www.facebook.com\/cityofmiamibeach\" \/>\n<meta property=\"article:modified_time\" content=\"2025-05-25T14:49:13+00:00\" \/>\n<meta property=\"og:image\" content=\"https:\/\/www.miamibeachfl.gov\/wp-content\/uploads\/2023\/12\/RobertFRosenwaldJr-Circle.png\" \/>\n\t<meta property=\"og:image:width\" content=\"250\" \/>\n\t<meta property=\"og:image:height\" content=\"250\" \/>\n\t<meta property=\"og:image:type\" content=\"image\/png\" \/>\n<meta name=\"twitter:card\" content=\"summary_large_image\" \/>\n<meta name=\"twitter:site\" content=\"@Miamibeachnews\" \/>\n<script type=\"application\/ld+json\" class=\"yoast-schema-graph\">{\"@context\":\"https:\/\/schema.org\",\"@graph\":[{\"@type\":\"WebPage\",\"@id\":\"https:\/\/www.miamibeachfl.gov\/city-hall\/city-attorney\/attorneys\/robert-rosenwald-jr\/\",\"url\":\"https:\/\/www.miamibeachfl.gov\/city-hall\/city-attorney\/attorneys\/robert-rosenwald-jr\/\",\"name\":\"Robert F. Rosenwald, Jr. Chief Deputy City Attorney - City of Miami Beach\",\"isPartOf\":{\"@id\":\"https:\/\/www.miamibeachfl.gov\/#website\"},\"primaryImageOfPage\":{\"@id\":\"https:\/\/www.miamibeachfl.gov\/city-hall\/city-attorney\/attorneys\/robert-rosenwald-jr\/#primaryimage\"},\"image\":{\"@id\":\"https:\/\/www.miamibeachfl.gov\/city-hall\/city-attorney\/attorneys\/robert-rosenwald-jr\/#primaryimage\"},\"thumbnailUrl\":\"https:\/\/www.miamibeachfl.gov\/wp-content\/uploads\/2023\/12\/RobertFRosenwaldJr-Circle.png\",\"datePublished\":\"2023-12-01T14:09:07+00:00\",\"dateModified\":\"2025-05-25T14:49:13+00:00\",\"description\":\"Rob Rosenwald joined the City Attorney's Office in 2010. \u00a0His principal areas of practice include constitutional law, employment law, police liability, and civil rights litigation in state and federal courts.\",\"breadcrumb\":{\"@id\":\"https:\/\/www.miamibeachfl.gov\/city-hall\/city-attorney\/attorneys\/robert-rosenwald-jr\/#breadcrumb\"},\"inLanguage\":\"es\",\"potentialAction\":[{\"@type\":\"ReadAction\",\"target\":[\"https:\/\/www.miamibeachfl.gov\/city-hall\/city-attorney\/attorneys\/robert-rosenwald-jr\/\"]}]},{\"@type\":\"ImageObject\",\"inLanguage\":\"es\",\"@id\":\"https:\/\/www.miamibeachfl.gov\/city-hall\/city-attorney\/attorneys\/robert-rosenwald-jr\/#primaryimage\",\"url\":\"https:\/\/www.miamibeachfl.gov\/wp-content\/uploads\/2023\/12\/RobertFRosenwaldJr-Circle.png\",\"contentUrl\":\"https:\/\/www.miamibeachfl.gov\/wp-content\/uploads\/2023\/12\/RobertFRosenwaldJr-Circle.png\",\"width\":250,\"height\":250,\"caption\":\"Robert Rosenwald\"},{\"@type\":\"BreadcrumbList\",\"@id\":\"https:\/\/www.miamibeachfl.gov\/city-hall\/city-attorney\/attorneys\/robert-rosenwald-jr\/#breadcrumb\",\"itemListElement\":[{\"@type\":\"ListItem\",\"position\":1,\"name\":\"Home\",\"item\":\"https:\/\/www.miamibeachfl.gov\/\"},{\"@type\":\"ListItem\",\"position\":2,\"name\":\"City Hall\",\"item\":\"https:\/\/www.miamibeachfl.gov\/city-hall\/\"},{\"@type\":\"ListItem\",\"position\":3,\"name\":\"City Attorney\",\"item\":\"https:\/\/www.miamibeachfl.gov\/city-hall\/city-attorney\/\"},{\"@type\":\"ListItem\",\"position\":4,\"name\":\"City of Miami Beach Attorneys\",\"item\":\"https:\/\/www.miamibeachfl.gov\/city-hall\/city-attorney\/attorneys\/\"},{\"@type\":\"ListItem\",\"position\":5,\"name\":\"Robert F. Rosenwald, Jr. Chief Deputy City Attorney\"}]},{\"@type\":\"WebSite\",\"@id\":\"https:\/\/www.miamibeachfl.gov\/#website\",\"url\":\"https:\/\/www.miamibeachfl.gov\/\",\"name\":\"City of Miami Beach\",\"description\":\"The official website of the City of Miami Beach. Stay informed, find important information on city services, news, alerts, events, trolley routes, government employment and more.\",\"publisher\":{\"@id\":\"https:\/\/www.miamibeachfl.gov\/#organization\"},\"potentialAction\":[{\"@type\":\"SearchAction\",\"target\":{\"@type\":\"EntryPoint\",\"urlTemplate\":\"https:\/\/www.miamibeachfl.gov\/?s={search_term_string}\"},\"query-input\":{\"@type\":\"PropertyValueSpecification\",\"valueRequired\":true,\"valueName\":\"search_term_string\"}}],\"inLanguage\":\"es\"},{\"@type\":\"Organization\",\"@id\":\"https:\/\/www.miamibeachfl.gov\/#organization\",\"name\":\"City of Miami Beach\",\"url\":\"https:\/\/www.miamibeachfl.gov\/\",\"logo\":{\"@type\":\"ImageObject\",\"inLanguage\":\"es\",\"@id\":\"https:\/\/www.miamibeachfl.gov\/#\/schema\/logo\/image\/\",\"url\":\"https:\/\/www.miamibeachfl.gov\/wp-content\/uploads\/2022\/06\/miamibeach-logoblue.png\",\"contentUrl\":\"https:\/\/www.miamibeachfl.gov\/wp-content\/uploads\/2022\/06\/miamibeach-logoblue.png\",\"width\":1962,\"height\":381,\"caption\":\"City of Miami Beach\"},\"image\":{\"@id\":\"https:\/\/www.miamibeachfl.gov\/#\/schema\/logo\/image\/\"},\"sameAs\":[\"https:\/\/www.facebook.com\/cityofmiamibeach\",\"https:\/\/x.com\/Miamibeachnews\",\"https:\/\/www.instagram.com\/miamibeachnews\/\"],\"description\":\"The official website of the City of Miami Beach. Stay informed, find important information on city services, news, alerts, events, trolley routes, government employment and more.\",\"telephone\":\"305.604.CITY(2489)\",\"legalName\":\"City of Miami Beach\"}]}<\/script>\n<!-- \/ Yoast SEO Premium plugin. -->","yoast_head_json":{"title":"Robert F. Rosenwald, Jr. Fiscal General Adjunto de la Ciudad de Miami Beach","description":"Rob Rosenwald se uni\u00f3 a la Oficina del Fiscal de la Ciudad en 2010. Sus principales \u00e1reas de pr\u00e1ctica incluyen derecho constitucional, derecho laboral, responsabilidad policial y litigios de derechos civiles en tribunales estatales y federales.","robots":{"index":"index","follow":"follow","max-snippet":"max-snippet:-1","max-image-preview":"max-image-preview:large","max-video-preview":"max-video-preview:-1"},"canonical":"https:\/\/www.miamibeachfl.gov\/es\/city-hall\/city-attorney\/attorneys\/robert-rosenwald-jr\/","og_locale":"es_ES","og_type":"article","og_title":"Robert F. Rosenwald, Jr.  Chief Deputy City Attorney","og_description":"Rob Rosenwald joined the City Attorney's Office in 2010. \u00a0His principal areas of practice include constitutional law, employment law, police liability, and civil rights litigation in state and federal courts.","og_url":"https:\/\/www.miamibeachfl.gov\/es\/city-hall\/city-attorney\/attorneys\/robert-rosenwald-jr\/","og_site_name":"City of Miami Beach","article_publisher":"https:\/\/www.facebook.com\/cityofmiamibeach","article_modified_time":"2025-05-25T14:49:13+00:00","og_image":[{"width":250,"height":250,"url":"https:\/\/www.miamibeachfl.gov\/wp-content\/uploads\/2023\/12\/RobertFRosenwaldJr-Circle.png","type":"image\/png"}],"twitter_card":"summary_large_image","twitter_site":"@Miamibeachnews","schema":{"@context":"https:\/\/schema.org","@graph":[{"@type":"WebPage","@id":"https:\/\/www.miamibeachfl.gov\/city-hall\/city-attorney\/attorneys\/robert-rosenwald-jr\/","url":"https:\/\/www.miamibeachfl.gov\/city-hall\/city-attorney\/attorneys\/robert-rosenwald-jr\/","name":"Robert F. Rosenwald, Jr. Fiscal General Adjunto de la Ciudad de Miami Beach","isPartOf":{"@id":"https:\/\/www.miamibeachfl.gov\/#website"},"primaryImageOfPage":{"@id":"https:\/\/www.miamibeachfl.gov\/city-hall\/city-attorney\/attorneys\/robert-rosenwald-jr\/#primaryimage"},"image":{"@id":"https:\/\/www.miamibeachfl.gov\/city-hall\/city-attorney\/attorneys\/robert-rosenwald-jr\/#primaryimage"},"thumbnailUrl":"https:\/\/www.miamibeachfl.gov\/wp-content\/uploads\/2023\/12\/RobertFRosenwaldJr-Circle.png","datePublished":"2023-12-01T14:09:07+00:00","dateModified":"2025-05-25T14:49:13+00:00","description":"Rob Rosenwald se uni\u00f3 a la Oficina del Fiscal de la Ciudad en 2010. Sus principales \u00e1reas de pr\u00e1ctica incluyen derecho constitucional, derecho laboral, responsabilidad policial y litigios de derechos civiles en tribunales estatales y federales.","breadcrumb":{"@id":"https:\/\/www.miamibeachfl.gov\/city-hall\/city-attorney\/attorneys\/robert-rosenwald-jr\/#breadcrumb"},"inLanguage":"es","potentialAction":[{"@type":"ReadAction","target":["https:\/\/www.miamibeachfl.gov\/city-hall\/city-attorney\/attorneys\/robert-rosenwald-jr\/"]}]},{"@type":"ImageObject","inLanguage":"es","@id":"https:\/\/www.miamibeachfl.gov\/city-hall\/city-attorney\/attorneys\/robert-rosenwald-jr\/#primaryimage","url":"https:\/\/www.miamibeachfl.gov\/wp-content\/uploads\/2023\/12\/RobertFRosenwaldJr-Circle.png","contentUrl":"https:\/\/www.miamibeachfl.gov\/wp-content\/uploads\/2023\/12\/RobertFRosenwaldJr-Circle.png","width":250,"height":250,"caption":"Robert Rosenwald"},{"@type":"BreadcrumbList","@id":"https:\/\/www.miamibeachfl.gov\/city-hall\/city-attorney\/attorneys\/robert-rosenwald-jr\/#breadcrumb","itemListElement":[{"@type":"ListItem","position":1,"name":"Home","item":"https:\/\/www.miamibeachfl.gov\/"},{"@type":"ListItem","position":2,"name":"City Hall","item":"https:\/\/www.miamibeachfl.gov\/city-hall\/"},{"@type":"ListItem","position":3,"name":"City Attorney","item":"https:\/\/www.miamibeachfl.gov\/city-hall\/city-attorney\/"},{"@type":"ListItem","position":4,"name":"City of Miami Beach Attorneys","item":"https:\/\/www.miamibeachfl.gov\/city-hall\/city-attorney\/attorneys\/"},{"@type":"ListItem","position":5,"name":"Robert F. Rosenwald, Jr. Chief Deputy City Attorney"}]},{"@type":"WebSite","@id":"https:\/\/www.miamibeachfl.gov\/#website","url":"https:\/\/www.miamibeachfl.gov\/","name":"Ciudad de Miami Beach","description":"Sitio web oficial de la Ciudad de Miami Beach. Mant\u00e9ngase informado, encuentre informaci\u00f3n importante sobre servicios municipales, noticias, alertas, eventos, rutas de tranv\u00edas, empleos gubernamentales y m\u00e1s.","publisher":{"@id":"https:\/\/www.miamibeachfl.gov\/#organization"},"potentialAction":[{"@type":"SearchAction","target":{"@type":"EntryPoint","urlTemplate":"https:\/\/www.miamibeachfl.gov\/?s={search_term_string}"},"query-input":{"@type":"PropertyValueSpecification","valueRequired":true,"valueName":"search_term_string"}}],"inLanguage":"es"},{"@type":"Organization","@id":"https:\/\/www.miamibeachfl.gov\/#organization","name":"Ciudad de Miami Beach","url":"https:\/\/www.miamibeachfl.gov\/","logo":{"@type":"ImageObject","inLanguage":"es","@id":"https:\/\/www.miamibeachfl.gov\/#\/schema\/logo\/image\/","url":"https:\/\/www.miamibeachfl.gov\/wp-content\/uploads\/2022\/06\/miamibeach-logoblue.png","contentUrl":"https:\/\/www.miamibeachfl.gov\/wp-content\/uploads\/2022\/06\/miamibeach-logoblue.png","width":1962,"height":381,"caption":"City of Miami Beach"},"image":{"@id":"https:\/\/www.miamibeachfl.gov\/#\/schema\/logo\/image\/"},"sameAs":["https:\/\/www.facebook.com\/cityofmiamibeach","https:\/\/x.com\/Miamibeachnews","https:\/\/www.instagram.com\/miamibeachnews\/"],"description":"Sitio web oficial de la Ciudad de Miami Beach. Mant\u00e9ngase informado, encuentre informaci\u00f3n importante sobre servicios municipales, noticias, alertas, eventos, rutas de tranv\u00edas, empleos gubernamentales y m\u00e1s.","telephone":"305.604.CITY(2489)","legalName":"City of Miami Beach"}]}},"_links":{"self":[{"href":"https:\/\/www.miamibeachfl.gov\/es\/wp-json\/wp\/v2\/pages\/281399","targetHints":{"allow":["GET"]}}],"collection":[{"href":"https:\/\/www.miamibeachfl.gov\/es\/wp-json\/wp\/v2\/pages"}],"about":[{"href":"https:\/\/www.miamibeachfl.gov\/es\/wp-json\/wp\/v2\/types\/page"}],"author":[{"embeddable":true,"href":"https:\/\/www.miamibeachfl.gov\/es\/wp-json\/wp\/v2\/users\/222"}],"replies":[{"embeddable":true,"href":"https:\/\/www.miamibeachfl.gov\/es\/wp-json\/wp\/v2\/comments?post=281399"}],"version-history":[{"count":0,"href":"https:\/\/www.miamibeachfl.gov\/es\/wp-json\/wp\/v2\/pages\/281399\/revisions"}],"up":[{"embeddable":true,"href":"https:\/\/www.miamibeachfl.gov\/es\/wp-json\/wp\/v2\/pages\/281293"}],"wp:featuredmedia":[{"embeddable":true,"href":"https:\/\/www.miamibeachfl.gov\/es\/wp-json\/wp\/v2\/media\/281403"}],"wp:attachment":[{"href":"https:\/\/www.miamibeachfl.gov\/es\/wp-json\/wp\/v2\/media?parent=281399"}],"wp:term":[{"taxonomy":"category","embeddable":true,"href":"https:\/\/www.miamibeachfl.gov\/es\/wp-json\/wp\/v2\/categories?post=281399"},{"taxonomy":"post_tag","embeddable":true,"href":"https:\/\/www.miamibeachfl.gov\/es\/wp-json\/wp\/v2\/tags?post=281399"}],"curies":[{"name":"gracias","href":"https:\/\/api.w.org\/{rel}","templated":true}]}}