{"id":281413,"date":"2023-12-01T09:29:41","date_gmt":"2023-12-01T14:29:41","guid":{"rendered":"https:\/\/www.miamibeachfl.gov\/?page_id=281413"},"modified":"2025-05-25T10:49:21","modified_gmt":"2025-05-25T14:49:21","slug":"nicholaskallergis","status":"publish","type":"page","link":"https:\/\/www.miamibeachfl.gov\/es\/city-hall\/city-attorney\/attorneys\/nicholaskallergis\/","title":{"rendered":"Nicol\u00e1s Kallergis <br> Fiscal Jefe Adjunto de la Ciudad"},"content":{"rendered":"<h1>\n\t\t\tNicol\u00e1s Kallergis\t<\/h1>\n<h1>\n\t\t\tFiscal Jefe Adjunto de la Ciudad\t<\/h1>\nFiscal de la ciudad\t\t\t\n\t\t\t\t\t<ul id=\"menu-city-attorney\"><li id=\"menu-item-281297\"><a href=\"\/es\/city-hall\/city-attorney\/\">P\u00e1gina de inicio del Fiscal de la Ciudad<\/a><\/li>\n<li id=\"menu-item-281298\"><a href=\"\/es\/city-hall\/city-attorney\/attorneys\/\">Abogados<\/a><\/li>\n<li id=\"menu-item-281299\"><a href=\"\/es\/city-hall\/city-attorney\/internships\/\">Pasant\u00edas<\/a><\/li>\n<li id=\"menu-item-281302\"><a href=\"\/es\/city-hall\/city-attorney\/history-of-previous-attorneys\/\">Ex abogados de la ciudad<\/a><\/li>\n<\/ul>\t\nProcurador de la ciudad \u00d7\t\t\t\t\t\t<ul id=\"menu-city-attorney-1\"><li id=\"menu-item-281297\"><a href=\"\/es\/city-hall\/city-attorney\/\">P\u00e1gina de inicio del Fiscal de la Ciudad<\/a><\/li>\n<li id=\"menu-item-281298\"><a href=\"\/es\/city-hall\/city-attorney\/attorneys\/\">Abogados<\/a><\/li>\n<li id=\"menu-item-281299\"><a href=\"\/es\/city-hall\/city-attorney\/internships\/\">Pasant\u00edas<\/a><\/li>\n<li id=\"menu-item-281302\"><a href=\"\/es\/city-hall\/city-attorney\/history-of-previous-attorneys\/\">Ex abogados de la ciudad<\/a><\/li>\n<\/ul>\t\t\t\t\n\t\t\t\t<img decoding=\"async\" src=\"https:\/\/www.miamibeachfl.gov\/wp-content\/uploads\/bb-plugin\/cache\/Nicholas-Kallergis-CityAttorney-YellowOutline-circle.png\" alt=\"Nicholas Kallergis\" title=\"Nicholas Kallergis, abogado de la ciudad, contorno amarillo\" itemprop=\"image\"\/>\n\t\t<h2>\n\t\t\tNuevos uniformes\t<\/h2>\n\t<p><b>Educaci\u00f3n:<\/b>\u00a0Facultad de Derecho de la Universidad de Miami (JD 2013,\u00a0<i>cum laude<\/i>); Universidad de Miami (Licenciatura en Literatura Inglesa y Espa\u00f1ola 2010,\u00a0<i>magna cum laude<\/i>)<\/p>\n<b>Miembro:<\/b>\u00a0Colegio de Abogados de Florida (2013); Tribunal de Distrito de los Estados Unidos, Distrito Sur de Florida (2014)\n<b>Nacido:<\/b>\u00a0Miami, Florida. Nicholas Kallergis se incorpor\u00f3 a la Fiscal\u00eda Municipal en 2013. Sus \u00e1reas de pr\u00e1ctica incluyen el uso del suelo y la zonificaci\u00f3n, legislaci\u00f3n, \u00e9tica y conflictos de intereses, distritos de evaluaci\u00f3n especial y elecciones. Representa al Departamento de Planificaci\u00f3n de la Ciudad y a cuatro juntas de desarrollo territorial (Junta de Planificaci\u00f3n, Junta de Preservaci\u00f3n Hist\u00f3rica, Junta de Revisi\u00f3n de Dise\u00f1o y Junta de Ajuste). Tambi\u00e9n asesora al Comit\u00e9 de Uso del Suelo y Sostenibilidad, as\u00ed como al Departamento de Medio Ambiente y Sostenibilidad de la Ciudad.","protected":false},"excerpt":{"rendered":"<p>Nicholas Kallergis Fiscal Adjunto Principal Fiscal de la Ciudad Fiscal de la Ciudad Fiscal de la Ciudad Inicio Abogados Pasant\u00edas Abogados de la Ciudad Ex Fiscal de la Ciudad \u00d7 Ciudad [\u2026]<\/p>","protected":false},"author":222,"featured_media":312671,"parent":281293,"menu_order":9,"comment_status":"closed","ping_status":"closed","template":"","meta":{"_searchwp_excluded":"","site-sidebar-layout":"default","site-content-layout":"","ast-site-content-layout":"default","site-content-style":"default","site-sidebar-style":"default","ast-global-header-display":"","ast-banner-title-visibility":"","ast-main-header-display":"","ast-hfb-above-header-display":"","ast-hfb-below-header-display":"","ast-hfb-mobile-header-display":"","site-post-title":"","ast-breadcrumbs-content":"","ast-featured-img":"","footer-sml-layout":"","theme-transparent-header-meta":"","adv-header-id-meta":"","stick-header-meta":"","header-above-stick-meta":"","header-main-stick-meta":"","header-below-stick-meta":"","astra-migrate-meta-layouts":"default","ast-page-background-enabled":"default","ast-page-background-meta":{"desktop":{"background-color":"var(--ast-global-color-5)","background-image":"","background-repeat":"repeat","background-position":"center center","background-size":"auto","background-attachment":"scroll","background-type":"","background-media":"","overlay-type":"","overlay-color":"","overlay-opacity":"","overlay-gradient":""},"tablet":{"background-color":"","background-image":"","background-repeat":"repeat","background-position":"center center","background-size":"auto","background-attachment":"scroll","background-type":"","background-media":"","overlay-type":"","overlay-color":"","overlay-opacity":"","overlay-gradient":""},"mobile":{"background-color":"","background-image":"","background-repeat":"repeat","background-position":"center center","background-size":"auto","background-attachment":"scroll","background-type":"","background-media":"","overlay-type":"","overlay-color":"","overlay-opacity":"","overlay-gradient":""}},"ast-content-background-meta":{"desktop":{"background-color":"var(--ast-global-color-4)","background-image":"","background-repeat":"repeat","background-position":"center center","background-size":"auto","background-attachment":"scroll","background-type":"","background-media":"","overlay-type":"","overlay-color":"","overlay-opacity":"","overlay-gradient":""},"tablet":{"background-color":"var(--ast-global-color-4)","background-image":"","background-repeat":"repeat","background-position":"center center","background-size":"auto","background-attachment":"scroll","background-type":"","background-media":"","overlay-type":"","overlay-color":"","overlay-opacity":"","overlay-gradient":""},"mobile":{"background-color":"var(--ast-global-color-4)","background-image":"","background-repeat":"repeat","background-position":"center center","background-size":"auto","background-attachment":"scroll","background-type":"","background-media":"","overlay-type":"","overlay-color":"","overlay-opacity":"","overlay-gradient":""}},"footnotes":""},"categories":[],"tags":[1132,1136],"class_list":["post-281413","page","type-page","status-publish","has-post-thumbnail","hentry","tag-city-attorneys","tag-nicholas-kallergis-attorney"],"yoast_head":"<!-- This site is optimized with the Yoast SEO Premium plugin v26.6 (Yoast SEO v26.6) - https:\/\/yoast.com\/wordpress\/plugins\/seo\/ -->\n<title>Nicholas Kallergis  Chief Deputy City Attorney - City of Miami Beach<\/title>\n<meta name=\"description\" content=\"As the Code Compliance Department Director, he oversees the enforcement of laws and ordinances ensuring the quality of life for the people of the City of Miami Beach.Nicholas Kallergis first joined the City Attorney&#039;s Office in 2013. Mr. Kallergis&#039;s areas of practice include land use and zoning, legislation, ethics and conflicts of interest, special assessment districts, and elections.\" \/>\n<meta name=\"robots\" content=\"index, follow, max-snippet:-1, max-image-preview:large, max-video-preview:-1\" \/>\n<link rel=\"canonical\" href=\"https:\/\/www.miamibeachfl.gov\/es\/city-hall\/city-attorney\/attorneys\/nicholaskallergis\/\" \/>\n<meta property=\"og:locale\" content=\"es_ES\" \/>\n<meta property=\"og:type\" content=\"article\" \/>\n<meta property=\"og:title\" content=\"Nicholas Kallergis  Chief Deputy City Attorney\" \/>\n<meta property=\"og:description\" content=\"As the Code Compliance Department Director, he oversees the enforcement of laws and ordinances ensuring the quality of life for the people of the City of Miami Beach.Nicholas Kallergis first joined the City Attorney&#039;s Office in 2013. Mr. Kallergis&#039;s areas of practice include land use and zoning, legislation, ethics and conflicts of interest, special assessment districts, and elections.\" \/>\n<meta property=\"og:url\" content=\"https:\/\/www.miamibeachfl.gov\/es\/city-hall\/city-attorney\/attorneys\/nicholaskallergis\/\" \/>\n<meta property=\"og:site_name\" content=\"City of Miami Beach\" \/>\n<meta property=\"article:publisher\" content=\"https:\/\/www.facebook.com\/cityofmiamibeach\" \/>\n<meta property=\"article:modified_time\" content=\"2025-05-25T14:49:21+00:00\" \/>\n<meta property=\"og:image\" content=\"https:\/\/www.miamibeachfl.gov\/wp-content\/uploads\/2024\/05\/Nicholas-Kallergis-CityAttorney-YellowOutline.png\" \/>\n\t<meta property=\"og:image:width\" content=\"249\" \/>\n\t<meta property=\"og:image:height\" content=\"250\" \/>\n\t<meta property=\"og:image:type\" content=\"image\/png\" \/>\n<meta name=\"twitter:card\" content=\"summary_large_image\" \/>\n<meta name=\"twitter:site\" content=\"@Miamibeachnews\" \/>\n<script type=\"application\/ld+json\" class=\"yoast-schema-graph\">{\"@context\":\"https:\/\/schema.org\",\"@graph\":[{\"@type\":\"WebPage\",\"@id\":\"https:\/\/www.miamibeachfl.gov\/city-hall\/city-attorney\/attorneys\/nicholaskallergis\/\",\"url\":\"https:\/\/www.miamibeachfl.gov\/city-hall\/city-attorney\/attorneys\/nicholaskallergis\/\",\"name\":\"Nicholas Kallergis Chief Deputy City Attorney - City of Miami Beach\",\"isPartOf\":{\"@id\":\"https:\/\/www.miamibeachfl.gov\/#website\"},\"primaryImageOfPage\":{\"@id\":\"https:\/\/www.miamibeachfl.gov\/city-hall\/city-attorney\/attorneys\/nicholaskallergis\/#primaryimage\"},\"image\":{\"@id\":\"https:\/\/www.miamibeachfl.gov\/city-hall\/city-attorney\/attorneys\/nicholaskallergis\/#primaryimage\"},\"thumbnailUrl\":\"https:\/\/www.miamibeachfl.gov\/wp-content\/uploads\/2024\/05\/Nicholas-Kallergis-CityAttorney-YellowOutline.png\",\"datePublished\":\"2023-12-01T14:29:41+00:00\",\"dateModified\":\"2025-05-25T14:49:21+00:00\",\"description\":\"As the Code Compliance Department Director, he oversees the enforcement of laws and ordinances ensuring the quality of life for the people of the City of Miami Beach.Nicholas Kallergis first joined the City Attorney's Office in 2013. Mr. Kallergis's areas of practice include land use and zoning, legislation, ethics and conflicts of interest, special assessment districts, and elections.\",\"breadcrumb\":{\"@id\":\"https:\/\/www.miamibeachfl.gov\/city-hall\/city-attorney\/attorneys\/nicholaskallergis\/#breadcrumb\"},\"inLanguage\":\"es\",\"potentialAction\":[{\"@type\":\"ReadAction\",\"target\":[\"https:\/\/www.miamibeachfl.gov\/city-hall\/city-attorney\/attorneys\/nicholaskallergis\/\"]}]},{\"@type\":\"ImageObject\",\"inLanguage\":\"es\",\"@id\":\"https:\/\/www.miamibeachfl.gov\/city-hall\/city-attorney\/attorneys\/nicholaskallergis\/#primaryimage\",\"url\":\"https:\/\/www.miamibeachfl.gov\/wp-content\/uploads\/2024\/05\/Nicholas-Kallergis-CityAttorney-YellowOutline.png\",\"contentUrl\":\"https:\/\/www.miamibeachfl.gov\/wp-content\/uploads\/2024\/05\/Nicholas-Kallergis-CityAttorney-YellowOutline.png\",\"width\":249,\"height\":250,\"caption\":\"Nicholas Kallergis\"},{\"@type\":\"BreadcrumbList\",\"@id\":\"https:\/\/www.miamibeachfl.gov\/city-hall\/city-attorney\/attorneys\/nicholaskallergis\/#breadcrumb\",\"itemListElement\":[{\"@type\":\"ListItem\",\"position\":1,\"name\":\"Home\",\"item\":\"https:\/\/www.miamibeachfl.gov\/\"},{\"@type\":\"ListItem\",\"position\":2,\"name\":\"City Hall\",\"item\":\"https:\/\/www.miamibeachfl.gov\/city-hall\/\"},{\"@type\":\"ListItem\",\"position\":3,\"name\":\"City Attorney\",\"item\":\"https:\/\/www.miamibeachfl.gov\/city-hall\/city-attorney\/\"},{\"@type\":\"ListItem\",\"position\":4,\"name\":\"City of Miami Beach Attorneys\",\"item\":\"https:\/\/www.miamibeachfl.gov\/city-hall\/city-attorney\/attorneys\/\"},{\"@type\":\"ListItem\",\"position\":5,\"name\":\"Nicholas Kallergis Chief Deputy City Attorney\"}]},{\"@type\":\"WebSite\",\"@id\":\"https:\/\/www.miamibeachfl.gov\/#website\",\"url\":\"https:\/\/www.miamibeachfl.gov\/\",\"name\":\"City of Miami Beach\",\"description\":\"The official website of the City of Miami Beach. Stay informed, find important information on city services, news, alerts, events, trolley routes, government employment and more.\",\"publisher\":{\"@id\":\"https:\/\/www.miamibeachfl.gov\/#organization\"},\"potentialAction\":[{\"@type\":\"SearchAction\",\"target\":{\"@type\":\"EntryPoint\",\"urlTemplate\":\"https:\/\/www.miamibeachfl.gov\/?s={search_term_string}\"},\"query-input\":{\"@type\":\"PropertyValueSpecification\",\"valueRequired\":true,\"valueName\":\"search_term_string\"}}],\"inLanguage\":\"es\"},{\"@type\":\"Organization\",\"@id\":\"https:\/\/www.miamibeachfl.gov\/#organization\",\"name\":\"City of Miami Beach\",\"url\":\"https:\/\/www.miamibeachfl.gov\/\",\"logo\":{\"@type\":\"ImageObject\",\"inLanguage\":\"es\",\"@id\":\"https:\/\/www.miamibeachfl.gov\/#\/schema\/logo\/image\/\",\"url\":\"https:\/\/www.miamibeachfl.gov\/wp-content\/uploads\/2022\/06\/miamibeach-logoblue.png\",\"contentUrl\":\"https:\/\/www.miamibeachfl.gov\/wp-content\/uploads\/2022\/06\/miamibeach-logoblue.png\",\"width\":1962,\"height\":381,\"caption\":\"City of Miami Beach\"},\"image\":{\"@id\":\"https:\/\/www.miamibeachfl.gov\/#\/schema\/logo\/image\/\"},\"sameAs\":[\"https:\/\/www.facebook.com\/cityofmiamibeach\",\"https:\/\/x.com\/Miamibeachnews\",\"https:\/\/www.instagram.com\/miamibeachnews\/\"],\"description\":\"The official website of the City of Miami Beach. Stay informed, find important information on city services, news, alerts, events, trolley routes, government employment and more.\",\"telephone\":\"305.604.CITY(2489)\",\"legalName\":\"City of Miami Beach\"}]}<\/script>\n<!-- \/ Yoast SEO Premium plugin. -->","yoast_head_json":{"title":"Nicholas Kallergis, Fiscal Adjunto Principal de la Ciudad de Miami Beach","description":"Como Director del Departamento de Cumplimiento del C\u00f3digo, supervisa la aplicaci\u00f3n de las leyes y ordenanzas que garantizan la calidad de vida de los habitantes de la ciudad de Miami Beach. Nicholas Kallergis se uni\u00f3 por primera vez a la Oficina del Fiscal de la Ciudad en 2013. Las \u00e1reas de pr\u00e1ctica del Sr. Kallergis incluyen el uso de la tierra y la zonificaci\u00f3n, la legislaci\u00f3n, la \u00e9tica y los conflictos de intereses, los distritos de evaluaci\u00f3n especial y las elecciones.","robots":{"index":"index","follow":"follow","max-snippet":"max-snippet:-1","max-image-preview":"max-image-preview:large","max-video-preview":"max-video-preview:-1"},"canonical":"https:\/\/www.miamibeachfl.gov\/es\/city-hall\/city-attorney\/attorneys\/nicholaskallergis\/","og_locale":"es_ES","og_type":"article","og_title":"Nicholas Kallergis  Chief Deputy City Attorney","og_description":"As the Code Compliance Department Director, he oversees the enforcement of laws and ordinances ensuring the quality of life for the people of the City of Miami Beach.Nicholas Kallergis first joined the City Attorney's Office in 2013. Mr. Kallergis's areas of practice include land use and zoning, legislation, ethics and conflicts of interest, special assessment districts, and elections.","og_url":"https:\/\/www.miamibeachfl.gov\/es\/city-hall\/city-attorney\/attorneys\/nicholaskallergis\/","og_site_name":"City of Miami Beach","article_publisher":"https:\/\/www.facebook.com\/cityofmiamibeach","article_modified_time":"2025-05-25T14:49:21+00:00","og_image":[{"width":249,"height":250,"url":"https:\/\/www.miamibeachfl.gov\/wp-content\/uploads\/2024\/05\/Nicholas-Kallergis-CityAttorney-YellowOutline.png","type":"image\/png"}],"twitter_card":"summary_large_image","twitter_site":"@Miamibeachnews","schema":{"@context":"https:\/\/schema.org","@graph":[{"@type":"WebPage","@id":"https:\/\/www.miamibeachfl.gov\/city-hall\/city-attorney\/attorneys\/nicholaskallergis\/","url":"https:\/\/www.miamibeachfl.gov\/city-hall\/city-attorney\/attorneys\/nicholaskallergis\/","name":"Nicholas Kallergis, Fiscal Adjunto Principal de la Ciudad de Miami Beach","isPartOf":{"@id":"https:\/\/www.miamibeachfl.gov\/#website"},"primaryImageOfPage":{"@id":"https:\/\/www.miamibeachfl.gov\/city-hall\/city-attorney\/attorneys\/nicholaskallergis\/#primaryimage"},"image":{"@id":"https:\/\/www.miamibeachfl.gov\/city-hall\/city-attorney\/attorneys\/nicholaskallergis\/#primaryimage"},"thumbnailUrl":"https:\/\/www.miamibeachfl.gov\/wp-content\/uploads\/2024\/05\/Nicholas-Kallergis-CityAttorney-YellowOutline.png","datePublished":"2023-12-01T14:29:41+00:00","dateModified":"2025-05-25T14:49:21+00:00","description":"Como Director del Departamento de Cumplimiento del C\u00f3digo, supervisa la aplicaci\u00f3n de las leyes y ordenanzas que garantizan la calidad de vida de los habitantes de la ciudad de Miami Beach. Nicholas Kallergis se uni\u00f3 por primera vez a la Oficina del Fiscal de la Ciudad en 2013. Las \u00e1reas de pr\u00e1ctica del Sr. Kallergis incluyen el uso de la tierra y la zonificaci\u00f3n, la legislaci\u00f3n, la \u00e9tica y los conflictos de intereses, los distritos de evaluaci\u00f3n especial y las elecciones.","breadcrumb":{"@id":"https:\/\/www.miamibeachfl.gov\/city-hall\/city-attorney\/attorneys\/nicholaskallergis\/#breadcrumb"},"inLanguage":"es","potentialAction":[{"@type":"ReadAction","target":["https:\/\/www.miamibeachfl.gov\/city-hall\/city-attorney\/attorneys\/nicholaskallergis\/"]}]},{"@type":"ImageObject","inLanguage":"es","@id":"https:\/\/www.miamibeachfl.gov\/city-hall\/city-attorney\/attorneys\/nicholaskallergis\/#primaryimage","url":"https:\/\/www.miamibeachfl.gov\/wp-content\/uploads\/2024\/05\/Nicholas-Kallergis-CityAttorney-YellowOutline.png","contentUrl":"https:\/\/www.miamibeachfl.gov\/wp-content\/uploads\/2024\/05\/Nicholas-Kallergis-CityAttorney-YellowOutline.png","width":249,"height":250,"caption":"Nicholas Kallergis"},{"@type":"BreadcrumbList","@id":"https:\/\/www.miamibeachfl.gov\/city-hall\/city-attorney\/attorneys\/nicholaskallergis\/#breadcrumb","itemListElement":[{"@type":"ListItem","position":1,"name":"Home","item":"https:\/\/www.miamibeachfl.gov\/"},{"@type":"ListItem","position":2,"name":"City Hall","item":"https:\/\/www.miamibeachfl.gov\/city-hall\/"},{"@type":"ListItem","position":3,"name":"City Attorney","item":"https:\/\/www.miamibeachfl.gov\/city-hall\/city-attorney\/"},{"@type":"ListItem","position":4,"name":"City of Miami Beach Attorneys","item":"https:\/\/www.miamibeachfl.gov\/city-hall\/city-attorney\/attorneys\/"},{"@type":"ListItem","position":5,"name":"Nicholas Kallergis Chief Deputy City Attorney"}]},{"@type":"WebSite","@id":"https:\/\/www.miamibeachfl.gov\/#website","url":"https:\/\/www.miamibeachfl.gov\/","name":"Ciudad de Miami Beach","description":"Sitio web oficial de la Ciudad de Miami Beach. Mant\u00e9ngase informado, encuentre informaci\u00f3n importante sobre servicios municipales, noticias, alertas, eventos, rutas de tranv\u00edas, empleos gubernamentales y m\u00e1s.","publisher":{"@id":"https:\/\/www.miamibeachfl.gov\/#organization"},"potentialAction":[{"@type":"SearchAction","target":{"@type":"EntryPoint","urlTemplate":"https:\/\/www.miamibeachfl.gov\/?s={search_term_string}"},"query-input":{"@type":"PropertyValueSpecification","valueRequired":true,"valueName":"search_term_string"}}],"inLanguage":"es"},{"@type":"Organization","@id":"https:\/\/www.miamibeachfl.gov\/#organization","name":"Ciudad de Miami Beach","url":"https:\/\/www.miamibeachfl.gov\/","logo":{"@type":"ImageObject","inLanguage":"es","@id":"https:\/\/www.miamibeachfl.gov\/#\/schema\/logo\/image\/","url":"https:\/\/www.miamibeachfl.gov\/wp-content\/uploads\/2022\/06\/miamibeach-logoblue.png","contentUrl":"https:\/\/www.miamibeachfl.gov\/wp-content\/uploads\/2022\/06\/miamibeach-logoblue.png","width":1962,"height":381,"caption":"City of Miami Beach"},"image":{"@id":"https:\/\/www.miamibeachfl.gov\/#\/schema\/logo\/image\/"},"sameAs":["https:\/\/www.facebook.com\/cityofmiamibeach","https:\/\/x.com\/Miamibeachnews","https:\/\/www.instagram.com\/miamibeachnews\/"],"description":"Sitio web oficial de la Ciudad de Miami Beach. Mant\u00e9ngase informado, encuentre informaci\u00f3n importante sobre servicios municipales, noticias, alertas, eventos, rutas de tranv\u00edas, empleos gubernamentales y m\u00e1s.","telephone":"305.604.CITY(2489)","legalName":"City of Miami Beach"}]}},"_links":{"self":[{"href":"https:\/\/www.miamibeachfl.gov\/es\/wp-json\/wp\/v2\/pages\/281413","targetHints":{"allow":["GET"]}}],"collection":[{"href":"https:\/\/www.miamibeachfl.gov\/es\/wp-json\/wp\/v2\/pages"}],"about":[{"href":"https:\/\/www.miamibeachfl.gov\/es\/wp-json\/wp\/v2\/types\/page"}],"author":[{"embeddable":true,"href":"https:\/\/www.miamibeachfl.gov\/es\/wp-json\/wp\/v2\/users\/222"}],"replies":[{"embeddable":true,"href":"https:\/\/www.miamibeachfl.gov\/es\/wp-json\/wp\/v2\/comments?post=281413"}],"version-history":[{"count":0,"href":"https:\/\/www.miamibeachfl.gov\/es\/wp-json\/wp\/v2\/pages\/281413\/revisions"}],"up":[{"embeddable":true,"href":"https:\/\/www.miamibeachfl.gov\/es\/wp-json\/wp\/v2\/pages\/281293"}],"wp:featuredmedia":[{"embeddable":true,"href":"https:\/\/www.miamibeachfl.gov\/es\/wp-json\/wp\/v2\/media\/312671"}],"wp:attachment":[{"href":"https:\/\/www.miamibeachfl.gov\/es\/wp-json\/wp\/v2\/media?parent=281413"}],"wp:term":[{"taxonomy":"category","embeddable":true,"href":"https:\/\/www.miamibeachfl.gov\/es\/wp-json\/wp\/v2\/categories?post=281413"},{"taxonomy":"post_tag","embeddable":true,"href":"https:\/\/www.miamibeachfl.gov\/es\/wp-json\/wp\/v2\/tags?post=281413"}],"curies":[{"name":"gracias","href":"https:\/\/api.w.org\/{rel}","templated":true}]}}