{"id":281454,"date":"2023-12-01T10:24:10","date_gmt":"2023-12-01T15:24:10","guid":{"rendered":"https:\/\/www.miamibeachfl.gov\/?page_id=281454"},"modified":"2025-05-25T10:52:00","modified_gmt":"2025-05-25T14:52:00","slug":"benjaminzbraun","status":"publish","type":"page","link":"https:\/\/www.miamibeachfl.gov\/es\/city-hall\/city-attorney\/attorneys\/benjaminzbraun\/","title":{"rendered":"Benjam\u00edn Z. Braun <br> Fiscal adjunto de la ciudad"},"content":{"rendered":"<h1>\n\t\t\tBenjam\u00edn Z. Braun\t<\/h1>\n<h1>\n\t\t\tFiscal adjunto de la ciudad\t<\/h1>\nFiscal de la ciudad\t\t\t\n\t\t\t\t\t<ul id=\"menu-city-attorney\"><li id=\"menu-item-281297\"><a href=\"\/es\/city-hall\/city-attorney\/\">P\u00e1gina de inicio del Fiscal de la Ciudad<\/a><\/li>\n<li id=\"menu-item-281298\"><a href=\"\/es\/city-hall\/city-attorney\/attorneys\/\">Abogados<\/a><\/li>\n<li id=\"menu-item-281299\"><a href=\"\/es\/city-hall\/city-attorney\/internships\/\">Pasant\u00edas<\/a><\/li>\n<li id=\"menu-item-281302\"><a href=\"\/es\/city-hall\/city-attorney\/history-of-previous-attorneys\/\">Ex abogados de la ciudad<\/a><\/li>\n<\/ul>\t\nProcurador de la ciudad \u00d7\t\t\t\t\t\t<ul id=\"menu-city-attorney-1\"><li id=\"menu-item-281297\"><a href=\"\/es\/city-hall\/city-attorney\/\">P\u00e1gina de inicio del Fiscal de la Ciudad<\/a><\/li>\n<li id=\"menu-item-281298\"><a href=\"\/es\/city-hall\/city-attorney\/attorneys\/\">Abogados<\/a><\/li>\n<li id=\"menu-item-281299\"><a href=\"\/es\/city-hall\/city-attorney\/internships\/\">Pasant\u00edas<\/a><\/li>\n<li id=\"menu-item-281302\"><a href=\"\/es\/city-hall\/city-attorney\/history-of-previous-attorneys\/\">Ex abogados de la ciudad<\/a><\/li>\n<\/ul>\t\t\t\t\n\t\t\t\t<img decoding=\"async\" src=\"https:\/\/www.miamibeachfl.gov\/wp-content\/uploads\/bb-plugin\/cache\/BenjaminZBraun-Circle-circle.png\" alt=\"Benjamin Braun Attorney\" title=\"C\u00edrculo de Benjamin ZBraun\" itemprop=\"image\"\/>\n\t\t<h2>\n\t\t\tNuevos uniformes\t<\/h2>\n\t<p><strong>Educaci\u00f3n: <\/strong>Facultad de Derecho de la Universidad de Miami (JD, cum laude, 2019), UCLA (Certificado en Administraci\u00f3n de Empresas, 2015), Universidad Fairleigh Dickinson (Licenciatura en Estudios Empresariales, 2013)<\/p>\n<p><strong>Miembro<\/strong>: Colegio de Abogados de Florida (2019)<\/p>\n<p><strong>Nacido<\/strong>:Lawrence, Nueva York<\/p>\n<p>Benjamin Braun se incorpor\u00f3 a la Fiscal\u00eda Municipal en 2019. Sus \u00e1reas de pr\u00e1ctica incluyen derecho laboral, derecho constitucional federal y de Florida, y litigios civiles generales en tribunales estatales y federales. Tambi\u00e9n gestiona asuntos de cumplimiento de c\u00f3digos ante los Peritos Especiales de la Ciudad de Miami Beach.<\/p>\n<p>Antes de incorporarse a la Ciudad de Miami Beach, el Sr. Braun fue pasante judicial para el Juez Magistrado de los Estados Unidos Edwin G. Torres del Distrito Sur de Florida. Realiz\u00f3 pr\u00e1cticas de verano en la Fiscal\u00eda Municipal en 2018.<\/p>\n<p>Durante sus estudios de derecho, el Sr. Braun fue editor ejecutivo de la revista International and Comparative Law Review y miembro de la Junta de Tribunales Simulados de Charles C. Papy, Jr. Adem\u00e1s, durante su tercer a\u00f1o de derecho, trabaj\u00f3 como asistente de investigaci\u00f3n para los profesores Frances Hill e Irwin Stotzky.<\/p>","protected":false},"excerpt":{"rendered":"<p>Benjamin Z. Braun Assistant City Attorney City Attorney City Attorney Home Attorneys Internships Past City Attorneys City Attorney \u00d7 City [&hellip;]<\/p>\n","protected":false},"author":222,"featured_media":281456,"parent":281293,"menu_order":17,"comment_status":"closed","ping_status":"closed","template":"","meta":{"_searchwp_excluded":"","site-sidebar-layout":"default","site-content-layout":"","ast-site-content-layout":"default","site-content-style":"default","site-sidebar-style":"default","ast-global-header-display":"","ast-banner-title-visibility":"","ast-main-header-display":"","ast-hfb-above-header-display":"","ast-hfb-below-header-display":"","ast-hfb-mobile-header-display":"","site-post-title":"","ast-breadcrumbs-content":"","ast-featured-img":"","footer-sml-layout":"","theme-transparent-header-meta":"","adv-header-id-meta":"","stick-header-meta":"","header-above-stick-meta":"","header-main-stick-meta":"","header-below-stick-meta":"","astra-migrate-meta-layouts":"default","ast-page-background-enabled":"default","ast-page-background-meta":{"desktop":{"background-color":"var(--ast-global-color-5)","background-image":"","background-repeat":"repeat","background-position":"center center","background-size":"auto","background-attachment":"scroll","background-type":"","background-media":"","overlay-type":"","overlay-color":"","overlay-opacity":"","overlay-gradient":""},"tablet":{"background-color":"","background-image":"","background-repeat":"repeat","background-position":"center center","background-size":"auto","background-attachment":"scroll","background-type":"","background-media":"","overlay-type":"","overlay-color":"","overlay-opacity":"","overlay-gradient":""},"mobile":{"background-color":"","background-image":"","background-repeat":"repeat","background-position":"center center","background-size":"auto","background-attachment":"scroll","background-type":"","background-media":"","overlay-type":"","overlay-color":"","overlay-opacity":"","overlay-gradient":""}},"ast-content-background-meta":{"desktop":{"background-color":"var(--ast-global-color-4)","background-image":"","background-repeat":"repeat","background-position":"center center","background-size":"auto","background-attachment":"scroll","background-type":"","background-media":"","overlay-type":"","overlay-color":"","overlay-opacity":"","overlay-gradient":""},"tablet":{"background-color":"var(--ast-global-color-4)","background-image":"","background-repeat":"repeat","background-position":"center center","background-size":"auto","background-attachment":"scroll","background-type":"","background-media":"","overlay-type":"","overlay-color":"","overlay-opacity":"","overlay-gradient":""},"mobile":{"background-color":"var(--ast-global-color-4)","background-image":"","background-repeat":"repeat","background-position":"center center","background-size":"auto","background-attachment":"scroll","background-type":"","background-media":"","overlay-type":"","overlay-color":"","overlay-opacity":"","overlay-gradient":""}},"footnotes":""},"categories":[],"tags":[1144,1132],"class_list":["post-281454","page","type-page","status-publish","has-post-thumbnail","hentry","tag-benjamin-z-braun-attorney","tag-city-attorneys"],"yoast_head":"<!-- This site is optimized with the Yoast SEO Premium plugin v27.4 (Yoast SEO v27.4) - https:\/\/yoast.com\/product\/yoast-seo-premium-wordpress\/ -->\n<title>Benjamin Z. Braun  Assistant City Attorney - City of Miami Beach<\/title>\n<meta name=\"description\" content=\"Benjamin Braun joined the City Attorney&#039;s Office in 2019. Mr. Braun&#039;s areas of practice include employment law, federal and Florida constitutional law, and general civil litigation matters in both state and federal courts. Mr. Braun also handles code enforcement matters before the Special Masters of the City of Miami Beach.\" \/>\n<meta name=\"robots\" content=\"index, follow, max-snippet:-1, max-image-preview:large, max-video-preview:-1\" \/>\n<link rel=\"canonical\" href=\"https:\/\/www.miamibeachfl.gov\/es\/city-hall\/city-attorney\/attorneys\/benjaminzbraun\/\" \/>\n<meta property=\"og:locale\" content=\"es_ES\" \/>\n<meta property=\"og:type\" content=\"article\" \/>\n<meta property=\"og:title\" content=\"Benjamin Z. Braun  Assistant City Attorney\" \/>\n<meta property=\"og:description\" content=\"Benjamin Braun joined the City Attorney&#039;s Office in 2019. Mr. Braun&#039;s areas of practice include employment law, federal and Florida constitutional law, and general civil litigation matters in both state and federal courts. Mr. Braun also handles code enforcement matters before the Special Masters of the City of Miami Beach.\" \/>\n<meta property=\"og:url\" content=\"https:\/\/www.miamibeachfl.gov\/es\/city-hall\/city-attorney\/attorneys\/benjaminzbraun\/\" \/>\n<meta property=\"og:site_name\" content=\"City of Miami Beach\" \/>\n<meta property=\"article:publisher\" content=\"https:\/\/www.facebook.com\/cityofmiamibeach\" \/>\n<meta property=\"article:modified_time\" content=\"2025-05-25T14:52:00+00:00\" \/>\n<meta property=\"og:image\" content=\"https:\/\/www.miamibeachfl.gov\/wp-content\/uploads\/2023\/12\/BenjaminZBraun-Circle.png\" \/>\n\t<meta property=\"og:image:width\" content=\"250\" \/>\n\t<meta property=\"og:image:height\" content=\"250\" \/>\n\t<meta property=\"og:image:type\" content=\"image\/png\" \/>\n<meta name=\"twitter:card\" content=\"summary_large_image\" \/>\n<meta name=\"twitter:site\" content=\"@Miamibeachnews\" \/>\n<script type=\"application\/ld+json\" class=\"yoast-schema-graph\">{\"@context\":\"https:\\\/\\\/schema.org\",\"@graph\":[{\"@type\":\"WebPage\",\"@id\":\"https:\\\/\\\/www.miamibeachfl.gov\\\/city-hall\\\/city-attorney\\\/attorneys\\\/benjaminzbraun\\\/\",\"url\":\"https:\\\/\\\/www.miamibeachfl.gov\\\/city-hall\\\/city-attorney\\\/attorneys\\\/benjaminzbraun\\\/\",\"name\":\"Benjamin Z. Braun Assistant City Attorney - City of Miami Beach\",\"isPartOf\":{\"@id\":\"https:\\\/\\\/www.miamibeachfl.gov\\\/#website\"},\"primaryImageOfPage\":{\"@id\":\"https:\\\/\\\/www.miamibeachfl.gov\\\/city-hall\\\/city-attorney\\\/attorneys\\\/benjaminzbraun\\\/#primaryimage\"},\"image\":{\"@id\":\"https:\\\/\\\/www.miamibeachfl.gov\\\/city-hall\\\/city-attorney\\\/attorneys\\\/benjaminzbraun\\\/#primaryimage\"},\"thumbnailUrl\":\"https:\\\/\\\/www.miamibeachfl.gov\\\/wp-content\\\/uploads\\\/2023\\\/12\\\/BenjaminZBraun-Circle.png\",\"datePublished\":\"2023-12-01T15:24:10+00:00\",\"dateModified\":\"2025-05-25T14:52:00+00:00\",\"description\":\"Benjamin Braun joined the City Attorney's Office in 2019. Mr. Braun's areas of practice include employment law, federal and Florida constitutional law, and general civil litigation matters in both state and federal courts. Mr. Braun also handles code enforcement matters before the Special Masters of the City of Miami Beach.\",\"breadcrumb\":{\"@id\":\"https:\\\/\\\/www.miamibeachfl.gov\\\/city-hall\\\/city-attorney\\\/attorneys\\\/benjaminzbraun\\\/#breadcrumb\"},\"inLanguage\":\"es\",\"potentialAction\":[{\"@type\":\"ReadAction\",\"target\":[\"https:\\\/\\\/www.miamibeachfl.gov\\\/city-hall\\\/city-attorney\\\/attorneys\\\/benjaminzbraun\\\/\"]}]},{\"@type\":\"ImageObject\",\"inLanguage\":\"es\",\"@id\":\"https:\\\/\\\/www.miamibeachfl.gov\\\/city-hall\\\/city-attorney\\\/attorneys\\\/benjaminzbraun\\\/#primaryimage\",\"url\":\"https:\\\/\\\/www.miamibeachfl.gov\\\/wp-content\\\/uploads\\\/2023\\\/12\\\/BenjaminZBraun-Circle.png\",\"contentUrl\":\"https:\\\/\\\/www.miamibeachfl.gov\\\/wp-content\\\/uploads\\\/2023\\\/12\\\/BenjaminZBraun-Circle.png\",\"width\":250,\"height\":250,\"caption\":\"Benjamin Braun Attorney\"},{\"@type\":\"BreadcrumbList\",\"@id\":\"https:\\\/\\\/www.miamibeachfl.gov\\\/city-hall\\\/city-attorney\\\/attorneys\\\/benjaminzbraun\\\/#breadcrumb\",\"itemListElement\":[{\"@type\":\"ListItem\",\"position\":1,\"name\":\"Home\",\"item\":\"https:\\\/\\\/www.miamibeachfl.gov\\\/\"},{\"@type\":\"ListItem\",\"position\":2,\"name\":\"City Hall\",\"item\":\"https:\\\/\\\/www.miamibeachfl.gov\\\/city-hall\\\/\"},{\"@type\":\"ListItem\",\"position\":3,\"name\":\"City Attorney\",\"item\":\"https:\\\/\\\/www.miamibeachfl.gov\\\/city-hall\\\/city-attorney\\\/\"},{\"@type\":\"ListItem\",\"position\":4,\"name\":\"City of Miami Beach Attorneys\",\"item\":\"https:\\\/\\\/www.miamibeachfl.gov\\\/city-hall\\\/city-attorney\\\/attorneys\\\/\"},{\"@type\":\"ListItem\",\"position\":5,\"name\":\"Benjamin Z. Braun Assistant City Attorney\"}]},{\"@type\":\"WebSite\",\"@id\":\"https:\\\/\\\/www.miamibeachfl.gov\\\/#website\",\"url\":\"https:\\\/\\\/www.miamibeachfl.gov\\\/\",\"name\":\"City of Miami Beach\",\"description\":\"The official website of the City of Miami Beach. Stay informed, find important information on city services, news, alerts, events, trolley routes, government employment and more.\",\"publisher\":{\"@id\":\"https:\\\/\\\/www.miamibeachfl.gov\\\/#organization\"},\"potentialAction\":[{\"@type\":\"SearchAction\",\"target\":{\"@type\":\"EntryPoint\",\"urlTemplate\":\"https:\\\/\\\/www.miamibeachfl.gov\\\/?s={search_term_string}\"},\"query-input\":{\"@type\":\"PropertyValueSpecification\",\"valueRequired\":true,\"valueName\":\"search_term_string\"}}],\"inLanguage\":\"es\"},{\"@type\":\"Organization\",\"@id\":\"https:\\\/\\\/www.miamibeachfl.gov\\\/#organization\",\"name\":\"City of Miami Beach\",\"url\":\"https:\\\/\\\/www.miamibeachfl.gov\\\/\",\"logo\":{\"@type\":\"ImageObject\",\"inLanguage\":\"es\",\"@id\":\"https:\\\/\\\/www.miamibeachfl.gov\\\/#\\\/schema\\\/logo\\\/image\\\/\",\"url\":\"https:\\\/\\\/www.miamibeachfl.gov\\\/wp-content\\\/uploads\\\/2022\\\/06\\\/miamibeach-logoblue.png\",\"contentUrl\":\"https:\\\/\\\/www.miamibeachfl.gov\\\/wp-content\\\/uploads\\\/2022\\\/06\\\/miamibeach-logoblue.png\",\"width\":1962,\"height\":381,\"caption\":\"City of Miami Beach\"},\"image\":{\"@id\":\"https:\\\/\\\/www.miamibeachfl.gov\\\/#\\\/schema\\\/logo\\\/image\\\/\"},\"sameAs\":[\"https:\\\/\\\/www.facebook.com\\\/cityofmiamibeach\",\"https:\\\/\\\/x.com\\\/Miamibeachnews\",\"https:\\\/\\\/www.instagram.com\\\/miamibeachnews\\\/\"],\"description\":\"The official website of the City of Miami Beach. Stay informed, find important information on city services, news, alerts, events, trolley routes, government employment and more.\",\"telephone\":\"305.604.CITY(2489)\",\"legalName\":\"City of Miami Beach\"}]}<\/script>\n<!-- \/ Yoast SEO Premium plugin. -->","yoast_head_json":{"title":"Benjamin Z. Braun, Fiscal Adjunto de la Ciudad de Miami Beach","description":"Benjamin Braun se incorpor\u00f3 a la Fiscal\u00eda Municipal en 2019. Sus \u00e1reas de pr\u00e1ctica incluyen derecho laboral, derecho constitucional federal y de Florida, y litigios civiles generales en tribunales estatales y federales. Tambi\u00e9n gestiona asuntos de cumplimiento de c\u00f3digos ante los Peritos Especiales de la Ciudad de Miami Beach.","robots":{"index":"index","follow":"follow","max-snippet":"max-snippet:-1","max-image-preview":"max-image-preview:large","max-video-preview":"max-video-preview:-1"},"canonical":"https:\/\/www.miamibeachfl.gov\/es\/city-hall\/city-attorney\/attorneys\/benjaminzbraun\/","og_locale":"es_ES","og_type":"article","og_title":"Benjamin Z. Braun  Assistant City Attorney","og_description":"Benjamin Braun joined the City Attorney's Office in 2019. Mr. Braun's areas of practice include employment law, federal and Florida constitutional law, and general civil litigation matters in both state and federal courts. Mr. Braun also handles code enforcement matters before the Special Masters of the City of Miami Beach.","og_url":"https:\/\/www.miamibeachfl.gov\/es\/city-hall\/city-attorney\/attorneys\/benjaminzbraun\/","og_site_name":"City of Miami Beach","article_publisher":"https:\/\/www.facebook.com\/cityofmiamibeach","article_modified_time":"2025-05-25T14:52:00+00:00","og_image":[{"width":250,"height":250,"url":"https:\/\/www.miamibeachfl.gov\/wp-content\/uploads\/2023\/12\/BenjaminZBraun-Circle.png","type":"image\/png"}],"twitter_card":"summary_large_image","twitter_site":"@Miamibeachnews","schema":{"@context":"https:\/\/schema.org","@graph":[{"@type":"WebPage","@id":"https:\/\/www.miamibeachfl.gov\/city-hall\/city-attorney\/attorneys\/benjaminzbraun\/","url":"https:\/\/www.miamibeachfl.gov\/city-hall\/city-attorney\/attorneys\/benjaminzbraun\/","name":"Benjamin Z. Braun, Fiscal Adjunto de la Ciudad de Miami Beach","isPartOf":{"@id":"https:\/\/www.miamibeachfl.gov\/#website"},"primaryImageOfPage":{"@id":"https:\/\/www.miamibeachfl.gov\/city-hall\/city-attorney\/attorneys\/benjaminzbraun\/#primaryimage"},"image":{"@id":"https:\/\/www.miamibeachfl.gov\/city-hall\/city-attorney\/attorneys\/benjaminzbraun\/#primaryimage"},"thumbnailUrl":"https:\/\/www.miamibeachfl.gov\/wp-content\/uploads\/2023\/12\/BenjaminZBraun-Circle.png","datePublished":"2023-12-01T15:24:10+00:00","dateModified":"2025-05-25T14:52:00+00:00","description":"Benjamin Braun se incorpor\u00f3 a la Fiscal\u00eda Municipal en 2019. Sus \u00e1reas de pr\u00e1ctica incluyen derecho laboral, derecho constitucional federal y de Florida, y litigios civiles generales en tribunales estatales y federales. Tambi\u00e9n gestiona asuntos de cumplimiento de c\u00f3digos ante los Peritos Especiales de la Ciudad de Miami Beach.","breadcrumb":{"@id":"https:\/\/www.miamibeachfl.gov\/city-hall\/city-attorney\/attorneys\/benjaminzbraun\/#breadcrumb"},"inLanguage":"es","potentialAction":[{"@type":"ReadAction","target":["https:\/\/www.miamibeachfl.gov\/city-hall\/city-attorney\/attorneys\/benjaminzbraun\/"]}]},{"@type":"ImageObject","inLanguage":"es","@id":"https:\/\/www.miamibeachfl.gov\/city-hall\/city-attorney\/attorneys\/benjaminzbraun\/#primaryimage","url":"https:\/\/www.miamibeachfl.gov\/wp-content\/uploads\/2023\/12\/BenjaminZBraun-Circle.png","contentUrl":"https:\/\/www.miamibeachfl.gov\/wp-content\/uploads\/2023\/12\/BenjaminZBraun-Circle.png","width":250,"height":250,"caption":"Benjamin Braun Attorney"},{"@type":"BreadcrumbList","@id":"https:\/\/www.miamibeachfl.gov\/city-hall\/city-attorney\/attorneys\/benjaminzbraun\/#breadcrumb","itemListElement":[{"@type":"ListItem","position":1,"name":"Home","item":"https:\/\/www.miamibeachfl.gov\/"},{"@type":"ListItem","position":2,"name":"City Hall","item":"https:\/\/www.miamibeachfl.gov\/city-hall\/"},{"@type":"ListItem","position":3,"name":"City Attorney","item":"https:\/\/www.miamibeachfl.gov\/city-hall\/city-attorney\/"},{"@type":"ListItem","position":4,"name":"City of Miami Beach Attorneys","item":"https:\/\/www.miamibeachfl.gov\/city-hall\/city-attorney\/attorneys\/"},{"@type":"ListItem","position":5,"name":"Benjamin Z. Braun Assistant City Attorney"}]},{"@type":"WebSite","@id":"https:\/\/www.miamibeachfl.gov\/#website","url":"https:\/\/www.miamibeachfl.gov\/","name":"Ciudad de Miami Beach","description":"Sitio web oficial de la Ciudad de Miami Beach. Mant\u00e9ngase informado, encuentre informaci\u00f3n importante sobre servicios municipales, noticias, alertas, eventos, rutas de tranv\u00edas, empleos gubernamentales y m\u00e1s.","publisher":{"@id":"https:\/\/www.miamibeachfl.gov\/#organization"},"potentialAction":[{"@type":"SearchAction","target":{"@type":"EntryPoint","urlTemplate":"https:\/\/www.miamibeachfl.gov\/?s={search_term_string}"},"query-input":{"@type":"PropertyValueSpecification","valueRequired":true,"valueName":"search_term_string"}}],"inLanguage":"es"},{"@type":"Organization","@id":"https:\/\/www.miamibeachfl.gov\/#organization","name":"Ciudad de Miami Beach","url":"https:\/\/www.miamibeachfl.gov\/","logo":{"@type":"ImageObject","inLanguage":"es","@id":"https:\/\/www.miamibeachfl.gov\/#\/schema\/logo\/image\/","url":"https:\/\/www.miamibeachfl.gov\/wp-content\/uploads\/2022\/06\/miamibeach-logoblue.png","contentUrl":"https:\/\/www.miamibeachfl.gov\/wp-content\/uploads\/2022\/06\/miamibeach-logoblue.png","width":1962,"height":381,"caption":"City of Miami Beach"},"image":{"@id":"https:\/\/www.miamibeachfl.gov\/#\/schema\/logo\/image\/"},"sameAs":["https:\/\/www.facebook.com\/cityofmiamibeach","https:\/\/x.com\/Miamibeachnews","https:\/\/www.instagram.com\/miamibeachnews\/"],"description":"Sitio web oficial de la Ciudad de Miami Beach. Mant\u00e9ngase informado, encuentre informaci\u00f3n importante sobre servicios municipales, noticias, alertas, eventos, rutas de tranv\u00edas, empleos gubernamentales y m\u00e1s.","telephone":"305.604.CITY(2489)","legalName":"City of Miami Beach"}]}},"_links":{"self":[{"href":"https:\/\/www.miamibeachfl.gov\/es\/wp-json\/wp\/v2\/pages\/281454","targetHints":{"allow":["GET"]}}],"collection":[{"href":"https:\/\/www.miamibeachfl.gov\/es\/wp-json\/wp\/v2\/pages"}],"about":[{"href":"https:\/\/www.miamibeachfl.gov\/es\/wp-json\/wp\/v2\/types\/page"}],"author":[{"embeddable":true,"href":"https:\/\/www.miamibeachfl.gov\/es\/wp-json\/wp\/v2\/users\/222"}],"replies":[{"embeddable":true,"href":"https:\/\/www.miamibeachfl.gov\/es\/wp-json\/wp\/v2\/comments?post=281454"}],"version-history":[{"count":0,"href":"https:\/\/www.miamibeachfl.gov\/es\/wp-json\/wp\/v2\/pages\/281454\/revisions"}],"up":[{"embeddable":true,"href":"https:\/\/www.miamibeachfl.gov\/es\/wp-json\/wp\/v2\/pages\/281293"}],"wp:featuredmedia":[{"embeddable":true,"href":"https:\/\/www.miamibeachfl.gov\/es\/wp-json\/wp\/v2\/media\/281456"}],"wp:attachment":[{"href":"https:\/\/www.miamibeachfl.gov\/es\/wp-json\/wp\/v2\/media?parent=281454"}],"wp:term":[{"taxonomy":"category","embeddable":true,"href":"https:\/\/www.miamibeachfl.gov\/es\/wp-json\/wp\/v2\/categories?post=281454"},{"taxonomy":"post_tag","embeddable":true,"href":"https:\/\/www.miamibeachfl.gov\/es\/wp-json\/wp\/v2\/tags?post=281454"}],"curies":[{"name":"gracias","href":"https:\/\/api.w.org\/{rel}","templated":true}]}}