{"id":282025,"date":"2023-12-11T06:53:53","date_gmt":"2023-12-11T11:53:53","guid":{"rendered":"https:\/\/www.miamibeachfl.gov\/city-hall\/building\/permits\/pre-submittal-meeting\/"},"modified":"2024-03-19T16:34:57","modified_gmt":"2024-03-19T20:34:57","slug":"pre-submittal-meeting","status":"publish","type":"page","link":"https:\/\/www.miamibeachfl.gov\/es\/city-hall\/building\/permits\/pre-submittal-meeting\/","title":{"rendered":"Reuni\u00f3n previa a la presentaci\u00f3n del edificio"},"content":{"rendered":"<h2>\n\t\tReuni\u00f3n previa a la presentaci\u00f3n\n\t<\/h2>\n\t<p>El Departamento de Edificaci\u00f3n ofrece a sus clientes una consulta gratuita previa a la presentaci\u00f3n. Esta consulta incluye una reuni\u00f3n con los jefes de departamento, el arquitecto, el propietario y el contratista del proyecto para analizar los plazos del proyecto e identificar la mejor manera de obtener los permisos. Con base en esta reuni\u00f3n y dependiendo del alcance del proyecto, se asesorar\u00e1 al equipo sobre c\u00f3mo preparar y presentar eficazmente los paquetes de permisos. <strong><a href=\"https:\/\/www.miamibeachfl.gov\/wp-content\/uploads\/2023\/12\/Pre-submittal-4-7-2020-1.pdf\">Para solicitar la reuni\u00f3n de consulta previa a la presentaci\u00f3n, siga las instrucciones que figuran en este formulario.<\/a><\/strong><\/p>\n<p>Uno de los temas de la reuni\u00f3n de consulta previa a la presentaci\u00f3n es la discusi\u00f3n del proceso de permisos m\u00e1s eficaz seg\u00fan el alcance del proyecto. Por ejemplo, los proyectos que constan de m\u00e1s de una estructura o edificio dentro de la obra pueden dividirse en fases o etapas de construcci\u00f3n, o bien, las estructuras pueden construirse obteniendo permisos maestros separados para cada una. Al dividir un proyecto en fases o etapas, el Funcionario de Construcci\u00f3n puede autorizar la emisi\u00f3n de Certificados Temporales de Ocupaci\u00f3n. Tenga en cuenta que la estructura programada para abrir primero debe incluir los elementos comunes y el paisajismo del proyecto en su alcance.<\/p>\n<p>Si se emiten permisos separados para cada edificio, cada permiso deber\u00e1 recibir la calificaci\u00f3n de &quot;Finalizado&quot; antes de que se permita el inicio de la construcci\u00f3n del siguiente. Estas alternativas permiten al equipo del proyecto m\u00e1xima flexibilidad en cuanto a la emisi\u00f3n del Certificado de Ocupaci\u00f3n.<\/p>\n<p>Se entiende que los comentarios de la reuni\u00f3n previa a la presentaci\u00f3n no son exhaustivos, sino preliminares. Es posible que se generen comentarios adicionales no tratados en la reuni\u00f3n cuando el proyecto se presente formalmente para una revisi\u00f3n completa del plan.<\/p>","protected":false},"excerpt":{"rendered":"<p>Pre-Submittal Meeting The Building Department offers a free pre-submittal consultation to its Customers. The consultation entails meeting with the Department&#8217;s [&hellip;]<\/p>\n","protected":false},"author":222,"featured_media":0,"parent":268879,"menu_order":0,"comment_status":"closed","ping_status":"closed","template":"page-blank.php","meta":{"_searchwp_excluded":"","site-sidebar-layout":"default","site-content-layout":"","ast-site-content-layout":"default","site-content-style":"default","site-sidebar-style":"default","ast-global-header-display":"","ast-banner-title-visibility":"","ast-main-header-display":"","ast-hfb-above-header-display":"","ast-hfb-below-header-display":"","ast-hfb-mobile-header-display":"","site-post-title":"","ast-breadcrumbs-content":"","ast-featured-img":"","footer-sml-layout":"","theme-transparent-header-meta":"","adv-header-id-meta":"","stick-header-meta":"","header-above-stick-meta":"","header-main-stick-meta":"","header-below-stick-meta":"","astra-migrate-meta-layouts":"default","ast-page-background-enabled":"default","ast-page-background-meta":{"desktop":{"background-color":"var(--ast-global-color-5)","background-image":"","background-repeat":"repeat","background-position":"center center","background-size":"auto","background-attachment":"scroll","background-type":"","background-media":"","overlay-type":"","overlay-color":"","overlay-opacity":"","overlay-gradient":""},"tablet":{"background-color":"","background-image":"","background-repeat":"repeat","background-position":"center center","background-size":"auto","background-attachment":"scroll","background-type":"","background-media":"","overlay-type":"","overlay-color":"","overlay-opacity":"","overlay-gradient":""},"mobile":{"background-color":"","background-image":"","background-repeat":"repeat","background-position":"center center","background-size":"auto","background-attachment":"scroll","background-type":"","background-media":"","overlay-type":"","overlay-color":"","overlay-opacity":"","overlay-gradient":""}},"ast-content-background-meta":{"desktop":{"background-color":"var(--ast-global-color-4)","background-image":"","background-repeat":"repeat","background-position":"center center","background-size":"auto","background-attachment":"scroll","background-type":"","background-media":"","overlay-type":"","overlay-color":"","overlay-opacity":"","overlay-gradient":""},"tablet":{"background-color":"var(--ast-global-color-4)","background-image":"","background-repeat":"repeat","background-position":"center center","background-size":"auto","background-attachment":"scroll","background-type":"","background-media":"","overlay-type":"","overlay-color":"","overlay-opacity":"","overlay-gradient":""},"mobile":{"background-color":"var(--ast-global-color-4)","background-image":"","background-repeat":"repeat","background-position":"center center","background-size":"auto","background-attachment":"scroll","background-type":"","background-media":"","overlay-type":"","overlay-color":"","overlay-opacity":"","overlay-gradient":""}},"footnotes":""},"categories":[],"tags":[],"class_list":["post-282025","page","type-page","status-publish","hentry"],"yoast_head":"<!-- This site is optimized with the Yoast SEO Premium plugin v27.4 (Yoast SEO v27.4) - https:\/\/yoast.com\/product\/yoast-seo-premium-wordpress\/ -->\n<title>Building Pre-Submittal Meeting - City of Miami Beach<\/title>\n<meta name=\"description\" content=\"Applicants may request a Pre-Submittal Meeting and reduce the time it takes to get a permit by receiving a preliminary review of your plans. In order to qualify, plans must be 75% complete and the design professional must be present\" \/>\n<meta name=\"robots\" content=\"index, follow, max-snippet:-1, max-image-preview:large, max-video-preview:-1\" \/>\n<link rel=\"canonical\" href=\"https:\/\/www.miamibeachfl.gov\/es\/city-hall\/building\/permits\/pre-submittal-meeting\/\" \/>\n<meta property=\"og:locale\" content=\"es_ES\" \/>\n<meta property=\"og:type\" content=\"article\" \/>\n<meta property=\"og:title\" content=\"Building Pre-Submittal Meeting\" \/>\n<meta property=\"og:description\" content=\"Applicants may request a Pre-Submittal Meeting and reduce the time it takes to get a permit by receiving a preliminary review of your plans. In order to qualify, plans must be 75% complete and the design professional must be present\" \/>\n<meta property=\"og:url\" content=\"https:\/\/www.miamibeachfl.gov\/es\/city-hall\/building\/permits\/pre-submittal-meeting\/\" \/>\n<meta property=\"og:site_name\" content=\"City of Miami Beach\" \/>\n<meta property=\"article:publisher\" content=\"https:\/\/www.facebook.com\/cityofmiamibeach\" \/>\n<meta property=\"article:modified_time\" content=\"2024-03-19T20:34:57+00:00\" \/>\n<meta property=\"og:image\" content=\"https:\/\/www.miamibeachfl.gov\/wp-content\/uploads\/2024\/01\/1000pxSquare-miamibeach-aerial-southpointview.jpeg\" \/>\n\t<meta property=\"og:image:width\" content=\"1000\" \/>\n\t<meta property=\"og:image:height\" content=\"1000\" \/>\n\t<meta property=\"og:image:type\" content=\"image\/jpeg\" \/>\n<meta name=\"twitter:card\" content=\"summary_large_image\" \/>\n<meta name=\"twitter:site\" content=\"@Miamibeachnews\" \/>\n<script type=\"application\/ld+json\" class=\"yoast-schema-graph\">{\"@context\":\"https:\\\/\\\/schema.org\",\"@graph\":[{\"@type\":\"WebPage\",\"@id\":\"https:\\\/\\\/www.miamibeachfl.gov\\\/city-hall\\\/building\\\/permits\\\/pre-submittal-meeting\\\/\",\"url\":\"https:\\\/\\\/www.miamibeachfl.gov\\\/city-hall\\\/building\\\/permits\\\/pre-submittal-meeting\\\/\",\"name\":\"Building Pre-Submittal Meeting - City of Miami Beach\",\"isPartOf\":{\"@id\":\"https:\\\/\\\/www.miamibeachfl.gov\\\/#website\"},\"datePublished\":\"2023-12-11T11:53:53+00:00\",\"dateModified\":\"2024-03-19T20:34:57+00:00\",\"description\":\"Applicants may request a Pre-Submittal Meeting and reduce the time it takes to get a permit by receiving a preliminary review of your plans. In order to qualify, plans must be 75% complete and the design professional must be present\",\"breadcrumb\":{\"@id\":\"https:\\\/\\\/www.miamibeachfl.gov\\\/city-hall\\\/building\\\/permits\\\/pre-submittal-meeting\\\/#breadcrumb\"},\"inLanguage\":\"es\",\"potentialAction\":[{\"@type\":\"ReadAction\",\"target\":[\"https:\\\/\\\/www.miamibeachfl.gov\\\/city-hall\\\/building\\\/permits\\\/pre-submittal-meeting\\\/\"]}]},{\"@type\":\"BreadcrumbList\",\"@id\":\"https:\\\/\\\/www.miamibeachfl.gov\\\/city-hall\\\/building\\\/permits\\\/pre-submittal-meeting\\\/#breadcrumb\",\"itemListElement\":[{\"@type\":\"ListItem\",\"position\":1,\"name\":\"Home\",\"item\":\"https:\\\/\\\/www.miamibeachfl.gov\\\/\"},{\"@type\":\"ListItem\",\"position\":2,\"name\":\"City Hall\",\"item\":\"https:\\\/\\\/www.miamibeachfl.gov\\\/city-hall\\\/\"},{\"@type\":\"ListItem\",\"position\":3,\"name\":\"Building\",\"item\":\"https:\\\/\\\/www.miamibeachfl.gov\\\/city-hall\\\/building\\\/\"},{\"@type\":\"ListItem\",\"position\":4,\"name\":\"Building Permits\",\"item\":\"https:\\\/\\\/www.miamibeachfl.gov\\\/city-hall\\\/building\\\/permits\\\/\"},{\"@type\":\"ListItem\",\"position\":5,\"name\":\"Building Pre-Submittal Meeting\"}]},{\"@type\":\"WebSite\",\"@id\":\"https:\\\/\\\/www.miamibeachfl.gov\\\/#website\",\"url\":\"https:\\\/\\\/www.miamibeachfl.gov\\\/\",\"name\":\"City of Miami Beach\",\"description\":\"The official website of the City of Miami Beach. Stay informed, find important information on city services, news, alerts, events, trolley routes, government employment and more.\",\"publisher\":{\"@id\":\"https:\\\/\\\/www.miamibeachfl.gov\\\/#organization\"},\"potentialAction\":[{\"@type\":\"SearchAction\",\"target\":{\"@type\":\"EntryPoint\",\"urlTemplate\":\"https:\\\/\\\/www.miamibeachfl.gov\\\/?s={search_term_string}\"},\"query-input\":{\"@type\":\"PropertyValueSpecification\",\"valueRequired\":true,\"valueName\":\"search_term_string\"}}],\"inLanguage\":\"es\"},{\"@type\":\"Organization\",\"@id\":\"https:\\\/\\\/www.miamibeachfl.gov\\\/#organization\",\"name\":\"City of Miami Beach\",\"url\":\"https:\\\/\\\/www.miamibeachfl.gov\\\/\",\"logo\":{\"@type\":\"ImageObject\",\"inLanguage\":\"es\",\"@id\":\"https:\\\/\\\/www.miamibeachfl.gov\\\/#\\\/schema\\\/logo\\\/image\\\/\",\"url\":\"https:\\\/\\\/www.miamibeachfl.gov\\\/wp-content\\\/uploads\\\/2022\\\/06\\\/miamibeach-logoblue.png\",\"contentUrl\":\"https:\\\/\\\/www.miamibeachfl.gov\\\/wp-content\\\/uploads\\\/2022\\\/06\\\/miamibeach-logoblue.png\",\"width\":1962,\"height\":381,\"caption\":\"City of Miami Beach\"},\"image\":{\"@id\":\"https:\\\/\\\/www.miamibeachfl.gov\\\/#\\\/schema\\\/logo\\\/image\\\/\"},\"sameAs\":[\"https:\\\/\\\/www.facebook.com\\\/cityofmiamibeach\",\"https:\\\/\\\/x.com\\\/Miamibeachnews\",\"https:\\\/\\\/www.instagram.com\\\/miamibeachnews\\\/\"],\"description\":\"The official website of the City of Miami Beach. Stay informed, find important information on city services, news, alerts, events, trolley routes, government employment and more.\",\"telephone\":\"305.604.CITY(2489)\",\"legalName\":\"City of Miami Beach\"}]}<\/script>\n<!-- \/ Yoast SEO Premium plugin. -->","yoast_head_json":{"title":"Reuni\u00f3n previa a la presentaci\u00f3n de proyectos de construcci\u00f3n - Ciudad de Miami Beach","description":"Los solicitantes pueden solicitar una reuni\u00f3n previa a la presentaci\u00f3n y reducir el tiempo de obtenci\u00f3n del permiso al recibir una revisi\u00f3n preliminar de sus planos. Para calificar, los planos deben estar completos seg\u00fan el formulario 75% y el profesional de dise\u00f1o debe estar presente.","robots":{"index":"index","follow":"follow","max-snippet":"max-snippet:-1","max-image-preview":"max-image-preview:large","max-video-preview":"max-video-preview:-1"},"canonical":"https:\/\/www.miamibeachfl.gov\/es\/city-hall\/building\/permits\/pre-submittal-meeting\/","og_locale":"es_ES","og_type":"article","og_title":"Building Pre-Submittal Meeting","og_description":"Applicants may request a Pre-Submittal Meeting and reduce the time it takes to get a permit by receiving a preliminary review of your plans. In order to qualify, plans must be 75% complete and the design professional must be present","og_url":"https:\/\/www.miamibeachfl.gov\/es\/city-hall\/building\/permits\/pre-submittal-meeting\/","og_site_name":"City of Miami Beach","article_publisher":"https:\/\/www.facebook.com\/cityofmiamibeach","article_modified_time":"2024-03-19T20:34:57+00:00","og_image":[{"width":1000,"height":1000,"url":"https:\/\/www.miamibeachfl.gov\/wp-content\/uploads\/2024\/01\/1000pxSquare-miamibeach-aerial-southpointview.jpeg","type":"image\/jpeg"}],"twitter_card":"summary_large_image","twitter_site":"@Miamibeachnews","schema":{"@context":"https:\/\/schema.org","@graph":[{"@type":"WebPage","@id":"https:\/\/www.miamibeachfl.gov\/city-hall\/building\/permits\/pre-submittal-meeting\/","url":"https:\/\/www.miamibeachfl.gov\/city-hall\/building\/permits\/pre-submittal-meeting\/","name":"Reuni\u00f3n previa a la presentaci\u00f3n de proyectos de construcci\u00f3n - Ciudad de Miami Beach","isPartOf":{"@id":"https:\/\/www.miamibeachfl.gov\/#website"},"datePublished":"2023-12-11T11:53:53+00:00","dateModified":"2024-03-19T20:34:57+00:00","description":"Los solicitantes pueden solicitar una reuni\u00f3n previa a la presentaci\u00f3n y reducir el tiempo de obtenci\u00f3n del permiso al recibir una revisi\u00f3n preliminar de sus planos. Para calificar, los planos deben estar completos seg\u00fan el formulario 75% y el profesional de dise\u00f1o debe estar presente.","breadcrumb":{"@id":"https:\/\/www.miamibeachfl.gov\/city-hall\/building\/permits\/pre-submittal-meeting\/#breadcrumb"},"inLanguage":"es","potentialAction":[{"@type":"ReadAction","target":["https:\/\/www.miamibeachfl.gov\/city-hall\/building\/permits\/pre-submittal-meeting\/"]}]},{"@type":"BreadcrumbList","@id":"https:\/\/www.miamibeachfl.gov\/city-hall\/building\/permits\/pre-submittal-meeting\/#breadcrumb","itemListElement":[{"@type":"ListItem","position":1,"name":"Home","item":"https:\/\/www.miamibeachfl.gov\/"},{"@type":"ListItem","position":2,"name":"City Hall","item":"https:\/\/www.miamibeachfl.gov\/city-hall\/"},{"@type":"ListItem","position":3,"name":"Building","item":"https:\/\/www.miamibeachfl.gov\/city-hall\/building\/"},{"@type":"ListItem","position":4,"name":"Building Permits","item":"https:\/\/www.miamibeachfl.gov\/city-hall\/building\/permits\/"},{"@type":"ListItem","position":5,"name":"Building Pre-Submittal Meeting"}]},{"@type":"WebSite","@id":"https:\/\/www.miamibeachfl.gov\/#website","url":"https:\/\/www.miamibeachfl.gov\/","name":"Ciudad de Miami Beach","description":"Sitio web oficial de la Ciudad de Miami Beach. Mant\u00e9ngase informado, encuentre informaci\u00f3n importante sobre servicios municipales, noticias, alertas, eventos, rutas de tranv\u00edas, empleos gubernamentales y m\u00e1s.","publisher":{"@id":"https:\/\/www.miamibeachfl.gov\/#organization"},"potentialAction":[{"@type":"SearchAction","target":{"@type":"EntryPoint","urlTemplate":"https:\/\/www.miamibeachfl.gov\/?s={search_term_string}"},"query-input":{"@type":"PropertyValueSpecification","valueRequired":true,"valueName":"search_term_string"}}],"inLanguage":"es"},{"@type":"Organization","@id":"https:\/\/www.miamibeachfl.gov\/#organization","name":"Ciudad de Miami Beach","url":"https:\/\/www.miamibeachfl.gov\/","logo":{"@type":"ImageObject","inLanguage":"es","@id":"https:\/\/www.miamibeachfl.gov\/#\/schema\/logo\/image\/","url":"https:\/\/www.miamibeachfl.gov\/wp-content\/uploads\/2022\/06\/miamibeach-logoblue.png","contentUrl":"https:\/\/www.miamibeachfl.gov\/wp-content\/uploads\/2022\/06\/miamibeach-logoblue.png","width":1962,"height":381,"caption":"City of Miami Beach"},"image":{"@id":"https:\/\/www.miamibeachfl.gov\/#\/schema\/logo\/image\/"},"sameAs":["https:\/\/www.facebook.com\/cityofmiamibeach","https:\/\/x.com\/Miamibeachnews","https:\/\/www.instagram.com\/miamibeachnews\/"],"description":"Sitio web oficial de la Ciudad de Miami Beach. Mant\u00e9ngase informado, encuentre informaci\u00f3n importante sobre servicios municipales, noticias, alertas, eventos, rutas de tranv\u00edas, empleos gubernamentales y m\u00e1s.","telephone":"305.604.CITY(2489)","legalName":"City of Miami Beach"}]}},"_links":{"self":[{"href":"https:\/\/www.miamibeachfl.gov\/es\/wp-json\/wp\/v2\/pages\/282025","targetHints":{"allow":["GET"]}}],"collection":[{"href":"https:\/\/www.miamibeachfl.gov\/es\/wp-json\/wp\/v2\/pages"}],"about":[{"href":"https:\/\/www.miamibeachfl.gov\/es\/wp-json\/wp\/v2\/types\/page"}],"author":[{"embeddable":true,"href":"https:\/\/www.miamibeachfl.gov\/es\/wp-json\/wp\/v2\/users\/222"}],"replies":[{"embeddable":true,"href":"https:\/\/www.miamibeachfl.gov\/es\/wp-json\/wp\/v2\/comments?post=282025"}],"version-history":[{"count":0,"href":"https:\/\/www.miamibeachfl.gov\/es\/wp-json\/wp\/v2\/pages\/282025\/revisions"}],"up":[{"embeddable":true,"href":"https:\/\/www.miamibeachfl.gov\/es\/wp-json\/wp\/v2\/pages\/268879"}],"wp:attachment":[{"href":"https:\/\/www.miamibeachfl.gov\/es\/wp-json\/wp\/v2\/media?parent=282025"}],"wp:term":[{"taxonomy":"category","embeddable":true,"href":"https:\/\/www.miamibeachfl.gov\/es\/wp-json\/wp\/v2\/categories?post=282025"},{"taxonomy":"post_tag","embeddable":true,"href":"https:\/\/www.miamibeachfl.gov\/es\/wp-json\/wp\/v2\/tags?post=282025"}],"curies":[{"name":"gracias","href":"https:\/\/api.w.org\/{rel}","templated":true}]}}