{"id":28271,"date":"2017-08-11T00:02:35","date_gmt":"2017-08-11T00:02:35","guid":{"rendered":"http:\/\/www.miamibeachfl.gov\/city-hall\/finance\/financial-documents\/management\/"},"modified":"2025-06-26T09:38:58","modified_gmt":"2025-06-26T13:38:58","slug":"management","status":"publish","type":"page","link":"https:\/\/www.miamibeachfl.gov\/es\/city-hall\/finance\/financial-documents\/management\/","title":{"rendered":"Oficina de Administraci\u00f3n y Presupuesto"},"content":{"rendered":"<img decoding=\"async\" src=\"https:\/\/www.miamibeachfl.gov\/wp-content\/uploads\/2022\/07\/hero-small.jpg\" alt=\"ocean drive art deco buildings\" itemprop=\"image\" title=\"h\u00e9roe peque\u00f1o\" onerror=\"this.style.display='none'\" loading='lazy' \/>\n<h1>\n\t\t\tOficina de Administraci\u00f3n y Presupuesto\t<\/h1>\n\t<nav id=\"breadcrumbs\" aria-label=\"Pan rallado\"><a href=\"https:\/\/www.miamibeachfl.gov\/es\/\">Hogar<\/a> &gt; <a href=\"https:\/\/www.miamibeachfl.gov\/es\/city-hall\/\">Ayuntamiento<\/a> &gt; <a href=\"https:\/\/www.miamibeachfl.gov\/es\/city-hall\/finance\/\">Finanzas<\/a> &gt; <a href=\"https:\/\/www.miamibeachfl.gov\/es\/city-hall\/finance\/financial-documents\/\">Informes financieros<\/a> &gt; <strong>Oficina de Administraci\u00f3n y Presupuesto<\/strong><\/nav>\n\t<h4><strong>OFICINA DE ADMINISTRACI\u00d3N Y PRESUPUESTO<\/strong><\/h4>\n<p>La Oficina de Administraci\u00f3n y Presupuesto es responsable de garantizar la estabilidad financiera y la eficiencia operativa de la Ciudad. Su principal responsabilidad es la elaboraci\u00f3n, presentaci\u00f3n y supervisi\u00f3n del presupuesto anual de la Ciudad, de conformidad con los requisitos del Estatuto de Florida 200.065, com\u00fanmente conocido como Veracidad en el Millaje (TRIM).<\/p>\n<p><b><a title=\"Libro de presupuesto propuesto para el a\u00f1o fiscal 08\/09\" href=\"http:\/\/old.miamibeachfl.gov\/docs\/08-09%20Proposed%20with%20bookmarks.pdf\" target=\"_blank\" rel=\"noopener\">Libro de presupuesto propuesto para el a\u00f1o fiscal 08\/09<\/a><\/b>\u00a0(Acr\u00f3bata)<\/p>\n<p><b><a title=\"Libro de Presupuesto Aprobado para el A\u00f1o Fiscal 07\/08\" href=\"http:\/\/old.miamibeachfl.gov\/docs\/07-08%20Adopted%20Budget%20web.pdf\" target=\"_blank\" rel=\"noopener\">Libro de Presupuesto Aprobado para el A\u00f1o Fiscal 07\/08<\/a><\/b>\u00a0(Acr\u00f3bata)<\/p>\n<p><b><a title=\"Libro de Presupuesto Aprobado para el A\u00f1o Fiscal 06\/07\" href=\"http:\/\/old.miamibeachfl.gov\/docs\/2007%20adopted_web.pdf\" target=\"_blank\" rel=\"noopener\">Libro de Presupuesto Aprobado para el A\u00f1o Fiscal 06\/07<\/a><\/b>\u00a0(Acr\u00f3bata)<\/p>\n<p><b><a title=\"Libro de Presupuesto Aprobado para el A\u00f1o Fiscal 05\/06\" href=\"http:\/\/old.miamibeachfl.gov\/docs\/2006%20ADOPTED.pdf\" target=\"_blank\" rel=\"noopener\">Libro de Presupuesto Aprobado para el A\u00f1o Fiscal 05\/06<\/a><\/b>\u00a0(Acr\u00f3bata)<\/p>\n<p><b><a title=\"Libro de Presupuesto Aprobado para el A\u00f1o Fiscal 04\/05\" href=\"http:\/\/old.miamibeachfl.gov\/docs\/Adopted%20Budget%202005.pdf\" target=\"_blank\" rel=\"noopener\">Libro de Presupuesto Aprobado para el A\u00f1o Fiscal 04\/05<\/a><\/b>\u00a0(Acr\u00f3bata)<\/p>\n<p><b><a title=\"Libro de Presupuesto Aprobado para el A\u00f1o Fiscal 03\/04\" href=\"http:\/\/old.miamibeachfl.gov\/docs\/ADOPTED%20Budget%20Book%202004.pdf\" target=\"_blank\" rel=\"noopener\">Libro de Presupuesto Aprobado para el A\u00f1o Fiscal 03\/04<\/a><\/b>\u00a0(Acr\u00f3bata)<\/p>\n<p><b>Libro de Presupuesto Aprobado para el A\u00f1o Fiscal 02\/03<\/b>\u00a0P\u00e1ginas: <a title=\"1-74\" href=\"http:\/\/old.miamibeachfl.gov\/docs\/Adopted%20Budget%20Bk%20Pgs%201-100.pdf\" target=\"_blank\" rel=\"noopener\">1-74<\/a>,\u00a0<a title=\"75-173\" href=\"http:\/\/www.miamibeachfl.gov\/es\/docs\/Adopted%20Budget%20Bk%20Pgs%20101-200.pdf\/\" target=\"_blank\" rel=\"noopener\">75-173<\/a>,\u00a0<a title=\"174-272\" href=\"http:\/\/old.miamibeachfl.gov\/docs\/Adopted%20Budget%20Bk%20Pgs%20201-300.pdf\" target=\"_blank\" rel=\"noopener\">174-272<\/a>, <a title=\"273-372\" href=\"http:\/\/old.miamibeachfl.gov\/docs\/Adopted%20Budget%20Bk%20Pgs%20301-400.pdf\" target=\"_blank\" rel=\"noopener\">273-372<\/a>,\u00a0<a title=\"373-467\" href=\"http:\/\/old.miamibeachfl.gov\/docs\/Adopted%20Budget%20Bk%20Pgs%20401-500.pdf\" target=\"_blank\" rel=\"noopener\">373-467<\/a>, <a title=\"468-565\" href=\"http:\/\/old.miamibeachfl.gov\/docs\/Adopted%20Budget%20Bk%20Pgs%20501-600.pdf\" target=\"_blank\" rel=\"noopener\">468-565<\/a>\u00a0(Acr\u00f3bata)<\/p>\n<p><a title=\"Enlace\" href=\"http:\/\/www.gfoa.org\/\" target=\"_blank\" rel=\"noopener\"><img decoding=\"async\" title=\"Asociaci\u00f3n de Funcionarios de Finanzas del Gobierno\" src=\"\/wp-content\/uploads\/2017\/09\/gfoa1.png\" alt=\"Goverment Finance Officers Association\" height=\"92\" \/><\/a><\/p>\n<p><b>Ciudad honrada con el Premio a la Presentaci\u00f3n Distinguida del Presupuesto: la Asociaci\u00f3n de Oficiales de Finanzas del Gobierno (GFOA) otorg\u00f3 a la Ciudad de Miami Beach su Premio a la Presentaci\u00f3n Distinguida del Presupuesto por su presupuesto<\/b>\u00a0<b>para los a\u00f1os 2003, 2004, 2005, 2006 y 2007<\/b>Esto refleja el compromiso del \u00f3rgano rector y del personal con el cumplimiento de los m\u00e1s altos principios de la presupuestaci\u00f3n gubernamental. Los galardonados han sido pioneros en iniciativas para mejorar la calidad de la presupuestaci\u00f3n y constituyen un excelente ejemplo para otros gobiernos de Norteam\u00e9rica.<\/p>\n\t\tNavegar a\u2026\t\t\t\n\t\t\t\t\t<ul id=\"menu-finance-reports\"><li id=\"menu-item-364745\"><a href=\"\/es\/city-hall\/finance\/financial-documents\/comprehensive-annual-reports\/\">Informes anuales<\/a><\/li>\n<li id=\"menu-item-364746\"><a href=\"\/es\/city-hall\/finance\/financial-documents\/archive-financial-documents\/\">Archivar documentos financieros<\/a><\/li>\n<li id=\"menu-item-364747\"><a href=\"\/es\/city-hall\/finance\/financial-documents\/miami-beach-redevelopment-agency\/\">Agencia de Reurbanizaci\u00f3n de Miami Beach<\/a><\/li>\n<li id=\"menu-item-364748\"><a href=\"\/es\/city-hall\/finance\/financial-documents\/management\/\">Oficina de Administraci\u00f3n y Presupuesto<\/a><\/li>\n<li id=\"menu-item-364749\"><a href=\"\/es\/city-hall\/finance\/financial-documents\/single-audit-report\/\">Informe de auditor\u00eda \u00fanico<\/a><\/li>\n<\/ul>\t\n\t<div class=\"page-navigation\"><a class=\"prev-page\" href=\"https:\/\/www.miamibeachfl.gov\/es\/city-hall\/finance\/financial-documents\/2023-financial-reports\/\">\u2190 Informes financieros del ejercicio fiscal finalizado el 30 de septiembre de 2023<\/a> <a class=\"next-page\" href=\"https:\/\/www.miamibeachfl.gov\/es\/city-hall\/finance\/financial-documents\/archive-financial-documents\/\">Archivar documentos financieros \u2192<\/a><\/div>","protected":false},"excerpt":{"rendered":"<p>Office Of Management &#038; Budget Home &gt; City Hall &gt; Finance &gt; Financial Reports &gt; Office Of Management &#038; Budget [&hellip;]<\/p>\n","protected":false},"author":222,"featured_media":0,"parent":385210,"menu_order":5,"comment_status":"closed","ping_status":"closed","template":"","meta":{"_searchwp_excluded":"","site-sidebar-layout":"default","site-content-layout":"","ast-site-content-layout":"default","site-content-style":"default","site-sidebar-style":"default","ast-global-header-display":"","ast-banner-title-visibility":"","ast-main-header-display":"","ast-hfb-above-header-display":"","ast-hfb-below-header-display":"","ast-hfb-mobile-header-display":"","site-post-title":"","ast-breadcrumbs-content":"","ast-featured-img":"","footer-sml-layout":"","theme-transparent-header-meta":"","adv-header-id-meta":"","stick-header-meta":"","header-above-stick-meta":"","header-main-stick-meta":"","header-below-stick-meta":"","astra-migrate-meta-layouts":"default","ast-page-background-enabled":"default","ast-page-background-meta":{"desktop":{"background-color":"var(--ast-global-color-5)","background-image":"","background-repeat":"repeat","background-position":"center center","background-size":"auto","background-attachment":"scroll","background-type":"","background-media":"","overlay-type":"","overlay-color":"","overlay-opacity":"","overlay-gradient":""},"tablet":{"background-color":"","background-image":"","background-repeat":"repeat","background-position":"center center","background-size":"auto","background-attachment":"scroll","background-type":"","background-media":"","overlay-type":"","overlay-color":"","overlay-opacity":"","overlay-gradient":""},"mobile":{"background-color":"","background-image":"","background-repeat":"repeat","background-position":"center center","background-size":"auto","background-attachment":"scroll","background-type":"","background-media":"","overlay-type":"","overlay-color":"","overlay-opacity":"","overlay-gradient":""}},"ast-content-background-meta":{"desktop":{"background-color":"var(--ast-global-color-4)","background-image":"","background-repeat":"repeat","background-position":"center center","background-size":"auto","background-attachment":"scroll","background-type":"","background-media":"","overlay-type":"","overlay-color":"","overlay-opacity":"","overlay-gradient":""},"tablet":{"background-color":"var(--ast-global-color-4)","background-image":"","background-repeat":"repeat","background-position":"center center","background-size":"auto","background-attachment":"scroll","background-type":"","background-media":"","overlay-type":"","overlay-color":"","overlay-opacity":"","overlay-gradient":""},"mobile":{"background-color":"var(--ast-global-color-4)","background-image":"","background-repeat":"repeat","background-position":"center center","background-size":"auto","background-attachment":"scroll","background-type":"","background-media":"","overlay-type":"","overlay-color":"","overlay-opacity":"","overlay-gradient":""}},"footnotes":""},"categories":[],"tags":[],"class_list":["post-28271","page","type-page","status-publish","hentry"],"yoast_head":"<!-- This site is optimized with the Yoast SEO Premium plugin v27.4 (Yoast SEO v27.4) - https:\/\/yoast.com\/product\/yoast-seo-premium-wordpress\/ -->\n<title>Office Of Management &amp; Budget - City of Miami Beach<\/title>\n<meta name=\"description\" content=\"%\" \/>\n<meta name=\"robots\" content=\"index, follow, max-snippet:-1, max-image-preview:large, max-video-preview:-1\" \/>\n<link rel=\"canonical\" href=\"https:\/\/www.miamibeachfl.gov\/es\/city-hall\/finance\/financial-documents\/management\/\" \/>\n<meta property=\"og:locale\" content=\"es_ES\" \/>\n<meta property=\"og:type\" content=\"article\" \/>\n<meta property=\"og:title\" content=\"Office Of Management &amp; Budget\" \/>\n<meta property=\"og:description\" content=\"%\" \/>\n<meta property=\"og:url\" content=\"https:\/\/www.miamibeachfl.gov\/es\/city-hall\/finance\/financial-documents\/management\/\" \/>\n<meta property=\"og:site_name\" content=\"City of Miami Beach\" \/>\n<meta property=\"article:publisher\" content=\"https:\/\/www.facebook.com\/cityofmiamibeach\" \/>\n<meta property=\"article:modified_time\" content=\"2025-06-26T13:38:58+00:00\" \/>\n<meta property=\"og:image\" content=\"https:\/\/www.miamibeachfl.gov\/wp-content\/uploads\/2022\/07\/hero-small.jpg\" \/>\n<meta name=\"twitter:card\" content=\"summary_large_image\" \/>\n<meta name=\"twitter:site\" content=\"@Miamibeachnews\" \/>\n<script type=\"application\/ld+json\" class=\"yoast-schema-graph\">{\"@context\":\"https:\\\/\\\/schema.org\",\"@graph\":[{\"@type\":\"WebPage\",\"@id\":\"https:\\\/\\\/www.miamibeachfl.gov\\\/city-hall\\\/finance\\\/financial-documents\\\/management\\\/\",\"url\":\"https:\\\/\\\/www.miamibeachfl.gov\\\/city-hall\\\/finance\\\/financial-documents\\\/management\\\/\",\"name\":\"Office Of Management & Budget - City of Miami Beach\",\"isPartOf\":{\"@id\":\"https:\\\/\\\/www.miamibeachfl.gov\\\/#website\"},\"primaryImageOfPage\":{\"@id\":\"https:\\\/\\\/www.miamibeachfl.gov\\\/city-hall\\\/finance\\\/financial-documents\\\/management\\\/#primaryimage\"},\"image\":{\"@id\":\"https:\\\/\\\/www.miamibeachfl.gov\\\/city-hall\\\/finance\\\/financial-documents\\\/management\\\/#primaryimage\"},\"thumbnailUrl\":\"https:\\\/\\\/www.miamibeachfl.gov\\\/wp-content\\\/uploads\\\/2022\\\/07\\\/hero-small.jpg\",\"datePublished\":\"2017-08-11T00:02:35+00:00\",\"dateModified\":\"2025-06-26T13:38:58+00:00\",\"description\":\"%\",\"breadcrumb\":{\"@id\":\"https:\\\/\\\/www.miamibeachfl.gov\\\/city-hall\\\/finance\\\/financial-documents\\\/management\\\/#breadcrumb\"},\"inLanguage\":\"es\",\"potentialAction\":[{\"@type\":\"ReadAction\",\"target\":[\"https:\\\/\\\/www.miamibeachfl.gov\\\/city-hall\\\/finance\\\/financial-documents\\\/management\\\/\"]}]},{\"@type\":\"ImageObject\",\"inLanguage\":\"es\",\"@id\":\"https:\\\/\\\/www.miamibeachfl.gov\\\/city-hall\\\/finance\\\/financial-documents\\\/management\\\/#primaryimage\",\"url\":\"https:\\\/\\\/www.miamibeachfl.gov\\\/wp-content\\\/uploads\\\/2022\\\/07\\\/hero-small.jpg\",\"contentUrl\":\"https:\\\/\\\/www.miamibeachfl.gov\\\/wp-content\\\/uploads\\\/2022\\\/07\\\/hero-small.jpg\"},{\"@type\":\"BreadcrumbList\",\"@id\":\"https:\\\/\\\/www.miamibeachfl.gov\\\/city-hall\\\/finance\\\/financial-documents\\\/management\\\/#breadcrumb\",\"itemListElement\":[{\"@type\":\"ListItem\",\"position\":1,\"name\":\"Home\",\"item\":\"https:\\\/\\\/www.miamibeachfl.gov\\\/\"},{\"@type\":\"ListItem\",\"position\":2,\"name\":\"City Hall\",\"item\":\"https:\\\/\\\/www.miamibeachfl.gov\\\/city-hall\\\/\"},{\"@type\":\"ListItem\",\"position\":3,\"name\":\"Finance\",\"item\":\"https:\\\/\\\/www.miamibeachfl.gov\\\/city-hall\\\/finance\\\/\"},{\"@type\":\"ListItem\",\"position\":4,\"name\":\"Financial Reports\",\"item\":\"https:\\\/\\\/www.miamibeachfl.gov\\\/city-hall\\\/finance\\\/financial-documents\\\/\"},{\"@type\":\"ListItem\",\"position\":5,\"name\":\"Office Of Management &#038; Budget\"}]},{\"@type\":\"WebSite\",\"@id\":\"https:\\\/\\\/www.miamibeachfl.gov\\\/#website\",\"url\":\"https:\\\/\\\/www.miamibeachfl.gov\\\/\",\"name\":\"City of Miami Beach\",\"description\":\"The official website of the City of Miami Beach. Stay informed, find important information on city services, news, alerts, events, trolley routes, government employment and more.\",\"publisher\":{\"@id\":\"https:\\\/\\\/www.miamibeachfl.gov\\\/#organization\"},\"potentialAction\":[{\"@type\":\"SearchAction\",\"target\":{\"@type\":\"EntryPoint\",\"urlTemplate\":\"https:\\\/\\\/www.miamibeachfl.gov\\\/?s={search_term_string}\"},\"query-input\":{\"@type\":\"PropertyValueSpecification\",\"valueRequired\":true,\"valueName\":\"search_term_string\"}}],\"inLanguage\":\"es\"},{\"@type\":\"Organization\",\"@id\":\"https:\\\/\\\/www.miamibeachfl.gov\\\/#organization\",\"name\":\"City of Miami Beach\",\"url\":\"https:\\\/\\\/www.miamibeachfl.gov\\\/\",\"logo\":{\"@type\":\"ImageObject\",\"inLanguage\":\"es\",\"@id\":\"https:\\\/\\\/www.miamibeachfl.gov\\\/#\\\/schema\\\/logo\\\/image\\\/\",\"url\":\"https:\\\/\\\/www.miamibeachfl.gov\\\/wp-content\\\/uploads\\\/2022\\\/06\\\/miamibeach-logoblue.png\",\"contentUrl\":\"https:\\\/\\\/www.miamibeachfl.gov\\\/wp-content\\\/uploads\\\/2022\\\/06\\\/miamibeach-logoblue.png\",\"width\":1962,\"height\":381,\"caption\":\"City of Miami Beach\"},\"image\":{\"@id\":\"https:\\\/\\\/www.miamibeachfl.gov\\\/#\\\/schema\\\/logo\\\/image\\\/\"},\"sameAs\":[\"https:\\\/\\\/www.facebook.com\\\/cityofmiamibeach\",\"https:\\\/\\\/x.com\\\/Miamibeachnews\",\"https:\\\/\\\/www.instagram.com\\\/miamibeachnews\\\/\"],\"description\":\"The official website of the City of Miami Beach. Stay informed, find important information on city services, news, alerts, events, trolley routes, government employment and more.\",\"telephone\":\"305.604.CITY(2489)\",\"legalName\":\"City of Miami Beach\"}]}<\/script>\n<!-- \/ Yoast SEO Premium plugin. -->","yoast_head_json":{"title":"Oficina de Administraci\u00f3n y Presupuesto - Ciudad de Miami Beach","description":"%","robots":{"index":"index","follow":"follow","max-snippet":"max-snippet:-1","max-image-preview":"max-image-preview:large","max-video-preview":"max-video-preview:-1"},"canonical":"https:\/\/www.miamibeachfl.gov\/es\/city-hall\/finance\/financial-documents\/management\/","og_locale":"es_ES","og_type":"article","og_title":"Office Of Management & Budget","og_description":"%","og_url":"https:\/\/www.miamibeachfl.gov\/es\/city-hall\/finance\/financial-documents\/management\/","og_site_name":"City of Miami Beach","article_publisher":"https:\/\/www.facebook.com\/cityofmiamibeach","article_modified_time":"2025-06-26T13:38:58+00:00","og_image":[{"url":"https:\/\/www.miamibeachfl.gov\/wp-content\/uploads\/2022\/07\/hero-small.jpg","type":"","width":"","height":""}],"twitter_card":"summary_large_image","twitter_site":"@Miamibeachnews","schema":{"@context":"https:\/\/schema.org","@graph":[{"@type":"WebPage","@id":"https:\/\/www.miamibeachfl.gov\/city-hall\/finance\/financial-documents\/management\/","url":"https:\/\/www.miamibeachfl.gov\/city-hall\/finance\/financial-documents\/management\/","name":"Oficina de Administraci\u00f3n y Presupuesto - Ciudad de Miami Beach","isPartOf":{"@id":"https:\/\/www.miamibeachfl.gov\/#website"},"primaryImageOfPage":{"@id":"https:\/\/www.miamibeachfl.gov\/city-hall\/finance\/financial-documents\/management\/#primaryimage"},"image":{"@id":"https:\/\/www.miamibeachfl.gov\/city-hall\/finance\/financial-documents\/management\/#primaryimage"},"thumbnailUrl":"https:\/\/www.miamibeachfl.gov\/wp-content\/uploads\/2022\/07\/hero-small.jpg","datePublished":"2017-08-11T00:02:35+00:00","dateModified":"2025-06-26T13:38:58+00:00","description":"%","breadcrumb":{"@id":"https:\/\/www.miamibeachfl.gov\/city-hall\/finance\/financial-documents\/management\/#breadcrumb"},"inLanguage":"es","potentialAction":[{"@type":"ReadAction","target":["https:\/\/www.miamibeachfl.gov\/city-hall\/finance\/financial-documents\/management\/"]}]},{"@type":"ImageObject","inLanguage":"es","@id":"https:\/\/www.miamibeachfl.gov\/city-hall\/finance\/financial-documents\/management\/#primaryimage","url":"https:\/\/www.miamibeachfl.gov\/wp-content\/uploads\/2022\/07\/hero-small.jpg","contentUrl":"https:\/\/www.miamibeachfl.gov\/wp-content\/uploads\/2022\/07\/hero-small.jpg"},{"@type":"BreadcrumbList","@id":"https:\/\/www.miamibeachfl.gov\/city-hall\/finance\/financial-documents\/management\/#breadcrumb","itemListElement":[{"@type":"ListItem","position":1,"name":"Home","item":"https:\/\/www.miamibeachfl.gov\/"},{"@type":"ListItem","position":2,"name":"City Hall","item":"https:\/\/www.miamibeachfl.gov\/city-hall\/"},{"@type":"ListItem","position":3,"name":"Finance","item":"https:\/\/www.miamibeachfl.gov\/city-hall\/finance\/"},{"@type":"ListItem","position":4,"name":"Financial Reports","item":"https:\/\/www.miamibeachfl.gov\/city-hall\/finance\/financial-documents\/"},{"@type":"ListItem","position":5,"name":"Office Of Management &#038; Budget"}]},{"@type":"WebSite","@id":"https:\/\/www.miamibeachfl.gov\/#website","url":"https:\/\/www.miamibeachfl.gov\/","name":"Ciudad de Miami Beach","description":"Sitio web oficial de la Ciudad de Miami Beach. Mant\u00e9ngase informado, encuentre informaci\u00f3n importante sobre servicios municipales, noticias, alertas, eventos, rutas de tranv\u00edas, empleos gubernamentales y m\u00e1s.","publisher":{"@id":"https:\/\/www.miamibeachfl.gov\/#organization"},"potentialAction":[{"@type":"SearchAction","target":{"@type":"EntryPoint","urlTemplate":"https:\/\/www.miamibeachfl.gov\/?s={search_term_string}"},"query-input":{"@type":"PropertyValueSpecification","valueRequired":true,"valueName":"search_term_string"}}],"inLanguage":"es"},{"@type":"Organization","@id":"https:\/\/www.miamibeachfl.gov\/#organization","name":"Ciudad de Miami Beach","url":"https:\/\/www.miamibeachfl.gov\/","logo":{"@type":"ImageObject","inLanguage":"es","@id":"https:\/\/www.miamibeachfl.gov\/#\/schema\/logo\/image\/","url":"https:\/\/www.miamibeachfl.gov\/wp-content\/uploads\/2022\/06\/miamibeach-logoblue.png","contentUrl":"https:\/\/www.miamibeachfl.gov\/wp-content\/uploads\/2022\/06\/miamibeach-logoblue.png","width":1962,"height":381,"caption":"City of Miami Beach"},"image":{"@id":"https:\/\/www.miamibeachfl.gov\/#\/schema\/logo\/image\/"},"sameAs":["https:\/\/www.facebook.com\/cityofmiamibeach","https:\/\/x.com\/Miamibeachnews","https:\/\/www.instagram.com\/miamibeachnews\/"],"description":"Sitio web oficial de la Ciudad de Miami Beach. Mant\u00e9ngase informado, encuentre informaci\u00f3n importante sobre servicios municipales, noticias, alertas, eventos, rutas de tranv\u00edas, empleos gubernamentales y m\u00e1s.","telephone":"305.604.CITY(2489)","legalName":"City of Miami Beach"}]}},"_links":{"self":[{"href":"https:\/\/www.miamibeachfl.gov\/es\/wp-json\/wp\/v2\/pages\/28271","targetHints":{"allow":["GET"]}}],"collection":[{"href":"https:\/\/www.miamibeachfl.gov\/es\/wp-json\/wp\/v2\/pages"}],"about":[{"href":"https:\/\/www.miamibeachfl.gov\/es\/wp-json\/wp\/v2\/types\/page"}],"author":[{"embeddable":true,"href":"https:\/\/www.miamibeachfl.gov\/es\/wp-json\/wp\/v2\/users\/222"}],"replies":[{"embeddable":true,"href":"https:\/\/www.miamibeachfl.gov\/es\/wp-json\/wp\/v2\/comments?post=28271"}],"version-history":[{"count":1,"href":"https:\/\/www.miamibeachfl.gov\/es\/wp-json\/wp\/v2\/pages\/28271\/revisions"}],"predecessor-version":[{"id":385303,"href":"https:\/\/www.miamibeachfl.gov\/es\/wp-json\/wp\/v2\/pages\/28271\/revisions\/385303"}],"up":[{"embeddable":true,"href":"https:\/\/www.miamibeachfl.gov\/es\/wp-json\/wp\/v2\/pages\/385210"}],"wp:attachment":[{"href":"https:\/\/www.miamibeachfl.gov\/es\/wp-json\/wp\/v2\/media?parent=28271"}],"wp:term":[{"taxonomy":"category","embeddable":true,"href":"https:\/\/www.miamibeachfl.gov\/es\/wp-json\/wp\/v2\/categories?post=28271"},{"taxonomy":"post_tag","embeddable":true,"href":"https:\/\/www.miamibeachfl.gov\/es\/wp-json\/wp\/v2\/tags?post=28271"}],"curies":[{"name":"gracias","href":"https:\/\/api.w.org\/{rel}","templated":true}]}}