{"id":28331,"date":"2017-08-11T00:03:15","date_gmt":"2017-08-11T00:03:15","guid":{"rendered":"http:\/\/www.miamibeachfl.gov\/city-hall\/code-compliance\/code-violations\/appeal-violations\/"},"modified":"2025-11-18T05:49:36","modified_gmt":"2025-11-18T10:49:36","slug":"appeal-violations","status":"publish","type":"page","link":"https:\/\/www.miamibeachfl.gov\/es\/city-hall\/code-compliance\/appeal-violations\/","title":{"rendered":"Violaciones de apelaci\u00f3n"},"content":{"rendered":"<h1>\n\t\t\tViolaciones de apelaci\u00f3n\t<\/h1>\nMen\u00fa de Cumplimiento del C\u00f3digo\t\t\t\n\t\t\t\t\t<ul id=\"menu-code-compliance\"><li id=\"menu-item-257356\"><a href=\"\/es\/city-hall\/code-compliance\/\">Cumplimiento del c\u00f3digo<\/a><\/li>\n<li id=\"menu-item-257357\"><a href=\"\/es\/city-hall\/code-compliance\/code-violations\/\">Violaciones del c\u00f3digo<\/a><\/li>\n<li id=\"menu-item-257358\"><a href=\"\/es\/city-hall\/code-compliance\/code-invoice-request\/\">Solicitud de factura de c\u00f3digo<\/a><\/li>\n<li id=\"menu-item-257359\"><a href=\"\/es\/city-hall\/code-compliance\/appeal-violations\/\">Violaci\u00f3n de apelaci\u00f3n<\/a><\/li>\n<li id=\"menu-item-360398\"><a href=\"https:\/\/www.miamibeachfl.gov\/es\/city-hall\/code-compliance\/administrators\/\">Administradores de cumplimiento de c\u00f3digo<\/a><\/li>\n<li id=\"menu-item-254588\"><a href=\"\/es\/city-hall\/code-compliance\/#codecompliancehours\">Cumplimiento del C\u00f3digo de Contacto<\/a><\/li>\n<\/ul>\t\nMen\u00fa de cumplimiento del c\u00f3digo \u00d7\t\t\t\t\t\t<ul id=\"menu-code-compliance-1\"><li id=\"menu-item-257356\"><a href=\"\/es\/city-hall\/code-compliance\/\">Cumplimiento del c\u00f3digo<\/a><\/li>\n<li id=\"menu-item-257357\"><a href=\"\/es\/city-hall\/code-compliance\/code-violations\/\">Violaciones del c\u00f3digo<\/a><\/li>\n<li id=\"menu-item-257358\"><a href=\"\/es\/city-hall\/code-compliance\/code-invoice-request\/\">Solicitud de factura de c\u00f3digo<\/a><\/li>\n<li id=\"menu-item-257359\"><a href=\"\/es\/city-hall\/code-compliance\/appeal-violations\/\">Violaci\u00f3n de apelaci\u00f3n<\/a><\/li>\n<li id=\"menu-item-360398\"><a href=\"https:\/\/www.miamibeachfl.gov\/es\/city-hall\/code-compliance\/administrators\/\">Administradores de cumplimiento de c\u00f3digo<\/a><\/li>\n<li id=\"menu-item-254588\"><a href=\"\/es\/city-hall\/code-compliance\/#codecompliancehours\">Cumplimiento del C\u00f3digo de Contacto<\/a><\/li>\n<\/ul>\t\t\t\t\n\t<p>Se le notifica que a partir del 2 de mayo de 2024, todas las audiencias del Magistrado Especial se llevar\u00e1n a cabo en persona en la Sala de la Comisi\u00f3n del Tercer Piso en el Ayuntamiento.<\/p>\n\t<p>Cualquier persona afectada por la decisi\u00f3n de un oficial de Cumplimiento del C\u00f3digo al emitir una infracci\u00f3n puede solicitar una audiencia administrativa ante el Magistrado Especial presentando una solicitud por escrito en la Oficina del Secretario de la Ciudad ubicada en 1700 Convention Center Drive, Miami Beach, FL 33139.<\/p>\n<p>Por favor, revise la infracci\u00f3n para obtener informaci\u00f3n espec\u00edfica sobre cu\u00e1ntos d\u00edas tiene despu\u00e9s de recibirla para presentar una solicitud de apelaci\u00f3n oportuna, ya que los d\u00edas para apelar pueden variar seg\u00fan la infracci\u00f3n. El importe del $128 debe adjuntarse a la solicitud de apelaci\u00f3n por escrito. Se aceptan cheques, tarjetas de cr\u00e9dito o efectivo. Si el apelante tiene \u00e9xito en la audiencia, se le devolver\u00e1 el $128.<\/p>\n<p><strong>El Secretario Municipal notificar\u00e1 al apelante la fecha y hora de la audiencia. Si tiene alguna pregunta sobre la apelaci\u00f3n de una infracci\u00f3n del c\u00f3digo, comun\u00edquese con el Magistrado Especial al\u00a0<a href=\"tel:3056737181\">305.673.7181<\/a>.\u00a0<\/strong><\/p>\n\t\t\t<a href=\"http:\/\/docmgmt.miamibeachfl.gov\/weblink\/0\/fol\/149039\/Row1.aspx\" target=\"_blank\" rel=\"noopener\">\n\t\t\t\t\t\tPara la Agenda Especial del Magistrado, haga clic aqu\u00ed.\n\t\t\t\t\t<\/a>\n\t\t<a href=\"https:\/\/www.miamibeachfl.gov\/es\/city-hall\/code-compliance\/hernan-cardeno\/\" target =\"_self\" aria-label=\"Vaya a https:\/\/www.miamibeachfl.gov\/city-hall\/code-compliance\/hernan-cardeno\/\">\t\t\n\t\t\t\t<img decoding=\"async\" src=\"https:\/\/www.miamibeachfl.gov\/wp-content\/uploads\/bb-plugin\/cache\/HernanCordero100sq-circle.jpg\" alt=\"Hernan Cordero\" title=\"Hernan Cordero100sq\" itemprop=\"image\"\/>\n\t\t<\/a>\t\t \n\t\t<h3><a href=\"https:\/\/www.miamibeachfl.gov\/es\/city-hall\/code-compliance\/hernan-cardeno\/\" target =\"_self\">Hernan D. Carde\u00f1o, Esq. | Biograf\u00eda<\/a><\/h3>El Director de Cumplimiento del C\u00f3digo, Hernan Cardeno, es un veterano de 34 a\u00f1os en la aplicaci\u00f3n de la ley, habiendo servido primero en el Departamento de Polic\u00eda de Bal Harbour, donde ascendi\u00f3 de rango hasta llegar a Subjefe de Polic\u00eda. \t\t\t\t\t\n\t<ul>\n\t\t<li><a href=\"https:\/\/goo.gl\/maps\/VnaR71PysNf7E2wy5\" target=\"_blank\" rel=\"noopener\" aria-label=\"Vaya a https:\/\/goo.gl\/maps\/VnaR71PysNf7E2wy5\">\t\t\t\t\n\t\t<h3>Ubicaci\u00f3n de la oficina:<\/h3><p>Avenida Meridian 1680 | Suite 602<br \/>Miami Beach, FL 33139<\/p><\/a><\/li><li><a href=\"tel:3056737555\" target=\"_self\"  aria-label=\"Ir al tel:3056737555\">\t\t\t\t\n\t\t<h3>N\u00famero principal:<\/h3><p>305.673.7555<\/p><\/a><\/li>\t<\/ul>\n\t\t\t\t Horario de recepci\u00f3n: <br \/>De martes a viernes (excepto festivos): 8:30 a 12:00 horas <br \/> Y de 13:00 a 15:30 horas <br \/>(Cerrado de 12:00 p.m. a 1:00 p.m.) De guardia<br \/>Horario de cumplimiento:\t\t\t\t\n\t\t\t\t <strong>Lunes, martes, mi\u00e9rcoles y domingo:<\/strong><br \/>De 6:00 a 1:00 a. m.<br \/><strong>Jueves:<\/strong><br \/>De 6:00 a 3:00 a. m.<br \/><strong>Viernes y s\u00e1bado:<\/strong><br \/>24 horas Para consultas o informaci\u00f3n durante<br \/>Horario comercial normal:\t\t\t\t\n\t\t\t\t <strong>Llamar: <a href=\"tel:3056737555\">305.673.7555<\/a><\/strong>\t\t\t\t\n\t\t\t\t Para denunciar una infracci\u00f3n, en cualquier momento:\t\t\t\t\n\t\t\t\t <strong>Llamar: <a href=\"tel:3056738285\">(305) 673-8285<\/a><\/strong>\t\t\t\t\n\t\t\t\t Para denunciar una infracci\u00f3n o hablar con un supervisor de turno durante el fin de semana y las horas de la noche:\t\t\t\t\n\t\t\t\t <strong>Llamar: <a href=\"tel:3056738285\">(305) 673-8285<\/a><\/strong>\t\t\t\t\n\t\t\t<a href=\"https:\/\/www.miamibeachfl.gov\/wp-content\/uploads\/2024\/11\/Additional-Contact-Info.pdf\" target=\"_blank\" rel=\"noopener\">\n\t\t\t\t\t\tInformaci\u00f3n de contacto adicional\n\t\t\t\t\t<\/a>","protected":false},"excerpt":{"rendered":"<p>Appeal Violations Code Compliance Menu Code Compliance Code Violations Code Invoice Request Appeal Violation Code Compliance Administrators Contact Code Compliance [&hellip;]<\/p>\n","protected":false},"author":222,"featured_media":0,"parent":28329,"menu_order":0,"comment_status":"closed","ping_status":"closed","template":"","meta":{"_searchwp_excluded":"","site-sidebar-layout":"default","site-content-layout":"","ast-site-content-layout":"default","site-content-style":"default","site-sidebar-style":"default","ast-global-header-display":"","ast-banner-title-visibility":"","ast-main-header-display":"","ast-hfb-above-header-display":"","ast-hfb-below-header-display":"","ast-hfb-mobile-header-display":"","site-post-title":"","ast-breadcrumbs-content":"","ast-featured-img":"","footer-sml-layout":"","theme-transparent-header-meta":"","adv-header-id-meta":"","stick-header-meta":"","header-above-stick-meta":"","header-main-stick-meta":"","header-below-stick-meta":"","astra-migrate-meta-layouts":"default","ast-page-background-enabled":"default","ast-page-background-meta":{"desktop":{"background-color":"var(--ast-global-color-5)","background-image":"","background-repeat":"repeat","background-position":"center center","background-size":"auto","background-attachment":"scroll","background-type":"","background-media":"","overlay-type":"","overlay-color":"","overlay-opacity":"","overlay-gradient":""},"tablet":{"background-color":"","background-image":"","background-repeat":"repeat","background-position":"center center","background-size":"auto","background-attachment":"scroll","background-type":"","background-media":"","overlay-type":"","overlay-color":"","overlay-opacity":"","overlay-gradient":""},"mobile":{"background-color":"","background-image":"","background-repeat":"repeat","background-position":"center center","background-size":"auto","background-attachment":"scroll","background-type":"","background-media":"","overlay-type":"","overlay-color":"","overlay-opacity":"","overlay-gradient":""}},"ast-content-background-meta":{"desktop":{"background-color":"var(--ast-global-color-4)","background-image":"","background-repeat":"repeat","background-position":"center center","background-size":"auto","background-attachment":"scroll","background-type":"","background-media":"","overlay-type":"","overlay-color":"","overlay-opacity":"","overlay-gradient":""},"tablet":{"background-color":"var(--ast-global-color-4)","background-image":"","background-repeat":"repeat","background-position":"center center","background-size":"auto","background-attachment":"scroll","background-type":"","background-media":"","overlay-type":"","overlay-color":"","overlay-opacity":"","overlay-gradient":""},"mobile":{"background-color":"var(--ast-global-color-4)","background-image":"","background-repeat":"repeat","background-position":"center center","background-size":"auto","background-attachment":"scroll","background-type":"","background-media":"","overlay-type":"","overlay-color":"","overlay-opacity":"","overlay-gradient":""}},"footnotes":""},"categories":[],"tags":[],"class_list":["post-28331","page","type-page","status-publish","hentry"],"yoast_head":"<!-- This site is optimized with the Yoast SEO Premium plugin v27.4 (Yoast SEO v27.4) - https:\/\/yoast.com\/product\/yoast-seo-premium-wordpress\/ -->\n<title>Appeal\u00a0 Violations - City of Miami Beach<\/title>\n<meta name=\"description\" content=\"Any person aggrieved by the decision of a Code Compliance officer in issuing a violation, may request an administrative hearing before the Special Magistrate by submitting a written request in the City Clerk\u2019s Office located at 1700 Convention Center Drive, Miami Beach, FL 33139.\" \/>\n<meta name=\"robots\" content=\"index, follow, max-snippet:-1, max-image-preview:large, max-video-preview:-1\" \/>\n<link rel=\"canonical\" href=\"https:\/\/www.miamibeachfl.gov\/es\/city-hall\/code-compliance\/appeal-violations\/\" \/>\n<meta property=\"og:locale\" content=\"es_ES\" \/>\n<meta property=\"og:type\" content=\"article\" \/>\n<meta property=\"og:title\" content=\"Appeal\u00a0 Violations\" \/>\n<meta property=\"og:description\" content=\"Any person aggrieved by the decision of a Code Compliance officer in issuing a violation, may request an administrative hearing before the Special Magistrate by submitting a written request in the City Clerk\u2019s Office located at 1700 Convention Center Drive, Miami Beach, FL 33139.\" \/>\n<meta property=\"og:url\" content=\"https:\/\/www.miamibeachfl.gov\/es\/city-hall\/code-compliance\/appeal-violations\/\" \/>\n<meta property=\"og:site_name\" content=\"City of Miami Beach\" \/>\n<meta property=\"article:publisher\" content=\"https:\/\/www.facebook.com\/cityofmiamibeach\" \/>\n<meta property=\"article:modified_time\" content=\"2025-11-18T10:49:36+00:00\" \/>\n<meta property=\"og:image\" content=\"https:\/\/www.miamibeachfl.gov\/wp-content\/uploads\/bb-plugin\/cache\/HernanCordero100sq-circle.jpg\" \/>\n<meta name=\"twitter:card\" content=\"summary_large_image\" \/>\n<meta name=\"twitter:site\" content=\"@Miamibeachnews\" \/>\n<script type=\"application\/ld+json\" class=\"yoast-schema-graph\">{\"@context\":\"https:\\\/\\\/schema.org\",\"@graph\":[{\"@type\":\"WebPage\",\"@id\":\"https:\\\/\\\/www.miamibeachfl.gov\\\/city-hall\\\/code-compliance\\\/appeal-violations\\\/\",\"url\":\"https:\\\/\\\/www.miamibeachfl.gov\\\/city-hall\\\/code-compliance\\\/appeal-violations\\\/\",\"name\":\"Appeal\u00a0 Violations - City of Miami Beach\",\"isPartOf\":{\"@id\":\"https:\\\/\\\/www.miamibeachfl.gov\\\/#website\"},\"primaryImageOfPage\":{\"@id\":\"https:\\\/\\\/www.miamibeachfl.gov\\\/city-hall\\\/code-compliance\\\/appeal-violations\\\/#primaryimage\"},\"image\":{\"@id\":\"https:\\\/\\\/www.miamibeachfl.gov\\\/city-hall\\\/code-compliance\\\/appeal-violations\\\/#primaryimage\"},\"thumbnailUrl\":\"https:\\\/\\\/www.miamibeachfl.gov\\\/wp-content\\\/uploads\\\/bb-plugin\\\/cache\\\/HernanCordero100sq-circle.jpg\",\"datePublished\":\"2017-08-11T00:03:15+00:00\",\"dateModified\":\"2025-11-18T10:49:36+00:00\",\"description\":\"Any person aggrieved by the decision of a Code Compliance officer in issuing a violation, may request an administrative hearing before the Special Magistrate by submitting a written request in the City Clerk\u2019s Office located at 1700 Convention Center Drive, Miami Beach, FL 33139.\",\"breadcrumb\":{\"@id\":\"https:\\\/\\\/www.miamibeachfl.gov\\\/city-hall\\\/code-compliance\\\/appeal-violations\\\/#breadcrumb\"},\"inLanguage\":\"es\",\"potentialAction\":[{\"@type\":\"ReadAction\",\"target\":[\"https:\\\/\\\/www.miamibeachfl.gov\\\/city-hall\\\/code-compliance\\\/appeal-violations\\\/\"]}]},{\"@type\":\"ImageObject\",\"inLanguage\":\"es\",\"@id\":\"https:\\\/\\\/www.miamibeachfl.gov\\\/city-hall\\\/code-compliance\\\/appeal-violations\\\/#primaryimage\",\"url\":\"https:\\\/\\\/www.miamibeachfl.gov\\\/wp-content\\\/uploads\\\/bb-plugin\\\/cache\\\/HernanCordero100sq-circle.jpg\",\"contentUrl\":\"https:\\\/\\\/www.miamibeachfl.gov\\\/wp-content\\\/uploads\\\/bb-plugin\\\/cache\\\/HernanCordero100sq-circle.jpg\"},{\"@type\":\"BreadcrumbList\",\"@id\":\"https:\\\/\\\/www.miamibeachfl.gov\\\/city-hall\\\/code-compliance\\\/appeal-violations\\\/#breadcrumb\",\"itemListElement\":[{\"@type\":\"ListItem\",\"position\":1,\"name\":\"Home\",\"item\":\"https:\\\/\\\/www.miamibeachfl.gov\\\/\"},{\"@type\":\"ListItem\",\"position\":2,\"name\":\"City Hall\",\"item\":\"https:\\\/\\\/www.miamibeachfl.gov\\\/city-hall\\\/\"},{\"@type\":\"ListItem\",\"position\":3,\"name\":\"Code Compliance\",\"item\":\"https:\\\/\\\/www.miamibeachfl.gov\\\/city-hall\\\/code-compliance\\\/\"},{\"@type\":\"ListItem\",\"position\":4,\"name\":\"Appeal\u00a0 Violations\"}]},{\"@type\":\"WebSite\",\"@id\":\"https:\\\/\\\/www.miamibeachfl.gov\\\/#website\",\"url\":\"https:\\\/\\\/www.miamibeachfl.gov\\\/\",\"name\":\"City of Miami Beach\",\"description\":\"The official website of the City of Miami Beach. Stay informed, find important information on city services, news, alerts, events, trolley routes, government employment and more.\",\"publisher\":{\"@id\":\"https:\\\/\\\/www.miamibeachfl.gov\\\/#organization\"},\"potentialAction\":[{\"@type\":\"SearchAction\",\"target\":{\"@type\":\"EntryPoint\",\"urlTemplate\":\"https:\\\/\\\/www.miamibeachfl.gov\\\/?s={search_term_string}\"},\"query-input\":{\"@type\":\"PropertyValueSpecification\",\"valueRequired\":true,\"valueName\":\"search_term_string\"}}],\"inLanguage\":\"es\"},{\"@type\":\"Organization\",\"@id\":\"https:\\\/\\\/www.miamibeachfl.gov\\\/#organization\",\"name\":\"City of Miami Beach\",\"url\":\"https:\\\/\\\/www.miamibeachfl.gov\\\/\",\"logo\":{\"@type\":\"ImageObject\",\"inLanguage\":\"es\",\"@id\":\"https:\\\/\\\/www.miamibeachfl.gov\\\/#\\\/schema\\\/logo\\\/image\\\/\",\"url\":\"https:\\\/\\\/www.miamibeachfl.gov\\\/wp-content\\\/uploads\\\/2022\\\/06\\\/miamibeach-logoblue.png\",\"contentUrl\":\"https:\\\/\\\/www.miamibeachfl.gov\\\/wp-content\\\/uploads\\\/2022\\\/06\\\/miamibeach-logoblue.png\",\"width\":1962,\"height\":381,\"caption\":\"City of Miami Beach\"},\"image\":{\"@id\":\"https:\\\/\\\/www.miamibeachfl.gov\\\/#\\\/schema\\\/logo\\\/image\\\/\"},\"sameAs\":[\"https:\\\/\\\/www.facebook.com\\\/cityofmiamibeach\",\"https:\\\/\\\/x.com\\\/Miamibeachnews\",\"https:\\\/\\\/www.instagram.com\\\/miamibeachnews\\\/\"],\"description\":\"The official website of the City of Miami Beach. Stay informed, find important information on city services, news, alerts, events, trolley routes, government employment and more.\",\"telephone\":\"305.604.CITY(2489)\",\"legalName\":\"City of Miami Beach\"}]}<\/script>\n<!-- \/ Yoast SEO Premium plugin. -->","yoast_head_json":{"title":"Violaciones de apelaciones - Ciudad de Miami Beach","description":"Cualquier persona afectada por la decisi\u00f3n de un oficial de Cumplimiento del C\u00f3digo al emitir una infracci\u00f3n, puede solicitar una audiencia administrativa ante el Magistrado Especial presentando una solicitud por escrito en la Oficina del Secretario de la Ciudad ubicada en 1700 Convention Center Drive, Miami Beach, FL 33139.","robots":{"index":"index","follow":"follow","max-snippet":"max-snippet:-1","max-image-preview":"max-image-preview:large","max-video-preview":"max-video-preview:-1"},"canonical":"https:\/\/www.miamibeachfl.gov\/es\/city-hall\/code-compliance\/appeal-violations\/","og_locale":"es_ES","og_type":"article","og_title":"Appeal\u00a0 Violations","og_description":"Any person aggrieved by the decision of a Code Compliance officer in issuing a violation, may request an administrative hearing before the Special Magistrate by submitting a written request in the City Clerk\u2019s Office located at 1700 Convention Center Drive, Miami Beach, FL 33139.","og_url":"https:\/\/www.miamibeachfl.gov\/es\/city-hall\/code-compliance\/appeal-violations\/","og_site_name":"City of Miami Beach","article_publisher":"https:\/\/www.facebook.com\/cityofmiamibeach","article_modified_time":"2025-11-18T10:49:36+00:00","og_image":[{"url":"https:\/\/www.miamibeachfl.gov\/wp-content\/uploads\/bb-plugin\/cache\/HernanCordero100sq-circle.jpg","type":"","width":"","height":""}],"twitter_card":"summary_large_image","twitter_site":"@Miamibeachnews","schema":{"@context":"https:\/\/schema.org","@graph":[{"@type":"WebPage","@id":"https:\/\/www.miamibeachfl.gov\/city-hall\/code-compliance\/appeal-violations\/","url":"https:\/\/www.miamibeachfl.gov\/city-hall\/code-compliance\/appeal-violations\/","name":"Violaciones de apelaciones - Ciudad de Miami Beach","isPartOf":{"@id":"https:\/\/www.miamibeachfl.gov\/#website"},"primaryImageOfPage":{"@id":"https:\/\/www.miamibeachfl.gov\/city-hall\/code-compliance\/appeal-violations\/#primaryimage"},"image":{"@id":"https:\/\/www.miamibeachfl.gov\/city-hall\/code-compliance\/appeal-violations\/#primaryimage"},"thumbnailUrl":"https:\/\/www.miamibeachfl.gov\/wp-content\/uploads\/bb-plugin\/cache\/HernanCordero100sq-circle.jpg","datePublished":"2017-08-11T00:03:15+00:00","dateModified":"2025-11-18T10:49:36+00:00","description":"Cualquier persona afectada por la decisi\u00f3n de un oficial de Cumplimiento del C\u00f3digo al emitir una infracci\u00f3n, puede solicitar una audiencia administrativa ante el Magistrado Especial presentando una solicitud por escrito en la Oficina del Secretario de la Ciudad ubicada en 1700 Convention Center Drive, Miami Beach, FL 33139.","breadcrumb":{"@id":"https:\/\/www.miamibeachfl.gov\/city-hall\/code-compliance\/appeal-violations\/#breadcrumb"},"inLanguage":"es","potentialAction":[{"@type":"ReadAction","target":["https:\/\/www.miamibeachfl.gov\/city-hall\/code-compliance\/appeal-violations\/"]}]},{"@type":"ImageObject","inLanguage":"es","@id":"https:\/\/www.miamibeachfl.gov\/city-hall\/code-compliance\/appeal-violations\/#primaryimage","url":"https:\/\/www.miamibeachfl.gov\/wp-content\/uploads\/bb-plugin\/cache\/HernanCordero100sq-circle.jpg","contentUrl":"https:\/\/www.miamibeachfl.gov\/wp-content\/uploads\/bb-plugin\/cache\/HernanCordero100sq-circle.jpg"},{"@type":"BreadcrumbList","@id":"https:\/\/www.miamibeachfl.gov\/city-hall\/code-compliance\/appeal-violations\/#breadcrumb","itemListElement":[{"@type":"ListItem","position":1,"name":"Home","item":"https:\/\/www.miamibeachfl.gov\/"},{"@type":"ListItem","position":2,"name":"City Hall","item":"https:\/\/www.miamibeachfl.gov\/city-hall\/"},{"@type":"ListItem","position":3,"name":"Code Compliance","item":"https:\/\/www.miamibeachfl.gov\/city-hall\/code-compliance\/"},{"@type":"ListItem","position":4,"name":"Appeal\u00a0 Violations"}]},{"@type":"WebSite","@id":"https:\/\/www.miamibeachfl.gov\/#website","url":"https:\/\/www.miamibeachfl.gov\/","name":"Ciudad de Miami Beach","description":"Sitio web oficial de la Ciudad de Miami Beach. Mant\u00e9ngase informado, encuentre informaci\u00f3n importante sobre servicios municipales, noticias, alertas, eventos, rutas de tranv\u00edas, empleos gubernamentales y m\u00e1s.","publisher":{"@id":"https:\/\/www.miamibeachfl.gov\/#organization"},"potentialAction":[{"@type":"SearchAction","target":{"@type":"EntryPoint","urlTemplate":"https:\/\/www.miamibeachfl.gov\/?s={search_term_string}"},"query-input":{"@type":"PropertyValueSpecification","valueRequired":true,"valueName":"search_term_string"}}],"inLanguage":"es"},{"@type":"Organization","@id":"https:\/\/www.miamibeachfl.gov\/#organization","name":"Ciudad de Miami Beach","url":"https:\/\/www.miamibeachfl.gov\/","logo":{"@type":"ImageObject","inLanguage":"es","@id":"https:\/\/www.miamibeachfl.gov\/#\/schema\/logo\/image\/","url":"https:\/\/www.miamibeachfl.gov\/wp-content\/uploads\/2022\/06\/miamibeach-logoblue.png","contentUrl":"https:\/\/www.miamibeachfl.gov\/wp-content\/uploads\/2022\/06\/miamibeach-logoblue.png","width":1962,"height":381,"caption":"City of Miami Beach"},"image":{"@id":"https:\/\/www.miamibeachfl.gov\/#\/schema\/logo\/image\/"},"sameAs":["https:\/\/www.facebook.com\/cityofmiamibeach","https:\/\/x.com\/Miamibeachnews","https:\/\/www.instagram.com\/miamibeachnews\/"],"description":"Sitio web oficial de la Ciudad de Miami Beach. Mant\u00e9ngase informado, encuentre informaci\u00f3n importante sobre servicios municipales, noticias, alertas, eventos, rutas de tranv\u00edas, empleos gubernamentales y m\u00e1s.","telephone":"305.604.CITY(2489)","legalName":"City of Miami Beach"}]}},"_links":{"self":[{"href":"https:\/\/www.miamibeachfl.gov\/es\/wp-json\/wp\/v2\/pages\/28331","targetHints":{"allow":["GET"]}}],"collection":[{"href":"https:\/\/www.miamibeachfl.gov\/es\/wp-json\/wp\/v2\/pages"}],"about":[{"href":"https:\/\/www.miamibeachfl.gov\/es\/wp-json\/wp\/v2\/types\/page"}],"author":[{"embeddable":true,"href":"https:\/\/www.miamibeachfl.gov\/es\/wp-json\/wp\/v2\/users\/222"}],"replies":[{"embeddable":true,"href":"https:\/\/www.miamibeachfl.gov\/es\/wp-json\/wp\/v2\/comments?post=28331"}],"version-history":[{"count":1,"href":"https:\/\/www.miamibeachfl.gov\/es\/wp-json\/wp\/v2\/pages\/28331\/revisions"}],"predecessor-version":[{"id":392181,"href":"https:\/\/www.miamibeachfl.gov\/es\/wp-json\/wp\/v2\/pages\/28331\/revisions\/392181"}],"up":[{"embeddable":true,"href":"https:\/\/www.miamibeachfl.gov\/es\/wp-json\/wp\/v2\/pages\/28329"}],"wp:attachment":[{"href":"https:\/\/www.miamibeachfl.gov\/es\/wp-json\/wp\/v2\/media?parent=28331"}],"wp:term":[{"taxonomy":"category","embeddable":true,"href":"https:\/\/www.miamibeachfl.gov\/es\/wp-json\/wp\/v2\/categories?post=28331"},{"taxonomy":"post_tag","embeddable":true,"href":"https:\/\/www.miamibeachfl.gov\/es\/wp-json\/wp\/v2\/tags?post=28331"}],"curies":[{"name":"gracias","href":"https:\/\/api.w.org\/{rel}","templated":true}]}}