{"id":28391,"date":"2017-08-11T00:03:58","date_gmt":"2017-08-11T00:03:58","guid":{"rendered":"http:\/\/www.miamibeachfl.gov\/city-hall\/communications\/"},"modified":"2026-01-05T13:11:00","modified_gmt":"2026-01-05T18:11:00","slug":"communications","status":"publish","type":"page","link":"https:\/\/www.miamibeachfl.gov\/es\/city-hall\/communications\/","title":{"rendered":"Marketing y comunicaciones"},"content":{"rendered":"<h1>\n\t\t\tMarketing y comunicaciones\t<\/h1>\n\t\t\t\t\t\t<h2>La Oficina de Marketing y Comunicaciones act\u00faa como una v\u00eda de comunicaci\u00f3n que conecta a la Ciudad de Miami Beach con los residentes, los grupos comunitarios, nuestros numerosos visitantes y los medios de comunicaci\u00f3n. La oficina toma el pulso a las partes interesadas de la ciudad para cumplir con nuestra funci\u00f3n como agencia de marketing interna y motor de comunicaci\u00f3n para todos los departamentos de la ciudad. Leer m\u00e1s\u2026<\/h2>\n\t\t\t<p>Marketing y Comunicaciones cuenta con un conjunto de herramientas que incluye comunicados de prensa, redes sociales en m\u00faltiples plataformas, boletines informativos por correo electr\u00f3nico adaptados a audiencias seleccionadas, publicaciones impresas, televisi\u00f3n, correo directo, alertas de SMS, interacciones personales con grupos comunitarios, comunicaci\u00f3n en situaciones de crisis y publicidad exterior, incluyendo vallas publicitarias, marquesinas de autob\u00fas y rotulaci\u00f3n de tranv\u00edas. Producimos miles de piezas de contenido creativo cada a\u00f1o. La oficina no se encarga de promover el turismo ni la hosteler\u00eda, ya que estas iniciativas est\u00e1n contratadas por la Oficina de Convenciones y Visitantes del Gran Miami, pero sin embargo desempe\u00f1a un papel importante en la difusi\u00f3n de informaci\u00f3n sobre eventos con un fuerte componente tur\u00edstico.<\/p>\n\t<a href=\"\/es\/engagementtoolbox\/\" target=\"_self\"  aria-label=\"Vaya a \/engagementtoolbox\/\"><\/a>\n\t\t<h3>Caja de herramientas de participaci\u00f3n<\/h3>\t\t\t\n\t\t\t\t<p>Todas las formas de<br \/>Mantente conectado<\/p>\n\t<a href=\"\/es\/city-hall\/communications\/subscriptions\/\" target=\"_self\"  aria-label=\"Ir a \/ayuntamiento\/comunicaciones\/suscripciones\"><\/a>\n\t\t<h3>Noticias electr\u00f3nicas<\/h3>\t\t\t\n\t\t\t\t<p>Suscr\u00edbete para recibir<br \/>Actualizaciones de la ciudad por correo electr\u00f3nico<\/p>\n\t<a href=\"\/es\/city-hall\/communications\/logos\/\" target=\"_self\"  aria-label=\"Ir a \/ayuntamiento\/comunicaciones\/logotipos\"><\/a>\n\t\t<h3>Logotipos<\/h3>\t\t\t\n\t\t\t\t<p>Solicitar Oficial<br \/>Logotipos de la ciudad<\/p>\n\t<a href=\"\/es\/city-hall\/communications\/advertising-rates\/\" target=\"_self\"  aria-label=\"Ir a \/ayuntamiento\/comunicaciones\/tarifas-de-publicidad\"><\/a>\n\t\t<h3>Tarifas de publicidad<\/h3>\t\t\t\n\t\t\t\t<p>Anunciar<br \/>Con nosotros<\/p>\n\t<a href=\"https:\/\/www.facebook.com\/cityofmiamibeach\/\" target=\"_self\"  aria-label=\"Vaya a https:\/\/www.facebook.com\/cityofmiamibeach\/\"><\/a>\n\t\t<h3>Facebook<\/h3>\t\t\t\n<h2>\n\t\t\t\u00daltimos comunicados de prensa\t<\/h2>\n\t\t\t<a href=\"https:\/\/www.miamibeachfl.gov\/es\/city-hall\/communications\/press-releases\/\" target=\"_self\">\n\t\t\t\t\t\t\tTodos los comunicados de prensa\n\t\t\t<\/a>\n\t<iframe allow=\"clipboard-write\" sandbox=\"allow-top-navigation allow-top-navigation-by-user-activation allow-downloads allow-scripts allow-same-origin allow-popups allow-modals allow-popups-to-escape-sandbox allow-forms\" allowfullscreen=\"true\" src=\"https:\/\/e.issuu.com\/embed.html?d=mb_magazine_winter_2026_volume_21_issue_number_1_&#038;u=cityofmiamibeach\"><\/iframe>\n<h2>\n\t\t\tMBTV\t<\/h2>\n<iframe loading=\"lazy\" title=\"Reproductor de v\u00eddeo Swagit\" src=\"https:\/\/miamibeachfl.new.swagit.com\/views\/42?autoplay=1\" width=\"100%\" height=\"800px\" frameborder=\"0\" allowfullscreen=\"allowfullscreen\"><\/iframe>\n\t<ul>\n\t\t<li>\t\t\n\t\t\t\t<img decoding=\"async\" src=\"https:\/\/www.miamibeachfl.gov\/wp-content\/uploads\/bb-plugin\/cache\/icon-viewpayapply-circle.png\" alt=\"Permits\" title=\"icono-vistapagaraplicar\" itemprop=\"image\"\/>\n\t\t<h3>Suscr\u00edbete a nuestro bolet\u00edn electr\u00f3nico<\/h3><p><strong><a href=\"https:\/\/visitor.r20.constantcontact.com\/manage\/optin?v=001G3gQF_El_4o1UEbguheB5mmzfG7onDdMWh1j1h9a2GsYhO3lonlhDSUJFN_o5P9wC0vRAaCeLeZPSQUtU24d15ThoaXBqAVUR9PeN6M6eUc%3D\">Lea los n\u00fameros m\u00e1s recientes y anteriores de la publicaci\u00f3n trimestral de la ciudad. Haga clic aqu\u00ed para suscribirse.<\/a><\/strong><\/p><\/li>\t<\/ul>\n\t\t<h2>Divisi\u00f3n de Asuntos Vecinales<\/h2>\n\t\t<p>La Divisi\u00f3n de Asuntos Vecinales trabaja en estrecha colaboraci\u00f3n con los departamentos de servicios operativos de la ciudad para coordinar una mejor prestaci\u00f3n de los servicios de la ciudad de una manera que responda a las necesidades y solicitudes espec\u00edficas de los vecindarios de toda la ciudad.<\/p>\n\t\t\t<a href=\"\/es\/residents\/neighborhood-affairs-division\/\" target=\"_self\">\n\t\t\t\t\t\t\tM\u00e1s informaci\u00f3n\n\t\t\t<\/a>\n\t\t<a href=\"https:\/\/www.miamibeachfl.gov\/es\/city-hall\/communications\/melissa-berthier\/\" target =\"_self\" aria-label=\"Vaya a https:\/\/www.miamibeachfl.gov\/city-hall\/communications\/melissa-berthier\/\">\t\t\n\t\t\t\t<img decoding=\"async\" src=\"https:\/\/www.miamibeachfl.gov\/wp-content\/uploads\/bb-plugin\/cache\/IMG_1581Cropped-circle.jpg\" alt=\"Melissa Berthier\" title=\"IMG_1581Recortada\" itemprop=\"image\"\/>\n\t\t<\/a>\t\t \n\t\t<h3><a href=\"https:\/\/www.miamibeachfl.gov\/es\/city-hall\/communications\/melissa-berthier\/\" target =\"_self\">Melissa Berthier | Biograf\u00eda<\/a><\/h3>La carrera de la directora Melissa Berthier ha abarcado una variedad de industrias, desde organizaciones sin fines de lucro hasta revistas, belleza hasta transporte y, durante los \u00faltimos diez a\u00f1os, el gobierno local. \t\t\t\t\t\n\t<ul>\n\t\t<li>\t\t\t\t\n\t\t<h3>Oficina central:<\/h3><p><a href=\"https:\/\/goo.gl\/maps\/6gS89fYMKwgryvmc9\"><strong>1700 Convention Center Drive<\/strong><\/a><br \/><strong>Miami Beach, FL 33139<\/strong><\/p><\/li><li>\t\t\t\t\n\t\t<h3>N\u00famero principal:<\/h3><p><strong><a href=\"tel:3056737575\">305.673.7575<\/a><\/strong><\/p><\/li><li>\t\t\t\t\n\t\t<h3>Correo electr\u00f3nico:<\/h3><p><strong><a href=\"mailto:MelissaBerthier@miamibeachfl.gov\">MelissaBerthier@miamibeachfl.gov<\/a><\/strong><\/p><\/li><li>\t\t\t\t\n\t\t<h3>Horario de atenci\u00f3n:<\/h3><p><strong>Lunes \u2013 Viernes<\/strong><br \/>9 am \u2013 5 pm<\/p><\/li>\t<\/ul>\n\t\t\t<a href=\"#backtotop\" target=\"_self\">\n\t\t\t\t\t\tVolver arriba\n\t\t\t\t\t<\/a>","protected":false},"excerpt":{"rendered":"<p><a href=\"tel:3056737575\" style=\"text-decoration:none; color:#004896;\"><br \/>\n    <i class=\"fa-solid fa-phone\"><\/i> 305.673.7575<br \/>\n<\/a><a href=\"https:\/\/www.miamibeachfl.gov\/wp-content\/uploads\/2024\/11\/Additional-Contact-Info.pdf\" style=\"text-decoration:none; color:#004896;\"><br \/>\n    <i class=\"fa-solid fa-circle-info\"><\/i> Informaci\u00f3n de contacto<br \/>\n<\/a><\/p>","protected":false},"author":222,"featured_media":226053,"parent":28206,"menu_order":250,"comment_status":"closed","ping_status":"closed","template":"","meta":{"_searchwp_excluded":"","site-sidebar-layout":"default","site-content-layout":"","ast-site-content-layout":"default","site-content-style":"default","site-sidebar-style":"default","ast-global-header-display":"","ast-banner-title-visibility":"","ast-main-header-display":"","ast-hfb-above-header-display":"","ast-hfb-below-header-display":"","ast-hfb-mobile-header-display":"","site-post-title":"","ast-breadcrumbs-content":"","ast-featured-img":"","footer-sml-layout":"","theme-transparent-header-meta":"","adv-header-id-meta":"","stick-header-meta":"","header-above-stick-meta":"","header-main-stick-meta":"","header-below-stick-meta":"","astra-migrate-meta-layouts":"default","ast-page-background-enabled":"default","ast-page-background-meta":{"desktop":{"background-color":"var(--ast-global-color-5)","background-image":"","background-repeat":"repeat","background-position":"center center","background-size":"auto","background-attachment":"scroll","background-type":"","background-media":"","overlay-type":"","overlay-color":"","overlay-opacity":"","overlay-gradient":""},"tablet":{"background-color":"","background-image":"","background-repeat":"repeat","background-position":"center center","background-size":"auto","background-attachment":"scroll","background-type":"","background-media":"","overlay-type":"","overlay-color":"","overlay-opacity":"","overlay-gradient":""},"mobile":{"background-color":"","background-image":"","background-repeat":"repeat","background-position":"center center","background-size":"auto","background-attachment":"scroll","background-type":"","background-media":"","overlay-type":"","overlay-color":"","overlay-opacity":"","overlay-gradient":""}},"ast-content-background-meta":{"desktop":{"background-color":"var(--ast-global-color-4)","background-image":"","background-repeat":"repeat","background-position":"center center","background-size":"auto","background-attachment":"scroll","background-type":"","background-media":"","overlay-type":"","overlay-color":"","overlay-opacity":"","overlay-gradient":""},"tablet":{"background-color":"var(--ast-global-color-4)","background-image":"","background-repeat":"repeat","background-position":"center center","background-size":"auto","background-attachment":"scroll","background-type":"","background-media":"","overlay-type":"","overlay-color":"","overlay-opacity":"","overlay-gradient":""},"mobile":{"background-color":"var(--ast-global-color-4)","background-image":"","background-repeat":"repeat","background-position":"center center","background-size":"auto","background-attachment":"scroll","background-type":"","background-media":"","overlay-type":"","overlay-color":"","overlay-opacity":"","overlay-gradient":""}},"footnotes":""},"categories":[],"tags":[1727],"class_list":["post-28391","page","type-page","status-publish","has-post-thumbnail","hentry","tag-administrative"],"yoast_head":"<!-- This site is optimized with the Yoast SEO Premium plugin v27.4 (Yoast SEO v27.4) - https:\/\/yoast.com\/product\/yoast-seo-premium-wordpress\/ -->\n<title>Marketing &amp; Communications - City of Miami Beach<\/title>\n<meta name=\"description\" content=\"The City of Miami Beach Office of Marketing &amp; Communications connects the City of Miami Beach with residents, community groups, our many visitors, and the media. The Marketing and Communications Department directs press releases, social media across multiple platforms, and email newsletters.\" \/>\n<meta name=\"robots\" content=\"index, follow, max-snippet:-1, max-image-preview:large, max-video-preview:-1\" \/>\n<link rel=\"canonical\" href=\"https:\/\/www.miamibeachfl.gov\/es\/city-hall\/communications\/\" \/>\n<meta property=\"og:locale\" content=\"es_ES\" \/>\n<meta property=\"og:type\" content=\"article\" \/>\n<meta property=\"og:title\" content=\"Marketing &amp; Communications\" \/>\n<meta property=\"og:description\" content=\"The City of Miami Beach Office of Marketing &amp; Communications connects the City of Miami Beach with residents, community groups, our many visitors, and the media. The Marketing and Communications Department directs press releases, social media across multiple platforms, and email newsletters.\" \/>\n<meta property=\"og:url\" content=\"https:\/\/www.miamibeachfl.gov\/es\/city-hall\/communications\/\" \/>\n<meta property=\"og:site_name\" content=\"City of Miami Beach\" \/>\n<meta property=\"article:publisher\" content=\"https:\/\/www.facebook.com\/cityofmiamibeach\" \/>\n<meta property=\"article:modified_time\" content=\"2026-01-05T18:11:00+00:00\" \/>\n<meta property=\"og:image\" content=\"https:\/\/www.miamibeachfl.gov\/wp-content\/uploads\/2022\/10\/MiamiBeach-visitor-aerial2.jpg\" \/>\n\t<meta property=\"og:image:width\" content=\"2200\" \/>\n\t<meta property=\"og:image:height\" content=\"865\" \/>\n\t<meta property=\"og:image:type\" content=\"image\/jpeg\" \/>\n<meta name=\"twitter:card\" content=\"summary_large_image\" \/>\n<meta name=\"twitter:site\" content=\"@Miamibeachnews\" \/>\n<script type=\"application\/ld+json\" class=\"yoast-schema-graph\">{\"@context\":\"https:\\\/\\\/schema.org\",\"@graph\":[{\"@type\":\"WebPage\",\"@id\":\"https:\\\/\\\/www.miamibeachfl.gov\\\/city-hall\\\/communications\\\/\",\"url\":\"https:\\\/\\\/www.miamibeachfl.gov\\\/city-hall\\\/communications\\\/\",\"name\":\"Marketing & Communications - City of Miami Beach\",\"isPartOf\":{\"@id\":\"https:\\\/\\\/www.miamibeachfl.gov\\\/#website\"},\"primaryImageOfPage\":{\"@id\":\"https:\\\/\\\/www.miamibeachfl.gov\\\/city-hall\\\/communications\\\/#primaryimage\"},\"image\":{\"@id\":\"https:\\\/\\\/www.miamibeachfl.gov\\\/city-hall\\\/communications\\\/#primaryimage\"},\"thumbnailUrl\":\"https:\\\/\\\/www.miamibeachfl.gov\\\/wp-content\\\/uploads\\\/2022\\\/10\\\/MiamiBeach-visitor-aerial2.jpg\",\"datePublished\":\"2017-08-11T00:03:58+00:00\",\"dateModified\":\"2026-01-05T18:11:00+00:00\",\"description\":\"The City of Miami Beach Office of Marketing & Communications connects the City of Miami Beach with residents, community groups, our many visitors, and the media. The Marketing and Communications Department directs press releases, social media across multiple platforms, and email newsletters.\",\"breadcrumb\":{\"@id\":\"https:\\\/\\\/www.miamibeachfl.gov\\\/city-hall\\\/communications\\\/#breadcrumb\"},\"inLanguage\":\"es\",\"potentialAction\":[{\"@type\":\"ReadAction\",\"target\":[\"https:\\\/\\\/www.miamibeachfl.gov\\\/city-hall\\\/communications\\\/\"]}]},{\"@type\":\"ImageObject\",\"inLanguage\":\"es\",\"@id\":\"https:\\\/\\\/www.miamibeachfl.gov\\\/city-hall\\\/communications\\\/#primaryimage\",\"url\":\"https:\\\/\\\/www.miamibeachfl.gov\\\/wp-content\\\/uploads\\\/2022\\\/10\\\/MiamiBeach-visitor-aerial2.jpg\",\"contentUrl\":\"https:\\\/\\\/www.miamibeachfl.gov\\\/wp-content\\\/uploads\\\/2022\\\/10\\\/MiamiBeach-visitor-aerial2.jpg\",\"width\":2200,\"height\":865,\"caption\":\"miami Beach aerial\"},{\"@type\":\"BreadcrumbList\",\"@id\":\"https:\\\/\\\/www.miamibeachfl.gov\\\/city-hall\\\/communications\\\/#breadcrumb\",\"itemListElement\":[{\"@type\":\"ListItem\",\"position\":1,\"name\":\"Home\",\"item\":\"https:\\\/\\\/www.miamibeachfl.gov\\\/\"},{\"@type\":\"ListItem\",\"position\":2,\"name\":\"City Hall\",\"item\":\"https:\\\/\\\/www.miamibeachfl.gov\\\/city-hall\\\/\"},{\"@type\":\"ListItem\",\"position\":3,\"name\":\"Marketing &#038; Communications\"}]},{\"@type\":\"WebSite\",\"@id\":\"https:\\\/\\\/www.miamibeachfl.gov\\\/#website\",\"url\":\"https:\\\/\\\/www.miamibeachfl.gov\\\/\",\"name\":\"City of Miami Beach\",\"description\":\"The official website of the City of Miami Beach. Stay informed, find important information on city services, news, alerts, events, trolley routes, government employment and more.\",\"publisher\":{\"@id\":\"https:\\\/\\\/www.miamibeachfl.gov\\\/#organization\"},\"potentialAction\":[{\"@type\":\"SearchAction\",\"target\":{\"@type\":\"EntryPoint\",\"urlTemplate\":\"https:\\\/\\\/www.miamibeachfl.gov\\\/?s={search_term_string}\"},\"query-input\":{\"@type\":\"PropertyValueSpecification\",\"valueRequired\":true,\"valueName\":\"search_term_string\"}}],\"inLanguage\":\"es\"},{\"@type\":\"Organization\",\"@id\":\"https:\\\/\\\/www.miamibeachfl.gov\\\/#organization\",\"name\":\"City of Miami Beach\",\"url\":\"https:\\\/\\\/www.miamibeachfl.gov\\\/\",\"logo\":{\"@type\":\"ImageObject\",\"inLanguage\":\"es\",\"@id\":\"https:\\\/\\\/www.miamibeachfl.gov\\\/#\\\/schema\\\/logo\\\/image\\\/\",\"url\":\"https:\\\/\\\/www.miamibeachfl.gov\\\/wp-content\\\/uploads\\\/2022\\\/06\\\/miamibeach-logoblue.png\",\"contentUrl\":\"https:\\\/\\\/www.miamibeachfl.gov\\\/wp-content\\\/uploads\\\/2022\\\/06\\\/miamibeach-logoblue.png\",\"width\":1962,\"height\":381,\"caption\":\"City of Miami Beach\"},\"image\":{\"@id\":\"https:\\\/\\\/www.miamibeachfl.gov\\\/#\\\/schema\\\/logo\\\/image\\\/\"},\"sameAs\":[\"https:\\\/\\\/www.facebook.com\\\/cityofmiamibeach\",\"https:\\\/\\\/x.com\\\/Miamibeachnews\",\"https:\\\/\\\/www.instagram.com\\\/miamibeachnews\\\/\"],\"description\":\"The official website of the City of Miami Beach. Stay informed, find important information on city services, news, alerts, events, trolley routes, government employment and more.\",\"telephone\":\"305.604.CITY(2489)\",\"legalName\":\"City of Miami Beach\"}]}<\/script>\n<!-- \/ Yoast SEO Premium plugin. -->","yoast_head_json":{"title":"Marketing y comunicaciones - Ciudad de Miami Beach","description":"La Oficina de Marketing y Comunicaciones de la Ciudad de Miami Beach conecta a la Ciudad de Miami Beach con los residentes, los grupos comunitarios, nuestros numerosos visitantes y los medios de comunicaci\u00f3n. El Departamento de Marketing y Comunicaciones gestiona los comunicados de prensa, las redes sociales en diversas plataformas y los boletines informativos por correo electr\u00f3nico.","robots":{"index":"index","follow":"follow","max-snippet":"max-snippet:-1","max-image-preview":"max-image-preview:large","max-video-preview":"max-video-preview:-1"},"canonical":"https:\/\/www.miamibeachfl.gov\/es\/city-hall\/communications\/","og_locale":"es_ES","og_type":"article","og_title":"Marketing & Communications","og_description":"The City of Miami Beach Office of Marketing & Communications connects the City of Miami Beach with residents, community groups, our many visitors, and the media. The Marketing and Communications Department directs press releases, social media across multiple platforms, and email newsletters.","og_url":"https:\/\/www.miamibeachfl.gov\/es\/city-hall\/communications\/","og_site_name":"City of Miami Beach","article_publisher":"https:\/\/www.facebook.com\/cityofmiamibeach","article_modified_time":"2026-01-05T18:11:00+00:00","og_image":[{"width":2200,"height":865,"url":"https:\/\/www.miamibeachfl.gov\/wp-content\/uploads\/2022\/10\/MiamiBeach-visitor-aerial2.jpg","type":"image\/jpeg"}],"twitter_card":"summary_large_image","twitter_site":"@Miamibeachnews","schema":{"@context":"https:\/\/schema.org","@graph":[{"@type":"WebPage","@id":"https:\/\/www.miamibeachfl.gov\/city-hall\/communications\/","url":"https:\/\/www.miamibeachfl.gov\/city-hall\/communications\/","name":"Marketing y comunicaciones - Ciudad de Miami Beach","isPartOf":{"@id":"https:\/\/www.miamibeachfl.gov\/#website"},"primaryImageOfPage":{"@id":"https:\/\/www.miamibeachfl.gov\/city-hall\/communications\/#primaryimage"},"image":{"@id":"https:\/\/www.miamibeachfl.gov\/city-hall\/communications\/#primaryimage"},"thumbnailUrl":"https:\/\/www.miamibeachfl.gov\/wp-content\/uploads\/2022\/10\/MiamiBeach-visitor-aerial2.jpg","datePublished":"2017-08-11T00:03:58+00:00","dateModified":"2026-01-05T18:11:00+00:00","description":"La Oficina de Marketing y Comunicaciones de la Ciudad de Miami Beach conecta a la Ciudad de Miami Beach con los residentes, los grupos comunitarios, nuestros numerosos visitantes y los medios de comunicaci\u00f3n. El Departamento de Marketing y Comunicaciones gestiona los comunicados de prensa, las redes sociales en diversas plataformas y los boletines informativos por correo electr\u00f3nico.","breadcrumb":{"@id":"https:\/\/www.miamibeachfl.gov\/city-hall\/communications\/#breadcrumb"},"inLanguage":"es","potentialAction":[{"@type":"ReadAction","target":["https:\/\/www.miamibeachfl.gov\/city-hall\/communications\/"]}]},{"@type":"ImageObject","inLanguage":"es","@id":"https:\/\/www.miamibeachfl.gov\/city-hall\/communications\/#primaryimage","url":"https:\/\/www.miamibeachfl.gov\/wp-content\/uploads\/2022\/10\/MiamiBeach-visitor-aerial2.jpg","contentUrl":"https:\/\/www.miamibeachfl.gov\/wp-content\/uploads\/2022\/10\/MiamiBeach-visitor-aerial2.jpg","width":2200,"height":865,"caption":"miami Beach aerial"},{"@type":"BreadcrumbList","@id":"https:\/\/www.miamibeachfl.gov\/city-hall\/communications\/#breadcrumb","itemListElement":[{"@type":"ListItem","position":1,"name":"Home","item":"https:\/\/www.miamibeachfl.gov\/"},{"@type":"ListItem","position":2,"name":"City Hall","item":"https:\/\/www.miamibeachfl.gov\/city-hall\/"},{"@type":"ListItem","position":3,"name":"Marketing &#038; Communications"}]},{"@type":"WebSite","@id":"https:\/\/www.miamibeachfl.gov\/#website","url":"https:\/\/www.miamibeachfl.gov\/","name":"Ciudad de Miami Beach","description":"Sitio web oficial de la Ciudad de Miami Beach. Mant\u00e9ngase informado, encuentre informaci\u00f3n importante sobre servicios municipales, noticias, alertas, eventos, rutas de tranv\u00edas, empleos gubernamentales y m\u00e1s.","publisher":{"@id":"https:\/\/www.miamibeachfl.gov\/#organization"},"potentialAction":[{"@type":"SearchAction","target":{"@type":"EntryPoint","urlTemplate":"https:\/\/www.miamibeachfl.gov\/?s={search_term_string}"},"query-input":{"@type":"PropertyValueSpecification","valueRequired":true,"valueName":"search_term_string"}}],"inLanguage":"es"},{"@type":"Organization","@id":"https:\/\/www.miamibeachfl.gov\/#organization","name":"Ciudad de Miami Beach","url":"https:\/\/www.miamibeachfl.gov\/","logo":{"@type":"ImageObject","inLanguage":"es","@id":"https:\/\/www.miamibeachfl.gov\/#\/schema\/logo\/image\/","url":"https:\/\/www.miamibeachfl.gov\/wp-content\/uploads\/2022\/06\/miamibeach-logoblue.png","contentUrl":"https:\/\/www.miamibeachfl.gov\/wp-content\/uploads\/2022\/06\/miamibeach-logoblue.png","width":1962,"height":381,"caption":"City of Miami Beach"},"image":{"@id":"https:\/\/www.miamibeachfl.gov\/#\/schema\/logo\/image\/"},"sameAs":["https:\/\/www.facebook.com\/cityofmiamibeach","https:\/\/x.com\/Miamibeachnews","https:\/\/www.instagram.com\/miamibeachnews\/"],"description":"Sitio web oficial de la Ciudad de Miami Beach. Mant\u00e9ngase informado, encuentre informaci\u00f3n importante sobre servicios municipales, noticias, alertas, eventos, rutas de tranv\u00edas, empleos gubernamentales y m\u00e1s.","telephone":"305.604.CITY(2489)","legalName":"City of Miami Beach"}]}},"_links":{"self":[{"href":"https:\/\/www.miamibeachfl.gov\/es\/wp-json\/wp\/v2\/pages\/28391","targetHints":{"allow":["GET"]}}],"collection":[{"href":"https:\/\/www.miamibeachfl.gov\/es\/wp-json\/wp\/v2\/pages"}],"about":[{"href":"https:\/\/www.miamibeachfl.gov\/es\/wp-json\/wp\/v2\/types\/page"}],"author":[{"embeddable":true,"href":"https:\/\/www.miamibeachfl.gov\/es\/wp-json\/wp\/v2\/users\/222"}],"replies":[{"embeddable":true,"href":"https:\/\/www.miamibeachfl.gov\/es\/wp-json\/wp\/v2\/comments?post=28391"}],"version-history":[{"count":6,"href":"https:\/\/www.miamibeachfl.gov\/es\/wp-json\/wp\/v2\/pages\/28391\/revisions"}],"predecessor-version":[{"id":394488,"href":"https:\/\/www.miamibeachfl.gov\/es\/wp-json\/wp\/v2\/pages\/28391\/revisions\/394488"}],"up":[{"embeddable":true,"href":"https:\/\/www.miamibeachfl.gov\/es\/wp-json\/wp\/v2\/pages\/28206"}],"wp:featuredmedia":[{"embeddable":true,"href":"https:\/\/www.miamibeachfl.gov\/es\/wp-json\/wp\/v2\/media\/226053"}],"wp:attachment":[{"href":"https:\/\/www.miamibeachfl.gov\/es\/wp-json\/wp\/v2\/media?parent=28391"}],"wp:term":[{"taxonomy":"category","embeddable":true,"href":"https:\/\/www.miamibeachfl.gov\/es\/wp-json\/wp\/v2\/categories?post=28391"},{"taxonomy":"post_tag","embeddable":true,"href":"https:\/\/www.miamibeachfl.gov\/es\/wp-json\/wp\/v2\/tags?post=28391"}],"curies":[{"name":"gracias","href":"https:\/\/api.w.org\/{rel}","templated":true}]}}