{"id":28392,"date":"2017-08-11T00:03:58","date_gmt":"2017-08-11T00:03:58","guid":{"rendered":"http:\/\/www.miamibeachfl.gov\/city-hall\/communications\/subscriptions\/"},"modified":"2025-08-14T11:22:53","modified_gmt":"2025-08-14T15:22:53","slug":"subscriptions","status":"publish","type":"page","link":"https:\/\/www.miamibeachfl.gov\/es\/city-hall\/communications\/subscriptions\/","title":{"rendered":"Suscripciones"},"content":{"rendered":"<h1>\n\t\t\tSuscripciones\t<\/h1>\n<h2>\n\t\t\tReciba noticias e informaci\u00f3n importantes\t<\/h2>\nMen\u00fa de comunicaciones\t\t\t\n\t\t\t\t\t<ul id=\"menu-marketing-and-communications\"><li id=\"menu-item-257918\"><a href=\"\/es\/city-hall\/communications\/\">Marketing y comunicaciones<\/a><\/li>\n<li id=\"menu-item-257919\"><a href=\"\/es\/city-hall\/communications\/press-releases\/\">Comunicados de prensa<\/a><\/li>\n<li id=\"menu-item-257920\"><a href=\"\/es\/city-hall\/communications\/advertising-rates\/\">Tarifas de publicidad<\/a><\/li>\n<li id=\"menu-item-257921\"><a href=\"\/es\/city-hall\/communications\/subscriptions\/\">Suscripciones<\/a><\/li>\n<li id=\"menu-item-257922\"><a href=\"\/es\/city-hall\/communications\/logos\/\">Solicitar un logotipo<\/a><\/li>\n<\/ul>\t\nMen\u00fa de comunicaciones \u00d7\t\t\t\t\t\t<ul id=\"menu-marketing-and-communications-1\"><li id=\"menu-item-257918\"><a href=\"\/es\/city-hall\/communications\/\">Marketing y comunicaciones<\/a><\/li>\n<li id=\"menu-item-257919\"><a href=\"\/es\/city-hall\/communications\/press-releases\/\">Comunicados de prensa<\/a><\/li>\n<li id=\"menu-item-257920\"><a href=\"\/es\/city-hall\/communications\/advertising-rates\/\">Tarifas de publicidad<\/a><\/li>\n<li id=\"menu-item-257921\"><a href=\"\/es\/city-hall\/communications\/subscriptions\/\">Suscripciones<\/a><\/li>\n<li id=\"menu-item-257922\"><a href=\"\/es\/city-hall\/communications\/logos\/\">Solicitar un logotipo<\/a><\/li>\n<\/ul>\t\t\t\t\n\t<p>\u00danase a uno o m\u00e1s grupos de correo electr\u00f3nico de la ciudad de Miami Beach. Los grupos de inter\u00e9s abarcan desde boletines informativos y calendarios de eventos hasta agendas y acciones de reuniones, entre otros.<\/p>\n\t\t\t\t\t\t<h3>Proyectos de toda la ciudad \u2013 Informaci\u00f3n de construcci\u00f3n:<\/h3>\n\t\t\t<p>Avisos ocasionales sobre mejoras\/construcci\u00f3n y avisos de reuniones para proyectos de toda la ciudad.<\/p>\n\t\t\t\t\t\t<h3>Noticias policiales y prevenci\u00f3n del delito:<\/h3>\n\t\t\t<p>Bolet\u00edn comunitario mensual y alertas especiales ocasionales, consejos para la prevenci\u00f3n del delito y otros.<\/p>\n\t\t\t\t\t\t<h3>Noticias de negocios de Miami Beach:<\/h3>\n\t\t\t<p>Actualizaciones de noticias ocasionales espec\u00edficamente para empresas de Miami Beach o aquellos interesados en abrir un negocio en Miami Beach.<\/p>\n\t\t\t\t\t\t<h3>Noticias de desarrollo de edificios:<\/h3>\n\t\t\t<p>Actualizaciones ocasionales de procesos, pol\u00edticas y otra informaci\u00f3n importante involucrada en el proceso de desarrollo de edificios para arquitectos, contratistas, desarrolladores y\/o comerciantes; y tambi\u00e9n informaci\u00f3n importante sobre inundaciones.<\/p>\n\t\t\t\t\t\t<h3>Programas recreativos:<\/h3>\n\t\t\t<p>Informaci\u00f3n ocasional sobre los programas recreativos, eventos, inscripciones y m\u00e1s de nuestro parque p\u00fablico.<\/p>\n\t\t\t\t\t\t<h3>Eventos especiales y producci\u00f3n cinematogr\u00e1fica:<\/h3>\n\t\t\t<p>Informaci\u00f3n sobre eventos especiales, permisos de producci\u00f3n cinematogr\u00e1fica\/impresa y reuniones.<\/p>\n\t\t\t\t\t\t<h3>Sostenibilidad y medio ambiente:<\/h3>\n\t\t\t<p>Informaci\u00f3n ocasional y actualizaciones sobre programas e iniciativas ambientales y\/o de sostenibilidad.<\/p>\n\t\t\t\t\t\t<h3>Informaci\u00f3n del taller de condominios:<\/h3>\n\t\t\t<p>Informaci\u00f3n ocasional espec\u00edficamente para residentes de condominios.<\/p>\n\t\t\t\t\t\t<h3>Informaci\u00f3n sobre huracanes y emergencias:<\/h3>\n\t\t\t<p>Reciba avisos de emergencia para toda la ciudad, consejos e informaci\u00f3n sobre c\u00f3mo prepararse y planificar antes, durante y despu\u00e9s de un hurac\u00e1n, especialmente para residentes y negocios de Miami Beach. La temporada de huracanes es del 1 de junio al 30 de noviembre.<\/p>\n\t\t\t\t\t\t<h3>Red de voluntarios:<\/h3>\n\t\t\t<p>Informaci\u00f3n ocasional sobre oportunidades de voluntariado con nuestros socios en nuestra ciudad.<\/p>\n\t\t\t\t\t\t<h3>Academia de Liderazgo Vecinal:<\/h3>\n\t\t\t<p>Informaci\u00f3n ocasional sobre inscripci\u00f3n, actualizaciones de clases, novedades y reuniones de exalumnos. La academia de 13 semanas se imparte dos veces al a\u00f1o en ingl\u00e9s y una vez al a\u00f1o en espa\u00f1ol.<\/p>\n\t\t\t\t\t\t<h3>CERT \u2013 Equipo de Respuesta a Emergencias Comunitarias:<\/h3>\n\t\t\t<p>Informaci\u00f3n ocasional sobre inscripci\u00f3n, clases, recertificaciones y llamado al servicio.<\/p>\n\t\t\t\t\t\t<h3>Oportunidades de patrocinio:<\/h3>\n\t\t\t<p>Informaci\u00f3n ocasional sobre oportunidades para apoyar un programa, producto o servicio de la ciudad.<\/p>\n\t\t\t\t\t\t<h3>Plan Maestro del Centro de Convenciones de Miami Beach:<\/h3>\n\t\t\t<p>Actualizaciones peri\u00f3dicas sobre el estado del proyecto, incluidos avisos para reuniones p\u00fablicas y talleres.<\/p>\n\t\t\t\t\t\t<h3>Orden del d\u00eda del Comit\u00e9 de Finanzas y Proyectos de toda la Ciudad:<\/h3>\n\t\t\t<p>Comit\u00e9 de la Comisi\u00f3n<\/p>\n\t\t\t\t\t\t<h3>Orden del d\u00eda del Comit\u00e9 de Uso y Desarrollo de la Tierra:<\/h3>\n\t\t\t<p>Comit\u00e9 de la Comisi\u00f3n<\/p>\n\t\t\t\t\t\t<h3>Comit\u00e9 de Asuntos Vecinales\/Comunitarios:<\/h3>\n\t\t\t<p>Comit\u00e9 de la Comisi\u00f3n<\/p>","protected":false},"excerpt":{"rendered":"<p>Subscriptions Receive Important News &#038; Information Communications Menu Marketing &#038; Communications Press Releases Advertising Rates Subscriptions Request a Logo Communications [&hellip;]<\/p>\n","protected":false},"author":222,"featured_media":0,"parent":28391,"menu_order":79,"comment_status":"closed","ping_status":"closed","template":"","meta":{"_searchwp_excluded":"","site-sidebar-layout":"default","site-content-layout":"","ast-site-content-layout":"default","site-content-style":"default","site-sidebar-style":"default","ast-global-header-display":"","ast-banner-title-visibility":"","ast-main-header-display":"","ast-hfb-above-header-display":"","ast-hfb-below-header-display":"","ast-hfb-mobile-header-display":"","site-post-title":"","ast-breadcrumbs-content":"","ast-featured-img":"","footer-sml-layout":"","ast-disable-related-posts":"","theme-transparent-header-meta":"","adv-header-id-meta":"","stick-header-meta":"","header-above-stick-meta":"","header-main-stick-meta":"","header-below-stick-meta":"","astra-migrate-meta-layouts":"default","ast-page-background-enabled":"default","ast-page-background-meta":{"desktop":{"background-color":"var(--ast-global-color-5)","background-image":"","background-repeat":"repeat","background-position":"center center","background-size":"auto","background-attachment":"scroll","background-type":"","background-media":"","overlay-type":"","overlay-color":"","overlay-opacity":"","overlay-gradient":""},"tablet":{"background-color":"","background-image":"","background-repeat":"repeat","background-position":"center center","background-size":"auto","background-attachment":"scroll","background-type":"","background-media":"","overlay-type":"","overlay-color":"","overlay-opacity":"","overlay-gradient":""},"mobile":{"background-color":"","background-image":"","background-repeat":"repeat","background-position":"center center","background-size":"auto","background-attachment":"scroll","background-type":"","background-media":"","overlay-type":"","overlay-color":"","overlay-opacity":"","overlay-gradient":""}},"ast-content-background-meta":{"desktop":{"background-color":"var(--ast-global-color-4)","background-image":"","background-repeat":"repeat","background-position":"center center","background-size":"auto","background-attachment":"scroll","background-type":"","background-media":"","overlay-type":"","overlay-color":"","overlay-opacity":"","overlay-gradient":""},"tablet":{"background-color":"var(--ast-global-color-4)","background-image":"","background-repeat":"repeat","background-position":"center center","background-size":"auto","background-attachment":"scroll","background-type":"","background-media":"","overlay-type":"","overlay-color":"","overlay-opacity":"","overlay-gradient":""},"mobile":{"background-color":"var(--ast-global-color-4)","background-image":"","background-repeat":"repeat","background-position":"center center","background-size":"auto","background-attachment":"scroll","background-type":"","background-media":"","overlay-type":"","overlay-color":"","overlay-opacity":"","overlay-gradient":""}},"footnotes":""},"categories":[],"tags":[],"class_list":["post-28392","page","type-page","status-publish","hentry"],"yoast_head":"<!-- This site is optimized with the Yoast SEO Premium plugin v27.4 (Yoast SEO v27.4) - https:\/\/yoast.com\/product\/yoast-seo-premium-wordpress\/ -->\n<title>Subscriptions - City of Miami Beach<\/title>\n<meta name=\"description\" content=\"Subscribe to the many E-newsletters available from the City of Miami Beach\" \/>\n<meta name=\"robots\" content=\"index, follow, max-snippet:-1, max-image-preview:large, max-video-preview:-1\" \/>\n<link rel=\"canonical\" href=\"https:\/\/www.miamibeachfl.gov\/es\/city-hall\/communications\/subscriptions\/\" \/>\n<meta property=\"og:locale\" content=\"es_ES\" \/>\n<meta property=\"og:type\" content=\"article\" \/>\n<meta property=\"og:title\" content=\"Subscriptions\" \/>\n<meta property=\"og:description\" content=\"Subscribe to the many E-newsletters available from the City of Miami Beach\" \/>\n<meta property=\"og:url\" content=\"https:\/\/www.miamibeachfl.gov\/es\/city-hall\/communications\/subscriptions\/\" \/>\n<meta property=\"og:site_name\" content=\"City of Miami Beach\" \/>\n<meta property=\"article:publisher\" content=\"https:\/\/www.facebook.com\/cityofmiamibeach\" \/>\n<meta property=\"article:modified_time\" content=\"2025-08-14T15:22:53+00:00\" \/>\n<meta property=\"og:image\" content=\"https:\/\/www.miamibeachfl.gov\/wp-content\/uploads\/2023\/04\/enewsletter.jpg\" \/>\n\t<meta property=\"og:image:width\" content=\"2000\" \/>\n\t<meta property=\"og:image:height\" content=\"500\" \/>\n\t<meta property=\"og:image:type\" content=\"image\/jpeg\" \/>\n<meta name=\"twitter:card\" content=\"summary_large_image\" \/>\n<meta name=\"twitter:site\" content=\"@Miamibeachnews\" \/>\n<script type=\"application\/ld+json\" class=\"yoast-schema-graph\">{\"@context\":\"https:\\\/\\\/schema.org\",\"@graph\":[{\"@type\":\"WebPage\",\"@id\":\"https:\\\/\\\/www.miamibeachfl.gov\\\/city-hall\\\/communications\\\/subscriptions\\\/\",\"url\":\"https:\\\/\\\/www.miamibeachfl.gov\\\/city-hall\\\/communications\\\/subscriptions\\\/\",\"name\":\"Subscriptions - City of Miami Beach\",\"isPartOf\":{\"@id\":\"https:\\\/\\\/www.miamibeachfl.gov\\\/#website\"},\"datePublished\":\"2017-08-11T00:03:58+00:00\",\"dateModified\":\"2025-08-14T15:22:53+00:00\",\"description\":\"Subscribe to the many E-newsletters available from the City of Miami Beach\",\"breadcrumb\":{\"@id\":\"https:\\\/\\\/www.miamibeachfl.gov\\\/city-hall\\\/communications\\\/subscriptions\\\/#breadcrumb\"},\"inLanguage\":\"es\",\"potentialAction\":[{\"@type\":\"ReadAction\",\"target\":[\"https:\\\/\\\/www.miamibeachfl.gov\\\/city-hall\\\/communications\\\/subscriptions\\\/\"]}]},{\"@type\":\"BreadcrumbList\",\"@id\":\"https:\\\/\\\/www.miamibeachfl.gov\\\/city-hall\\\/communications\\\/subscriptions\\\/#breadcrumb\",\"itemListElement\":[{\"@type\":\"ListItem\",\"position\":1,\"name\":\"Home\",\"item\":\"https:\\\/\\\/www.miamibeachfl.gov\\\/\"},{\"@type\":\"ListItem\",\"position\":2,\"name\":\"City Hall\",\"item\":\"https:\\\/\\\/www.miamibeachfl.gov\\\/city-hall\\\/\"},{\"@type\":\"ListItem\",\"position\":3,\"name\":\"Marketing &#038; Communications\",\"item\":\"https:\\\/\\\/www.miamibeachfl.gov\\\/city-hall\\\/communications\\\/\"},{\"@type\":\"ListItem\",\"position\":4,\"name\":\"Subscriptions\"}]},{\"@type\":\"WebSite\",\"@id\":\"https:\\\/\\\/www.miamibeachfl.gov\\\/#website\",\"url\":\"https:\\\/\\\/www.miamibeachfl.gov\\\/\",\"name\":\"City of Miami Beach\",\"description\":\"The official website of the City of Miami Beach. Stay informed, find important information on city services, news, alerts, events, trolley routes, government employment and more.\",\"publisher\":{\"@id\":\"https:\\\/\\\/www.miamibeachfl.gov\\\/#organization\"},\"potentialAction\":[{\"@type\":\"SearchAction\",\"target\":{\"@type\":\"EntryPoint\",\"urlTemplate\":\"https:\\\/\\\/www.miamibeachfl.gov\\\/?s={search_term_string}\"},\"query-input\":{\"@type\":\"PropertyValueSpecification\",\"valueRequired\":true,\"valueName\":\"search_term_string\"}}],\"inLanguage\":\"es\"},{\"@type\":\"Organization\",\"@id\":\"https:\\\/\\\/www.miamibeachfl.gov\\\/#organization\",\"name\":\"City of Miami Beach\",\"url\":\"https:\\\/\\\/www.miamibeachfl.gov\\\/\",\"logo\":{\"@type\":\"ImageObject\",\"inLanguage\":\"es\",\"@id\":\"https:\\\/\\\/www.miamibeachfl.gov\\\/#\\\/schema\\\/logo\\\/image\\\/\",\"url\":\"https:\\\/\\\/www.miamibeachfl.gov\\\/wp-content\\\/uploads\\\/2022\\\/06\\\/miamibeach-logoblue.png\",\"contentUrl\":\"https:\\\/\\\/www.miamibeachfl.gov\\\/wp-content\\\/uploads\\\/2022\\\/06\\\/miamibeach-logoblue.png\",\"width\":1962,\"height\":381,\"caption\":\"City of Miami Beach\"},\"image\":{\"@id\":\"https:\\\/\\\/www.miamibeachfl.gov\\\/#\\\/schema\\\/logo\\\/image\\\/\"},\"sameAs\":[\"https:\\\/\\\/www.facebook.com\\\/cityofmiamibeach\",\"https:\\\/\\\/x.com\\\/Miamibeachnews\",\"https:\\\/\\\/www.instagram.com\\\/miamibeachnews\\\/\"],\"description\":\"The official website of the City of Miami Beach. Stay informed, find important information on city services, news, alerts, events, trolley routes, government employment and more.\",\"telephone\":\"305.604.CITY(2489)\",\"legalName\":\"City of Miami Beach\"}]}<\/script>\n<!-- \/ Yoast SEO Premium plugin. -->","yoast_head_json":{"title":"Suscripciones - Ciudad de Miami Beach","description":"Suscr\u00edbase a los numerosos boletines electr\u00f3nicos disponibles de la Ciudad de Miami Beach","robots":{"index":"index","follow":"follow","max-snippet":"max-snippet:-1","max-image-preview":"max-image-preview:large","max-video-preview":"max-video-preview:-1"},"canonical":"https:\/\/www.miamibeachfl.gov\/es\/city-hall\/communications\/subscriptions\/","og_locale":"es_ES","og_type":"article","og_title":"Subscriptions","og_description":"Subscribe to the many E-newsletters available from the City of Miami Beach","og_url":"https:\/\/www.miamibeachfl.gov\/es\/city-hall\/communications\/subscriptions\/","og_site_name":"City of Miami Beach","article_publisher":"https:\/\/www.facebook.com\/cityofmiamibeach","article_modified_time":"2025-08-14T15:22:53+00:00","og_image":[{"width":2000,"height":500,"url":"https:\/\/www.miamibeachfl.gov\/wp-content\/uploads\/2023\/04\/enewsletter.jpg","type":"image\/jpeg"}],"twitter_card":"summary_large_image","twitter_site":"@Miamibeachnews","schema":{"@context":"https:\/\/schema.org","@graph":[{"@type":"WebPage","@id":"https:\/\/www.miamibeachfl.gov\/city-hall\/communications\/subscriptions\/","url":"https:\/\/www.miamibeachfl.gov\/city-hall\/communications\/subscriptions\/","name":"Suscripciones - Ciudad de Miami Beach","isPartOf":{"@id":"https:\/\/www.miamibeachfl.gov\/#website"},"datePublished":"2017-08-11T00:03:58+00:00","dateModified":"2025-08-14T15:22:53+00:00","description":"Suscr\u00edbase a los numerosos boletines electr\u00f3nicos disponibles de la Ciudad de Miami Beach","breadcrumb":{"@id":"https:\/\/www.miamibeachfl.gov\/city-hall\/communications\/subscriptions\/#breadcrumb"},"inLanguage":"es","potentialAction":[{"@type":"ReadAction","target":["https:\/\/www.miamibeachfl.gov\/city-hall\/communications\/subscriptions\/"]}]},{"@type":"BreadcrumbList","@id":"https:\/\/www.miamibeachfl.gov\/city-hall\/communications\/subscriptions\/#breadcrumb","itemListElement":[{"@type":"ListItem","position":1,"name":"Home","item":"https:\/\/www.miamibeachfl.gov\/"},{"@type":"ListItem","position":2,"name":"City Hall","item":"https:\/\/www.miamibeachfl.gov\/city-hall\/"},{"@type":"ListItem","position":3,"name":"Marketing &#038; Communications","item":"https:\/\/www.miamibeachfl.gov\/city-hall\/communications\/"},{"@type":"ListItem","position":4,"name":"Subscriptions"}]},{"@type":"WebSite","@id":"https:\/\/www.miamibeachfl.gov\/#website","url":"https:\/\/www.miamibeachfl.gov\/","name":"Ciudad de Miami Beach","description":"Sitio web oficial de la Ciudad de Miami Beach. Mant\u00e9ngase informado, encuentre informaci\u00f3n importante sobre servicios municipales, noticias, alertas, eventos, rutas de tranv\u00edas, empleos gubernamentales y m\u00e1s.","publisher":{"@id":"https:\/\/www.miamibeachfl.gov\/#organization"},"potentialAction":[{"@type":"SearchAction","target":{"@type":"EntryPoint","urlTemplate":"https:\/\/www.miamibeachfl.gov\/?s={search_term_string}"},"query-input":{"@type":"PropertyValueSpecification","valueRequired":true,"valueName":"search_term_string"}}],"inLanguage":"es"},{"@type":"Organization","@id":"https:\/\/www.miamibeachfl.gov\/#organization","name":"Ciudad de Miami Beach","url":"https:\/\/www.miamibeachfl.gov\/","logo":{"@type":"ImageObject","inLanguage":"es","@id":"https:\/\/www.miamibeachfl.gov\/#\/schema\/logo\/image\/","url":"https:\/\/www.miamibeachfl.gov\/wp-content\/uploads\/2022\/06\/miamibeach-logoblue.png","contentUrl":"https:\/\/www.miamibeachfl.gov\/wp-content\/uploads\/2022\/06\/miamibeach-logoblue.png","width":1962,"height":381,"caption":"City of Miami Beach"},"image":{"@id":"https:\/\/www.miamibeachfl.gov\/#\/schema\/logo\/image\/"},"sameAs":["https:\/\/www.facebook.com\/cityofmiamibeach","https:\/\/x.com\/Miamibeachnews","https:\/\/www.instagram.com\/miamibeachnews\/"],"description":"Sitio web oficial de la Ciudad de Miami Beach. Mant\u00e9ngase informado, encuentre informaci\u00f3n importante sobre servicios municipales, noticias, alertas, eventos, rutas de tranv\u00edas, empleos gubernamentales y m\u00e1s.","telephone":"305.604.CITY(2489)","legalName":"City of Miami Beach"}]}},"_links":{"self":[{"href":"https:\/\/www.miamibeachfl.gov\/es\/wp-json\/wp\/v2\/pages\/28392","targetHints":{"allow":["GET"]}}],"collection":[{"href":"https:\/\/www.miamibeachfl.gov\/es\/wp-json\/wp\/v2\/pages"}],"about":[{"href":"https:\/\/www.miamibeachfl.gov\/es\/wp-json\/wp\/v2\/types\/page"}],"author":[{"embeddable":true,"href":"https:\/\/www.miamibeachfl.gov\/es\/wp-json\/wp\/v2\/users\/222"}],"replies":[{"embeddable":true,"href":"https:\/\/www.miamibeachfl.gov\/es\/wp-json\/wp\/v2\/comments?post=28392"}],"version-history":[{"count":5,"href":"https:\/\/www.miamibeachfl.gov\/es\/wp-json\/wp\/v2\/pages\/28392\/revisions"}],"predecessor-version":[{"id":387978,"href":"https:\/\/www.miamibeachfl.gov\/es\/wp-json\/wp\/v2\/pages\/28392\/revisions\/387978"}],"up":[{"embeddable":true,"href":"https:\/\/www.miamibeachfl.gov\/es\/wp-json\/wp\/v2\/pages\/28391"}],"wp:attachment":[{"href":"https:\/\/www.miamibeachfl.gov\/es\/wp-json\/wp\/v2\/media?parent=28392"}],"wp:term":[{"taxonomy":"category","embeddable":true,"href":"https:\/\/www.miamibeachfl.gov\/es\/wp-json\/wp\/v2\/categories?post=28392"},{"taxonomy":"post_tag","embeddable":true,"href":"https:\/\/www.miamibeachfl.gov\/es\/wp-json\/wp\/v2\/tags?post=28392"}],"curies":[{"name":"gracias","href":"https:\/\/api.w.org\/{rel}","templated":true}]}}