{"id":284432,"date":"2024-01-08T13:42:32","date_gmt":"2024-01-08T18:42:32","guid":{"rendered":"https:\/\/www.miamibeachfl.gov\/?page_id=284432"},"modified":"2026-03-02T15:17:25","modified_gmt":"2026-03-02T20:17:25","slug":"sop","status":"publish","type":"page","link":"https:\/\/www.miamibeachfl.gov\/es\/city-hall\/building\/sop\/","title":{"rendered":"Elaboraci\u00f3n de procedimientos operativos est\u00e1ndar"},"content":{"rendered":"Men\u00fa de construcci\u00f3n\t\t\t\n\t\t\t\t\t<ul id=\"menu-building-department\"><li id=\"menu-item-270333\" aria-haspopup=\"true\"><a aria-expanded=\"false\" href=\"\/es\/city-hall\/building\/permits\/\">Solicitud de permiso<\/a>\n<ul>\n\t<li id=\"menu-item-286727\"><a href=\"\/es\/city-hall\/building\/permits\/\">El proceso de permisos: c\u00f3mo solicitarlos<\/a><\/li>\n\t<li id=\"menu-item-271067\"><a href=\"\/es\/city-hall\/building\/permits\/permitchecklists\/\">Listas de verificaci\u00f3n de permisos<\/a><\/li>\n\t<li id=\"menu-item-322770\"><a href=\"\/es\/city-hall\/building\/permits\/same-day-services\/\">Servicio el mismo d\u00eda<\/a><\/li>\n\t<li id=\"menu-item-270341\"><a href=\"\/es\/city-hall\/building\/onlinepermits\/\">Centro de recursos de permisos en l\u00ednea: solicitud en l\u00ednea<\/a><\/li>\n\t<li id=\"menu-item-270340\"><a href=\"\/es\/city-hall\/building\/permits\/interactive-permit-guide\/\">Gu\u00eda interactiva de permisos<\/a><\/li>\n\t<li id=\"menu-item-340585\"><a href=\"\/es\/city-hall\/building\/permits\/expired-permits-and-permit-renewals\/\">Permisos vencidos y renovaciones de permisos<\/a><\/li>\n<\/ul>\n<\/li>\n<li id=\"menu-item-312699\" aria-haspopup=\"true\"><a aria-expanded=\"false\" href=\"#\">Recursos para permisos<\/a>\n<ul>\n\t<li id=\"menu-item-280603\"><a href=\"\/wp-content\/uploads\/2025\/10\/Building-Department-Fee-Guide-2025.pdf\">Tabla de tarifas<\/a><\/li>\n\t<li id=\"menu-item-272445\"><a href=\"\/es\/city-hall\/building\/permits\/building-permits-not-required-work-list\/\">Lista de lugares que no requieren permiso<\/a><\/li>\n\t<li id=\"menu-item-285785\"><a href=\"\/es\/city-hall\/building\/permits\/permit-refunds\/\">Reembolsos de permisos<\/a><\/li>\n\t<li id=\"menu-item-285786\"><a href=\"\/es\/city-hall\/building\/permits\/building-permit-reprieve-program\/\">Programa de amnist\u00eda por violaciones del c\u00f3digo de construcci\u00f3n<\/a><\/li>\n\t<li id=\"menu-item-270348\"><a href=\"\/es\/city-hall\/building\/building-recert\/\">Recertificaci\u00f3n de edificios<\/a><\/li>\n\t<li id=\"menu-item-298042\"><a href=\"\/es\/city-hall\/building\/permits\/fema-50-rule\/\">Regla 50% de FEMA<\/a><\/li>\n\t<li id=\"menu-item-270344\"><a href=\"\/es\/city-hall\/building\/permits\/mdc\/\">Condado de Miami-Dade<\/a><\/li>\n\t<li id=\"menu-item-270345\"><a href=\"\/es\/city-hall\/building\/permits\/phased-permits\/\">Permisos por fases<\/a><\/li>\n\t<li id=\"menu-item-270342\"><a href=\"\/es\/city-hall\/building\/permits\/green\/\">Permisos Verdes<\/a><\/li>\n\t<li id=\"menu-item-270346\"><a href=\"\/es\/city-hall\/building\/statistics\/\">Paneles de estad\u00edsticas<\/a><\/li>\n\t<li id=\"menu-item-286018\"><a href=\"\/es\/permits-search-dashboard\/\">B\u00fasqueda de permisos de archivo<\/a><\/li>\n<\/ul>\n<\/li>\n<li id=\"menu-item-270334\"><a href=\"\/es\/city-hall\/building\/forms\/\">Formularios<\/a><\/li>\n<li id=\"menu-item-270335\"><a href=\"\/es\/city-hall\/building\/inspections\/\">Inspecciones<\/a><\/li>\n<li id=\"menu-item-270336\"><a href=\"\/es\/city-hall\/building\/violations\/\">Violaciones<\/a><\/li>\n<li id=\"menu-item-270339\"><a href=\"\/es\/city-hall\/building\/contractors\/\">Contratistas<\/a><\/li>\n<li id=\"menu-item-270338\"><a href=\"\/es\/city-hall\/building\/contact-us\/\">Cont\u00e1ctenos<\/a><\/li>\n<li id=\"menu-item-270337\" aria-haspopup=\"true\"><a aria-expanded=\"false\" href=\"#\">M\u00e1s enlaces<\/a>\n<ul>\n\t<li id=\"menu-item-270352\"><a href=\"\/es\/city-hall\/building\/faq\/\">Preguntas frecuentes<\/a><\/li>\n\t<li id=\"menu-item-270350\"><a href=\"\/es\/city-hall\/building\/events\/\">Eventos y anuncios<\/a><\/li>\n\t<li id=\"menu-item-270353\"><a href=\"\/es\/city-hall\/building\/local-flood-hazard-info\/\">Gesti\u00f3n de llanuras aluviales<\/a><\/li>\n\t<li id=\"menu-item-270347\"><a href=\"\/es\/city-hall\/building\/hurricane-preparedness\/\">Preparaci\u00f3n para huracanes<\/a><\/li>\n\t<li id=\"menu-item-270349\"><a href=\"\/es\/city-hall\/building\/records-management\/\">Gesti\u00f3n de registros<\/a><\/li>\n\t<li id=\"menu-item-270343\"><a href=\"\/es\/city-hall\/building\/permits\/private-provider-info\/\">Informaci\u00f3n de proveedores privados<\/a><\/li>\n\t<li id=\"menu-item-280714\"><a href=\"\/es\/city-hall\/building\/building-recert\/annual-maintenance-log\/\">Registro de mantenimiento anual<\/a><\/li>\n\t<li id=\"menu-item-285447\"><a href=\"\/es\/city-hall\/building\/sop\/\">COMPENSACI\u00d3N<\/a><\/li>\n<\/ul>\n<\/li>\n<\/ul>\t\nMen\u00fa del edificio \u00d7\t\t\t\t\t\t<ul id=\"menu-building-department-1\"><li id=\"menu-item-270333\" aria-haspopup=\"true\"><a aria-expanded=\"false\" href=\"\/es\/city-hall\/building\/permits\/\">Solicitud de permiso<\/a>\n<ul>\n\t<li id=\"menu-item-286727\"><a href=\"\/es\/city-hall\/building\/permits\/\">El proceso de permisos: c\u00f3mo solicitarlos<\/a><\/li>\n\t<li id=\"menu-item-271067\"><a href=\"\/es\/city-hall\/building\/permits\/permitchecklists\/\">Listas de verificaci\u00f3n de permisos<\/a><\/li>\n\t<li id=\"menu-item-322770\"><a href=\"\/es\/city-hall\/building\/permits\/same-day-services\/\">Servicio el mismo d\u00eda<\/a><\/li>\n\t<li id=\"menu-item-270341\"><a href=\"\/es\/city-hall\/building\/onlinepermits\/\">Centro de recursos de permisos en l\u00ednea: solicitud en l\u00ednea<\/a><\/li>\n\t<li id=\"menu-item-270340\"><a href=\"\/es\/city-hall\/building\/permits\/interactive-permit-guide\/\">Gu\u00eda interactiva de permisos<\/a><\/li>\n\t<li id=\"menu-item-340585\"><a href=\"\/es\/city-hall\/building\/permits\/expired-permits-and-permit-renewals\/\">Permisos vencidos y renovaciones de permisos<\/a><\/li>\n<\/ul>\n<\/li>\n<li id=\"menu-item-312699\" aria-haspopup=\"true\"><a aria-expanded=\"false\" href=\"#\">Recursos para permisos<\/a>\n<ul>\n\t<li id=\"menu-item-280603\"><a href=\"\/wp-content\/uploads\/2025\/10\/Building-Department-Fee-Guide-2025.pdf\">Tabla de tarifas<\/a><\/li>\n\t<li id=\"menu-item-272445\"><a href=\"\/es\/city-hall\/building\/permits\/building-permits-not-required-work-list\/\">Lista de lugares que no requieren permiso<\/a><\/li>\n\t<li id=\"menu-item-285785\"><a href=\"\/es\/city-hall\/building\/permits\/permit-refunds\/\">Reembolsos de permisos<\/a><\/li>\n\t<li id=\"menu-item-285786\"><a href=\"\/es\/city-hall\/building\/permits\/building-permit-reprieve-program\/\">Programa de amnist\u00eda por violaciones del c\u00f3digo de construcci\u00f3n<\/a><\/li>\n\t<li id=\"menu-item-270348\"><a href=\"\/es\/city-hall\/building\/building-recert\/\">Recertificaci\u00f3n de edificios<\/a><\/li>\n\t<li id=\"menu-item-298042\"><a href=\"\/es\/city-hall\/building\/permits\/fema-50-rule\/\">Regla 50% de FEMA<\/a><\/li>\n\t<li id=\"menu-item-270344\"><a href=\"\/es\/city-hall\/building\/permits\/mdc\/\">Condado de Miami-Dade<\/a><\/li>\n\t<li id=\"menu-item-270345\"><a href=\"\/es\/city-hall\/building\/permits\/phased-permits\/\">Permisos por fases<\/a><\/li>\n\t<li id=\"menu-item-270342\"><a href=\"\/es\/city-hall\/building\/permits\/green\/\">Permisos Verdes<\/a><\/li>\n\t<li id=\"menu-item-270346\"><a href=\"\/es\/city-hall\/building\/statistics\/\">Paneles de estad\u00edsticas<\/a><\/li>\n\t<li id=\"menu-item-286018\"><a href=\"\/es\/permits-search-dashboard\/\">B\u00fasqueda de permisos de archivo<\/a><\/li>\n<\/ul>\n<\/li>\n<li id=\"menu-item-270334\"><a href=\"\/es\/city-hall\/building\/forms\/\">Formularios<\/a><\/li>\n<li id=\"menu-item-270335\"><a href=\"\/es\/city-hall\/building\/inspections\/\">Inspecciones<\/a><\/li>\n<li id=\"menu-item-270336\"><a href=\"\/es\/city-hall\/building\/violations\/\">Violaciones<\/a><\/li>\n<li id=\"menu-item-270339\"><a href=\"\/es\/city-hall\/building\/contractors\/\">Contratistas<\/a><\/li>\n<li id=\"menu-item-270338\"><a href=\"\/es\/city-hall\/building\/contact-us\/\">Cont\u00e1ctenos<\/a><\/li>\n<li id=\"menu-item-270337\" aria-haspopup=\"true\"><a aria-expanded=\"false\" href=\"#\">M\u00e1s enlaces<\/a>\n<ul>\n\t<li id=\"menu-item-270352\"><a href=\"\/es\/city-hall\/building\/faq\/\">Preguntas frecuentes<\/a><\/li>\n\t<li id=\"menu-item-270350\"><a href=\"\/es\/city-hall\/building\/events\/\">Eventos y anuncios<\/a><\/li>\n\t<li id=\"menu-item-270353\"><a href=\"\/es\/city-hall\/building\/local-flood-hazard-info\/\">Gesti\u00f3n de llanuras aluviales<\/a><\/li>\n\t<li id=\"menu-item-270347\"><a href=\"\/es\/city-hall\/building\/hurricane-preparedness\/\">Preparaci\u00f3n para huracanes<\/a><\/li>\n\t<li id=\"menu-item-270349\"><a href=\"\/es\/city-hall\/building\/records-management\/\">Gesti\u00f3n de registros<\/a><\/li>\n\t<li id=\"menu-item-270343\"><a href=\"\/es\/city-hall\/building\/permits\/private-provider-info\/\">Informaci\u00f3n de proveedores privados<\/a><\/li>\n\t<li id=\"menu-item-280714\"><a href=\"\/es\/city-hall\/building\/building-recert\/annual-maintenance-log\/\">Registro de mantenimiento anual<\/a><\/li>\n\t<li id=\"menu-item-285447\"><a href=\"\/es\/city-hall\/building\/sop\/\">COMPENSACI\u00d3N<\/a><\/li>\n<\/ul>\n<\/li>\n<\/ul>\t\t\t\t\n\t\t\t<h1>\n\t\t\tElaboraci\u00f3n de procedimientos operativos est\u00e1ndar\t<\/h1>\n\t\t\t<a href=\"https:\/\/www.miamibeachfl.gov\/wp-content\/uploads\/2025\/04\/Building-SOP-4.16.2025.pdf\" target=\"_blank\" rel=\"noopener\">\n\t\t\t\t\t\t\tNuestros procedimientos operativos est\u00e1ndar\n\t\t\t<\/a>\n\t\t\t<a href=\"https:\/\/www.miamibeachfl.gov\/wp-content\/uploads\/2020\/06\/SOP-Search-Instructions.png\" target=\"_blank\" rel=\"noopener\">\n\t\t\t\t\t\t\tC\u00f3mo buscar SOP usando palabras clave\/marcadores\n\t\t\t<\/a>","protected":false},"excerpt":{"rendered":"<p>Building Menu Permit Application The Permitting Process &#8211; How to Apply Permitting Checklists Same Day Service Online Permitting Resource Center [&hellip;]<\/p>\n","protected":false},"author":222,"featured_media":0,"parent":251511,"menu_order":23,"comment_status":"closed","ping_status":"closed","template":"","meta":{"_searchwp_excluded":"","site-sidebar-layout":"default","site-content-layout":"","ast-site-content-layout":"default","site-content-style":"default","site-sidebar-style":"default","ast-global-header-display":"","ast-banner-title-visibility":"","ast-main-header-display":"","ast-hfb-above-header-display":"","ast-hfb-below-header-display":"","ast-hfb-mobile-header-display":"","site-post-title":"","ast-breadcrumbs-content":"","ast-featured-img":"","footer-sml-layout":"","theme-transparent-header-meta":"","adv-header-id-meta":"","stick-header-meta":"","header-above-stick-meta":"","header-main-stick-meta":"","header-below-stick-meta":"","astra-migrate-meta-layouts":"default","ast-page-background-enabled":"default","ast-page-background-meta":{"desktop":{"background-color":"var(--ast-global-color-5)","background-image":"","background-repeat":"repeat","background-position":"center center","background-size":"auto","background-attachment":"scroll","background-type":"","background-media":"","overlay-type":"","overlay-color":"","overlay-opacity":"","overlay-gradient":""},"tablet":{"background-color":"","background-image":"","background-repeat":"repeat","background-position":"center center","background-size":"auto","background-attachment":"scroll","background-type":"","background-media":"","overlay-type":"","overlay-color":"","overlay-opacity":"","overlay-gradient":""},"mobile":{"background-color":"","background-image":"","background-repeat":"repeat","background-position":"center center","background-size":"auto","background-attachment":"scroll","background-type":"","background-media":"","overlay-type":"","overlay-color":"","overlay-opacity":"","overlay-gradient":""}},"ast-content-background-meta":{"desktop":{"background-color":"var(--ast-global-color-4)","background-image":"","background-repeat":"repeat","background-position":"center center","background-size":"auto","background-attachment":"scroll","background-type":"","background-media":"","overlay-type":"","overlay-color":"","overlay-opacity":"","overlay-gradient":""},"tablet":{"background-color":"var(--ast-global-color-4)","background-image":"","background-repeat":"repeat","background-position":"center center","background-size":"auto","background-attachment":"scroll","background-type":"","background-media":"","overlay-type":"","overlay-color":"","overlay-opacity":"","overlay-gradient":""},"mobile":{"background-color":"var(--ast-global-color-4)","background-image":"","background-repeat":"repeat","background-position":"center center","background-size":"auto","background-attachment":"scroll","background-type":"","background-media":"","overlay-type":"","overlay-color":"","overlay-opacity":"","overlay-gradient":""}},"footnotes":""},"categories":[],"tags":[1044,1045,1047],"class_list":["post-284432","page","type-page","status-publish","hentry","tag-building-department","tag-building-forms","tag-building-guidelines"],"yoast_head":"<!-- This site is optimized with the Yoast SEO Premium plugin v27.4 (Yoast SEO v27.4) - https:\/\/yoast.com\/product\/yoast-seo-premium-wordpress\/ -->\n<title>Building SOPs - City of Miami Beach<\/title>\n<meta name=\"description\" content=\"The City of Miami Beach Building Department is dedicated to serving the public through ef\ufb01cient and effective supervision and regulation of construction activities in Miami Beach.\" \/>\n<meta name=\"robots\" content=\"index, follow, max-snippet:-1, max-image-preview:large, max-video-preview:-1\" \/>\n<link rel=\"canonical\" href=\"https:\/\/www.miamibeachfl.gov\/es\/city-hall\/building\/sop\/\" \/>\n<meta property=\"og:locale\" content=\"es_ES\" \/>\n<meta property=\"og:type\" content=\"article\" \/>\n<meta property=\"og:title\" content=\"Building SOPs\" \/>\n<meta property=\"og:description\" content=\"The City of Miami Beach Building Department is dedicated to serving the public through ef\ufb01cient and effective supervision and regulation of construction activities in Miami Beach.\" \/>\n<meta property=\"og:url\" content=\"https:\/\/www.miamibeachfl.gov\/es\/city-hall\/building\/sop\/\" \/>\n<meta property=\"og:site_name\" content=\"City of Miami Beach\" \/>\n<meta property=\"article:publisher\" content=\"https:\/\/www.facebook.com\/cityofmiamibeach\" \/>\n<meta property=\"article:modified_time\" content=\"2026-03-02T20:17:25+00:00\" \/>\n<meta property=\"og:image\" content=\"https:\/\/www.miamibeachfl.gov\/wp-content\/uploads\/2023\/08\/Masterpermitcircle.jpeg\" \/>\n\t<meta property=\"og:image:width\" content=\"1200\" \/>\n\t<meta property=\"og:image:height\" content=\"1200\" \/>\n\t<meta property=\"og:image:type\" content=\"image\/jpeg\" \/>\n<meta name=\"twitter:card\" content=\"summary_large_image\" \/>\n<meta name=\"twitter:site\" content=\"@Miamibeachnews\" \/>\n<script type=\"application\/ld+json\" class=\"yoast-schema-graph\">{\"@context\":\"https:\\\/\\\/schema.org\",\"@graph\":[{\"@type\":\"WebPage\",\"@id\":\"https:\\\/\\\/www.miamibeachfl.gov\\\/city-hall\\\/building\\\/sop\\\/\",\"url\":\"https:\\\/\\\/www.miamibeachfl.gov\\\/city-hall\\\/building\\\/sop\\\/\",\"name\":\"Building SOPs - City of Miami Beach\",\"isPartOf\":{\"@id\":\"https:\\\/\\\/www.miamibeachfl.gov\\\/#website\"},\"datePublished\":\"2024-01-08T18:42:32+00:00\",\"dateModified\":\"2026-03-02T20:17:25+00:00\",\"description\":\"The City of Miami Beach Building Department is dedicated to serving the public through ef\ufb01cient and effective supervision and regulation of construction activities in Miami Beach.\",\"breadcrumb\":{\"@id\":\"https:\\\/\\\/www.miamibeachfl.gov\\\/city-hall\\\/building\\\/sop\\\/#breadcrumb\"},\"inLanguage\":\"es\",\"potentialAction\":[{\"@type\":\"ReadAction\",\"target\":[\"https:\\\/\\\/www.miamibeachfl.gov\\\/city-hall\\\/building\\\/sop\\\/\"]}]},{\"@type\":\"BreadcrumbList\",\"@id\":\"https:\\\/\\\/www.miamibeachfl.gov\\\/city-hall\\\/building\\\/sop\\\/#breadcrumb\",\"itemListElement\":[{\"@type\":\"ListItem\",\"position\":1,\"name\":\"Home\",\"item\":\"https:\\\/\\\/www.miamibeachfl.gov\\\/\"},{\"@type\":\"ListItem\",\"position\":2,\"name\":\"City Hall\",\"item\":\"https:\\\/\\\/www.miamibeachfl.gov\\\/city-hall\\\/\"},{\"@type\":\"ListItem\",\"position\":3,\"name\":\"Building\",\"item\":\"https:\\\/\\\/www.miamibeachfl.gov\\\/city-hall\\\/building\\\/\"},{\"@type\":\"ListItem\",\"position\":4,\"name\":\"Building SOPs\"}]},{\"@type\":\"WebSite\",\"@id\":\"https:\\\/\\\/www.miamibeachfl.gov\\\/#website\",\"url\":\"https:\\\/\\\/www.miamibeachfl.gov\\\/\",\"name\":\"City of Miami Beach\",\"description\":\"The official website of the City of Miami Beach. Stay informed, find important information on city services, news, alerts, events, trolley routes, government employment and more.\",\"publisher\":{\"@id\":\"https:\\\/\\\/www.miamibeachfl.gov\\\/#organization\"},\"potentialAction\":[{\"@type\":\"SearchAction\",\"target\":{\"@type\":\"EntryPoint\",\"urlTemplate\":\"https:\\\/\\\/www.miamibeachfl.gov\\\/?s={search_term_string}\"},\"query-input\":{\"@type\":\"PropertyValueSpecification\",\"valueRequired\":true,\"valueName\":\"search_term_string\"}}],\"inLanguage\":\"es\"},{\"@type\":\"Organization\",\"@id\":\"https:\\\/\\\/www.miamibeachfl.gov\\\/#organization\",\"name\":\"City of Miami Beach\",\"url\":\"https:\\\/\\\/www.miamibeachfl.gov\\\/\",\"logo\":{\"@type\":\"ImageObject\",\"inLanguage\":\"es\",\"@id\":\"https:\\\/\\\/www.miamibeachfl.gov\\\/#\\\/schema\\\/logo\\\/image\\\/\",\"url\":\"https:\\\/\\\/www.miamibeachfl.gov\\\/wp-content\\\/uploads\\\/2022\\\/06\\\/miamibeach-logoblue.png\",\"contentUrl\":\"https:\\\/\\\/www.miamibeachfl.gov\\\/wp-content\\\/uploads\\\/2022\\\/06\\\/miamibeach-logoblue.png\",\"width\":1962,\"height\":381,\"caption\":\"City of Miami Beach\"},\"image\":{\"@id\":\"https:\\\/\\\/www.miamibeachfl.gov\\\/#\\\/schema\\\/logo\\\/image\\\/\"},\"sameAs\":[\"https:\\\/\\\/www.facebook.com\\\/cityofmiamibeach\",\"https:\\\/\\\/x.com\\\/Miamibeachnews\",\"https:\\\/\\\/www.instagram.com\\\/miamibeachnews\\\/\"],\"description\":\"The official website of the City of Miami Beach. Stay informed, find important information on city services, news, alerts, events, trolley routes, government employment and more.\",\"telephone\":\"305.604.CITY(2489)\",\"legalName\":\"City of Miami Beach\"}]}<\/script>\n<!-- \/ Yoast SEO Premium plugin. -->","yoast_head_json":{"title":"Procedimientos operativos est\u00e1ndar de construcci\u00f3n - Ciudad de Miami Beach","description":"El Departamento de Construcci\u00f3n de la Ciudad de Miami Beach est\u00e1 dedicado a servir al p\u00fablico a trav\u00e9s de una supervisi\u00f3n y regulaci\u00f3n eficiente y efectiva de las actividades de construcci\u00f3n en Miami Beach.","robots":{"index":"index","follow":"follow","max-snippet":"max-snippet:-1","max-image-preview":"max-image-preview:large","max-video-preview":"max-video-preview:-1"},"canonical":"https:\/\/www.miamibeachfl.gov\/es\/city-hall\/building\/sop\/","og_locale":"es_ES","og_type":"article","og_title":"Building SOPs","og_description":"The City of Miami Beach Building Department is dedicated to serving the public through ef\ufb01cient and effective supervision and regulation of construction activities in Miami Beach.","og_url":"https:\/\/www.miamibeachfl.gov\/es\/city-hall\/building\/sop\/","og_site_name":"City of Miami Beach","article_publisher":"https:\/\/www.facebook.com\/cityofmiamibeach","article_modified_time":"2026-03-02T20:17:25+00:00","og_image":[{"width":1200,"height":1200,"url":"https:\/\/www.miamibeachfl.gov\/wp-content\/uploads\/2023\/08\/Masterpermitcircle.jpeg","type":"image\/jpeg"}],"twitter_card":"summary_large_image","twitter_site":"@Miamibeachnews","schema":{"@context":"https:\/\/schema.org","@graph":[{"@type":"WebPage","@id":"https:\/\/www.miamibeachfl.gov\/city-hall\/building\/sop\/","url":"https:\/\/www.miamibeachfl.gov\/city-hall\/building\/sop\/","name":"Procedimientos operativos est\u00e1ndar de construcci\u00f3n - Ciudad de Miami Beach","isPartOf":{"@id":"https:\/\/www.miamibeachfl.gov\/#website"},"datePublished":"2024-01-08T18:42:32+00:00","dateModified":"2026-03-02T20:17:25+00:00","description":"El Departamento de Construcci\u00f3n de la Ciudad de Miami Beach est\u00e1 dedicado a servir al p\u00fablico a trav\u00e9s de una supervisi\u00f3n y regulaci\u00f3n eficiente y efectiva de las actividades de construcci\u00f3n en Miami Beach.","breadcrumb":{"@id":"https:\/\/www.miamibeachfl.gov\/city-hall\/building\/sop\/#breadcrumb"},"inLanguage":"es","potentialAction":[{"@type":"ReadAction","target":["https:\/\/www.miamibeachfl.gov\/city-hall\/building\/sop\/"]}]},{"@type":"BreadcrumbList","@id":"https:\/\/www.miamibeachfl.gov\/city-hall\/building\/sop\/#breadcrumb","itemListElement":[{"@type":"ListItem","position":1,"name":"Home","item":"https:\/\/www.miamibeachfl.gov\/"},{"@type":"ListItem","position":2,"name":"City Hall","item":"https:\/\/www.miamibeachfl.gov\/city-hall\/"},{"@type":"ListItem","position":3,"name":"Building","item":"https:\/\/www.miamibeachfl.gov\/city-hall\/building\/"},{"@type":"ListItem","position":4,"name":"Building SOPs"}]},{"@type":"WebSite","@id":"https:\/\/www.miamibeachfl.gov\/#website","url":"https:\/\/www.miamibeachfl.gov\/","name":"Ciudad de Miami Beach","description":"Sitio web oficial de la Ciudad de Miami Beach. Mant\u00e9ngase informado, encuentre informaci\u00f3n importante sobre servicios municipales, noticias, alertas, eventos, rutas de tranv\u00edas, empleos gubernamentales y m\u00e1s.","publisher":{"@id":"https:\/\/www.miamibeachfl.gov\/#organization"},"potentialAction":[{"@type":"SearchAction","target":{"@type":"EntryPoint","urlTemplate":"https:\/\/www.miamibeachfl.gov\/?s={search_term_string}"},"query-input":{"@type":"PropertyValueSpecification","valueRequired":true,"valueName":"search_term_string"}}],"inLanguage":"es"},{"@type":"Organization","@id":"https:\/\/www.miamibeachfl.gov\/#organization","name":"Ciudad de Miami Beach","url":"https:\/\/www.miamibeachfl.gov\/","logo":{"@type":"ImageObject","inLanguage":"es","@id":"https:\/\/www.miamibeachfl.gov\/#\/schema\/logo\/image\/","url":"https:\/\/www.miamibeachfl.gov\/wp-content\/uploads\/2022\/06\/miamibeach-logoblue.png","contentUrl":"https:\/\/www.miamibeachfl.gov\/wp-content\/uploads\/2022\/06\/miamibeach-logoblue.png","width":1962,"height":381,"caption":"City of Miami Beach"},"image":{"@id":"https:\/\/www.miamibeachfl.gov\/#\/schema\/logo\/image\/"},"sameAs":["https:\/\/www.facebook.com\/cityofmiamibeach","https:\/\/x.com\/Miamibeachnews","https:\/\/www.instagram.com\/miamibeachnews\/"],"description":"Sitio web oficial de la Ciudad de Miami Beach. Mant\u00e9ngase informado, encuentre informaci\u00f3n importante sobre servicios municipales, noticias, alertas, eventos, rutas de tranv\u00edas, empleos gubernamentales y m\u00e1s.","telephone":"305.604.CITY(2489)","legalName":"City of Miami Beach"}]}},"_links":{"self":[{"href":"https:\/\/www.miamibeachfl.gov\/es\/wp-json\/wp\/v2\/pages\/284432","targetHints":{"allow":["GET"]}}],"collection":[{"href":"https:\/\/www.miamibeachfl.gov\/es\/wp-json\/wp\/v2\/pages"}],"about":[{"href":"https:\/\/www.miamibeachfl.gov\/es\/wp-json\/wp\/v2\/types\/page"}],"author":[{"embeddable":true,"href":"https:\/\/www.miamibeachfl.gov\/es\/wp-json\/wp\/v2\/users\/222"}],"replies":[{"embeddable":true,"href":"https:\/\/www.miamibeachfl.gov\/es\/wp-json\/wp\/v2\/comments?post=284432"}],"version-history":[{"count":1,"href":"https:\/\/www.miamibeachfl.gov\/es\/wp-json\/wp\/v2\/pages\/284432\/revisions"}],"predecessor-version":[{"id":396924,"href":"https:\/\/www.miamibeachfl.gov\/es\/wp-json\/wp\/v2\/pages\/284432\/revisions\/396924"}],"up":[{"embeddable":true,"href":"https:\/\/www.miamibeachfl.gov\/es\/wp-json\/wp\/v2\/pages\/251511"}],"wp:attachment":[{"href":"https:\/\/www.miamibeachfl.gov\/es\/wp-json\/wp\/v2\/media?parent=284432"}],"wp:term":[{"taxonomy":"category","embeddable":true,"href":"https:\/\/www.miamibeachfl.gov\/es\/wp-json\/wp\/v2\/categories?post=284432"},{"taxonomy":"post_tag","embeddable":true,"href":"https:\/\/www.miamibeachfl.gov\/es\/wp-json\/wp\/v2\/tags?post=284432"}],"curies":[{"name":"gracias","href":"https:\/\/api.w.org\/{rel}","templated":true}]}}