{"id":285544,"date":"2024-01-18T16:53:47","date_gmt":"2024-01-18T21:53:47","guid":{"rendered":"https:\/\/www.miamibeachfl.gov\/city-hall\/building\/permits\/permitchecklists\/as-builts\/"},"modified":"2025-01-31T13:41:40","modified_gmt":"2025-01-31T18:41:40","slug":"as-builts","status":"publish","type":"page","link":"https:\/\/www.miamibeachfl.gov\/es\/city-hall\/building\/permits\/permitchecklists\/as-builts\/","title":{"rendered":"Edificios tal como fueron construidos"},"content":{"rendered":"\r\n<p>Building<\/p>\r\n<ul id=\"menu-building-department\">\r\n<li id=\"menu-item-270332\"><a href=\"\/city-hall\/building\">Building Home<\/a><\/li>\r\n<li id=\"menu-item-270333\"><a href=\"\/city-hall\/building\/permits\">Permits<\/a>\r\n<ul>\r\n<li id=\"menu-item-280603\"><a href=\"https:\/\/www.miamibeachfl.gov\/wp-content\/uploads\/2023\/10\/Fee-schedule-10.01.2023.pdf\">Fee Schedule<\/a><\/li>\r\n<li id=\"menu-item-270341\"><a href=\"\/city-hall\/building\/onlinepermits\/\">Online Permitting Resource Center<\/a><\/li>\r\n<li id=\"menu-item-271067\"><a href=\"\/city-hall\/building\/permits\/permitchecklists\/\">Permitting Checklists<\/a><\/li>\r\n<li id=\"menu-item-270340\"><a href=\"\/city-hall\/building\/permits\/interactive-permit-guide\/\">Interactive Permit Guide<\/a><\/li>\r\n<li id=\"menu-item-270342\"><a href=\"\/city-hall\/building\/permits\/green\/\">Green Permits<\/a><\/li>\r\n<li id=\"menu-item-270345\"><a href=\"\/city-hall\/building\/permits\/phased-permits\/\">Phased Permits<\/a><\/li>\r\n<li id=\"menu-item-270343\"><a href=\"\/city-hall\/building\/permits\/private-provider-info\/\">Private Provider Information<\/a><\/li>\r\n<li id=\"menu-item-272445\"><a href=\"\/city-hall\/building\/permits\/building-permits-not-required-work-list\/\">No Work Permit Required List<\/a><\/li>\r\n<li id=\"menu-item-270344\"><a href=\"\/city-hall\/building\/permits\/mdc\/\">Miami-Dade County<\/a><\/li>\r\n<\/ul>\r\n<\/li>\r\n<li id=\"menu-item-270334\"><a href=\"\/city-hall\/building\/forms\">Forms<\/a><\/li>\r\n<li id=\"menu-item-270335\"><a href=\"\/city-hall\/building\/inspections\">Inspections<\/a><\/li>\r\n<li id=\"menu-item-270336\"><a href=\"\/city-hall\/building\/violations\">Violations<\/a><\/li>\r\n<li id=\"menu-item-270339\"><a href=\"\/city-hall\/building\/contractors\/\">Contractors<\/a><\/li>\r\n<li id=\"menu-item-270337\"><a href=\"#\">Quick Links<\/a>\r\n<ul>\r\n<li id=\"menu-item-280714\"><a href=\"\/city-hall\/building\/building-recert\/annual-maintenance-log\/\">Annual Maintenance Log<\/a><\/li>\r\n<li id=\"menu-item-270348\"><a href=\"\/city-hall\/building\/building-recert\/\">Building Recertification<\/a><\/li>\r\n<li id=\"menu-item-270350\"><a href=\"\/city-hall\/building\/events\/\">Events &amp; Announcements<\/a><\/li>\r\n<li id=\"menu-item-270352\"><a href=\"\/city-hall\/building\/faq\/\">FAQs<\/a><\/li>\r\n<li id=\"menu-item-270353\"><a href=\"\/city-hall\/building\/local-flood-hazard-info\/\">Flood Awareness<\/a><\/li>\r\n<li id=\"menu-item-270347\"><a href=\"\/city-hall\/building\/hurricane-preparedness\/\">Hurricane Preparedness<\/a><\/li>\r\n<li id=\"menu-item-270349\"><a href=\"\/city-hall\/building\/records-management\/\">Records Management<\/a><\/li>\r\n<li id=\"menu-item-270346\"><a href=\"\/city-hall\/building\/statistics\/\">Statistics Dashboards<\/a><\/li>\r\n<li id=\"menu-item-285447\"><a href=\"https:\/\/www.miamibeachfl.gov\/city-hall\/building\/sop\/\">SOP<\/a><\/li>\r\n<\/ul>\r\n<\/li>\r\n<li id=\"menu-item-270338\"><a href=\"\/city-hall\/building\/contact-us\/\">Contact Us<\/a>\r\n<ul>\r\n<li id=\"menu-item-270351\"><a href=\"\/city-hall\/building\/web-booking-terms\/\">Online Booking<\/a><\/li>\r\n<\/ul>\r\n<\/li>\r\n<\/ul>\r\n<p>Building \u00d7<\/p>\r\n<ul id=\"menu-building-department-1\">\r\n<li id=\"menu-item-270332\"><a href=\"\/city-hall\/building\">Building Home<\/a><\/li>\r\n<li id=\"menu-item-270333\"><a href=\"\/city-hall\/building\/permits\">Permits<\/a>\r\n<ul>\r\n<li id=\"menu-item-280603\"><a href=\"https:\/\/www.miamibeachfl.gov\/wp-content\/uploads\/2023\/10\/Fee-schedule-10.01.2023.pdf\">Fee Schedule<\/a><\/li>\r\n<li id=\"menu-item-270341\"><a href=\"\/city-hall\/building\/onlinepermits\/\">Online Permitting Resource Center<\/a><\/li>\r\n<li id=\"menu-item-271067\"><a href=\"\/city-hall\/building\/permits\/permitchecklists\/\">Permitting Checklists<\/a><\/li>\r\n<li id=\"menu-item-270340\"><a href=\"\/city-hall\/building\/permits\/interactive-permit-guide\/\">Interactive Permit Guide<\/a><\/li>\r\n<li id=\"menu-item-270342\"><a href=\"\/city-hall\/building\/permits\/green\/\">Green Permits<\/a><\/li>\r\n<li id=\"menu-item-270345\"><a href=\"\/city-hall\/building\/permits\/phased-permits\/\">Phased Permits<\/a><\/li>\r\n<li id=\"menu-item-270343\"><a href=\"\/city-hall\/building\/permits\/private-provider-info\/\">Private Provider Information<\/a><\/li>\r\n<li id=\"menu-item-272445\"><a href=\"\/city-hall\/building\/permits\/building-permits-not-required-work-list\/\">No Work Permit Required List<\/a><\/li>\r\n<li id=\"menu-item-270344\"><a href=\"\/city-hall\/building\/permits\/mdc\/\">Miami-Dade County<\/a><\/li>\r\n<\/ul>\r\n<\/li>\r\n<li id=\"menu-item-270334\"><a href=\"\/city-hall\/building\/forms\">Forms<\/a><\/li>\r\n<li id=\"menu-item-270335\"><a href=\"\/city-hall\/building\/inspections\">Inspections<\/a><\/li>\r\n<li id=\"menu-item-270336\"><a href=\"\/city-hall\/building\/violations\">Violations<\/a><\/li>\r\n<li id=\"menu-item-270339\"><a href=\"\/city-hall\/building\/contractors\/\">Contractors<\/a><\/li>\r\n<li id=\"menu-item-270337\"><a href=\"#\">Quick Links<\/a>\r\n<ul>\r\n<li id=\"menu-item-280714\"><a href=\"\/city-hall\/building\/building-recert\/annual-maintenance-log\/\">Annual Maintenance Log<\/a><\/li>\r\n<li id=\"menu-item-270348\"><a href=\"\/city-hall\/building\/building-recert\/\">Building Recertification<\/a><\/li>\r\n<li id=\"menu-item-270350\"><a href=\"\/city-hall\/building\/events\/\">Events &amp; Announcements<\/a><\/li>\r\n<li id=\"menu-item-270352\"><a href=\"\/city-hall\/building\/faq\/\">FAQs<\/a><\/li>\r\n<li id=\"menu-item-270353\"><a href=\"\/city-hall\/building\/local-flood-hazard-info\/\">Flood Awareness<\/a><\/li>\r\n<li id=\"menu-item-270347\"><a href=\"\/city-hall\/building\/hurricane-preparedness\/\">Hurricane Preparedness<\/a><\/li>\r\n<li id=\"menu-item-270349\"><a href=\"\/city-hall\/building\/records-management\/\">Records Management<\/a><\/li>\r\n<li id=\"menu-item-270346\"><a href=\"\/city-hall\/building\/statistics\/\">Statistics Dashboards<\/a><\/li>\r\n<li id=\"menu-item-285447\"><a href=\"https:\/\/www.miamibeachfl.gov\/city-hall\/building\/sop\/\">SOP<\/a><\/li>\r\n<\/ul>\r\n<\/li>\r\n<li id=\"menu-item-270338\"><a href=\"\/city-hall\/building\/contact-us\/\">Contact Us<\/a>\r\n<ul>\r\n<li id=\"menu-item-270351\"><a href=\"\/city-hall\/building\/web-booking-terms\/\">Online Booking<\/a><\/li>\r\n<\/ul>\r\n<\/li>\r\n<\/ul>\r\n<p>[ivory-search id=&#8221;282309&#8243; title=&#8221;Building Department Search_copy&#8221;]<\/p>\r\n<h2>As-Builts<\/h2>\r\n<p><strong>Note:\u00a0<\/strong>\u00a0For projects using private provider plan reviews, the Private Provider must review the final as-built submittal.<\/p>\r\n<p>The Final Building Inspection shall not be approved until the as-built set of drawings has been submitted and accepted by the Building Department.<\/p>\r\n","protected":false},"excerpt":{"rendered":"<p>Building Building Home Permits Fee Schedule Online Permitting Resource Center Permitting Checklists Interactive Permit Guide Green Permits Phased Permits Private [&hellip;]<\/p>\n","protected":false},"author":222,"featured_media":0,"parent":270768,"menu_order":0,"comment_status":"closed","ping_status":"closed","template":"page-blank.php","meta":{"_searchwp_excluded":"","site-sidebar-layout":"default","site-content-layout":"","ast-site-content-layout":"default","site-content-style":"default","site-sidebar-style":"default","ast-global-header-display":"","ast-banner-title-visibility":"","ast-main-header-display":"","ast-hfb-above-header-display":"","ast-hfb-below-header-display":"","ast-hfb-mobile-header-display":"","site-post-title":"","ast-breadcrumbs-content":"","ast-featured-img":"","footer-sml-layout":"","theme-transparent-header-meta":"","adv-header-id-meta":"","stick-header-meta":"","header-above-stick-meta":"","header-main-stick-meta":"","header-below-stick-meta":"","astra-migrate-meta-layouts":"default","ast-page-background-enabled":"default","ast-page-background-meta":{"desktop":{"background-color":"var(--ast-global-color-5)","background-image":"","background-repeat":"repeat","background-position":"center center","background-size":"auto","background-attachment":"scroll","background-type":"","background-media":"","overlay-type":"","overlay-color":"","overlay-opacity":"","overlay-gradient":""},"tablet":{"background-color":"","background-image":"","background-repeat":"repeat","background-position":"center center","background-size":"auto","background-attachment":"scroll","background-type":"","background-media":"","overlay-type":"","overlay-color":"","overlay-opacity":"","overlay-gradient":""},"mobile":{"background-color":"","background-image":"","background-repeat":"repeat","background-position":"center center","background-size":"auto","background-attachment":"scroll","background-type":"","background-media":"","overlay-type":"","overlay-color":"","overlay-opacity":"","overlay-gradient":""}},"ast-content-background-meta":{"desktop":{"background-color":"var(--ast-global-color-4)","background-image":"","background-repeat":"repeat","background-position":"center center","background-size":"auto","background-attachment":"scroll","background-type":"","background-media":"","overlay-type":"","overlay-color":"","overlay-opacity":"","overlay-gradient":""},"tablet":{"background-color":"var(--ast-global-color-4)","background-image":"","background-repeat":"repeat","background-position":"center center","background-size":"auto","background-attachment":"scroll","background-type":"","background-media":"","overlay-type":"","overlay-color":"","overlay-opacity":"","overlay-gradient":""},"mobile":{"background-color":"var(--ast-global-color-4)","background-image":"","background-repeat":"repeat","background-position":"center center","background-size":"auto","background-attachment":"scroll","background-type":"","background-media":"","overlay-type":"","overlay-color":"","overlay-opacity":"","overlay-gradient":""}},"footnotes":""},"categories":[],"tags":[],"class_list":["post-285544","page","type-page","status-publish","hentry"],"yoast_head":"<!-- This site is optimized with the Yoast SEO Premium plugin v27.4 (Yoast SEO v27.4) - https:\/\/yoast.com\/product\/yoast-seo-premium-wordpress\/ -->\n<title>Building As-Builts - City of Miami Beach<\/title>\n<meta name=\"description\" content=\"%\" \/>\n<meta name=\"robots\" content=\"index, follow, max-snippet:-1, max-image-preview:large, max-video-preview:-1\" \/>\n<link rel=\"canonical\" href=\"https:\/\/www.miamibeachfl.gov\/es\/city-hall\/building\/permits\/permitchecklists\/as-builts\/\" \/>\n<meta property=\"og:locale\" content=\"es_ES\" \/>\n<meta property=\"og:type\" content=\"article\" \/>\n<meta property=\"og:title\" content=\"Building As-Builts\" \/>\n<meta property=\"og:description\" content=\"%\" \/>\n<meta property=\"og:url\" content=\"https:\/\/www.miamibeachfl.gov\/es\/city-hall\/building\/permits\/permitchecklists\/as-builts\/\" \/>\n<meta property=\"og:site_name\" content=\"City of Miami Beach\" \/>\n<meta property=\"article:publisher\" content=\"https:\/\/www.facebook.com\/cityofmiamibeach\" \/>\n<meta property=\"article:modified_time\" content=\"2025-01-31T18:41:40+00:00\" \/>\n<meta property=\"og:image\" content=\"https:\/\/www.miamibeachfl.gov\/wp-content\/uploads\/2024\/01\/1000pxSquare-miamibeach-aerial-southpointview.jpeg\" \/>\n\t<meta property=\"og:image:width\" content=\"1000\" \/>\n\t<meta property=\"og:image:height\" content=\"1000\" \/>\n\t<meta property=\"og:image:type\" content=\"image\/jpeg\" \/>\n<meta name=\"twitter:card\" content=\"summary_large_image\" \/>\n<meta name=\"twitter:site\" content=\"@Miamibeachnews\" \/>\n<script type=\"application\/ld+json\" class=\"yoast-schema-graph\">{\"@context\":\"https:\\\/\\\/schema.org\",\"@graph\":[{\"@type\":\"WebPage\",\"@id\":\"https:\\\/\\\/www.miamibeachfl.gov\\\/city-hall\\\/building\\\/permits\\\/permitchecklists\\\/as-builts\\\/\",\"url\":\"https:\\\/\\\/www.miamibeachfl.gov\\\/city-hall\\\/building\\\/permits\\\/permitchecklists\\\/as-builts\\\/\",\"name\":\"Building As-Builts - City of Miami Beach\",\"isPartOf\":{\"@id\":\"https:\\\/\\\/www.miamibeachfl.gov\\\/#website\"},\"datePublished\":\"2024-01-18T21:53:47+00:00\",\"dateModified\":\"2025-01-31T18:41:40+00:00\",\"description\":\"%\",\"breadcrumb\":{\"@id\":\"https:\\\/\\\/www.miamibeachfl.gov\\\/city-hall\\\/building\\\/permits\\\/permitchecklists\\\/as-builts\\\/#breadcrumb\"},\"inLanguage\":\"es\",\"potentialAction\":[{\"@type\":\"ReadAction\",\"target\":[\"https:\\\/\\\/www.miamibeachfl.gov\\\/city-hall\\\/building\\\/permits\\\/permitchecklists\\\/as-builts\\\/\"]}]},{\"@type\":\"BreadcrumbList\",\"@id\":\"https:\\\/\\\/www.miamibeachfl.gov\\\/city-hall\\\/building\\\/permits\\\/permitchecklists\\\/as-builts\\\/#breadcrumb\",\"itemListElement\":[{\"@type\":\"ListItem\",\"position\":1,\"name\":\"Home\",\"item\":\"https:\\\/\\\/www.miamibeachfl.gov\\\/\"},{\"@type\":\"ListItem\",\"position\":2,\"name\":\"City Hall\",\"item\":\"https:\\\/\\\/www.miamibeachfl.gov\\\/city-hall\\\/\"},{\"@type\":\"ListItem\",\"position\":3,\"name\":\"Building\",\"item\":\"https:\\\/\\\/www.miamibeachfl.gov\\\/city-hall\\\/building\\\/\"},{\"@type\":\"ListItem\",\"position\":4,\"name\":\"Building Permits\",\"item\":\"https:\\\/\\\/www.miamibeachfl.gov\\\/city-hall\\\/building\\\/permits\\\/\"},{\"@type\":\"ListItem\",\"position\":5,\"name\":\"Building Permit Checklists\",\"item\":\"https:\\\/\\\/www.miamibeachfl.gov\\\/city-hall\\\/building\\\/permits\\\/permitchecklists\\\/\"},{\"@type\":\"ListItem\",\"position\":6,\"name\":\"Building As-Builts\"}]},{\"@type\":\"WebSite\",\"@id\":\"https:\\\/\\\/www.miamibeachfl.gov\\\/#website\",\"url\":\"https:\\\/\\\/www.miamibeachfl.gov\\\/\",\"name\":\"City of Miami Beach\",\"description\":\"The official website of the City of Miami Beach. Stay informed, find important information on city services, news, alerts, events, trolley routes, government employment and more.\",\"publisher\":{\"@id\":\"https:\\\/\\\/www.miamibeachfl.gov\\\/#organization\"},\"potentialAction\":[{\"@type\":\"SearchAction\",\"target\":{\"@type\":\"EntryPoint\",\"urlTemplate\":\"https:\\\/\\\/www.miamibeachfl.gov\\\/?s={search_term_string}\"},\"query-input\":{\"@type\":\"PropertyValueSpecification\",\"valueRequired\":true,\"valueName\":\"search_term_string\"}}],\"inLanguage\":\"es\"},{\"@type\":\"Organization\",\"@id\":\"https:\\\/\\\/www.miamibeachfl.gov\\\/#organization\",\"name\":\"City of Miami Beach\",\"url\":\"https:\\\/\\\/www.miamibeachfl.gov\\\/\",\"logo\":{\"@type\":\"ImageObject\",\"inLanguage\":\"es\",\"@id\":\"https:\\\/\\\/www.miamibeachfl.gov\\\/#\\\/schema\\\/logo\\\/image\\\/\",\"url\":\"https:\\\/\\\/www.miamibeachfl.gov\\\/wp-content\\\/uploads\\\/2022\\\/06\\\/miamibeach-logoblue.png\",\"contentUrl\":\"https:\\\/\\\/www.miamibeachfl.gov\\\/wp-content\\\/uploads\\\/2022\\\/06\\\/miamibeach-logoblue.png\",\"width\":1962,\"height\":381,\"caption\":\"City of Miami Beach\"},\"image\":{\"@id\":\"https:\\\/\\\/www.miamibeachfl.gov\\\/#\\\/schema\\\/logo\\\/image\\\/\"},\"sameAs\":[\"https:\\\/\\\/www.facebook.com\\\/cityofmiamibeach\",\"https:\\\/\\\/x.com\\\/Miamibeachnews\",\"https:\\\/\\\/www.instagram.com\\\/miamibeachnews\\\/\"],\"description\":\"The official website of the City of Miami Beach. Stay informed, find important information on city services, news, alerts, events, trolley routes, government employment and more.\",\"telephone\":\"305.604.CITY(2489)\",\"legalName\":\"City of Miami Beach\"}]}<\/script>\n<!-- \/ Yoast SEO Premium plugin. -->","yoast_head_json":{"title":"Edificios tal como fueron construidos - Ciudad de Miami Beach","description":"%","robots":{"index":"index","follow":"follow","max-snippet":"max-snippet:-1","max-image-preview":"max-image-preview:large","max-video-preview":"max-video-preview:-1"},"canonical":"https:\/\/www.miamibeachfl.gov\/es\/city-hall\/building\/permits\/permitchecklists\/as-builts\/","og_locale":"es_ES","og_type":"article","og_title":"Building As-Builts","og_description":"%","og_url":"https:\/\/www.miamibeachfl.gov\/es\/city-hall\/building\/permits\/permitchecklists\/as-builts\/","og_site_name":"City of Miami Beach","article_publisher":"https:\/\/www.facebook.com\/cityofmiamibeach","article_modified_time":"2025-01-31T18:41:40+00:00","og_image":[{"width":1000,"height":1000,"url":"https:\/\/www.miamibeachfl.gov\/wp-content\/uploads\/2024\/01\/1000pxSquare-miamibeach-aerial-southpointview.jpeg","type":"image\/jpeg"}],"twitter_card":"summary_large_image","twitter_site":"@Miamibeachnews","schema":{"@context":"https:\/\/schema.org","@graph":[{"@type":"WebPage","@id":"https:\/\/www.miamibeachfl.gov\/city-hall\/building\/permits\/permitchecklists\/as-builts\/","url":"https:\/\/www.miamibeachfl.gov\/city-hall\/building\/permits\/permitchecklists\/as-builts\/","name":"Edificios tal como fueron construidos - Ciudad de Miami Beach","isPartOf":{"@id":"https:\/\/www.miamibeachfl.gov\/#website"},"datePublished":"2024-01-18T21:53:47+00:00","dateModified":"2025-01-31T18:41:40+00:00","description":"%","breadcrumb":{"@id":"https:\/\/www.miamibeachfl.gov\/city-hall\/building\/permits\/permitchecklists\/as-builts\/#breadcrumb"},"inLanguage":"es","potentialAction":[{"@type":"ReadAction","target":["https:\/\/www.miamibeachfl.gov\/city-hall\/building\/permits\/permitchecklists\/as-builts\/"]}]},{"@type":"BreadcrumbList","@id":"https:\/\/www.miamibeachfl.gov\/city-hall\/building\/permits\/permitchecklists\/as-builts\/#breadcrumb","itemListElement":[{"@type":"ListItem","position":1,"name":"Home","item":"https:\/\/www.miamibeachfl.gov\/"},{"@type":"ListItem","position":2,"name":"City Hall","item":"https:\/\/www.miamibeachfl.gov\/city-hall\/"},{"@type":"ListItem","position":3,"name":"Building","item":"https:\/\/www.miamibeachfl.gov\/city-hall\/building\/"},{"@type":"ListItem","position":4,"name":"Building Permits","item":"https:\/\/www.miamibeachfl.gov\/city-hall\/building\/permits\/"},{"@type":"ListItem","position":5,"name":"Building Permit Checklists","item":"https:\/\/www.miamibeachfl.gov\/city-hall\/building\/permits\/permitchecklists\/"},{"@type":"ListItem","position":6,"name":"Building As-Builts"}]},{"@type":"WebSite","@id":"https:\/\/www.miamibeachfl.gov\/#website","url":"https:\/\/www.miamibeachfl.gov\/","name":"Ciudad de Miami Beach","description":"Sitio web oficial de la Ciudad de Miami Beach. Mant\u00e9ngase informado, encuentre informaci\u00f3n importante sobre servicios municipales, noticias, alertas, eventos, rutas de tranv\u00edas, empleos gubernamentales y m\u00e1s.","publisher":{"@id":"https:\/\/www.miamibeachfl.gov\/#organization"},"potentialAction":[{"@type":"SearchAction","target":{"@type":"EntryPoint","urlTemplate":"https:\/\/www.miamibeachfl.gov\/?s={search_term_string}"},"query-input":{"@type":"PropertyValueSpecification","valueRequired":true,"valueName":"search_term_string"}}],"inLanguage":"es"},{"@type":"Organization","@id":"https:\/\/www.miamibeachfl.gov\/#organization","name":"Ciudad de Miami Beach","url":"https:\/\/www.miamibeachfl.gov\/","logo":{"@type":"ImageObject","inLanguage":"es","@id":"https:\/\/www.miamibeachfl.gov\/#\/schema\/logo\/image\/","url":"https:\/\/www.miamibeachfl.gov\/wp-content\/uploads\/2022\/06\/miamibeach-logoblue.png","contentUrl":"https:\/\/www.miamibeachfl.gov\/wp-content\/uploads\/2022\/06\/miamibeach-logoblue.png","width":1962,"height":381,"caption":"City of Miami Beach"},"image":{"@id":"https:\/\/www.miamibeachfl.gov\/#\/schema\/logo\/image\/"},"sameAs":["https:\/\/www.facebook.com\/cityofmiamibeach","https:\/\/x.com\/Miamibeachnews","https:\/\/www.instagram.com\/miamibeachnews\/"],"description":"Sitio web oficial de la Ciudad de Miami Beach. Mant\u00e9ngase informado, encuentre informaci\u00f3n importante sobre servicios municipales, noticias, alertas, eventos, rutas de tranv\u00edas, empleos gubernamentales y m\u00e1s.","telephone":"305.604.CITY(2489)","legalName":"City of Miami Beach"}]}},"_links":{"self":[{"href":"https:\/\/www.miamibeachfl.gov\/es\/wp-json\/wp\/v2\/pages\/285544","targetHints":{"allow":["GET"]}}],"collection":[{"href":"https:\/\/www.miamibeachfl.gov\/es\/wp-json\/wp\/v2\/pages"}],"about":[{"href":"https:\/\/www.miamibeachfl.gov\/es\/wp-json\/wp\/v2\/types\/page"}],"author":[{"embeddable":true,"href":"https:\/\/www.miamibeachfl.gov\/es\/wp-json\/wp\/v2\/users\/222"}],"replies":[{"embeddable":true,"href":"https:\/\/www.miamibeachfl.gov\/es\/wp-json\/wp\/v2\/comments?post=285544"}],"version-history":[{"count":0,"href":"https:\/\/www.miamibeachfl.gov\/es\/wp-json\/wp\/v2\/pages\/285544\/revisions"}],"up":[{"embeddable":true,"href":"https:\/\/www.miamibeachfl.gov\/es\/wp-json\/wp\/v2\/pages\/270768"}],"wp:attachment":[{"href":"https:\/\/www.miamibeachfl.gov\/es\/wp-json\/wp\/v2\/media?parent=285544"}],"wp:term":[{"taxonomy":"category","embeddable":true,"href":"https:\/\/www.miamibeachfl.gov\/es\/wp-json\/wp\/v2\/categories?post=285544"},{"taxonomy":"post_tag","embeddable":true,"href":"https:\/\/www.miamibeachfl.gov\/es\/wp-json\/wp\/v2\/tags?post=285544"}],"curies":[{"name":"gracias","href":"https:\/\/api.w.org\/{rel}","templated":true}]}}