{"id":28598,"date":"2017-08-11T00:06:23","date_gmt":"2017-08-11T00:06:23","guid":{"rendered":"http:\/\/www.miamibeachfl.gov\/city-hall\/environmental-sustainability\/"},"modified":"2025-12-30T12:00:42","modified_gmt":"2025-12-30T17:00:42","slug":"environmental-sustainability","status":"publish","type":"page","link":"https:\/\/www.miamibeachfl.gov\/es\/city-hall\/environmental-sustainability\/","title":{"rendered":"Medio ambiente y sostenibilidad"},"content":{"rendered":"<img decoding=\"async\" src=\"https:\/\/www.miamibeachfl.gov\/wp-content\/uploads\/2022\/07\/hero-small.jpg\" alt=\"ocean drive art deco buildings\" itemprop=\"image\" height=\"211\" width=\"2395\" title=\"h\u00e9roe peque\u00f1o\" onerror=\"this.style.display='none'\" loading=\"lazy\" \/>\n<h1>\n\t\t\tMedio ambiente y sostenibilidad\t<\/h1>\n\t<nav id=\"breadcrumbs\" aria-label=\"Pan rallado\"><a href=\"https:\/\/www.miamibeachfl.gov\/es\/\">Hogar<\/a> &gt; <a href=\"https:\/\/www.miamibeachfl.gov\/es\/city-hall\/\">Ayuntamiento<\/a> &gt; <strong>Medio ambiente y sostenibilidad<\/strong><\/nav>\n\t<p>\u201cNos dedicamos a brindar servicios de la m\u00e1s alta calidad a nuestra comunidad mediante el desarrollo e implementaci\u00f3n de iniciativas de adaptaci\u00f3n y mitigaci\u00f3n para preservar, proteger y mejorar nuestros recursos naturales\u201d.<\/p>\n<p>\u200b\u200b\u200b\u200b\u200b\u200b\u200bEl Departamento de Medio Ambiente y Sostenibilidad est\u00e1 representado por disciplinas profesionales y licenciadas que trabajan en Administraci\u00f3n, Recursos Ambientales, Sostenibilidad y Resiliencia y Silvicultura Urbana.<\/p>\n<p>Explorar <a href=\"http:\/\/MBRisingAbove.com\"><strong>MBRisingAbove.com<\/strong><\/a> Para descubrir c\u00f3mo nuestro dedicado equipo de profesionales trabaja activamente en proyectos de adaptaci\u00f3n y mitigaci\u00f3n clim\u00e1tica que tienen un impacto positivo en nuestro medio ambiente.<\/p>\n<strong>Divisi\u00f3n de Gesti\u00f3n de Recursos Ambientales<\/strong><br \/>\nProporciona apoyo interno a todos los departamentos de la Ciudad para garantizar que todos los proyectos p\u00fablicos, no solo los etiquetados como ambientales, eviten, minimicen y mitiguen los impactos ambientales, adem\u00e1s de mejorar el entorno natural mediante su dise\u00f1o. Esta Divisi\u00f3n act\u00faa como consultor ambiental interno de la Ciudad y act\u00faa como enlace entre la Ciudad y otras agencias gubernamentales en materia ambiental.\n<strong>Divisi\u00f3n de Sostenibilidad y Resiliencia<br \/>\n<\/strong>Trabaja con los departamentos municipales, socios gubernamentales y socios comunitarios para ayudar a la ciudad a responder a los desaf\u00edos que plantea el cambio clim\u00e1tico mediante estrategias de mitigaci\u00f3n y adaptaci\u00f3n. El equipo de sostenibilidad se centra en programas, pol\u00edticas y planes de mitigaci\u00f3n que reducen el impacto ambiental de las operaciones de la ciudad y la comunidad. Las estrategias del equipo se centran en la reducci\u00f3n de residuos, la promoci\u00f3n de la eficiencia energ\u00e9tica y la participaci\u00f3n ciudadana. El equipo de resiliencia se centra en programas, pol\u00edticas y planes de adaptaci\u00f3n que ayudan a la ciudad y a la comunidad a planificar y adaptarse a las crisis repentinas y las tensiones a largo plazo exacerbadas por el cambio clim\u00e1tico. Estas actividades se centran en la mitigaci\u00f3n del riesgo de inundaciones en los \u00e1mbitos p\u00fablico y privado, con especial atenci\u00f3n al calor extremo.\n<strong>Divisi\u00f3n de Silvicultura Urbana<\/strong><br \/>\nSupervisa el bosque urbano mediante la supervisi\u00f3n y gesti\u00f3n regulatoria. Esta divisi\u00f3n emite permisos para \u00e1rboles, supervisa la mitigaci\u00f3n de la arboricultura, realiza evaluaciones de \u00e1rboles patrimoniales, inspecciones de barreras de protecci\u00f3n arb\u00f3rea, realiza evaluaciones de riesgo arb\u00f3reo y revisa los planes de selecci\u00f3n e instalaci\u00f3n de \u00e1rboles en toda la ciudad. La divisi\u00f3n tambi\u00e9n supervisa el Plan Maestro de Silvicultura Urbana, el Plan de Calles del Proyecto GOB #33 y el Programa de \u00c1rboles Patrimoniales.\n<p><strong><a href=\"\/wp-content\/uploads\/2022\/10\/QUALITY_POLICY_Signage-003.pdf\">Pol\u00edtica de Calidad<\/a><\/strong><\/p>\n\t\t\t\t<img decoding=\"async\" src=\"https:\/\/www.miamibeachfl.gov\/wp-content\/uploads\/2020\/08\/AmyKnowles-WEB-2.jpg\" alt=\"AmyKnowles-WEB (2)\" itemprop=\"image\" height=\"1000\" width=\"1000\" title=\"AmyKnowles-WEB (2)\" onerror=\"this.style.display='none'\" loading=\"lazy\" \/>\n<h2>\n\t\t\tAmy Knowles\t<\/h2>\n\t<p>Amy Knowles se desempe\u00f1a como Directora de Resiliencia y Directora de Medio Ambiente y Sostenibilidad de la Ciudad de Miami Beach. La Sra. Knowles colabora estrechamente con un equipo de liderazgo hol\u00edstico en resiliencia para implementar pol\u00edticas y proyectos que forjen una Miami Beach resiliente.\u00a0<strong><a href=\"\/es\/staff\/amy-knowles\/\">Leer m\u00e1s\u2026<\/a><\/strong><\/p>\n<h2>\n\t\t\tEnlaces principales\t<\/h2>\n\t\t\t<a href=\"\/es\/city-hall\/environmental-sustainability\/contact-us\/\" target=\"_self\">\n\t\t\t\t\t\t\tCont\u00e1ctenos\n\t\t\t\t\t<\/a>\n\t\t\t<a href=\"\/es\/city-hall\/environmental-sustainability\/environmental-resources\/\" target=\"_self\">\n\t\t\t\t\t\t\tRecursos ambientales\n\t\t\t\t\t<\/a>\n\t\t\t<a href=\"\/es\/city-hall\/environmental-sustainability\/events\/\" target=\"_self\">\n\t\t\t\t\t\t\tEventos\n\t\t\t\t\t<\/a>\n\t\t\t<a href=\"\/es\/city-hall\/environmental-sustainability\/faqs\/\" target=\"_self\">\n\t\t\t\t\t\t\tPreguntas frecuentes\n\t\t\t\t\t<\/a>\n\t\t\t<a href=\"https:\/\/www.mbrisingabove.com\/\" target=\"_self\">\n\t\t\t\t\t\t\tAprenda m\u00e1s sobre la resiliencia al cambio clim\u00e1tico\n\t\t\t\t\t<\/a>\n\t\t\t<a href=\"\/es\/city-hall\/environmental-sustainability\/sustainability\/\" target=\"_self\">\n\t\t\t\t\t\t\tDivisi\u00f3n de Sostenibilidad y Resiliencia\n\t\t\t\t\t<\/a>\n\t\t\t<a href=\"\/es\/city-hall\/environmental-sustainability\/urban-forestry\/\" target=\"_self\">\n\t\t\t\t\t\t\tSilvicultura urbana\n\t\t\t\t\t<\/a>\n\t\t\t<a href=\"\/es\/city-hall\/city-clerk\/boards-and-committees\/sustainability-resiliency-committee\/\" target=\"_self\">\n\t\t\t\t\t\t\tComit\u00e9 de uso del suelo y sostenibilidad\n\t\t\t\t\t<\/a>","protected":false},"excerpt":{"rendered":"<p><a href=\"tel:3056737084\" style=\"text-decoration:none; color:#004896;\"><br \/>\n    <i class=\"fa-solid fa-phone\"><\/i> 305.673.7084<br \/>\n<\/a><a href=\"https:\/\/www.miamibeachfl.gov\/es\/city-hall\/environmental-sustainability\/contact-us\/\" style=\"text-decoration:none; color:#004896;\"><br \/>\n    <i class=\"fa-solid fa-circle-info\"><\/i> Informaci\u00f3n de contacto<br \/>\n<\/a><\/p>","protected":false},"author":222,"featured_media":260864,"parent":28206,"menu_order":164,"comment_status":"closed","ping_status":"closed","template":"","meta":{"_searchwp_excluded":"","site-sidebar-layout":"default","site-content-layout":"","ast-site-content-layout":"default","site-content-style":"default","site-sidebar-style":"default","ast-global-header-display":"","ast-banner-title-visibility":"","ast-main-header-display":"","ast-hfb-above-header-display":"","ast-hfb-below-header-display":"","ast-hfb-mobile-header-display":"","site-post-title":"","ast-breadcrumbs-content":"","ast-featured-img":"","footer-sml-layout":"","theme-transparent-header-meta":"","adv-header-id-meta":"","stick-header-meta":"","header-above-stick-meta":"","header-main-stick-meta":"","header-below-stick-meta":"","astra-migrate-meta-layouts":"default","ast-page-background-enabled":"default","ast-page-background-meta":{"desktop":{"background-color":"var(--ast-global-color-5)","background-image":"","background-repeat":"repeat","background-position":"center center","background-size":"auto","background-attachment":"scroll","background-type":"","background-media":"","overlay-type":"","overlay-color":"","overlay-opacity":"","overlay-gradient":""},"tablet":{"background-color":"","background-image":"","background-repeat":"repeat","background-position":"center center","background-size":"auto","background-attachment":"scroll","background-type":"","background-media":"","overlay-type":"","overlay-color":"","overlay-opacity":"","overlay-gradient":""},"mobile":{"background-color":"","background-image":"","background-repeat":"repeat","background-position":"center center","background-size":"auto","background-attachment":"scroll","background-type":"","background-media":"","overlay-type":"","overlay-color":"","overlay-opacity":"","overlay-gradient":""}},"ast-content-background-meta":{"desktop":{"background-color":"var(--ast-global-color-4)","background-image":"","background-repeat":"repeat","background-position":"center center","background-size":"auto","background-attachment":"scroll","background-type":"","background-media":"","overlay-type":"","overlay-color":"","overlay-opacity":"","overlay-gradient":""},"tablet":{"background-color":"var(--ast-global-color-4)","background-image":"","background-repeat":"repeat","background-position":"center center","background-size":"auto","background-attachment":"scroll","background-type":"","background-media":"","overlay-type":"","overlay-color":"","overlay-opacity":"","overlay-gradient":""},"mobile":{"background-color":"var(--ast-global-color-4)","background-image":"","background-repeat":"repeat","background-position":"center center","background-size":"auto","background-attachment":"scroll","background-type":"","background-media":"","overlay-type":"","overlay-color":"","overlay-opacity":"","overlay-gradient":""}},"footnotes":""},"categories":[],"tags":[1730],"class_list":["post-28598","page","type-page","status-publish","has-post-thumbnail","hentry","tag-city-services"],"yoast_head":"<!-- This site is optimized with the Yoast SEO Premium plugin v27.4 (Yoast SEO v27.4) - https:\/\/yoast.com\/product\/yoast-seo-premium-wordpress\/ -->\n<title>Environment &amp; Sustainability - City of Miami Beach<\/title>\n<meta name=\"description\" content=\"The Miami Beach Environment and Sustainability Department supports public projects, avoid, minimize, and mitigate environmental impacts.\" \/>\n<meta name=\"robots\" content=\"index, follow, max-snippet:-1, max-image-preview:large, max-video-preview:-1\" \/>\n<link rel=\"canonical\" href=\"https:\/\/www.miamibeachfl.gov\/es\/city-hall\/environmental-sustainability\/\" \/>\n<meta property=\"og:locale\" content=\"es_ES\" \/>\n<meta property=\"og:type\" content=\"article\" \/>\n<meta property=\"og:title\" content=\"Environment &amp; Sustainability\" \/>\n<meta property=\"og:description\" content=\"The Miami Beach Environment and Sustainability Department supports public projects, avoid, minimize, and mitigate environmental impacts.\" \/>\n<meta property=\"og:url\" content=\"https:\/\/www.miamibeachfl.gov\/es\/city-hall\/environmental-sustainability\/\" \/>\n<meta property=\"og:site_name\" content=\"City of Miami Beach\" \/>\n<meta property=\"article:publisher\" content=\"https:\/\/www.facebook.com\/cityofmiamibeach\" \/>\n<meta property=\"article:modified_time\" content=\"2025-12-30T17:00:42+00:00\" \/>\n<meta property=\"og:image\" content=\"https:\/\/www.miamibeachfl.gov\/wp-content\/uploads\/2023\/05\/SouthPointeAerial.jpg\" \/>\n\t<meta property=\"og:image:width\" content=\"500\" \/>\n\t<meta property=\"og:image:height\" content=\"500\" \/>\n\t<meta property=\"og:image:type\" content=\"image\/jpeg\" \/>\n<meta name=\"twitter:card\" content=\"summary_large_image\" \/>\n<meta name=\"twitter:site\" content=\"@Miamibeachnews\" \/>\n<script type=\"application\/ld+json\" class=\"yoast-schema-graph\">{\"@context\":\"https:\\\/\\\/schema.org\",\"@graph\":[{\"@type\":\"WebPage\",\"@id\":\"https:\\\/\\\/www.miamibeachfl.gov\\\/city-hall\\\/environmental-sustainability\\\/\",\"url\":\"https:\\\/\\\/www.miamibeachfl.gov\\\/city-hall\\\/environmental-sustainability\\\/\",\"name\":\"Environment & Sustainability - City of Miami Beach\",\"isPartOf\":{\"@id\":\"https:\\\/\\\/www.miamibeachfl.gov\\\/#website\"},\"primaryImageOfPage\":{\"@id\":\"https:\\\/\\\/www.miamibeachfl.gov\\\/city-hall\\\/environmental-sustainability\\\/#primaryimage\"},\"image\":{\"@id\":\"https:\\\/\\\/www.miamibeachfl.gov\\\/city-hall\\\/environmental-sustainability\\\/#primaryimage\"},\"thumbnailUrl\":\"https:\\\/\\\/www.miamibeachfl.gov\\\/wp-content\\\/uploads\\\/2023\\\/05\\\/SouthPointeAerial.jpg\",\"datePublished\":\"2017-08-11T00:06:23+00:00\",\"dateModified\":\"2025-12-30T17:00:42+00:00\",\"description\":\"The Miami Beach Environment and Sustainability Department supports public projects, avoid, minimize, and mitigate environmental impacts.\",\"breadcrumb\":{\"@id\":\"https:\\\/\\\/www.miamibeachfl.gov\\\/city-hall\\\/environmental-sustainability\\\/#breadcrumb\"},\"inLanguage\":\"es\",\"potentialAction\":[{\"@type\":\"ReadAction\",\"target\":[\"https:\\\/\\\/www.miamibeachfl.gov\\\/city-hall\\\/environmental-sustainability\\\/\"]}]},{\"@type\":\"ImageObject\",\"inLanguage\":\"es\",\"@id\":\"https:\\\/\\\/www.miamibeachfl.gov\\\/city-hall\\\/environmental-sustainability\\\/#primaryimage\",\"url\":\"https:\\\/\\\/www.miamibeachfl.gov\\\/wp-content\\\/uploads\\\/2023\\\/05\\\/SouthPointeAerial.jpg\",\"contentUrl\":\"https:\\\/\\\/www.miamibeachfl.gov\\\/wp-content\\\/uploads\\\/2023\\\/05\\\/SouthPointeAerial.jpg\",\"width\":500,\"height\":500,\"caption\":\"SouthPointe Environmental Aerial Shot\"},{\"@type\":\"BreadcrumbList\",\"@id\":\"https:\\\/\\\/www.miamibeachfl.gov\\\/city-hall\\\/environmental-sustainability\\\/#breadcrumb\",\"itemListElement\":[{\"@type\":\"ListItem\",\"position\":1,\"name\":\"Home\",\"item\":\"https:\\\/\\\/www.miamibeachfl.gov\\\/\"},{\"@type\":\"ListItem\",\"position\":2,\"name\":\"City Hall\",\"item\":\"https:\\\/\\\/www.miamibeachfl.gov\\\/city-hall\\\/\"},{\"@type\":\"ListItem\",\"position\":3,\"name\":\"Environment &#038; Sustainability\"}]},{\"@type\":\"WebSite\",\"@id\":\"https:\\\/\\\/www.miamibeachfl.gov\\\/#website\",\"url\":\"https:\\\/\\\/www.miamibeachfl.gov\\\/\",\"name\":\"City of Miami Beach\",\"description\":\"The official website of the City of Miami Beach. Stay informed, find important information on city services, news, alerts, events, trolley routes, government employment and more.\",\"publisher\":{\"@id\":\"https:\\\/\\\/www.miamibeachfl.gov\\\/#organization\"},\"potentialAction\":[{\"@type\":\"SearchAction\",\"target\":{\"@type\":\"EntryPoint\",\"urlTemplate\":\"https:\\\/\\\/www.miamibeachfl.gov\\\/?s={search_term_string}\"},\"query-input\":{\"@type\":\"PropertyValueSpecification\",\"valueRequired\":true,\"valueName\":\"search_term_string\"}}],\"inLanguage\":\"es\"},{\"@type\":\"Organization\",\"@id\":\"https:\\\/\\\/www.miamibeachfl.gov\\\/#organization\",\"name\":\"City of Miami Beach\",\"url\":\"https:\\\/\\\/www.miamibeachfl.gov\\\/\",\"logo\":{\"@type\":\"ImageObject\",\"inLanguage\":\"es\",\"@id\":\"https:\\\/\\\/www.miamibeachfl.gov\\\/#\\\/schema\\\/logo\\\/image\\\/\",\"url\":\"https:\\\/\\\/www.miamibeachfl.gov\\\/wp-content\\\/uploads\\\/2022\\\/06\\\/miamibeach-logoblue.png\",\"contentUrl\":\"https:\\\/\\\/www.miamibeachfl.gov\\\/wp-content\\\/uploads\\\/2022\\\/06\\\/miamibeach-logoblue.png\",\"width\":1962,\"height\":381,\"caption\":\"City of Miami Beach\"},\"image\":{\"@id\":\"https:\\\/\\\/www.miamibeachfl.gov\\\/#\\\/schema\\\/logo\\\/image\\\/\"},\"sameAs\":[\"https:\\\/\\\/www.facebook.com\\\/cityofmiamibeach\",\"https:\\\/\\\/x.com\\\/Miamibeachnews\",\"https:\\\/\\\/www.instagram.com\\\/miamibeachnews\\\/\"],\"description\":\"The official website of the City of Miami Beach. Stay informed, find important information on city services, news, alerts, events, trolley routes, government employment and more.\",\"telephone\":\"305.604.CITY(2489)\",\"legalName\":\"City of Miami Beach\"}]}<\/script>\n<!-- \/ Yoast SEO Premium plugin. -->","yoast_head_json":{"title":"Medio ambiente y sostenibilidad - Ciudad de Miami Beach","description":"El Departamento de Medio Ambiente y Sostenibilidad de Miami Beach apoya proyectos p\u00fablicos, evita, minimiza y mitiga los impactos ambientales.","robots":{"index":"index","follow":"follow","max-snippet":"max-snippet:-1","max-image-preview":"max-image-preview:large","max-video-preview":"max-video-preview:-1"},"canonical":"https:\/\/www.miamibeachfl.gov\/es\/city-hall\/environmental-sustainability\/","og_locale":"es_ES","og_type":"article","og_title":"Environment & Sustainability","og_description":"The Miami Beach Environment and Sustainability Department supports public projects, avoid, minimize, and mitigate environmental impacts.","og_url":"https:\/\/www.miamibeachfl.gov\/es\/city-hall\/environmental-sustainability\/","og_site_name":"City of Miami Beach","article_publisher":"https:\/\/www.facebook.com\/cityofmiamibeach","article_modified_time":"2025-12-30T17:00:42+00:00","og_image":[{"width":500,"height":500,"url":"https:\/\/www.miamibeachfl.gov\/wp-content\/uploads\/2023\/05\/SouthPointeAerial.jpg","type":"image\/jpeg"}],"twitter_card":"summary_large_image","twitter_site":"@Miamibeachnews","schema":{"@context":"https:\/\/schema.org","@graph":[{"@type":"WebPage","@id":"https:\/\/www.miamibeachfl.gov\/city-hall\/environmental-sustainability\/","url":"https:\/\/www.miamibeachfl.gov\/city-hall\/environmental-sustainability\/","name":"Medio ambiente y sostenibilidad - Ciudad de Miami Beach","isPartOf":{"@id":"https:\/\/www.miamibeachfl.gov\/#website"},"primaryImageOfPage":{"@id":"https:\/\/www.miamibeachfl.gov\/city-hall\/environmental-sustainability\/#primaryimage"},"image":{"@id":"https:\/\/www.miamibeachfl.gov\/city-hall\/environmental-sustainability\/#primaryimage"},"thumbnailUrl":"https:\/\/www.miamibeachfl.gov\/wp-content\/uploads\/2023\/05\/SouthPointeAerial.jpg","datePublished":"2017-08-11T00:06:23+00:00","dateModified":"2025-12-30T17:00:42+00:00","description":"El Departamento de Medio Ambiente y Sostenibilidad de Miami Beach apoya proyectos p\u00fablicos, evita, minimiza y mitiga los impactos ambientales.","breadcrumb":{"@id":"https:\/\/www.miamibeachfl.gov\/city-hall\/environmental-sustainability\/#breadcrumb"},"inLanguage":"es","potentialAction":[{"@type":"ReadAction","target":["https:\/\/www.miamibeachfl.gov\/city-hall\/environmental-sustainability\/"]}]},{"@type":"ImageObject","inLanguage":"es","@id":"https:\/\/www.miamibeachfl.gov\/city-hall\/environmental-sustainability\/#primaryimage","url":"https:\/\/www.miamibeachfl.gov\/wp-content\/uploads\/2023\/05\/SouthPointeAerial.jpg","contentUrl":"https:\/\/www.miamibeachfl.gov\/wp-content\/uploads\/2023\/05\/SouthPointeAerial.jpg","width":500,"height":500,"caption":"SouthPointe Environmental Aerial Shot"},{"@type":"BreadcrumbList","@id":"https:\/\/www.miamibeachfl.gov\/city-hall\/environmental-sustainability\/#breadcrumb","itemListElement":[{"@type":"ListItem","position":1,"name":"Home","item":"https:\/\/www.miamibeachfl.gov\/"},{"@type":"ListItem","position":2,"name":"City Hall","item":"https:\/\/www.miamibeachfl.gov\/city-hall\/"},{"@type":"ListItem","position":3,"name":"Environment &#038; Sustainability"}]},{"@type":"WebSite","@id":"https:\/\/www.miamibeachfl.gov\/#website","url":"https:\/\/www.miamibeachfl.gov\/","name":"Ciudad de Miami Beach","description":"Sitio web oficial de la Ciudad de Miami Beach. Mant\u00e9ngase informado, encuentre informaci\u00f3n importante sobre servicios municipales, noticias, alertas, eventos, rutas de tranv\u00edas, empleos gubernamentales y m\u00e1s.","publisher":{"@id":"https:\/\/www.miamibeachfl.gov\/#organization"},"potentialAction":[{"@type":"SearchAction","target":{"@type":"EntryPoint","urlTemplate":"https:\/\/www.miamibeachfl.gov\/?s={search_term_string}"},"query-input":{"@type":"PropertyValueSpecification","valueRequired":true,"valueName":"search_term_string"}}],"inLanguage":"es"},{"@type":"Organization","@id":"https:\/\/www.miamibeachfl.gov\/#organization","name":"Ciudad de Miami Beach","url":"https:\/\/www.miamibeachfl.gov\/","logo":{"@type":"ImageObject","inLanguage":"es","@id":"https:\/\/www.miamibeachfl.gov\/#\/schema\/logo\/image\/","url":"https:\/\/www.miamibeachfl.gov\/wp-content\/uploads\/2022\/06\/miamibeach-logoblue.png","contentUrl":"https:\/\/www.miamibeachfl.gov\/wp-content\/uploads\/2022\/06\/miamibeach-logoblue.png","width":1962,"height":381,"caption":"City of Miami Beach"},"image":{"@id":"https:\/\/www.miamibeachfl.gov\/#\/schema\/logo\/image\/"},"sameAs":["https:\/\/www.facebook.com\/cityofmiamibeach","https:\/\/x.com\/Miamibeachnews","https:\/\/www.instagram.com\/miamibeachnews\/"],"description":"Sitio web oficial de la Ciudad de Miami Beach. Mant\u00e9ngase informado, encuentre informaci\u00f3n importante sobre servicios municipales, noticias, alertas, eventos, rutas de tranv\u00edas, empleos gubernamentales y m\u00e1s.","telephone":"305.604.CITY(2489)","legalName":"City of Miami Beach"}]}},"_links":{"self":[{"href":"https:\/\/www.miamibeachfl.gov\/es\/wp-json\/wp\/v2\/pages\/28598","targetHints":{"allow":["GET"]}}],"collection":[{"href":"https:\/\/www.miamibeachfl.gov\/es\/wp-json\/wp\/v2\/pages"}],"about":[{"href":"https:\/\/www.miamibeachfl.gov\/es\/wp-json\/wp\/v2\/types\/page"}],"author":[{"embeddable":true,"href":"https:\/\/www.miamibeachfl.gov\/es\/wp-json\/wp\/v2\/users\/222"}],"replies":[{"embeddable":true,"href":"https:\/\/www.miamibeachfl.gov\/es\/wp-json\/wp\/v2\/comments?post=28598"}],"version-history":[{"count":2,"href":"https:\/\/www.miamibeachfl.gov\/es\/wp-json\/wp\/v2\/pages\/28598\/revisions"}],"predecessor-version":[{"id":394001,"href":"https:\/\/www.miamibeachfl.gov\/es\/wp-json\/wp\/v2\/pages\/28598\/revisions\/394001"}],"up":[{"embeddable":true,"href":"https:\/\/www.miamibeachfl.gov\/es\/wp-json\/wp\/v2\/pages\/28206"}],"wp:featuredmedia":[{"embeddable":true,"href":"https:\/\/www.miamibeachfl.gov\/es\/wp-json\/wp\/v2\/media\/260864"}],"wp:attachment":[{"href":"https:\/\/www.miamibeachfl.gov\/es\/wp-json\/wp\/v2\/media?parent=28598"}],"wp:term":[{"taxonomy":"category","embeddable":true,"href":"https:\/\/www.miamibeachfl.gov\/es\/wp-json\/wp\/v2\/categories?post=28598"},{"taxonomy":"post_tag","embeddable":true,"href":"https:\/\/www.miamibeachfl.gov\/es\/wp-json\/wp\/v2\/tags?post=28598"}],"curies":[{"name":"gracias","href":"https:\/\/api.w.org\/{rel}","templated":true}]}}