{"id":28618,"date":"2017-08-11T00:06:37","date_gmt":"2017-08-11T00:06:37","guid":{"rendered":"http:\/\/www.miamibeachfl.gov\/city-hall\/environmental-sustainability\/sustainability\/sustainability-programs\/styrofoam\/"},"modified":"2025-02-14T15:20:49","modified_gmt":"2025-02-14T20:20:49","slug":"styrofoam","status":"publish","type":"page","link":"https:\/\/www.miamibeachfl.gov\/es\/city-hall\/environmental-sustainability\/sustainability\/sustainability-programs\/styrofoam\/","title":{"rendered":"Prohibici\u00f3n del poliestireno"},"content":{"rendered":"<img loading=\"lazy\" decoding=\"async\" src=\"https:\/\/www.miamibeachfl.gov\/wp-content\/uploads\/2022\/07\/hero-small.jpg\" alt=\"hero-small\" itemprop=\"image\" height=\"211\" width=\"2395\" title=\"h\u00e9roe peque\u00f1o\" onerror=\"this.style.display='none'\"  \/>\n<h1>\n\t\tProhibici\u00f3n del poliestireno\n\t<\/h1>\n\t<nav id=\"breadcrumbs\" aria-label=\"Pan rallado\"><a href=\"https:\/\/www.miamibeachfl.gov\/es\/\">Hogar<\/a> &gt; <a href=\"https:\/\/www.miamibeachfl.gov\/es\/city-hall\/\">Ayuntamiento<\/a> &gt; <a href=\"https:\/\/www.miamibeachfl.gov\/es\/city-hall\/environmental-sustainability\/\">Medio ambiente y sostenibilidad<\/a> &gt; <a href=\"https:\/\/www.miamibeachfl.gov\/es\/city-hall\/environmental-sustainability\/sustainability\/\">Sostenibilidad y resiliencia<\/a> &gt; <a href=\"https:\/\/www.miamibeachfl.gov\/es\/city-hall\/environmental-sustainability\/sustainability\/sustainability-programs\/\">Programas de Sostenibilidad<\/a> &gt; <strong>Prohibici\u00f3n del poliestireno<\/strong><\/nav>\n\t<p><img loading=\"lazy\" decoding=\"async\" title=\"encabezado de poliestireno\" src=\"\/wp-content\/uploads\/2017\/08\/headern-7944.png\" alt=\"styrofoam header\" width=\"700\" height=\"155\" \/><\/p>\n<p><b>\u00bfQu\u00e9 es el poliestireno expandido y por qu\u00e9 se est\u00e1 prohibiendo?<\/b><\/p>\n<p>El poliestireno expandido es un producto pl\u00e1stico derivado del petr\u00f3leo. No es biodegradable ni reciclable. Seg\u00fan la Agencia de Protecci\u00f3n Ambiental (EPA), puede tener graves consecuencias para la salud humana, la fauna silvestre y el medio ambiente acu\u00e1tico (EPA-842-B-02-002). El poliestireno tambi\u00e9n contiene sustancias t\u00f3xicas como el estireno y el benceno, conocidos carcin\u00f3genos.<\/p>\n<p><b>\u00bfQu\u00e9 art\u00edculos se ven afectados por esta prohibici\u00f3n?<\/b><\/p>\n<p>Los art\u00edculos de servicios de alimentaci\u00f3n, neveras port\u00e1tiles, muelles flotantes no encapsulados, plataformas y boyas se ver\u00e1n afectados por esta prohibici\u00f3n.<\/p>\n<p><b>\u00bfC\u00f3mo se ha eliminado progresivamente el poliestireno?<\/b><\/p>\n<p><img loading=\"lazy\" decoding=\"async\" title=\"Cronolog\u00eda del poliestireno 27\/09\/16\" src=\"\/wp-content\/uploads\/2017\/08\/polystyrene-ban-12.jpg\" alt=\"Polystyrene Timeline 09.27.16\" width=\"750\" height=\"500\" \/><\/p>\n<p><b>\u00bfCu\u00e1ndo se prohibir\u00e1n los muelles de poliestireno sin encapsular?<\/b>\u00a0<img decoding=\"async\" title=\"fase de muelles de poliestireno\" src=\"\/wp-content\/uploads\/2017\/08\/encapsulated-docks-final-flyer-ccn-9330.png\" alt=\"styrofoam docks phase\" \/><\/p>\n<p><b>\u00a0<\/b><\/p>\n<p><b>\u00bfQu\u00e9 alternativas existen para los art\u00edculos de servicio de alimentaci\u00f3n?\u00a0<\/b><\/p>\n<p><em>\u00a0<img loading=\"lazy\" decoding=\"async\" title=\"bagazo\" src=\"\/wp-content\/uploads\/2017\/08\/bagassen-9693.png\" alt=\"bagasse\" width=\"173\" height=\"151\" \/><\/em><\/p>\n<p><em>Bagazo<\/em><\/p>\n<p>El bagazo es el material fibroso que queda despu\u00e9s de prensar los tallos de la ca\u00f1a de az\u00facar. Las variantes del bagazo se refieren a materiales fibrosos de otros tipos de plantas que resultan de procesos de prensado similares. La vajilla de bagazo es un material fibroso de color marr\u00f3n claro o blanco (blanqueado), prensado y moldeado. A veces se recubre con una fina capa de pl\u00e1stico o \u00e1cido polil\u00e1ctico (PLA)\u00b9.<\/p>\n<p>Reciclable\/Compostable\/Basura: Este material normalmente es compostable y reciclable.<\/p>\n<p>&nbsp;<\/p>\n<p><img loading=\"lazy\" decoding=\"async\" title=\"paja de trigo\" src=\"\/wp-content\/uploads\/2017\/08\/wheat-streawn-8493.png\" alt=\"wheat straw\" width=\"194\" height=\"133\" \/><\/p>\n<p><em>Paja de trigo\/Fibra vegetal<\/em><\/p>\n<p>La paja de trigo es el residuo fibroso que queda tras la extracci\u00f3n del grano de los tallos de trigo. La vajilla de servicio de alimentos hecha de paja de trigo suele ser de fibra prensada y moldeada, de color marr\u00f3n claro o blanco (blanqueado). Su aspecto es similar al del bagazo.<\/p>\n<p>Reciclable\/Compostable\/Basura: Este material normalmente es compostable y reciclable.<\/p>\n<p>&nbsp;<\/p>\n<p><img loading=\"lazy\" decoding=\"async\" title=\"fibra compostable\" src=\"\/wp-content\/uploads\/2017\/08\/compostable-fibern-7046.png\" alt=\"compostable fiber\" width=\"209\" height=\"164\" \/><\/p>\n<p><em>Pl\u00e1sticos compostables\u00a0<\/em><\/p>\n<p>Los pl\u00e1sticos compostables son una nueva generaci\u00f3n de pl\u00e1sticos biodegradables mediante compostaje. Generalmente, se derivan de materias primas renovables como almid\u00f3n (p. ej., ma\u00edz, patata, tapioca), celulosa, prote\u00edna de soja, \u00e1cido l\u00e1ctico, etc. No son peligrosos ni t\u00f3xicos durante su producci\u00f3n y se descomponen en di\u00f3xido de carbono, agua, biomasa, etc., al compostarse. Esta categor\u00eda incluye el PLA1.<\/p>\n<p>Reciclable\/Compostable\/Basura: Este material normalmente es compostable y reciclable.<\/p>\n<p>&nbsp;<\/p>\n<p><img loading=\"lazy\" decoding=\"async\" title=\"fibra\" src=\"\/wp-content\/uploads\/2017\/08\/fibern-6952.png\" alt=\"fiber\" width=\"196\" height=\"187\" \/><\/p>\n<p><em>Fibra<\/em><\/p>\n<p>La fibra se refiere a la fibra de papel derivada de los \u00e1rboles. Los utensilios de cocina hechos de fibra suelen ser l\u00e1minas planas de papel grueso dobladas o moldeadas en forma de recipiente. A veces est\u00e1n recubiertos con una fina capa de pl\u00e1stico.<\/p>\n<p>Reciclable\/Compostable\/Basura: Este material normalmente es compostable (sin la capa de pl\u00e1stico) y reciclable.<\/p>\n<p><em>Pl\u00e1sticos varios<\/em><\/p>\n<p>Los productos de pl\u00e1stico miscel\u00e1neos de este inventario son productos que el proveedor cataloga como &quot;pl\u00e1stico&quot; sin proporcionar m\u00e1s detalles sobre el tipo de pl\u00e1stico. No existe ninguna caracter\u00edstica f\u00edsica com\u00fan entre los productos de esta categor\u00eda de material.<\/p>\n<p>Reciclable\/Compostable\/Basura: Este material normalmente es reciclable.<\/p>\n<p><b>TENGA EN CUENTA QUE NO SE PERMITE EL USO DE PRODUCTOS A BASE DE POLIESTIRENO. ESTO INCLUYE PRODUCTOS DE POLIESTIRENO PARA SERVICIO DE ALIMENTOS ETIQUETADOS COMO BIODEGRADABLES.\u00a0<\/b><\/p>\n<p><b>\u00bfQu\u00e9 t\u00e9rminos clave debo buscar en materiales alternativos?<\/b><\/p>\n<p>1.\u00a0<em>\u00c1cido polil\u00e1ctico (PLA)<\/em><\/p>\n<p>El \u00e1cido polil\u00e1ctico (PLA) es un pol\u00edmero pl\u00e1stico derivado de fuentes no petrol\u00edferas, como el almid\u00f3n de ma\u00edz, la ra\u00edz de tapioca y la ca\u00f1a de az\u00facar. Cuando se marca para su identificaci\u00f3n, lleva el n\u00famero &quot;7&quot; en el centro del s\u00edmbolo triangular de reciclaje. Visualmente es similar a los productos de PET.<\/p>\n<p>Reciclable\/Compostable\/Basura: Este material suele ser biodegradable y reciclable.<\/p>\n<p>2.\u00a0<em>tereftalato de polietileno (PET)\u00a0<\/em><\/p>\n<p>El tereftalato de polietileno (PET) es un tipo com\u00fan de pol\u00edmero pl\u00e1stico. Cuando se marca para su identificaci\u00f3n, lleva el n\u00famero &quot;1&quot; en el centro del s\u00edmbolo triangular de reciclaje y tambi\u00e9n puede llevar las letras &quot;PETE&quot; o &quot;PET&quot;. Un envase de PET suele tener un peque\u00f1o punto del proceso de fabricaci\u00f3n, no una costura. No se vuelve blanco al doblarse. La vajilla de PET suele ser transparente, verde o incolora.<\/p>\n<p>Reciclable\/Compostable\/Basura: Este material normalmente es reciclable.<\/p>\n<p>3.\u00a0<em>Polipropileno #5 (y variantes)<\/em><\/p>\n<p>El polipropileno #5 es un pol\u00edmero pl\u00e1stico que produce productos m\u00e1s r\u00edgidos que los fabricados con PET y PLA. Al marcarlos para su identificaci\u00f3n, los art\u00edculos de polipropileno #5 pueden llevar la etiqueta \u00abPP\u00bb o el n\u00famero \u00ab5\u00bb en el s\u00edmbolo triangular de reciclaje. Los productos de vajilla de polipropileno #5 suelen ser transparentes o de color negro opaco.<\/p>\n<p>Reciclable\/Compostable\/Basura: Este material normalmente es reciclable.<\/p>\n\t\tNavegar a\u2026\t\t\t\n\t\t\t\t\t<ul id=\"menu-environmental-sustainability-programs\"><li id=\"menu-item-362605\"><a href=\"https:\/\/www.miamibeachfl.gov\/es\/city-hall\/environmental-sustainability\/sustainability\/sustainability-programs\/litter\/\">Basura<\/a><\/li>\n<li id=\"menu-item-362606\"><a href=\"https:\/\/www.miamibeachfl.gov\/es\/city-hall\/environmental-sustainability\/sustainability\/sustainability-programs\/pace\/\">PASO<\/a><\/li>\n<li id=\"menu-item-362607\"><a href=\"https:\/\/www.miamibeachfl.gov\/es\/city-hall\/environmental-sustainability\/sustainability\/sustainability-programs\/styrofoam\/\">Prohibici\u00f3n del poliestireno<\/a><\/li>\n<li id=\"menu-item-362608\"><a href=\"https:\/\/www.miamibeachfl.gov\/es\/city-hall\/environmental-sustainability\/sustainability\/sustainability-programs\/sustainability-plan\/\">Plan de Sostenibilidad<\/a><\/li>\n<\/ul>\t\n\t<div class=\"page-navigation\"><a class=\"prev-page\" href=\"https:\/\/www.miamibeachfl.gov\/es\/city-hall\/environmental-sustainability\/sustainability\/sustainability-programs\/litter\/\">\u2190 Basura<\/a> <a class=\"next-page\" href=\"https:\/\/www.miamibeachfl.gov\/es\/city-hall\/environmental-sustainability\/sustainability\/recycling\/\">Reciclaje \u2192<\/a><\/div>","protected":false},"excerpt":{"rendered":"<p>Styrofoam Ban Home &gt; City Hall &gt; Environment &#038; Sustainability &gt; Sustainability and Resilience &gt; Sustainability Programs &gt; Styrofoam Ban [&hellip;]<\/p>\n","protected":false},"author":222,"featured_media":0,"parent":28613,"menu_order":0,"comment_status":"closed","ping_status":"closed","template":"page-blank.php","meta":{"_searchwp_excluded":"","site-sidebar-layout":"default","site-content-layout":"","ast-site-content-layout":"default","site-content-style":"default","site-sidebar-style":"default","ast-global-header-display":"","ast-banner-title-visibility":"","ast-main-header-display":"","ast-hfb-above-header-display":"","ast-hfb-below-header-display":"","ast-hfb-mobile-header-display":"","site-post-title":"","ast-breadcrumbs-content":"","ast-featured-img":"","footer-sml-layout":"","theme-transparent-header-meta":"","adv-header-id-meta":"","stick-header-meta":"","header-above-stick-meta":"","header-main-stick-meta":"","header-below-stick-meta":"","astra-migrate-meta-layouts":"default","ast-page-background-enabled":"default","ast-page-background-meta":{"desktop":{"background-color":"var(--ast-global-color-5)","background-image":"","background-repeat":"repeat","background-position":"center center","background-size":"auto","background-attachment":"scroll","background-type":"","background-media":"","overlay-type":"","overlay-color":"","overlay-opacity":"","overlay-gradient":""},"tablet":{"background-color":"","background-image":"","background-repeat":"repeat","background-position":"center center","background-size":"auto","background-attachment":"scroll","background-type":"","background-media":"","overlay-type":"","overlay-color":"","overlay-opacity":"","overlay-gradient":""},"mobile":{"background-color":"","background-image":"","background-repeat":"repeat","background-position":"center center","background-size":"auto","background-attachment":"scroll","background-type":"","background-media":"","overlay-type":"","overlay-color":"","overlay-opacity":"","overlay-gradient":""}},"ast-content-background-meta":{"desktop":{"background-color":"var(--ast-global-color-4)","background-image":"","background-repeat":"repeat","background-position":"center center","background-size":"auto","background-attachment":"scroll","background-type":"","background-media":"","overlay-type":"","overlay-color":"","overlay-opacity":"","overlay-gradient":""},"tablet":{"background-color":"var(--ast-global-color-4)","background-image":"","background-repeat":"repeat","background-position":"center center","background-size":"auto","background-attachment":"scroll","background-type":"","background-media":"","overlay-type":"","overlay-color":"","overlay-opacity":"","overlay-gradient":""},"mobile":{"background-color":"var(--ast-global-color-4)","background-image":"","background-repeat":"repeat","background-position":"center center","background-size":"auto","background-attachment":"scroll","background-type":"","background-media":"","overlay-type":"","overlay-color":"","overlay-opacity":"","overlay-gradient":""}},"footnotes":""},"categories":[],"tags":[],"class_list":["post-28618","page","type-page","status-publish","hentry"],"yoast_head":"<!-- This site is optimized with the Yoast SEO Premium plugin v27.4 (Yoast SEO v27.4) - https:\/\/yoast.com\/product\/yoast-seo-premium-wordpress\/ -->\n<title>Styrofoam Ban - City of Miami Beach<\/title>\n<meta name=\"description\" content=\"%\" \/>\n<meta name=\"robots\" content=\"index, follow, max-snippet:-1, max-image-preview:large, max-video-preview:-1\" \/>\n<link rel=\"canonical\" href=\"https:\/\/www.miamibeachfl.gov\/es\/city-hall\/environmental-sustainability\/sustainability\/sustainability-programs\/styrofoam\/\" \/>\n<meta property=\"og:locale\" content=\"es_ES\" \/>\n<meta property=\"og:type\" content=\"article\" \/>\n<meta property=\"og:title\" content=\"Styrofoam Ban\" \/>\n<meta property=\"og:description\" content=\"%\" \/>\n<meta property=\"og:url\" content=\"https:\/\/www.miamibeachfl.gov\/es\/city-hall\/environmental-sustainability\/sustainability\/sustainability-programs\/styrofoam\/\" \/>\n<meta property=\"og:site_name\" content=\"City of Miami Beach\" \/>\n<meta property=\"article:publisher\" content=\"https:\/\/www.facebook.com\/cityofmiamibeach\" \/>\n<meta property=\"article:modified_time\" content=\"2025-02-14T20:20:49+00:00\" \/>\n<meta property=\"og:image\" content=\"https:\/\/www.miamibeachfl.gov\/wp-content\/uploads\/2022\/07\/hero-small.jpg\" \/>\n<meta name=\"twitter:card\" content=\"summary_large_image\" \/>\n<meta name=\"twitter:site\" content=\"@Miamibeachnews\" \/>\n<script type=\"application\/ld+json\" class=\"yoast-schema-graph\">{\"@context\":\"https:\\\/\\\/schema.org\",\"@graph\":[{\"@type\":\"WebPage\",\"@id\":\"https:\\\/\\\/www.miamibeachfl.gov\\\/city-hall\\\/environmental-sustainability\\\/sustainability\\\/sustainability-programs\\\/styrofoam\\\/\",\"url\":\"https:\\\/\\\/www.miamibeachfl.gov\\\/city-hall\\\/environmental-sustainability\\\/sustainability\\\/sustainability-programs\\\/styrofoam\\\/\",\"name\":\"Styrofoam Ban - City of Miami Beach\",\"isPartOf\":{\"@id\":\"https:\\\/\\\/www.miamibeachfl.gov\\\/#website\"},\"primaryImageOfPage\":{\"@id\":\"https:\\\/\\\/www.miamibeachfl.gov\\\/city-hall\\\/environmental-sustainability\\\/sustainability\\\/sustainability-programs\\\/styrofoam\\\/#primaryimage\"},\"image\":{\"@id\":\"https:\\\/\\\/www.miamibeachfl.gov\\\/city-hall\\\/environmental-sustainability\\\/sustainability\\\/sustainability-programs\\\/styrofoam\\\/#primaryimage\"},\"thumbnailUrl\":\"https:\\\/\\\/www.miamibeachfl.gov\\\/wp-content\\\/uploads\\\/2022\\\/07\\\/hero-small.jpg\",\"datePublished\":\"2017-08-11T00:06:37+00:00\",\"dateModified\":\"2025-02-14T20:20:49+00:00\",\"description\":\"%\",\"breadcrumb\":{\"@id\":\"https:\\\/\\\/www.miamibeachfl.gov\\\/city-hall\\\/environmental-sustainability\\\/sustainability\\\/sustainability-programs\\\/styrofoam\\\/#breadcrumb\"},\"inLanguage\":\"es\",\"potentialAction\":[{\"@type\":\"ReadAction\",\"target\":[\"https:\\\/\\\/www.miamibeachfl.gov\\\/city-hall\\\/environmental-sustainability\\\/sustainability\\\/sustainability-programs\\\/styrofoam\\\/\"]}]},{\"@type\":\"ImageObject\",\"inLanguage\":\"es\",\"@id\":\"https:\\\/\\\/www.miamibeachfl.gov\\\/city-hall\\\/environmental-sustainability\\\/sustainability\\\/sustainability-programs\\\/styrofoam\\\/#primaryimage\",\"url\":\"https:\\\/\\\/www.miamibeachfl.gov\\\/wp-content\\\/uploads\\\/2022\\\/07\\\/hero-small.jpg\",\"contentUrl\":\"https:\\\/\\\/www.miamibeachfl.gov\\\/wp-content\\\/uploads\\\/2022\\\/07\\\/hero-small.jpg\"},{\"@type\":\"BreadcrumbList\",\"@id\":\"https:\\\/\\\/www.miamibeachfl.gov\\\/city-hall\\\/environmental-sustainability\\\/sustainability\\\/sustainability-programs\\\/styrofoam\\\/#breadcrumb\",\"itemListElement\":[{\"@type\":\"ListItem\",\"position\":1,\"name\":\"Home\",\"item\":\"https:\\\/\\\/www.miamibeachfl.gov\\\/\"},{\"@type\":\"ListItem\",\"position\":2,\"name\":\"City Hall\",\"item\":\"https:\\\/\\\/www.miamibeachfl.gov\\\/city-hall\\\/\"},{\"@type\":\"ListItem\",\"position\":3,\"name\":\"Environment &#038; Sustainability\",\"item\":\"https:\\\/\\\/www.miamibeachfl.gov\\\/city-hall\\\/environmental-sustainability\\\/\"},{\"@type\":\"ListItem\",\"position\":4,\"name\":\"Sustainability and Resilience\",\"item\":\"https:\\\/\\\/www.miamibeachfl.gov\\\/city-hall\\\/environmental-sustainability\\\/sustainability\\\/\"},{\"@type\":\"ListItem\",\"position\":5,\"name\":\"Sustainability Programs\",\"item\":\"https:\\\/\\\/www.miamibeachfl.gov\\\/city-hall\\\/environmental-sustainability\\\/sustainability\\\/sustainability-programs\\\/\"},{\"@type\":\"ListItem\",\"position\":6,\"name\":\"Styrofoam Ban\"}]},{\"@type\":\"WebSite\",\"@id\":\"https:\\\/\\\/www.miamibeachfl.gov\\\/#website\",\"url\":\"https:\\\/\\\/www.miamibeachfl.gov\\\/\",\"name\":\"City of Miami Beach\",\"description\":\"The official website of the City of Miami Beach. Stay informed, find important information on city services, news, alerts, events, trolley routes, government employment and more.\",\"publisher\":{\"@id\":\"https:\\\/\\\/www.miamibeachfl.gov\\\/#organization\"},\"potentialAction\":[{\"@type\":\"SearchAction\",\"target\":{\"@type\":\"EntryPoint\",\"urlTemplate\":\"https:\\\/\\\/www.miamibeachfl.gov\\\/?s={search_term_string}\"},\"query-input\":{\"@type\":\"PropertyValueSpecification\",\"valueRequired\":true,\"valueName\":\"search_term_string\"}}],\"inLanguage\":\"es\"},{\"@type\":\"Organization\",\"@id\":\"https:\\\/\\\/www.miamibeachfl.gov\\\/#organization\",\"name\":\"City of Miami Beach\",\"url\":\"https:\\\/\\\/www.miamibeachfl.gov\\\/\",\"logo\":{\"@type\":\"ImageObject\",\"inLanguage\":\"es\",\"@id\":\"https:\\\/\\\/www.miamibeachfl.gov\\\/#\\\/schema\\\/logo\\\/image\\\/\",\"url\":\"https:\\\/\\\/www.miamibeachfl.gov\\\/wp-content\\\/uploads\\\/2022\\\/06\\\/miamibeach-logoblue.png\",\"contentUrl\":\"https:\\\/\\\/www.miamibeachfl.gov\\\/wp-content\\\/uploads\\\/2022\\\/06\\\/miamibeach-logoblue.png\",\"width\":1962,\"height\":381,\"caption\":\"City of Miami Beach\"},\"image\":{\"@id\":\"https:\\\/\\\/www.miamibeachfl.gov\\\/#\\\/schema\\\/logo\\\/image\\\/\"},\"sameAs\":[\"https:\\\/\\\/www.facebook.com\\\/cityofmiamibeach\",\"https:\\\/\\\/x.com\\\/Miamibeachnews\",\"https:\\\/\\\/www.instagram.com\\\/miamibeachnews\\\/\"],\"description\":\"The official website of the City of Miami Beach. Stay informed, find important information on city services, news, alerts, events, trolley routes, government employment and more.\",\"telephone\":\"305.604.CITY(2489)\",\"legalName\":\"City of Miami Beach\"}]}<\/script>\n<!-- \/ Yoast SEO Premium plugin. -->","yoast_head_json":{"title":"Prohibici\u00f3n del poliestireno - Ciudad de Miami Beach","description":"%","robots":{"index":"index","follow":"follow","max-snippet":"max-snippet:-1","max-image-preview":"max-image-preview:large","max-video-preview":"max-video-preview:-1"},"canonical":"https:\/\/www.miamibeachfl.gov\/es\/city-hall\/environmental-sustainability\/sustainability\/sustainability-programs\/styrofoam\/","og_locale":"es_ES","og_type":"article","og_title":"Styrofoam Ban","og_description":"%","og_url":"https:\/\/www.miamibeachfl.gov\/es\/city-hall\/environmental-sustainability\/sustainability\/sustainability-programs\/styrofoam\/","og_site_name":"City of Miami Beach","article_publisher":"https:\/\/www.facebook.com\/cityofmiamibeach","article_modified_time":"2025-02-14T20:20:49+00:00","og_image":[{"url":"https:\/\/www.miamibeachfl.gov\/wp-content\/uploads\/2022\/07\/hero-small.jpg","type":"","width":"","height":""}],"twitter_card":"summary_large_image","twitter_site":"@Miamibeachnews","schema":{"@context":"https:\/\/schema.org","@graph":[{"@type":"WebPage","@id":"https:\/\/www.miamibeachfl.gov\/city-hall\/environmental-sustainability\/sustainability\/sustainability-programs\/styrofoam\/","url":"https:\/\/www.miamibeachfl.gov\/city-hall\/environmental-sustainability\/sustainability\/sustainability-programs\/styrofoam\/","name":"Prohibici\u00f3n del poliestireno - Ciudad de Miami Beach","isPartOf":{"@id":"https:\/\/www.miamibeachfl.gov\/#website"},"primaryImageOfPage":{"@id":"https:\/\/www.miamibeachfl.gov\/city-hall\/environmental-sustainability\/sustainability\/sustainability-programs\/styrofoam\/#primaryimage"},"image":{"@id":"https:\/\/www.miamibeachfl.gov\/city-hall\/environmental-sustainability\/sustainability\/sustainability-programs\/styrofoam\/#primaryimage"},"thumbnailUrl":"https:\/\/www.miamibeachfl.gov\/wp-content\/uploads\/2022\/07\/hero-small.jpg","datePublished":"2017-08-11T00:06:37+00:00","dateModified":"2025-02-14T20:20:49+00:00","description":"%","breadcrumb":{"@id":"https:\/\/www.miamibeachfl.gov\/city-hall\/environmental-sustainability\/sustainability\/sustainability-programs\/styrofoam\/#breadcrumb"},"inLanguage":"es","potentialAction":[{"@type":"ReadAction","target":["https:\/\/www.miamibeachfl.gov\/city-hall\/environmental-sustainability\/sustainability\/sustainability-programs\/styrofoam\/"]}]},{"@type":"ImageObject","inLanguage":"es","@id":"https:\/\/www.miamibeachfl.gov\/city-hall\/environmental-sustainability\/sustainability\/sustainability-programs\/styrofoam\/#primaryimage","url":"https:\/\/www.miamibeachfl.gov\/wp-content\/uploads\/2022\/07\/hero-small.jpg","contentUrl":"https:\/\/www.miamibeachfl.gov\/wp-content\/uploads\/2022\/07\/hero-small.jpg"},{"@type":"BreadcrumbList","@id":"https:\/\/www.miamibeachfl.gov\/city-hall\/environmental-sustainability\/sustainability\/sustainability-programs\/styrofoam\/#breadcrumb","itemListElement":[{"@type":"ListItem","position":1,"name":"Home","item":"https:\/\/www.miamibeachfl.gov\/"},{"@type":"ListItem","position":2,"name":"City Hall","item":"https:\/\/www.miamibeachfl.gov\/city-hall\/"},{"@type":"ListItem","position":3,"name":"Environment &#038; Sustainability","item":"https:\/\/www.miamibeachfl.gov\/city-hall\/environmental-sustainability\/"},{"@type":"ListItem","position":4,"name":"Sustainability and Resilience","item":"https:\/\/www.miamibeachfl.gov\/city-hall\/environmental-sustainability\/sustainability\/"},{"@type":"ListItem","position":5,"name":"Sustainability Programs","item":"https:\/\/www.miamibeachfl.gov\/city-hall\/environmental-sustainability\/sustainability\/sustainability-programs\/"},{"@type":"ListItem","position":6,"name":"Styrofoam Ban"}]},{"@type":"WebSite","@id":"https:\/\/www.miamibeachfl.gov\/#website","url":"https:\/\/www.miamibeachfl.gov\/","name":"Ciudad de Miami Beach","description":"Sitio web oficial de la Ciudad de Miami Beach. Mant\u00e9ngase informado, encuentre informaci\u00f3n importante sobre servicios municipales, noticias, alertas, eventos, rutas de tranv\u00edas, empleos gubernamentales y m\u00e1s.","publisher":{"@id":"https:\/\/www.miamibeachfl.gov\/#organization"},"potentialAction":[{"@type":"SearchAction","target":{"@type":"EntryPoint","urlTemplate":"https:\/\/www.miamibeachfl.gov\/?s={search_term_string}"},"query-input":{"@type":"PropertyValueSpecification","valueRequired":true,"valueName":"search_term_string"}}],"inLanguage":"es"},{"@type":"Organization","@id":"https:\/\/www.miamibeachfl.gov\/#organization","name":"Ciudad de Miami Beach","url":"https:\/\/www.miamibeachfl.gov\/","logo":{"@type":"ImageObject","inLanguage":"es","@id":"https:\/\/www.miamibeachfl.gov\/#\/schema\/logo\/image\/","url":"https:\/\/www.miamibeachfl.gov\/wp-content\/uploads\/2022\/06\/miamibeach-logoblue.png","contentUrl":"https:\/\/www.miamibeachfl.gov\/wp-content\/uploads\/2022\/06\/miamibeach-logoblue.png","width":1962,"height":381,"caption":"City of Miami Beach"},"image":{"@id":"https:\/\/www.miamibeachfl.gov\/#\/schema\/logo\/image\/"},"sameAs":["https:\/\/www.facebook.com\/cityofmiamibeach","https:\/\/x.com\/Miamibeachnews","https:\/\/www.instagram.com\/miamibeachnews\/"],"description":"Sitio web oficial de la Ciudad de Miami Beach. Mant\u00e9ngase informado, encuentre informaci\u00f3n importante sobre servicios municipales, noticias, alertas, eventos, rutas de tranv\u00edas, empleos gubernamentales y m\u00e1s.","telephone":"305.604.CITY(2489)","legalName":"City of Miami Beach"}]}},"_links":{"self":[{"href":"https:\/\/www.miamibeachfl.gov\/es\/wp-json\/wp\/v2\/pages\/28618","targetHints":{"allow":["GET"]}}],"collection":[{"href":"https:\/\/www.miamibeachfl.gov\/es\/wp-json\/wp\/v2\/pages"}],"about":[{"href":"https:\/\/www.miamibeachfl.gov\/es\/wp-json\/wp\/v2\/types\/page"}],"author":[{"embeddable":true,"href":"https:\/\/www.miamibeachfl.gov\/es\/wp-json\/wp\/v2\/users\/222"}],"replies":[{"embeddable":true,"href":"https:\/\/www.miamibeachfl.gov\/es\/wp-json\/wp\/v2\/comments?post=28618"}],"version-history":[{"count":0,"href":"https:\/\/www.miamibeachfl.gov\/es\/wp-json\/wp\/v2\/pages\/28618\/revisions"}],"up":[{"embeddable":true,"href":"https:\/\/www.miamibeachfl.gov\/es\/wp-json\/wp\/v2\/pages\/28613"}],"wp:attachment":[{"href":"https:\/\/www.miamibeachfl.gov\/es\/wp-json\/wp\/v2\/media?parent=28618"}],"wp:term":[{"taxonomy":"category","embeddable":true,"href":"https:\/\/www.miamibeachfl.gov\/es\/wp-json\/wp\/v2\/categories?post=28618"},{"taxonomy":"post_tag","embeddable":true,"href":"https:\/\/www.miamibeachfl.gov\/es\/wp-json\/wp\/v2\/tags?post=28618"}],"curies":[{"name":"gracias","href":"https:\/\/api.w.org\/{rel}","templated":true}]}}