{"id":28627,"date":"2017-08-11T00:06:43","date_gmt":"2017-08-11T00:06:43","guid":{"rendered":"http:\/\/www.miamibeachfl.gov\/city-hall\/environmental-sustainability\/sustainability\/recycling\/reduce-and-reuse\/"},"modified":"2025-02-14T15:10:28","modified_gmt":"2025-02-14T20:10:28","slug":"reduce-and-reuse","status":"publish","type":"page","link":"https:\/\/www.miamibeachfl.gov\/es\/city-hall\/environmental-sustainability\/sustainability\/recycling\/reduce-and-reuse\/","title":{"rendered":"Reducir y reutilizar"},"content":{"rendered":"<img loading=\"lazy\" decoding=\"async\" src=\"https:\/\/www.miamibeachfl.gov\/wp-content\/uploads\/2022\/07\/hero-small.jpg\" alt=\"hero-small\" itemprop=\"image\" height=\"211\" width=\"2395\" title=\"h\u00e9roe peque\u00f1o\" onerror=\"this.style.display='none'\"  \/>\n<h1>\n\t\tReducir y reutilizar\n\t<\/h1>\n\t<nav id=\"breadcrumbs\" aria-label=\"Pan rallado\"><a href=\"https:\/\/www.miamibeachfl.gov\/es\/\">Hogar<\/a> &gt; <a href=\"https:\/\/www.miamibeachfl.gov\/es\/city-hall\/\">Ayuntamiento<\/a> &gt; <a href=\"https:\/\/www.miamibeachfl.gov\/es\/city-hall\/environmental-sustainability\/\">Medio ambiente y sostenibilidad<\/a> &gt; <a href=\"https:\/\/www.miamibeachfl.gov\/es\/city-hall\/environmental-sustainability\/sustainability\/\">Sostenibilidad y resiliencia<\/a> &gt; <a href=\"https:\/\/www.miamibeachfl.gov\/es\/city-hall\/environmental-sustainability\/sustainability\/recycling\/\">Reciclaje<\/a> &gt; <strong>Reducir y reutilizar<\/strong><\/nav>\n\t<h3><strong>Reducir y reutilizar<\/strong><\/h3>\n<p>La ciudad de Miami Beach se centra en la desviaci\u00f3n de residuos, evitando que los materiales terminen en los vertederos. \u00bfPor qu\u00e9 son perjudiciales los vertederos? Ocupan un espacio valioso que podr\u00eda utilizarse para viviendas, negocios, recreaci\u00f3n o h\u00e1bitat para la vida silvestre; los vertederos suelen ser indeseables en barrios residenciales, ya que pueden generar im\u00e1genes, sonidos y olores desagradables; pueden generar problemas con los residuos peligrosos; y fomentan nuestros h\u00e1bitos de eliminaci\u00f3n pasiva de residuos.<\/p>\n<p>Una forma de lograr la desviaci\u00f3n de residuos es el reciclaje, pero esta soluci\u00f3n dista mucho de ser la soluci\u00f3n definitiva a la creciente crisis de los vertederos. El consumo inteligente (reducci\u00f3n y reutilizaci\u00f3n) es necesario para evitar la generaci\u00f3n de residuos. Adem\u00e1s de la desviaci\u00f3n de residuos, la prevenci\u00f3n de residuos puede ayudar a reducir la huella de carbono de la ciudad y la contaminaci\u00f3n.<\/p>\n<p>Consulta los siguientes consejos para empezar a consumir de forma inteligente y conservar nuestros preciados recursos.<\/p>\n<h4><strong>Reducir<\/strong><\/h4>\n<ul>\n<li>Evite los art\u00edculos que est\u00e9n excesivamente empaquetados; compre al por mayor cuando sea posible<\/li>\n<li>Evite embolsar art\u00edculos comprados en una tienda si no es necesario<\/li>\n<li>Compra s\u00f3lo lo que necesitas<\/li>\n<li>Paisaje con plantas nativas que no requieren corte, poda o riego constantes.<\/li>\n<li>Recicle el c\u00e9sped dej\u00e1ndolo directamente sobre \u00e9l despu\u00e9s de cortarlo.<\/li>\n<li>Composte sus restos de jardiner\u00eda y de cocina<\/li>\n<li>Aumente los m\u00e1rgenes de su procesador de textos para que quepa m\u00e1s informaci\u00f3n en una p\u00e1gina<\/li>\n<li>Copie todos los documentos a doble cara e intente transferir la informaci\u00f3n electr\u00f3nicamente cuando sea posible.<\/li>\n<li>Haz que eliminen tu nombre de las listas de correo para reducir el correo basura.<\/li>\n<li>Beba agua del grifo en lugar de agua embotellada (instale un filtro, si lo desea).<\/li>\n<li>Compre concentrados para jugos, detergentes y otros art\u00edculos para reducir el desperdicio de envases.<\/li>\n<\/ul>\n<h4><strong>Reutilizar<\/strong><\/h4>\n<ul>\n<li>Compre art\u00edculos de calidad que duren toda la vida \u00fatil en lugar de marcas desechables o de segunda categor\u00eda.<\/li>\n<li>Utilice art\u00edculos duraderos como tazas y platos de caf\u00e9 de cer\u00e1mica y bater\u00edas recargables.<\/li>\n<li>A la hora de hacer compras, utiliza una bolsa de tela o reutiliza una bolsa de papel marr\u00f3n para tus alimentos.<\/li>\n<li>Utilice esponjas y pa\u00f1os de cocina en lugar de toallas de papel.<\/li>\n<li>Dona art\u00edculos no deseados a organizaciones ben\u00e9ficas.<\/li>\n<li>Repara los electrodom\u00e9sticos que est\u00e1n desgastados en lugar de tirarlos<\/li>\n<li>Una hoja de papel tiene dos caras: use ambas caras antes de reciclarlas.<\/li>\n<li>Utilice sobres bidireccionales para enviar documentos por su oficina<\/li>\n<li>Reutilice sobres y cajas de correo al enviar documentos y paquetes<\/li>\n<li>Reutilice los \u201cman\u00edes de embalaje\u201d o ll\u00e9velos a empresas de correo que los reutilicen.<\/li>\n<li>Reutilice recipientes resellables, como recipientes de pl\u00e1stico y frascos de vidrio, para guardar sobras, almuerzos o suministros.<\/li>\n<\/ul>\n<h4><strong>Formas creativas de reutilizar<\/strong><\/h4>\n<ul>\n<li>Haz reflectores para bicicletas y entradas de veh\u00edculos a partir de CD viejos.<\/li>\n<li>Utilice frascos de vidrio para tazas adicionales y floreros.<\/li>\n<li>Llene recipientes de yogur viejos con tierra para utilizarlos como iniciadores de pl\u00e1ntulas.<\/li>\n<li>Utilice cajas de pa\u00f1uelos como contenedores de basura (\u00a1o de reciclaje!) en los autom\u00f3viles.<\/li>\n<li>Mantenga los cables desenredados pas\u00e1ndolos por un tubo de cart\u00f3n para papel higi\u00e9nico y luego guard\u00e1ndolos dentro.<\/li>\n<li>Corta la parte inferior de un tubo de pasta de dientes vac\u00edo para utilizarlo como decorador de pasteles reutilizable.<\/li>\n<li>Las bolsas de pl\u00e1stico en las que se entregan los peri\u00f3dicos se pueden utilizar como bolsas para paraguas.<\/li>\n<li>Mantenga su ropa con un aroma agradable colocando toallitas para secadora usadas junto con la ropa doblada en los cajones.<\/li>\n<\/ul>\n<p><strong>Caja de herramientas de reciclaje<\/strong><\/p>\n<p>La Ordenanza de Reciclaje de la Ciudad exige que todas las residencias multifamiliares y establecimientos comerciales implementen un programa de reciclaje de flujo \u00fanico. Si recibi\u00f3 una carta de la Ciudad y desea verificar que su establecimiento cumple con este requisito,<\/p>\n<p>Si no est\u00e1 seguro de qu\u00e9 es el reciclaje de flujo \u00fanico, descargue este documento gratuito <a title=\"Afiche de reciclaje de flujo \u00fanico\" href=\"\/wp-content\/uploads\/2017\/08\/RecycleSticker_HR.pdf\" target=\"_blank\" rel=\"noopener noreferrer\">Afiche de reciclaje de flujo \u00fanico<\/a>!<\/p>\n<p>Por \u00faltimo, si desea que sus residentes sepan d\u00f3nde se encuentran sus contenedores de reciclaje o d\u00f3nde est\u00e1 el \u00e1rea de reciclaje, descargue y complete uno de estos dos carteles \u00fatiles:<\/p>\n<ol>\n<li><a title=\"Letrero de conducto de basura personalizable 1\" href=\"\/wp-content\/uploads\/2017\/08\/Customizable-Recycling-Trash-Chute-Sign.pdf\" target=\"_blank\" rel=\"noopener noreferrer\">Letrero de conducto de basura personalizable 1<\/a><\/li>\n<li><a title=\"Letrero de conducto de basura personalizable 2\" href=\"\/wp-content\/uploads\/2017\/08\/Customizable-Recycling-Location-Sign_FINAL.pdf\" target=\"_blank\" rel=\"noopener noreferrer\">Letrero de conducto de basura personalizable 2<\/a><\/li>\n<\/ol>\n<p>&nbsp;<\/p>\n<p><strong>Qu\u00e9 hacer y qu\u00e9 no hacer<\/strong><\/p>\n<p><em>Dos:<\/em><\/p>\n<p><strong>HACER<\/strong> Lave los frascos y recipientes antes de reciclarlos. Recuerde que no es necesario quitarles las etiquetas.<\/p>\n<p><strong>HACER<\/strong> Sea consciente de lo que consume: el reciclaje es s\u00f3lo un componente de la reducci\u00f3n total de residuos.<\/p>\n<p><strong>HACER<\/strong> Lleva bolsas de pl\u00e1stico a tu supermercado local para que las reciclen adecuadamente.<\/p>\n<p><strong>HACER<\/strong>\u00a0<a title=\"Reducir y reutilizar\" href=\"\/es\/city-hall\/environmental-sustainability\/sustainability\/recycling\/reduce-and-reuse\/\">reducir y reutilizar<\/a> siempre que es posible.<\/p>\n<p><em>No hacer:<\/em><\/p>\n<p><strong>NO<\/strong> reciclar productos de papel y cart\u00f3n (por ejemplo, cajas de pizza) con exceso de suciedad o grasa.<\/p>\n<p><strong>NO<\/strong> Deseche cualquier medicamento en el inodoro.<\/p>\n<p><strong>NO<\/strong> Coloque las bolsas de pl\u00e1stico en su contenedor de reciclaje de flujo \u00fanico. Las bolsas de pl\u00e1stico y otros materiales pl\u00e1sticos delgados se atascan en la maquinaria de clasificaci\u00f3n de las plantas de reciclaje, lo que las da\u00f1a y detiene el procesamiento durante horas.<\/p>\n<p><strong>NO <\/strong><a title=\"P\u00e1gina de Obras P\u00fablicas y Gesti\u00f3n de Residuos de Miami-Dade\" href=\"http:\/\/www.miamidade.gov\/publicworks\/\" target=\"_blank\" rel=\"noopener noreferrer\">Vierta grasa o aceite en los desag\u00fces.<\/a><\/p>\n<strong><br \/>\nInformaci\u00f3n del contacto<\/strong>\n<strong>Divisi\u00f3n de Saneamiento de la Ciudad de Miami Beach<\/strong>:<br \/>\nTel\u00e9fono: 305-673-7616<br \/>\nFax: 305-673-7028\n<p>Si a\u00fan tienes preguntas, consulta nuestra <a title=\"Preguntas frecuentes\" href=\"\/es\/city-hall\/environmental-sustainability\/faqs\/\"><strong>P\u00e1gina de preguntas frecuentes<\/strong><\/a>!<\/p>\n<p>\u00a0<strong>SOLICITUDES DE TALLER<\/strong><\/p>\n<p>\u00bfSu condominio o negocio necesita ayuda para implementar un programa de reciclaje eficaz? El Ayuntamiento est\u00e1 disponible para visitar su propiedad y brindarle orientaci\u00f3n e informaci\u00f3n adicional para cumplir con la ordenanza municipal de reciclaje. El Ayuntamiento tambi\u00e9n puede brindar apoyo y recursos para mejorar el uso de su programa por parte de residentes y empleados. Complete el formulario a continuaci\u00f3n para solicitar asistencia.<\/p>\n<p><strong>AVISO<\/strong>Seg\u00fan la ley de Florida, las direcciones de correo electr\u00f3nico son registros p\u00fablicos. Si no desea que su direcci\u00f3n de correo electr\u00f3nico se divulgue en respuesta a una solicitud de registros p\u00fablicos, no env\u00ede correo electr\u00f3nico a la Ciudad de Miami Beach.<\/p>\n\t\tNavegar a\u2026\t\t\t\n\t\t\t\t\t<ul id=\"menu-environmental-recycling\"><li id=\"menu-item-362600\"><a href=\"https:\/\/www.miamibeachfl.gov\/es\/city-hall\/environmental-sustainability\/sustainability\/recycling\/recycling-verification-form\/\">Formulario de verificaci\u00f3n de reciclaje<\/a><\/li>\n<li id=\"menu-item-362601\"><a href=\"https:\/\/www.miamibeachfl.gov\/es\/city-hall\/environmental-sustainability\/sustainability\/recycling\/reduce-and-reuse\/\">Reducir y reutilizar<\/a><\/li>\n<\/ul>\t\n\t<div class=\"page-navigation\"><a class=\"prev-page\" href=\"https:\/\/www.miamibeachfl.gov\/es\/city-hall\/environmental-sustainability\/sustainability\/recycling\/\">\u2190 Reciclaje<\/a> <a class=\"next-page\" href=\"https:\/\/www.miamibeachfl.gov\/es\/city-hall\/environmental-sustainability\/sustainability\/recycling\/recycling-verification-form\/\">Formulario de verificaci\u00f3n de reciclaje \u2192<\/a><\/div>","protected":false},"excerpt":{"rendered":"<p>Reduce And Reuse Home &gt; City Hall &gt; Environment &#038; Sustainability &gt; Sustainability and Resilience &gt; Recycling &gt; Reduce And [&hellip;]<\/p>\n","protected":false},"author":222,"featured_media":0,"parent":28621,"menu_order":0,"comment_status":"closed","ping_status":"closed","template":"page-blank.php","meta":{"_searchwp_excluded":"","site-sidebar-layout":"default","site-content-layout":"","ast-site-content-layout":"default","site-content-style":"default","site-sidebar-style":"default","ast-global-header-display":"","ast-banner-title-visibility":"","ast-main-header-display":"","ast-hfb-above-header-display":"","ast-hfb-below-header-display":"","ast-hfb-mobile-header-display":"","site-post-title":"","ast-breadcrumbs-content":"","ast-featured-img":"","footer-sml-layout":"","theme-transparent-header-meta":"","adv-header-id-meta":"","stick-header-meta":"","header-above-stick-meta":"","header-main-stick-meta":"","header-below-stick-meta":"","astra-migrate-meta-layouts":"default","ast-page-background-enabled":"default","ast-page-background-meta":{"desktop":{"background-color":"var(--ast-global-color-5)","background-image":"","background-repeat":"repeat","background-position":"center center","background-size":"auto","background-attachment":"scroll","background-type":"","background-media":"","overlay-type":"","overlay-color":"","overlay-opacity":"","overlay-gradient":""},"tablet":{"background-color":"","background-image":"","background-repeat":"repeat","background-position":"center center","background-size":"auto","background-attachment":"scroll","background-type":"","background-media":"","overlay-type":"","overlay-color":"","overlay-opacity":"","overlay-gradient":""},"mobile":{"background-color":"","background-image":"","background-repeat":"repeat","background-position":"center center","background-size":"auto","background-attachment":"scroll","background-type":"","background-media":"","overlay-type":"","overlay-color":"","overlay-opacity":"","overlay-gradient":""}},"ast-content-background-meta":{"desktop":{"background-color":"var(--ast-global-color-4)","background-image":"","background-repeat":"repeat","background-position":"center center","background-size":"auto","background-attachment":"scroll","background-type":"","background-media":"","overlay-type":"","overlay-color":"","overlay-opacity":"","overlay-gradient":""},"tablet":{"background-color":"var(--ast-global-color-4)","background-image":"","background-repeat":"repeat","background-position":"center center","background-size":"auto","background-attachment":"scroll","background-type":"","background-media":"","overlay-type":"","overlay-color":"","overlay-opacity":"","overlay-gradient":""},"mobile":{"background-color":"var(--ast-global-color-4)","background-image":"","background-repeat":"repeat","background-position":"center center","background-size":"auto","background-attachment":"scroll","background-type":"","background-media":"","overlay-type":"","overlay-color":"","overlay-opacity":"","overlay-gradient":""}},"footnotes":""},"categories":[],"tags":[],"class_list":["post-28627","page","type-page","status-publish","hentry"],"yoast_head":"<!-- This site is optimized with the Yoast SEO Premium plugin v26.6 (Yoast SEO v26.6) - https:\/\/yoast.com\/wordpress\/plugins\/seo\/ -->\n<title>Reduce And Reuse - City of Miami Beach<\/title>\n<meta name=\"description\" content=\"%\" \/>\n<meta name=\"robots\" content=\"index, follow, max-snippet:-1, max-image-preview:large, max-video-preview:-1\" \/>\n<link rel=\"canonical\" href=\"https:\/\/www.miamibeachfl.gov\/es\/city-hall\/environmental-sustainability\/sustainability\/recycling\/reduce-and-reuse\/\" \/>\n<meta property=\"og:locale\" content=\"es_ES\" \/>\n<meta property=\"og:type\" content=\"article\" \/>\n<meta property=\"og:title\" content=\"Reduce And Reuse\" \/>\n<meta property=\"og:description\" content=\"%\" \/>\n<meta property=\"og:url\" content=\"https:\/\/www.miamibeachfl.gov\/es\/city-hall\/environmental-sustainability\/sustainability\/recycling\/reduce-and-reuse\/\" \/>\n<meta property=\"og:site_name\" content=\"City of Miami Beach\" \/>\n<meta property=\"article:publisher\" content=\"https:\/\/www.facebook.com\/cityofmiamibeach\" \/>\n<meta property=\"article:modified_time\" content=\"2025-02-14T20:10:28+00:00\" \/>\n<meta property=\"og:image\" content=\"https:\/\/www.miamibeachfl.gov\/wp-content\/uploads\/2022\/07\/hero-small.jpg\" \/>\n<meta name=\"twitter:card\" content=\"summary_large_image\" \/>\n<meta name=\"twitter:site\" content=\"@Miamibeachnews\" \/>\n<script type=\"application\/ld+json\" class=\"yoast-schema-graph\">{\"@context\":\"https:\/\/schema.org\",\"@graph\":[{\"@type\":\"WebPage\",\"@id\":\"https:\/\/www.miamibeachfl.gov\/city-hall\/environmental-sustainability\/sustainability\/recycling\/reduce-and-reuse\/\",\"url\":\"https:\/\/www.miamibeachfl.gov\/city-hall\/environmental-sustainability\/sustainability\/recycling\/reduce-and-reuse\/\",\"name\":\"Reduce And Reuse - City of Miami Beach\",\"isPartOf\":{\"@id\":\"https:\/\/www.miamibeachfl.gov\/#website\"},\"primaryImageOfPage\":{\"@id\":\"https:\/\/www.miamibeachfl.gov\/city-hall\/environmental-sustainability\/sustainability\/recycling\/reduce-and-reuse\/#primaryimage\"},\"image\":{\"@id\":\"https:\/\/www.miamibeachfl.gov\/city-hall\/environmental-sustainability\/sustainability\/recycling\/reduce-and-reuse\/#primaryimage\"},\"thumbnailUrl\":\"https:\/\/www.miamibeachfl.gov\/wp-content\/uploads\/2022\/07\/hero-small.jpg\",\"datePublished\":\"2017-08-11T00:06:43+00:00\",\"dateModified\":\"2025-02-14T20:10:28+00:00\",\"description\":\"%\",\"breadcrumb\":{\"@id\":\"https:\/\/www.miamibeachfl.gov\/city-hall\/environmental-sustainability\/sustainability\/recycling\/reduce-and-reuse\/#breadcrumb\"},\"inLanguage\":\"es\",\"potentialAction\":[{\"@type\":\"ReadAction\",\"target\":[\"https:\/\/www.miamibeachfl.gov\/city-hall\/environmental-sustainability\/sustainability\/recycling\/reduce-and-reuse\/\"]}]},{\"@type\":\"ImageObject\",\"inLanguage\":\"es\",\"@id\":\"https:\/\/www.miamibeachfl.gov\/city-hall\/environmental-sustainability\/sustainability\/recycling\/reduce-and-reuse\/#primaryimage\",\"url\":\"https:\/\/www.miamibeachfl.gov\/wp-content\/uploads\/2022\/07\/hero-small.jpg\",\"contentUrl\":\"https:\/\/www.miamibeachfl.gov\/wp-content\/uploads\/2022\/07\/hero-small.jpg\"},{\"@type\":\"BreadcrumbList\",\"@id\":\"https:\/\/www.miamibeachfl.gov\/city-hall\/environmental-sustainability\/sustainability\/recycling\/reduce-and-reuse\/#breadcrumb\",\"itemListElement\":[{\"@type\":\"ListItem\",\"position\":1,\"name\":\"Home\",\"item\":\"https:\/\/www.miamibeachfl.gov\/\"},{\"@type\":\"ListItem\",\"position\":2,\"name\":\"City Hall\",\"item\":\"https:\/\/www.miamibeachfl.gov\/city-hall\/\"},{\"@type\":\"ListItem\",\"position\":3,\"name\":\"Environment &#038; Sustainability\",\"item\":\"https:\/\/www.miamibeachfl.gov\/city-hall\/environmental-sustainability\/\"},{\"@type\":\"ListItem\",\"position\":4,\"name\":\"Sustainability and Resilience\",\"item\":\"https:\/\/www.miamibeachfl.gov\/city-hall\/environmental-sustainability\/sustainability\/\"},{\"@type\":\"ListItem\",\"position\":5,\"name\":\"Recycling\",\"item\":\"https:\/\/www.miamibeachfl.gov\/city-hall\/environmental-sustainability\/sustainability\/recycling\/\"},{\"@type\":\"ListItem\",\"position\":6,\"name\":\"Reduce And Reuse\"}]},{\"@type\":\"WebSite\",\"@id\":\"https:\/\/www.miamibeachfl.gov\/#website\",\"url\":\"https:\/\/www.miamibeachfl.gov\/\",\"name\":\"City of Miami Beach\",\"description\":\"The official website of the City of Miami Beach. Stay informed, find important information on city services, news, alerts, events, trolley routes, government employment and more.\",\"publisher\":{\"@id\":\"https:\/\/www.miamibeachfl.gov\/#organization\"},\"potentialAction\":[{\"@type\":\"SearchAction\",\"target\":{\"@type\":\"EntryPoint\",\"urlTemplate\":\"https:\/\/www.miamibeachfl.gov\/?s={search_term_string}\"},\"query-input\":{\"@type\":\"PropertyValueSpecification\",\"valueRequired\":true,\"valueName\":\"search_term_string\"}}],\"inLanguage\":\"es\"},{\"@type\":\"Organization\",\"@id\":\"https:\/\/www.miamibeachfl.gov\/#organization\",\"name\":\"City of Miami Beach\",\"url\":\"https:\/\/www.miamibeachfl.gov\/\",\"logo\":{\"@type\":\"ImageObject\",\"inLanguage\":\"es\",\"@id\":\"https:\/\/www.miamibeachfl.gov\/#\/schema\/logo\/image\/\",\"url\":\"https:\/\/www.miamibeachfl.gov\/wp-content\/uploads\/2022\/06\/miamibeach-logoblue.png\",\"contentUrl\":\"https:\/\/www.miamibeachfl.gov\/wp-content\/uploads\/2022\/06\/miamibeach-logoblue.png\",\"width\":1962,\"height\":381,\"caption\":\"City of Miami Beach\"},\"image\":{\"@id\":\"https:\/\/www.miamibeachfl.gov\/#\/schema\/logo\/image\/\"},\"sameAs\":[\"https:\/\/www.facebook.com\/cityofmiamibeach\",\"https:\/\/x.com\/Miamibeachnews\",\"https:\/\/www.instagram.com\/miamibeachnews\/\"],\"description\":\"The official website of the City of Miami Beach. Stay informed, find important information on city services, news, alerts, events, trolley routes, government employment and more.\",\"telephone\":\"305.604.CITY(2489)\",\"legalName\":\"City of Miami Beach\"}]}<\/script>\n<!-- \/ Yoast SEO Premium plugin. -->","yoast_head_json":{"title":"Reducir y reutilizar - Ciudad de Miami Beach","description":"%","robots":{"index":"index","follow":"follow","max-snippet":"max-snippet:-1","max-image-preview":"max-image-preview:large","max-video-preview":"max-video-preview:-1"},"canonical":"https:\/\/www.miamibeachfl.gov\/es\/city-hall\/environmental-sustainability\/sustainability\/recycling\/reduce-and-reuse\/","og_locale":"es_ES","og_type":"article","og_title":"Reduce And Reuse","og_description":"%","og_url":"https:\/\/www.miamibeachfl.gov\/es\/city-hall\/environmental-sustainability\/sustainability\/recycling\/reduce-and-reuse\/","og_site_name":"City of Miami Beach","article_publisher":"https:\/\/www.facebook.com\/cityofmiamibeach","article_modified_time":"2025-02-14T20:10:28+00:00","og_image":[{"url":"https:\/\/www.miamibeachfl.gov\/wp-content\/uploads\/2022\/07\/hero-small.jpg","type":"","width":"","height":""}],"twitter_card":"summary_large_image","twitter_site":"@Miamibeachnews","schema":{"@context":"https:\/\/schema.org","@graph":[{"@type":"WebPage","@id":"https:\/\/www.miamibeachfl.gov\/city-hall\/environmental-sustainability\/sustainability\/recycling\/reduce-and-reuse\/","url":"https:\/\/www.miamibeachfl.gov\/city-hall\/environmental-sustainability\/sustainability\/recycling\/reduce-and-reuse\/","name":"Reducir y reutilizar - Ciudad de Miami Beach","isPartOf":{"@id":"https:\/\/www.miamibeachfl.gov\/#website"},"primaryImageOfPage":{"@id":"https:\/\/www.miamibeachfl.gov\/city-hall\/environmental-sustainability\/sustainability\/recycling\/reduce-and-reuse\/#primaryimage"},"image":{"@id":"https:\/\/www.miamibeachfl.gov\/city-hall\/environmental-sustainability\/sustainability\/recycling\/reduce-and-reuse\/#primaryimage"},"thumbnailUrl":"https:\/\/www.miamibeachfl.gov\/wp-content\/uploads\/2022\/07\/hero-small.jpg","datePublished":"2017-08-11T00:06:43+00:00","dateModified":"2025-02-14T20:10:28+00:00","description":"%","breadcrumb":{"@id":"https:\/\/www.miamibeachfl.gov\/city-hall\/environmental-sustainability\/sustainability\/recycling\/reduce-and-reuse\/#breadcrumb"},"inLanguage":"es","potentialAction":[{"@type":"ReadAction","target":["https:\/\/www.miamibeachfl.gov\/city-hall\/environmental-sustainability\/sustainability\/recycling\/reduce-and-reuse\/"]}]},{"@type":"ImageObject","inLanguage":"es","@id":"https:\/\/www.miamibeachfl.gov\/city-hall\/environmental-sustainability\/sustainability\/recycling\/reduce-and-reuse\/#primaryimage","url":"https:\/\/www.miamibeachfl.gov\/wp-content\/uploads\/2022\/07\/hero-small.jpg","contentUrl":"https:\/\/www.miamibeachfl.gov\/wp-content\/uploads\/2022\/07\/hero-small.jpg"},{"@type":"BreadcrumbList","@id":"https:\/\/www.miamibeachfl.gov\/city-hall\/environmental-sustainability\/sustainability\/recycling\/reduce-and-reuse\/#breadcrumb","itemListElement":[{"@type":"ListItem","position":1,"name":"Home","item":"https:\/\/www.miamibeachfl.gov\/"},{"@type":"ListItem","position":2,"name":"City Hall","item":"https:\/\/www.miamibeachfl.gov\/city-hall\/"},{"@type":"ListItem","position":3,"name":"Environment &#038; Sustainability","item":"https:\/\/www.miamibeachfl.gov\/city-hall\/environmental-sustainability\/"},{"@type":"ListItem","position":4,"name":"Sustainability and Resilience","item":"https:\/\/www.miamibeachfl.gov\/city-hall\/environmental-sustainability\/sustainability\/"},{"@type":"ListItem","position":5,"name":"Recycling","item":"https:\/\/www.miamibeachfl.gov\/city-hall\/environmental-sustainability\/sustainability\/recycling\/"},{"@type":"ListItem","position":6,"name":"Reduce And Reuse"}]},{"@type":"WebSite","@id":"https:\/\/www.miamibeachfl.gov\/#website","url":"https:\/\/www.miamibeachfl.gov\/","name":"Ciudad de Miami Beach","description":"Sitio web oficial de la Ciudad de Miami Beach. Mant\u00e9ngase informado, encuentre informaci\u00f3n importante sobre servicios municipales, noticias, alertas, eventos, rutas de tranv\u00edas, empleos gubernamentales y m\u00e1s.","publisher":{"@id":"https:\/\/www.miamibeachfl.gov\/#organization"},"potentialAction":[{"@type":"SearchAction","target":{"@type":"EntryPoint","urlTemplate":"https:\/\/www.miamibeachfl.gov\/?s={search_term_string}"},"query-input":{"@type":"PropertyValueSpecification","valueRequired":true,"valueName":"search_term_string"}}],"inLanguage":"es"},{"@type":"Organization","@id":"https:\/\/www.miamibeachfl.gov\/#organization","name":"Ciudad de Miami Beach","url":"https:\/\/www.miamibeachfl.gov\/","logo":{"@type":"ImageObject","inLanguage":"es","@id":"https:\/\/www.miamibeachfl.gov\/#\/schema\/logo\/image\/","url":"https:\/\/www.miamibeachfl.gov\/wp-content\/uploads\/2022\/06\/miamibeach-logoblue.png","contentUrl":"https:\/\/www.miamibeachfl.gov\/wp-content\/uploads\/2022\/06\/miamibeach-logoblue.png","width":1962,"height":381,"caption":"City of Miami Beach"},"image":{"@id":"https:\/\/www.miamibeachfl.gov\/#\/schema\/logo\/image\/"},"sameAs":["https:\/\/www.facebook.com\/cityofmiamibeach","https:\/\/x.com\/Miamibeachnews","https:\/\/www.instagram.com\/miamibeachnews\/"],"description":"Sitio web oficial de la Ciudad de Miami Beach. Mant\u00e9ngase informado, encuentre informaci\u00f3n importante sobre servicios municipales, noticias, alertas, eventos, rutas de tranv\u00edas, empleos gubernamentales y m\u00e1s.","telephone":"305.604.CITY(2489)","legalName":"City of Miami Beach"}]}},"_links":{"self":[{"href":"https:\/\/www.miamibeachfl.gov\/es\/wp-json\/wp\/v2\/pages\/28627","targetHints":{"allow":["GET"]}}],"collection":[{"href":"https:\/\/www.miamibeachfl.gov\/es\/wp-json\/wp\/v2\/pages"}],"about":[{"href":"https:\/\/www.miamibeachfl.gov\/es\/wp-json\/wp\/v2\/types\/page"}],"author":[{"embeddable":true,"href":"https:\/\/www.miamibeachfl.gov\/es\/wp-json\/wp\/v2\/users\/222"}],"replies":[{"embeddable":true,"href":"https:\/\/www.miamibeachfl.gov\/es\/wp-json\/wp\/v2\/comments?post=28627"}],"version-history":[{"count":0,"href":"https:\/\/www.miamibeachfl.gov\/es\/wp-json\/wp\/v2\/pages\/28627\/revisions"}],"up":[{"embeddable":true,"href":"https:\/\/www.miamibeachfl.gov\/es\/wp-json\/wp\/v2\/pages\/28621"}],"wp:attachment":[{"href":"https:\/\/www.miamibeachfl.gov\/es\/wp-json\/wp\/v2\/media?parent=28627"}],"wp:term":[{"taxonomy":"category","embeddable":true,"href":"https:\/\/www.miamibeachfl.gov\/es\/wp-json\/wp\/v2\/categories?post=28627"},{"taxonomy":"post_tag","embeddable":true,"href":"https:\/\/www.miamibeachfl.gov\/es\/wp-json\/wp\/v2\/tags?post=28627"}],"curies":[{"name":"gracias","href":"https:\/\/api.w.org\/{rel}","templated":true}]}}