{"id":28633,"date":"2017-08-11T00:06:48","date_gmt":"2017-08-11T00:06:48","guid":{"rendered":"http:\/\/www.miamibeachfl.gov\/city-hall\/environmental-sustainability\/urban-forestry\/tree-programs\/"},"modified":"2026-02-11T13:54:26","modified_gmt":"2026-02-11T18:54:26","slug":"tree-programs","status":"publish","type":"page","link":"https:\/\/www.miamibeachfl.gov\/es\/city-hall\/environmental-sustainability\/urban-forestry\/tree-programs\/","title":{"rendered":"Iniciativas de \u00e1rboles forestales urbanos"},"content":{"rendered":"<img decoding=\"async\" src=\"https:\/\/www.miamibeachfl.gov\/wp-content\/uploads\/2022\/07\/hero-small.jpg\" alt=\"ocean drive art deco buildings\" itemprop=\"image\" height=\"211\" width=\"2395\" title=\"h\u00e9roe peque\u00f1o\" onerror=\"this.style.display='none'\" loading=\"lazy\" \/>\n<h1>\n\t\t\tIniciativas de \u00e1rboles forestales urbanos\t<\/h1>\n\t<nav id=\"breadcrumbs\" aria-label=\"Pan rallado\"><a href=\"https:\/\/www.miamibeachfl.gov\/es\/\">Hogar<\/a> &gt; <a href=\"https:\/\/www.miamibeachfl.gov\/es\/city-hall\/\">Ayuntamiento<\/a> &gt; <a href=\"https:\/\/www.miamibeachfl.gov\/es\/city-hall\/environmental-sustainability\/\">Medio ambiente y sostenibilidad<\/a> &gt; <a href=\"https:\/\/www.miamibeachfl.gov\/es\/city-hall\/environmental-sustainability\/urban-forestry\/\">Silvicultura urbana<\/a> &gt; <strong>Iniciativas de \u00e1rboles forestales urbanos<\/strong><\/nav>\n\t<h2><em><strong>Designaci\u00f3n de \u00e1rbol patrimonial\u00a0<\/strong><\/em><\/h2>\n<p>La Ciudad de Miami Beach ha desarrollado un programa especial en reconocimiento al valor intr\u00ednseco que los \u00e1rboles patrimoniales aportan a la comunidad. Este programa no solo contribuye a la preservaci\u00f3n de \u00e1rboles emblem\u00e1ticos, sino que tambi\u00e9n facilita su gesti\u00f3n futura mediante el subsidio de los costos de mantenimiento.<\/p>\n<p>Esta designaci\u00f3n \u00fanica puede ser iniciada por cualquier persona con el consentimiento por escrito del propietario de la propiedad mediante la presentaci\u00f3n de una solicitud a la Divisi\u00f3n de Silvicultura Urbana.<\/p>\n<p>Para que un \u00e1rbol ejemplar sea considerado para la designaci\u00f3n de \u00e1rbol patrimonial, debe ser identificado mediante una evaluaci\u00f3n realizada por un arbolista certificado por la ISA (Sociedad Internacional de Arboricultura) o por un arbolista registrado por la ASCA (Sociedad Americana de Arboristas Consultores). Este determinar\u00e1 la salud e integridad estructural del \u00e1rbol y si cumple alguno de los siguientes criterios:<\/p>\n<ul>\n<li>Es un \u00e1rbol hist\u00f3rico o grupo de \u00e1rboles, de importancia hist\u00f3rica documentada y valor para la ciudad de Miami Beach debido a su ubicaci\u00f3n o asociaci\u00f3n hist\u00f3rica con la comunidad.<\/li>\n<li>Es un \u00e1rbol o grupo de \u00e1rboles con representaci\u00f3n ejemplar de caracter\u00edsticas de especies y alto valor para la comunidad debido a su especie, tama\u00f1o, edad, ubicaci\u00f3n, forma distintiva, caracter\u00edsticas excepcionales o valor ecol\u00f3gico.<\/li>\n<li>Es un \u00e1rbol o grupo de \u00e1rboles campe\u00f3n. La Divisi\u00f3n Forestal del Estado de Florida lo define como el \u00e1rbol m\u00e1s grande de su especie dentro del estado, o la Asociaci\u00f3n Forestal Americana lo define como el m\u00e1s grande de su especie en Estados Unidos o en el mundo.<\/li>\n<\/ul>\n<p>Haga que su \u00e1rbol sea designado como \u00c1rbol Patrimonial hoy mismo presentando la siguiente solicitud: <strong><a href=\"https:\/\/www.miamibeachfl.gov\/wp-content\/uploads\/2017\/08\/TPP-HERITAGE-TREE-PERMIT-APPLICATION.pdf\">Solicitud de permiso para \u00e1rboles patrimoniales<\/a>\u00a0<\/strong><\/p>\n<p>Por favor, p\u00f3ngase en contacto con Urban Forestry en <strong><a href=\"mailto:urbanforestry@miamibeachfl.gov\">urbanforestry@miamibeachfl.gov<\/a><\/strong> Si tienes alguna pregunta.<\/p>\n<h2><em><strong>Iniciativas y programas adicionales de silvicultura urbana:<\/strong><\/em><\/h2>\n<ul>\n<li>Eventos de obsequio de \u00e1rboles<\/li>\n<li>Organizaci\u00f3n del D\u00eda del \u00c1rbol<\/li>\n<li>Difusi\u00f3n\/Talleres sobre Bosques Urbanos Comunitarios<\/li>\n<li>Proyectos de eliminaci\u00f3n de \u00e1rboles ex\u00f3ticos, molestos e invasores<\/li>\n<li>Evaluaci\u00f3n experta de \u00e1rboles peligrosos<\/li>\n<li>Capacitaci\u00f3n en arboricultura a nivel del personal<\/li>\n<li><a title=\"Evaluaci\u00f3n UTC del TPP Miami-Dade final LR\" href=\"https:\/\/www.miamidade.gov\/global\/service.page?Mduid_service=ser1540499461234959\">Evaluaci\u00f3n de la cubierta arb\u00f3rea urbana del condado de Miami-Dade<\/a><\/li>\n<li>Supervisi\u00f3n de la certificaci\u00f3n de Tree City USA y designaci\u00f3n de Tree City USA desde 2005<\/li>\n<li><a href=\"https:\/\/pg-cloud.com\/miamibeachfl\/\">Gesti\u00f3n de inventarios SIG de \u00e1rboles<\/a><\/li>\n<li>Acciones de mitigaci\u00f3n de riesgos para los \u00e1rboles<\/li>\n<\/ul>\n\t\tNavegar a\u2026\t\t\t\n\t\t\t\t\t<ul id=\"menu-environmental-urban-forestry\"><li id=\"menu-item-382235\"><a href=\"\/es\/city-hall\/environmental-sustainability\/urban-forestry\/general-tree-information\/\">Informaci\u00f3n general sobre los \u00e1rboles<\/a><\/li>\n<li id=\"menu-item-381953\"><a href=\"\/es\/city-hall\/environmental-sustainability\/urban-forestry\/tree-trimming\/\">Quiero realizar la poda de \u00e1rboles<\/a><\/li>\n<li id=\"menu-item-382233\"><a href=\"\/es\/city-hall\/environmental-sustainability\/urban-forestry\/plant-a-tree\/\">Quiero plantar un \u00e1rbol<\/a><\/li>\n<li id=\"menu-item-382234\"><a href=\"\/es\/city-hall\/environmental-sustainability\/urban-forestry\/remove-or-relocate-my-tree\/\">Quiero quitar o reubicar mi \u00e1rbol<\/a><\/li>\n<li id=\"menu-item-362625\"><a href=\"\/es\/city-hall\/environmental-sustainability\/urban-forestry\/tree-programs\/\">Iniciativas de \u00e1rboles forestales urbanos<\/a><\/li>\n<\/ul>\t\n\t<div class=\"page-navigation\"><a class=\"prev-page\" href=\"https:\/\/www.miamibeachfl.gov\/es\/city-hall\/environmental-sustainability\/sustainability\/recycling\/recycling-verification-form\/\">\u2190 Formulario de verificaci\u00f3n de reciclaje<\/a> <a class=\"next-page\" href=\"https:\/\/www.miamibeachfl.gov\/es\/city-hall\/environmental-sustainability\/urban-forestry\/general-tree-information\/\">Informaci\u00f3n general sobre los \u00e1rboles \u2192<\/a><\/div>","protected":false},"excerpt":{"rendered":"<p>Urban Forestry Tree Initiatives Home &gt; City Hall &gt; Environment &#038; Sustainability &gt; Urban Forestry &gt; Urban Forestry Tree Initiatives [&hellip;]<\/p>\n","protected":false},"author":222,"featured_media":0,"parent":28632,"menu_order":0,"comment_status":"closed","ping_status":"closed","template":"","meta":{"_searchwp_excluded":"","site-sidebar-layout":"default","site-content-layout":"","ast-site-content-layout":"default","site-content-style":"default","site-sidebar-style":"default","ast-global-header-display":"","ast-banner-title-visibility":"","ast-main-header-display":"","ast-hfb-above-header-display":"","ast-hfb-below-header-display":"","ast-hfb-mobile-header-display":"","site-post-title":"","ast-breadcrumbs-content":"","ast-featured-img":"","footer-sml-layout":"","theme-transparent-header-meta":"","adv-header-id-meta":"","stick-header-meta":"","header-above-stick-meta":"","header-main-stick-meta":"","header-below-stick-meta":"","astra-migrate-meta-layouts":"default","ast-page-background-enabled":"default","ast-page-background-meta":{"desktop":{"background-color":"var(--ast-global-color-5)","background-image":"","background-repeat":"repeat","background-position":"center center","background-size":"auto","background-attachment":"scroll","background-type":"","background-media":"","overlay-type":"","overlay-color":"","overlay-opacity":"","overlay-gradient":""},"tablet":{"background-color":"","background-image":"","background-repeat":"repeat","background-position":"center center","background-size":"auto","background-attachment":"scroll","background-type":"","background-media":"","overlay-type":"","overlay-color":"","overlay-opacity":"","overlay-gradient":""},"mobile":{"background-color":"","background-image":"","background-repeat":"repeat","background-position":"center center","background-size":"auto","background-attachment":"scroll","background-type":"","background-media":"","overlay-type":"","overlay-color":"","overlay-opacity":"","overlay-gradient":""}},"ast-content-background-meta":{"desktop":{"background-color":"var(--ast-global-color-4)","background-image":"","background-repeat":"repeat","background-position":"center center","background-size":"auto","background-attachment":"scroll","background-type":"","background-media":"","overlay-type":"","overlay-color":"","overlay-opacity":"","overlay-gradient":""},"tablet":{"background-color":"var(--ast-global-color-4)","background-image":"","background-repeat":"repeat","background-position":"center center","background-size":"auto","background-attachment":"scroll","background-type":"","background-media":"","overlay-type":"","overlay-color":"","overlay-opacity":"","overlay-gradient":""},"mobile":{"background-color":"var(--ast-global-color-4)","background-image":"","background-repeat":"repeat","background-position":"center center","background-size":"auto","background-attachment":"scroll","background-type":"","background-media":"","overlay-type":"","overlay-color":"","overlay-opacity":"","overlay-gradient":""}},"footnotes":""},"categories":[],"tags":[],"class_list":["post-28633","page","type-page","status-publish","hentry"],"yoast_head":"<!-- This site is optimized with the Yoast SEO Premium plugin v27.4 (Yoast SEO v27.4) - https:\/\/yoast.com\/product\/yoast-seo-premium-wordpress\/ -->\n<title>Urban Forestry Tree Initiatives - City of Miami Beach<\/title>\n<meta name=\"description\" content=\"%\" \/>\n<meta name=\"robots\" content=\"index, follow, max-snippet:-1, max-image-preview:large, max-video-preview:-1\" \/>\n<link rel=\"canonical\" href=\"https:\/\/www.miamibeachfl.gov\/es\/city-hall\/environmental-sustainability\/urban-forestry\/tree-programs\/\" \/>\n<meta property=\"og:locale\" content=\"es_ES\" \/>\n<meta property=\"og:type\" content=\"article\" \/>\n<meta property=\"og:title\" content=\"Urban Forestry Tree Initiatives\" \/>\n<meta property=\"og:description\" content=\"%\" \/>\n<meta property=\"og:url\" content=\"https:\/\/www.miamibeachfl.gov\/es\/city-hall\/environmental-sustainability\/urban-forestry\/tree-programs\/\" \/>\n<meta property=\"og:site_name\" content=\"City of Miami Beach\" \/>\n<meta property=\"article:publisher\" content=\"https:\/\/www.facebook.com\/cityofmiamibeach\" \/>\n<meta property=\"article:modified_time\" content=\"2026-02-11T18:54:26+00:00\" \/>\n<meta property=\"og:image\" content=\"https:\/\/www.miamibeachfl.gov\/wp-content\/uploads\/2022\/07\/hero-small.jpg\" \/>\n<meta name=\"twitter:card\" content=\"summary_large_image\" \/>\n<meta name=\"twitter:site\" content=\"@Miamibeachnews\" \/>\n<script type=\"application\/ld+json\" class=\"yoast-schema-graph\">{\"@context\":\"https:\\\/\\\/schema.org\",\"@graph\":[{\"@type\":\"WebPage\",\"@id\":\"https:\\\/\\\/www.miamibeachfl.gov\\\/city-hall\\\/environmental-sustainability\\\/urban-forestry\\\/tree-programs\\\/\",\"url\":\"https:\\\/\\\/www.miamibeachfl.gov\\\/city-hall\\\/environmental-sustainability\\\/urban-forestry\\\/tree-programs\\\/\",\"name\":\"Urban Forestry Tree Initiatives - City of Miami Beach\",\"isPartOf\":{\"@id\":\"https:\\\/\\\/www.miamibeachfl.gov\\\/#website\"},\"primaryImageOfPage\":{\"@id\":\"https:\\\/\\\/www.miamibeachfl.gov\\\/city-hall\\\/environmental-sustainability\\\/urban-forestry\\\/tree-programs\\\/#primaryimage\"},\"image\":{\"@id\":\"https:\\\/\\\/www.miamibeachfl.gov\\\/city-hall\\\/environmental-sustainability\\\/urban-forestry\\\/tree-programs\\\/#primaryimage\"},\"thumbnailUrl\":\"https:\\\/\\\/www.miamibeachfl.gov\\\/wp-content\\\/uploads\\\/2022\\\/07\\\/hero-small.jpg\",\"datePublished\":\"2017-08-11T00:06:48+00:00\",\"dateModified\":\"2026-02-11T18:54:26+00:00\",\"description\":\"%\",\"breadcrumb\":{\"@id\":\"https:\\\/\\\/www.miamibeachfl.gov\\\/city-hall\\\/environmental-sustainability\\\/urban-forestry\\\/tree-programs\\\/#breadcrumb\"},\"inLanguage\":\"es\",\"potentialAction\":[{\"@type\":\"ReadAction\",\"target\":[\"https:\\\/\\\/www.miamibeachfl.gov\\\/city-hall\\\/environmental-sustainability\\\/urban-forestry\\\/tree-programs\\\/\"]}]},{\"@type\":\"ImageObject\",\"inLanguage\":\"es\",\"@id\":\"https:\\\/\\\/www.miamibeachfl.gov\\\/city-hall\\\/environmental-sustainability\\\/urban-forestry\\\/tree-programs\\\/#primaryimage\",\"url\":\"https:\\\/\\\/www.miamibeachfl.gov\\\/wp-content\\\/uploads\\\/2022\\\/07\\\/hero-small.jpg\",\"contentUrl\":\"https:\\\/\\\/www.miamibeachfl.gov\\\/wp-content\\\/uploads\\\/2022\\\/07\\\/hero-small.jpg\"},{\"@type\":\"BreadcrumbList\",\"@id\":\"https:\\\/\\\/www.miamibeachfl.gov\\\/city-hall\\\/environmental-sustainability\\\/urban-forestry\\\/tree-programs\\\/#breadcrumb\",\"itemListElement\":[{\"@type\":\"ListItem\",\"position\":1,\"name\":\"Home\",\"item\":\"https:\\\/\\\/www.miamibeachfl.gov\\\/\"},{\"@type\":\"ListItem\",\"position\":2,\"name\":\"City Hall\",\"item\":\"https:\\\/\\\/www.miamibeachfl.gov\\\/city-hall\\\/\"},{\"@type\":\"ListItem\",\"position\":3,\"name\":\"Environment &#038; Sustainability\",\"item\":\"https:\\\/\\\/www.miamibeachfl.gov\\\/city-hall\\\/environmental-sustainability\\\/\"},{\"@type\":\"ListItem\",\"position\":4,\"name\":\"Urban Forestry\",\"item\":\"https:\\\/\\\/www.miamibeachfl.gov\\\/city-hall\\\/environmental-sustainability\\\/urban-forestry\\\/\"},{\"@type\":\"ListItem\",\"position\":5,\"name\":\"Urban Forestry Tree Initiatives\"}]},{\"@type\":\"WebSite\",\"@id\":\"https:\\\/\\\/www.miamibeachfl.gov\\\/#website\",\"url\":\"https:\\\/\\\/www.miamibeachfl.gov\\\/\",\"name\":\"City of Miami Beach\",\"description\":\"The official website of the City of Miami Beach. Stay informed, find important information on city services, news, alerts, events, trolley routes, government employment and more.\",\"publisher\":{\"@id\":\"https:\\\/\\\/www.miamibeachfl.gov\\\/#organization\"},\"potentialAction\":[{\"@type\":\"SearchAction\",\"target\":{\"@type\":\"EntryPoint\",\"urlTemplate\":\"https:\\\/\\\/www.miamibeachfl.gov\\\/?s={search_term_string}\"},\"query-input\":{\"@type\":\"PropertyValueSpecification\",\"valueRequired\":true,\"valueName\":\"search_term_string\"}}],\"inLanguage\":\"es\"},{\"@type\":\"Organization\",\"@id\":\"https:\\\/\\\/www.miamibeachfl.gov\\\/#organization\",\"name\":\"City of Miami Beach\",\"url\":\"https:\\\/\\\/www.miamibeachfl.gov\\\/\",\"logo\":{\"@type\":\"ImageObject\",\"inLanguage\":\"es\",\"@id\":\"https:\\\/\\\/www.miamibeachfl.gov\\\/#\\\/schema\\\/logo\\\/image\\\/\",\"url\":\"https:\\\/\\\/www.miamibeachfl.gov\\\/wp-content\\\/uploads\\\/2022\\\/06\\\/miamibeach-logoblue.png\",\"contentUrl\":\"https:\\\/\\\/www.miamibeachfl.gov\\\/wp-content\\\/uploads\\\/2022\\\/06\\\/miamibeach-logoblue.png\",\"width\":1962,\"height\":381,\"caption\":\"City of Miami Beach\"},\"image\":{\"@id\":\"https:\\\/\\\/www.miamibeachfl.gov\\\/#\\\/schema\\\/logo\\\/image\\\/\"},\"sameAs\":[\"https:\\\/\\\/www.facebook.com\\\/cityofmiamibeach\",\"https:\\\/\\\/x.com\\\/Miamibeachnews\",\"https:\\\/\\\/www.instagram.com\\\/miamibeachnews\\\/\"],\"description\":\"The official website of the City of Miami Beach. Stay informed, find important information on city services, news, alerts, events, trolley routes, government employment and more.\",\"telephone\":\"305.604.CITY(2489)\",\"legalName\":\"City of Miami Beach\"}]}<\/script>\n<!-- \/ Yoast SEO Premium plugin. -->","yoast_head_json":{"title":"Iniciativas de silvicultura urbana con \u00e1rboles - Ciudad de Miami Beach","description":"%","robots":{"index":"index","follow":"follow","max-snippet":"max-snippet:-1","max-image-preview":"max-image-preview:large","max-video-preview":"max-video-preview:-1"},"canonical":"https:\/\/www.miamibeachfl.gov\/es\/city-hall\/environmental-sustainability\/urban-forestry\/tree-programs\/","og_locale":"es_ES","og_type":"article","og_title":"Urban Forestry Tree Initiatives","og_description":"%","og_url":"https:\/\/www.miamibeachfl.gov\/es\/city-hall\/environmental-sustainability\/urban-forestry\/tree-programs\/","og_site_name":"City of Miami Beach","article_publisher":"https:\/\/www.facebook.com\/cityofmiamibeach","article_modified_time":"2026-02-11T18:54:26+00:00","og_image":[{"url":"https:\/\/www.miamibeachfl.gov\/wp-content\/uploads\/2022\/07\/hero-small.jpg","type":"","width":"","height":""}],"twitter_card":"summary_large_image","twitter_site":"@Miamibeachnews","schema":{"@context":"https:\/\/schema.org","@graph":[{"@type":"WebPage","@id":"https:\/\/www.miamibeachfl.gov\/city-hall\/environmental-sustainability\/urban-forestry\/tree-programs\/","url":"https:\/\/www.miamibeachfl.gov\/city-hall\/environmental-sustainability\/urban-forestry\/tree-programs\/","name":"Iniciativas de silvicultura urbana con \u00e1rboles - Ciudad de Miami Beach","isPartOf":{"@id":"https:\/\/www.miamibeachfl.gov\/#website"},"primaryImageOfPage":{"@id":"https:\/\/www.miamibeachfl.gov\/city-hall\/environmental-sustainability\/urban-forestry\/tree-programs\/#primaryimage"},"image":{"@id":"https:\/\/www.miamibeachfl.gov\/city-hall\/environmental-sustainability\/urban-forestry\/tree-programs\/#primaryimage"},"thumbnailUrl":"https:\/\/www.miamibeachfl.gov\/wp-content\/uploads\/2022\/07\/hero-small.jpg","datePublished":"2017-08-11T00:06:48+00:00","dateModified":"2026-02-11T18:54:26+00:00","description":"%","breadcrumb":{"@id":"https:\/\/www.miamibeachfl.gov\/city-hall\/environmental-sustainability\/urban-forestry\/tree-programs\/#breadcrumb"},"inLanguage":"es","potentialAction":[{"@type":"ReadAction","target":["https:\/\/www.miamibeachfl.gov\/city-hall\/environmental-sustainability\/urban-forestry\/tree-programs\/"]}]},{"@type":"ImageObject","inLanguage":"es","@id":"https:\/\/www.miamibeachfl.gov\/city-hall\/environmental-sustainability\/urban-forestry\/tree-programs\/#primaryimage","url":"https:\/\/www.miamibeachfl.gov\/wp-content\/uploads\/2022\/07\/hero-small.jpg","contentUrl":"https:\/\/www.miamibeachfl.gov\/wp-content\/uploads\/2022\/07\/hero-small.jpg"},{"@type":"BreadcrumbList","@id":"https:\/\/www.miamibeachfl.gov\/city-hall\/environmental-sustainability\/urban-forestry\/tree-programs\/#breadcrumb","itemListElement":[{"@type":"ListItem","position":1,"name":"Home","item":"https:\/\/www.miamibeachfl.gov\/"},{"@type":"ListItem","position":2,"name":"City Hall","item":"https:\/\/www.miamibeachfl.gov\/city-hall\/"},{"@type":"ListItem","position":3,"name":"Environment &#038; Sustainability","item":"https:\/\/www.miamibeachfl.gov\/city-hall\/environmental-sustainability\/"},{"@type":"ListItem","position":4,"name":"Urban Forestry","item":"https:\/\/www.miamibeachfl.gov\/city-hall\/environmental-sustainability\/urban-forestry\/"},{"@type":"ListItem","position":5,"name":"Urban Forestry Tree Initiatives"}]},{"@type":"WebSite","@id":"https:\/\/www.miamibeachfl.gov\/#website","url":"https:\/\/www.miamibeachfl.gov\/","name":"Ciudad de Miami Beach","description":"Sitio web oficial de la Ciudad de Miami Beach. Mant\u00e9ngase informado, encuentre informaci\u00f3n importante sobre servicios municipales, noticias, alertas, eventos, rutas de tranv\u00edas, empleos gubernamentales y m\u00e1s.","publisher":{"@id":"https:\/\/www.miamibeachfl.gov\/#organization"},"potentialAction":[{"@type":"SearchAction","target":{"@type":"EntryPoint","urlTemplate":"https:\/\/www.miamibeachfl.gov\/?s={search_term_string}"},"query-input":{"@type":"PropertyValueSpecification","valueRequired":true,"valueName":"search_term_string"}}],"inLanguage":"es"},{"@type":"Organization","@id":"https:\/\/www.miamibeachfl.gov\/#organization","name":"Ciudad de Miami Beach","url":"https:\/\/www.miamibeachfl.gov\/","logo":{"@type":"ImageObject","inLanguage":"es","@id":"https:\/\/www.miamibeachfl.gov\/#\/schema\/logo\/image\/","url":"https:\/\/www.miamibeachfl.gov\/wp-content\/uploads\/2022\/06\/miamibeach-logoblue.png","contentUrl":"https:\/\/www.miamibeachfl.gov\/wp-content\/uploads\/2022\/06\/miamibeach-logoblue.png","width":1962,"height":381,"caption":"City of Miami Beach"},"image":{"@id":"https:\/\/www.miamibeachfl.gov\/#\/schema\/logo\/image\/"},"sameAs":["https:\/\/www.facebook.com\/cityofmiamibeach","https:\/\/x.com\/Miamibeachnews","https:\/\/www.instagram.com\/miamibeachnews\/"],"description":"Sitio web oficial de la Ciudad de Miami Beach. Mant\u00e9ngase informado, encuentre informaci\u00f3n importante sobre servicios municipales, noticias, alertas, eventos, rutas de tranv\u00edas, empleos gubernamentales y m\u00e1s.","telephone":"305.604.CITY(2489)","legalName":"City of Miami Beach"}]}},"_links":{"self":[{"href":"https:\/\/www.miamibeachfl.gov\/es\/wp-json\/wp\/v2\/pages\/28633","targetHints":{"allow":["GET"]}}],"collection":[{"href":"https:\/\/www.miamibeachfl.gov\/es\/wp-json\/wp\/v2\/pages"}],"about":[{"href":"https:\/\/www.miamibeachfl.gov\/es\/wp-json\/wp\/v2\/types\/page"}],"author":[{"embeddable":true,"href":"https:\/\/www.miamibeachfl.gov\/es\/wp-json\/wp\/v2\/users\/222"}],"replies":[{"embeddable":true,"href":"https:\/\/www.miamibeachfl.gov\/es\/wp-json\/wp\/v2\/comments?post=28633"}],"version-history":[{"count":2,"href":"https:\/\/www.miamibeachfl.gov\/es\/wp-json\/wp\/v2\/pages\/28633\/revisions"}],"predecessor-version":[{"id":396359,"href":"https:\/\/www.miamibeachfl.gov\/es\/wp-json\/wp\/v2\/pages\/28633\/revisions\/396359"}],"up":[{"embeddable":true,"href":"https:\/\/www.miamibeachfl.gov\/es\/wp-json\/wp\/v2\/pages\/28632"}],"wp:attachment":[{"href":"https:\/\/www.miamibeachfl.gov\/es\/wp-json\/wp\/v2\/media?parent=28633"}],"wp:term":[{"taxonomy":"category","embeddable":true,"href":"https:\/\/www.miamibeachfl.gov\/es\/wp-json\/wp\/v2\/categories?post=28633"},{"taxonomy":"post_tag","embeddable":true,"href":"https:\/\/www.miamibeachfl.gov\/es\/wp-json\/wp\/v2\/tags?post=28633"}],"curies":[{"name":"gracias","href":"https:\/\/api.w.org\/{rel}","templated":true}]}}