{"id":28732,"date":"2017-08-11T00:07:55","date_gmt":"2017-08-11T00:07:55","guid":{"rendered":"http:\/\/www.miamibeachfl.gov\/city-hall\/information-technology\/mobile-apps\/"},"modified":"2025-06-20T14:02:25","modified_gmt":"2025-06-20T18:02:25","slug":"mobile-apps","status":"publish","type":"page","link":"https:\/\/www.miamibeachfl.gov\/es\/mobile-apps\/","title":{"rendered":"Aplicaciones m\u00f3viles"},"content":{"rendered":"<h2>\n\t\t\tAplicaciones m\u00f3viles de Miami Beach\t<\/h2>\n<h2>\n\t\t\tAplicaciones de estacionamiento\t<\/h2>\n\t\t\t\t<img decoding=\"async\" src=\"https:\/\/www.miamibeachfl.gov\/wp-content\/uploads\/2023\/07\/parkmobile-parking-logo.png\" alt=\"parkmobile-parking-logo\" title=\"logotipo de estacionamiento de parkmobile\" itemprop=\"image\"\/>\n\t\t<h3>Aplicaci\u00f3n ParkMobile<\/h3>\t\t\t\n\t<p>ParkMobile ofrece una nueva y mejor manera de pagar el estacionamiento con tu celular. Con la aplicaci\u00f3n m\u00f3vil de ParkMobile, iniciar tu transacci\u00f3n de estacionamiento toma solo unos segundos. Si conduces un auto diferente al registrado, puedes cambiar r\u00e1pidamente el n\u00famero de placa y activar tu sesi\u00f3n de estacionamiento. Puedes activar la opci\u00f3n de recibir un recordatorio de notificaci\u00f3n push 15 minutos antes de que finalice tu estacionamiento. Tambi\u00e9n puedes pagar llamando a ParkMobile al: <a href=\"tel:18777275714\">1-877-727-5714.<\/a><\/p>\n\t<a href=\"https:\/\/www2.paybyphone.com\/park-in-miami-beach\" target=\"_blank\" rel=\"noopener\" aria-label=\"Vaya a https:\/\/www2.paybyphone.com\/park-in-miami-beach\"><\/a>\n\t\t\t\t<img decoding=\"async\" src=\"https:\/\/www.miamibeachfl.gov\/wp-content\/uploads\/2023\/10\/paybyphonelogo.png\" alt=\"paybyphone\" title=\"logotipo de paybyphone\" itemprop=\"image\"\/>\n\t\t<h3>Pagar por tel\u00e9fono<\/h3>\t\t\t\n\t<strong>\u00a1Paga tu estacionamiento con la aplicaci\u00f3n PayByPhone en Miami Beach!<\/strong><br \/>\nPayByPhone te permite pagar el estacionamiento de tu veh\u00edculo en segundos en nuestros estacionamientos. La app es una soluci\u00f3n completamente sin efectivo, te avisa cuando tu tiempo de estacionamiento est\u00e1 a punto de terminar e incluso te permite extenderlo desde cualquier lugar. PayByPhone es c\u00f3modo, f\u00e1cil y seguro.\n<h2>\n\t\t\tOtras aplicaciones\t<\/h2>\n\t\t\t\t<img decoding=\"async\" src=\"https:\/\/www.miamibeachfl.gov\/wp-content\/uploads\/2017\/08\/smalln-197.jpg\" alt=\"smalln-197\" title=\"smalln-197\" itemprop=\"image\"\/>\n\t\t<h3>Informaci\u00f3n de Miami Beach<\/h3>\t\t\t\n\t<p>La aplicaci\u00f3n de la Autoridad de Visitantes y Convenciones de Miami Beach es para ver negocios, restaurantes, puntos de inter\u00e9s y eventos en el \u00e1rea de Miami Beach.<\/p>\n\t\t\t\t<img decoding=\"async\" src=\"https:\/\/www.miamibeachfl.gov\/wp-content\/uploads\/2023\/11\/MBtoursapp.webp\" alt=\"MBtoursapp\" title=\"Aplicaci\u00f3n MBtours\" itemprop=\"image\"\/>\n\t\t<h3>Experimente los tours de Miami Beach<\/h3>\t\t\t\n\t<p>Miami Beach se enorgullece de ser un centro art\u00edstico y cultural, reconocido internacionalmente por su excepcional colecci\u00f3n de experiencias interactivas e inmersivas. Con m\u00e1s de 15 museos e instituciones culturales de talla mundial, que abarcan desde bellas artes modernas y contempor\u00e1neas hasta obras en espacios p\u00fablicos, los visitantes pueden descubrir f\u00e1cilmente el talento creativo y las comunidades que conforman Miami Beach.<\/p>\n<p>A trav\u00e9s de la aplicaci\u00f3n EXP Miami Beach Tours, desarrollada por la Autoridad de Visitantes y Convenciones de Miami Beach, los usuarios pueden descubrir recorridos a pie seleccionados e itinerarios dedicados a mostrar las muchas maravillas de Miami Beach, incluido Arte en lugares p\u00fablicos, Los cinco sitios principales LGBTQ, Tour de vida nocturna LGBTQ, Arte oculto, Un d\u00eda dentro de las maravillas arquitect\u00f3nicas de Miami Beach, Arte p\u00fablico e historia ic\u00f3nica en Miami Beach y Tour de arte al aire libre de Bass.<\/p>\n\t\t\t\t<img decoding=\"async\" src=\"https:\/\/www.miamibeachfl.gov\/wp-content\/uploads\/2017\/08\/logo_sm_mdtransitn-1849.jpg\" alt=\"logo_sm_mdtransitn-1849\" title=\"logotipo_sm_mdtransitn-1849\" itemprop=\"image\"\/>\n\t\t<h3>Aplicaci\u00f3n de tr\u00e1nsito de Miami-Dade<\/h3>\t\t\t\n\t<p>Utilice esta aplicaci\u00f3n m\u00f3vil como una herramienta pr\u00e1ctica para desplazarse por la ciudad de Miami Beach. Con ella, podr\u00e1 rastrear su autob\u00fas, planificar viajes, presentar quejas y obtener informaci\u00f3n sobre tarifas y horarios de servicio, as\u00ed como alertas para pasajeros. Una de las funciones m\u00e1s recientes de esta aplicaci\u00f3n es el seguimiento en tiempo real de la ruta 123 South Beach Local (anteriormente solo disponible para Metrorail y la ruta Kendall Cruise). Con esta opci\u00f3n, los usuarios podr\u00e1n obtener informaci\u00f3n instant\u00e1nea sobre la ubicaci\u00f3n del autob\u00fas y la hora estimada de llegada (ETA).<\/p>","protected":false},"excerpt":{"rendered":"<p>Miami Beach Mobile Apps Parking Apps ParkMobile App ParkMobile provides a new and better way to pay for parking using [&hellip;]<\/p>\n","protected":false},"author":222,"featured_media":0,"parent":0,"menu_order":40,"comment_status":"closed","ping_status":"closed","template":"","meta":{"_searchwp_excluded":"","site-sidebar-layout":"default","site-content-layout":"","ast-site-content-layout":"default","site-content-style":"default","site-sidebar-style":"default","ast-global-header-display":"","ast-banner-title-visibility":"","ast-main-header-display":"","ast-hfb-above-header-display":"","ast-hfb-below-header-display":"","ast-hfb-mobile-header-display":"","site-post-title":"","ast-breadcrumbs-content":"","ast-featured-img":"","footer-sml-layout":"","theme-transparent-header-meta":"","adv-header-id-meta":"","stick-header-meta":"","header-above-stick-meta":"","header-main-stick-meta":"","header-below-stick-meta":"","astra-migrate-meta-layouts":"default","ast-page-background-enabled":"default","ast-page-background-meta":{"desktop":{"background-color":"var(--ast-global-color-5)","background-image":"","background-repeat":"repeat","background-position":"center center","background-size":"auto","background-attachment":"scroll","background-type":"","background-media":"","overlay-type":"","overlay-color":"","overlay-opacity":"","overlay-gradient":""},"tablet":{"background-color":"","background-image":"","background-repeat":"repeat","background-position":"center center","background-size":"auto","background-attachment":"scroll","background-type":"","background-media":"","overlay-type":"","overlay-color":"","overlay-opacity":"","overlay-gradient":""},"mobile":{"background-color":"","background-image":"","background-repeat":"repeat","background-position":"center center","background-size":"auto","background-attachment":"scroll","background-type":"","background-media":"","overlay-type":"","overlay-color":"","overlay-opacity":"","overlay-gradient":""}},"ast-content-background-meta":{"desktop":{"background-color":"var(--ast-global-color-4)","background-image":"","background-repeat":"repeat","background-position":"center center","background-size":"auto","background-attachment":"scroll","background-type":"","background-media":"","overlay-type":"","overlay-color":"","overlay-opacity":"","overlay-gradient":""},"tablet":{"background-color":"var(--ast-global-color-4)","background-image":"","background-repeat":"repeat","background-position":"center center","background-size":"auto","background-attachment":"scroll","background-type":"","background-media":"","overlay-type":"","overlay-color":"","overlay-opacity":"","overlay-gradient":""},"mobile":{"background-color":"var(--ast-global-color-4)","background-image":"","background-repeat":"repeat","background-position":"center center","background-size":"auto","background-attachment":"scroll","background-type":"","background-media":"","overlay-type":"","overlay-color":"","overlay-opacity":"","overlay-gradient":""}},"footnotes":""},"categories":[],"tags":[],"class_list":["post-28732","page","type-page","status-publish","hentry"],"yoast_head":"<!-- This site is optimized with the Yoast SEO Premium plugin v27.4 (Yoast SEO v27.4) - https:\/\/yoast.com\/product\/yoast-seo-premium-wordpress\/ -->\n<title>Mobile Apps - City of Miami Beach<\/title>\n<meta name=\"description\" content=\"Mobile Apps with information about the City of Miami BThe City of Miami Beach at your fingertips. Download our free mobile app to report concerns, check current beach conditions, track the free citywide trolley, pay fees, stream MBTV live, stay current on city news and view a comprehensive calendar of meetings and events.ach.\" \/>\n<meta name=\"robots\" content=\"index, follow, max-snippet:-1, max-image-preview:large, max-video-preview:-1\" \/>\n<link rel=\"canonical\" href=\"https:\/\/www.miamibeachfl.gov\/es\/mobile-apps\/\" \/>\n<meta property=\"og:locale\" content=\"es_ES\" \/>\n<meta property=\"og:type\" content=\"article\" \/>\n<meta property=\"og:title\" content=\"Mobile Apps\" \/>\n<meta property=\"og:description\" content=\"Mobile Apps with information about the City of Miami BThe City of Miami Beach at your fingertips. Download our free mobile app to report concerns, check current beach conditions, track the free citywide trolley, pay fees, stream MBTV live, stay current on city news and view a comprehensive calendar of meetings and events.ach.\" \/>\n<meta property=\"og:url\" content=\"https:\/\/www.miamibeachfl.gov\/es\/mobile-apps\/\" \/>\n<meta property=\"og:site_name\" content=\"City of Miami Beach\" \/>\n<meta property=\"article:publisher\" content=\"https:\/\/www.facebook.com\/cityofmiamibeach\" \/>\n<meta property=\"article:modified_time\" content=\"2025-06-20T18:02:25+00:00\" \/>\n<meta property=\"og:image\" content=\"https:\/\/www.miamibeachfl.gov\/wp-content\/uploads\/2023\/11\/MBeGov.png\" \/>\n\t<meta property=\"og:image:width\" content=\"192\" \/>\n\t<meta property=\"og:image:height\" content=\"192\" \/>\n\t<meta property=\"og:image:type\" content=\"image\/png\" \/>\n<meta name=\"twitter:card\" content=\"summary_large_image\" \/>\n<meta name=\"twitter:site\" content=\"@Miamibeachnews\" \/>\n<script type=\"application\/ld+json\" class=\"yoast-schema-graph\">{\"@context\":\"https:\\\/\\\/schema.org\",\"@graph\":[{\"@type\":\"WebPage\",\"@id\":\"https:\\\/\\\/www.miamibeachfl.gov\\\/mobile-apps\\\/\",\"url\":\"https:\\\/\\\/www.miamibeachfl.gov\\\/mobile-apps\\\/\",\"name\":\"Mobile Apps - City of Miami Beach\",\"isPartOf\":{\"@id\":\"https:\\\/\\\/www.miamibeachfl.gov\\\/#website\"},\"primaryImageOfPage\":{\"@id\":\"https:\\\/\\\/www.miamibeachfl.gov\\\/mobile-apps\\\/#primaryimage\"},\"image\":{\"@id\":\"https:\\\/\\\/www.miamibeachfl.gov\\\/mobile-apps\\\/#primaryimage\"},\"thumbnailUrl\":\"https:\\\/\\\/www.miamibeachfl.gov\\\/wp-content\\\/uploads\\\/2023\\\/07\\\/parkmobile-parking-logo.png\",\"datePublished\":\"2017-08-11T00:07:55+00:00\",\"dateModified\":\"2025-06-20T18:02:25+00:00\",\"description\":\"Mobile Apps with information about the City of Miami BThe City of Miami Beach at your fingertips. Download our free mobile app to report concerns, check current beach conditions, track the free citywide trolley, pay fees, stream MBTV live, stay current on city news and view a comprehensive calendar of meetings and events.ach.\",\"breadcrumb\":{\"@id\":\"https:\\\/\\\/www.miamibeachfl.gov\\\/mobile-apps\\\/#breadcrumb\"},\"inLanguage\":\"es\",\"potentialAction\":[{\"@type\":\"ReadAction\",\"target\":[\"https:\\\/\\\/www.miamibeachfl.gov\\\/mobile-apps\\\/\"]}]},{\"@type\":\"ImageObject\",\"inLanguage\":\"es\",\"@id\":\"https:\\\/\\\/www.miamibeachfl.gov\\\/mobile-apps\\\/#primaryimage\",\"url\":\"https:\\\/\\\/www.miamibeachfl.gov\\\/wp-content\\\/uploads\\\/2023\\\/07\\\/parkmobile-parking-logo.png\",\"contentUrl\":\"https:\\\/\\\/www.miamibeachfl.gov\\\/wp-content\\\/uploads\\\/2023\\\/07\\\/parkmobile-parking-logo.png\"},{\"@type\":\"BreadcrumbList\",\"@id\":\"https:\\\/\\\/www.miamibeachfl.gov\\\/mobile-apps\\\/#breadcrumb\",\"itemListElement\":[{\"@type\":\"ListItem\",\"position\":1,\"name\":\"Home\",\"item\":\"https:\\\/\\\/www.miamibeachfl.gov\\\/\"},{\"@type\":\"ListItem\",\"position\":2,\"name\":\"Mobile Apps\"}]},{\"@type\":\"WebSite\",\"@id\":\"https:\\\/\\\/www.miamibeachfl.gov\\\/#website\",\"url\":\"https:\\\/\\\/www.miamibeachfl.gov\\\/\",\"name\":\"City of Miami Beach\",\"description\":\"The official website of the City of Miami Beach. Stay informed, find important information on city services, news, alerts, events, trolley routes, government employment and more.\",\"publisher\":{\"@id\":\"https:\\\/\\\/www.miamibeachfl.gov\\\/#organization\"},\"potentialAction\":[{\"@type\":\"SearchAction\",\"target\":{\"@type\":\"EntryPoint\",\"urlTemplate\":\"https:\\\/\\\/www.miamibeachfl.gov\\\/?s={search_term_string}\"},\"query-input\":{\"@type\":\"PropertyValueSpecification\",\"valueRequired\":true,\"valueName\":\"search_term_string\"}}],\"inLanguage\":\"es\"},{\"@type\":\"Organization\",\"@id\":\"https:\\\/\\\/www.miamibeachfl.gov\\\/#organization\",\"name\":\"City of Miami Beach\",\"url\":\"https:\\\/\\\/www.miamibeachfl.gov\\\/\",\"logo\":{\"@type\":\"ImageObject\",\"inLanguage\":\"es\",\"@id\":\"https:\\\/\\\/www.miamibeachfl.gov\\\/#\\\/schema\\\/logo\\\/image\\\/\",\"url\":\"https:\\\/\\\/www.miamibeachfl.gov\\\/wp-content\\\/uploads\\\/2022\\\/06\\\/miamibeach-logoblue.png\",\"contentUrl\":\"https:\\\/\\\/www.miamibeachfl.gov\\\/wp-content\\\/uploads\\\/2022\\\/06\\\/miamibeach-logoblue.png\",\"width\":1962,\"height\":381,\"caption\":\"City of Miami Beach\"},\"image\":{\"@id\":\"https:\\\/\\\/www.miamibeachfl.gov\\\/#\\\/schema\\\/logo\\\/image\\\/\"},\"sameAs\":[\"https:\\\/\\\/www.facebook.com\\\/cityofmiamibeach\",\"https:\\\/\\\/x.com\\\/Miamibeachnews\",\"https:\\\/\\\/www.instagram.com\\\/miamibeachnews\\\/\"],\"description\":\"The official website of the City of Miami Beach. Stay informed, find important information on city services, news, alerts, events, trolley routes, government employment and more.\",\"telephone\":\"305.604.CITY(2489)\",\"legalName\":\"City of Miami Beach\"}]}<\/script>\n<!-- \/ Yoast SEO Premium plugin. -->","yoast_head_json":{"title":"Aplicaciones m\u00f3viles - Ciudad de Miami Beach","description":"Aplicaciones m\u00f3viles con informaci\u00f3n sobre la ciudad de Miami Beach al alcance de tu mano. Descarga nuestra aplicaci\u00f3n m\u00f3vil gratuita para reportar inquietudes, consultar el estado actual de la playa, seguir el recorrido del tranv\u00eda gratuito, pagar tarifas, ver MBTV en vivo, estar al tanto de las noticias de la ciudad y consultar un calendario completo de reuniones y eventos.","robots":{"index":"index","follow":"follow","max-snippet":"max-snippet:-1","max-image-preview":"max-image-preview:large","max-video-preview":"max-video-preview:-1"},"canonical":"https:\/\/www.miamibeachfl.gov\/es\/mobile-apps\/","og_locale":"es_ES","og_type":"article","og_title":"Mobile Apps","og_description":"Mobile Apps with information about the City of Miami BThe City of Miami Beach at your fingertips. Download our free mobile app to report concerns, check current beach conditions, track the free citywide trolley, pay fees, stream MBTV live, stay current on city news and view a comprehensive calendar of meetings and events.ach.","og_url":"https:\/\/www.miamibeachfl.gov\/es\/mobile-apps\/","og_site_name":"City of Miami Beach","article_publisher":"https:\/\/www.facebook.com\/cityofmiamibeach","article_modified_time":"2025-06-20T18:02:25+00:00","og_image":[{"width":192,"height":192,"url":"https:\/\/www.miamibeachfl.gov\/wp-content\/uploads\/2023\/11\/MBeGov.png","type":"image\/png"}],"twitter_card":"summary_large_image","twitter_site":"@Miamibeachnews","schema":{"@context":"https:\/\/schema.org","@graph":[{"@type":"WebPage","@id":"https:\/\/www.miamibeachfl.gov\/mobile-apps\/","url":"https:\/\/www.miamibeachfl.gov\/mobile-apps\/","name":"Aplicaciones m\u00f3viles - Ciudad de Miami Beach","isPartOf":{"@id":"https:\/\/www.miamibeachfl.gov\/#website"},"primaryImageOfPage":{"@id":"https:\/\/www.miamibeachfl.gov\/mobile-apps\/#primaryimage"},"image":{"@id":"https:\/\/www.miamibeachfl.gov\/mobile-apps\/#primaryimage"},"thumbnailUrl":"https:\/\/www.miamibeachfl.gov\/wp-content\/uploads\/2023\/07\/parkmobile-parking-logo.png","datePublished":"2017-08-11T00:07:55+00:00","dateModified":"2025-06-20T18:02:25+00:00","description":"Aplicaciones m\u00f3viles con informaci\u00f3n sobre la ciudad de Miami Beach al alcance de tu mano. Descarga nuestra aplicaci\u00f3n m\u00f3vil gratuita para reportar inquietudes, consultar el estado actual de la playa, seguir el recorrido del tranv\u00eda gratuito, pagar tarifas, ver MBTV en vivo, estar al tanto de las noticias de la ciudad y consultar un calendario completo de reuniones y eventos.","breadcrumb":{"@id":"https:\/\/www.miamibeachfl.gov\/mobile-apps\/#breadcrumb"},"inLanguage":"es","potentialAction":[{"@type":"ReadAction","target":["https:\/\/www.miamibeachfl.gov\/mobile-apps\/"]}]},{"@type":"ImageObject","inLanguage":"es","@id":"https:\/\/www.miamibeachfl.gov\/mobile-apps\/#primaryimage","url":"https:\/\/www.miamibeachfl.gov\/wp-content\/uploads\/2023\/07\/parkmobile-parking-logo.png","contentUrl":"https:\/\/www.miamibeachfl.gov\/wp-content\/uploads\/2023\/07\/parkmobile-parking-logo.png"},{"@type":"BreadcrumbList","@id":"https:\/\/www.miamibeachfl.gov\/mobile-apps\/#breadcrumb","itemListElement":[{"@type":"ListItem","position":1,"name":"Home","item":"https:\/\/www.miamibeachfl.gov\/"},{"@type":"ListItem","position":2,"name":"Mobile Apps"}]},{"@type":"WebSite","@id":"https:\/\/www.miamibeachfl.gov\/#website","url":"https:\/\/www.miamibeachfl.gov\/","name":"Ciudad de Miami Beach","description":"Sitio web oficial de la Ciudad de Miami Beach. Mant\u00e9ngase informado, encuentre informaci\u00f3n importante sobre servicios municipales, noticias, alertas, eventos, rutas de tranv\u00edas, empleos gubernamentales y m\u00e1s.","publisher":{"@id":"https:\/\/www.miamibeachfl.gov\/#organization"},"potentialAction":[{"@type":"SearchAction","target":{"@type":"EntryPoint","urlTemplate":"https:\/\/www.miamibeachfl.gov\/?s={search_term_string}"},"query-input":{"@type":"PropertyValueSpecification","valueRequired":true,"valueName":"search_term_string"}}],"inLanguage":"es"},{"@type":"Organization","@id":"https:\/\/www.miamibeachfl.gov\/#organization","name":"Ciudad de Miami Beach","url":"https:\/\/www.miamibeachfl.gov\/","logo":{"@type":"ImageObject","inLanguage":"es","@id":"https:\/\/www.miamibeachfl.gov\/#\/schema\/logo\/image\/","url":"https:\/\/www.miamibeachfl.gov\/wp-content\/uploads\/2022\/06\/miamibeach-logoblue.png","contentUrl":"https:\/\/www.miamibeachfl.gov\/wp-content\/uploads\/2022\/06\/miamibeach-logoblue.png","width":1962,"height":381,"caption":"City of Miami Beach"},"image":{"@id":"https:\/\/www.miamibeachfl.gov\/#\/schema\/logo\/image\/"},"sameAs":["https:\/\/www.facebook.com\/cityofmiamibeach","https:\/\/x.com\/Miamibeachnews","https:\/\/www.instagram.com\/miamibeachnews\/"],"description":"Sitio web oficial de la Ciudad de Miami Beach. Mant\u00e9ngase informado, encuentre informaci\u00f3n importante sobre servicios municipales, noticias, alertas, eventos, rutas de tranv\u00edas, empleos gubernamentales y m\u00e1s.","telephone":"305.604.CITY(2489)","legalName":"City of Miami Beach"}]}},"_links":{"self":[{"href":"https:\/\/www.miamibeachfl.gov\/es\/wp-json\/wp\/v2\/pages\/28732","targetHints":{"allow":["GET"]}}],"collection":[{"href":"https:\/\/www.miamibeachfl.gov\/es\/wp-json\/wp\/v2\/pages"}],"about":[{"href":"https:\/\/www.miamibeachfl.gov\/es\/wp-json\/wp\/v2\/types\/page"}],"author":[{"embeddable":true,"href":"https:\/\/www.miamibeachfl.gov\/es\/wp-json\/wp\/v2\/users\/222"}],"replies":[{"embeddable":true,"href":"https:\/\/www.miamibeachfl.gov\/es\/wp-json\/wp\/v2\/comments?post=28732"}],"version-history":[{"count":3,"href":"https:\/\/www.miamibeachfl.gov\/es\/wp-json\/wp\/v2\/pages\/28732\/revisions"}],"predecessor-version":[{"id":384398,"href":"https:\/\/www.miamibeachfl.gov\/es\/wp-json\/wp\/v2\/pages\/28732\/revisions\/384398"}],"wp:attachment":[{"href":"https:\/\/www.miamibeachfl.gov\/es\/wp-json\/wp\/v2\/media?parent=28732"}],"wp:term":[{"taxonomy":"category","embeddable":true,"href":"https:\/\/www.miamibeachfl.gov\/es\/wp-json\/wp\/v2\/categories?post=28732"},{"taxonomy":"post_tag","embeddable":true,"href":"https:\/\/www.miamibeachfl.gov\/es\/wp-json\/wp\/v2\/tags?post=28732"}],"curies":[{"name":"gracias","href":"https:\/\/api.w.org\/{rel}","templated":true}]}}