{"id":28734,"date":"2017-08-11T00:07:56","date_gmt":"2017-08-11T00:07:56","guid":{"rendered":"http:\/\/www.miamibeachfl.gov\/city-hall\/mberp\/"},"modified":"2026-05-05T09:38:59","modified_gmt":"2026-05-05T13:38:59","slug":"mberp","status":"publish","type":"page","link":"https:\/\/www.miamibeachfl.gov\/es\/city-hall\/mberp\/","title":{"rendered":"MBERP \u2013 Plan de Jubilaci\u00f3n para Empleados de Miami Beach"},"content":{"rendered":"<figure itemscope itemtype=\"https:\/\/schema.org\/ImageObject\">\n\t\t\t\t<img decoding=\"async\" src=\"https:\/\/www.miamibeachfl.gov\/wp-content\/uploads\/2022\/07\/hero-small.jpg\" alt=\"ocean drive art deco buildings\" height=\"211\" width=\"2395\" title=\"h\u00e9roe peque\u00f1o\" onerror=\"this.style.display='none'\" loading=\"lazy\" \/>\n\t<\/figure>\n<h1>\n\t\t\tNos hemos mudado\t<\/h1>\n\t<p>A partir del 1 de agosto de 2025, la Oficina del Plan de Jubilaci\u00f3n de Empleados de Miami Beach estar\u00e1 ubicada en 1920 Meridian Avenue, segundo piso.<\/p>\n<h2>\n\t\t\tMBERP \u2013 Plan de Jubilaci\u00f3n de los Empleados de Miami Beach\t<\/h2>\n\t<p>Welcome to the official website of the Miami Beach Employees&#8217; Retirement Plan (MBERP). The earliest origin of a retirement program for the City of Miami Beach was the Retirement System for General Employees created under and by the authority of Chapter 18691, Laws of Florida, Acts in 1937. The Retirement System for Unclassified Employees and Elected Officials was created in 1988. In March 2006, the Retirement System for General Employees and the Retirement System for Unclassified Employees and Elected Officials merged to form the Miami Beach Employees&#8217; Retirement Plan (Ord. 2006-3530).<\/p>\n<strong>Misi\u00f3n<\/strong><br \/>\nGestionar y administrar adecuadamente las inversiones y los activos del MBERP en beneficio de los miembros y beneficiarios del Plan.\n<h2>\n\t\t\tEnlaces principales\t<\/h2>\n\t\t\t<a href=\"\/es\/city-hall\/mberp\/actuarial-valuation\/\"  target=\"_self\">\n\t\t\t\t\t\t\tValoraci\u00f3n actuarial\n\t\t\t\t\t<\/a>\n\t\t\t<a href=\"\/es\/city-hall\/mberp\/agendas-minutes\/\"  target=\"_self\">\n\t\t\t\t\t\t\tagendas \n\t\t\t\t\t<\/a>\n\t\t\t<a href=\"\/es\/city-hall\/mberp\/internal-audit-reports\/\"  target=\"_self\">\n\t\t\t\t\t\t\tESTADOS FINANCIEROS\n\t\t\t\t\t<\/a>\n\t\t\t<a href=\"\/es\/city-hall\/mberp\/retiree-benefit-links\/\"  target=\"_self\">\n\t\t\t\t\t\t\tENLACES DE BENEFICIOS PARA JUBILADOS\n\t\t\t\t\t<\/a>\n\t\t\t<a href=\"\/es\/city-hall\/mberp\/national-retirement-benefit\/\"  target=\"_self\">\n\t\t\t\t\t\t\tBENEFICIO DE JUBILACI\u00d3N\n\t\t\t\t\t<\/a>\n\t\t\t<a href=\"https:\/\/www.pensiontechnologygroup.com\/miamibeach\"  target=\"_blank\" rel=\"noopener\">\n\t\t\t\t\t\t\tPortal de autoservicio para la jubilaci\u00f3n\n\t\t\t\t\t<\/a>\n\t\t\t<a href=\"\/es\/city-hall\/mberp\/memorial-wall\/\"  target=\"_blank\" rel=\"noopener\">\n\t\t\t\t\t\t\tMuro conmemorativo\n\t\t\t\t\t<\/a>\n\t\t\t<a href=\"\/es\/city-hall\/mberp\/the-plan\/\"  target=\"_self\">\n\t\t\t\t\t\t\tEL PLAN\n\t\t\t\t\t<\/a>\n\t\t\t<a href=\"\/es\/city-hall\/mberp\/quarterly-investment-report\/\"  target=\"_self\">\n\t\t\t\t\t\t\tInformes trimestrales de inversi\u00f3n\n\t\t\t\t\t<\/a>\n<h2>\n\t\t\tRecursos relacionados\t<\/h2>\n<h2>\n\t\t<a href=\"\/es\/city-hall\/mberp\/forms\/\" title=\"Formularios\"  target=\"_self\">\n\t\t\tFormularios\t\t<\/a>\n\t<\/h2>\n<h2>\n\t\t<a href=\"\/es\/city-hall\/mberp\/investment-policy\/\" title=\"Pol\u00edtica de inversi\u00f3n\"  target=\"_self\">\n\t\t\tPol\u00edtica de inversi\u00f3n\t\t<\/a>\n\t<\/h2>\n<h2>\n\t\t<a href=\"\/es\/city-hall\/mberp\/fl-chapter-112-664\/\" title=\"Cap\u00edtulo 112.664 de Florida\"  target=\"_self\">\n\t\t\tCap\u00edtulo 112.664 de Florida\t\t<\/a>\n\t<\/h2>\n<h2>\n\t\t<a href=\"\/es\/city-hall\/mberp\/other-links\/\" title=\"Otros enlaces\"  target=\"_self\">\n\t\t\tOtros enlaces\t\t<\/a>\n\t<\/h2>\n<h2>\n\t\t<a href=\"\/es\/city-hall\/mberp\/meeting-calendar\/\" title=\"Calendario de reuniones\"  target=\"_self\">\n\t\t\tCalendario de reuniones\t\t<\/a>\n\t<\/h2>","protected":false},"excerpt":{"rendered":"<p>We&#8217;ve Moved Effective August 1, 2025, the Miami Beach Employees&#8217; Retirement Plan Office is located at 1920 Meridian Avenue, 2nd [&hellip;]<\/p>\n","protected":false},"author":222,"featured_media":266611,"parent":28206,"menu_order":251,"comment_status":"closed","ping_status":"closed","template":"","meta":{"_searchwp_excluded":"","site-sidebar-layout":"default","site-content-layout":"","ast-site-content-layout":"default","site-content-style":"default","site-sidebar-style":"default","ast-global-header-display":"","ast-banner-title-visibility":"","ast-main-header-display":"","ast-hfb-above-header-display":"","ast-hfb-below-header-display":"","ast-hfb-mobile-header-display":"","site-post-title":"","ast-breadcrumbs-content":"","ast-featured-img":"","footer-sml-layout":"","ast-disable-related-posts":"","theme-transparent-header-meta":"","adv-header-id-meta":"","stick-header-meta":"","header-above-stick-meta":"","header-main-stick-meta":"","header-below-stick-meta":"","astra-migrate-meta-layouts":"default","ast-page-background-enabled":"default","ast-page-background-meta":{"desktop":{"background-color":"var(--ast-global-color-5)","background-image":"","background-repeat":"repeat","background-position":"center center","background-size":"auto","background-attachment":"scroll","background-type":"","background-media":"","overlay-type":"","overlay-color":"","overlay-opacity":"","overlay-gradient":""},"tablet":{"background-color":"","background-image":"","background-repeat":"repeat","background-position":"center center","background-size":"auto","background-attachment":"scroll","background-type":"","background-media":"","overlay-type":"","overlay-color":"","overlay-opacity":"","overlay-gradient":""},"mobile":{"background-color":"","background-image":"","background-repeat":"repeat","background-position":"center center","background-size":"auto","background-attachment":"scroll","background-type":"","background-media":"","overlay-type":"","overlay-color":"","overlay-opacity":"","overlay-gradient":""}},"ast-content-background-meta":{"desktop":{"background-color":"var(--ast-global-color-4)","background-image":"","background-repeat":"repeat","background-position":"center center","background-size":"auto","background-attachment":"scroll","background-type":"","background-media":"","overlay-type":"","overlay-color":"","overlay-opacity":"","overlay-gradient":""},"tablet":{"background-color":"var(--ast-global-color-4)","background-image":"","background-repeat":"repeat","background-position":"center center","background-size":"auto","background-attachment":"scroll","background-type":"","background-media":"","overlay-type":"","overlay-color":"","overlay-opacity":"","overlay-gradient":""},"mobile":{"background-color":"var(--ast-global-color-4)","background-image":"","background-repeat":"repeat","background-position":"center center","background-size":"auto","background-attachment":"scroll","background-type":"","background-media":"","overlay-type":"","overlay-color":"","overlay-opacity":"","overlay-gradient":""}},"footnotes":""},"categories":[1],"tags":[1727,1730],"class_list":["post-28734","page","type-page","status-publish","has-post-thumbnail","hentry","category-uncategorized","tag-administrative","tag-city-services"],"yoast_head":"<!-- This site is optimized with the Yoast SEO Premium plugin v27.4 (Yoast SEO v27.4) - https:\/\/yoast.com\/product\/yoast-seo-premium-wordpress\/ -->\n<title>MBERP - Miami Beach Employee Retirement Plan - City of Miami Beach<\/title>\n<meta name=\"description\" content=\"The Miami Beach Employees&#039; Retirement Plan manages and administers the investments of the MBERP assets for the benefit of the members.\" \/>\n<meta name=\"robots\" content=\"index, follow, max-snippet:-1, max-image-preview:large, max-video-preview:-1\" \/>\n<link rel=\"canonical\" href=\"https:\/\/www.miamibeachfl.gov\/es\/city-hall\/mberp\/\" \/>\n<meta property=\"og:locale\" content=\"es_ES\" \/>\n<meta property=\"og:type\" content=\"article\" \/>\n<meta property=\"og:title\" content=\"MBERP - Miami Beach Employee Retirement Plan\" \/>\n<meta property=\"og:description\" content=\"The Miami Beach Employees&#039; Retirement Plan manages and administers the investments of the MBERP assets for the benefit of the members.\" \/>\n<meta property=\"og:url\" content=\"https:\/\/www.miamibeachfl.gov\/es\/city-hall\/mberp\/\" \/>\n<meta property=\"og:site_name\" content=\"City of Miami Beach\" \/>\n<meta property=\"article:publisher\" content=\"https:\/\/www.facebook.com\/cityofmiamibeach\" \/>\n<meta property=\"article:modified_time\" content=\"2026-05-05T13:38:59+00:00\" \/>\n<meta property=\"og:image\" content=\"https:\/\/www.miamibeachfl.gov\/wp-content\/uploads\/2023\/07\/Beach-2023.jpg\" \/>\n\t<meta property=\"og:image:width\" content=\"570\" \/>\n\t<meta property=\"og:image:height\" content=\"356\" \/>\n\t<meta property=\"og:image:type\" content=\"image\/jpeg\" \/>\n<meta name=\"twitter:card\" content=\"summary_large_image\" \/>\n<meta name=\"twitter:site\" content=\"@Miamibeachnews\" \/>\n<script type=\"application\/ld+json\" class=\"yoast-schema-graph\">{\"@context\":\"https:\\\/\\\/schema.org\",\"@graph\":[{\"@type\":\"WebPage\",\"@id\":\"https:\\\/\\\/www.miamibeachfl.gov\\\/city-hall\\\/mberp\\\/\",\"url\":\"https:\\\/\\\/www.miamibeachfl.gov\\\/city-hall\\\/mberp\\\/\",\"name\":\"MBERP - Miami Beach Employee Retirement Plan - City of Miami Beach\",\"isPartOf\":{\"@id\":\"https:\\\/\\\/www.miamibeachfl.gov\\\/#website\"},\"primaryImageOfPage\":{\"@id\":\"https:\\\/\\\/www.miamibeachfl.gov\\\/city-hall\\\/mberp\\\/#primaryimage\"},\"image\":{\"@id\":\"https:\\\/\\\/www.miamibeachfl.gov\\\/city-hall\\\/mberp\\\/#primaryimage\"},\"thumbnailUrl\":\"https:\\\/\\\/www.miamibeachfl.gov\\\/wp-content\\\/uploads\\\/2023\\\/07\\\/Beach-2023.jpg\",\"datePublished\":\"2017-08-11T00:07:56+00:00\",\"dateModified\":\"2026-05-05T13:38:59+00:00\",\"description\":\"The Miami Beach Employees' Retirement Plan manages and administers the investments of the MBERP assets for the benefit of the members.\",\"breadcrumb\":{\"@id\":\"https:\\\/\\\/www.miamibeachfl.gov\\\/city-hall\\\/mberp\\\/#breadcrumb\"},\"inLanguage\":\"es\",\"potentialAction\":[{\"@type\":\"ReadAction\",\"target\":[\"https:\\\/\\\/www.miamibeachfl.gov\\\/city-hall\\\/mberp\\\/\"]}]},{\"@type\":\"ImageObject\",\"inLanguage\":\"es\",\"@id\":\"https:\\\/\\\/www.miamibeachfl.gov\\\/city-hall\\\/mberp\\\/#primaryimage\",\"url\":\"https:\\\/\\\/www.miamibeachfl.gov\\\/wp-content\\\/uploads\\\/2023\\\/07\\\/Beach-2023.jpg\",\"contentUrl\":\"https:\\\/\\\/www.miamibeachfl.gov\\\/wp-content\\\/uploads\\\/2023\\\/07\\\/Beach-2023.jpg\",\"width\":570,\"height\":356},{\"@type\":\"BreadcrumbList\",\"@id\":\"https:\\\/\\\/www.miamibeachfl.gov\\\/city-hall\\\/mberp\\\/#breadcrumb\",\"itemListElement\":[{\"@type\":\"ListItem\",\"position\":1,\"name\":\"Home\",\"item\":\"https:\\\/\\\/www.miamibeachfl.gov\\\/\"},{\"@type\":\"ListItem\",\"position\":2,\"name\":\"City Hall\",\"item\":\"https:\\\/\\\/www.miamibeachfl.gov\\\/city-hall\\\/\"},{\"@type\":\"ListItem\",\"position\":3,\"name\":\"MBERP &#8211; Miami Beach Employee Retirement Plan\"}]},{\"@type\":\"WebSite\",\"@id\":\"https:\\\/\\\/www.miamibeachfl.gov\\\/#website\",\"url\":\"https:\\\/\\\/www.miamibeachfl.gov\\\/\",\"name\":\"City of Miami Beach\",\"description\":\"The official website of the City of Miami Beach. Stay informed, find important information on city services, news, alerts, events, trolley routes, government employment and more.\",\"publisher\":{\"@id\":\"https:\\\/\\\/www.miamibeachfl.gov\\\/#organization\"},\"potentialAction\":[{\"@type\":\"SearchAction\",\"target\":{\"@type\":\"EntryPoint\",\"urlTemplate\":\"https:\\\/\\\/www.miamibeachfl.gov\\\/?s={search_term_string}\"},\"query-input\":{\"@type\":\"PropertyValueSpecification\",\"valueRequired\":true,\"valueName\":\"search_term_string\"}}],\"inLanguage\":\"es\"},{\"@type\":\"Organization\",\"@id\":\"https:\\\/\\\/www.miamibeachfl.gov\\\/#organization\",\"name\":\"City of Miami Beach\",\"url\":\"https:\\\/\\\/www.miamibeachfl.gov\\\/\",\"logo\":{\"@type\":\"ImageObject\",\"inLanguage\":\"es\",\"@id\":\"https:\\\/\\\/www.miamibeachfl.gov\\\/#\\\/schema\\\/logo\\\/image\\\/\",\"url\":\"https:\\\/\\\/www.miamibeachfl.gov\\\/wp-content\\\/uploads\\\/2022\\\/06\\\/miamibeach-logoblue.png\",\"contentUrl\":\"https:\\\/\\\/www.miamibeachfl.gov\\\/wp-content\\\/uploads\\\/2022\\\/06\\\/miamibeach-logoblue.png\",\"width\":1962,\"height\":381,\"caption\":\"City of Miami Beach\"},\"image\":{\"@id\":\"https:\\\/\\\/www.miamibeachfl.gov\\\/#\\\/schema\\\/logo\\\/image\\\/\"},\"sameAs\":[\"https:\\\/\\\/www.facebook.com\\\/cityofmiamibeach\",\"https:\\\/\\\/x.com\\\/Miamibeachnews\",\"https:\\\/\\\/www.instagram.com\\\/miamibeachnews\\\/\"],\"description\":\"The official website of the City of Miami Beach. Stay informed, find important information on city services, news, alerts, events, trolley routes, government employment and more.\",\"telephone\":\"305.604.CITY(2489)\",\"legalName\":\"City of Miami Beach\"}]}<\/script>\n<!-- \/ Yoast SEO Premium plugin. -->","yoast_head_json":{"title":"MBERP - Plan de Jubilaci\u00f3n para Empleados de Miami Beach - Ciudad de Miami Beach","description":"El Plan de Jubilaci\u00f3n de Empleados de Miami Beach gestiona y administra las inversiones de los activos del MBERP en beneficio de los miembros.","robots":{"index":"index","follow":"follow","max-snippet":"max-snippet:-1","max-image-preview":"max-image-preview:large","max-video-preview":"max-video-preview:-1"},"canonical":"https:\/\/www.miamibeachfl.gov\/es\/city-hall\/mberp\/","og_locale":"es_ES","og_type":"article","og_title":"MBERP - Miami Beach Employee Retirement Plan","og_description":"The Miami Beach Employees' Retirement Plan manages and administers the investments of the MBERP assets for the benefit of the members.","og_url":"https:\/\/www.miamibeachfl.gov\/es\/city-hall\/mberp\/","og_site_name":"City of Miami Beach","article_publisher":"https:\/\/www.facebook.com\/cityofmiamibeach","article_modified_time":"2026-05-05T13:38:59+00:00","og_image":[{"width":570,"height":356,"url":"https:\/\/www.miamibeachfl.gov\/wp-content\/uploads\/2023\/07\/Beach-2023.jpg","type":"image\/jpeg"}],"twitter_card":"summary_large_image","twitter_site":"@Miamibeachnews","schema":{"@context":"https:\/\/schema.org","@graph":[{"@type":"WebPage","@id":"https:\/\/www.miamibeachfl.gov\/city-hall\/mberp\/","url":"https:\/\/www.miamibeachfl.gov\/city-hall\/mberp\/","name":"MBERP - Plan de Jubilaci\u00f3n para Empleados de Miami Beach - Ciudad de Miami Beach","isPartOf":{"@id":"https:\/\/www.miamibeachfl.gov\/#website"},"primaryImageOfPage":{"@id":"https:\/\/www.miamibeachfl.gov\/city-hall\/mberp\/#primaryimage"},"image":{"@id":"https:\/\/www.miamibeachfl.gov\/city-hall\/mberp\/#primaryimage"},"thumbnailUrl":"https:\/\/www.miamibeachfl.gov\/wp-content\/uploads\/2023\/07\/Beach-2023.jpg","datePublished":"2017-08-11T00:07:56+00:00","dateModified":"2026-05-05T13:38:59+00:00","description":"El Plan de Jubilaci\u00f3n de Empleados de Miami Beach gestiona y administra las inversiones de los activos del MBERP en beneficio de los miembros.","breadcrumb":{"@id":"https:\/\/www.miamibeachfl.gov\/city-hall\/mberp\/#breadcrumb"},"inLanguage":"es","potentialAction":[{"@type":"ReadAction","target":["https:\/\/www.miamibeachfl.gov\/city-hall\/mberp\/"]}]},{"@type":"ImageObject","inLanguage":"es","@id":"https:\/\/www.miamibeachfl.gov\/city-hall\/mberp\/#primaryimage","url":"https:\/\/www.miamibeachfl.gov\/wp-content\/uploads\/2023\/07\/Beach-2023.jpg","contentUrl":"https:\/\/www.miamibeachfl.gov\/wp-content\/uploads\/2023\/07\/Beach-2023.jpg","width":570,"height":356},{"@type":"BreadcrumbList","@id":"https:\/\/www.miamibeachfl.gov\/city-hall\/mberp\/#breadcrumb","itemListElement":[{"@type":"ListItem","position":1,"name":"Home","item":"https:\/\/www.miamibeachfl.gov\/"},{"@type":"ListItem","position":2,"name":"City Hall","item":"https:\/\/www.miamibeachfl.gov\/city-hall\/"},{"@type":"ListItem","position":3,"name":"MBERP &#8211; Miami Beach Employee Retirement Plan"}]},{"@type":"WebSite","@id":"https:\/\/www.miamibeachfl.gov\/#website","url":"https:\/\/www.miamibeachfl.gov\/","name":"Ciudad de Miami Beach","description":"Sitio web oficial de la Ciudad de Miami Beach. Mant\u00e9ngase informado, encuentre informaci\u00f3n importante sobre servicios municipales, noticias, alertas, eventos, rutas de tranv\u00edas, empleos gubernamentales y m\u00e1s.","publisher":{"@id":"https:\/\/www.miamibeachfl.gov\/#organization"},"potentialAction":[{"@type":"SearchAction","target":{"@type":"EntryPoint","urlTemplate":"https:\/\/www.miamibeachfl.gov\/?s={search_term_string}"},"query-input":{"@type":"PropertyValueSpecification","valueRequired":true,"valueName":"search_term_string"}}],"inLanguage":"es"},{"@type":"Organization","@id":"https:\/\/www.miamibeachfl.gov\/#organization","name":"Ciudad de Miami Beach","url":"https:\/\/www.miamibeachfl.gov\/","logo":{"@type":"ImageObject","inLanguage":"es","@id":"https:\/\/www.miamibeachfl.gov\/#\/schema\/logo\/image\/","url":"https:\/\/www.miamibeachfl.gov\/wp-content\/uploads\/2022\/06\/miamibeach-logoblue.png","contentUrl":"https:\/\/www.miamibeachfl.gov\/wp-content\/uploads\/2022\/06\/miamibeach-logoblue.png","width":1962,"height":381,"caption":"City of Miami Beach"},"image":{"@id":"https:\/\/www.miamibeachfl.gov\/#\/schema\/logo\/image\/"},"sameAs":["https:\/\/www.facebook.com\/cityofmiamibeach","https:\/\/x.com\/Miamibeachnews","https:\/\/www.instagram.com\/miamibeachnews\/"],"description":"Sitio web oficial de la Ciudad de Miami Beach. Mant\u00e9ngase informado, encuentre informaci\u00f3n importante sobre servicios municipales, noticias, alertas, eventos, rutas de tranv\u00edas, empleos gubernamentales y m\u00e1s.","telephone":"305.604.CITY(2489)","legalName":"City of Miami Beach"}]}},"_links":{"self":[{"href":"https:\/\/www.miamibeachfl.gov\/es\/wp-json\/wp\/v2\/pages\/28734","targetHints":{"allow":["GET"]}}],"collection":[{"href":"https:\/\/www.miamibeachfl.gov\/es\/wp-json\/wp\/v2\/pages"}],"about":[{"href":"https:\/\/www.miamibeachfl.gov\/es\/wp-json\/wp\/v2\/types\/page"}],"author":[{"embeddable":true,"href":"https:\/\/www.miamibeachfl.gov\/es\/wp-json\/wp\/v2\/users\/222"}],"replies":[{"embeddable":true,"href":"https:\/\/www.miamibeachfl.gov\/es\/wp-json\/wp\/v2\/comments?post=28734"}],"version-history":[{"count":16,"href":"https:\/\/www.miamibeachfl.gov\/es\/wp-json\/wp\/v2\/pages\/28734\/revisions"}],"predecessor-version":[{"id":400044,"href":"https:\/\/www.miamibeachfl.gov\/es\/wp-json\/wp\/v2\/pages\/28734\/revisions\/400044"}],"up":[{"embeddable":true,"href":"https:\/\/www.miamibeachfl.gov\/es\/wp-json\/wp\/v2\/pages\/28206"}],"wp:featuredmedia":[{"embeddable":true,"href":"https:\/\/www.miamibeachfl.gov\/es\/wp-json\/wp\/v2\/media\/266611"}],"wp:attachment":[{"href":"https:\/\/www.miamibeachfl.gov\/es\/wp-json\/wp\/v2\/media?parent=28734"}],"wp:term":[{"taxonomy":"category","embeddable":true,"href":"https:\/\/www.miamibeachfl.gov\/es\/wp-json\/wp\/v2\/categories?post=28734"},{"taxonomy":"post_tag","embeddable":true,"href":"https:\/\/www.miamibeachfl.gov\/es\/wp-json\/wp\/v2\/tags?post=28734"}],"curies":[{"name":"gracias","href":"https:\/\/api.w.org\/{rel}","templated":true}]}}