{"id":28749,"date":"2017-08-11T00:08:04","date_gmt":"2017-08-11T00:08:04","guid":{"rendered":"http:\/\/www.miamibeachfl.gov\/city-hall\/transportation\/trolley\/customer-rights\/"},"modified":"2025-07-07T10:12:10","modified_gmt":"2025-07-07T14:12:10","slug":"customer-rights","status":"publish","type":"page","link":"https:\/\/www.miamibeachfl.gov\/es\/city-hall\/transportation\/trolley\/customer-rights\/","title":{"rendered":"Derechos del cliente"},"content":{"rendered":"<img decoding=\"async\" src=\"https:\/\/www.miamibeachfl.gov\/wp-content\/uploads\/2022\/07\/hero-small.jpg\" alt=\"ocean drive art deco buildings\" itemprop=\"image\" height=\"211\" width=\"2395\" title=\"h\u00e9roe peque\u00f1o\" onerror=\"this.style.display='none'\" loading='lazy' \/>\n<h1>\n\t\t\tDerechos del cliente\t<\/h1>\n\t<nav id=\"breadcrumbs\" aria-label=\"Pan rallado\"><a href=\"https:\/\/www.miamibeachfl.gov\/es\/\">Hogar<\/a> &gt; <a href=\"https:\/\/www.miamibeachfl.gov\/es\/city-hall\/\">Ayuntamiento<\/a> &gt; <a href=\"https:\/\/www.miamibeachfl.gov\/es\/city-hall\/transportation\/\">Transporte y movilidad<\/a> &gt; <a href=\"https:\/\/www.miamibeachfl.gov\/es\/city-hall\/transportation\/trolley\/\">Tranv\u00eda gratuito de toda la ciudad<\/a> &gt; <strong>Derechos del cliente<\/strong><\/nav>\n\t<p>Los usuarios del transporte p\u00fablico tienen acceso, asientos y trato igualitarios, independientemente de su raza, color, origen nacional o discapacidad. Estos derechos tambi\u00e9n se aplican a la frecuencia del servicio, la antig\u00fcedad y calidad de los veh\u00edculos, y la calidad de las paradas de tranv\u00eda (Circular 4702.1 de la FTA).<\/p>\n<p><strong>1. Accesibilidad<\/strong>:<\/p>\nTodos los carritos son accesibles para personas en silla de ruedas y cumplen con la Ley de Estadounidenses con Discapacidades (ADA). Se ofrece un servicio de alta calidad a todos los pasajeros.<br \/>\n<strong><a href=\"https:\/\/www.miamibeachfl.gov\/es\/ada\/ada-request\/\">Para quejas\/solicitudes de ADA, haga clic aqu\u00ed.<\/a><\/strong>\n<p>Adem\u00e1s, la Ciudad de Miami Beach tiene un Comit\u00e9 de Acceso para Discapacitados (DAC) que revisa, formula y coordina informaci\u00f3n sobre los programas para las personas con discapacidades en la Ciudad. <strong><a href=\"http:\/\/www.miamibeachfl.gov\/es\/city-hall\/property-management\/ada\/disability-access-committee\/\">Para obtener informaci\u00f3n adicional sobre el programa del comit\u00e9 y las reuniones programadas, haga clic aqu\u00ed.<\/a><\/strong>.<\/p>\n<p><strong>2. Aviso de derechos bajo el T\u00edtulo VI<\/strong><\/p>\n<p>La Ciudad de Miami Beach valora la diversidad y agradece las aportaciones de todas las partes interesadas, independientemente de su identidad cultural, origen o nivel de ingresos. Adem\u00e1s, la Ciudad cree que los mejores programas y servicios surgen de una cuidadosa consideraci\u00f3n de las necesidades de todas sus comunidades y de su participaci\u00f3n en el proceso de toma de decisiones sobre transporte. Por lo tanto, la Ciudad no tolera la discriminaci\u00f3n en ninguno de sus programas, servicios o actividades. De conformidad con el T\u00edtulo VI de la Ley de Derechos Civiles de 1964, la Ley de Estadounidenses con Discapacidades de 1990 (ADA), la Secci\u00f3n 504 de la Ley de Rehabilitaci\u00f3n de 1973 (Secci\u00f3n 504), as\u00ed como otras leyes y reglamentos federales y estatales relacionados, incluyendo los reglamentos de la Administraci\u00f3n Federal de Tr\u00e1nsito (FTA) y la Administraci\u00f3n Federal de Carreteras (FHWA), y las directrices del Departamento de Transporte de Florida (FDOT), la Ciudad no excluir\u00e1 de la participaci\u00f3n, negar\u00e1 los beneficios ni discriminar\u00e1 a ninguna persona por motivos de raza, color, origen nacional, sexo, edad, discapacidad, religi\u00f3n, ingresos o situaci\u00f3n familiar.<\/p>\n<p><strong>3. Procedimiento de cumplimiento<\/strong><\/p>\nLa Ciudad ha establecido un procedimiento de quejas y tomar\u00e1 medidas r\u00e1pidas y razonables para investigar y eliminar la discriminaci\u00f3n cuando se detecte. Cualquier persona que considere haber sido objeto de discriminaci\u00f3n por motivos de raza, color, origen nacional, sexo, religi\u00f3n, edad, discapacidad, situaci\u00f3n familiar o situaci\u00f3n econ\u00f3mica en cualquiera de los programas, servicios o actividades de la Ciudad puede presentar una queja ante el Coordinador del T\u00edtulo VI\/No Discriminaci\u00f3n de la Ciudad.<br \/>\n<br \/>\n\nNombre: Marla Alpizar<br \/>\nDirector de Recursos Humanos<br \/>\nDirecci\u00f3n: 1700 Convention Center Drive<br \/>\nTel\u00e9fono: 305.673.7520<br \/>\nCorreo electr\u00f3nico:\u00a0<strong><a href=\"mailto:MarlaAlpizar@miamibeachfl.gov\">MarlaAlpizar@miamibeachfl.gov<\/a><\/strong><br \/>\nTTY: 7-1-1 (Retransmisi\u00f3n de Florida)\n<p>\u00a0<\/p>\nLa queja debe incluir la identidad del denunciante; el fundamento de las alegaciones (es decir, raza, color, origen nacional, sexo, religi\u00f3n, edad, discapacidad, ingresos o situaci\u00f3n familiar); una descripci\u00f3n de la presunta discriminaci\u00f3n; y la fecha en que ocurri\u00f3. De ser posible, la queja debe presentarse por escrito. Si no puede presentarse por escrito, el denunciante debe contactar al Coordinador del T\u00edtulo VI\/No Discriminaci\u00f3n para obtener ayuda. <a href=\"https:\/\/www.miamibeachfl.gov\/wp-content\/uploads\/2017\/12\/Discrimination-Complaint-Form.pdf\"><strong>Haga clic aqu\u00ed para obtener el formulario de queja por discriminaci\u00f3n.<\/strong><\/a>\u00a0 El Coordinador del T\u00edtulo VI\/No Discriminaci\u00f3n responder\u00e1 a la queja dentro de los treinta (30) d\u00edas calendario y tomar\u00e1 las medidas razonables para resolver el asunto. Si la Ciudad no logra resolver satisfactoriamente la queja, la remitir\u00e1, junto con el registro de su resoluci\u00f3n, al Distrito correspondiente del Departamento de Transporte de Florida (FDOT).<br \/>\nSi el reclamante no puede o no desea presentar una queja ante la Ciudad, la queja escrita puede presentarse directamente al Departamento de Transporte de Florida (FDOT):\n<em>Departamento de Transporte de Florida<\/em><br \/>\n<em> Oficina de Igualdad de Oportunidades<\/em><br \/>\n<em> ATENCI\u00d3N: Procesamiento de quejas del T\u00edtulo VI<\/em><br \/>\n<em> 605 Suwannee Street MS 65<\/em><br \/>\n<em> Tallahassee, Florida 32399<\/em>\nSi necesita informaci\u00f3n en otro idioma comun\u00edquese al 305.673.7080.<br \/>\nSi desea informaci\u00f3n en espa\u00f1ol, puede llamar al 305.673.7080.<br \/>\nPou resevwa enf\u00f3masyon sa a an krey\u00f3l silvouple rele 305.673.7080.\n<p><strong>Informaci\u00f3n importante<\/strong><\/p>\n<ul>\n<li><a href=\"http:\/\/www.miamibeachfl.gov\/wp-content\/uploads\/2020\/12\/Title-VI_Nondiscrimination-Policy.pdf\" target=\"_blank\" rel=\"noopener\"><strong>T\u00edtulo VI\/Pol\u00edtica y plan de no discriminaci\u00f3n<\/strong><\/a><\/li>\n<li><strong><a href=\"http:\/\/www.miamibeachfl.gov\/wp-content\/uploads\/2020\/08\/Reso-2017-29718.pdf\" target=\"_blank\" rel=\"noopener\">Resoluci\u00f3n 2017-29718<\/a><\/strong><\/li>\n<\/ul>\n\t\tNavegar a\u2026\t\t\t\n\t\t\t\t\t<ul id=\"menu-transportation-citywide-trolley\"><li id=\"menu-item-363625\"><a href=\"\/es\/city-hall\/transportation\/trolley\/collins-express-2\/\">Collins Express<\/a><\/li>\n<li id=\"menu-item-363626\"><a href=\"\/es\/city-hall\/transportation\/trolley\/trolley-feedback-form\/\">Cont\u00e1ctenos<\/a><\/li>\n<li id=\"menu-item-363627\"><a href=\"\/es\/city-hall\/transportation\/trolley\/customer-rights\/\">Derechos del cliente<\/a><\/li>\n<li id=\"menu-item-363628\"><a href=\"\/es\/city-hall\/transportation\/trolley\/middle-beach-loop\/\">Circuito de Middle Beach<\/a><\/li>\n<li id=\"menu-item-363629\"><a href=\"\/es\/city-hall\/transportation\/trolley\/mount-sinai-link\/\">Enlace del Monte Sina\u00ed<\/a><\/li>\n<li id=\"menu-item-363630\"><a href=\"\/es\/city-hall\/transportation\/trolley\/north-beach-loop\/\">Circuito de North Beach<\/a><\/li>\n<li id=\"menu-item-363631\"><a href=\"\/es\/city-hall\/transportation\/trolley\/south-beach-trolley\/\">Tranv\u00eda de South Beach<\/a><\/li>\n<li id=\"menu-item-363632\"><a href=\"\/es\/city-hall\/transportation\/trolley\/trolleytrackerapps\/\">Aplicaciones de seguimiento de carritos<\/a><\/li>\n<\/ul>\t\n\t<div class=\"page-navigation\"><a class=\"prev-page\" href=\"https:\/\/www.miamibeachfl.gov\/es\/city-hall\/fire-police-pension\/investment-information\/\">\u2190 Informaci\u00f3n de inversi\u00f3n<\/a> <a class=\"next-page\" href=\"https:\/\/www.miamibeachfl.gov\/es\/residents\/neighborhood-affairs-division\/active-projects\/parks\/\">Parques \u2192<\/a><\/div>","protected":false},"excerpt":{"rendered":"<p>Customer Rights Home &gt; City Hall &gt; Transportation &#038; Mobility &gt; Citywide Free Trolley &gt; Customer Rights Customers using public [&hellip;]<\/p>\n","protected":false},"author":222,"featured_media":0,"parent":28744,"menu_order":226,"comment_status":"closed","ping_status":"closed","template":"","meta":{"_searchwp_excluded":"","site-sidebar-layout":"default","site-content-layout":"","ast-site-content-layout":"default","site-content-style":"default","site-sidebar-style":"default","ast-global-header-display":"","ast-banner-title-visibility":"","ast-main-header-display":"","ast-hfb-above-header-display":"","ast-hfb-below-header-display":"","ast-hfb-mobile-header-display":"","site-post-title":"","ast-breadcrumbs-content":"","ast-featured-img":"","footer-sml-layout":"","theme-transparent-header-meta":"","adv-header-id-meta":"","stick-header-meta":"","header-above-stick-meta":"","header-main-stick-meta":"","header-below-stick-meta":"","astra-migrate-meta-layouts":"default","ast-page-background-enabled":"default","ast-page-background-meta":{"desktop":{"background-color":"var(--ast-global-color-5)","background-image":"","background-repeat":"repeat","background-position":"center center","background-size":"auto","background-attachment":"scroll","background-type":"","background-media":"","overlay-type":"","overlay-color":"","overlay-opacity":"","overlay-gradient":""},"tablet":{"background-color":"","background-image":"","background-repeat":"repeat","background-position":"center center","background-size":"auto","background-attachment":"scroll","background-type":"","background-media":"","overlay-type":"","overlay-color":"","overlay-opacity":"","overlay-gradient":""},"mobile":{"background-color":"","background-image":"","background-repeat":"repeat","background-position":"center center","background-size":"auto","background-attachment":"scroll","background-type":"","background-media":"","overlay-type":"","overlay-color":"","overlay-opacity":"","overlay-gradient":""}},"ast-content-background-meta":{"desktop":{"background-color":"var(--ast-global-color-4)","background-image":"","background-repeat":"repeat","background-position":"center center","background-size":"auto","background-attachment":"scroll","background-type":"","background-media":"","overlay-type":"","overlay-color":"","overlay-opacity":"","overlay-gradient":""},"tablet":{"background-color":"var(--ast-global-color-4)","background-image":"","background-repeat":"repeat","background-position":"center center","background-size":"auto","background-attachment":"scroll","background-type":"","background-media":"","overlay-type":"","overlay-color":"","overlay-opacity":"","overlay-gradient":""},"mobile":{"background-color":"var(--ast-global-color-4)","background-image":"","background-repeat":"repeat","background-position":"center center","background-size":"auto","background-attachment":"scroll","background-type":"","background-media":"","overlay-type":"","overlay-color":"","overlay-opacity":"","overlay-gradient":""}},"footnotes":""},"categories":[],"tags":[],"class_list":["post-28749","page","type-page","status-publish","hentry"],"yoast_head":"<!-- This site is optimized with the Yoast SEO Premium plugin v27.4 (Yoast SEO v27.4) - https:\/\/yoast.com\/product\/yoast-seo-premium-wordpress\/ -->\n<title>Customer Rights - City of Miami Beach<\/title>\n<meta name=\"description\" content=\"%\" \/>\n<meta name=\"robots\" content=\"index, follow, max-snippet:-1, max-image-preview:large, max-video-preview:-1\" \/>\n<link rel=\"canonical\" href=\"https:\/\/www.miamibeachfl.gov\/es\/city-hall\/transportation\/trolley\/customer-rights\/\" \/>\n<meta property=\"og:locale\" content=\"es_ES\" \/>\n<meta property=\"og:type\" content=\"article\" \/>\n<meta property=\"og:title\" content=\"Customer Rights\" \/>\n<meta property=\"og:description\" content=\"%\" \/>\n<meta property=\"og:url\" content=\"https:\/\/www.miamibeachfl.gov\/es\/city-hall\/transportation\/trolley\/customer-rights\/\" \/>\n<meta property=\"og:site_name\" content=\"City of Miami Beach\" \/>\n<meta property=\"article:publisher\" content=\"https:\/\/www.facebook.com\/cityofmiamibeach\" \/>\n<meta property=\"article:modified_time\" content=\"2025-07-07T14:12:10+00:00\" \/>\n<meta property=\"og:image\" content=\"https:\/\/www.miamibeachfl.gov\/wp-content\/uploads\/2022\/07\/hero-small.jpg\" \/>\n<meta name=\"twitter:card\" content=\"summary_large_image\" \/>\n<meta name=\"twitter:site\" content=\"@Miamibeachnews\" \/>\n<script type=\"application\/ld+json\" class=\"yoast-schema-graph\">{\"@context\":\"https:\\\/\\\/schema.org\",\"@graph\":[{\"@type\":\"WebPage\",\"@id\":\"https:\\\/\\\/www.miamibeachfl.gov\\\/city-hall\\\/transportation\\\/trolley\\\/customer-rights\\\/\",\"url\":\"https:\\\/\\\/www.miamibeachfl.gov\\\/city-hall\\\/transportation\\\/trolley\\\/customer-rights\\\/\",\"name\":\"Customer Rights - City of Miami Beach\",\"isPartOf\":{\"@id\":\"https:\\\/\\\/www.miamibeachfl.gov\\\/#website\"},\"primaryImageOfPage\":{\"@id\":\"https:\\\/\\\/www.miamibeachfl.gov\\\/city-hall\\\/transportation\\\/trolley\\\/customer-rights\\\/#primaryimage\"},\"image\":{\"@id\":\"https:\\\/\\\/www.miamibeachfl.gov\\\/city-hall\\\/transportation\\\/trolley\\\/customer-rights\\\/#primaryimage\"},\"thumbnailUrl\":\"https:\\\/\\\/www.miamibeachfl.gov\\\/wp-content\\\/uploads\\\/2022\\\/07\\\/hero-small.jpg\",\"datePublished\":\"2017-08-11T00:08:04+00:00\",\"dateModified\":\"2025-07-07T14:12:10+00:00\",\"description\":\"%\",\"breadcrumb\":{\"@id\":\"https:\\\/\\\/www.miamibeachfl.gov\\\/city-hall\\\/transportation\\\/trolley\\\/customer-rights\\\/#breadcrumb\"},\"inLanguage\":\"es\",\"potentialAction\":[{\"@type\":\"ReadAction\",\"target\":[\"https:\\\/\\\/www.miamibeachfl.gov\\\/city-hall\\\/transportation\\\/trolley\\\/customer-rights\\\/\"]}]},{\"@type\":\"ImageObject\",\"inLanguage\":\"es\",\"@id\":\"https:\\\/\\\/www.miamibeachfl.gov\\\/city-hall\\\/transportation\\\/trolley\\\/customer-rights\\\/#primaryimage\",\"url\":\"https:\\\/\\\/www.miamibeachfl.gov\\\/wp-content\\\/uploads\\\/2022\\\/07\\\/hero-small.jpg\",\"contentUrl\":\"https:\\\/\\\/www.miamibeachfl.gov\\\/wp-content\\\/uploads\\\/2022\\\/07\\\/hero-small.jpg\"},{\"@type\":\"BreadcrumbList\",\"@id\":\"https:\\\/\\\/www.miamibeachfl.gov\\\/city-hall\\\/transportation\\\/trolley\\\/customer-rights\\\/#breadcrumb\",\"itemListElement\":[{\"@type\":\"ListItem\",\"position\":1,\"name\":\"Home\",\"item\":\"https:\\\/\\\/www.miamibeachfl.gov\\\/\"},{\"@type\":\"ListItem\",\"position\":2,\"name\":\"City Hall\",\"item\":\"https:\\\/\\\/www.miamibeachfl.gov\\\/city-hall\\\/\"},{\"@type\":\"ListItem\",\"position\":3,\"name\":\"Transportation &#038; Mobility\",\"item\":\"https:\\\/\\\/www.miamibeachfl.gov\\\/city-hall\\\/transportation\\\/\"},{\"@type\":\"ListItem\",\"position\":4,\"name\":\"Citywide Free Trolley\",\"item\":\"https:\\\/\\\/www.miamibeachfl.gov\\\/city-hall\\\/transportation\\\/trolley\\\/\"},{\"@type\":\"ListItem\",\"position\":5,\"name\":\"Customer Rights\"}]},{\"@type\":\"WebSite\",\"@id\":\"https:\\\/\\\/www.miamibeachfl.gov\\\/#website\",\"url\":\"https:\\\/\\\/www.miamibeachfl.gov\\\/\",\"name\":\"City of Miami Beach\",\"description\":\"The official website of the City of Miami Beach. Stay informed, find important information on city services, news, alerts, events, trolley routes, government employment and more.\",\"publisher\":{\"@id\":\"https:\\\/\\\/www.miamibeachfl.gov\\\/#organization\"},\"potentialAction\":[{\"@type\":\"SearchAction\",\"target\":{\"@type\":\"EntryPoint\",\"urlTemplate\":\"https:\\\/\\\/www.miamibeachfl.gov\\\/?s={search_term_string}\"},\"query-input\":{\"@type\":\"PropertyValueSpecification\",\"valueRequired\":true,\"valueName\":\"search_term_string\"}}],\"inLanguage\":\"es\"},{\"@type\":\"Organization\",\"@id\":\"https:\\\/\\\/www.miamibeachfl.gov\\\/#organization\",\"name\":\"City of Miami Beach\",\"url\":\"https:\\\/\\\/www.miamibeachfl.gov\\\/\",\"logo\":{\"@type\":\"ImageObject\",\"inLanguage\":\"es\",\"@id\":\"https:\\\/\\\/www.miamibeachfl.gov\\\/#\\\/schema\\\/logo\\\/image\\\/\",\"url\":\"https:\\\/\\\/www.miamibeachfl.gov\\\/wp-content\\\/uploads\\\/2022\\\/06\\\/miamibeach-logoblue.png\",\"contentUrl\":\"https:\\\/\\\/www.miamibeachfl.gov\\\/wp-content\\\/uploads\\\/2022\\\/06\\\/miamibeach-logoblue.png\",\"width\":1962,\"height\":381,\"caption\":\"City of Miami Beach\"},\"image\":{\"@id\":\"https:\\\/\\\/www.miamibeachfl.gov\\\/#\\\/schema\\\/logo\\\/image\\\/\"},\"sameAs\":[\"https:\\\/\\\/www.facebook.com\\\/cityofmiamibeach\",\"https:\\\/\\\/x.com\\\/Miamibeachnews\",\"https:\\\/\\\/www.instagram.com\\\/miamibeachnews\\\/\"],\"description\":\"The official website of the City of Miami Beach. Stay informed, find important information on city services, news, alerts, events, trolley routes, government employment and more.\",\"telephone\":\"305.604.CITY(2489)\",\"legalName\":\"City of Miami Beach\"}]}<\/script>\n<!-- \/ Yoast SEO Premium plugin. -->","yoast_head_json":{"title":"Derechos del cliente - Ciudad de Miami Beach","description":"%","robots":{"index":"index","follow":"follow","max-snippet":"max-snippet:-1","max-image-preview":"max-image-preview:large","max-video-preview":"max-video-preview:-1"},"canonical":"https:\/\/www.miamibeachfl.gov\/es\/city-hall\/transportation\/trolley\/customer-rights\/","og_locale":"es_ES","og_type":"article","og_title":"Customer Rights","og_description":"%","og_url":"https:\/\/www.miamibeachfl.gov\/es\/city-hall\/transportation\/trolley\/customer-rights\/","og_site_name":"City of Miami Beach","article_publisher":"https:\/\/www.facebook.com\/cityofmiamibeach","article_modified_time":"2025-07-07T14:12:10+00:00","og_image":[{"url":"https:\/\/www.miamibeachfl.gov\/wp-content\/uploads\/2022\/07\/hero-small.jpg","type":"","width":"","height":""}],"twitter_card":"summary_large_image","twitter_site":"@Miamibeachnews","schema":{"@context":"https:\/\/schema.org","@graph":[{"@type":"WebPage","@id":"https:\/\/www.miamibeachfl.gov\/city-hall\/transportation\/trolley\/customer-rights\/","url":"https:\/\/www.miamibeachfl.gov\/city-hall\/transportation\/trolley\/customer-rights\/","name":"Derechos del cliente - Ciudad de Miami Beach","isPartOf":{"@id":"https:\/\/www.miamibeachfl.gov\/#website"},"primaryImageOfPage":{"@id":"https:\/\/www.miamibeachfl.gov\/city-hall\/transportation\/trolley\/customer-rights\/#primaryimage"},"image":{"@id":"https:\/\/www.miamibeachfl.gov\/city-hall\/transportation\/trolley\/customer-rights\/#primaryimage"},"thumbnailUrl":"https:\/\/www.miamibeachfl.gov\/wp-content\/uploads\/2022\/07\/hero-small.jpg","datePublished":"2017-08-11T00:08:04+00:00","dateModified":"2025-07-07T14:12:10+00:00","description":"%","breadcrumb":{"@id":"https:\/\/www.miamibeachfl.gov\/city-hall\/transportation\/trolley\/customer-rights\/#breadcrumb"},"inLanguage":"es","potentialAction":[{"@type":"ReadAction","target":["https:\/\/www.miamibeachfl.gov\/city-hall\/transportation\/trolley\/customer-rights\/"]}]},{"@type":"ImageObject","inLanguage":"es","@id":"https:\/\/www.miamibeachfl.gov\/city-hall\/transportation\/trolley\/customer-rights\/#primaryimage","url":"https:\/\/www.miamibeachfl.gov\/wp-content\/uploads\/2022\/07\/hero-small.jpg","contentUrl":"https:\/\/www.miamibeachfl.gov\/wp-content\/uploads\/2022\/07\/hero-small.jpg"},{"@type":"BreadcrumbList","@id":"https:\/\/www.miamibeachfl.gov\/city-hall\/transportation\/trolley\/customer-rights\/#breadcrumb","itemListElement":[{"@type":"ListItem","position":1,"name":"Home","item":"https:\/\/www.miamibeachfl.gov\/"},{"@type":"ListItem","position":2,"name":"City Hall","item":"https:\/\/www.miamibeachfl.gov\/city-hall\/"},{"@type":"ListItem","position":3,"name":"Transportation &#038; Mobility","item":"https:\/\/www.miamibeachfl.gov\/city-hall\/transportation\/"},{"@type":"ListItem","position":4,"name":"Citywide Free Trolley","item":"https:\/\/www.miamibeachfl.gov\/city-hall\/transportation\/trolley\/"},{"@type":"ListItem","position":5,"name":"Customer Rights"}]},{"@type":"WebSite","@id":"https:\/\/www.miamibeachfl.gov\/#website","url":"https:\/\/www.miamibeachfl.gov\/","name":"Ciudad de Miami Beach","description":"Sitio web oficial de la Ciudad de Miami Beach. Mant\u00e9ngase informado, encuentre informaci\u00f3n importante sobre servicios municipales, noticias, alertas, eventos, rutas de tranv\u00edas, empleos gubernamentales y m\u00e1s.","publisher":{"@id":"https:\/\/www.miamibeachfl.gov\/#organization"},"potentialAction":[{"@type":"SearchAction","target":{"@type":"EntryPoint","urlTemplate":"https:\/\/www.miamibeachfl.gov\/?s={search_term_string}"},"query-input":{"@type":"PropertyValueSpecification","valueRequired":true,"valueName":"search_term_string"}}],"inLanguage":"es"},{"@type":"Organization","@id":"https:\/\/www.miamibeachfl.gov\/#organization","name":"Ciudad de Miami Beach","url":"https:\/\/www.miamibeachfl.gov\/","logo":{"@type":"ImageObject","inLanguage":"es","@id":"https:\/\/www.miamibeachfl.gov\/#\/schema\/logo\/image\/","url":"https:\/\/www.miamibeachfl.gov\/wp-content\/uploads\/2022\/06\/miamibeach-logoblue.png","contentUrl":"https:\/\/www.miamibeachfl.gov\/wp-content\/uploads\/2022\/06\/miamibeach-logoblue.png","width":1962,"height":381,"caption":"City of Miami Beach"},"image":{"@id":"https:\/\/www.miamibeachfl.gov\/#\/schema\/logo\/image\/"},"sameAs":["https:\/\/www.facebook.com\/cityofmiamibeach","https:\/\/x.com\/Miamibeachnews","https:\/\/www.instagram.com\/miamibeachnews\/"],"description":"Sitio web oficial de la Ciudad de Miami Beach. Mant\u00e9ngase informado, encuentre informaci\u00f3n importante sobre servicios municipales, noticias, alertas, eventos, rutas de tranv\u00edas, empleos gubernamentales y m\u00e1s.","telephone":"305.604.CITY(2489)","legalName":"City of Miami Beach"}]}},"_links":{"self":[{"href":"https:\/\/www.miamibeachfl.gov\/es\/wp-json\/wp\/v2\/pages\/28749","targetHints":{"allow":["GET"]}}],"collection":[{"href":"https:\/\/www.miamibeachfl.gov\/es\/wp-json\/wp\/v2\/pages"}],"about":[{"href":"https:\/\/www.miamibeachfl.gov\/es\/wp-json\/wp\/v2\/types\/page"}],"author":[{"embeddable":true,"href":"https:\/\/www.miamibeachfl.gov\/es\/wp-json\/wp\/v2\/users\/222"}],"replies":[{"embeddable":true,"href":"https:\/\/www.miamibeachfl.gov\/es\/wp-json\/wp\/v2\/comments?post=28749"}],"version-history":[{"count":2,"href":"https:\/\/www.miamibeachfl.gov\/es\/wp-json\/wp\/v2\/pages\/28749\/revisions"}],"predecessor-version":[{"id":385996,"href":"https:\/\/www.miamibeachfl.gov\/es\/wp-json\/wp\/v2\/pages\/28749\/revisions\/385996"}],"up":[{"embeddable":true,"href":"https:\/\/www.miamibeachfl.gov\/es\/wp-json\/wp\/v2\/pages\/28744"}],"wp:attachment":[{"href":"https:\/\/www.miamibeachfl.gov\/es\/wp-json\/wp\/v2\/media?parent=28749"}],"wp:term":[{"taxonomy":"category","embeddable":true,"href":"https:\/\/www.miamibeachfl.gov\/es\/wp-json\/wp\/v2\/categories?post=28749"},{"taxonomy":"post_tag","embeddable":true,"href":"https:\/\/www.miamibeachfl.gov\/es\/wp-json\/wp\/v2\/tags?post=28749"}],"curies":[{"name":"gracias","href":"https:\/\/api.w.org\/{rel}","templated":true}]}}