{"id":28864,"date":"2017-08-11T00:09:09","date_gmt":"2017-08-11T00:09:09","guid":{"rendered":"http:\/\/www.miamibeachfl.gov\/city-hall\/planning\/"},"modified":"2025-12-19T09:59:41","modified_gmt":"2025-12-19T14:59:41","slug":"planning","status":"publish","type":"page","link":"https:\/\/www.miamibeachfl.gov\/es\/city-hall\/planning\/","title":{"rendered":"Planificaci\u00f3n y zonificaci\u00f3n"},"content":{"rendered":"<img decoding=\"async\" src=\"https:\/\/www.miamibeachfl.gov\/wp-content\/uploads\/2022\/07\/hero-small.jpg\" alt=\"ocean drive art deco buildings\" itemprop=\"image\" height=\"211\" width=\"2395\" title=\"h\u00e9roe peque\u00f1o\" onerror=\"this.style.display='none'\" loading=\"lazy\" \/>\n<h1>\n\t\t\tplanificaci\u00f3n\t<\/h1>\n\tEl Departamento de Planificaci\u00f3n prepara, administra, actualiza y mantiene los planes de barrio, de toda la ciudad e integrales, el Reglamento de Desarrollo Territorial del C\u00f3digo de la Ciudad, as\u00ed como los datos t\u00e9cnicos de la Ciudad de conformidad con los Estatutos de Florida. El Departamento de Planificaci\u00f3n consta de cuatro secciones: Planificaci\u00f3n, Zonificaci\u00f3n, Planificaci\u00f3n Vecinal y Dise\u00f1o Urbano y Preservaci\u00f3n Hist\u00f3rica.<br \/>\n<a href=\"http:\/\/www.miamibeachfl.gov\/es\/city-hall\/planning\/planning-readmore\/\">Leer m\u00e1s<\/a>\n\t\t\t\t<img decoding=\"async\" src=\"https:\/\/www.miamibeachfl.gov\/wp-content\/uploads\/2017\/11\/thomas-mooney.jpg\" alt=\"thomas-mooney\" itemprop=\"image\" height=\"602\" width=\"600\" title=\"Thomas Mooney\" onerror=\"this.style.display='none'\" loading=\"lazy\" \/>\n<h2>\n\t\t\tThomas Mooney\t<\/h2>\n<h2>\n\t\t\tEnlaces principales\t<\/h2>\n\t\t\t<a href=\"\/es\/city-hall\/planning\/planning-faqs\/\" target=\"_self\">\n\t\t\t\t\t\t\tPreguntas frecuentes sobre planificaci\u00f3n\n\t\t\t\t\t<\/a>\n\t\t\t<a href=\"\/es\/business\/css\/\" target=\"_self\">\n\t\t\t\t\t\t\tAutoservicio ciudadano\n\t\t\t\t\t<\/a>\n\t\t\t<a href=\"\/es\/city-hall\/planning\/general-zoning-information-code-interpretation\/\" target=\"_self\">\n\t\t\t\t\t\t\tINTERPRETACI\u00d3N DE LA ZONIFICACI\u00d3N ADMINISTRATIVA\n\t\t\t\t\t<\/a>\n\t\t\t<a href=\"\/es\/city-hall\/planning\/resiliency-code\/\" target=\"_self\">\n\t\t\t\t\t\t\tREGLAMENTO DE DESARROLLO TERRITORIAL (C\u00d3DIGO DE ZONIFICACI\u00d3N) Y PLAN INTEGRAL 2040\n\t\t\t\t\t<\/a>\n\t\t\t<a href=\"https:\/\/miamibeach.maps.arcgis.com\/apps\/webappviewer\/index.html?id=c891f52b033c474daa928fa815495f91\" target=\"_self\">\n\t\t\t\t\t\t\tVISOR DE PROPIEDADES HIST\u00d3RICAS\n\t\t\t\t\t<\/a>\n\t\t\t<a href=\"\/es\/city-hall\/planning\/land-use-boards\/\" target=\"_self\">\n\t\t\t\t\t\t\tJuntas de Uso del Suelo<br \/> Gu\u00edas de aplicaci\u00f3n<br \/> Calendarios de la junta\n\t\t\t\t\t<\/a>\n\t\t\t<a href=\"\/es\/city-hall\/planning\/maps-and-guidelines\/\" target=\"_self\">\n\t\t\t\t\t\t\tMAPAS Y DIRECTRICES\n\t\t\t\t\t<\/a>\n\t\t\t<a href=\"\/es\/historic-district-permits\/\" target=\"_self\">\n\t\t\t\t\t\t\tPERMISOS EMITIDOS EN DISTRITOS HIST\u00d3RICOS\n\t\t\t\t\t<\/a>\n\t\t\t<a href=\"\/es\/city-hall\/planning\/landscape-requirements\/\" target=\"_self\">\n\t\t\t\t\t\t\tREQUISITOS DE PAISAJISMO\n\t\t\t\t\t<\/a>\n\t\t\t<a href=\"\/es\/conditional-use-approvals\/\" target=\"_self\">\n\t\t\t\t\t\t\tTABLERO DE APROBACIONES DE USO CONDICIONAL\n\t\t\t\t\t<\/a>\n\t\t\t<a href=\"\/es\/city-hall\/planning\/land-development-dashboard\/\" target=\"_self\">\n\t\t\t\t\t\t\tPanel de desarrollo territorial\n\t\t\t\t\t<\/a>\n\t\t\t<a href=\"\/es\/city-hall\/planning\/studies\/\" target=\"_self\">\n\t\t\t\t\t\t\tESTUDIOS E INFORMES DE DESIGNACI\u00d3N\n\t\t\t\t\t<\/a>\n\t\t\t<a href=\"\/es\/city-hall\/planning\/certificate-of-use\/\" target=\"_self\">\n\t\t\t\t\t\t\tOBTENGA UN CERTIFICADO DE USO (CU)\n\t\t\t\t\t<\/a>\n\t\t\t<a href=\"\/es\/city-hall\/planning\/planning-document-checklist\/\" target=\"_self\">\n\t\t\t\t\t\t\tLISTAS DE VERIFICACI\u00d3N Y FORMULARIOS DE DOCUMENTOS DE PLANIFICACI\u00d3N\n\t\t\t\t\t<\/a>\n\t\t\t<a href=\"https:\/\/www.miamibeachfl.gov\/es\/city-hall\/planning\/directory\/\" target=\"_self\">\n\t\t\t\t\t\t\tDIRECTORIO DE CONTACTOS\n\t\t\t\t\t<\/a>\n\t\t\t<a href=\"\/es\/city-hall\/planning\/approved-live-local-act-applications\/\" target=\"_self\">\n\t\t\t\t\t\t\tSolicitudes aprobadas de la Ley de Vida Local\n\t\t\t\t\t<\/a>\n<h2>\n\t\t\tRecursos relacionados\t<\/h2>\n<h2>\n\t\t<a href=\"https:\/\/map.gridics.com\/us\/fl\/miami-beach#12.24\/25.80105\/-80.14071\/0\/45\" title=\"Gridics - C\u00f3digo de Resiliencia de la Ciudad de Miami Beach\"  target=\"_blank\"  rel=\"noopener\">\n\t\t\tGridics \u2013 C\u00f3digo de Resiliencia de la Ciudad de Miami Beach\t\t<\/a>\n\t<\/h2>\n<h2>\n\t\t<a href=\"\/es\/business\/doing-business-with-mb\/business-concierge\/\" title=\"Gu\u00eda de negocios y programa de portadas de tiendas de la ciudad de Miami Beach\"  target=\"_blank\"  rel=\"noopener\">\n\t\t\tGu\u00eda de negocios y programa de portadas de tiendas de la ciudad de Miami Beach\t\t<\/a>\n\t<\/h2>\n<h2>\n\t\t<a href=\"\/wp-content\/uploads\/2024\/02\/Zoning-Ordinance-89-2665.pdf\" title=\"Reglamento de desarrollo territorial anterior (ya no est\u00e1 en vigor)\"  target=\"_blank\"  rel=\"noopener\">\n\t\t\tReglamento de desarrollo territorial anterior (ya no est\u00e1 en vigor)\t\t<\/a>\n\t<\/h2>\n<h2>\n\t\t<a href=\"\/es\/city-hall\/planning\/forms\/\" title=\"Formularios\"  target=\"_self\">\n\t\t\tFormularios\t\t<\/a>\n\t<\/h2>\n<h2>\n\t\t<a href=\"\/wp-content\/uploads\/2020\/02\/AbandonedPropertiesIn2019.pdf\" title=\"Departamento de Construcci\u00f3n: violaci\u00f3n de estructura insegura, derivaciones a la Junta de Estructuras Inseguras del condado de Miami-Dade\"  target=\"_self\">\n\t\t\tDepartamento de Construcci\u00f3n: violaci\u00f3n de estructura insegura, derivaciones a la Junta de Estructuras Inseguras del condado de Miami-Dade\t\t<\/a>\n\t<\/h2>","protected":false},"excerpt":{"rendered":"<p><a href=\"tel:3056737550\" style=\"text-decoration:none; color:#004896;\"><br \/>\n    <i class=\"fa-solid fa-phone\"><\/i> 305.673.7550<\/p>","protected":false},"author":222,"featured_media":243911,"parent":28206,"menu_order":261,"comment_status":"closed","ping_status":"closed","template":"","meta":{"_searchwp_excluded":"","site-sidebar-layout":"default","site-content-layout":"","ast-site-content-layout":"default","site-content-style":"default","site-sidebar-style":"default","ast-global-header-display":"","ast-banner-title-visibility":"","ast-main-header-display":"","ast-hfb-above-header-display":"","ast-hfb-below-header-display":"","ast-hfb-mobile-header-display":"","site-post-title":"","ast-breadcrumbs-content":"","ast-featured-img":"","footer-sml-layout":"","theme-transparent-header-meta":"","adv-header-id-meta":"","stick-header-meta":"","header-above-stick-meta":"","header-main-stick-meta":"","header-below-stick-meta":"","astra-migrate-meta-layouts":"default","ast-page-background-enabled":"default","ast-page-background-meta":{"desktop":{"background-color":"var(--ast-global-color-5)","background-image":"","background-repeat":"repeat","background-position":"center center","background-size":"auto","background-attachment":"scroll","background-type":"","background-media":"","overlay-type":"","overlay-color":"","overlay-opacity":"","overlay-gradient":""},"tablet":{"background-color":"","background-image":"","background-repeat":"repeat","background-position":"center center","background-size":"auto","background-attachment":"scroll","background-type":"","background-media":"","overlay-type":"","overlay-color":"","overlay-opacity":"","overlay-gradient":""},"mobile":{"background-color":"","background-image":"","background-repeat":"repeat","background-position":"center center","background-size":"auto","background-attachment":"scroll","background-type":"","background-media":"","overlay-type":"","overlay-color":"","overlay-opacity":"","overlay-gradient":""}},"ast-content-background-meta":{"desktop":{"background-color":"var(--ast-global-color-4)","background-image":"","background-repeat":"repeat","background-position":"center center","background-size":"auto","background-attachment":"scroll","background-type":"","background-media":"","overlay-type":"","overlay-color":"","overlay-opacity":"","overlay-gradient":""},"tablet":{"background-color":"var(--ast-global-color-4)","background-image":"","background-repeat":"repeat","background-position":"center center","background-size":"auto","background-attachment":"scroll","background-type":"","background-media":"","overlay-type":"","overlay-color":"","overlay-opacity":"","overlay-gradient":""},"mobile":{"background-color":"var(--ast-global-color-4)","background-image":"","background-repeat":"repeat","background-position":"center center","background-size":"auto","background-attachment":"scroll","background-type":"","background-media":"","overlay-type":"","overlay-color":"","overlay-opacity":"","overlay-gradient":""}},"footnotes":""},"categories":[],"tags":[1727,1726,1730,1035],"class_list":["post-28864","page","type-page","status-publish","has-post-thumbnail","hentry","tag-administrative","tag-building-and-permits","tag-city-services","tag-planning-top-visited"],"yoast_head":"<!-- This site is optimized with the Yoast SEO Premium plugin v27.4 (Yoast SEO v27.4) - https:\/\/yoast.com\/product\/yoast-seo-premium-wordpress\/ -->\n<title>Planning &amp; Zoning - City of Miami Beach<\/title>\n<meta name=\"description\" content=\"The City of Miami Beach Planning Department administers planning, zoning, neighborhood planning and urban design and historic preservation.\" \/>\n<meta name=\"robots\" content=\"index, follow, max-snippet:-1, max-image-preview:large, max-video-preview:-1\" \/>\n<link rel=\"canonical\" href=\"https:\/\/www.miamibeachfl.gov\/es\/city-hall\/planning\/\" \/>\n<meta property=\"og:locale\" content=\"es_ES\" \/>\n<meta property=\"og:type\" content=\"article\" \/>\n<meta property=\"og:title\" content=\"Planning &amp; Zoning\" \/>\n<meta property=\"og:description\" content=\"The City of Miami Beach Planning Department administers planning, zoning, neighborhood planning and urban design and historic preservation.\" \/>\n<meta property=\"og:url\" content=\"https:\/\/www.miamibeachfl.gov\/es\/city-hall\/planning\/\" \/>\n<meta property=\"og:site_name\" content=\"City of Miami Beach\" \/>\n<meta property=\"article:publisher\" content=\"https:\/\/www.facebook.com\/cityofmiamibeach\" \/>\n<meta property=\"article:modified_time\" content=\"2025-12-19T14:59:41+00:00\" \/>\n<meta property=\"og:image\" content=\"https:\/\/www.miamibeachfl.gov\/wp-content\/uploads\/2023\/01\/viewingbuildingplan.jpg\" \/>\n\t<meta property=\"og:image:width\" content=\"600\" \/>\n\t<meta property=\"og:image:height\" content=\"300\" \/>\n\t<meta property=\"og:image:type\" content=\"image\/jpeg\" \/>\n<meta name=\"twitter:card\" content=\"summary_large_image\" \/>\n<meta name=\"twitter:site\" content=\"@Miamibeachnews\" \/>\n<script type=\"application\/ld+json\" class=\"yoast-schema-graph\">{\"@context\":\"https:\\\/\\\/schema.org\",\"@graph\":[{\"@type\":\"WebPage\",\"@id\":\"https:\\\/\\\/www.miamibeachfl.gov\\\/city-hall\\\/planning\\\/\",\"url\":\"https:\\\/\\\/www.miamibeachfl.gov\\\/city-hall\\\/planning\\\/\",\"name\":\"Planning & Zoning - City of Miami Beach\",\"isPartOf\":{\"@id\":\"https:\\\/\\\/www.miamibeachfl.gov\\\/#website\"},\"primaryImageOfPage\":{\"@id\":\"https:\\\/\\\/www.miamibeachfl.gov\\\/city-hall\\\/planning\\\/#primaryimage\"},\"image\":{\"@id\":\"https:\\\/\\\/www.miamibeachfl.gov\\\/city-hall\\\/planning\\\/#primaryimage\"},\"thumbnailUrl\":\"https:\\\/\\\/www.miamibeachfl.gov\\\/wp-content\\\/uploads\\\/2023\\\/01\\\/viewingbuildingplan.jpg\",\"datePublished\":\"2017-08-11T00:09:09+00:00\",\"dateModified\":\"2025-12-19T14:59:41+00:00\",\"description\":\"The City of Miami Beach Planning Department administers planning, zoning, neighborhood planning and urban design and historic preservation.\",\"breadcrumb\":{\"@id\":\"https:\\\/\\\/www.miamibeachfl.gov\\\/city-hall\\\/planning\\\/#breadcrumb\"},\"inLanguage\":\"es\",\"potentialAction\":[{\"@type\":\"ReadAction\",\"target\":[\"https:\\\/\\\/www.miamibeachfl.gov\\\/city-hall\\\/planning\\\/\"]}]},{\"@type\":\"ImageObject\",\"inLanguage\":\"es\",\"@id\":\"https:\\\/\\\/www.miamibeachfl.gov\\\/city-hall\\\/planning\\\/#primaryimage\",\"url\":\"https:\\\/\\\/www.miamibeachfl.gov\\\/wp-content\\\/uploads\\\/2023\\\/01\\\/viewingbuildingplan.jpg\",\"contentUrl\":\"https:\\\/\\\/www.miamibeachfl.gov\\\/wp-content\\\/uploads\\\/2023\\\/01\\\/viewingbuildingplan.jpg\",\"width\":600,\"height\":300,\"caption\":\"person viewing a plan\"},{\"@type\":\"BreadcrumbList\",\"@id\":\"https:\\\/\\\/www.miamibeachfl.gov\\\/city-hall\\\/planning\\\/#breadcrumb\",\"itemListElement\":[{\"@type\":\"ListItem\",\"position\":1,\"name\":\"Home\",\"item\":\"https:\\\/\\\/www.miamibeachfl.gov\\\/\"},{\"@type\":\"ListItem\",\"position\":2,\"name\":\"City Hall\",\"item\":\"https:\\\/\\\/www.miamibeachfl.gov\\\/city-hall\\\/\"},{\"@type\":\"ListItem\",\"position\":3,\"name\":\"Planning &#038; Zoning\"}]},{\"@type\":\"WebSite\",\"@id\":\"https:\\\/\\\/www.miamibeachfl.gov\\\/#website\",\"url\":\"https:\\\/\\\/www.miamibeachfl.gov\\\/\",\"name\":\"City of Miami Beach\",\"description\":\"The official website of the City of Miami Beach. Stay informed, find important information on city services, news, alerts, events, trolley routes, government employment and more.\",\"publisher\":{\"@id\":\"https:\\\/\\\/www.miamibeachfl.gov\\\/#organization\"},\"potentialAction\":[{\"@type\":\"SearchAction\",\"target\":{\"@type\":\"EntryPoint\",\"urlTemplate\":\"https:\\\/\\\/www.miamibeachfl.gov\\\/?s={search_term_string}\"},\"query-input\":{\"@type\":\"PropertyValueSpecification\",\"valueRequired\":true,\"valueName\":\"search_term_string\"}}],\"inLanguage\":\"es\"},{\"@type\":\"Organization\",\"@id\":\"https:\\\/\\\/www.miamibeachfl.gov\\\/#organization\",\"name\":\"City of Miami Beach\",\"url\":\"https:\\\/\\\/www.miamibeachfl.gov\\\/\",\"logo\":{\"@type\":\"ImageObject\",\"inLanguage\":\"es\",\"@id\":\"https:\\\/\\\/www.miamibeachfl.gov\\\/#\\\/schema\\\/logo\\\/image\\\/\",\"url\":\"https:\\\/\\\/www.miamibeachfl.gov\\\/wp-content\\\/uploads\\\/2022\\\/06\\\/miamibeach-logoblue.png\",\"contentUrl\":\"https:\\\/\\\/www.miamibeachfl.gov\\\/wp-content\\\/uploads\\\/2022\\\/06\\\/miamibeach-logoblue.png\",\"width\":1962,\"height\":381,\"caption\":\"City of Miami Beach\"},\"image\":{\"@id\":\"https:\\\/\\\/www.miamibeachfl.gov\\\/#\\\/schema\\\/logo\\\/image\\\/\"},\"sameAs\":[\"https:\\\/\\\/www.facebook.com\\\/cityofmiamibeach\",\"https:\\\/\\\/x.com\\\/Miamibeachnews\",\"https:\\\/\\\/www.instagram.com\\\/miamibeachnews\\\/\"],\"description\":\"The official website of the City of Miami Beach. Stay informed, find important information on city services, news, alerts, events, trolley routes, government employment and more.\",\"telephone\":\"305.604.CITY(2489)\",\"legalName\":\"City of Miami Beach\"}]}<\/script>\n<!-- \/ Yoast SEO Premium plugin. -->","yoast_head_json":{"title":"Planificaci\u00f3n y zonificaci\u00f3n - Ciudad de Miami Beach","description":"El Departamento de Planificaci\u00f3n de la Ciudad de Miami Beach administra la planificaci\u00f3n, la zonificaci\u00f3n, la planificaci\u00f3n de vecindarios, el dise\u00f1o urbano y la preservaci\u00f3n hist\u00f3rica.","robots":{"index":"index","follow":"follow","max-snippet":"max-snippet:-1","max-image-preview":"max-image-preview:large","max-video-preview":"max-video-preview:-1"},"canonical":"https:\/\/www.miamibeachfl.gov\/es\/city-hall\/planning\/","og_locale":"es_ES","og_type":"article","og_title":"Planning & Zoning","og_description":"The City of Miami Beach Planning Department administers planning, zoning, neighborhood planning and urban design and historic preservation.","og_url":"https:\/\/www.miamibeachfl.gov\/es\/city-hall\/planning\/","og_site_name":"City of Miami Beach","article_publisher":"https:\/\/www.facebook.com\/cityofmiamibeach","article_modified_time":"2025-12-19T14:59:41+00:00","og_image":[{"width":600,"height":300,"url":"https:\/\/www.miamibeachfl.gov\/wp-content\/uploads\/2023\/01\/viewingbuildingplan.jpg","type":"image\/jpeg"}],"twitter_card":"summary_large_image","twitter_site":"@Miamibeachnews","schema":{"@context":"https:\/\/schema.org","@graph":[{"@type":"WebPage","@id":"https:\/\/www.miamibeachfl.gov\/city-hall\/planning\/","url":"https:\/\/www.miamibeachfl.gov\/city-hall\/planning\/","name":"Planificaci\u00f3n y zonificaci\u00f3n - Ciudad de Miami Beach","isPartOf":{"@id":"https:\/\/www.miamibeachfl.gov\/#website"},"primaryImageOfPage":{"@id":"https:\/\/www.miamibeachfl.gov\/city-hall\/planning\/#primaryimage"},"image":{"@id":"https:\/\/www.miamibeachfl.gov\/city-hall\/planning\/#primaryimage"},"thumbnailUrl":"https:\/\/www.miamibeachfl.gov\/wp-content\/uploads\/2023\/01\/viewingbuildingplan.jpg","datePublished":"2017-08-11T00:09:09+00:00","dateModified":"2025-12-19T14:59:41+00:00","description":"El Departamento de Planificaci\u00f3n de la Ciudad de Miami Beach administra la planificaci\u00f3n, la zonificaci\u00f3n, la planificaci\u00f3n de vecindarios, el dise\u00f1o urbano y la preservaci\u00f3n hist\u00f3rica.","breadcrumb":{"@id":"https:\/\/www.miamibeachfl.gov\/city-hall\/planning\/#breadcrumb"},"inLanguage":"es","potentialAction":[{"@type":"ReadAction","target":["https:\/\/www.miamibeachfl.gov\/city-hall\/planning\/"]}]},{"@type":"ImageObject","inLanguage":"es","@id":"https:\/\/www.miamibeachfl.gov\/city-hall\/planning\/#primaryimage","url":"https:\/\/www.miamibeachfl.gov\/wp-content\/uploads\/2023\/01\/viewingbuildingplan.jpg","contentUrl":"https:\/\/www.miamibeachfl.gov\/wp-content\/uploads\/2023\/01\/viewingbuildingplan.jpg","width":600,"height":300,"caption":"person viewing a plan"},{"@type":"BreadcrumbList","@id":"https:\/\/www.miamibeachfl.gov\/city-hall\/planning\/#breadcrumb","itemListElement":[{"@type":"ListItem","position":1,"name":"Home","item":"https:\/\/www.miamibeachfl.gov\/"},{"@type":"ListItem","position":2,"name":"City Hall","item":"https:\/\/www.miamibeachfl.gov\/city-hall\/"},{"@type":"ListItem","position":3,"name":"Planning &#038; Zoning"}]},{"@type":"WebSite","@id":"https:\/\/www.miamibeachfl.gov\/#website","url":"https:\/\/www.miamibeachfl.gov\/","name":"Ciudad de Miami Beach","description":"Sitio web oficial de la Ciudad de Miami Beach. Mant\u00e9ngase informado, encuentre informaci\u00f3n importante sobre servicios municipales, noticias, alertas, eventos, rutas de tranv\u00edas, empleos gubernamentales y m\u00e1s.","publisher":{"@id":"https:\/\/www.miamibeachfl.gov\/#organization"},"potentialAction":[{"@type":"SearchAction","target":{"@type":"EntryPoint","urlTemplate":"https:\/\/www.miamibeachfl.gov\/?s={search_term_string}"},"query-input":{"@type":"PropertyValueSpecification","valueRequired":true,"valueName":"search_term_string"}}],"inLanguage":"es"},{"@type":"Organization","@id":"https:\/\/www.miamibeachfl.gov\/#organization","name":"Ciudad de Miami Beach","url":"https:\/\/www.miamibeachfl.gov\/","logo":{"@type":"ImageObject","inLanguage":"es","@id":"https:\/\/www.miamibeachfl.gov\/#\/schema\/logo\/image\/","url":"https:\/\/www.miamibeachfl.gov\/wp-content\/uploads\/2022\/06\/miamibeach-logoblue.png","contentUrl":"https:\/\/www.miamibeachfl.gov\/wp-content\/uploads\/2022\/06\/miamibeach-logoblue.png","width":1962,"height":381,"caption":"City of Miami Beach"},"image":{"@id":"https:\/\/www.miamibeachfl.gov\/#\/schema\/logo\/image\/"},"sameAs":["https:\/\/www.facebook.com\/cityofmiamibeach","https:\/\/x.com\/Miamibeachnews","https:\/\/www.instagram.com\/miamibeachnews\/"],"description":"Sitio web oficial de la Ciudad de Miami Beach. Mant\u00e9ngase informado, encuentre informaci\u00f3n importante sobre servicios municipales, noticias, alertas, eventos, rutas de tranv\u00edas, empleos gubernamentales y m\u00e1s.","telephone":"305.604.CITY(2489)","legalName":"City of Miami Beach"}]}},"_links":{"self":[{"href":"https:\/\/www.miamibeachfl.gov\/es\/wp-json\/wp\/v2\/pages\/28864","targetHints":{"allow":["GET"]}}],"collection":[{"href":"https:\/\/www.miamibeachfl.gov\/es\/wp-json\/wp\/v2\/pages"}],"about":[{"href":"https:\/\/www.miamibeachfl.gov\/es\/wp-json\/wp\/v2\/types\/page"}],"author":[{"embeddable":true,"href":"https:\/\/www.miamibeachfl.gov\/es\/wp-json\/wp\/v2\/users\/222"}],"replies":[{"embeddable":true,"href":"https:\/\/www.miamibeachfl.gov\/es\/wp-json\/wp\/v2\/comments?post=28864"}],"version-history":[{"count":11,"href":"https:\/\/www.miamibeachfl.gov\/es\/wp-json\/wp\/v2\/pages\/28864\/revisions"}],"predecessor-version":[{"id":393605,"href":"https:\/\/www.miamibeachfl.gov\/es\/wp-json\/wp\/v2\/pages\/28864\/revisions\/393605"}],"up":[{"embeddable":true,"href":"https:\/\/www.miamibeachfl.gov\/es\/wp-json\/wp\/v2\/pages\/28206"}],"wp:featuredmedia":[{"embeddable":true,"href":"https:\/\/www.miamibeachfl.gov\/es\/wp-json\/wp\/v2\/media\/243911"}],"wp:attachment":[{"href":"https:\/\/www.miamibeachfl.gov\/es\/wp-json\/wp\/v2\/media?parent=28864"}],"wp:term":[{"taxonomy":"category","embeddable":true,"href":"https:\/\/www.miamibeachfl.gov\/es\/wp-json\/wp\/v2\/categories?post=28864"},{"taxonomy":"post_tag","embeddable":true,"href":"https:\/\/www.miamibeachfl.gov\/es\/wp-json\/wp\/v2\/tags?post=28864"}],"curies":[{"name":"gracias","href":"https:\/\/api.w.org\/{rel}","templated":true}]}}