{"id":28880,"date":"2017-08-11T00:09:22","date_gmt":"2017-08-11T00:09:22","guid":{"rendered":"http:\/\/www.miamibeachfl.gov\/city-hall\/planning\/landscape-requirements\/"},"modified":"2026-03-03T10:41:21","modified_gmt":"2026-03-03T15:41:21","slug":"landscape-requirements","status":"publish","type":"page","link":"https:\/\/www.miamibeachfl.gov\/es\/city-hall\/planning\/landscape-requirements\/","title":{"rendered":"Requisitos del paisaje"},"content":{"rendered":"<img decoding=\"async\" src=\"https:\/\/www.miamibeachfl.gov\/wp-content\/uploads\/2022\/07\/hero-small.jpg\" alt=\"ocean drive art deco buildings\" itemprop=\"image\" height=\"211\" width=\"2395\" title=\"h\u00e9roe peque\u00f1o\" onerror=\"this.style.display='none'\" loading=\"lazy\" \/>\n<h1>\n\t\t\tRequisitos del paisaje\t<\/h1>\n\t<nav id=\"breadcrumbs\" aria-label=\"Pan rallado\"><a href=\"https:\/\/www.miamibeachfl.gov\/es\/\">Hogar<\/a> &gt; <a href=\"https:\/\/www.miamibeachfl.gov\/es\/city-hall\/\">Ayuntamiento<\/a> &gt; <a href=\"https:\/\/www.miamibeachfl.gov\/es\/city-hall\/planning\/\">Planificaci\u00f3n y zonificaci\u00f3n<\/a> &gt; <strong>Requisitos del paisaje<\/strong><\/nav>\n\t<strong>ORDENANZA DE PAISAJISMO DE LA CIUDAD DE MIAMI BEACH (NUEVA CONSTRUCCI\u00d3N)<\/strong><br \/>\nEl 19 de octubre de 2016, la Ciudad de Miami Beach (CMB) adopt\u00f3 una nueva Ordenanza de Paisajismo, titulada Requisitos de Paisajismo. El objetivo de estas regulaciones es establecer est\u00e1ndares m\u00ednimos de paisajismo para la Ciudad de Miami Beach que mejoren y mantengan la calidad del paisaje. Estas regulaciones tambi\u00e9n buscan prevenir la destrucci\u00f3n de la cubierta arb\u00f3rea existente en la ciudad y mejorar la est\u00e9tica de los nuevos desarrollos.<br \/>\nLos siguientes son enlaces \u00fatiles y referencias \u00fatiles:\n<p><strong>Ordenanzas de la ciudad de Miami Beach<\/strong>:<\/p>\n<ul>\n<li><a href=\"https:\/\/codehub.gridics.com\/us\/fl\/miami-beach#\/3cdae951-9439-43bf-915e-a7f42b5082fd\" target=\"_blank\" rel=\"noopener\">Cap\u00edtulo 4 \u2013 REQUISITOS DEL PAISAJISMO<\/a><\/li>\n<li><a href=\"https:\/\/library.municode.com\/fl\/miami_beach\/codes\/code_of_ordinances?nodeId=SPAGEOR_CH46EN\">Cap\u00edtulo 46- MEDIO AMBIENTE<\/a><\/li>\n<li><a href=\"https:\/\/library.municode.com\/fl\/miami_beach\/codes\/code_of_ordinances?nodeId=SPAGEOR_CH46EN_ARTIICAMATRPL_DIV2TRPRPR_S46-65CIMIBETRPRTRFU\">FONDO FIDUCIARIO DE \u00c1RBOLES<\/a><\/li>\n<\/ul>\n<p><strong>Formularios<\/strong>:<\/p>\n<ul>\n<li><a href=\"https:\/\/www.miamibeachfl.gov\/wp-content\/uploads\/2025\/08\/Landscape-Legend_2025.pdf\">Leyenda del paisaje<\/a><\/li>\n<li><a href=\"http:\/\/www.miamibeachfl.gov\/wp-content\/uploads\/2017\/08\/CMB-Professional-Preparers-Statement-of-Landscape-Compliance-4-14-2017.pdf\">Declaraci\u00f3n del preparador profesional sobre cumplimiento del paisaje<\/a><\/li>\n<li><a href=\"http:\/\/www.miamibeachfl.gov\/wp-content\/uploads\/2017\/08\/CMB-Professional-Preparers-Certification-At-Time-Of-Final-Inspection-4-14-2017.pdf\">Certificaci\u00f3n del Preparador Profesional al momento de la Inspecci\u00f3n Final<\/a><\/li>\n<\/ul>\n<p><strong>Enlaces y referencias<\/strong>:<\/p>\n<ul>\n<li><a href=\"http:\/\/www.miamidade.gov\/zoning\/code-landscape.asp\">Manual de paisajismo del condado de Miami-Dade<\/a><\/li>\n<li><a href=\"https:\/\/www.fpl.com\/reliability\/trees\/tree-location.html\">FPL- Planta el \u00e1rbol correcto en el lugar correcto<\/a><\/li>\n<li>Normas ANSI A300 para el cuidado de \u00e1rboles (Consulte con un arborista certificado)<\/li>\n<li><a href=\"http:\/\/www.miamidade.gov\/environment\/prohibited-plants.asp\">Lista de especies prohibidas y controladas<\/a><\/li>\n<li><a href=\"https:\/\/newfleppc.bugwoodcloud.org\/index.cfm\">Lista del Consejo de Control de Plagas Ex\u00f3ticas de Florida<\/a><\/li>\n<li><a href=\"https:\/\/www.aslaflorida.org\/\">Sociedad Estadounidense de Arquitectos Paisajistas - Cap\u00edtulo de Florida<\/a><\/li>\n<li><a href=\"http:\/\/www.myfloridalicense.com\/dbpr\/pro\/larch\/index.html\">Verificaci\u00f3n de la licencia de arquitecto paisajista registrado (DBPR)<\/a><\/li>\n<li><a href=\"http:\/\/www.isa-arbor.com\/findanarborist\/arboristsearch.aspx\">Directorio de arboristas certificados por la ISA<\/a><\/li>\n<\/ul>\n<p><strong>Informaci\u00f3n de contacto de departamentos aliados de la ciudad y agencias externas<\/strong>:<\/p>\n<ul>\n<li><a href=\"\/es\/city-hall\/environmental-sustainability\/urban-forestry\/\">Departamento de Medio Ambiente y Sostenibilidad de la CMB - Divisi\u00f3n de Silvicultura Urbana (Permisos para la Silvicultura y Fondo Fiduciario para la Silvicultura)<\/a><\/li>\n<li><a href=\"\/es\/city-hall\/public-works\/green-space-management-division\/\">Departamento de Obras P\u00fablicas de CMB - Divisi\u00f3n de Gesti\u00f3n de Espacios Verdes (Permisos de Derecho de Paso)<\/a><\/li>\n<li><a href=\"http:\/\/www.miamidade.gov\/publicworks\/\">Departamento de Obras P\u00fablicas del Condado de Miami-Dade (Proyectos colindantes con las carreteras del condado)<\/a><\/li>\n<li><a href=\"http:\/\/www.fdotmiamidade.com\/\">Departamento de Transporte de Florida (FDOT) - Distrito Seis (Proyectos colindantes con carreteras estatales)<\/a><\/li>\n<\/ul>\n\t\tNavegar a\u2026\t\t\t\n\t\t\t\t\t<ul id=\"menu-planning-main-menu\"><li id=\"menu-item-393598\"><a href=\"\/es\/city-hall\/planning\/approved-live-local-act-applications\/\">Solicitudes aprobadas de la Ley de Vida Local<\/a><\/li>\n<li id=\"menu-item-363958\"><a href=\"\/es\/city-hall\/planning\/general-zoning-information-code-interpretation\/\">Interpretaci\u00f3n de la zonificaci\u00f3n general y administrativa<\/a><\/li>\n<li id=\"menu-item-365954\"><a href=\"\/es\/city-hall\/planning\/certificate-of-use\/\">Obtenga un Certificado de Uso (CU)<\/a><\/li>\n<li id=\"menu-item-363959\"><a href=\"\/es\/city-hall\/planning\/land-development-dashboard\/\">Panel de desarrollo territorial<\/a><\/li>\n<li id=\"menu-item-363960\"><a href=\"\/es\/city-hall\/planning\/land-use-boards\/\">Juntas de Uso del Suelo<\/a><\/li>\n<li id=\"menu-item-363961\"><a href=\"\/es\/city-hall\/planning\/landscape-requirements\/\">Requisitos del paisaje<\/a><\/li>\n<li id=\"menu-item-363962\"><a href=\"\/es\/city-hall\/planning\/planning-document-checklist\/\">Documentos de planificaci\u00f3n, listas de verificaci\u00f3n y formularios<\/a><\/li>\n<li id=\"menu-item-363963\"><a href=\"\/es\/city-hall\/planning\/planning-faqs\/\">Preguntas frecuentes sobre planificaci\u00f3n<\/a><\/li>\n<li id=\"menu-item-363964\"><a href=\"\/es\/city-hall\/planning\/maps-and-guidelines\/\">Mapas y directrices de planificaci\u00f3n<\/a><\/li>\n<li id=\"menu-item-363965\"><a href=\"\/es\/city-hall\/planning\/resiliency-code\/\">C\u00f3digo de Resiliencia \/ Plan Integral<\/a><\/li>\n<li id=\"menu-item-363966\"><a href=\"\/es\/city-hall\/planning\/studies\/\">Estudios e informes de designaci\u00f3n<\/a><\/li>\n<\/ul>\t\n\t<div class=\"page-navigation\"><a class=\"prev-page\" href=\"https:\/\/www.miamibeachfl.gov\/es\/city-hall\/planning\/general-zoning-information-code-interpretation\/\">\u2190 Interpretaci\u00f3n de la zonificaci\u00f3n general y administrativa<\/a> <a class=\"next-page\" href=\"https:\/\/www.miamibeachfl.gov\/es\/city-hall\/planning\/maps-and-guidelines\/\">Mapas y directrices de planificaci\u00f3n \u2192<\/a><\/div>","protected":false},"excerpt":{"rendered":"<p>Requisitos de paisajismo Inicio &gt; Ayuntamiento &gt; Planificaci\u00f3n y zonificaci\u00f3n &gt; Requisitos de paisajismo ORDENANZA DE PAISAJISMO DE LA CIUDAD DE MIAMI BEACH (NUEVA [\u2026]<\/p>","protected":false},"author":222,"featured_media":0,"parent":28864,"menu_order":122,"comment_status":"closed","ping_status":"closed","template":"","meta":{"_searchwp_excluded":"","site-sidebar-layout":"default","site-content-layout":"","ast-site-content-layout":"default","site-content-style":"default","site-sidebar-style":"default","ast-global-header-display":"","ast-banner-title-visibility":"","ast-main-header-display":"","ast-hfb-above-header-display":"","ast-hfb-below-header-display":"","ast-hfb-mobile-header-display":"","site-post-title":"","ast-breadcrumbs-content":"","ast-featured-img":"","footer-sml-layout":"","theme-transparent-header-meta":"","adv-header-id-meta":"","stick-header-meta":"","header-above-stick-meta":"","header-main-stick-meta":"","header-below-stick-meta":"","astra-migrate-meta-layouts":"default","ast-page-background-enabled":"default","ast-page-background-meta":{"desktop":{"background-color":"var(--ast-global-color-5)","background-image":"","background-repeat":"repeat","background-position":"center center","background-size":"auto","background-attachment":"scroll","background-type":"","background-media":"","overlay-type":"","overlay-color":"","overlay-opacity":"","overlay-gradient":""},"tablet":{"background-color":"","background-image":"","background-repeat":"repeat","background-position":"center center","background-size":"auto","background-attachment":"scroll","background-type":"","background-media":"","overlay-type":"","overlay-color":"","overlay-opacity":"","overlay-gradient":""},"mobile":{"background-color":"","background-image":"","background-repeat":"repeat","background-position":"center center","background-size":"auto","background-attachment":"scroll","background-type":"","background-media":"","overlay-type":"","overlay-color":"","overlay-opacity":"","overlay-gradient":""}},"ast-content-background-meta":{"desktop":{"background-color":"var(--ast-global-color-4)","background-image":"","background-repeat":"repeat","background-position":"center center","background-size":"auto","background-attachment":"scroll","background-type":"","background-media":"","overlay-type":"","overlay-color":"","overlay-opacity":"","overlay-gradient":""},"tablet":{"background-color":"var(--ast-global-color-4)","background-image":"","background-repeat":"repeat","background-position":"center center","background-size":"auto","background-attachment":"scroll","background-type":"","background-media":"","overlay-type":"","overlay-color":"","overlay-opacity":"","overlay-gradient":""},"mobile":{"background-color":"var(--ast-global-color-4)","background-image":"","background-repeat":"repeat","background-position":"center center","background-size":"auto","background-attachment":"scroll","background-type":"","background-media":"","overlay-type":"","overlay-color":"","overlay-opacity":"","overlay-gradient":""}},"footnotes":""},"categories":[],"tags":[1028],"class_list":["post-28880","page","type-page","status-publish","hentry","tag-permitting-planning"],"yoast_head":"<!-- This site is optimized with the Yoast SEO Premium plugin v26.6 (Yoast SEO v26.6) - https:\/\/yoast.com\/wordpress\/plugins\/seo\/ -->\n<title>Landscape Requirements - City of Miami Beach<\/title>\n<meta name=\"description\" content=\"%\" \/>\n<meta name=\"robots\" content=\"index, follow, max-snippet:-1, max-image-preview:large, max-video-preview:-1\" \/>\n<link rel=\"canonical\" href=\"https:\/\/www.miamibeachfl.gov\/es\/city-hall\/planning\/landscape-requirements\/\" \/>\n<meta property=\"og:locale\" content=\"es_ES\" \/>\n<meta property=\"og:type\" content=\"article\" \/>\n<meta property=\"og:title\" content=\"Landscape Requirements\" \/>\n<meta property=\"og:description\" content=\"%\" \/>\n<meta property=\"og:url\" content=\"https:\/\/www.miamibeachfl.gov\/es\/city-hall\/planning\/landscape-requirements\/\" \/>\n<meta property=\"og:site_name\" content=\"City of Miami Beach\" \/>\n<meta property=\"article:publisher\" content=\"https:\/\/www.facebook.com\/cityofmiamibeach\" \/>\n<meta property=\"article:modified_time\" content=\"2026-03-03T15:41:21+00:00\" \/>\n<meta property=\"og:image\" content=\"https:\/\/www.miamibeachfl.gov\/wp-content\/uploads\/2022\/07\/hero-small.jpg\" \/>\n<meta name=\"twitter:card\" content=\"summary_large_image\" \/>\n<meta name=\"twitter:site\" content=\"@Miamibeachnews\" \/>\n<script type=\"application\/ld+json\" class=\"yoast-schema-graph\">{\"@context\":\"https:\/\/schema.org\",\"@graph\":[{\"@type\":\"WebPage\",\"@id\":\"https:\/\/www.miamibeachfl.gov\/city-hall\/planning\/landscape-requirements\/\",\"url\":\"https:\/\/www.miamibeachfl.gov\/city-hall\/planning\/landscape-requirements\/\",\"name\":\"Landscape Requirements - City of Miami Beach\",\"isPartOf\":{\"@id\":\"https:\/\/www.miamibeachfl.gov\/#website\"},\"primaryImageOfPage\":{\"@id\":\"https:\/\/www.miamibeachfl.gov\/city-hall\/planning\/landscape-requirements\/#primaryimage\"},\"image\":{\"@id\":\"https:\/\/www.miamibeachfl.gov\/city-hall\/planning\/landscape-requirements\/#primaryimage\"},\"thumbnailUrl\":\"https:\/\/www.miamibeachfl.gov\/wp-content\/uploads\/2022\/07\/hero-small.jpg\",\"datePublished\":\"2017-08-11T00:09:22+00:00\",\"dateModified\":\"2026-03-03T15:41:21+00:00\",\"description\":\"%\",\"breadcrumb\":{\"@id\":\"https:\/\/www.miamibeachfl.gov\/city-hall\/planning\/landscape-requirements\/#breadcrumb\"},\"inLanguage\":\"es\",\"potentialAction\":[{\"@type\":\"ReadAction\",\"target\":[\"https:\/\/www.miamibeachfl.gov\/city-hall\/planning\/landscape-requirements\/\"]}]},{\"@type\":\"ImageObject\",\"inLanguage\":\"es\",\"@id\":\"https:\/\/www.miamibeachfl.gov\/city-hall\/planning\/landscape-requirements\/#primaryimage\",\"url\":\"https:\/\/www.miamibeachfl.gov\/wp-content\/uploads\/2022\/07\/hero-small.jpg\",\"contentUrl\":\"https:\/\/www.miamibeachfl.gov\/wp-content\/uploads\/2022\/07\/hero-small.jpg\"},{\"@type\":\"BreadcrumbList\",\"@id\":\"https:\/\/www.miamibeachfl.gov\/city-hall\/planning\/landscape-requirements\/#breadcrumb\",\"itemListElement\":[{\"@type\":\"ListItem\",\"position\":1,\"name\":\"Home\",\"item\":\"https:\/\/www.miamibeachfl.gov\/\"},{\"@type\":\"ListItem\",\"position\":2,\"name\":\"City Hall\",\"item\":\"https:\/\/www.miamibeachfl.gov\/city-hall\/\"},{\"@type\":\"ListItem\",\"position\":3,\"name\":\"Planning &#038; Zoning\",\"item\":\"https:\/\/www.miamibeachfl.gov\/city-hall\/planning\/\"},{\"@type\":\"ListItem\",\"position\":4,\"name\":\"Landscape Requirements\"}]},{\"@type\":\"WebSite\",\"@id\":\"https:\/\/www.miamibeachfl.gov\/#website\",\"url\":\"https:\/\/www.miamibeachfl.gov\/\",\"name\":\"City of Miami Beach\",\"description\":\"The official website of the City of Miami Beach. Stay informed, find important information on city services, news, alerts, events, trolley routes, government employment and more.\",\"publisher\":{\"@id\":\"https:\/\/www.miamibeachfl.gov\/#organization\"},\"potentialAction\":[{\"@type\":\"SearchAction\",\"target\":{\"@type\":\"EntryPoint\",\"urlTemplate\":\"https:\/\/www.miamibeachfl.gov\/?s={search_term_string}\"},\"query-input\":{\"@type\":\"PropertyValueSpecification\",\"valueRequired\":true,\"valueName\":\"search_term_string\"}}],\"inLanguage\":\"es\"},{\"@type\":\"Organization\",\"@id\":\"https:\/\/www.miamibeachfl.gov\/#organization\",\"name\":\"City of Miami Beach\",\"url\":\"https:\/\/www.miamibeachfl.gov\/\",\"logo\":{\"@type\":\"ImageObject\",\"inLanguage\":\"es\",\"@id\":\"https:\/\/www.miamibeachfl.gov\/#\/schema\/logo\/image\/\",\"url\":\"https:\/\/www.miamibeachfl.gov\/wp-content\/uploads\/2022\/06\/miamibeach-logoblue.png\",\"contentUrl\":\"https:\/\/www.miamibeachfl.gov\/wp-content\/uploads\/2022\/06\/miamibeach-logoblue.png\",\"width\":1962,\"height\":381,\"caption\":\"City of Miami Beach\"},\"image\":{\"@id\":\"https:\/\/www.miamibeachfl.gov\/#\/schema\/logo\/image\/\"},\"sameAs\":[\"https:\/\/www.facebook.com\/cityofmiamibeach\",\"https:\/\/x.com\/Miamibeachnews\",\"https:\/\/www.instagram.com\/miamibeachnews\/\"],\"description\":\"The official website of the City of Miami Beach. Stay informed, find important information on city services, news, alerts, events, trolley routes, government employment and more.\",\"telephone\":\"305.604.CITY(2489)\",\"legalName\":\"City of Miami Beach\"}]}<\/script>\n<!-- \/ Yoast SEO Premium plugin. -->","yoast_head_json":{"title":"Requisitos de paisajismo - Ciudad de Miami Beach","description":"%","robots":{"index":"index","follow":"follow","max-snippet":"max-snippet:-1","max-image-preview":"max-image-preview:large","max-video-preview":"max-video-preview:-1"},"canonical":"https:\/\/www.miamibeachfl.gov\/es\/city-hall\/planning\/landscape-requirements\/","og_locale":"es_ES","og_type":"article","og_title":"Landscape Requirements","og_description":"%","og_url":"https:\/\/www.miamibeachfl.gov\/es\/city-hall\/planning\/landscape-requirements\/","og_site_name":"City of Miami Beach","article_publisher":"https:\/\/www.facebook.com\/cityofmiamibeach","article_modified_time":"2026-03-03T15:41:21+00:00","og_image":[{"url":"https:\/\/www.miamibeachfl.gov\/wp-content\/uploads\/2022\/07\/hero-small.jpg","type":"","width":"","height":""}],"twitter_card":"summary_large_image","twitter_site":"@Miamibeachnews","schema":{"@context":"https:\/\/schema.org","@graph":[{"@type":"WebPage","@id":"https:\/\/www.miamibeachfl.gov\/city-hall\/planning\/landscape-requirements\/","url":"https:\/\/www.miamibeachfl.gov\/city-hall\/planning\/landscape-requirements\/","name":"Requisitos de paisajismo - Ciudad de Miami Beach","isPartOf":{"@id":"https:\/\/www.miamibeachfl.gov\/#website"},"primaryImageOfPage":{"@id":"https:\/\/www.miamibeachfl.gov\/city-hall\/planning\/landscape-requirements\/#primaryimage"},"image":{"@id":"https:\/\/www.miamibeachfl.gov\/city-hall\/planning\/landscape-requirements\/#primaryimage"},"thumbnailUrl":"https:\/\/www.miamibeachfl.gov\/wp-content\/uploads\/2022\/07\/hero-small.jpg","datePublished":"2017-08-11T00:09:22+00:00","dateModified":"2026-03-03T15:41:21+00:00","description":"%","breadcrumb":{"@id":"https:\/\/www.miamibeachfl.gov\/city-hall\/planning\/landscape-requirements\/#breadcrumb"},"inLanguage":"es","potentialAction":[{"@type":"ReadAction","target":["https:\/\/www.miamibeachfl.gov\/city-hall\/planning\/landscape-requirements\/"]}]},{"@type":"ImageObject","inLanguage":"es","@id":"https:\/\/www.miamibeachfl.gov\/city-hall\/planning\/landscape-requirements\/#primaryimage","url":"https:\/\/www.miamibeachfl.gov\/wp-content\/uploads\/2022\/07\/hero-small.jpg","contentUrl":"https:\/\/www.miamibeachfl.gov\/wp-content\/uploads\/2022\/07\/hero-small.jpg"},{"@type":"BreadcrumbList","@id":"https:\/\/www.miamibeachfl.gov\/city-hall\/planning\/landscape-requirements\/#breadcrumb","itemListElement":[{"@type":"ListItem","position":1,"name":"Home","item":"https:\/\/www.miamibeachfl.gov\/"},{"@type":"ListItem","position":2,"name":"City Hall","item":"https:\/\/www.miamibeachfl.gov\/city-hall\/"},{"@type":"ListItem","position":3,"name":"Planning &#038; Zoning","item":"https:\/\/www.miamibeachfl.gov\/city-hall\/planning\/"},{"@type":"ListItem","position":4,"name":"Landscape Requirements"}]},{"@type":"WebSite","@id":"https:\/\/www.miamibeachfl.gov\/#website","url":"https:\/\/www.miamibeachfl.gov\/","name":"Ciudad de Miami Beach","description":"Sitio web oficial de la Ciudad de Miami Beach. Mant\u00e9ngase informado, encuentre informaci\u00f3n importante sobre servicios municipales, noticias, alertas, eventos, rutas de tranv\u00edas, empleos gubernamentales y m\u00e1s.","publisher":{"@id":"https:\/\/www.miamibeachfl.gov\/#organization"},"potentialAction":[{"@type":"SearchAction","target":{"@type":"EntryPoint","urlTemplate":"https:\/\/www.miamibeachfl.gov\/?s={search_term_string}"},"query-input":{"@type":"PropertyValueSpecification","valueRequired":true,"valueName":"search_term_string"}}],"inLanguage":"es"},{"@type":"Organization","@id":"https:\/\/www.miamibeachfl.gov\/#organization","name":"Ciudad de Miami Beach","url":"https:\/\/www.miamibeachfl.gov\/","logo":{"@type":"ImageObject","inLanguage":"es","@id":"https:\/\/www.miamibeachfl.gov\/#\/schema\/logo\/image\/","url":"https:\/\/www.miamibeachfl.gov\/wp-content\/uploads\/2022\/06\/miamibeach-logoblue.png","contentUrl":"https:\/\/www.miamibeachfl.gov\/wp-content\/uploads\/2022\/06\/miamibeach-logoblue.png","width":1962,"height":381,"caption":"City of Miami Beach"},"image":{"@id":"https:\/\/www.miamibeachfl.gov\/#\/schema\/logo\/image\/"},"sameAs":["https:\/\/www.facebook.com\/cityofmiamibeach","https:\/\/x.com\/Miamibeachnews","https:\/\/www.instagram.com\/miamibeachnews\/"],"description":"Sitio web oficial de la Ciudad de Miami Beach. Mant\u00e9ngase informado, encuentre informaci\u00f3n importante sobre servicios municipales, noticias, alertas, eventos, rutas de tranv\u00edas, empleos gubernamentales y m\u00e1s.","telephone":"305.604.CITY(2489)","legalName":"City of Miami Beach"}]}},"_links":{"self":[{"href":"https:\/\/www.miamibeachfl.gov\/es\/wp-json\/wp\/v2\/pages\/28880","targetHints":{"allow":["GET"]}}],"collection":[{"href":"https:\/\/www.miamibeachfl.gov\/es\/wp-json\/wp\/v2\/pages"}],"about":[{"href":"https:\/\/www.miamibeachfl.gov\/es\/wp-json\/wp\/v2\/types\/page"}],"author":[{"embeddable":true,"href":"https:\/\/www.miamibeachfl.gov\/es\/wp-json\/wp\/v2\/users\/222"}],"replies":[{"embeddable":true,"href":"https:\/\/www.miamibeachfl.gov\/es\/wp-json\/wp\/v2\/comments?post=28880"}],"version-history":[{"count":0,"href":"https:\/\/www.miamibeachfl.gov\/es\/wp-json\/wp\/v2\/pages\/28880\/revisions"}],"up":[{"embeddable":true,"href":"https:\/\/www.miamibeachfl.gov\/es\/wp-json\/wp\/v2\/pages\/28864"}],"wp:attachment":[{"href":"https:\/\/www.miamibeachfl.gov\/es\/wp-json\/wp\/v2\/media?parent=28880"}],"wp:term":[{"taxonomy":"category","embeddable":true,"href":"https:\/\/www.miamibeachfl.gov\/es\/wp-json\/wp\/v2\/categories?post=28880"},{"taxonomy":"post_tag","embeddable":true,"href":"https:\/\/www.miamibeachfl.gov\/es\/wp-json\/wp\/v2\/tags?post=28880"}],"curies":[{"name":"gracias","href":"https:\/\/api.w.org\/{rel}","templated":true}]}}