{"id":28936,"date":"2017-08-11T00:10:04","date_gmt":"2017-08-11T00:10:04","guid":{"rendered":"http:\/\/www.miamibeachfl.gov\/city-hall\/public-works\/sanitation-division\/chemical-waste-disposal\/"},"modified":"2026-03-03T09:57:31","modified_gmt":"2026-03-03T14:57:31","slug":"chemical-waste-disposal","status":"publish","type":"page","link":"https:\/\/www.miamibeachfl.gov\/es\/city-hall\/public-works\/sanitation-division\/chemical-waste-disposal\/","title":{"rendered":"Eliminaci\u00f3n de residuos qu\u00edmicos"},"content":{"rendered":"<img decoding=\"async\" src=\"https:\/\/www.miamibeachfl.gov\/wp-content\/uploads\/2022\/07\/hero-small.jpg\" alt=\"ocean drive art deco buildings\" itemprop=\"image\" height=\"211\" width=\"2395\" title=\"h\u00e9roe peque\u00f1o\" onerror=\"this.style.display='none'\" loading=\"lazy\" \/>\n<h1>\n\t\t\tEliminaci\u00f3n de residuos qu\u00edmicos\t<\/h1>\n\t<nav id=\"breadcrumbs\" aria-label=\"Pan rallado\"><a href=\"https:\/\/www.miamibeachfl.gov\/es\/\">Hogar<\/a> &gt; <a href=\"https:\/\/www.miamibeachfl.gov\/es\/city-hall\/\">Ayuntamiento<\/a> &gt; <a href=\"https:\/\/www.miamibeachfl.gov\/es\/city-hall\/public-works\/\">Obras p\u00fablicas<\/a> &gt; <a href=\"https:\/\/www.miamibeachfl.gov\/es\/city-hall\/public-works\/sanitation-division\/\">Divisi\u00f3n de Saneamiento<\/a> &gt; <strong>Eliminaci\u00f3n de residuos qu\u00edmicos<\/strong><\/nav>\n\t<p><b>SANEAMIENTO \u2013 RESIDUOS PELIGROSOS<\/b><\/p>\n<p>Los residentes pueden desechar adecuadamente estos art\u00edculos en el centro de recolecci\u00f3n bianual de residuos dom\u00e9sticos peligrosos de la ciudad o en una de las instalaciones del Condado de Miami-Dade que se indican a continuaci\u00f3n. Los eventos de recolecci\u00f3n de residuos peligrosos se realizan de 8:00 a. m. a 3:00 p. m. en el estacionamiento al aire libre de la calle 40 y la avenida Chase. <strong><a href=\"https:\/\/www.mbrisingabove.com\/your-home\/recycling-waste\/recycling\/hhw\/\">Para los pr\u00f3ximos eventos programados, haga clic aqu\u00ed.<\/a><\/strong><\/p>\n<p>No deseche los siguientes desechos dom\u00e9sticos peligrosos en la basura, en el alcantarillado o en el suelo:<\/p>\n<table>\n<tbody>\n<tr>\n<td>\n<table>\n<caption>Art\u00edculos no desechables<\/caption>\n<tbody>\n<tr>\n<td><b>Automotor<\/b><\/td>\n<td>\u00a0<b>C\u00e9sped y jard\u00edn<\/b><\/td>\n<\/tr>\n<tr>\n<td>\u00a0Bater\u00edas de autom\u00f3vil<\/td>\n<td>\u00a0repelente de insectos<\/td>\n<\/tr>\n<tr>\n<td>\u00a0Limpiador de carburador<\/td>\n<td>\u00a0L\u00edquido para encender carb\u00f3n<\/td>\n<\/tr>\n<tr>\n<td>\u00a0Desengrasante<\/td>\n<td>\u00a0Fertilizante con herbicida<\/td>\n<\/tr>\n<tr>\n<td>\u00a0Combustibles<\/td>\n<td>\u00a0Insecticida<\/td>\n<\/tr>\n<tr>\n<td>\u00a0Gasolina<\/td>\n<td>\u00a0Productos qu\u00edmicos para piscinas<\/td>\n<\/tr>\n<tr>\n<td>\u00a0Filtros de aceite<\/td>\n<td>\u00a0Mata cucarachas y hormigas<\/td>\n<\/tr>\n<tr>\n<td>\u00a0Anticongelante usado<\/td>\n<td>\u00a0Cebo para roedores<\/td>\n<\/tr>\n<tr>\n<td>\u00a0Aceite de motor usado<\/td>\n<td>\u00a0Herbicida<\/td>\n<\/tr>\n<\/tbody>\n<\/table>\n<\/td>\n<\/tr>\n<tr>\n<td>\n<table>\n<caption>Art\u00edculos no desechables<\/caption>\n<tbody>\n<tr>\n<td><b>Art\u00edculos para el hogar<\/b><\/td>\n<td>\u00a0<b>Mejoras en el hogar<\/b><\/td>\n<\/tr>\n<tr>\n<td>\u00a0Productos en aerosol*<\/td>\n<td>\u00a0Limpiadores de hormig\u00f3n<\/td>\n<\/tr>\n<tr>\n<td>\u00a0Pilas de bot\u00f3n<\/td>\n<td>\u00a0Sellador de entrada de veh\u00edculos<\/td>\n<\/tr>\n<tr>\n<td>\u00a0Pilas (recargables)<\/td>\n<td>\u00a0Decapante de muebles<\/td>\n<\/tr>\n<tr>\n<td>\u00a0Limpiadores de desag\u00fces<\/td>\n<td>\u00a0Pegamento con disolventes<\/td>\n<\/tr>\n<tr>\n<td>\u00a0Luces fluorescentes<\/td>\n<td>\u00a0Pintura de l\u00e1tex**<\/td>\n<\/tr>\n<tr>\n<td>\u00a0Bolas de naftalina<\/td>\n<td>\u00a0Pintura a base de aceite<\/td>\n<\/tr>\n<tr>\n<td>\u00a0Esmalte de u\u00f1as\/Quitaesmalte<\/td>\n<td>\u00a0Removedor de pintura<\/td>\n<\/tr>\n<tr>\n<td>\u00a0Limpiador de hornos<\/td>\n<td>\u00a0Diluyente de pintura<\/td>\n<\/tr>\n<tr>\n<td>\u00a0Pulir con disolventes<\/td>\n<td>\u00a0Alquitr\u00e1n para techos<\/td>\n<\/tr>\n<tr>\n<td>\u00a0Quitamanchas<\/td>\n<td>\u00a0Tinte\/Barniz<\/td>\n<\/tr>\n<tr>\n<td>\u00a0Term\u00f3metros (de mercurio)<\/td>\n<td>\u00a0Conservantes de madera<\/td>\n<\/tr>\n<\/tbody>\n<\/table>\n<\/td>\n<\/tr>\n<\/tbody>\n<\/table>\n<p>&nbsp;<\/p>\n* Los aerosoles vac\u00edos se pueden desechar en la basura.<br \/>\n**Cuando sea posible, seque la pintura de l\u00e1tex inutilizable y des\u00e9chela en la basura.\n<p>El Condado cuenta con (2) Centros Permanentes de Recolecci\u00f3n de Sustancias Qu\u00edmicas Domiciliarias:<\/p>\n\u2022 West Dade 8831 NW 58 Street<br \/>\n\u2022 South Dade 23707 SW 97 Avenue Puerta B\n<p>El horario de atenci\u00f3n es de 9 a. m. a 5 p. m. de mi\u00e9rcoles a domingo y el n\u00famero de contacto del condado de Miami-Dade es 305.594.1500.\u00a0 <a href=\"https:\/\/www.miamidade.gov\/global\/service.page?Mduid_service=ser1464798615648535\">Haga clic aqu\u00ed para visitar el sitio web de recolecci\u00f3n de sustancias qu\u00edmicas de Miami-Dade<\/a><\/p>\n\t\tNavegar a\u2026\t\t\t\n\t\t\t\t\t<ul id=\"menu-public-works-sanitation\"><li id=\"menu-item-364244\"><a href=\"\/es\/city-hall\/public-works\/sanitation-division\/chemical-waste-disposal\/\">Eliminaci\u00f3n de residuos qu\u00edmicos<\/a><\/li>\n<li id=\"menu-item-364245\"><a href=\"\/es\/city-hall\/public-works\/sanitation-division\/commercial-waste-haulers\/\">Transportistas de residuos comerciales<\/a><\/li>\n<li id=\"menu-item-364246\"><a href=\"\/es\/city-hall\/public-works\/sanitation-division\/bulk-disposal\/\">Recogida y entrega de residuos voluminosos en Miami Beach<\/a><\/li>\n<li id=\"menu-item-364247\"><a href=\"\/es\/city-hall\/public-works\/sanitation-division\/recycling-info\/\">Informaci\u00f3n sobre reciclaje<\/a><\/li>\n<li id=\"menu-item-364248\"><a href=\"\/es\/city-hall\/public-works\/sanitation-division\/residential-garbage\/\">Basura residencial<\/a><\/li>\n<li id=\"menu-item-364249\"><a href=\"\/es\/city-hall\/public-works\/sanitation-division\/street-cleaning\/\">Programas de limpieza de calles en Flamingo Park y North Beach<\/a><\/li>\n<\/ul>\t\n\t<div class=\"page-navigation\"><a class=\"prev-page\" href=\"https:\/\/www.miamibeachfl.gov\/es\/city-hall\/public-works\/sanitation-division\/commercial-waste-haulers\/\">\u2190 Transportistas de residuos comerciales<\/a> <a class=\"next-page\" href=\"https:\/\/www.miamibeachfl.gov\/es\/city-hall\/public-works\/sanitation-division\/recycling-info\/\">Informaci\u00f3n sobre reciclaje \u2192<\/a><\/div>","protected":false},"excerpt":{"rendered":"<p>Eliminaci\u00f3n de Residuos Qu\u00edmicos Inicio &gt; Ayuntamiento &gt; Obras P\u00fablicas &gt; Divisi\u00f3n de Saneamiento &gt; Eliminaci\u00f3n de Residuos Qu\u00edmicos SANEAMIENTO \u2013 PELIGROSOS [\u2026]<\/p>","protected":false},"author":222,"featured_media":0,"parent":28932,"menu_order":0,"comment_status":"closed","ping_status":"closed","template":"","meta":{"_searchwp_excluded":"","site-sidebar-layout":"default","site-content-layout":"","ast-site-content-layout":"default","site-content-style":"default","site-sidebar-style":"default","ast-global-header-display":"","ast-banner-title-visibility":"","ast-main-header-display":"","ast-hfb-above-header-display":"","ast-hfb-below-header-display":"","ast-hfb-mobile-header-display":"","site-post-title":"","ast-breadcrumbs-content":"","ast-featured-img":"","footer-sml-layout":"","theme-transparent-header-meta":"","adv-header-id-meta":"","stick-header-meta":"","header-above-stick-meta":"","header-main-stick-meta":"","header-below-stick-meta":"","astra-migrate-meta-layouts":"default","ast-page-background-enabled":"default","ast-page-background-meta":{"desktop":{"background-color":"var(--ast-global-color-5)","background-image":"","background-repeat":"repeat","background-position":"center center","background-size":"auto","background-attachment":"scroll","background-type":"","background-media":"","overlay-type":"","overlay-color":"","overlay-opacity":"","overlay-gradient":""},"tablet":{"background-color":"","background-image":"","background-repeat":"repeat","background-position":"center center","background-size":"auto","background-attachment":"scroll","background-type":"","background-media":"","overlay-type":"","overlay-color":"","overlay-opacity":"","overlay-gradient":""},"mobile":{"background-color":"","background-image":"","background-repeat":"repeat","background-position":"center center","background-size":"auto","background-attachment":"scroll","background-type":"","background-media":"","overlay-type":"","overlay-color":"","overlay-opacity":"","overlay-gradient":""}},"ast-content-background-meta":{"desktop":{"background-color":"var(--ast-global-color-4)","background-image":"","background-repeat":"repeat","background-position":"center center","background-size":"auto","background-attachment":"scroll","background-type":"","background-media":"","overlay-type":"","overlay-color":"","overlay-opacity":"","overlay-gradient":""},"tablet":{"background-color":"var(--ast-global-color-4)","background-image":"","background-repeat":"repeat","background-position":"center center","background-size":"auto","background-attachment":"scroll","background-type":"","background-media":"","overlay-type":"","overlay-color":"","overlay-opacity":"","overlay-gradient":""},"mobile":{"background-color":"var(--ast-global-color-4)","background-image":"","background-repeat":"repeat","background-position":"center center","background-size":"auto","background-attachment":"scroll","background-type":"","background-media":"","overlay-type":"","overlay-color":"","overlay-opacity":"","overlay-gradient":""}},"footnotes":""},"categories":[],"tags":[],"class_list":["post-28936","page","type-page","status-publish","hentry"],"yoast_head":"<!-- This site is optimized with the Yoast SEO Premium plugin v26.6 (Yoast SEO v26.6) - https:\/\/yoast.com\/wordpress\/plugins\/seo\/ -->\n<title>Chemical Waste Disposal - City of Miami Beach<\/title>\n<meta name=\"description\" content=\"%\" \/>\n<meta name=\"robots\" content=\"index, follow, max-snippet:-1, max-image-preview:large, max-video-preview:-1\" \/>\n<link rel=\"canonical\" href=\"https:\/\/www.miamibeachfl.gov\/es\/city-hall\/public-works\/sanitation-division\/chemical-waste-disposal\/\" \/>\n<meta property=\"og:locale\" content=\"es_ES\" \/>\n<meta property=\"og:type\" content=\"article\" \/>\n<meta property=\"og:title\" content=\"Chemical Waste Disposal\" \/>\n<meta property=\"og:description\" content=\"%\" \/>\n<meta property=\"og:url\" content=\"https:\/\/www.miamibeachfl.gov\/es\/city-hall\/public-works\/sanitation-division\/chemical-waste-disposal\/\" \/>\n<meta property=\"og:site_name\" content=\"City of Miami Beach\" \/>\n<meta property=\"article:publisher\" content=\"https:\/\/www.facebook.com\/cityofmiamibeach\" \/>\n<meta property=\"article:modified_time\" content=\"2026-03-03T14:57:31+00:00\" \/>\n<meta property=\"og:image\" content=\"https:\/\/www.miamibeachfl.gov\/wp-content\/uploads\/2022\/07\/hero-small.jpg\" \/>\n<meta name=\"twitter:card\" content=\"summary_large_image\" \/>\n<meta name=\"twitter:site\" content=\"@Miamibeachnews\" \/>\n<script type=\"application\/ld+json\" class=\"yoast-schema-graph\">{\"@context\":\"https:\/\/schema.org\",\"@graph\":[{\"@type\":\"WebPage\",\"@id\":\"https:\/\/www.miamibeachfl.gov\/city-hall\/public-works\/sanitation-division\/chemical-waste-disposal\/\",\"url\":\"https:\/\/www.miamibeachfl.gov\/city-hall\/public-works\/sanitation-division\/chemical-waste-disposal\/\",\"name\":\"Chemical Waste Disposal - City of Miami Beach\",\"isPartOf\":{\"@id\":\"https:\/\/www.miamibeachfl.gov\/#website\"},\"primaryImageOfPage\":{\"@id\":\"https:\/\/www.miamibeachfl.gov\/city-hall\/public-works\/sanitation-division\/chemical-waste-disposal\/#primaryimage\"},\"image\":{\"@id\":\"https:\/\/www.miamibeachfl.gov\/city-hall\/public-works\/sanitation-division\/chemical-waste-disposal\/#primaryimage\"},\"thumbnailUrl\":\"https:\/\/www.miamibeachfl.gov\/wp-content\/uploads\/2022\/07\/hero-small.jpg\",\"datePublished\":\"2017-08-11T00:10:04+00:00\",\"dateModified\":\"2026-03-03T14:57:31+00:00\",\"description\":\"%\",\"breadcrumb\":{\"@id\":\"https:\/\/www.miamibeachfl.gov\/city-hall\/public-works\/sanitation-division\/chemical-waste-disposal\/#breadcrumb\"},\"inLanguage\":\"es\",\"potentialAction\":[{\"@type\":\"ReadAction\",\"target\":[\"https:\/\/www.miamibeachfl.gov\/city-hall\/public-works\/sanitation-division\/chemical-waste-disposal\/\"]}]},{\"@type\":\"ImageObject\",\"inLanguage\":\"es\",\"@id\":\"https:\/\/www.miamibeachfl.gov\/city-hall\/public-works\/sanitation-division\/chemical-waste-disposal\/#primaryimage\",\"url\":\"https:\/\/www.miamibeachfl.gov\/wp-content\/uploads\/2022\/07\/hero-small.jpg\",\"contentUrl\":\"https:\/\/www.miamibeachfl.gov\/wp-content\/uploads\/2022\/07\/hero-small.jpg\"},{\"@type\":\"BreadcrumbList\",\"@id\":\"https:\/\/www.miamibeachfl.gov\/city-hall\/public-works\/sanitation-division\/chemical-waste-disposal\/#breadcrumb\",\"itemListElement\":[{\"@type\":\"ListItem\",\"position\":1,\"name\":\"Home\",\"item\":\"https:\/\/www.miamibeachfl.gov\/\"},{\"@type\":\"ListItem\",\"position\":2,\"name\":\"City Hall\",\"item\":\"https:\/\/www.miamibeachfl.gov\/city-hall\/\"},{\"@type\":\"ListItem\",\"position\":3,\"name\":\"Public Works\",\"item\":\"https:\/\/www.miamibeachfl.gov\/city-hall\/public-works\/\"},{\"@type\":\"ListItem\",\"position\":4,\"name\":\"Sanitation Division\",\"item\":\"https:\/\/www.miamibeachfl.gov\/city-hall\/public-works\/sanitation-division\/\"},{\"@type\":\"ListItem\",\"position\":5,\"name\":\"Chemical Waste Disposal\"}]},{\"@type\":\"WebSite\",\"@id\":\"https:\/\/www.miamibeachfl.gov\/#website\",\"url\":\"https:\/\/www.miamibeachfl.gov\/\",\"name\":\"City of Miami Beach\",\"description\":\"The official website of the City of Miami Beach. Stay informed, find important information on city services, news, alerts, events, trolley routes, government employment and more.\",\"publisher\":{\"@id\":\"https:\/\/www.miamibeachfl.gov\/#organization\"},\"potentialAction\":[{\"@type\":\"SearchAction\",\"target\":{\"@type\":\"EntryPoint\",\"urlTemplate\":\"https:\/\/www.miamibeachfl.gov\/?s={search_term_string}\"},\"query-input\":{\"@type\":\"PropertyValueSpecification\",\"valueRequired\":true,\"valueName\":\"search_term_string\"}}],\"inLanguage\":\"es\"},{\"@type\":\"Organization\",\"@id\":\"https:\/\/www.miamibeachfl.gov\/#organization\",\"name\":\"City of Miami Beach\",\"url\":\"https:\/\/www.miamibeachfl.gov\/\",\"logo\":{\"@type\":\"ImageObject\",\"inLanguage\":\"es\",\"@id\":\"https:\/\/www.miamibeachfl.gov\/#\/schema\/logo\/image\/\",\"url\":\"https:\/\/www.miamibeachfl.gov\/wp-content\/uploads\/2022\/06\/miamibeach-logoblue.png\",\"contentUrl\":\"https:\/\/www.miamibeachfl.gov\/wp-content\/uploads\/2022\/06\/miamibeach-logoblue.png\",\"width\":1962,\"height\":381,\"caption\":\"City of Miami Beach\"},\"image\":{\"@id\":\"https:\/\/www.miamibeachfl.gov\/#\/schema\/logo\/image\/\"},\"sameAs\":[\"https:\/\/www.facebook.com\/cityofmiamibeach\",\"https:\/\/x.com\/Miamibeachnews\",\"https:\/\/www.instagram.com\/miamibeachnews\/\"],\"description\":\"The official website of the City of Miami Beach. Stay informed, find important information on city services, news, alerts, events, trolley routes, government employment and more.\",\"telephone\":\"305.604.CITY(2489)\",\"legalName\":\"City of Miami Beach\"}]}<\/script>\n<!-- \/ Yoast SEO Premium plugin. -->","yoast_head_json":{"title":"Eliminaci\u00f3n de desechos qu\u00edmicos - Ciudad de Miami Beach","description":"%","robots":{"index":"index","follow":"follow","max-snippet":"max-snippet:-1","max-image-preview":"max-image-preview:large","max-video-preview":"max-video-preview:-1"},"canonical":"https:\/\/www.miamibeachfl.gov\/es\/city-hall\/public-works\/sanitation-division\/chemical-waste-disposal\/","og_locale":"es_ES","og_type":"article","og_title":"Chemical Waste Disposal","og_description":"%","og_url":"https:\/\/www.miamibeachfl.gov\/es\/city-hall\/public-works\/sanitation-division\/chemical-waste-disposal\/","og_site_name":"City of Miami Beach","article_publisher":"https:\/\/www.facebook.com\/cityofmiamibeach","article_modified_time":"2026-03-03T14:57:31+00:00","og_image":[{"url":"https:\/\/www.miamibeachfl.gov\/wp-content\/uploads\/2022\/07\/hero-small.jpg","type":"","width":"","height":""}],"twitter_card":"summary_large_image","twitter_site":"@Miamibeachnews","schema":{"@context":"https:\/\/schema.org","@graph":[{"@type":"WebPage","@id":"https:\/\/www.miamibeachfl.gov\/city-hall\/public-works\/sanitation-division\/chemical-waste-disposal\/","url":"https:\/\/www.miamibeachfl.gov\/city-hall\/public-works\/sanitation-division\/chemical-waste-disposal\/","name":"Eliminaci\u00f3n de desechos qu\u00edmicos - Ciudad de Miami Beach","isPartOf":{"@id":"https:\/\/www.miamibeachfl.gov\/#website"},"primaryImageOfPage":{"@id":"https:\/\/www.miamibeachfl.gov\/city-hall\/public-works\/sanitation-division\/chemical-waste-disposal\/#primaryimage"},"image":{"@id":"https:\/\/www.miamibeachfl.gov\/city-hall\/public-works\/sanitation-division\/chemical-waste-disposal\/#primaryimage"},"thumbnailUrl":"https:\/\/www.miamibeachfl.gov\/wp-content\/uploads\/2022\/07\/hero-small.jpg","datePublished":"2017-08-11T00:10:04+00:00","dateModified":"2026-03-03T14:57:31+00:00","description":"%","breadcrumb":{"@id":"https:\/\/www.miamibeachfl.gov\/city-hall\/public-works\/sanitation-division\/chemical-waste-disposal\/#breadcrumb"},"inLanguage":"es","potentialAction":[{"@type":"ReadAction","target":["https:\/\/www.miamibeachfl.gov\/city-hall\/public-works\/sanitation-division\/chemical-waste-disposal\/"]}]},{"@type":"ImageObject","inLanguage":"es","@id":"https:\/\/www.miamibeachfl.gov\/city-hall\/public-works\/sanitation-division\/chemical-waste-disposal\/#primaryimage","url":"https:\/\/www.miamibeachfl.gov\/wp-content\/uploads\/2022\/07\/hero-small.jpg","contentUrl":"https:\/\/www.miamibeachfl.gov\/wp-content\/uploads\/2022\/07\/hero-small.jpg"},{"@type":"BreadcrumbList","@id":"https:\/\/www.miamibeachfl.gov\/city-hall\/public-works\/sanitation-division\/chemical-waste-disposal\/#breadcrumb","itemListElement":[{"@type":"ListItem","position":1,"name":"Home","item":"https:\/\/www.miamibeachfl.gov\/"},{"@type":"ListItem","position":2,"name":"City Hall","item":"https:\/\/www.miamibeachfl.gov\/city-hall\/"},{"@type":"ListItem","position":3,"name":"Public Works","item":"https:\/\/www.miamibeachfl.gov\/city-hall\/public-works\/"},{"@type":"ListItem","position":4,"name":"Sanitation Division","item":"https:\/\/www.miamibeachfl.gov\/city-hall\/public-works\/sanitation-division\/"},{"@type":"ListItem","position":5,"name":"Chemical Waste Disposal"}]},{"@type":"WebSite","@id":"https:\/\/www.miamibeachfl.gov\/#website","url":"https:\/\/www.miamibeachfl.gov\/","name":"Ciudad de Miami Beach","description":"Sitio web oficial de la Ciudad de Miami Beach. Mant\u00e9ngase informado, encuentre informaci\u00f3n importante sobre servicios municipales, noticias, alertas, eventos, rutas de tranv\u00edas, empleos gubernamentales y m\u00e1s.","publisher":{"@id":"https:\/\/www.miamibeachfl.gov\/#organization"},"potentialAction":[{"@type":"SearchAction","target":{"@type":"EntryPoint","urlTemplate":"https:\/\/www.miamibeachfl.gov\/?s={search_term_string}"},"query-input":{"@type":"PropertyValueSpecification","valueRequired":true,"valueName":"search_term_string"}}],"inLanguage":"es"},{"@type":"Organization","@id":"https:\/\/www.miamibeachfl.gov\/#organization","name":"Ciudad de Miami Beach","url":"https:\/\/www.miamibeachfl.gov\/","logo":{"@type":"ImageObject","inLanguage":"es","@id":"https:\/\/www.miamibeachfl.gov\/#\/schema\/logo\/image\/","url":"https:\/\/www.miamibeachfl.gov\/wp-content\/uploads\/2022\/06\/miamibeach-logoblue.png","contentUrl":"https:\/\/www.miamibeachfl.gov\/wp-content\/uploads\/2022\/06\/miamibeach-logoblue.png","width":1962,"height":381,"caption":"City of Miami Beach"},"image":{"@id":"https:\/\/www.miamibeachfl.gov\/#\/schema\/logo\/image\/"},"sameAs":["https:\/\/www.facebook.com\/cityofmiamibeach","https:\/\/x.com\/Miamibeachnews","https:\/\/www.instagram.com\/miamibeachnews\/"],"description":"Sitio web oficial de la Ciudad de Miami Beach. Mant\u00e9ngase informado, encuentre informaci\u00f3n importante sobre servicios municipales, noticias, alertas, eventos, rutas de tranv\u00edas, empleos gubernamentales y m\u00e1s.","telephone":"305.604.CITY(2489)","legalName":"City of Miami Beach"}]}},"_links":{"self":[{"href":"https:\/\/www.miamibeachfl.gov\/es\/wp-json\/wp\/v2\/pages\/28936","targetHints":{"allow":["GET"]}}],"collection":[{"href":"https:\/\/www.miamibeachfl.gov\/es\/wp-json\/wp\/v2\/pages"}],"about":[{"href":"https:\/\/www.miamibeachfl.gov\/es\/wp-json\/wp\/v2\/types\/page"}],"author":[{"embeddable":true,"href":"https:\/\/www.miamibeachfl.gov\/es\/wp-json\/wp\/v2\/users\/222"}],"replies":[{"embeddable":true,"href":"https:\/\/www.miamibeachfl.gov\/es\/wp-json\/wp\/v2\/comments?post=28936"}],"version-history":[{"count":0,"href":"https:\/\/www.miamibeachfl.gov\/es\/wp-json\/wp\/v2\/pages\/28936\/revisions"}],"up":[{"embeddable":true,"href":"https:\/\/www.miamibeachfl.gov\/es\/wp-json\/wp\/v2\/pages\/28932"}],"wp:attachment":[{"href":"https:\/\/www.miamibeachfl.gov\/es\/wp-json\/wp\/v2\/media?parent=28936"}],"wp:term":[{"taxonomy":"category","embeddable":true,"href":"https:\/\/www.miamibeachfl.gov\/es\/wp-json\/wp\/v2\/categories?post=28936"},{"taxonomy":"post_tag","embeddable":true,"href":"https:\/\/www.miamibeachfl.gov\/es\/wp-json\/wp\/v2\/tags?post=28936"}],"curies":[{"name":"gracias","href":"https:\/\/api.w.org\/{rel}","templated":true}]}}