{"id":28944,"date":"2017-08-11T00:10:11","date_gmt":"2017-08-11T00:10:11","guid":{"rendered":"http:\/\/www.miamibeachfl.gov\/city-hall\/public-works\/elevator-division\/regulations-requirements\/"},"modified":"2026-03-03T10:27:07","modified_gmt":"2026-03-03T15:27:07","slug":"regulations-requirements","status":"publish","type":"page","link":"https:\/\/www.miamibeachfl.gov\/es\/city-hall\/public-works\/elevator-division\/regulations-requirements\/","title":{"rendered":"Reglamentos y requisitos"},"content":{"rendered":"<img decoding=\"async\" src=\"https:\/\/www.miamibeachfl.gov\/wp-content\/uploads\/2022\/07\/hero-small.jpg\" alt=\"ocean drive art deco buildings\" itemprop=\"image\" height=\"211\" width=\"2395\" title=\"h\u00e9roe peque\u00f1o\" onerror=\"this.style.display='none'\" loading=\"lazy\" \/>\n<h1>\n\t\t\tReglamentos y requisitos\t<\/h1>\n\t<nav id=\"breadcrumbs\" aria-label=\"Pan rallado\"><a href=\"https:\/\/www.miamibeachfl.gov\/es\/\">Hogar<\/a> &gt; <a href=\"https:\/\/www.miamibeachfl.gov\/es\/city-hall\/\">Ayuntamiento<\/a> &gt; <a href=\"https:\/\/www.miamibeachfl.gov\/es\/city-hall\/public-works\/\">Obras p\u00fablicas<\/a> &gt; <a href=\"https:\/\/www.miamibeachfl.gov\/es\/city-hall\/public-works\/elevator-division\/\">Divisi\u00f3n de Ascensores<\/a> &gt; <strong>Reglamentos y requisitos<\/strong><\/nav>\n\t<h2><strong>Normativas y requisitos del ascensor:<\/strong><\/h2>\n<ul>\n<li>Seg\u00fan el C\u00f3digo de Construcci\u00f3n de Florida y los Estatutos del Estado de Florida, mediante la revisi\u00f3n de todos los planos de construcci\u00f3n de dispositivos de elevaci\u00f3n nuevos y remodelados.<\/li>\n<li>Seguridad para dispositivos de elevaci\u00f3n mediante la aplicaci\u00f3n obligatoria por parte de inspectores de ascensores cualificados\u00a0<strong><a href=\"http:\/\/www.leg.state.fl.us\/statutes\/index.cfm?App_mode=Display_Statute&amp;URL=0300-0399\/0399\/0399.html\">Cap\u00edtulo 399<\/a>\u00a0<\/strong>de los Estatutos del Estado de Florida,\u00a0<strong><a href=\"https:\/\/www.flrules.org\/gateway\/ChapterHome.asp?Chapter=61C-5\">Cap\u00edtulo 61C5<\/a>\u00a0<\/strong>del C\u00f3digo Administrativo de Florida y el Cap\u00edtulo 30 de la\u00a0<a href=\"https:\/\/codes.iccsafe.org\/public\/collections\/FL\"><strong>C\u00f3digo de construcci\u00f3n de Florida<\/strong><\/a><strong>.<\/strong><\/li>\n<li>Inspecciones completas asociadas a los Certificados de Operaci\u00f3n emitidos para dispositivos elevadores.<\/li>\n<li>Coordinaci\u00f3n con bomberos, polic\u00eda, param\u00e9dicos y otros servicios de emergencia en accidentes que involucran dispositivos elevadores.<\/li>\n<\/ul>\n<p><strong>Estos dispositivos incluyen:<\/strong><\/p>\n<ul>\n<li>Ascensores<\/li>\n<li>Elevadores de sillas de ruedas<\/li>\n<li>Salvaescaleras<\/li>\n<li>Escaleras mec\u00e1nicas<\/li>\n<li>Pasillos m\u00f3viles<\/li>\n<li>Montaplatos<\/li>\n<li>Dispositivos de uso limitado y acceso limitado (LULA)<\/li>\n<\/ul>\n<p>Existen tarifas de permisos espec\u00edficos para cada tipo diferente de nueva instalaci\u00f3n de elevaci\u00f3n y para las modificaciones.<\/p>\n<p>Solo una empresa de ascensores con licencia del Estado de Florida puede instalar o reparar un dispositivo de elevaci\u00f3n. Para verificar el estado de la licencia de un contratista de ascensores, consulte con el...\u00a0<a href=\"http:\/\/www.myfloridalicense.com\/dbpr\/hr\/elevators.html\"><strong>Oficina de Seguridad de Ascensores de Florida<\/strong><\/a><strong>\u00a0<\/strong>al 850.487.1395.<\/p>\n<h3><strong>Recursos para ascensores<\/strong><\/h3>\n<a href=\"https:\/\/www.asme.org\/\"><strong>Sociedad Americana de Ingenieros Mec\u00e1nicos<\/strong><\/a> (ASME)<br \/>\n<strong><a href=\"https:\/\/www.flrules.org\/gateway\/ChapterHome.asp?Chapter=61C-5\">C\u00f3digo Administrativo de Florida<\/a>: <\/strong>Cap\u00edtulo 61C-5<br \/>\n<a href=\"http:\/\/www.myfloridalicense.com\/dbpr\/hr\/elevators.html\"><strong>Departamento de Regulaci\u00f3n Comercial y Profesional de Florida<\/strong><\/a> (DBPR)<br \/>\n<strong><a href=\"http:\/\/www.leg.state.fl.us\/statutes\/index.cfm?App_mode=Display_Statute&amp;URL=0300-0399\/0399\/0399.html\">Estatutos de Florida<\/a>:<\/strong> Cap\u00edtulo 399: Seguridad en ascensores\n<p><strong><a href=\"http:\/\/www.miamibeachfl.gov\/wp-content\/uploads\/2018\/06\/Elevator-Permit-Fees-1.pdf\">Tarifas de permisos de ascensor<\/a><\/strong><\/p>\n\t\tNavegar a\u2026\t\t\t\n\t\t\t\t\t<ul id=\"menu-public-works-elevator\"><li id=\"menu-item-364284\"><a href=\"\/es\/city-hall\/public-works\/elevator-division\/elevator-faqs\/\">Preguntas frecuentes sobre ascensores<\/a><\/li>\n<li id=\"menu-item-364285\"><a href=\"\/es\/city-hall\/public-works\/elevator-division\/elevator-forms\/\">Formularios de ascensor<\/a><\/li>\n<li id=\"menu-item-364286\"><a href=\"\/es\/city-hall\/public-works\/elevator-division\/elevator-permit\/\">Permiso de ascensor<\/a><\/li>\n<li id=\"menu-item-364288\"><a href=\"\/es\/city-hall\/public-works\/elevator-division\/elevator-status-fees\/\">Tarifas por estado del ascensor<\/a><\/li>\n<li id=\"menu-item-364289\"><a href=\"\/es\/city-hall\/public-works\/elevator-division\/regulations-requirements\/\">Reglamentos y requisitos<\/a><\/li>\n<li id=\"menu-item-364290\"><a href=\"\/es\/city-hall\/public-works\/elevator-division\/prescriptive-based-process\/\">Notificaci\u00f3n de accidentes de ascensor<\/a><\/li>\n<li id=\"menu-item-364291\"><a href=\"\/es\/city-hall\/public-works\/elevator-division\/requesting-an-inspection\/\">Solicitar una inspecci\u00f3n<\/a><\/li>\n<\/ul>\t\n\t<div class=\"page-navigation\"><a class=\"prev-page\" href=\"https:\/\/www.miamibeachfl.gov\/es\/city-hall\/public-works\/operations-division\/storm-water-utility\/\">\u2190 Informe anual sobre la calidad del agua<\/a> <a class=\"next-page\" href=\"https:\/\/www.miamibeachfl.gov\/es\/city-hall\/public-works\/elevator-division\/requesting-an-inspection\/\">Solicitar una inspecci\u00f3n \u2192<\/a><\/div>","protected":false},"excerpt":{"rendered":"<p>Regulations &#038; Requirements Home &gt; City Hall &gt; Public Works &gt; Elevator Division &gt; Regulations &amp; Requirements Elevator Regulations &amp; [&hellip;]<\/p>\n","protected":false},"author":222,"featured_media":0,"parent":28943,"menu_order":0,"comment_status":"closed","ping_status":"closed","template":"","meta":{"_searchwp_excluded":"","site-sidebar-layout":"default","site-content-layout":"","ast-site-content-layout":"default","site-content-style":"default","site-sidebar-style":"default","ast-global-header-display":"","ast-banner-title-visibility":"","ast-main-header-display":"","ast-hfb-above-header-display":"","ast-hfb-below-header-display":"","ast-hfb-mobile-header-display":"","site-post-title":"","ast-breadcrumbs-content":"","ast-featured-img":"","footer-sml-layout":"","theme-transparent-header-meta":"","adv-header-id-meta":"","stick-header-meta":"","header-above-stick-meta":"","header-main-stick-meta":"","header-below-stick-meta":"","astra-migrate-meta-layouts":"default","ast-page-background-enabled":"default","ast-page-background-meta":{"desktop":{"background-color":"var(--ast-global-color-5)","background-image":"","background-repeat":"repeat","background-position":"center center","background-size":"auto","background-attachment":"scroll","background-type":"","background-media":"","overlay-type":"","overlay-color":"","overlay-opacity":"","overlay-gradient":""},"tablet":{"background-color":"","background-image":"","background-repeat":"repeat","background-position":"center center","background-size":"auto","background-attachment":"scroll","background-type":"","background-media":"","overlay-type":"","overlay-color":"","overlay-opacity":"","overlay-gradient":""},"mobile":{"background-color":"","background-image":"","background-repeat":"repeat","background-position":"center center","background-size":"auto","background-attachment":"scroll","background-type":"","background-media":"","overlay-type":"","overlay-color":"","overlay-opacity":"","overlay-gradient":""}},"ast-content-background-meta":{"desktop":{"background-color":"var(--ast-global-color-4)","background-image":"","background-repeat":"repeat","background-position":"center center","background-size":"auto","background-attachment":"scroll","background-type":"","background-media":"","overlay-type":"","overlay-color":"","overlay-opacity":"","overlay-gradient":""},"tablet":{"background-color":"var(--ast-global-color-4)","background-image":"","background-repeat":"repeat","background-position":"center center","background-size":"auto","background-attachment":"scroll","background-type":"","background-media":"","overlay-type":"","overlay-color":"","overlay-opacity":"","overlay-gradient":""},"mobile":{"background-color":"var(--ast-global-color-4)","background-image":"","background-repeat":"repeat","background-position":"center center","background-size":"auto","background-attachment":"scroll","background-type":"","background-media":"","overlay-type":"","overlay-color":"","overlay-opacity":"","overlay-gradient":""}},"footnotes":""},"categories":[],"tags":[],"class_list":["post-28944","page","type-page","status-publish","hentry"],"yoast_head":"<!-- This site is optimized with the Yoast SEO Premium plugin v27.4 (Yoast SEO v27.4) - https:\/\/yoast.com\/product\/yoast-seo-premium-wordpress\/ -->\n<title>Regulations &amp; Requirements - City of Miami Beach<\/title>\n<meta name=\"description\" content=\"%\" \/>\n<meta name=\"robots\" content=\"index, follow, max-snippet:-1, max-image-preview:large, max-video-preview:-1\" \/>\n<link rel=\"canonical\" href=\"https:\/\/www.miamibeachfl.gov\/es\/city-hall\/public-works\/elevator-division\/regulations-requirements\/\" \/>\n<meta property=\"og:locale\" content=\"es_ES\" \/>\n<meta property=\"og:type\" content=\"article\" \/>\n<meta property=\"og:title\" content=\"Regulations &amp; Requirements\" \/>\n<meta property=\"og:description\" content=\"%\" \/>\n<meta property=\"og:url\" content=\"https:\/\/www.miamibeachfl.gov\/es\/city-hall\/public-works\/elevator-division\/regulations-requirements\/\" \/>\n<meta property=\"og:site_name\" content=\"City of Miami Beach\" \/>\n<meta property=\"article:publisher\" content=\"https:\/\/www.facebook.com\/cityofmiamibeach\" \/>\n<meta property=\"article:modified_time\" content=\"2026-03-03T15:27:07+00:00\" \/>\n<meta property=\"og:image\" content=\"https:\/\/www.miamibeachfl.gov\/wp-content\/uploads\/2022\/07\/hero-small.jpg\" \/>\n<meta name=\"twitter:card\" content=\"summary_large_image\" \/>\n<meta name=\"twitter:site\" content=\"@Miamibeachnews\" \/>\n<script type=\"application\/ld+json\" class=\"yoast-schema-graph\">{\"@context\":\"https:\\\/\\\/schema.org\",\"@graph\":[{\"@type\":\"WebPage\",\"@id\":\"https:\\\/\\\/www.miamibeachfl.gov\\\/city-hall\\\/public-works\\\/elevator-division\\\/regulations-requirements\\\/\",\"url\":\"https:\\\/\\\/www.miamibeachfl.gov\\\/city-hall\\\/public-works\\\/elevator-division\\\/regulations-requirements\\\/\",\"name\":\"Regulations &amp; Requirements - City of Miami Beach\",\"isPartOf\":{\"@id\":\"https:\\\/\\\/www.miamibeachfl.gov\\\/#website\"},\"primaryImageOfPage\":{\"@id\":\"https:\\\/\\\/www.miamibeachfl.gov\\\/city-hall\\\/public-works\\\/elevator-division\\\/regulations-requirements\\\/#primaryimage\"},\"image\":{\"@id\":\"https:\\\/\\\/www.miamibeachfl.gov\\\/city-hall\\\/public-works\\\/elevator-division\\\/regulations-requirements\\\/#primaryimage\"},\"thumbnailUrl\":\"https:\\\/\\\/www.miamibeachfl.gov\\\/wp-content\\\/uploads\\\/2022\\\/07\\\/hero-small.jpg\",\"datePublished\":\"2017-08-11T00:10:11+00:00\",\"dateModified\":\"2026-03-03T15:27:07+00:00\",\"description\":\"%\",\"breadcrumb\":{\"@id\":\"https:\\\/\\\/www.miamibeachfl.gov\\\/city-hall\\\/public-works\\\/elevator-division\\\/regulations-requirements\\\/#breadcrumb\"},\"inLanguage\":\"es\",\"potentialAction\":[{\"@type\":\"ReadAction\",\"target\":[\"https:\\\/\\\/www.miamibeachfl.gov\\\/city-hall\\\/public-works\\\/elevator-division\\\/regulations-requirements\\\/\"]}]},{\"@type\":\"ImageObject\",\"inLanguage\":\"es\",\"@id\":\"https:\\\/\\\/www.miamibeachfl.gov\\\/city-hall\\\/public-works\\\/elevator-division\\\/regulations-requirements\\\/#primaryimage\",\"url\":\"https:\\\/\\\/www.miamibeachfl.gov\\\/wp-content\\\/uploads\\\/2022\\\/07\\\/hero-small.jpg\",\"contentUrl\":\"https:\\\/\\\/www.miamibeachfl.gov\\\/wp-content\\\/uploads\\\/2022\\\/07\\\/hero-small.jpg\"},{\"@type\":\"BreadcrumbList\",\"@id\":\"https:\\\/\\\/www.miamibeachfl.gov\\\/city-hall\\\/public-works\\\/elevator-division\\\/regulations-requirements\\\/#breadcrumb\",\"itemListElement\":[{\"@type\":\"ListItem\",\"position\":1,\"name\":\"Home\",\"item\":\"https:\\\/\\\/www.miamibeachfl.gov\\\/\"},{\"@type\":\"ListItem\",\"position\":2,\"name\":\"City Hall\",\"item\":\"https:\\\/\\\/www.miamibeachfl.gov\\\/city-hall\\\/\"},{\"@type\":\"ListItem\",\"position\":3,\"name\":\"Public Works\",\"item\":\"https:\\\/\\\/www.miamibeachfl.gov\\\/city-hall\\\/public-works\\\/\"},{\"@type\":\"ListItem\",\"position\":4,\"name\":\"Elevator Division\",\"item\":\"https:\\\/\\\/www.miamibeachfl.gov\\\/city-hall\\\/public-works\\\/elevator-division\\\/\"},{\"@type\":\"ListItem\",\"position\":5,\"name\":\"Regulations &amp; Requirements\"}]},{\"@type\":\"WebSite\",\"@id\":\"https:\\\/\\\/www.miamibeachfl.gov\\\/#website\",\"url\":\"https:\\\/\\\/www.miamibeachfl.gov\\\/\",\"name\":\"City of Miami Beach\",\"description\":\"The official website of the City of Miami Beach. Stay informed, find important information on city services, news, alerts, events, trolley routes, government employment and more.\",\"publisher\":{\"@id\":\"https:\\\/\\\/www.miamibeachfl.gov\\\/#organization\"},\"potentialAction\":[{\"@type\":\"SearchAction\",\"target\":{\"@type\":\"EntryPoint\",\"urlTemplate\":\"https:\\\/\\\/www.miamibeachfl.gov\\\/?s={search_term_string}\"},\"query-input\":{\"@type\":\"PropertyValueSpecification\",\"valueRequired\":true,\"valueName\":\"search_term_string\"}}],\"inLanguage\":\"es\"},{\"@type\":\"Organization\",\"@id\":\"https:\\\/\\\/www.miamibeachfl.gov\\\/#organization\",\"name\":\"City of Miami Beach\",\"url\":\"https:\\\/\\\/www.miamibeachfl.gov\\\/\",\"logo\":{\"@type\":\"ImageObject\",\"inLanguage\":\"es\",\"@id\":\"https:\\\/\\\/www.miamibeachfl.gov\\\/#\\\/schema\\\/logo\\\/image\\\/\",\"url\":\"https:\\\/\\\/www.miamibeachfl.gov\\\/wp-content\\\/uploads\\\/2022\\\/06\\\/miamibeach-logoblue.png\",\"contentUrl\":\"https:\\\/\\\/www.miamibeachfl.gov\\\/wp-content\\\/uploads\\\/2022\\\/06\\\/miamibeach-logoblue.png\",\"width\":1962,\"height\":381,\"caption\":\"City of Miami Beach\"},\"image\":{\"@id\":\"https:\\\/\\\/www.miamibeachfl.gov\\\/#\\\/schema\\\/logo\\\/image\\\/\"},\"sameAs\":[\"https:\\\/\\\/www.facebook.com\\\/cityofmiamibeach\",\"https:\\\/\\\/x.com\\\/Miamibeachnews\",\"https:\\\/\\\/www.instagram.com\\\/miamibeachnews\\\/\"],\"description\":\"The official website of the City of Miami Beach. Stay informed, find important information on city services, news, alerts, events, trolley routes, government employment and more.\",\"telephone\":\"305.604.CITY(2489)\",\"legalName\":\"City of Miami Beach\"}]}<\/script>\n<!-- \/ Yoast SEO Premium plugin. -->","yoast_head_json":{"title":"Reglamentos y requisitos - Ciudad de Miami Beach","description":"%","robots":{"index":"index","follow":"follow","max-snippet":"max-snippet:-1","max-image-preview":"max-image-preview:large","max-video-preview":"max-video-preview:-1"},"canonical":"https:\/\/www.miamibeachfl.gov\/es\/city-hall\/public-works\/elevator-division\/regulations-requirements\/","og_locale":"es_ES","og_type":"article","og_title":"Regulations &amp; Requirements","og_description":"%","og_url":"https:\/\/www.miamibeachfl.gov\/es\/city-hall\/public-works\/elevator-division\/regulations-requirements\/","og_site_name":"City of Miami Beach","article_publisher":"https:\/\/www.facebook.com\/cityofmiamibeach","article_modified_time":"2026-03-03T15:27:07+00:00","og_image":[{"url":"https:\/\/www.miamibeachfl.gov\/wp-content\/uploads\/2022\/07\/hero-small.jpg","type":"","width":"","height":""}],"twitter_card":"summary_large_image","twitter_site":"@Miamibeachnews","schema":{"@context":"https:\/\/schema.org","@graph":[{"@type":"WebPage","@id":"https:\/\/www.miamibeachfl.gov\/city-hall\/public-works\/elevator-division\/regulations-requirements\/","url":"https:\/\/www.miamibeachfl.gov\/city-hall\/public-works\/elevator-division\/regulations-requirements\/","name":"Reglamentos y requisitos - Ciudad de Miami Beach","isPartOf":{"@id":"https:\/\/www.miamibeachfl.gov\/#website"},"primaryImageOfPage":{"@id":"https:\/\/www.miamibeachfl.gov\/city-hall\/public-works\/elevator-division\/regulations-requirements\/#primaryimage"},"image":{"@id":"https:\/\/www.miamibeachfl.gov\/city-hall\/public-works\/elevator-division\/regulations-requirements\/#primaryimage"},"thumbnailUrl":"https:\/\/www.miamibeachfl.gov\/wp-content\/uploads\/2022\/07\/hero-small.jpg","datePublished":"2017-08-11T00:10:11+00:00","dateModified":"2026-03-03T15:27:07+00:00","description":"%","breadcrumb":{"@id":"https:\/\/www.miamibeachfl.gov\/city-hall\/public-works\/elevator-division\/regulations-requirements\/#breadcrumb"},"inLanguage":"es","potentialAction":[{"@type":"ReadAction","target":["https:\/\/www.miamibeachfl.gov\/city-hall\/public-works\/elevator-division\/regulations-requirements\/"]}]},{"@type":"ImageObject","inLanguage":"es","@id":"https:\/\/www.miamibeachfl.gov\/city-hall\/public-works\/elevator-division\/regulations-requirements\/#primaryimage","url":"https:\/\/www.miamibeachfl.gov\/wp-content\/uploads\/2022\/07\/hero-small.jpg","contentUrl":"https:\/\/www.miamibeachfl.gov\/wp-content\/uploads\/2022\/07\/hero-small.jpg"},{"@type":"BreadcrumbList","@id":"https:\/\/www.miamibeachfl.gov\/city-hall\/public-works\/elevator-division\/regulations-requirements\/#breadcrumb","itemListElement":[{"@type":"ListItem","position":1,"name":"Home","item":"https:\/\/www.miamibeachfl.gov\/"},{"@type":"ListItem","position":2,"name":"City Hall","item":"https:\/\/www.miamibeachfl.gov\/city-hall\/"},{"@type":"ListItem","position":3,"name":"Public Works","item":"https:\/\/www.miamibeachfl.gov\/city-hall\/public-works\/"},{"@type":"ListItem","position":4,"name":"Elevator Division","item":"https:\/\/www.miamibeachfl.gov\/city-hall\/public-works\/elevator-division\/"},{"@type":"ListItem","position":5,"name":"Regulations &amp; Requirements"}]},{"@type":"WebSite","@id":"https:\/\/www.miamibeachfl.gov\/#website","url":"https:\/\/www.miamibeachfl.gov\/","name":"Ciudad de Miami Beach","description":"Sitio web oficial de la Ciudad de Miami Beach. Mant\u00e9ngase informado, encuentre informaci\u00f3n importante sobre servicios municipales, noticias, alertas, eventos, rutas de tranv\u00edas, empleos gubernamentales y m\u00e1s.","publisher":{"@id":"https:\/\/www.miamibeachfl.gov\/#organization"},"potentialAction":[{"@type":"SearchAction","target":{"@type":"EntryPoint","urlTemplate":"https:\/\/www.miamibeachfl.gov\/?s={search_term_string}"},"query-input":{"@type":"PropertyValueSpecification","valueRequired":true,"valueName":"search_term_string"}}],"inLanguage":"es"},{"@type":"Organization","@id":"https:\/\/www.miamibeachfl.gov\/#organization","name":"Ciudad de Miami Beach","url":"https:\/\/www.miamibeachfl.gov\/","logo":{"@type":"ImageObject","inLanguage":"es","@id":"https:\/\/www.miamibeachfl.gov\/#\/schema\/logo\/image\/","url":"https:\/\/www.miamibeachfl.gov\/wp-content\/uploads\/2022\/06\/miamibeach-logoblue.png","contentUrl":"https:\/\/www.miamibeachfl.gov\/wp-content\/uploads\/2022\/06\/miamibeach-logoblue.png","width":1962,"height":381,"caption":"City of Miami Beach"},"image":{"@id":"https:\/\/www.miamibeachfl.gov\/#\/schema\/logo\/image\/"},"sameAs":["https:\/\/www.facebook.com\/cityofmiamibeach","https:\/\/x.com\/Miamibeachnews","https:\/\/www.instagram.com\/miamibeachnews\/"],"description":"Sitio web oficial de la Ciudad de Miami Beach. Mant\u00e9ngase informado, encuentre informaci\u00f3n importante sobre servicios municipales, noticias, alertas, eventos, rutas de tranv\u00edas, empleos gubernamentales y m\u00e1s.","telephone":"305.604.CITY(2489)","legalName":"City of Miami Beach"}]}},"_links":{"self":[{"href":"https:\/\/www.miamibeachfl.gov\/es\/wp-json\/wp\/v2\/pages\/28944","targetHints":{"allow":["GET"]}}],"collection":[{"href":"https:\/\/www.miamibeachfl.gov\/es\/wp-json\/wp\/v2\/pages"}],"about":[{"href":"https:\/\/www.miamibeachfl.gov\/es\/wp-json\/wp\/v2\/types\/page"}],"author":[{"embeddable":true,"href":"https:\/\/www.miamibeachfl.gov\/es\/wp-json\/wp\/v2\/users\/222"}],"replies":[{"embeddable":true,"href":"https:\/\/www.miamibeachfl.gov\/es\/wp-json\/wp\/v2\/comments?post=28944"}],"version-history":[{"count":2,"href":"https:\/\/www.miamibeachfl.gov\/es\/wp-json\/wp\/v2\/pages\/28944\/revisions"}],"predecessor-version":[{"id":397029,"href":"https:\/\/www.miamibeachfl.gov\/es\/wp-json\/wp\/v2\/pages\/28944\/revisions\/397029"}],"up":[{"embeddable":true,"href":"https:\/\/www.miamibeachfl.gov\/es\/wp-json\/wp\/v2\/pages\/28943"}],"wp:attachment":[{"href":"https:\/\/www.miamibeachfl.gov\/es\/wp-json\/wp\/v2\/media?parent=28944"}],"wp:term":[{"taxonomy":"category","embeddable":true,"href":"https:\/\/www.miamibeachfl.gov\/es\/wp-json\/wp\/v2\/categories?post=28944"},{"taxonomy":"post_tag","embeddable":true,"href":"https:\/\/www.miamibeachfl.gov\/es\/wp-json\/wp\/v2\/tags?post=28944"}],"curies":[{"name":"gracias","href":"https:\/\/api.w.org\/{rel}","templated":true}]}}