{"id":28947,"date":"2017-08-11T00:10:13","date_gmt":"2017-08-11T00:10:13","guid":{"rendered":"http:\/\/www.miamibeachfl.gov\/city-hall\/public-works\/elevator-division\/permit-inspection-testing\/requesting-an-inspection\/"},"modified":"2026-03-03T09:55:19","modified_gmt":"2026-03-03T14:55:19","slug":"requesting-an-inspection","status":"publish","type":"page","link":"https:\/\/www.miamibeachfl.gov\/es\/city-hall\/public-works\/elevator-division\/requesting-an-inspection\/","title":{"rendered":"Solicitar una inspecci\u00f3n"},"content":{"rendered":"<img decoding=\"async\" src=\"https:\/\/www.miamibeachfl.gov\/wp-content\/uploads\/2022\/07\/hero-small.jpg\" alt=\"ocean drive art deco buildings\" itemprop=\"image\" height=\"211\" width=\"2395\" title=\"h\u00e9roe peque\u00f1o\" onerror=\"this.style.display='none'\" loading=\"lazy\" \/>\n<h1>\n\t\t\tSolicitar una inspecci\u00f3n\t<\/h1>\n\t<nav id=\"breadcrumbs\" aria-label=\"Pan rallado\"><a href=\"https:\/\/www.miamibeachfl.gov\/es\/\">Hogar<\/a> &gt; <a href=\"https:\/\/www.miamibeachfl.gov\/es\/city-hall\/\">Ayuntamiento<\/a> &gt; <a href=\"https:\/\/www.miamibeachfl.gov\/es\/city-hall\/public-works\/\">Obras p\u00fablicas<\/a> &gt; <a href=\"https:\/\/www.miamibeachfl.gov\/es\/city-hall\/public-works\/elevator-division\/\">Divisi\u00f3n de Ascensores<\/a> &gt; <strong>Solicitar una inspecci\u00f3n<\/strong><\/nav>\n\t<h2>Solicitud de inspecci\u00f3n<\/h2>\n<p>Las inspecciones se realizan de 8:30 a. m. a 3:30 p. m., de lunes a viernes. Env\u00ede su <strong>Inspecci\u00f3n de ascensores<\/strong> \u00a0solicitud v\u00eda correo electr\u00f3nico a <a href=\"mailto:alejandrosimon@miamibeachfl.gov\">alejandrosimon@miamibeachfl.gov\u00a0<\/a>\u00a0<strong>Tenga en cuenta:<\/strong> La inspecci\u00f3n solicitada antes de las 4:00 p. m. se programar\u00e1 en la pr\u00f3xima fecha h\u00e1bil disponible.<\/p>\n<h2>Requisitos:<\/h2>\n<ul>\n<li>Un t\u00e9cnico con un Certificado de Competencia debe estar presente antes de que se realice la inspecci\u00f3n o el inspector de la Ciudad de Miami Beach cancelar\u00e1.<\/li>\n<li>La copia aprobada del trabajo, los planos, el aviso de inicio y el permiso aprobado deben estar en el sitio de construcci\u00f3n y la direcci\u00f3n debe estar debidamente publicada y visible desde la calle y debe ser accesible.<\/li>\n<\/ul>\n<h2>Solicitud de inspecci\u00f3n de horas extras<\/h2>\n<p>Todas las solicitudes, pagos y solicitudes de inspecci\u00f3n de horas extras deben completarse antes de las 12:00 p. m. para garantizar que su inspecci\u00f3n se realice despu\u00e9s de las 4:00 p. m. en la fecha solicitada. Complete el formulario a continuaci\u00f3n y env\u00edelo a <a href=\"mailto:jacquelinebeltran@miamibeachfl.gov\">jacquelinebeltran@miamibeachfl.gov<\/a>Se le enviar\u00e1 una factura despu\u00e9s de que se apruebe su solicitud.<\/p>\n<p><a href=\"http:\/\/www.miamibeachfl.gov\/wp-content\/uploads\/2018\/06\/Overtime-Inspection-Request-Form-1.pdf\">Formulario de solicitud de inspecci\u00f3n de horas extras<\/a><\/p>\n<h2>CEI de terceros: inspectores de ascensores<\/h2>\n<p><strong>Secci\u00f3n 399.13 FS<\/strong>. permite <a href=\"https:\/\/www.myfloridalicense.com\/wl11.asp\">Departamento de Regulaci\u00f3n Comercial y Profesional de Florida (DBPR)<\/a> Contratar a los gobiernos locales para inspeccionar los ascensores y hacer cumplir las disposiciones aplicables del C\u00f3digo de Construcci\u00f3n de Florida. Tambi\u00e9n permite a los gobiernos locales recurrir a inspectores de ascensores certificados por terceros (CEI externos) para inspeccionarlos.<\/p>\n<p>Los inspectores de ascensores certificados con una licencia CEI activa del estado de Florida que deseen realizar inspecciones anuales o pruebas de cinco (5) a\u00f1os en la ciudad de Miami Beach deben:<\/p>\n<p>Ser un t\u00e9cnico de ascensores certificado y un Inspector de Ascensores Calificado (QEI) debe presenciar la prueba.<\/p>\n<p>El propietario de la propiedad es responsable de que estas inspecciones y pruebas anuales sean realizadas por una empresa de mantenimiento de ascensores autorizada.<\/p>\n<p>Cualquier infracci\u00f3n detectada en su informe de inspecci\u00f3n anual debe corregirse con<strong> 90 d\u00edas<\/strong>El informe debe estar firmado por el propietario del edificio o un representante de la empresa administradora de la propiedad para verificar que se han realizado todas las correcciones y que el elevador cumple con el Cap\u00edtulo 399 de los Estatutos de Florida. Debe enviarnos el informe firmado dentro de los cinco (5) d\u00edas h\u00e1biles.<\/p>\n<p>Puede contactar directamente con cualquiera de las empresas de CEI externas aprobadas y activas que se listan a continuaci\u00f3n para programar inspecciones anuales\/de rutina y de prueba. Actualizamos regularmente nuestra lista de proveedores a medida que recibimos y aprobamos solicitudes. Para obtener m\u00e1s informaci\u00f3n sobre esta lista, ll\u00e1menos al 305-673-7225.<\/p>\n<p><a href=\"https:\/\/www.miamibeachfl.gov\/wp-content\/uploads\/2023\/07\/Active-Third-Party-Elevator-Inspection-Companies.pdf\">Empresas de inspecci\u00f3n CEI de terceros activas<\/a><\/p>\n<h2>Informaci\u00f3n importante:<\/h2>\n<p>Los CEI de terceros generalmente tienen las mismas calificaciones que nuestros inspectores y normalmente siguen los mismos procedimientos de inspecci\u00f3n y cumplimiento.<\/p>\n<p>Puede verificar la certificaci\u00f3n de un CEI de terceros con el <a href=\"https:\/\/www.myfloridalicense.com\/wl11.asp\">Departamento de Regulaci\u00f3n Empresarial y Profesional<\/a> Informe de inspectores de ascensores certificados.<\/p>\n<p>Cualquier violaci\u00f3n del c\u00f3digo identificada por un CEI de terceros tiene el mismo peso regulatorio que aquellas identificadas por nuestros inspectores.<\/p>\n<p>En caso de ser necesario, usted podr\u00e1 solicitar al CEI de Terceros que presente una carta de nuestra oficina autorizando su participaci\u00f3n en el programa.<\/p>\n<p>Nosotros <strong>no<\/strong> regular las tarifas cobradas por los CEI de terceros y los acuerdos con un CEI de terceros se consideran un asunto privado.<\/p>\n<p>Los CEI de terceros deben registrarse antes de comenzar la inspecci\u00f3n en la Ciudad de Miami Beach y proporcionar todas las credenciales.<\/p>\n<p>La Ciudad de Miami Beach supervisa peri\u00f3dicamente el trabajo de los CEI de terceros y solicita a los propietarios de ascensores que recientemente utilizaron un CEI de terceros que nos permitan realizar una inspecci\u00f3n de control de calidad para verificar los procedimientos utilizados y los hallazgos.<\/p>\n<p>Este sitio ser\u00e1 nuestro principal medio para distribuir nueva informaci\u00f3n a nuestros proveedores, as\u00ed que cons\u00faltelo con frecuencia. Para enviar comentarios sobre una CEI de terceros o si tiene alguna pregunta, ll\u00e1menos al 305-673-7225 y solicite hablar con un supervisor.<\/p>\n<p>&nbsp;<\/p>\n<h2>Recursos para ascensores<\/h2>\n<p><a href=\"https:\/\/www.asme.org\/\">Sociedad Estadounidense de Ingenieros Mec\u00e1nicos (ASME)<\/a><\/p>\n<p><a href=\"http:\/\/www.leg.state.fl.us\/statutes\/index.cfm?mode=View%20Statutes&amp;SubMenu=1&amp;App_mode=Display_Statute&amp;Search_String=399.13&amp;URL=0300-0399\/0399\/Sections\/0399.061.html\">Cap\u00edtulo 399 de los Estatutos de Florida sobre Seguridad en Ascensores<\/a><\/p>\n<p><a href=\"https:\/\/www.myfloridalicense.com\/wl11.asp\">Departamento de Regulaciones Comerciales y Profesionales de Florida (DBPR)<\/a><\/p>\n\t\tNavegar a\u2026\t\t\t\n\t\t\t\t\t<ul id=\"menu-public-works-elevator\"><li id=\"menu-item-364284\"><a href=\"\/es\/city-hall\/public-works\/elevator-division\/elevator-faqs\/\">Preguntas frecuentes sobre ascensores<\/a><\/li>\n<li id=\"menu-item-364285\"><a href=\"\/es\/city-hall\/public-works\/elevator-division\/elevator-forms\/\">Formularios de ascensor<\/a><\/li>\n<li id=\"menu-item-364286\"><a href=\"\/es\/city-hall\/public-works\/elevator-division\/elevator-permit\/\">Permiso de ascensor<\/a><\/li>\n<li id=\"menu-item-364288\"><a href=\"\/es\/city-hall\/public-works\/elevator-division\/elevator-status-fees\/\">Tarifas por estado del ascensor<\/a><\/li>\n<li id=\"menu-item-364289\"><a href=\"\/es\/city-hall\/public-works\/elevator-division\/regulations-requirements\/\">Reglamentos y requisitos<\/a><\/li>\n<li id=\"menu-item-364290\"><a href=\"\/es\/city-hall\/public-works\/elevator-division\/prescriptive-based-process\/\">Notificaci\u00f3n de accidentes de ascensor<\/a><\/li>\n<li id=\"menu-item-364291\"><a href=\"\/es\/city-hall\/public-works\/elevator-division\/requesting-an-inspection\/\">Solicitar una inspecci\u00f3n<\/a><\/li>\n<\/ul>\t\n\t<div class=\"page-navigation\"><a class=\"prev-page\" href=\"https:\/\/www.miamibeachfl.gov\/es\/city-hall\/public-works\/elevator-division\/regulations-requirements\/\">\u2190 Regulaciones y requisitos<\/a> <a class=\"next-page\" href=\"https:\/\/www.miamibeachfl.gov\/es\/city-hall\/public-works\/engineering-division\/section-1-c-traffic-engineering-1-traffic-general\/section-1-c-traffic-engineering-2-traffic-calming\/\">Secci\u00f3n 1 C. Ingenier\u00eda de Tr\u00e1fico 2. Calmado del Tr\u00e1fico \u2192<\/a><\/div>","protected":false},"excerpt":{"rendered":"<p>Requesting an Inspection Home &gt; City Hall &gt; Public Works &gt; Elevator Division &gt; Requesting An Inspection Inspection Request Inspections [&hellip;]<\/p>\n","protected":false},"author":222,"featured_media":0,"parent":28943,"menu_order":0,"comment_status":"closed","ping_status":"closed","template":"","meta":{"_searchwp_excluded":"","site-sidebar-layout":"default","site-content-layout":"","ast-site-content-layout":"default","site-content-style":"default","site-sidebar-style":"default","ast-global-header-display":"","ast-banner-title-visibility":"","ast-main-header-display":"","ast-hfb-above-header-display":"","ast-hfb-below-header-display":"","ast-hfb-mobile-header-display":"","site-post-title":"","ast-breadcrumbs-content":"","ast-featured-img":"","footer-sml-layout":"","theme-transparent-header-meta":"","adv-header-id-meta":"","stick-header-meta":"","header-above-stick-meta":"","header-main-stick-meta":"","header-below-stick-meta":"","astra-migrate-meta-layouts":"default","ast-page-background-enabled":"default","ast-page-background-meta":{"desktop":{"background-color":"var(--ast-global-color-5)","background-image":"","background-repeat":"repeat","background-position":"center center","background-size":"auto","background-attachment":"scroll","background-type":"","background-media":"","overlay-type":"","overlay-color":"","overlay-opacity":"","overlay-gradient":""},"tablet":{"background-color":"","background-image":"","background-repeat":"repeat","background-position":"center center","background-size":"auto","background-attachment":"scroll","background-type":"","background-media":"","overlay-type":"","overlay-color":"","overlay-opacity":"","overlay-gradient":""},"mobile":{"background-color":"","background-image":"","background-repeat":"repeat","background-position":"center center","background-size":"auto","background-attachment":"scroll","background-type":"","background-media":"","overlay-type":"","overlay-color":"","overlay-opacity":"","overlay-gradient":""}},"ast-content-background-meta":{"desktop":{"background-color":"var(--ast-global-color-4)","background-image":"","background-repeat":"repeat","background-position":"center center","background-size":"auto","background-attachment":"scroll","background-type":"","background-media":"","overlay-type":"","overlay-color":"","overlay-opacity":"","overlay-gradient":""},"tablet":{"background-color":"var(--ast-global-color-4)","background-image":"","background-repeat":"repeat","background-position":"center center","background-size":"auto","background-attachment":"scroll","background-type":"","background-media":"","overlay-type":"","overlay-color":"","overlay-opacity":"","overlay-gradient":""},"mobile":{"background-color":"var(--ast-global-color-4)","background-image":"","background-repeat":"repeat","background-position":"center center","background-size":"auto","background-attachment":"scroll","background-type":"","background-media":"","overlay-type":"","overlay-color":"","overlay-opacity":"","overlay-gradient":""}},"footnotes":""},"categories":[],"tags":[],"class_list":["post-28947","page","type-page","status-publish","hentry"],"yoast_head":"<!-- This site is optimized with the Yoast SEO Premium plugin v27.4 (Yoast SEO v27.4) - https:\/\/yoast.com\/product\/yoast-seo-premium-wordpress\/ -->\n<title>Requesting An Inspection - City of Miami Beach<\/title>\n<meta name=\"description\" content=\"%\" \/>\n<meta name=\"robots\" content=\"index, follow, max-snippet:-1, max-image-preview:large, max-video-preview:-1\" \/>\n<link rel=\"canonical\" href=\"https:\/\/www.miamibeachfl.gov\/es\/city-hall\/public-works\/elevator-division\/requesting-an-inspection\/\" \/>\n<meta property=\"og:locale\" content=\"es_ES\" \/>\n<meta property=\"og:type\" content=\"article\" \/>\n<meta property=\"og:title\" content=\"Requesting An Inspection\" \/>\n<meta property=\"og:description\" content=\"%\" \/>\n<meta property=\"og:url\" content=\"https:\/\/www.miamibeachfl.gov\/es\/city-hall\/public-works\/elevator-division\/requesting-an-inspection\/\" \/>\n<meta property=\"og:site_name\" content=\"City of Miami Beach\" \/>\n<meta property=\"article:publisher\" content=\"https:\/\/www.facebook.com\/cityofmiamibeach\" \/>\n<meta property=\"article:modified_time\" content=\"2026-03-03T14:55:19+00:00\" \/>\n<meta property=\"og:image\" content=\"https:\/\/www.miamibeachfl.gov\/wp-content\/uploads\/2022\/07\/hero-small.jpg\" \/>\n<meta name=\"twitter:card\" content=\"summary_large_image\" \/>\n<meta name=\"twitter:site\" content=\"@Miamibeachnews\" \/>\n<script type=\"application\/ld+json\" class=\"yoast-schema-graph\">{\"@context\":\"https:\\\/\\\/schema.org\",\"@graph\":[{\"@type\":\"WebPage\",\"@id\":\"https:\\\/\\\/www.miamibeachfl.gov\\\/city-hall\\\/public-works\\\/elevator-division\\\/requesting-an-inspection\\\/\",\"url\":\"https:\\\/\\\/www.miamibeachfl.gov\\\/city-hall\\\/public-works\\\/elevator-division\\\/requesting-an-inspection\\\/\",\"name\":\"Requesting An Inspection - City of Miami Beach\",\"isPartOf\":{\"@id\":\"https:\\\/\\\/www.miamibeachfl.gov\\\/#website\"},\"primaryImageOfPage\":{\"@id\":\"https:\\\/\\\/www.miamibeachfl.gov\\\/city-hall\\\/public-works\\\/elevator-division\\\/requesting-an-inspection\\\/#primaryimage\"},\"image\":{\"@id\":\"https:\\\/\\\/www.miamibeachfl.gov\\\/city-hall\\\/public-works\\\/elevator-division\\\/requesting-an-inspection\\\/#primaryimage\"},\"thumbnailUrl\":\"https:\\\/\\\/www.miamibeachfl.gov\\\/wp-content\\\/uploads\\\/2022\\\/07\\\/hero-small.jpg\",\"datePublished\":\"2017-08-11T00:10:13+00:00\",\"dateModified\":\"2026-03-03T14:55:19+00:00\",\"description\":\"%\",\"breadcrumb\":{\"@id\":\"https:\\\/\\\/www.miamibeachfl.gov\\\/city-hall\\\/public-works\\\/elevator-division\\\/requesting-an-inspection\\\/#breadcrumb\"},\"inLanguage\":\"es\",\"potentialAction\":[{\"@type\":\"ReadAction\",\"target\":[\"https:\\\/\\\/www.miamibeachfl.gov\\\/city-hall\\\/public-works\\\/elevator-division\\\/requesting-an-inspection\\\/\"]}]},{\"@type\":\"ImageObject\",\"inLanguage\":\"es\",\"@id\":\"https:\\\/\\\/www.miamibeachfl.gov\\\/city-hall\\\/public-works\\\/elevator-division\\\/requesting-an-inspection\\\/#primaryimage\",\"url\":\"https:\\\/\\\/www.miamibeachfl.gov\\\/wp-content\\\/uploads\\\/2022\\\/07\\\/hero-small.jpg\",\"contentUrl\":\"https:\\\/\\\/www.miamibeachfl.gov\\\/wp-content\\\/uploads\\\/2022\\\/07\\\/hero-small.jpg\"},{\"@type\":\"BreadcrumbList\",\"@id\":\"https:\\\/\\\/www.miamibeachfl.gov\\\/city-hall\\\/public-works\\\/elevator-division\\\/requesting-an-inspection\\\/#breadcrumb\",\"itemListElement\":[{\"@type\":\"ListItem\",\"position\":1,\"name\":\"Home\",\"item\":\"https:\\\/\\\/www.miamibeachfl.gov\\\/\"},{\"@type\":\"ListItem\",\"position\":2,\"name\":\"City Hall\",\"item\":\"https:\\\/\\\/www.miamibeachfl.gov\\\/city-hall\\\/\"},{\"@type\":\"ListItem\",\"position\":3,\"name\":\"Public Works\",\"item\":\"https:\\\/\\\/www.miamibeachfl.gov\\\/city-hall\\\/public-works\\\/\"},{\"@type\":\"ListItem\",\"position\":4,\"name\":\"Elevator Division\",\"item\":\"https:\\\/\\\/www.miamibeachfl.gov\\\/city-hall\\\/public-works\\\/elevator-division\\\/\"},{\"@type\":\"ListItem\",\"position\":5,\"name\":\"Requesting An Inspection\"}]},{\"@type\":\"WebSite\",\"@id\":\"https:\\\/\\\/www.miamibeachfl.gov\\\/#website\",\"url\":\"https:\\\/\\\/www.miamibeachfl.gov\\\/\",\"name\":\"City of Miami Beach\",\"description\":\"The official website of the City of Miami Beach. Stay informed, find important information on city services, news, alerts, events, trolley routes, government employment and more.\",\"publisher\":{\"@id\":\"https:\\\/\\\/www.miamibeachfl.gov\\\/#organization\"},\"potentialAction\":[{\"@type\":\"SearchAction\",\"target\":{\"@type\":\"EntryPoint\",\"urlTemplate\":\"https:\\\/\\\/www.miamibeachfl.gov\\\/?s={search_term_string}\"},\"query-input\":{\"@type\":\"PropertyValueSpecification\",\"valueRequired\":true,\"valueName\":\"search_term_string\"}}],\"inLanguage\":\"es\"},{\"@type\":\"Organization\",\"@id\":\"https:\\\/\\\/www.miamibeachfl.gov\\\/#organization\",\"name\":\"City of Miami Beach\",\"url\":\"https:\\\/\\\/www.miamibeachfl.gov\\\/\",\"logo\":{\"@type\":\"ImageObject\",\"inLanguage\":\"es\",\"@id\":\"https:\\\/\\\/www.miamibeachfl.gov\\\/#\\\/schema\\\/logo\\\/image\\\/\",\"url\":\"https:\\\/\\\/www.miamibeachfl.gov\\\/wp-content\\\/uploads\\\/2022\\\/06\\\/miamibeach-logoblue.png\",\"contentUrl\":\"https:\\\/\\\/www.miamibeachfl.gov\\\/wp-content\\\/uploads\\\/2022\\\/06\\\/miamibeach-logoblue.png\",\"width\":1962,\"height\":381,\"caption\":\"City of Miami Beach\"},\"image\":{\"@id\":\"https:\\\/\\\/www.miamibeachfl.gov\\\/#\\\/schema\\\/logo\\\/image\\\/\"},\"sameAs\":[\"https:\\\/\\\/www.facebook.com\\\/cityofmiamibeach\",\"https:\\\/\\\/x.com\\\/Miamibeachnews\",\"https:\\\/\\\/www.instagram.com\\\/miamibeachnews\\\/\"],\"description\":\"The official website of the City of Miami Beach. Stay informed, find important information on city services, news, alerts, events, trolley routes, government employment and more.\",\"telephone\":\"305.604.CITY(2489)\",\"legalName\":\"City of Miami Beach\"}]}<\/script>\n<!-- \/ Yoast SEO Premium plugin. -->","yoast_head_json":{"title":"Solicitud de inspecci\u00f3n - Ciudad de Miami Beach","description":"%","robots":{"index":"index","follow":"follow","max-snippet":"max-snippet:-1","max-image-preview":"max-image-preview:large","max-video-preview":"max-video-preview:-1"},"canonical":"https:\/\/www.miamibeachfl.gov\/es\/city-hall\/public-works\/elevator-division\/requesting-an-inspection\/","og_locale":"es_ES","og_type":"article","og_title":"Requesting An Inspection","og_description":"%","og_url":"https:\/\/www.miamibeachfl.gov\/es\/city-hall\/public-works\/elevator-division\/requesting-an-inspection\/","og_site_name":"City of Miami Beach","article_publisher":"https:\/\/www.facebook.com\/cityofmiamibeach","article_modified_time":"2026-03-03T14:55:19+00:00","og_image":[{"url":"https:\/\/www.miamibeachfl.gov\/wp-content\/uploads\/2022\/07\/hero-small.jpg","type":"","width":"","height":""}],"twitter_card":"summary_large_image","twitter_site":"@Miamibeachnews","schema":{"@context":"https:\/\/schema.org","@graph":[{"@type":"WebPage","@id":"https:\/\/www.miamibeachfl.gov\/city-hall\/public-works\/elevator-division\/requesting-an-inspection\/","url":"https:\/\/www.miamibeachfl.gov\/city-hall\/public-works\/elevator-division\/requesting-an-inspection\/","name":"Solicitud de inspecci\u00f3n - Ciudad de Miami Beach","isPartOf":{"@id":"https:\/\/www.miamibeachfl.gov\/#website"},"primaryImageOfPage":{"@id":"https:\/\/www.miamibeachfl.gov\/city-hall\/public-works\/elevator-division\/requesting-an-inspection\/#primaryimage"},"image":{"@id":"https:\/\/www.miamibeachfl.gov\/city-hall\/public-works\/elevator-division\/requesting-an-inspection\/#primaryimage"},"thumbnailUrl":"https:\/\/www.miamibeachfl.gov\/wp-content\/uploads\/2022\/07\/hero-small.jpg","datePublished":"2017-08-11T00:10:13+00:00","dateModified":"2026-03-03T14:55:19+00:00","description":"%","breadcrumb":{"@id":"https:\/\/www.miamibeachfl.gov\/city-hall\/public-works\/elevator-division\/requesting-an-inspection\/#breadcrumb"},"inLanguage":"es","potentialAction":[{"@type":"ReadAction","target":["https:\/\/www.miamibeachfl.gov\/city-hall\/public-works\/elevator-division\/requesting-an-inspection\/"]}]},{"@type":"ImageObject","inLanguage":"es","@id":"https:\/\/www.miamibeachfl.gov\/city-hall\/public-works\/elevator-division\/requesting-an-inspection\/#primaryimage","url":"https:\/\/www.miamibeachfl.gov\/wp-content\/uploads\/2022\/07\/hero-small.jpg","contentUrl":"https:\/\/www.miamibeachfl.gov\/wp-content\/uploads\/2022\/07\/hero-small.jpg"},{"@type":"BreadcrumbList","@id":"https:\/\/www.miamibeachfl.gov\/city-hall\/public-works\/elevator-division\/requesting-an-inspection\/#breadcrumb","itemListElement":[{"@type":"ListItem","position":1,"name":"Home","item":"https:\/\/www.miamibeachfl.gov\/"},{"@type":"ListItem","position":2,"name":"City Hall","item":"https:\/\/www.miamibeachfl.gov\/city-hall\/"},{"@type":"ListItem","position":3,"name":"Public Works","item":"https:\/\/www.miamibeachfl.gov\/city-hall\/public-works\/"},{"@type":"ListItem","position":4,"name":"Elevator Division","item":"https:\/\/www.miamibeachfl.gov\/city-hall\/public-works\/elevator-division\/"},{"@type":"ListItem","position":5,"name":"Requesting An Inspection"}]},{"@type":"WebSite","@id":"https:\/\/www.miamibeachfl.gov\/#website","url":"https:\/\/www.miamibeachfl.gov\/","name":"Ciudad de Miami Beach","description":"Sitio web oficial de la Ciudad de Miami Beach. Mant\u00e9ngase informado, encuentre informaci\u00f3n importante sobre servicios municipales, noticias, alertas, eventos, rutas de tranv\u00edas, empleos gubernamentales y m\u00e1s.","publisher":{"@id":"https:\/\/www.miamibeachfl.gov\/#organization"},"potentialAction":[{"@type":"SearchAction","target":{"@type":"EntryPoint","urlTemplate":"https:\/\/www.miamibeachfl.gov\/?s={search_term_string}"},"query-input":{"@type":"PropertyValueSpecification","valueRequired":true,"valueName":"search_term_string"}}],"inLanguage":"es"},{"@type":"Organization","@id":"https:\/\/www.miamibeachfl.gov\/#organization","name":"Ciudad de Miami Beach","url":"https:\/\/www.miamibeachfl.gov\/","logo":{"@type":"ImageObject","inLanguage":"es","@id":"https:\/\/www.miamibeachfl.gov\/#\/schema\/logo\/image\/","url":"https:\/\/www.miamibeachfl.gov\/wp-content\/uploads\/2022\/06\/miamibeach-logoblue.png","contentUrl":"https:\/\/www.miamibeachfl.gov\/wp-content\/uploads\/2022\/06\/miamibeach-logoblue.png","width":1962,"height":381,"caption":"City of Miami Beach"},"image":{"@id":"https:\/\/www.miamibeachfl.gov\/#\/schema\/logo\/image\/"},"sameAs":["https:\/\/www.facebook.com\/cityofmiamibeach","https:\/\/x.com\/Miamibeachnews","https:\/\/www.instagram.com\/miamibeachnews\/"],"description":"Sitio web oficial de la Ciudad de Miami Beach. Mant\u00e9ngase informado, encuentre informaci\u00f3n importante sobre servicios municipales, noticias, alertas, eventos, rutas de tranv\u00edas, empleos gubernamentales y m\u00e1s.","telephone":"305.604.CITY(2489)","legalName":"City of Miami Beach"}]}},"_links":{"self":[{"href":"https:\/\/www.miamibeachfl.gov\/es\/wp-json\/wp\/v2\/pages\/28947","targetHints":{"allow":["GET"]}}],"collection":[{"href":"https:\/\/www.miamibeachfl.gov\/es\/wp-json\/wp\/v2\/pages"}],"about":[{"href":"https:\/\/www.miamibeachfl.gov\/es\/wp-json\/wp\/v2\/types\/page"}],"author":[{"embeddable":true,"href":"https:\/\/www.miamibeachfl.gov\/es\/wp-json\/wp\/v2\/users\/222"}],"replies":[{"embeddable":true,"href":"https:\/\/www.miamibeachfl.gov\/es\/wp-json\/wp\/v2\/comments?post=28947"}],"version-history":[{"count":2,"href":"https:\/\/www.miamibeachfl.gov\/es\/wp-json\/wp\/v2\/pages\/28947\/revisions"}],"predecessor-version":[{"id":397018,"href":"https:\/\/www.miamibeachfl.gov\/es\/wp-json\/wp\/v2\/pages\/28947\/revisions\/397018"}],"up":[{"embeddable":true,"href":"https:\/\/www.miamibeachfl.gov\/es\/wp-json\/wp\/v2\/pages\/28943"}],"wp:attachment":[{"href":"https:\/\/www.miamibeachfl.gov\/es\/wp-json\/wp\/v2\/media?parent=28947"}],"wp:term":[{"taxonomy":"category","embeddable":true,"href":"https:\/\/www.miamibeachfl.gov\/es\/wp-json\/wp\/v2\/categories?post=28947"},{"taxonomy":"post_tag","embeddable":true,"href":"https:\/\/www.miamibeachfl.gov\/es\/wp-json\/wp\/v2\/tags?post=28947"}],"curies":[{"name":"gracias","href":"https:\/\/api.w.org\/{rel}","templated":true}]}}