{"id":28979,"date":"2017-08-11T00:10:35","date_gmt":"2017-08-11T00:10:35","guid":{"rendered":"http:\/\/www.miamibeachfl.gov\/city-hall\/public-works\/table-of-contents-details\/section-1-a-surveying-standards-and-requirements\/"},"modified":"2018-01-26T15:33:01","modified_gmt":"2018-01-26T20:33:01","slug":"section-1-a-surveying-standards-and-requirements","status":"publish","type":"page","link":"https:\/\/www.miamibeachfl.gov\/es\/city-hall\/public-works\/engineering-division\/section-1-a-surveying-standards-and-requirements\/","title":{"rendered":"Secci\u00f3n 1 A. Normas y requisitos de topograf\u00eda"},"content":{"rendered":"<\/p>\n<table>\n<caption>SECCI\u00d3N 1 CRITERIOS EST\u00c1NDAR DE DISE\u00d1O Y PRODUCCI\u00d3N DEL PLAN<\/caption>\n<tbody>\n<tr>\n<td>\n<p><strong>SECCI\u00d3N 1 CRITERIOS EST\u00c1NDAR DE DISE\u00d1O Y PRODUCCI\u00d3N DEL PLAN<\/strong><\/p>\n<p><strong>A. Normas y requisitos de topograf\u00eda<\/strong><\/p>\n<p>Requisitos para los estudios topogr\u00e1ficos dentro del derecho de paso de la ciudad<\/p>\n<p>El levantamiento topogr\u00e1fico ser\u00e1 realizado por un agrimensor profesional del Estado de Florida, de conformidad con el Cap\u00edtulo 472.027 de los Estatutos de Florida, y deber\u00e1 cumplir con los est\u00e1ndares t\u00e9cnicos m\u00ednimos establecidos en el Cap\u00edtulo 61G17-6, FAC. Todos los archivos del levantamiento topogr\u00e1fico se preparar\u00e1n en formato AutoCAD, siguiendo los est\u00e1ndares de la Ciudad de Miami Beach.<\/p>\n<p>Requisitos generales: Como m\u00ednimo, los estudios topogr\u00e1ficos abordar\u00e1n lo siguiente:<\/p>\n<p>\u2022 Establecer una l\u00ednea base con estaciones de 100 pies. Los monumentos, seg\u00fan lo exige el Cap\u00edtulo 61G17-6 del C\u00f3digo Administrativo de Florida y el Cap\u00edtulo 472.027 de los Estatutos de Florida, ser\u00e1n establecidos por el Agrimensor a lo largo de la l\u00ednea base en todos los cambios de alineaci\u00f3n, puntos de curvatura, esquinas de manzanas y en todas las intersecciones de calles. La l\u00ednea base del levantamiento topogr\u00e1fico se vincular\u00e1 con el derecho de paso y los monumentos de terreno seccionalizados. Cada agrimensor ser\u00e1 responsable de obtener la informaci\u00f3n sobre el derecho de paso de los registros disponibles.<\/p>\n<p>El top\u00f3grafo establecer\u00e1 puntos de referencia en ubicaciones convenientes a lo largo del corredor, que se utilizar\u00e1n durante las fases de dise\u00f1o y construcci\u00f3n del proyecto. Como m\u00ednimo, se establecer\u00e1n puntos de referencia permanentes a intervalos de 305 metros a lo largo del trazado. El top\u00f3grafo conectar\u00e1 al menos dos monumentos gubernamentales del condado existentes al circuito vertical y tomar\u00e1 secciones transversales a intervalos de 30 metros a lo largo de todo el corredor del proyecto. Los puntos de referencia se derivar\u00e1n de los puntos de referencia gubernamentales existentes y se incorporar\u00e1n al sistema propuesto mediante procedimientos de segundo orden, clase II. Los datos del estudio incluir\u00e1n una lista completa de las ubicaciones de los puntos de referencia.<\/p>\n<p>\u2022 Las elevaciones de la secci\u00f3n transversal deben definir todos los quiebres de nivel, tales como intersecciones, cunetas, bordes del pavimento, l\u00ednea central del pavimento, bordillos y cunetas, bordes de la acera, conexiones de caminos de acceso, l\u00ednea de derecho de paso, borde del desplazamiento de 25 pies del derecho de paso, invasiones (tanto naturales como incorporadas), etc.<\/p>\n<p>\u2022 El agrimensor deber\u00e1 localizar e identificar todas las mejoras superficiales visibles y las caracter\u00edsticas topogr\u00e1ficas que existan a lo largo del ancho del corredor, tales como las siguientes:<\/p>\n<p>\u2022 Cajas de v\u00e1lvulas existentes, cajas de medidores de agua\/electricidad, cajas de tiro el\u00e9ctrico, tuber\u00edas verticales de tel\u00e9fono\/cable, cercas, hidrantes, etc.<\/p>\n<p>Servicios p\u00fablicos sobre el suelo y subterr\u00e1neos, elevaciones de los servicios p\u00fablicos subterr\u00e1neos accesibles, postes de madera u hormig\u00f3n, alcantarillas, barandillas, l\u00edmites de pavimento, muros de cabecera, muros de remate, pozos de registro, b\u00f3vedas, buzones, entradas de veh\u00edculos, calles laterales, \u00e1rboles, paisajismo, se\u00f1alizaci\u00f3n vial y cualquier otra mejora observada. Tenga en cuenta que el estudio topogr\u00e1fico identificar\u00e1 el material y la altura de la cerca, los l\u00edmites de la vegetaci\u00f3n para paisajismo y los materiales de construcci\u00f3n de las entradas de veh\u00edculos, as\u00ed como las intrusiones en propiedad privada (es decir, paisajismo, aleros, mejoras, etc.).<\/p>\n<p>\u2022 Los l\u00edmites del estudio incluir\u00e1n todo el derecho de paso y una superposici\u00f3n adicional de 25 pies a cada lado del derecho de paso.<\/p>\n<p>\u2022 Todas las ubicaciones estar\u00e1n vinculadas al Sistema de coordenadas del plano estatal de Florida, zona este (NAD 83\/90).<\/p>\n<p>\u2022 Todo control vertical deber\u00e1 ser el Datum de la Ciudad de Miami Beach (Datum de la Bah\u00eda de Agua Baja Media).<\/p>\n<p>\u2022 Los datos de la encuesta indicar\u00e1n la geometr\u00eda de los planos perimetrales de propiedad privada (incluyendo cercas, paisajismo y caminos de acceso).<\/p>\n<p>El agrimensor deber\u00e1 coordinar con cada agencia de servicios p\u00fablicos en un esfuerzo por identificar la ubicaci\u00f3n de todos los servicios p\u00fablicos subterr\u00e1neos existentes en caso de que se necesite esta informaci\u00f3n.\n<\/p>\n<\/td>\n<\/tr>\n<\/tbody>\n<\/table>\n<p>\u00a0<\/p>","protected":false},"excerpt":{"rendered":"<p>SECTION 1 STANDARD DESIGN AND PLAN PRODUCTION CRITERIA SECTION 1 STANDARD DESIGN AND PLAN PRODUCTION CRITERIA A. Surveying Standards and [&hellip;]<\/p>\n","protected":false},"author":222,"featured_media":0,"parent":28940,"menu_order":183,"comment_status":"closed","ping_status":"closed","template":"","meta":{"_searchwp_excluded":"","site-sidebar-layout":"default","site-content-layout":"","ast-site-content-layout":"default","site-content-style":"default","site-sidebar-style":"default","ast-global-header-display":"","ast-banner-title-visibility":"","ast-main-header-display":"","ast-hfb-above-header-display":"","ast-hfb-below-header-display":"","ast-hfb-mobile-header-display":"","site-post-title":"","ast-breadcrumbs-content":"","ast-featured-img":"","footer-sml-layout":"","theme-transparent-header-meta":"","adv-header-id-meta":"","stick-header-meta":"","header-above-stick-meta":"","header-main-stick-meta":"","header-below-stick-meta":"","astra-migrate-meta-layouts":"default","ast-page-background-enabled":"default","ast-page-background-meta":{"desktop":{"background-color":"var(--ast-global-color-5)","background-image":"","background-repeat":"repeat","background-position":"center center","background-size":"auto","background-attachment":"scroll","background-type":"","background-media":"","overlay-type":"","overlay-color":"","overlay-opacity":"","overlay-gradient":""},"tablet":{"background-color":"","background-image":"","background-repeat":"repeat","background-position":"center center","background-size":"auto","background-attachment":"scroll","background-type":"","background-media":"","overlay-type":"","overlay-color":"","overlay-opacity":"","overlay-gradient":""},"mobile":{"background-color":"","background-image":"","background-repeat":"repeat","background-position":"center center","background-size":"auto","background-attachment":"scroll","background-type":"","background-media":"","overlay-type":"","overlay-color":"","overlay-opacity":"","overlay-gradient":""}},"ast-content-background-meta":{"desktop":{"background-color":"var(--ast-global-color-4)","background-image":"","background-repeat":"repeat","background-position":"center center","background-size":"auto","background-attachment":"scroll","background-type":"","background-media":"","overlay-type":"","overlay-color":"","overlay-opacity":"","overlay-gradient":""},"tablet":{"background-color":"var(--ast-global-color-4)","background-image":"","background-repeat":"repeat","background-position":"center center","background-size":"auto","background-attachment":"scroll","background-type":"","background-media":"","overlay-type":"","overlay-color":"","overlay-opacity":"","overlay-gradient":""},"mobile":{"background-color":"var(--ast-global-color-4)","background-image":"","background-repeat":"repeat","background-position":"center center","background-size":"auto","background-attachment":"scroll","background-type":"","background-media":"","overlay-type":"","overlay-color":"","overlay-opacity":"","overlay-gradient":""}},"footnotes":""},"categories":[],"tags":[],"class_list":["post-28979","page","type-page","status-publish","hentry"],"yoast_head":"<!-- This site is optimized with the Yoast SEO Premium plugin v27.4 (Yoast SEO v27.4) - https:\/\/yoast.com\/product\/yoast-seo-premium-wordpress\/ -->\n<title>Section 1  A. Surveying Standards And Requirements - City of Miami Beach<\/title>\n<meta name=\"description\" content=\"%\" \/>\n<meta name=\"robots\" content=\"index, follow, max-snippet:-1, max-image-preview:large, max-video-preview:-1\" \/>\n<link rel=\"canonical\" href=\"https:\/\/www.miamibeachfl.gov\/es\/city-hall\/public-works\/engineering-division\/section-1-a-surveying-standards-and-requirements\/\" \/>\n<meta property=\"og:locale\" content=\"es_ES\" \/>\n<meta property=\"og:type\" content=\"article\" \/>\n<meta property=\"og:title\" content=\"Section 1  A. Surveying Standards And Requirements\" \/>\n<meta property=\"og:description\" content=\"%\" \/>\n<meta property=\"og:url\" content=\"https:\/\/www.miamibeachfl.gov\/es\/city-hall\/public-works\/engineering-division\/section-1-a-surveying-standards-and-requirements\/\" \/>\n<meta property=\"og:site_name\" content=\"City of Miami Beach\" \/>\n<meta property=\"article:publisher\" content=\"https:\/\/www.facebook.com\/cityofmiamibeach\" \/>\n<meta property=\"article:modified_time\" content=\"2018-01-26T20:33:01+00:00\" \/>\n<meta property=\"og:image\" content=\"https:\/\/www.miamibeachfl.gov\/wp-content\/uploads\/2024\/01\/1000pxSquare-miamibeach-aerial-southpointview.jpeg\" \/>\n\t<meta property=\"og:image:width\" content=\"1000\" \/>\n\t<meta property=\"og:image:height\" content=\"1000\" \/>\n\t<meta property=\"og:image:type\" content=\"image\/jpeg\" \/>\n<meta name=\"twitter:card\" content=\"summary_large_image\" \/>\n<meta name=\"twitter:site\" content=\"@Miamibeachnews\" \/>\n<script type=\"application\/ld+json\" class=\"yoast-schema-graph\">{\"@context\":\"https:\\\/\\\/schema.org\",\"@graph\":[{\"@type\":\"WebPage\",\"@id\":\"https:\\\/\\\/www.miamibeachfl.gov\\\/city-hall\\\/public-works\\\/engineering-division\\\/section-1-a-surveying-standards-and-requirements\\\/\",\"url\":\"https:\\\/\\\/www.miamibeachfl.gov\\\/city-hall\\\/public-works\\\/engineering-division\\\/section-1-a-surveying-standards-and-requirements\\\/\",\"name\":\"Section 1 A. Surveying Standards And Requirements - City of Miami Beach\",\"isPartOf\":{\"@id\":\"https:\\\/\\\/www.miamibeachfl.gov\\\/#website\"},\"datePublished\":\"2017-08-11T00:10:35+00:00\",\"dateModified\":\"2018-01-26T20:33:01+00:00\",\"description\":\"%\",\"breadcrumb\":{\"@id\":\"https:\\\/\\\/www.miamibeachfl.gov\\\/city-hall\\\/public-works\\\/engineering-division\\\/section-1-a-surveying-standards-and-requirements\\\/#breadcrumb\"},\"inLanguage\":\"es\",\"potentialAction\":[{\"@type\":\"ReadAction\",\"target\":[\"https:\\\/\\\/www.miamibeachfl.gov\\\/city-hall\\\/public-works\\\/engineering-division\\\/section-1-a-surveying-standards-and-requirements\\\/\"]}]},{\"@type\":\"BreadcrumbList\",\"@id\":\"https:\\\/\\\/www.miamibeachfl.gov\\\/city-hall\\\/public-works\\\/engineering-division\\\/section-1-a-surveying-standards-and-requirements\\\/#breadcrumb\",\"itemListElement\":[{\"@type\":\"ListItem\",\"position\":1,\"name\":\"Home\",\"item\":\"https:\\\/\\\/www.miamibeachfl.gov\\\/\"},{\"@type\":\"ListItem\",\"position\":2,\"name\":\"City Hall\",\"item\":\"https:\\\/\\\/www.miamibeachfl.gov\\\/city-hall\\\/\"},{\"@type\":\"ListItem\",\"position\":3,\"name\":\"Public Works\",\"item\":\"https:\\\/\\\/www.miamibeachfl.gov\\\/city-hall\\\/public-works\\\/\"},{\"@type\":\"ListItem\",\"position\":4,\"name\":\"Engineering Division\",\"item\":\"https:\\\/\\\/www.miamibeachfl.gov\\\/city-hall\\\/public-works\\\/engineering-division\\\/\"},{\"@type\":\"ListItem\",\"position\":5,\"name\":\"Section 1 A. Surveying Standards And Requirements\"}]},{\"@type\":\"WebSite\",\"@id\":\"https:\\\/\\\/www.miamibeachfl.gov\\\/#website\",\"url\":\"https:\\\/\\\/www.miamibeachfl.gov\\\/\",\"name\":\"City of Miami Beach\",\"description\":\"The official website of the City of Miami Beach. Stay informed, find important information on city services, news, alerts, events, trolley routes, government employment and more.\",\"publisher\":{\"@id\":\"https:\\\/\\\/www.miamibeachfl.gov\\\/#organization\"},\"potentialAction\":[{\"@type\":\"SearchAction\",\"target\":{\"@type\":\"EntryPoint\",\"urlTemplate\":\"https:\\\/\\\/www.miamibeachfl.gov\\\/?s={search_term_string}\"},\"query-input\":{\"@type\":\"PropertyValueSpecification\",\"valueRequired\":true,\"valueName\":\"search_term_string\"}}],\"inLanguage\":\"es\"},{\"@type\":\"Organization\",\"@id\":\"https:\\\/\\\/www.miamibeachfl.gov\\\/#organization\",\"name\":\"City of Miami Beach\",\"url\":\"https:\\\/\\\/www.miamibeachfl.gov\\\/\",\"logo\":{\"@type\":\"ImageObject\",\"inLanguage\":\"es\",\"@id\":\"https:\\\/\\\/www.miamibeachfl.gov\\\/#\\\/schema\\\/logo\\\/image\\\/\",\"url\":\"https:\\\/\\\/www.miamibeachfl.gov\\\/wp-content\\\/uploads\\\/2022\\\/06\\\/miamibeach-logoblue.png\",\"contentUrl\":\"https:\\\/\\\/www.miamibeachfl.gov\\\/wp-content\\\/uploads\\\/2022\\\/06\\\/miamibeach-logoblue.png\",\"width\":1962,\"height\":381,\"caption\":\"City of Miami Beach\"},\"image\":{\"@id\":\"https:\\\/\\\/www.miamibeachfl.gov\\\/#\\\/schema\\\/logo\\\/image\\\/\"},\"sameAs\":[\"https:\\\/\\\/www.facebook.com\\\/cityofmiamibeach\",\"https:\\\/\\\/x.com\\\/Miamibeachnews\",\"https:\\\/\\\/www.instagram.com\\\/miamibeachnews\\\/\"],\"description\":\"The official website of the City of Miami Beach. Stay informed, find important information on city services, news, alerts, events, trolley routes, government employment and more.\",\"telephone\":\"305.604.CITY(2489)\",\"legalName\":\"City of Miami Beach\"}]}<\/script>\n<!-- \/ Yoast SEO Premium plugin. -->","yoast_head_json":{"title":"Secci\u00f3n 1 A. Normas y requisitos topogr\u00e1ficos - Ciudad de Miami Beach","description":"%","robots":{"index":"index","follow":"follow","max-snippet":"max-snippet:-1","max-image-preview":"max-image-preview:large","max-video-preview":"max-video-preview:-1"},"canonical":"https:\/\/www.miamibeachfl.gov\/es\/city-hall\/public-works\/engineering-division\/section-1-a-surveying-standards-and-requirements\/","og_locale":"es_ES","og_type":"article","og_title":"Section 1  A. Surveying Standards And Requirements","og_description":"%","og_url":"https:\/\/www.miamibeachfl.gov\/es\/city-hall\/public-works\/engineering-division\/section-1-a-surveying-standards-and-requirements\/","og_site_name":"City of Miami Beach","article_publisher":"https:\/\/www.facebook.com\/cityofmiamibeach","article_modified_time":"2018-01-26T20:33:01+00:00","og_image":[{"width":1000,"height":1000,"url":"https:\/\/www.miamibeachfl.gov\/wp-content\/uploads\/2024\/01\/1000pxSquare-miamibeach-aerial-southpointview.jpeg","type":"image\/jpeg"}],"twitter_card":"summary_large_image","twitter_site":"@Miamibeachnews","schema":{"@context":"https:\/\/schema.org","@graph":[{"@type":"WebPage","@id":"https:\/\/www.miamibeachfl.gov\/city-hall\/public-works\/engineering-division\/section-1-a-surveying-standards-and-requirements\/","url":"https:\/\/www.miamibeachfl.gov\/city-hall\/public-works\/engineering-division\/section-1-a-surveying-standards-and-requirements\/","name":"Secci\u00f3n 1 A. Normas y requisitos topogr\u00e1ficos - Ciudad de Miami Beach","isPartOf":{"@id":"https:\/\/www.miamibeachfl.gov\/#website"},"datePublished":"2017-08-11T00:10:35+00:00","dateModified":"2018-01-26T20:33:01+00:00","description":"%","breadcrumb":{"@id":"https:\/\/www.miamibeachfl.gov\/city-hall\/public-works\/engineering-division\/section-1-a-surveying-standards-and-requirements\/#breadcrumb"},"inLanguage":"es","potentialAction":[{"@type":"ReadAction","target":["https:\/\/www.miamibeachfl.gov\/city-hall\/public-works\/engineering-division\/section-1-a-surveying-standards-and-requirements\/"]}]},{"@type":"BreadcrumbList","@id":"https:\/\/www.miamibeachfl.gov\/city-hall\/public-works\/engineering-division\/section-1-a-surveying-standards-and-requirements\/#breadcrumb","itemListElement":[{"@type":"ListItem","position":1,"name":"Home","item":"https:\/\/www.miamibeachfl.gov\/"},{"@type":"ListItem","position":2,"name":"City Hall","item":"https:\/\/www.miamibeachfl.gov\/city-hall\/"},{"@type":"ListItem","position":3,"name":"Public Works","item":"https:\/\/www.miamibeachfl.gov\/city-hall\/public-works\/"},{"@type":"ListItem","position":4,"name":"Engineering Division","item":"https:\/\/www.miamibeachfl.gov\/city-hall\/public-works\/engineering-division\/"},{"@type":"ListItem","position":5,"name":"Section 1 A. Surveying Standards And Requirements"}]},{"@type":"WebSite","@id":"https:\/\/www.miamibeachfl.gov\/#website","url":"https:\/\/www.miamibeachfl.gov\/","name":"Ciudad de Miami Beach","description":"Sitio web oficial de la Ciudad de Miami Beach. Mant\u00e9ngase informado, encuentre informaci\u00f3n importante sobre servicios municipales, noticias, alertas, eventos, rutas de tranv\u00edas, empleos gubernamentales y m\u00e1s.","publisher":{"@id":"https:\/\/www.miamibeachfl.gov\/#organization"},"potentialAction":[{"@type":"SearchAction","target":{"@type":"EntryPoint","urlTemplate":"https:\/\/www.miamibeachfl.gov\/?s={search_term_string}"},"query-input":{"@type":"PropertyValueSpecification","valueRequired":true,"valueName":"search_term_string"}}],"inLanguage":"es"},{"@type":"Organization","@id":"https:\/\/www.miamibeachfl.gov\/#organization","name":"Ciudad de Miami Beach","url":"https:\/\/www.miamibeachfl.gov\/","logo":{"@type":"ImageObject","inLanguage":"es","@id":"https:\/\/www.miamibeachfl.gov\/#\/schema\/logo\/image\/","url":"https:\/\/www.miamibeachfl.gov\/wp-content\/uploads\/2022\/06\/miamibeach-logoblue.png","contentUrl":"https:\/\/www.miamibeachfl.gov\/wp-content\/uploads\/2022\/06\/miamibeach-logoblue.png","width":1962,"height":381,"caption":"City of Miami Beach"},"image":{"@id":"https:\/\/www.miamibeachfl.gov\/#\/schema\/logo\/image\/"},"sameAs":["https:\/\/www.facebook.com\/cityofmiamibeach","https:\/\/x.com\/Miamibeachnews","https:\/\/www.instagram.com\/miamibeachnews\/"],"description":"Sitio web oficial de la Ciudad de Miami Beach. Mant\u00e9ngase informado, encuentre informaci\u00f3n importante sobre servicios municipales, noticias, alertas, eventos, rutas de tranv\u00edas, empleos gubernamentales y m\u00e1s.","telephone":"305.604.CITY(2489)","legalName":"City of Miami Beach"}]}},"_links":{"self":[{"href":"https:\/\/www.miamibeachfl.gov\/es\/wp-json\/wp\/v2\/pages\/28979","targetHints":{"allow":["GET"]}}],"collection":[{"href":"https:\/\/www.miamibeachfl.gov\/es\/wp-json\/wp\/v2\/pages"}],"about":[{"href":"https:\/\/www.miamibeachfl.gov\/es\/wp-json\/wp\/v2\/types\/page"}],"author":[{"embeddable":true,"href":"https:\/\/www.miamibeachfl.gov\/es\/wp-json\/wp\/v2\/users\/222"}],"replies":[{"embeddable":true,"href":"https:\/\/www.miamibeachfl.gov\/es\/wp-json\/wp\/v2\/comments?post=28979"}],"version-history":[{"count":0,"href":"https:\/\/www.miamibeachfl.gov\/es\/wp-json\/wp\/v2\/pages\/28979\/revisions"}],"up":[{"embeddable":true,"href":"https:\/\/www.miamibeachfl.gov\/es\/wp-json\/wp\/v2\/pages\/28940"}],"wp:attachment":[{"href":"https:\/\/www.miamibeachfl.gov\/es\/wp-json\/wp\/v2\/media?parent=28979"}],"wp:term":[{"taxonomy":"category","embeddable":true,"href":"https:\/\/www.miamibeachfl.gov\/es\/wp-json\/wp\/v2\/categories?post=28979"},{"taxonomy":"post_tag","embeddable":true,"href":"https:\/\/www.miamibeachfl.gov\/es\/wp-json\/wp\/v2\/tags?post=28979"}],"curies":[{"name":"gracias","href":"https:\/\/api.w.org\/{rel}","templated":true}]}}