{"id":29088,"date":"2017-08-11T00:11:46","date_gmt":"2017-08-11T00:11:46","guid":{"rendered":"http:\/\/www.miamibeachfl.gov\/city-hall\/public-works\/table-of-contents-details\/section-2-c-maintenance-of-traffic-requirements\/"},"modified":"2018-01-26T15:33:54","modified_gmt":"2018-01-26T20:33:54","slug":"section-2-c-maintenance-of-traffic-requirements","status":"publish","type":"page","link":"https:\/\/www.miamibeachfl.gov\/es\/city-hall\/public-works\/engineering-division\/section-2-c-maintenance-of-traffic-requirements\/","title":{"rendered":"Secci\u00f3n 2 C. Mantenimiento de los requisitos de tr\u00e1fico"},"content":{"rendered":"<\/p>\n<table>\n<caption>Mantenimiento de los requisitos de tr\u00e1fico<\/caption>\n<tbody>\n<tr>\n<td>\n<p><strong>SECCI\u00d3N 2 REQUISITOS DE CONSTRUCCI\u00d3N DE DERECHOS DE V\u00cdA<\/strong><\/p>\n<p><strong>C. Mantenimiento de los requisitos de tr\u00e1fico<\/strong><\/p>\n<p>Los planes de Mantenimiento del Tr\u00e1fico deben ser dise\u00f1ados y desarrollados por un Especialista Certificado en Mantenimiento del Tr\u00e1fico cuando el flujo vehicular normal se vea afectado, causando situaciones inesperadas o confusas en la ruta de tr\u00e1nsito para conductores\/peatones al ingresar a zonas de obras sin aviso previo. Los controles de tr\u00e1fico en las zonas de obras de Mantenimiento del Tr\u00e1fico separan y protegen a trabajadores, peatones y conductores, delimitando las \u00e1reas cerradas al tr\u00e1fico.<\/p>\n<p>Los planes de mantenimiento de tr\u00e1fico deben dise\u00f1arse de acuerdo con los manuales de control de tr\u00e1fico de zonas de obras est\u00e1ndar, como MUTCD (Manual de dispositivos de control de tr\u00e1fico uniforme), FDOT (Departamento de Transporte de Florida) y los est\u00e1ndares de dise\u00f1o de carreteras y tr\u00e1fico que hacen referencia a la serie de \u00edndices 400\/600 cuando corresponda.<\/p>\n<p>Los Planes de Mantenimiento de Tr\u00e1fico presentados al Departamento de Obras P\u00fablicas ser\u00e1n revisados y aprobados por el Ingeniero de la Ciudad antes de su implementaci\u00f3n.<\/p>\n<p>\n<\/p>\n<\/td>\n<\/tr>\n<\/tbody>\n<\/table>\n<p>\u00a0<\/p>","protected":false},"excerpt":{"rendered":"<p>Maintenance of Traffic Requirements SECTION 2 RIGHTS-OF-WAY CONSTRUCTION REQUIREMENTS C. Maintenance of Traffic Requirements Maintenance of Traffic plans should be [&hellip;]<\/p>\n","protected":false},"author":222,"featured_media":0,"parent":28940,"menu_order":183,"comment_status":"closed","ping_status":"closed","template":"","meta":{"_searchwp_excluded":"","site-sidebar-layout":"default","site-content-layout":"","ast-site-content-layout":"default","site-content-style":"default","site-sidebar-style":"default","ast-global-header-display":"","ast-banner-title-visibility":"","ast-main-header-display":"","ast-hfb-above-header-display":"","ast-hfb-below-header-display":"","ast-hfb-mobile-header-display":"","site-post-title":"","ast-breadcrumbs-content":"","ast-featured-img":"","footer-sml-layout":"","ast-disable-related-posts":"","theme-transparent-header-meta":"","adv-header-id-meta":"","stick-header-meta":"","header-above-stick-meta":"","header-main-stick-meta":"","header-below-stick-meta":"","astra-migrate-meta-layouts":"default","ast-page-background-enabled":"default","ast-page-background-meta":{"desktop":{"background-color":"var(--ast-global-color-5)","background-image":"","background-repeat":"repeat","background-position":"center center","background-size":"auto","background-attachment":"scroll","background-type":"","background-media":"","overlay-type":"","overlay-color":"","overlay-opacity":"","overlay-gradient":""},"tablet":{"background-color":"","background-image":"","background-repeat":"repeat","background-position":"center center","background-size":"auto","background-attachment":"scroll","background-type":"","background-media":"","overlay-type":"","overlay-color":"","overlay-opacity":"","overlay-gradient":""},"mobile":{"background-color":"","background-image":"","background-repeat":"repeat","background-position":"center center","background-size":"auto","background-attachment":"scroll","background-type":"","background-media":"","overlay-type":"","overlay-color":"","overlay-opacity":"","overlay-gradient":""}},"ast-content-background-meta":{"desktop":{"background-color":"var(--ast-global-color-4)","background-image":"","background-repeat":"repeat","background-position":"center center","background-size":"auto","background-attachment":"scroll","background-type":"","background-media":"","overlay-type":"","overlay-color":"","overlay-opacity":"","overlay-gradient":""},"tablet":{"background-color":"var(--ast-global-color-4)","background-image":"","background-repeat":"repeat","background-position":"center center","background-size":"auto","background-attachment":"scroll","background-type":"","background-media":"","overlay-type":"","overlay-color":"","overlay-opacity":"","overlay-gradient":""},"mobile":{"background-color":"var(--ast-global-color-4)","background-image":"","background-repeat":"repeat","background-position":"center center","background-size":"auto","background-attachment":"scroll","background-type":"","background-media":"","overlay-type":"","overlay-color":"","overlay-opacity":"","overlay-gradient":""}},"footnotes":""},"categories":[],"tags":[],"class_list":["post-29088","page","type-page","status-publish","hentry"],"yoast_head":"<!-- This site is optimized with the Yoast SEO Premium plugin v27.4 (Yoast SEO v27.4) - https:\/\/yoast.com\/product\/yoast-seo-premium-wordpress\/ -->\n<title>Section 2  C. Maintenance Of Traffic Requirements - City of Miami Beach<\/title>\n<meta name=\"description\" content=\"%\" \/>\n<meta name=\"robots\" content=\"index, follow, max-snippet:-1, max-image-preview:large, max-video-preview:-1\" \/>\n<link rel=\"canonical\" href=\"https:\/\/www.miamibeachfl.gov\/es\/city-hall\/public-works\/engineering-division\/section-2-c-maintenance-of-traffic-requirements\/\" \/>\n<meta property=\"og:locale\" content=\"es_ES\" \/>\n<meta property=\"og:type\" content=\"article\" \/>\n<meta property=\"og:title\" content=\"Section 2  C. Maintenance Of Traffic Requirements\" \/>\n<meta property=\"og:description\" content=\"%\" \/>\n<meta property=\"og:url\" content=\"https:\/\/www.miamibeachfl.gov\/es\/city-hall\/public-works\/engineering-division\/section-2-c-maintenance-of-traffic-requirements\/\" \/>\n<meta property=\"og:site_name\" content=\"City of Miami Beach\" \/>\n<meta property=\"article:publisher\" content=\"https:\/\/www.facebook.com\/cityofmiamibeach\" \/>\n<meta property=\"article:modified_time\" content=\"2018-01-26T20:33:54+00:00\" \/>\n<meta property=\"og:image\" content=\"https:\/\/www.miamibeachfl.gov\/wp-content\/uploads\/2024\/01\/1000pxSquare-miamibeach-aerial-southpointview.jpeg\" \/>\n\t<meta property=\"og:image:width\" content=\"1000\" \/>\n\t<meta property=\"og:image:height\" content=\"1000\" \/>\n\t<meta property=\"og:image:type\" content=\"image\/jpeg\" \/>\n<meta name=\"twitter:card\" content=\"summary_large_image\" \/>\n<meta name=\"twitter:site\" content=\"@Miamibeachnews\" \/>\n<script type=\"application\/ld+json\" class=\"yoast-schema-graph\">{\"@context\":\"https:\\\/\\\/schema.org\",\"@graph\":[{\"@type\":\"WebPage\",\"@id\":\"https:\\\/\\\/www.miamibeachfl.gov\\\/city-hall\\\/public-works\\\/engineering-division\\\/section-2-c-maintenance-of-traffic-requirements\\\/\",\"url\":\"https:\\\/\\\/www.miamibeachfl.gov\\\/city-hall\\\/public-works\\\/engineering-division\\\/section-2-c-maintenance-of-traffic-requirements\\\/\",\"name\":\"Section 2 C. Maintenance Of Traffic Requirements - City of Miami Beach\",\"isPartOf\":{\"@id\":\"https:\\\/\\\/www.miamibeachfl.gov\\\/#website\"},\"datePublished\":\"2017-08-11T00:11:46+00:00\",\"dateModified\":\"2018-01-26T20:33:54+00:00\",\"description\":\"%\",\"breadcrumb\":{\"@id\":\"https:\\\/\\\/www.miamibeachfl.gov\\\/city-hall\\\/public-works\\\/engineering-division\\\/section-2-c-maintenance-of-traffic-requirements\\\/#breadcrumb\"},\"inLanguage\":\"es\",\"potentialAction\":[{\"@type\":\"ReadAction\",\"target\":[\"https:\\\/\\\/www.miamibeachfl.gov\\\/city-hall\\\/public-works\\\/engineering-division\\\/section-2-c-maintenance-of-traffic-requirements\\\/\"]}]},{\"@type\":\"BreadcrumbList\",\"@id\":\"https:\\\/\\\/www.miamibeachfl.gov\\\/city-hall\\\/public-works\\\/engineering-division\\\/section-2-c-maintenance-of-traffic-requirements\\\/#breadcrumb\",\"itemListElement\":[{\"@type\":\"ListItem\",\"position\":1,\"name\":\"Home\",\"item\":\"https:\\\/\\\/www.miamibeachfl.gov\\\/\"},{\"@type\":\"ListItem\",\"position\":2,\"name\":\"City Hall\",\"item\":\"https:\\\/\\\/www.miamibeachfl.gov\\\/city-hall\\\/\"},{\"@type\":\"ListItem\",\"position\":3,\"name\":\"Public Works\",\"item\":\"https:\\\/\\\/www.miamibeachfl.gov\\\/city-hall\\\/public-works\\\/\"},{\"@type\":\"ListItem\",\"position\":4,\"name\":\"Engineering Division\",\"item\":\"https:\\\/\\\/www.miamibeachfl.gov\\\/city-hall\\\/public-works\\\/engineering-division\\\/\"},{\"@type\":\"ListItem\",\"position\":5,\"name\":\"Section 2 C. Maintenance Of Traffic Requirements\"}]},{\"@type\":\"WebSite\",\"@id\":\"https:\\\/\\\/www.miamibeachfl.gov\\\/#website\",\"url\":\"https:\\\/\\\/www.miamibeachfl.gov\\\/\",\"name\":\"City of Miami Beach\",\"description\":\"The official website of the City of Miami Beach. Stay informed, find important information on city services, news, alerts, events, trolley routes, government employment and more.\",\"publisher\":{\"@id\":\"https:\\\/\\\/www.miamibeachfl.gov\\\/#organization\"},\"potentialAction\":[{\"@type\":\"SearchAction\",\"target\":{\"@type\":\"EntryPoint\",\"urlTemplate\":\"https:\\\/\\\/www.miamibeachfl.gov\\\/?s={search_term_string}\"},\"query-input\":{\"@type\":\"PropertyValueSpecification\",\"valueRequired\":true,\"valueName\":\"search_term_string\"}}],\"inLanguage\":\"es\"},{\"@type\":\"Organization\",\"@id\":\"https:\\\/\\\/www.miamibeachfl.gov\\\/#organization\",\"name\":\"City of Miami Beach\",\"url\":\"https:\\\/\\\/www.miamibeachfl.gov\\\/\",\"logo\":{\"@type\":\"ImageObject\",\"inLanguage\":\"es\",\"@id\":\"https:\\\/\\\/www.miamibeachfl.gov\\\/#\\\/schema\\\/logo\\\/image\\\/\",\"url\":\"https:\\\/\\\/www.miamibeachfl.gov\\\/wp-content\\\/uploads\\\/2022\\\/06\\\/miamibeach-logoblue.png\",\"contentUrl\":\"https:\\\/\\\/www.miamibeachfl.gov\\\/wp-content\\\/uploads\\\/2022\\\/06\\\/miamibeach-logoblue.png\",\"width\":1962,\"height\":381,\"caption\":\"City of Miami Beach\"},\"image\":{\"@id\":\"https:\\\/\\\/www.miamibeachfl.gov\\\/#\\\/schema\\\/logo\\\/image\\\/\"},\"sameAs\":[\"https:\\\/\\\/www.facebook.com\\\/cityofmiamibeach\",\"https:\\\/\\\/x.com\\\/Miamibeachnews\",\"https:\\\/\\\/www.instagram.com\\\/miamibeachnews\\\/\"],\"description\":\"The official website of the City of Miami Beach. Stay informed, find important information on city services, news, alerts, events, trolley routes, government employment and more.\",\"telephone\":\"305.604.CITY(2489)\",\"legalName\":\"City of Miami Beach\"}]}<\/script>\n<!-- \/ Yoast SEO Premium plugin. -->","yoast_head_json":{"title":"Secci\u00f3n 2 C. Requisitos de mantenimiento del tr\u00e1fico - Ciudad de Miami Beach","description":"%","robots":{"index":"index","follow":"follow","max-snippet":"max-snippet:-1","max-image-preview":"max-image-preview:large","max-video-preview":"max-video-preview:-1"},"canonical":"https:\/\/www.miamibeachfl.gov\/es\/city-hall\/public-works\/engineering-division\/section-2-c-maintenance-of-traffic-requirements\/","og_locale":"es_ES","og_type":"article","og_title":"Section 2  C. Maintenance Of Traffic Requirements","og_description":"%","og_url":"https:\/\/www.miamibeachfl.gov\/es\/city-hall\/public-works\/engineering-division\/section-2-c-maintenance-of-traffic-requirements\/","og_site_name":"City of Miami Beach","article_publisher":"https:\/\/www.facebook.com\/cityofmiamibeach","article_modified_time":"2018-01-26T20:33:54+00:00","og_image":[{"width":1000,"height":1000,"url":"https:\/\/www.miamibeachfl.gov\/wp-content\/uploads\/2024\/01\/1000pxSquare-miamibeach-aerial-southpointview.jpeg","type":"image\/jpeg"}],"twitter_card":"summary_large_image","twitter_site":"@Miamibeachnews","schema":{"@context":"https:\/\/schema.org","@graph":[{"@type":"WebPage","@id":"https:\/\/www.miamibeachfl.gov\/city-hall\/public-works\/engineering-division\/section-2-c-maintenance-of-traffic-requirements\/","url":"https:\/\/www.miamibeachfl.gov\/city-hall\/public-works\/engineering-division\/section-2-c-maintenance-of-traffic-requirements\/","name":"Secci\u00f3n 2 C. Requisitos de mantenimiento del tr\u00e1fico - Ciudad de Miami Beach","isPartOf":{"@id":"https:\/\/www.miamibeachfl.gov\/#website"},"datePublished":"2017-08-11T00:11:46+00:00","dateModified":"2018-01-26T20:33:54+00:00","description":"%","breadcrumb":{"@id":"https:\/\/www.miamibeachfl.gov\/city-hall\/public-works\/engineering-division\/section-2-c-maintenance-of-traffic-requirements\/#breadcrumb"},"inLanguage":"es","potentialAction":[{"@type":"ReadAction","target":["https:\/\/www.miamibeachfl.gov\/city-hall\/public-works\/engineering-division\/section-2-c-maintenance-of-traffic-requirements\/"]}]},{"@type":"BreadcrumbList","@id":"https:\/\/www.miamibeachfl.gov\/city-hall\/public-works\/engineering-division\/section-2-c-maintenance-of-traffic-requirements\/#breadcrumb","itemListElement":[{"@type":"ListItem","position":1,"name":"Home","item":"https:\/\/www.miamibeachfl.gov\/"},{"@type":"ListItem","position":2,"name":"City Hall","item":"https:\/\/www.miamibeachfl.gov\/city-hall\/"},{"@type":"ListItem","position":3,"name":"Public Works","item":"https:\/\/www.miamibeachfl.gov\/city-hall\/public-works\/"},{"@type":"ListItem","position":4,"name":"Engineering Division","item":"https:\/\/www.miamibeachfl.gov\/city-hall\/public-works\/engineering-division\/"},{"@type":"ListItem","position":5,"name":"Section 2 C. Maintenance Of Traffic Requirements"}]},{"@type":"WebSite","@id":"https:\/\/www.miamibeachfl.gov\/#website","url":"https:\/\/www.miamibeachfl.gov\/","name":"Ciudad de Miami Beach","description":"Sitio web oficial de la Ciudad de Miami Beach. Mant\u00e9ngase informado, encuentre informaci\u00f3n importante sobre servicios municipales, noticias, alertas, eventos, rutas de tranv\u00edas, empleos gubernamentales y m\u00e1s.","publisher":{"@id":"https:\/\/www.miamibeachfl.gov\/#organization"},"potentialAction":[{"@type":"SearchAction","target":{"@type":"EntryPoint","urlTemplate":"https:\/\/www.miamibeachfl.gov\/?s={search_term_string}"},"query-input":{"@type":"PropertyValueSpecification","valueRequired":true,"valueName":"search_term_string"}}],"inLanguage":"es"},{"@type":"Organization","@id":"https:\/\/www.miamibeachfl.gov\/#organization","name":"Ciudad de Miami Beach","url":"https:\/\/www.miamibeachfl.gov\/","logo":{"@type":"ImageObject","inLanguage":"es","@id":"https:\/\/www.miamibeachfl.gov\/#\/schema\/logo\/image\/","url":"https:\/\/www.miamibeachfl.gov\/wp-content\/uploads\/2022\/06\/miamibeach-logoblue.png","contentUrl":"https:\/\/www.miamibeachfl.gov\/wp-content\/uploads\/2022\/06\/miamibeach-logoblue.png","width":1962,"height":381,"caption":"City of Miami Beach"},"image":{"@id":"https:\/\/www.miamibeachfl.gov\/#\/schema\/logo\/image\/"},"sameAs":["https:\/\/www.facebook.com\/cityofmiamibeach","https:\/\/x.com\/Miamibeachnews","https:\/\/www.instagram.com\/miamibeachnews\/"],"description":"Sitio web oficial de la Ciudad de Miami Beach. Mant\u00e9ngase informado, encuentre informaci\u00f3n importante sobre servicios municipales, noticias, alertas, eventos, rutas de tranv\u00edas, empleos gubernamentales y m\u00e1s.","telephone":"305.604.CITY(2489)","legalName":"City of Miami Beach"}]}},"_links":{"self":[{"href":"https:\/\/www.miamibeachfl.gov\/es\/wp-json\/wp\/v2\/pages\/29088","targetHints":{"allow":["GET"]}}],"collection":[{"href":"https:\/\/www.miamibeachfl.gov\/es\/wp-json\/wp\/v2\/pages"}],"about":[{"href":"https:\/\/www.miamibeachfl.gov\/es\/wp-json\/wp\/v2\/types\/page"}],"author":[{"embeddable":true,"href":"https:\/\/www.miamibeachfl.gov\/es\/wp-json\/wp\/v2\/users\/222"}],"replies":[{"embeddable":true,"href":"https:\/\/www.miamibeachfl.gov\/es\/wp-json\/wp\/v2\/comments?post=29088"}],"version-history":[{"count":0,"href":"https:\/\/www.miamibeachfl.gov\/es\/wp-json\/wp\/v2\/pages\/29088\/revisions"}],"up":[{"embeddable":true,"href":"https:\/\/www.miamibeachfl.gov\/es\/wp-json\/wp\/v2\/pages\/28940"}],"wp:attachment":[{"href":"https:\/\/www.miamibeachfl.gov\/es\/wp-json\/wp\/v2\/media?parent=29088"}],"wp:term":[{"taxonomy":"category","embeddable":true,"href":"https:\/\/www.miamibeachfl.gov\/es\/wp-json\/wp\/v2\/categories?post=29088"},{"taxonomy":"post_tag","embeddable":true,"href":"https:\/\/www.miamibeachfl.gov\/es\/wp-json\/wp\/v2\/tags?post=29088"}],"curies":[{"name":"gracias","href":"https:\/\/api.w.org\/{rel}","templated":true}]}}