{"id":29094,"date":"2017-08-11T00:11:50","date_gmt":"2017-08-11T00:11:50","guid":{"rendered":"http:\/\/www.miamibeachfl.gov\/city-hall\/public-works\/table-of-contents-details\/section-4-b-right-of-way-and-easement-modifications\/"},"modified":"2018-01-26T15:35:04","modified_gmt":"2018-01-26T20:35:04","slug":"section-4-b-right-of-way-and-easement-modifications","status":"publish","type":"page","link":"https:\/\/www.miamibeachfl.gov\/es\/city-hall\/public-works\/engineering-division\/section-4-b-right-of-way-and-easement-modifications\/","title":{"rendered":"Secci\u00f3n 4 B. Modificaciones del derecho de paso y servidumbre"},"content":{"rendered":"<\/p>\n<table>\n<caption>Modificaciones de derechos de paso y servidumbres<\/caption>\n<tbody>\n<tr>\n<td>\n<p><strong>SECCI\u00d3N 4 DISPOSICIONES ESPECIALES SOBRE DERECHO DE PASO, SERVIDUMBRE Y USO DEL TERRENO<\/strong><\/p>\n<p><strong>B. Modificaciones del derecho de paso y de la servidumbre<\/strong><\/p>\n<p>Las modificaciones de derechos de paso y servidumbres generalmente consisten en lo siguiente:<\/p>\n<p>I- Desocupaci\u00f3n de una calle, callej\u00f3n o parte de un derecho de paso por parte de la Ciudad. Estos derechos de paso pueden estar parcelados o dedicados y pueden tener derechos de reversi\u00f3n para los propietarios de propiedades adyacentes.<\/p>\n<p>II- Abandono de una servidumbre de servicios p\u00fablicos o intercambio de una servidumbre de servicios p\u00fablicos existente por una servidumbre equivalente en otro lugar (Reubicaci\u00f3n de servidumbres). Estas tambi\u00e9n pueden ser servidumbres parcelarias o dedicadas\/registradas, ya sea para servicios p\u00fablicos o para acceso.<\/p>\n<p>I. Desocupaci\u00f3n de una calle, callej\u00f3n o porci\u00f3n de derecho de v\u00eda:<\/p>\n<p>De conformidad con una revisi\u00f3n realizada por el Comit\u00e9 de Uso de Tierras de los criterios\/normas para considerar el abandono\/desocupaci\u00f3n de calles u otros derechos de paso, el Alcalde de la Ciudad de Miami Beach y la Comisi\u00f3n de la Ciudad, el 26 de julio de 1989, recomendaron una consideraci\u00f3n caso por caso de estas desocupaciones.<\/p>\n<p>Seg\u00fan lo establecido en estos criterios\/est\u00e1ndares, casos precedentes de desocupaci\u00f3n y por la Ordenanza 92-2783 incorporada como Art\u00edculo II del C\u00f3digo de la Ciudad, los siguientes son los requisitos y procedimientos para solicitar la desocupaci\u00f3n de calles u otros derechos de paso dentro de la Ciudad:<\/p>\n<p>Un solicitante que solicite la desocupaci\u00f3n de una calle, callej\u00f3n o porci\u00f3n de derecho de paso debe presentar:<\/p>\n<p>\u00a01. Una tarifa de solicitud no reembolsable de $5,000.00 que se aplicar\u00e1 al valor tasado del terreno del derecho de paso que se va a desocupar.<\/p>\n<p>\u00a02. Un documento que acredite el t\u00edtulo de propiedad o un compromiso de t\u00edtulo o una opini\u00f3n del abogado sobre el t\u00edtulo de la tierra objeto de la solicitud.<\/p>\n<p>\u00a03. Una declaraci\u00f3n del solicitante sobre c\u00f3mo la compra y desocupaci\u00f3n de dicho derecho de paso es en el mejor inter\u00e9s del bienestar p\u00fablico en general.<\/p>\n<p>\u00a04. Un estudio topogr\u00e1fico reciente realizado por un agrimensor registrado de la propiedad del solicitante y de la propiedad de la ciudad en cuesti\u00f3n.<\/p>\n<p>\u00a05. Un plano que muestre la ubicaci\u00f3n exacta y la descripci\u00f3n del derecho de paso de la Ciudad en cuesti\u00f3n, con las mejoras y el uso propuestos.<\/p>\n<p>\u00a06. Un mapa que muestra la propiedad en cuesti\u00f3n y las propiedades dentro de un radio de 375 pies resaltadas<\/p>\n<p>\u00a07. Una lista de los propietarios de propiedades dentro de un radio de 375 pies y sus direcciones postales en etiquetas adhesivas.<\/p>\n<p>\u00a08. Una carta certificada que indique la fuente y la integridad de la lista de propietarios de bienes inmuebles mencionada anteriormente. Al recibir esta documentaci\u00f3n, el Departamento de Obras P\u00fablicas de la Ciudad y la Fiscal\u00eda Municipal revisar\u00e1n la solicitud y se obtendr\u00e1 el compromiso del solicitante para lo siguiente:<\/p>\n<p>\u00a0\u00a0a) Se deben revisar y considerar los derechos y necesidades de la Ciudad y otras empresas de servicios p\u00fablicos para una servidumbre de servicios p\u00fablicos. Cualquier costo de reubicaci\u00f3n deber\u00e1 ser asumido por el solicitante.<\/p>\n<p>\u00a0\u00a0b) Implementar los requisitos del Art\u00edculo II adjunto, secciones 82-36 a 82-40 del C\u00f3digo de la Ciudad seg\u00fan corresponda.<\/p>\n<p>Una vez completados los requisitos mencionados anteriormente, se programar\u00e1 una audiencia p\u00fablica durante una reuni\u00f3n de la Comisi\u00f3n, se publicar\u00e1n anuncios p\u00fablicos en los peri\u00f3dicos locales y se enviar\u00e1n avisos por correo a los propietarios de las propiedades de la lista de correo proporcionada.<\/p>\n<p>La Comisi\u00f3n de la Ciudad evaluar\u00e1 las recomendaciones y el an\u00e1lisis de la Administraci\u00f3n bas\u00e1ndose en criterios similares a los de otorgar o denegar un permiso revocable seg\u00fan lo establecido en la Sec. 82-94 del C\u00f3digo de la Ciudad durante la audiencia p\u00fablica y deber\u00e1 aprobar, denegar o remitir para mayor consideraci\u00f3n al Comit\u00e9 de Uso de Tierras.\u00a0<\/p>\n<p>II. Abandono de una servidumbre de servicio p\u00fablico o intercambio de una servidumbre de servicio p\u00fablico existente por una servidumbre equivalente en otro lugar (Reubicaci\u00f3n de servidumbres).<\/p>\n<p>De conformidad con casos precedentes de anulaci\u00f3n\/abandono o reubicaci\u00f3n de servidumbres, los siguientes son los requisitos y procedimientos para abandonar o intercambiar una servidumbre de servicios p\u00fablicos:<\/p>\n<p>\u00a01. El solicitante debe presentar un estudio reciente de la propiedad donde se encuentra la servidumbre.<\/p>\n<p>\u00a02. El solicitante debe presentar un comprobante de t\u00edtulo o prueba de propiedad de la propiedad donde se encuentra la servidumbre y\/o donde se reubicar\u00e1.<\/p>\n<p>\u00a03. Se deber\u00e1 presentar una carta explicando el motivo de la solicitud de abandono\/reubicaci\u00f3n de la servidumbre, acompa\u00f1ada de la Revisi\u00f3n de Dise\u00f1o o las \u00d3rdenes Finales de la Junta de Preservaci\u00f3n Hist\u00f3rica que muestren conflictos de la construcci\u00f3n propuesta con la servidumbre.<\/p>\n<p>\u00a04. El solicitante deber\u00e1 obtener y presentar las Cartas de No Objeci\u00f3n o Acuerdos de Reubicaci\u00f3n de todas las compa\u00f1\u00edas de servicios p\u00fablicos que prestan servicios a la Ciudad. Todos los costos de reubicaci\u00f3n o retiro de los servicios p\u00fablicos existentes correr\u00e1n a cargo del solicitante.<\/p>\n<p>\u00a05. El solicitante deber\u00e1 preparar y presentar un estudio y una descripci\u00f3n legal de la servidumbre nueva o propuesta junto con un documento de servidumbre para que sea revisado por la Ciudad.<\/p>\n<p>\u00a06. Luego de la revisi\u00f3n por parte del Departamento de Obras P\u00fablicas de la Ciudad y la Oficina del Fiscal de la Ciudad y la aprobaci\u00f3n formal de los documentos de servidumbre otorgados, el solicitante ejecuta y presenta a la Ciudad dos originales de los documentos de servidumbre otorgados.<\/p>\n<p>\u00a07. Obras P\u00fablicas presentar\u00e1 los documentos a la Comisi\u00f3n de la Ciudad para considerar la aprobaci\u00f3n del abandono o intercambio de la servidumbre, generalmente sujeto a que el solicitante complete la reubicaci\u00f3n de los servicios p\u00fablicos existentes de la Ciudad o publique una fianza por el costo de dicha reubicaci\u00f3n.<\/p>\n<p>\u00a08. El solicitante registra y presenta a la Ciudad prueba de los documentos registrados en la Oficina del Secretario del Condado de Miami-Dade.<\/p>\n<\/td>\n<\/tr>\n<\/tbody>\n<\/table>\n<p>\u00a0<\/p>","protected":false},"excerpt":{"rendered":"<p>Right-of-Way and Easement Modifications SECTION 4 RIGHT-OF-WAY, EASEMENT AND LAND USE SPECIAL PROVISIONS B. Right-of-Way and Easement Modifications Right-of way [&hellip;]<\/p>\n","protected":false},"author":222,"featured_media":0,"parent":28940,"menu_order":183,"comment_status":"closed","ping_status":"closed","template":"","meta":{"_searchwp_excluded":"","site-sidebar-layout":"default","site-content-layout":"","ast-site-content-layout":"default","site-content-style":"default","site-sidebar-style":"default","ast-global-header-display":"","ast-banner-title-visibility":"","ast-main-header-display":"","ast-hfb-above-header-display":"","ast-hfb-below-header-display":"","ast-hfb-mobile-header-display":"","site-post-title":"","ast-breadcrumbs-content":"","ast-featured-img":"","footer-sml-layout":"","theme-transparent-header-meta":"","adv-header-id-meta":"","stick-header-meta":"","header-above-stick-meta":"","header-main-stick-meta":"","header-below-stick-meta":"","astra-migrate-meta-layouts":"default","ast-page-background-enabled":"default","ast-page-background-meta":{"desktop":{"background-color":"var(--ast-global-color-5)","background-image":"","background-repeat":"repeat","background-position":"center center","background-size":"auto","background-attachment":"scroll","background-type":"","background-media":"","overlay-type":"","overlay-color":"","overlay-opacity":"","overlay-gradient":""},"tablet":{"background-color":"","background-image":"","background-repeat":"repeat","background-position":"center center","background-size":"auto","background-attachment":"scroll","background-type":"","background-media":"","overlay-type":"","overlay-color":"","overlay-opacity":"","overlay-gradient":""},"mobile":{"background-color":"","background-image":"","background-repeat":"repeat","background-position":"center center","background-size":"auto","background-attachment":"scroll","background-type":"","background-media":"","overlay-type":"","overlay-color":"","overlay-opacity":"","overlay-gradient":""}},"ast-content-background-meta":{"desktop":{"background-color":"var(--ast-global-color-4)","background-image":"","background-repeat":"repeat","background-position":"center center","background-size":"auto","background-attachment":"scroll","background-type":"","background-media":"","overlay-type":"","overlay-color":"","overlay-opacity":"","overlay-gradient":""},"tablet":{"background-color":"var(--ast-global-color-4)","background-image":"","background-repeat":"repeat","background-position":"center center","background-size":"auto","background-attachment":"scroll","background-type":"","background-media":"","overlay-type":"","overlay-color":"","overlay-opacity":"","overlay-gradient":""},"mobile":{"background-color":"var(--ast-global-color-4)","background-image":"","background-repeat":"repeat","background-position":"center center","background-size":"auto","background-attachment":"scroll","background-type":"","background-media":"","overlay-type":"","overlay-color":"","overlay-opacity":"","overlay-gradient":""}},"footnotes":""},"categories":[],"tags":[],"class_list":["post-29094","page","type-page","status-publish","hentry"],"yoast_head":"<!-- This site is optimized with the Yoast SEO Premium plugin v27.4 (Yoast SEO v27.4) - https:\/\/yoast.com\/product\/yoast-seo-premium-wordpress\/ -->\n<title>Section 4  B. Right Of Way And Easement Modifications - City of Miami Beach<\/title>\n<meta name=\"description\" content=\"%\" \/>\n<meta name=\"robots\" content=\"index, follow, max-snippet:-1, max-image-preview:large, max-video-preview:-1\" \/>\n<link rel=\"canonical\" href=\"https:\/\/www.miamibeachfl.gov\/es\/city-hall\/public-works\/engineering-division\/section-4-b-right-of-way-and-easement-modifications\/\" \/>\n<meta property=\"og:locale\" content=\"es_ES\" \/>\n<meta property=\"og:type\" content=\"article\" \/>\n<meta property=\"og:title\" content=\"Section 4  B. Right Of Way And Easement Modifications\" \/>\n<meta property=\"og:description\" content=\"%\" \/>\n<meta property=\"og:url\" content=\"https:\/\/www.miamibeachfl.gov\/es\/city-hall\/public-works\/engineering-division\/section-4-b-right-of-way-and-easement-modifications\/\" \/>\n<meta property=\"og:site_name\" content=\"City of Miami Beach\" \/>\n<meta property=\"article:publisher\" content=\"https:\/\/www.facebook.com\/cityofmiamibeach\" \/>\n<meta property=\"article:modified_time\" content=\"2018-01-26T20:35:04+00:00\" \/>\n<meta property=\"og:image\" content=\"https:\/\/www.miamibeachfl.gov\/wp-content\/uploads\/2024\/01\/1000pxSquare-miamibeach-aerial-southpointview.jpeg\" \/>\n\t<meta property=\"og:image:width\" content=\"1000\" \/>\n\t<meta property=\"og:image:height\" content=\"1000\" \/>\n\t<meta property=\"og:image:type\" content=\"image\/jpeg\" \/>\n<meta name=\"twitter:card\" content=\"summary_large_image\" \/>\n<meta name=\"twitter:site\" content=\"@Miamibeachnews\" \/>\n<script type=\"application\/ld+json\" class=\"yoast-schema-graph\">{\"@context\":\"https:\\\/\\\/schema.org\",\"@graph\":[{\"@type\":\"WebPage\",\"@id\":\"https:\\\/\\\/www.miamibeachfl.gov\\\/city-hall\\\/public-works\\\/engineering-division\\\/section-4-b-right-of-way-and-easement-modifications\\\/\",\"url\":\"https:\\\/\\\/www.miamibeachfl.gov\\\/city-hall\\\/public-works\\\/engineering-division\\\/section-4-b-right-of-way-and-easement-modifications\\\/\",\"name\":\"Section 4 B. Right Of Way And Easement Modifications - City of Miami Beach\",\"isPartOf\":{\"@id\":\"https:\\\/\\\/www.miamibeachfl.gov\\\/#website\"},\"datePublished\":\"2017-08-11T00:11:50+00:00\",\"dateModified\":\"2018-01-26T20:35:04+00:00\",\"description\":\"%\",\"breadcrumb\":{\"@id\":\"https:\\\/\\\/www.miamibeachfl.gov\\\/city-hall\\\/public-works\\\/engineering-division\\\/section-4-b-right-of-way-and-easement-modifications\\\/#breadcrumb\"},\"inLanguage\":\"es\",\"potentialAction\":[{\"@type\":\"ReadAction\",\"target\":[\"https:\\\/\\\/www.miamibeachfl.gov\\\/city-hall\\\/public-works\\\/engineering-division\\\/section-4-b-right-of-way-and-easement-modifications\\\/\"]}]},{\"@type\":\"BreadcrumbList\",\"@id\":\"https:\\\/\\\/www.miamibeachfl.gov\\\/city-hall\\\/public-works\\\/engineering-division\\\/section-4-b-right-of-way-and-easement-modifications\\\/#breadcrumb\",\"itemListElement\":[{\"@type\":\"ListItem\",\"position\":1,\"name\":\"Home\",\"item\":\"https:\\\/\\\/www.miamibeachfl.gov\\\/\"},{\"@type\":\"ListItem\",\"position\":2,\"name\":\"City Hall\",\"item\":\"https:\\\/\\\/www.miamibeachfl.gov\\\/city-hall\\\/\"},{\"@type\":\"ListItem\",\"position\":3,\"name\":\"Public Works\",\"item\":\"https:\\\/\\\/www.miamibeachfl.gov\\\/city-hall\\\/public-works\\\/\"},{\"@type\":\"ListItem\",\"position\":4,\"name\":\"Engineering Division\",\"item\":\"https:\\\/\\\/www.miamibeachfl.gov\\\/city-hall\\\/public-works\\\/engineering-division\\\/\"},{\"@type\":\"ListItem\",\"position\":5,\"name\":\"Section 4 B. Right Of Way And Easement Modifications\"}]},{\"@type\":\"WebSite\",\"@id\":\"https:\\\/\\\/www.miamibeachfl.gov\\\/#website\",\"url\":\"https:\\\/\\\/www.miamibeachfl.gov\\\/\",\"name\":\"City of Miami Beach\",\"description\":\"The official website of the City of Miami Beach. Stay informed, find important information on city services, news, alerts, events, trolley routes, government employment and more.\",\"publisher\":{\"@id\":\"https:\\\/\\\/www.miamibeachfl.gov\\\/#organization\"},\"potentialAction\":[{\"@type\":\"SearchAction\",\"target\":{\"@type\":\"EntryPoint\",\"urlTemplate\":\"https:\\\/\\\/www.miamibeachfl.gov\\\/?s={search_term_string}\"},\"query-input\":{\"@type\":\"PropertyValueSpecification\",\"valueRequired\":true,\"valueName\":\"search_term_string\"}}],\"inLanguage\":\"es\"},{\"@type\":\"Organization\",\"@id\":\"https:\\\/\\\/www.miamibeachfl.gov\\\/#organization\",\"name\":\"City of Miami Beach\",\"url\":\"https:\\\/\\\/www.miamibeachfl.gov\\\/\",\"logo\":{\"@type\":\"ImageObject\",\"inLanguage\":\"es\",\"@id\":\"https:\\\/\\\/www.miamibeachfl.gov\\\/#\\\/schema\\\/logo\\\/image\\\/\",\"url\":\"https:\\\/\\\/www.miamibeachfl.gov\\\/wp-content\\\/uploads\\\/2022\\\/06\\\/miamibeach-logoblue.png\",\"contentUrl\":\"https:\\\/\\\/www.miamibeachfl.gov\\\/wp-content\\\/uploads\\\/2022\\\/06\\\/miamibeach-logoblue.png\",\"width\":1962,\"height\":381,\"caption\":\"City of Miami Beach\"},\"image\":{\"@id\":\"https:\\\/\\\/www.miamibeachfl.gov\\\/#\\\/schema\\\/logo\\\/image\\\/\"},\"sameAs\":[\"https:\\\/\\\/www.facebook.com\\\/cityofmiamibeach\",\"https:\\\/\\\/x.com\\\/Miamibeachnews\",\"https:\\\/\\\/www.instagram.com\\\/miamibeachnews\\\/\"],\"description\":\"The official website of the City of Miami Beach. Stay informed, find important information on city services, news, alerts, events, trolley routes, government employment and more.\",\"telephone\":\"305.604.CITY(2489)\",\"legalName\":\"City of Miami Beach\"}]}<\/script>\n<!-- \/ Yoast SEO Premium plugin. -->","yoast_head_json":{"title":"Secci\u00f3n 4 B. Modificaciones del derecho de paso y servidumbres - Ciudad de Miami Beach","description":"%","robots":{"index":"index","follow":"follow","max-snippet":"max-snippet:-1","max-image-preview":"max-image-preview:large","max-video-preview":"max-video-preview:-1"},"canonical":"https:\/\/www.miamibeachfl.gov\/es\/city-hall\/public-works\/engineering-division\/section-4-b-right-of-way-and-easement-modifications\/","og_locale":"es_ES","og_type":"article","og_title":"Section 4  B. Right Of Way And Easement Modifications","og_description":"%","og_url":"https:\/\/www.miamibeachfl.gov\/es\/city-hall\/public-works\/engineering-division\/section-4-b-right-of-way-and-easement-modifications\/","og_site_name":"City of Miami Beach","article_publisher":"https:\/\/www.facebook.com\/cityofmiamibeach","article_modified_time":"2018-01-26T20:35:04+00:00","og_image":[{"width":1000,"height":1000,"url":"https:\/\/www.miamibeachfl.gov\/wp-content\/uploads\/2024\/01\/1000pxSquare-miamibeach-aerial-southpointview.jpeg","type":"image\/jpeg"}],"twitter_card":"summary_large_image","twitter_site":"@Miamibeachnews","schema":{"@context":"https:\/\/schema.org","@graph":[{"@type":"WebPage","@id":"https:\/\/www.miamibeachfl.gov\/city-hall\/public-works\/engineering-division\/section-4-b-right-of-way-and-easement-modifications\/","url":"https:\/\/www.miamibeachfl.gov\/city-hall\/public-works\/engineering-division\/section-4-b-right-of-way-and-easement-modifications\/","name":"Secci\u00f3n 4 B. Modificaciones del derecho de paso y servidumbres - Ciudad de Miami Beach","isPartOf":{"@id":"https:\/\/www.miamibeachfl.gov\/#website"},"datePublished":"2017-08-11T00:11:50+00:00","dateModified":"2018-01-26T20:35:04+00:00","description":"%","breadcrumb":{"@id":"https:\/\/www.miamibeachfl.gov\/city-hall\/public-works\/engineering-division\/section-4-b-right-of-way-and-easement-modifications\/#breadcrumb"},"inLanguage":"es","potentialAction":[{"@type":"ReadAction","target":["https:\/\/www.miamibeachfl.gov\/city-hall\/public-works\/engineering-division\/section-4-b-right-of-way-and-easement-modifications\/"]}]},{"@type":"BreadcrumbList","@id":"https:\/\/www.miamibeachfl.gov\/city-hall\/public-works\/engineering-division\/section-4-b-right-of-way-and-easement-modifications\/#breadcrumb","itemListElement":[{"@type":"ListItem","position":1,"name":"Home","item":"https:\/\/www.miamibeachfl.gov\/"},{"@type":"ListItem","position":2,"name":"City Hall","item":"https:\/\/www.miamibeachfl.gov\/city-hall\/"},{"@type":"ListItem","position":3,"name":"Public Works","item":"https:\/\/www.miamibeachfl.gov\/city-hall\/public-works\/"},{"@type":"ListItem","position":4,"name":"Engineering Division","item":"https:\/\/www.miamibeachfl.gov\/city-hall\/public-works\/engineering-division\/"},{"@type":"ListItem","position":5,"name":"Section 4 B. Right Of Way And Easement Modifications"}]},{"@type":"WebSite","@id":"https:\/\/www.miamibeachfl.gov\/#website","url":"https:\/\/www.miamibeachfl.gov\/","name":"Ciudad de Miami Beach","description":"Sitio web oficial de la Ciudad de Miami Beach. Mant\u00e9ngase informado, encuentre informaci\u00f3n importante sobre servicios municipales, noticias, alertas, eventos, rutas de tranv\u00edas, empleos gubernamentales y m\u00e1s.","publisher":{"@id":"https:\/\/www.miamibeachfl.gov\/#organization"},"potentialAction":[{"@type":"SearchAction","target":{"@type":"EntryPoint","urlTemplate":"https:\/\/www.miamibeachfl.gov\/?s={search_term_string}"},"query-input":{"@type":"PropertyValueSpecification","valueRequired":true,"valueName":"search_term_string"}}],"inLanguage":"es"},{"@type":"Organization","@id":"https:\/\/www.miamibeachfl.gov\/#organization","name":"Ciudad de Miami Beach","url":"https:\/\/www.miamibeachfl.gov\/","logo":{"@type":"ImageObject","inLanguage":"es","@id":"https:\/\/www.miamibeachfl.gov\/#\/schema\/logo\/image\/","url":"https:\/\/www.miamibeachfl.gov\/wp-content\/uploads\/2022\/06\/miamibeach-logoblue.png","contentUrl":"https:\/\/www.miamibeachfl.gov\/wp-content\/uploads\/2022\/06\/miamibeach-logoblue.png","width":1962,"height":381,"caption":"City of Miami Beach"},"image":{"@id":"https:\/\/www.miamibeachfl.gov\/#\/schema\/logo\/image\/"},"sameAs":["https:\/\/www.facebook.com\/cityofmiamibeach","https:\/\/x.com\/Miamibeachnews","https:\/\/www.instagram.com\/miamibeachnews\/"],"description":"Sitio web oficial de la Ciudad de Miami Beach. Mant\u00e9ngase informado, encuentre informaci\u00f3n importante sobre servicios municipales, noticias, alertas, eventos, rutas de tranv\u00edas, empleos gubernamentales y m\u00e1s.","telephone":"305.604.CITY(2489)","legalName":"City of Miami Beach"}]}},"_links":{"self":[{"href":"https:\/\/www.miamibeachfl.gov\/es\/wp-json\/wp\/v2\/pages\/29094","targetHints":{"allow":["GET"]}}],"collection":[{"href":"https:\/\/www.miamibeachfl.gov\/es\/wp-json\/wp\/v2\/pages"}],"about":[{"href":"https:\/\/www.miamibeachfl.gov\/es\/wp-json\/wp\/v2\/types\/page"}],"author":[{"embeddable":true,"href":"https:\/\/www.miamibeachfl.gov\/es\/wp-json\/wp\/v2\/users\/222"}],"replies":[{"embeddable":true,"href":"https:\/\/www.miamibeachfl.gov\/es\/wp-json\/wp\/v2\/comments?post=29094"}],"version-history":[{"count":0,"href":"https:\/\/www.miamibeachfl.gov\/es\/wp-json\/wp\/v2\/pages\/29094\/revisions"}],"up":[{"embeddable":true,"href":"https:\/\/www.miamibeachfl.gov\/es\/wp-json\/wp\/v2\/pages\/28940"}],"wp:attachment":[{"href":"https:\/\/www.miamibeachfl.gov\/es\/wp-json\/wp\/v2\/media?parent=29094"}],"wp:term":[{"taxonomy":"category","embeddable":true,"href":"https:\/\/www.miamibeachfl.gov\/es\/wp-json\/wp\/v2\/categories?post=29094"},{"taxonomy":"post_tag","embeddable":true,"href":"https:\/\/www.miamibeachfl.gov\/es\/wp-json\/wp\/v2\/tags?post=29094"}],"curies":[{"name":"gracias","href":"https:\/\/api.w.org\/{rel}","templated":true}]}}