{"id":29097,"date":"2017-08-11T00:11:51","date_gmt":"2017-08-11T00:11:51","guid":{"rendered":"http:\/\/www.miamibeachfl.gov\/city-hall\/public-works\/table-of-contents-details\/section-5-10-disposal-of-surplus-and-unsuitable-material\/"},"modified":"2018-01-26T14:09:16","modified_gmt":"2018-01-26T19:09:16","slug":"section-5-10-disposal-of-surplus-and-unsuitable-material","status":"publish","type":"page","link":"https:\/\/www.miamibeachfl.gov\/es\/city-hall\/public-works\/engineering-division\/section-5-1-general\/section-5-10-disposal-of-surplus-and-unsuitable-material\/","title":{"rendered":"Secci\u00f3n 5 10. Eliminaci\u00f3n de excedentes y materiales no aptos"},"content":{"rendered":"<\/p>\n<table>\n<caption>Eliminaci\u00f3n de material sobrante e inadecuado<\/caption>\n<tbody>\n<tr>\n<td>\n<p><strong>SECCI\u00d3N 5 TRABAJOS EN EL SITIO Y EN LA CARRETERA<\/p>\n<p>10. Eliminaci\u00f3n de material sobrante e inadecuado.<\/strong><\/p>\n<p>A. Propiedad de los materiales excavados:<\/p>\n<p>El propietario de todo el material excavado adecuado permanecer\u00e1 en el Departamento hasta que se cumplan los requisitos finales de la obra en cuanto a materiales de relleno. Salvo que se disponga lo contrario en los planos o disposiciones especiales, cualquier material sobrante que no se necesite para la obra pasar\u00e1 a ser propiedad del Contratista y este deber\u00e1 disponer de \u00e9l, fuera de la servidumbre de paso, a satisfacci\u00f3n del Ingeniero.<\/p>\n<p>En zonas urbanas o de otro tipo donde el almacenamiento temporal de materiales aparentemente excedentes dentro de la servidumbre de paso resulte impracticable, el Contratista podr\u00e1 almacenar los materiales fuera de la servidumbre de paso en las \u00e1reas que \u00e9l mismo disponga. Hasta que se necesiten materiales de relleno en la obra o se declaren excedentes. Con la aprobaci\u00f3n por escrito del Ingeniero, el Contratista podr\u00e1 disponer de dicho material, con la condici\u00f3n de que reemplace la parte del material desechado necesaria para cumplir con los requisitos reales de la obra con material igualmente adecuado, a su propio costo.<\/p>\n<p>No se permitir\u00e1 ninguna compensaci\u00f3n extra por cualquier re-manipulaci\u00f3n involucrada de acuerdo a las disposiciones de este Sub-art\u00edculo.<\/p>\n<p>B. Requisitos generales para la eliminaci\u00f3n: El lodo excavado u otros materiales no aptos para la construcci\u00f3n de la carretera se eliminar\u00e1n como se muestra en los planos o, si los planos no indican la eliminaci\u00f3n, los materiales pasar\u00e1n a ser propiedad del Contratista y \u00e9l deber\u00e1 eliminarlos fuera del derecho de paso.<\/p>\n<p>C. Eliminaci\u00f3n de Escombros en Taludes: Como excepci\u00f3n a lo dispuesto en 120-5.2, cuando lo apruebe el Ingeniero, en zonas rurales no urbanizadas, se podr\u00e1 depositar escombro (material A-8) en los taludes o almacenarse junto a la calzada, siempre que haya una distancia libre de al menos seis pies entre los l\u00edmites de nivelaci\u00f3n de la calzada y el escombro, y este se acondicione de forma que presente una apariencia razonablemente limpia. Adem\u00e1s, la disposici\u00f3n de este material en los taludes tambi\u00e9n podr\u00e1 permitirse en zonas urbanizadas cuando, a juicio del Ingeniero, esto resulte en una apariencia est\u00e9ticamente agradable y no perjudique las urbanizaciones adyacentes. Cuando se permita la disposici\u00f3n de escombro u otro material inadecuado dentro de los l\u00edmites de la servidumbre de paso, dicho material no se colocar\u00e1 de forma que impida la entrada o salida de ning\u00fan canal o zanja lateral. El Ingeniero determinar\u00e1 los l\u00edmites adyacentes a los canales dentro de los cuales no se depositar\u00e1n dichos materiales.<\/p>\n<p>D. Eliminaci\u00f3n de materiales de pavimentaci\u00f3n: Salvo que se indique lo contrario en los planos, los materiales de pavimentaci\u00f3n excavados durante la remoci\u00f3n de pavimentos existentes, como adoquines, bloques de asfalto, losas de hormig\u00f3n, piedra caliza, aceras, bordillos y cunetas, etc., pasar\u00e1n a ser propiedad del Contratista y este deber\u00e1 disponer de ellos fuera de la servidumbre de paso. Si los materiales permanecen como propiedad del Departamento, se apilar\u00e1n ordenadamente seg\u00fan las instrucciones.<\/p>\n<p>E. \u00c1reas de disposici\u00f3n: Cuando los planos o especificaciones requieran que el Contratista disponga de materiales excavados fuera del derecho de paso, y el \u00e1rea de disposici\u00f3n no est\u00e9 indicada en los documentos del contrato, el Contratista deber\u00e1 proporcionar el \u00e1rea de disposici\u00f3n sin compensaci\u00f3n adicional.<\/p>\n<p>Las \u00e1reas designadas por el Contratista para la disposici\u00f3n de los materiales de pavimentaci\u00f3n retirados deber\u00e1n estar fuera de la vista del proyecto y a una distancia m\u00ednima de 90 metros de la l\u00ednea de servidumbre de paso m\u00e1s cercana de cualquier carretera mantenida por el Estado. Sin embargo, el l\u00edmite de 90 metros no se aplicar\u00e1 si los materiales est\u00e1n enterrados.<\/p>\n<\/td>\n<\/tr>\n<\/tbody>\n<\/table>\n<p>\u00a0<\/p>","protected":false},"excerpt":{"rendered":"<p>Eliminaci\u00f3n de material sobrante e inadecuado SECCI\u00d3N 5 TRABAJOS EN EL SITIO Y EN LA CARRETERA 10. Eliminaci\u00f3n de material sobrante e inadecuado. A. [\u2026]<\/p>","protected":false},"author":222,"featured_media":0,"parent":29096,"menu_order":0,"comment_status":"closed","ping_status":"closed","template":"","meta":{"_searchwp_excluded":"","site-sidebar-layout":"default","site-content-layout":"","ast-site-content-layout":"default","site-content-style":"default","site-sidebar-style":"default","ast-global-header-display":"","ast-banner-title-visibility":"","ast-main-header-display":"","ast-hfb-above-header-display":"","ast-hfb-below-header-display":"","ast-hfb-mobile-header-display":"","site-post-title":"","ast-breadcrumbs-content":"","ast-featured-img":"","footer-sml-layout":"","theme-transparent-header-meta":"","adv-header-id-meta":"","stick-header-meta":"","header-above-stick-meta":"","header-main-stick-meta":"","header-below-stick-meta":"","astra-migrate-meta-layouts":"default","ast-page-background-enabled":"default","ast-page-background-meta":{"desktop":{"background-color":"var(--ast-global-color-5)","background-image":"","background-repeat":"repeat","background-position":"center center","background-size":"auto","background-attachment":"scroll","background-type":"","background-media":"","overlay-type":"","overlay-color":"","overlay-opacity":"","overlay-gradient":""},"tablet":{"background-color":"","background-image":"","background-repeat":"repeat","background-position":"center center","background-size":"auto","background-attachment":"scroll","background-type":"","background-media":"","overlay-type":"","overlay-color":"","overlay-opacity":"","overlay-gradient":""},"mobile":{"background-color":"","background-image":"","background-repeat":"repeat","background-position":"center center","background-size":"auto","background-attachment":"scroll","background-type":"","background-media":"","overlay-type":"","overlay-color":"","overlay-opacity":"","overlay-gradient":""}},"ast-content-background-meta":{"desktop":{"background-color":"var(--ast-global-color-4)","background-image":"","background-repeat":"repeat","background-position":"center center","background-size":"auto","background-attachment":"scroll","background-type":"","background-media":"","overlay-type":"","overlay-color":"","overlay-opacity":"","overlay-gradient":""},"tablet":{"background-color":"var(--ast-global-color-4)","background-image":"","background-repeat":"repeat","background-position":"center center","background-size":"auto","background-attachment":"scroll","background-type":"","background-media":"","overlay-type":"","overlay-color":"","overlay-opacity":"","overlay-gradient":""},"mobile":{"background-color":"var(--ast-global-color-4)","background-image":"","background-repeat":"repeat","background-position":"center center","background-size":"auto","background-attachment":"scroll","background-type":"","background-media":"","overlay-type":"","overlay-color":"","overlay-opacity":"","overlay-gradient":""}},"footnotes":""},"categories":[],"tags":[],"class_list":["post-29097","page","type-page","status-publish","hentry"],"yoast_head":"<!-- This site is optimized with the Yoast SEO Premium plugin v26.6 (Yoast SEO v26.6) - https:\/\/yoast.com\/wordpress\/plugins\/seo\/ -->\n<title>Section 5  10. Disposal Of Surplus And Unsuitable Material - City of Miami Beach<\/title>\n<meta name=\"description\" content=\"%\" \/>\n<meta name=\"robots\" content=\"index, follow, max-snippet:-1, max-image-preview:large, max-video-preview:-1\" \/>\n<link rel=\"canonical\" href=\"https:\/\/www.miamibeachfl.gov\/es\/city-hall\/public-works\/engineering-division\/section-5-1-general\/section-5-10-disposal-of-surplus-and-unsuitable-material\/\" \/>\n<meta property=\"og:locale\" content=\"es_ES\" \/>\n<meta property=\"og:type\" content=\"article\" \/>\n<meta property=\"og:title\" content=\"Section 5  10. Disposal Of Surplus And Unsuitable Material\" \/>\n<meta property=\"og:description\" content=\"%\" \/>\n<meta property=\"og:url\" content=\"https:\/\/www.miamibeachfl.gov\/es\/city-hall\/public-works\/engineering-division\/section-5-1-general\/section-5-10-disposal-of-surplus-and-unsuitable-material\/\" \/>\n<meta property=\"og:site_name\" content=\"City of Miami Beach\" \/>\n<meta property=\"article:publisher\" content=\"https:\/\/www.facebook.com\/cityofmiamibeach\" \/>\n<meta property=\"article:modified_time\" content=\"2018-01-26T19:09:16+00:00\" \/>\n<meta property=\"og:image\" content=\"https:\/\/www.miamibeachfl.gov\/wp-content\/uploads\/2024\/01\/1000pxSquare-miamibeach-aerial-southpointview.jpeg\" \/>\n\t<meta property=\"og:image:width\" content=\"1000\" \/>\n\t<meta property=\"og:image:height\" content=\"1000\" \/>\n\t<meta property=\"og:image:type\" content=\"image\/jpeg\" \/>\n<meta name=\"twitter:card\" content=\"summary_large_image\" \/>\n<meta name=\"twitter:site\" content=\"@Miamibeachnews\" \/>\n<script type=\"application\/ld+json\" class=\"yoast-schema-graph\">{\"@context\":\"https:\/\/schema.org\",\"@graph\":[{\"@type\":\"WebPage\",\"@id\":\"https:\/\/www.miamibeachfl.gov\/city-hall\/public-works\/engineering-division\/section-5-1-general\/section-5-10-disposal-of-surplus-and-unsuitable-material\/\",\"url\":\"https:\/\/www.miamibeachfl.gov\/city-hall\/public-works\/engineering-division\/section-5-1-general\/section-5-10-disposal-of-surplus-and-unsuitable-material\/\",\"name\":\"Section 5 10. Disposal Of Surplus And Unsuitable Material - City of Miami Beach\",\"isPartOf\":{\"@id\":\"https:\/\/www.miamibeachfl.gov\/#website\"},\"datePublished\":\"2017-08-11T00:11:51+00:00\",\"dateModified\":\"2018-01-26T19:09:16+00:00\",\"description\":\"%\",\"breadcrumb\":{\"@id\":\"https:\/\/www.miamibeachfl.gov\/city-hall\/public-works\/engineering-division\/section-5-1-general\/section-5-10-disposal-of-surplus-and-unsuitable-material\/#breadcrumb\"},\"inLanguage\":\"es\",\"potentialAction\":[{\"@type\":\"ReadAction\",\"target\":[\"https:\/\/www.miamibeachfl.gov\/city-hall\/public-works\/engineering-division\/section-5-1-general\/section-5-10-disposal-of-surplus-and-unsuitable-material\/\"]}]},{\"@type\":\"BreadcrumbList\",\"@id\":\"https:\/\/www.miamibeachfl.gov\/city-hall\/public-works\/engineering-division\/section-5-1-general\/section-5-10-disposal-of-surplus-and-unsuitable-material\/#breadcrumb\",\"itemListElement\":[{\"@type\":\"ListItem\",\"position\":1,\"name\":\"Home\",\"item\":\"https:\/\/www.miamibeachfl.gov\/\"},{\"@type\":\"ListItem\",\"position\":2,\"name\":\"City Hall\",\"item\":\"https:\/\/www.miamibeachfl.gov\/city-hall\/\"},{\"@type\":\"ListItem\",\"position\":3,\"name\":\"Public Works\",\"item\":\"https:\/\/www.miamibeachfl.gov\/city-hall\/public-works\/\"},{\"@type\":\"ListItem\",\"position\":4,\"name\":\"Engineering Division\",\"item\":\"https:\/\/www.miamibeachfl.gov\/city-hall\/public-works\/engineering-division\/\"},{\"@type\":\"ListItem\",\"position\":5,\"name\":\"Section 5 1. General\",\"item\":\"https:\/\/www.miamibeachfl.gov\/city-hall\/public-works\/engineering-division\/section-5-1-general\/\"},{\"@type\":\"ListItem\",\"position\":6,\"name\":\"Section 5 10. Disposal Of Surplus And Unsuitable Material\"}]},{\"@type\":\"WebSite\",\"@id\":\"https:\/\/www.miamibeachfl.gov\/#website\",\"url\":\"https:\/\/www.miamibeachfl.gov\/\",\"name\":\"City of Miami Beach\",\"description\":\"The official website of the City of Miami Beach. Stay informed, find important information on city services, news, alerts, events, trolley routes, government employment and more.\",\"publisher\":{\"@id\":\"https:\/\/www.miamibeachfl.gov\/#organization\"},\"potentialAction\":[{\"@type\":\"SearchAction\",\"target\":{\"@type\":\"EntryPoint\",\"urlTemplate\":\"https:\/\/www.miamibeachfl.gov\/?s={search_term_string}\"},\"query-input\":{\"@type\":\"PropertyValueSpecification\",\"valueRequired\":true,\"valueName\":\"search_term_string\"}}],\"inLanguage\":\"es\"},{\"@type\":\"Organization\",\"@id\":\"https:\/\/www.miamibeachfl.gov\/#organization\",\"name\":\"City of Miami Beach\",\"url\":\"https:\/\/www.miamibeachfl.gov\/\",\"logo\":{\"@type\":\"ImageObject\",\"inLanguage\":\"es\",\"@id\":\"https:\/\/www.miamibeachfl.gov\/#\/schema\/logo\/image\/\",\"url\":\"https:\/\/www.miamibeachfl.gov\/wp-content\/uploads\/2022\/06\/miamibeach-logoblue.png\",\"contentUrl\":\"https:\/\/www.miamibeachfl.gov\/wp-content\/uploads\/2022\/06\/miamibeach-logoblue.png\",\"width\":1962,\"height\":381,\"caption\":\"City of Miami Beach\"},\"image\":{\"@id\":\"https:\/\/www.miamibeachfl.gov\/#\/schema\/logo\/image\/\"},\"sameAs\":[\"https:\/\/www.facebook.com\/cityofmiamibeach\",\"https:\/\/x.com\/Miamibeachnews\",\"https:\/\/www.instagram.com\/miamibeachnews\/\"],\"description\":\"The official website of the City of Miami Beach. Stay informed, find important information on city services, news, alerts, events, trolley routes, government employment and more.\",\"telephone\":\"305.604.CITY(2489)\",\"legalName\":\"City of Miami Beach\"}]}<\/script>\n<!-- \/ Yoast SEO Premium plugin. -->","yoast_head_json":{"title":"Secci\u00f3n 5 10. Eliminaci\u00f3n de materiales excedentes e inadecuados - Ciudad de Miami Beach","description":"%","robots":{"index":"index","follow":"follow","max-snippet":"max-snippet:-1","max-image-preview":"max-image-preview:large","max-video-preview":"max-video-preview:-1"},"canonical":"https:\/\/www.miamibeachfl.gov\/es\/city-hall\/public-works\/engineering-division\/section-5-1-general\/section-5-10-disposal-of-surplus-and-unsuitable-material\/","og_locale":"es_ES","og_type":"article","og_title":"Section 5  10. Disposal Of Surplus And Unsuitable Material","og_description":"%","og_url":"https:\/\/www.miamibeachfl.gov\/es\/city-hall\/public-works\/engineering-division\/section-5-1-general\/section-5-10-disposal-of-surplus-and-unsuitable-material\/","og_site_name":"City of Miami Beach","article_publisher":"https:\/\/www.facebook.com\/cityofmiamibeach","article_modified_time":"2018-01-26T19:09:16+00:00","og_image":[{"width":1000,"height":1000,"url":"https:\/\/www.miamibeachfl.gov\/wp-content\/uploads\/2024\/01\/1000pxSquare-miamibeach-aerial-southpointview.jpeg","type":"image\/jpeg"}],"twitter_card":"summary_large_image","twitter_site":"@Miamibeachnews","schema":{"@context":"https:\/\/schema.org","@graph":[{"@type":"WebPage","@id":"https:\/\/www.miamibeachfl.gov\/city-hall\/public-works\/engineering-division\/section-5-1-general\/section-5-10-disposal-of-surplus-and-unsuitable-material\/","url":"https:\/\/www.miamibeachfl.gov\/city-hall\/public-works\/engineering-division\/section-5-1-general\/section-5-10-disposal-of-surplus-and-unsuitable-material\/","name":"Secci\u00f3n 5 10. Eliminaci\u00f3n de materiales excedentes e inadecuados - Ciudad de Miami Beach","isPartOf":{"@id":"https:\/\/www.miamibeachfl.gov\/#website"},"datePublished":"2017-08-11T00:11:51+00:00","dateModified":"2018-01-26T19:09:16+00:00","description":"%","breadcrumb":{"@id":"https:\/\/www.miamibeachfl.gov\/city-hall\/public-works\/engineering-division\/section-5-1-general\/section-5-10-disposal-of-surplus-and-unsuitable-material\/#breadcrumb"},"inLanguage":"es","potentialAction":[{"@type":"ReadAction","target":["https:\/\/www.miamibeachfl.gov\/city-hall\/public-works\/engineering-division\/section-5-1-general\/section-5-10-disposal-of-surplus-and-unsuitable-material\/"]}]},{"@type":"BreadcrumbList","@id":"https:\/\/www.miamibeachfl.gov\/city-hall\/public-works\/engineering-division\/section-5-1-general\/section-5-10-disposal-of-surplus-and-unsuitable-material\/#breadcrumb","itemListElement":[{"@type":"ListItem","position":1,"name":"Home","item":"https:\/\/www.miamibeachfl.gov\/"},{"@type":"ListItem","position":2,"name":"City Hall","item":"https:\/\/www.miamibeachfl.gov\/city-hall\/"},{"@type":"ListItem","position":3,"name":"Public Works","item":"https:\/\/www.miamibeachfl.gov\/city-hall\/public-works\/"},{"@type":"ListItem","position":4,"name":"Engineering Division","item":"https:\/\/www.miamibeachfl.gov\/city-hall\/public-works\/engineering-division\/"},{"@type":"ListItem","position":5,"name":"Section 5 1. General","item":"https:\/\/www.miamibeachfl.gov\/city-hall\/public-works\/engineering-division\/section-5-1-general\/"},{"@type":"ListItem","position":6,"name":"Section 5 10. Disposal Of Surplus And Unsuitable Material"}]},{"@type":"WebSite","@id":"https:\/\/www.miamibeachfl.gov\/#website","url":"https:\/\/www.miamibeachfl.gov\/","name":"Ciudad de Miami Beach","description":"Sitio web oficial de la Ciudad de Miami Beach. Mant\u00e9ngase informado, encuentre informaci\u00f3n importante sobre servicios municipales, noticias, alertas, eventos, rutas de tranv\u00edas, empleos gubernamentales y m\u00e1s.","publisher":{"@id":"https:\/\/www.miamibeachfl.gov\/#organization"},"potentialAction":[{"@type":"SearchAction","target":{"@type":"EntryPoint","urlTemplate":"https:\/\/www.miamibeachfl.gov\/?s={search_term_string}"},"query-input":{"@type":"PropertyValueSpecification","valueRequired":true,"valueName":"search_term_string"}}],"inLanguage":"es"},{"@type":"Organization","@id":"https:\/\/www.miamibeachfl.gov\/#organization","name":"Ciudad de Miami Beach","url":"https:\/\/www.miamibeachfl.gov\/","logo":{"@type":"ImageObject","inLanguage":"es","@id":"https:\/\/www.miamibeachfl.gov\/#\/schema\/logo\/image\/","url":"https:\/\/www.miamibeachfl.gov\/wp-content\/uploads\/2022\/06\/miamibeach-logoblue.png","contentUrl":"https:\/\/www.miamibeachfl.gov\/wp-content\/uploads\/2022\/06\/miamibeach-logoblue.png","width":1962,"height":381,"caption":"City of Miami Beach"},"image":{"@id":"https:\/\/www.miamibeachfl.gov\/#\/schema\/logo\/image\/"},"sameAs":["https:\/\/www.facebook.com\/cityofmiamibeach","https:\/\/x.com\/Miamibeachnews","https:\/\/www.instagram.com\/miamibeachnews\/"],"description":"Sitio web oficial de la Ciudad de Miami Beach. Mant\u00e9ngase informado, encuentre informaci\u00f3n importante sobre servicios municipales, noticias, alertas, eventos, rutas de tranv\u00edas, empleos gubernamentales y m\u00e1s.","telephone":"305.604.CITY(2489)","legalName":"City of Miami Beach"}]}},"_links":{"self":[{"href":"https:\/\/www.miamibeachfl.gov\/es\/wp-json\/wp\/v2\/pages\/29097","targetHints":{"allow":["GET"]}}],"collection":[{"href":"https:\/\/www.miamibeachfl.gov\/es\/wp-json\/wp\/v2\/pages"}],"about":[{"href":"https:\/\/www.miamibeachfl.gov\/es\/wp-json\/wp\/v2\/types\/page"}],"author":[{"embeddable":true,"href":"https:\/\/www.miamibeachfl.gov\/es\/wp-json\/wp\/v2\/users\/222"}],"replies":[{"embeddable":true,"href":"https:\/\/www.miamibeachfl.gov\/es\/wp-json\/wp\/v2\/comments?post=29097"}],"version-history":[{"count":0,"href":"https:\/\/www.miamibeachfl.gov\/es\/wp-json\/wp\/v2\/pages\/29097\/revisions"}],"up":[{"embeddable":true,"href":"https:\/\/www.miamibeachfl.gov\/es\/wp-json\/wp\/v2\/pages\/29096"}],"wp:attachment":[{"href":"https:\/\/www.miamibeachfl.gov\/es\/wp-json\/wp\/v2\/media?parent=29097"}],"wp:term":[{"taxonomy":"category","embeddable":true,"href":"https:\/\/www.miamibeachfl.gov\/es\/wp-json\/wp\/v2\/categories?post=29097"},{"taxonomy":"post_tag","embeddable":true,"href":"https:\/\/www.miamibeachfl.gov\/es\/wp-json\/wp\/v2\/tags?post=29097"}],"curies":[{"name":"gracias","href":"https:\/\/api.w.org\/{rel}","templated":true}]}}