{"id":29113,"date":"2017-08-11T00:12:00","date_gmt":"2017-08-11T00:12:00","guid":{"rendered":"http:\/\/www.miamibeachfl.gov\/city-hall\/public-works\/table-of-contents-details\/section-7-1-a-pipe-and-fittings\/"},"modified":"2018-01-26T14:11:49","modified_gmt":"2018-01-26T19:11:49","slug":"section-7-1-a-pipe-and-fittings","status":"publish","type":"page","link":"https:\/\/www.miamibeachfl.gov\/es\/city-hall\/public-works\/engineering-division\/section-7-1-materials\/section-7-1-a-pipe-and-fittings\/","title":{"rendered":"Secci\u00f3n 7 1 A. Tuber\u00edas y accesorios"},"content":{"rendered":"<\/p>\n<p><strong>SECCI\u00d3N 7 SISTEMA DE RECOLECCI\u00d3N POR GRAVEDAD DE ALCANTARILLADO SANITARIO<\/p>\n<p>A. Tuber\u00edas y accesorios<\/strong><\/p>\n<p>1. Tuber\u00edas y accesorios de alcantarillado sanitario de cloruro de polivinilo (PVC):<\/p>\n<p>a) La tuber\u00eda de PVC C-900 ser\u00e1 de tipo a presi\u00f3n, con campanas, espigas y juntas elastom\u00e9ricas, de acuerdo con las normas AWWA C900 y AWWA C905, sus \u00faltimas revisiones. La longitud nominal de la tuber\u00eda de PVC C900 ser\u00e1 de 6 metros (20 pies). La tuber\u00eda de PVC C900 estar\u00e1 impregnada con pigmento verde y se etiquetar\u00e1 dos veces (180 grados) con la siguiente informaci\u00f3n a intervalos no mayores de 1,5 metros (5 pies): Fecha de fabricaci\u00f3n, Nombre y c\u00f3digo de registro del fabricante, Tama\u00f1o nominal, \u201c(Cl)\u201d, \u201cPVC\u201d, \u201cRelaci\u00f3n dimensional (por ejemplo, \u201cDR25\u201d)\u201d, \u201cClase de presi\u00f3n AWWA (por ejemplo, \u201cPC100\u201d), \u201cN\u00famero de designaci\u00f3n AWWA (ANSI\/AWWA C900-97)\u201d.<\/p>\n<p>b) Tuber\u00edas SDR-35: La tuber\u00eda de PVC ser\u00e1 de tipo push-on, con campanas, espigas y juntas elastom\u00e9ricas, de acuerdo con la norma ASTM D 3034 y la norma ASTM D 3212, sus \u00faltimas revisiones. No se permitir\u00e1n juntas con cemento solvente. La longitud nominal de la tuber\u00eda de alcantarillado de PVC tipo PSM SDR-35 ser\u00e1 de 4 metros (13 pies). La tuber\u00eda de alcantarillado de PVC tipo PSM SDR-35 deber\u00e1 estar impregnada con pigmento verde y tener doble etiquetado (180 grados de separaci\u00f3n) a intervalos de 1,5 metros (5 pies) o menos, como se indica a continuaci\u00f3n: Fecha de fabricaci\u00f3n \u2013 Nombre y c\u00f3digo del fabricante \u2013 Tama\u00f1o nominal \u2013 Clasificaci\u00f3n de celda \u2013 \u201cTuber\u00eda de alcantarillado de PVC tipo PSM SDR-35\u201d \u2013 \u201cEspecificaci\u00f3n D 3034\u201d<\/p>\n<p>2. Tuber\u00edas de hierro d\u00factil (DIP): Las tuber\u00edas de hierro d\u00factil para alcantarillado sanitario deben ser como m\u00ednimo de clase 53 para tama\u00f1os de 6 pulgadas y de clase 52 para tama\u00f1os de 8 a 15 pulgadas, de conformidad con las \u00faltimas revisiones de las normas ANSI\/AWWA C151\/A21.51. Todas las tuber\u00edas de hierro d\u00factil deben estar revestidas internamente con epoxi cer\u00e1mico Protecto 401 de 40 mil\u00e9simas de pulgada o equivalente. Todas las tuber\u00edas de hierro d\u00factil deben estar unidas mediante juntas de goma a presi\u00f3n.<\/p>\n<p>3. Accesorios: deber\u00e1n coincidir con el material utilizado para la red el\u00e9ctrica.<\/p>\n<p>4. Las conexiones laterales de servicio deber\u00e1n ser estancas y no sobresalir de la tuber\u00eda principal de alcantarillado. Se utilizar\u00e1 una conexi\u00f3n en Y sanitaria de 15 cm o m\u00e1s de di\u00e1metro para conectar viviendas de baja densidad a la tuber\u00eda principal. Todos los dem\u00e1s servicios deber\u00e1n utilizar una conexi\u00f3n de al menos 20 cm de di\u00e1metro y se conectar\u00e1n a trav\u00e9s de una nueva boca de acceso en la tuber\u00eda principal. No se utilizar\u00e1n conexiones en Y de tipo silla de montar. Las tuber\u00edas principales de arcilla vitrificada deber\u00e1n revestirse o reemplazarse antes de conectarles una nueva conexi\u00f3n lateral de servicio. Todos los materiales utilizados para las conexiones de servicio deber\u00e1n ser compatibles entre s\u00ed y con los materiales de las tuber\u00edas que se unir\u00e1n, y deber\u00e1n ser resistentes a la corrosi\u00f3n.<\/p>","protected":false},"excerpt":{"rendered":"<p>SECTION 7 SANITARY SEWER GRAVITY COLLECTION SYSTEM A. Pipe and Fittings 1.\u00a0Polyvinyl Chloride (PVC) Sanitary Sewer Pipe and Fittings: a)\u00a0The [&hellip;]<\/p>\n","protected":false},"author":222,"featured_media":0,"parent":29121,"menu_order":0,"comment_status":"closed","ping_status":"closed","template":"","meta":{"_searchwp_excluded":"","site-sidebar-layout":"default","site-content-layout":"","ast-site-content-layout":"default","site-content-style":"default","site-sidebar-style":"default","ast-global-header-display":"","ast-banner-title-visibility":"","ast-main-header-display":"","ast-hfb-above-header-display":"","ast-hfb-below-header-display":"","ast-hfb-mobile-header-display":"","site-post-title":"","ast-breadcrumbs-content":"","ast-featured-img":"","footer-sml-layout":"","theme-transparent-header-meta":"","adv-header-id-meta":"","stick-header-meta":"","header-above-stick-meta":"","header-main-stick-meta":"","header-below-stick-meta":"","astra-migrate-meta-layouts":"default","ast-page-background-enabled":"default","ast-page-background-meta":{"desktop":{"background-color":"var(--ast-global-color-5)","background-image":"","background-repeat":"repeat","background-position":"center center","background-size":"auto","background-attachment":"scroll","background-type":"","background-media":"","overlay-type":"","overlay-color":"","overlay-opacity":"","overlay-gradient":""},"tablet":{"background-color":"","background-image":"","background-repeat":"repeat","background-position":"center center","background-size":"auto","background-attachment":"scroll","background-type":"","background-media":"","overlay-type":"","overlay-color":"","overlay-opacity":"","overlay-gradient":""},"mobile":{"background-color":"","background-image":"","background-repeat":"repeat","background-position":"center center","background-size":"auto","background-attachment":"scroll","background-type":"","background-media":"","overlay-type":"","overlay-color":"","overlay-opacity":"","overlay-gradient":""}},"ast-content-background-meta":{"desktop":{"background-color":"var(--ast-global-color-4)","background-image":"","background-repeat":"repeat","background-position":"center center","background-size":"auto","background-attachment":"scroll","background-type":"","background-media":"","overlay-type":"","overlay-color":"","overlay-opacity":"","overlay-gradient":""},"tablet":{"background-color":"var(--ast-global-color-4)","background-image":"","background-repeat":"repeat","background-position":"center center","background-size":"auto","background-attachment":"scroll","background-type":"","background-media":"","overlay-type":"","overlay-color":"","overlay-opacity":"","overlay-gradient":""},"mobile":{"background-color":"var(--ast-global-color-4)","background-image":"","background-repeat":"repeat","background-position":"center center","background-size":"auto","background-attachment":"scroll","background-type":"","background-media":"","overlay-type":"","overlay-color":"","overlay-opacity":"","overlay-gradient":""}},"footnotes":""},"categories":[],"tags":[],"class_list":["post-29113","page","type-page","status-publish","hentry"],"yoast_head":"<!-- This site is optimized with the Yoast SEO Premium plugin v27.4 (Yoast SEO v27.4) - https:\/\/yoast.com\/product\/yoast-seo-premium-wordpress\/ -->\n<title>Section 7  1  A. Pipe And Fittings - City of Miami Beach<\/title>\n<meta name=\"description\" content=\"%\" \/>\n<meta name=\"robots\" content=\"index, follow, max-snippet:-1, max-image-preview:large, max-video-preview:-1\" \/>\n<link rel=\"canonical\" href=\"https:\/\/www.miamibeachfl.gov\/es\/city-hall\/public-works\/engineering-division\/section-7-1-materials\/section-7-1-a-pipe-and-fittings\/\" \/>\n<meta property=\"og:locale\" content=\"es_ES\" \/>\n<meta property=\"og:type\" content=\"article\" \/>\n<meta property=\"og:title\" content=\"Section 7  1  A. Pipe And Fittings\" \/>\n<meta property=\"og:description\" content=\"%\" \/>\n<meta property=\"og:url\" content=\"https:\/\/www.miamibeachfl.gov\/es\/city-hall\/public-works\/engineering-division\/section-7-1-materials\/section-7-1-a-pipe-and-fittings\/\" \/>\n<meta property=\"og:site_name\" content=\"City of Miami Beach\" \/>\n<meta property=\"article:publisher\" content=\"https:\/\/www.facebook.com\/cityofmiamibeach\" \/>\n<meta property=\"article:modified_time\" content=\"2018-01-26T19:11:49+00:00\" \/>\n<meta property=\"og:image\" content=\"https:\/\/www.miamibeachfl.gov\/wp-content\/uploads\/2024\/01\/1000pxSquare-miamibeach-aerial-southpointview.jpeg\" \/>\n\t<meta property=\"og:image:width\" content=\"1000\" \/>\n\t<meta property=\"og:image:height\" content=\"1000\" \/>\n\t<meta property=\"og:image:type\" content=\"image\/jpeg\" \/>\n<meta name=\"twitter:card\" content=\"summary_large_image\" \/>\n<meta name=\"twitter:site\" content=\"@Miamibeachnews\" \/>\n<script type=\"application\/ld+json\" class=\"yoast-schema-graph\">{\"@context\":\"https:\\\/\\\/schema.org\",\"@graph\":[{\"@type\":\"WebPage\",\"@id\":\"https:\\\/\\\/www.miamibeachfl.gov\\\/city-hall\\\/public-works\\\/engineering-division\\\/section-7-1-materials\\\/section-7-1-a-pipe-and-fittings\\\/\",\"url\":\"https:\\\/\\\/www.miamibeachfl.gov\\\/city-hall\\\/public-works\\\/engineering-division\\\/section-7-1-materials\\\/section-7-1-a-pipe-and-fittings\\\/\",\"name\":\"Section 7 1 A. Pipe And Fittings - City of Miami Beach\",\"isPartOf\":{\"@id\":\"https:\\\/\\\/www.miamibeachfl.gov\\\/#website\"},\"datePublished\":\"2017-08-11T00:12:00+00:00\",\"dateModified\":\"2018-01-26T19:11:49+00:00\",\"description\":\"%\",\"breadcrumb\":{\"@id\":\"https:\\\/\\\/www.miamibeachfl.gov\\\/city-hall\\\/public-works\\\/engineering-division\\\/section-7-1-materials\\\/section-7-1-a-pipe-and-fittings\\\/#breadcrumb\"},\"inLanguage\":\"es\",\"potentialAction\":[{\"@type\":\"ReadAction\",\"target\":[\"https:\\\/\\\/www.miamibeachfl.gov\\\/city-hall\\\/public-works\\\/engineering-division\\\/section-7-1-materials\\\/section-7-1-a-pipe-and-fittings\\\/\"]}]},{\"@type\":\"BreadcrumbList\",\"@id\":\"https:\\\/\\\/www.miamibeachfl.gov\\\/city-hall\\\/public-works\\\/engineering-division\\\/section-7-1-materials\\\/section-7-1-a-pipe-and-fittings\\\/#breadcrumb\",\"itemListElement\":[{\"@type\":\"ListItem\",\"position\":1,\"name\":\"Home\",\"item\":\"https:\\\/\\\/www.miamibeachfl.gov\\\/\"},{\"@type\":\"ListItem\",\"position\":2,\"name\":\"City Hall\",\"item\":\"https:\\\/\\\/www.miamibeachfl.gov\\\/city-hall\\\/\"},{\"@type\":\"ListItem\",\"position\":3,\"name\":\"Public Works\",\"item\":\"https:\\\/\\\/www.miamibeachfl.gov\\\/city-hall\\\/public-works\\\/\"},{\"@type\":\"ListItem\",\"position\":4,\"name\":\"Engineering Division\",\"item\":\"https:\\\/\\\/www.miamibeachfl.gov\\\/city-hall\\\/public-works\\\/engineering-division\\\/\"},{\"@type\":\"ListItem\",\"position\":5,\"name\":\"Section 7 1 Materials\",\"item\":\"https:\\\/\\\/www.miamibeachfl.gov\\\/city-hall\\\/public-works\\\/engineering-division\\\/section-7-1-materials\\\/\"},{\"@type\":\"ListItem\",\"position\":6,\"name\":\"Section 7 1 A. Pipe And Fittings\"}]},{\"@type\":\"WebSite\",\"@id\":\"https:\\\/\\\/www.miamibeachfl.gov\\\/#website\",\"url\":\"https:\\\/\\\/www.miamibeachfl.gov\\\/\",\"name\":\"City of Miami Beach\",\"description\":\"The official website of the City of Miami Beach. Stay informed, find important information on city services, news, alerts, events, trolley routes, government employment and more.\",\"publisher\":{\"@id\":\"https:\\\/\\\/www.miamibeachfl.gov\\\/#organization\"},\"potentialAction\":[{\"@type\":\"SearchAction\",\"target\":{\"@type\":\"EntryPoint\",\"urlTemplate\":\"https:\\\/\\\/www.miamibeachfl.gov\\\/?s={search_term_string}\"},\"query-input\":{\"@type\":\"PropertyValueSpecification\",\"valueRequired\":true,\"valueName\":\"search_term_string\"}}],\"inLanguage\":\"es\"},{\"@type\":\"Organization\",\"@id\":\"https:\\\/\\\/www.miamibeachfl.gov\\\/#organization\",\"name\":\"City of Miami Beach\",\"url\":\"https:\\\/\\\/www.miamibeachfl.gov\\\/\",\"logo\":{\"@type\":\"ImageObject\",\"inLanguage\":\"es\",\"@id\":\"https:\\\/\\\/www.miamibeachfl.gov\\\/#\\\/schema\\\/logo\\\/image\\\/\",\"url\":\"https:\\\/\\\/www.miamibeachfl.gov\\\/wp-content\\\/uploads\\\/2022\\\/06\\\/miamibeach-logoblue.png\",\"contentUrl\":\"https:\\\/\\\/www.miamibeachfl.gov\\\/wp-content\\\/uploads\\\/2022\\\/06\\\/miamibeach-logoblue.png\",\"width\":1962,\"height\":381,\"caption\":\"City of Miami Beach\"},\"image\":{\"@id\":\"https:\\\/\\\/www.miamibeachfl.gov\\\/#\\\/schema\\\/logo\\\/image\\\/\"},\"sameAs\":[\"https:\\\/\\\/www.facebook.com\\\/cityofmiamibeach\",\"https:\\\/\\\/x.com\\\/Miamibeachnews\",\"https:\\\/\\\/www.instagram.com\\\/miamibeachnews\\\/\"],\"description\":\"The official website of the City of Miami Beach. Stay informed, find important information on city services, news, alerts, events, trolley routes, government employment and more.\",\"telephone\":\"305.604.CITY(2489)\",\"legalName\":\"City of Miami Beach\"}]}<\/script>\n<!-- \/ Yoast SEO Premium plugin. -->","yoast_head_json":{"title":"Secci\u00f3n 7 1 A. Tuber\u00edas y accesorios - Ciudad de Miami Beach","description":"%","robots":{"index":"index","follow":"follow","max-snippet":"max-snippet:-1","max-image-preview":"max-image-preview:large","max-video-preview":"max-video-preview:-1"},"canonical":"https:\/\/www.miamibeachfl.gov\/es\/city-hall\/public-works\/engineering-division\/section-7-1-materials\/section-7-1-a-pipe-and-fittings\/","og_locale":"es_ES","og_type":"article","og_title":"Section 7  1  A. Pipe And Fittings","og_description":"%","og_url":"https:\/\/www.miamibeachfl.gov\/es\/city-hall\/public-works\/engineering-division\/section-7-1-materials\/section-7-1-a-pipe-and-fittings\/","og_site_name":"City of Miami Beach","article_publisher":"https:\/\/www.facebook.com\/cityofmiamibeach","article_modified_time":"2018-01-26T19:11:49+00:00","og_image":[{"width":1000,"height":1000,"url":"https:\/\/www.miamibeachfl.gov\/wp-content\/uploads\/2024\/01\/1000pxSquare-miamibeach-aerial-southpointview.jpeg","type":"image\/jpeg"}],"twitter_card":"summary_large_image","twitter_site":"@Miamibeachnews","schema":{"@context":"https:\/\/schema.org","@graph":[{"@type":"WebPage","@id":"https:\/\/www.miamibeachfl.gov\/city-hall\/public-works\/engineering-division\/section-7-1-materials\/section-7-1-a-pipe-and-fittings\/","url":"https:\/\/www.miamibeachfl.gov\/city-hall\/public-works\/engineering-division\/section-7-1-materials\/section-7-1-a-pipe-and-fittings\/","name":"Secci\u00f3n 7 1 A. Tuber\u00edas y accesorios - Ciudad de Miami Beach","isPartOf":{"@id":"https:\/\/www.miamibeachfl.gov\/#website"},"datePublished":"2017-08-11T00:12:00+00:00","dateModified":"2018-01-26T19:11:49+00:00","description":"%","breadcrumb":{"@id":"https:\/\/www.miamibeachfl.gov\/city-hall\/public-works\/engineering-division\/section-7-1-materials\/section-7-1-a-pipe-and-fittings\/#breadcrumb"},"inLanguage":"es","potentialAction":[{"@type":"ReadAction","target":["https:\/\/www.miamibeachfl.gov\/city-hall\/public-works\/engineering-division\/section-7-1-materials\/section-7-1-a-pipe-and-fittings\/"]}]},{"@type":"BreadcrumbList","@id":"https:\/\/www.miamibeachfl.gov\/city-hall\/public-works\/engineering-division\/section-7-1-materials\/section-7-1-a-pipe-and-fittings\/#breadcrumb","itemListElement":[{"@type":"ListItem","position":1,"name":"Home","item":"https:\/\/www.miamibeachfl.gov\/"},{"@type":"ListItem","position":2,"name":"City Hall","item":"https:\/\/www.miamibeachfl.gov\/city-hall\/"},{"@type":"ListItem","position":3,"name":"Public Works","item":"https:\/\/www.miamibeachfl.gov\/city-hall\/public-works\/"},{"@type":"ListItem","position":4,"name":"Engineering Division","item":"https:\/\/www.miamibeachfl.gov\/city-hall\/public-works\/engineering-division\/"},{"@type":"ListItem","position":5,"name":"Section 7 1 Materials","item":"https:\/\/www.miamibeachfl.gov\/city-hall\/public-works\/engineering-division\/section-7-1-materials\/"},{"@type":"ListItem","position":6,"name":"Section 7 1 A. Pipe And Fittings"}]},{"@type":"WebSite","@id":"https:\/\/www.miamibeachfl.gov\/#website","url":"https:\/\/www.miamibeachfl.gov\/","name":"Ciudad de Miami Beach","description":"Sitio web oficial de la Ciudad de Miami Beach. Mant\u00e9ngase informado, encuentre informaci\u00f3n importante sobre servicios municipales, noticias, alertas, eventos, rutas de tranv\u00edas, empleos gubernamentales y m\u00e1s.","publisher":{"@id":"https:\/\/www.miamibeachfl.gov\/#organization"},"potentialAction":[{"@type":"SearchAction","target":{"@type":"EntryPoint","urlTemplate":"https:\/\/www.miamibeachfl.gov\/?s={search_term_string}"},"query-input":{"@type":"PropertyValueSpecification","valueRequired":true,"valueName":"search_term_string"}}],"inLanguage":"es"},{"@type":"Organization","@id":"https:\/\/www.miamibeachfl.gov\/#organization","name":"Ciudad de Miami Beach","url":"https:\/\/www.miamibeachfl.gov\/","logo":{"@type":"ImageObject","inLanguage":"es","@id":"https:\/\/www.miamibeachfl.gov\/#\/schema\/logo\/image\/","url":"https:\/\/www.miamibeachfl.gov\/wp-content\/uploads\/2022\/06\/miamibeach-logoblue.png","contentUrl":"https:\/\/www.miamibeachfl.gov\/wp-content\/uploads\/2022\/06\/miamibeach-logoblue.png","width":1962,"height":381,"caption":"City of Miami Beach"},"image":{"@id":"https:\/\/www.miamibeachfl.gov\/#\/schema\/logo\/image\/"},"sameAs":["https:\/\/www.facebook.com\/cityofmiamibeach","https:\/\/x.com\/Miamibeachnews","https:\/\/www.instagram.com\/miamibeachnews\/"],"description":"Sitio web oficial de la Ciudad de Miami Beach. Mant\u00e9ngase informado, encuentre informaci\u00f3n importante sobre servicios municipales, noticias, alertas, eventos, rutas de tranv\u00edas, empleos gubernamentales y m\u00e1s.","telephone":"305.604.CITY(2489)","legalName":"City of Miami Beach"}]}},"_links":{"self":[{"href":"https:\/\/www.miamibeachfl.gov\/es\/wp-json\/wp\/v2\/pages\/29113","targetHints":{"allow":["GET"]}}],"collection":[{"href":"https:\/\/www.miamibeachfl.gov\/es\/wp-json\/wp\/v2\/pages"}],"about":[{"href":"https:\/\/www.miamibeachfl.gov\/es\/wp-json\/wp\/v2\/types\/page"}],"author":[{"embeddable":true,"href":"https:\/\/www.miamibeachfl.gov\/es\/wp-json\/wp\/v2\/users\/222"}],"replies":[{"embeddable":true,"href":"https:\/\/www.miamibeachfl.gov\/es\/wp-json\/wp\/v2\/comments?post=29113"}],"version-history":[{"count":0,"href":"https:\/\/www.miamibeachfl.gov\/es\/wp-json\/wp\/v2\/pages\/29113\/revisions"}],"up":[{"embeddable":true,"href":"https:\/\/www.miamibeachfl.gov\/es\/wp-json\/wp\/v2\/pages\/29121"}],"wp:attachment":[{"href":"https:\/\/www.miamibeachfl.gov\/es\/wp-json\/wp\/v2\/media?parent=29113"}],"wp:term":[{"taxonomy":"category","embeddable":true,"href":"https:\/\/www.miamibeachfl.gov\/es\/wp-json\/wp\/v2\/categories?post=29113"},{"taxonomy":"post_tag","embeddable":true,"href":"https:\/\/www.miamibeachfl.gov\/es\/wp-json\/wp\/v2\/tags?post=29113"}],"curies":[{"name":"gracias","href":"https:\/\/api.w.org\/{rel}","templated":true}]}}