{"id":29124,"date":"2017-08-11T00:12:06","date_gmt":"2017-08-11T00:12:06","guid":{"rendered":"http:\/\/www.miamibeachfl.gov\/city-hall\/public-works\/table-of-contents-details\/section-7-4-special-considerations\/"},"modified":"2018-01-26T15:36:51","modified_gmt":"2018-01-26T20:36:51","slug":"section-7-4-special-considerations","status":"publish","type":"page","link":"https:\/\/www.miamibeachfl.gov\/es\/city-hall\/public-works\/engineering-division\/section-7-4-special-considerations\/","title":{"rendered":"Secci\u00f3n 7 4. Consideraciones especiales"},"content":{"rendered":"<\/p>\n<p><strong>SECCI\u00d3N 7 SISTEMA DE RECOLECCI\u00d3N POR GRAVEDAD DE ALCANTARILLADO SANITARIO<\/p>\n<p>4. CONSIDERACIONES ESPECIALES<\/strong><\/p>\n<p>A. . Criterios de dise\u00f1o:<\/p>\n<p>1. Pendientes m\u00ednimas: Las tuber\u00edas principales de alcantarillado por gravedad deber\u00e1n dise\u00f1arse y construirse para lograr velocidades de erosi\u00f3n, cuando fluyan llenas, de no menos de 2,0 pies por segundo, seg\u00fan la f\u00f3rmula de Manning utilizando un valor \u201cn\u201d de 0,013.<\/p>\n<p>2. Dimensiones m\u00ednimas de las tuber\u00edas: Las tuber\u00edas principales de alcantarillado por gravedad deben tener un di\u00e1metro m\u00ednimo de 20 cm. Las tuber\u00edas laterales deben tener un di\u00e1metro m\u00ednimo de 15 cm para viviendas unifamiliares y de 20 cm para viviendas multifamiliares y no residenciales, y deben conectarse a la tuber\u00eda principal mediante un pozo de registro.<\/p>\n<p>3. Se instalar\u00e1n pozos de acceso al final de cada l\u00ednea; en todos los cambios de pendiente, tama\u00f1o o alineaci\u00f3n; en todas las intersecciones de tuber\u00edas principales; y con distancias de l\u00ednea no mayores a 400 pies entre pozos de acceso.<\/p>\n<p>4. Cuando las tuber\u00edas principales de alcantarillado por gravedad se cruzan por encima de las l\u00edneas de agua, la tuber\u00eda de alcantarillado por una distancia de 6 pies (separaci\u00f3n de tuber\u00eda a tuber\u00eda) a cada lado del cruce deber\u00e1 ser DIP o PVC C900\/C905, sin ninguna junta m\u00e1s cercana horizontalmente a menos de 3 pies del cruce (separaci\u00f3n de tuber\u00eda a tuber\u00eda).<\/p>\n<p>5. Se utilizar\u00e1n los siguientes materiales de tuber\u00eda seg\u00fan la profundidad vertical de la cubierta y las ubicaciones, a menos que los c\u00e1lculos exijan lo contrario debido a cargas especiales u otras condiciones:<\/p>\n<p>a) Zona de zanja sin pavimentar:<\/p>\n<p>\u00a0 CUBIERTA &lt; 30\u2033-36\u2033: Utilice tuber\u00eda de PVC C-900 o de hierro d\u00factil.<\/p>\n<p>\u00a0 COBERTURA &gt; 3 pies: SDR 35 o C-900<\/p>\n<p>\nb) Zonas pavimentadas:<\/p>\n<p>\u00a0CUBIERTA &lt; 30\u2033-36\u2033: Use tuber\u00eda de PVC C-900 o de hierro d\u00factil con losa de concreto sobre ella, seg\u00fan el detalle est\u00e1ndar.<\/p>\n<p>\u00a0CUBIERTA &gt; 3 pies: Use tuber\u00eda de PVC C-900 o de hierro d\u00factil.<\/p>\n<p>B. El Contratista deber\u00e1 cumplir con todas las disposiciones aplicables de la Ley de Seguridad y Salud Ocupacional de 1970, en general, y con cualquier modificaci\u00f3n o revisi\u00f3n posterior, y, en particular, con las disposiciones relativas al acceso a espacios confinados y la Ley de Seguridad en Zanjas. Los costos de cumplimiento se incluir\u00e1n en el costo unitario de la instalaci\u00f3n de tuber\u00edas.<\/p>\n<p>C. El Contratista ser\u00e1 responsable de proporcionar un plan aprobado de mantenimiento del tr\u00e1fico (MOT) y realizar\u00e1 sus operaciones de tal manera que, utilizando dispositivos de advertencia como conos de tr\u00e1fico, barricadas y luces de advertencia, y personal como banderilleros y polic\u00edas uniformados, se asegure de que el p\u00fablico reciba la advertencia adecuada sobre los peligros de la obra, seg\u00fan lo considere necesario el Ingeniero Municipal. En caso de que haya personal trabajando dentro de las arquetas, el Contratista deber\u00e1 proporcionar medidas de seguridad para cubrir cualquier posible falla estructural o inundaci\u00f3n. Dichas medidas podr\u00e1n incluir, entre otras, escaleras en posici\u00f3n que permitan una salida r\u00e1pida; arneses de seguridad; equipo de bombeo de emergencia; suministros de aire adicionales; y cualquier otra medida que la situaci\u00f3n y las buenas pr\u00e1cticas de construcci\u00f3n indiquen.<\/p>\n<p>D. No se permitir\u00e1 que los anillos elevadores ajusten los pozos de registro al nivel final, a menos que lo apruebe espec\u00edficamente el ingeniero de la ciudad.<\/p>\n<p>E. Bombeo de derivaci\u00f3n de alcantarillado:<\/p>\n<p>1. Los caudales de alcantarillado sanitario se controlar\u00e1n a trav\u00e9s de la secci\u00f3n de tuber\u00edas y estaciones de bombeo donde se realicen las obras. Bajo ninguna circunstancia se podr\u00e1n retirar del servicio partes del sistema por per\u00edodos superiores a los aprobados por el Departamento de Obras P\u00fablicas de la Ciudad.<\/p>\n<p>2. El Contratista ser\u00e1 responsable de evaluar las condiciones y capacidades de las l\u00edneas de alcantarillado y estaciones de bombeo existentes, en coordinaci\u00f3n con el Departamento de Obras P\u00fablicas de la Ciudad de Miami Beach, y acomodar los flujos en el plan de trabajo del proyecto para implementar un plan de bombeo de derivaci\u00f3n aceptable sin costo adicional para la Ciudad.<\/p>\n<p>3. Se requerir\u00e1 bombeo de derivaci\u00f3n para todas las reconstrucciones de alcantarillado y estaciones de bombeo que ocasionen el cierre de las instalaciones existentes. El Contratista suministrar\u00e1 las bombas, conductos y dem\u00e1s equipos necesarios no solo para desviar el caudal alrededor de la estaci\u00f3n de bombeo, pozo de registro o secci\u00f3n de tuber\u00eda donde se realizar\u00e1n las obras, sino tambi\u00e9n para conducir el caudal a las l\u00edneas de alcantarillado y\/o estaciones de bombeo aguas abajo, sin recargo.<\/p>\n<p>4. Los sistemas de derivaci\u00f3n deber\u00e1n tener la capacidad suficiente para manejar los caudales existentes, adem\u00e1s de los caudales adicionales que puedan producirse durante per\u00edodos de pleamar o lluvia. Adem\u00e1s del sistema de bombeo de derivaci\u00f3n principal, se deber\u00e1 contar con un sistema de bombeo de emergencia de respaldo, como un cami\u00f3n de vac\u00edo con una capacidad m\u00ednima de 1000 galones, disponible en una (1) hora en caso de emergencia.<\/p>\n<p>5. El Contratista ser\u00e1 responsable de proporcionar la mano de obra, la energ\u00eda y la supervisi\u00f3n necesarias para instalar y operar los sistemas de bombeo y derivaci\u00f3n.<\/p>\n<p>6. Cuando el bombeo est\u00e9 en funcionamiento, todos los motores de las bombas deber\u00e1n estar equipados de manera que se mantenga el ruido de la bomba al m\u00ednimo para cumplir con las ordenanzas de ruido de la Ciudad.<\/p>\n<p>7. El contratista deber\u00e1 contar con personal presente en todo momento durante la operaci\u00f3n de desv\u00edo de alcantarillado sanitario. El desv\u00edo en las v\u00edas p\u00fablicas o dentro de zonas de tr\u00e1nsito peatonal no deber\u00e1 resultar ni representar un peligro para los peatones ni el tr\u00e1fico.<\/p>\n<p>8. El contratista deber\u00e1 proporcionar un plan de mantenimiento de tr\u00e1fico (MOT) aprobado y obtener todos los derechos de paso y permisos reglamentarios necesarios antes de comenzar cualquier trabajo.<\/p>\n<p>F. Como se construye:<\/p>\n<p>Antes de la aceptaci\u00f3n final, se deber\u00e1n entregar a la Ciudad dos copias de los planos de obra, certificados por un Top\u00f3grafo y Cart\u00f3grafo Registrado de Florida (PSM), para su aprobaci\u00f3n y aceptaci\u00f3n de las tuber\u00edas de alcantarillado, pozos de registro, ramales y bocas de limpieza, junto con una copia del soporte digital que genere dichos planos. Los planos de obra deben mostrar los n\u00fameros de estaci\u00f3n y los desplazamientos horizontales desde la l\u00ednea base y las l\u00edneas de derecho de paso en un plano con una escala m\u00ednima de 1 pulgada = 50 pies para todos los pozos de registro, bocas de acceso, ramales, bocas de limpieza, etc., alineados horizontalmente, y un perfil con una escala m\u00ednima de 1 pulgada = 2 pies, con elevaciones de rasante en todos los pozos de registro, bocas de acceso y aproximadamente cada 50 pies, como m\u00ednimo. Los planos y perfiles de obra tambi\u00e9n deben mostrar todas las tuber\u00edas de alcantarillado y ramales abandonadas y obstruidas dentro de los l\u00edmites del proyecto.<\/p>","protected":false},"excerpt":{"rendered":"<p>SECTION 7 SANITARY SEWER GRAVITY COLLECTION SYSTEM 4. SPECIAL CONSIDERATIONS A.\u00a0.\u00a0Design criteria: 1.\u00a0Minimum slopes: Gravity sewer mains shall be designed [&hellip;]<\/p>\n","protected":false},"author":222,"featured_media":0,"parent":28940,"menu_order":183,"comment_status":"closed","ping_status":"closed","template":"","meta":{"_searchwp_excluded":"","site-sidebar-layout":"default","site-content-layout":"","ast-site-content-layout":"default","site-content-style":"default","site-sidebar-style":"default","ast-global-header-display":"","ast-banner-title-visibility":"","ast-main-header-display":"","ast-hfb-above-header-display":"","ast-hfb-below-header-display":"","ast-hfb-mobile-header-display":"","site-post-title":"","ast-breadcrumbs-content":"","ast-featured-img":"","footer-sml-layout":"","theme-transparent-header-meta":"","adv-header-id-meta":"","stick-header-meta":"","header-above-stick-meta":"","header-main-stick-meta":"","header-below-stick-meta":"","astra-migrate-meta-layouts":"default","ast-page-background-enabled":"default","ast-page-background-meta":{"desktop":{"background-color":"var(--ast-global-color-5)","background-image":"","background-repeat":"repeat","background-position":"center center","background-size":"auto","background-attachment":"scroll","background-type":"","background-media":"","overlay-type":"","overlay-color":"","overlay-opacity":"","overlay-gradient":""},"tablet":{"background-color":"","background-image":"","background-repeat":"repeat","background-position":"center center","background-size":"auto","background-attachment":"scroll","background-type":"","background-media":"","overlay-type":"","overlay-color":"","overlay-opacity":"","overlay-gradient":""},"mobile":{"background-color":"","background-image":"","background-repeat":"repeat","background-position":"center center","background-size":"auto","background-attachment":"scroll","background-type":"","background-media":"","overlay-type":"","overlay-color":"","overlay-opacity":"","overlay-gradient":""}},"ast-content-background-meta":{"desktop":{"background-color":"var(--ast-global-color-4)","background-image":"","background-repeat":"repeat","background-position":"center center","background-size":"auto","background-attachment":"scroll","background-type":"","background-media":"","overlay-type":"","overlay-color":"","overlay-opacity":"","overlay-gradient":""},"tablet":{"background-color":"var(--ast-global-color-4)","background-image":"","background-repeat":"repeat","background-position":"center center","background-size":"auto","background-attachment":"scroll","background-type":"","background-media":"","overlay-type":"","overlay-color":"","overlay-opacity":"","overlay-gradient":""},"mobile":{"background-color":"var(--ast-global-color-4)","background-image":"","background-repeat":"repeat","background-position":"center center","background-size":"auto","background-attachment":"scroll","background-type":"","background-media":"","overlay-type":"","overlay-color":"","overlay-opacity":"","overlay-gradient":""}},"footnotes":""},"categories":[],"tags":[],"class_list":["post-29124","page","type-page","status-publish","hentry"],"yoast_head":"<!-- This site is optimized with the Yoast SEO Premium plugin v27.4 (Yoast SEO v27.4) - https:\/\/yoast.com\/product\/yoast-seo-premium-wordpress\/ -->\n<title>Section 7  4. Special Considerations - City of Miami Beach<\/title>\n<meta name=\"description\" content=\"%\" \/>\n<meta name=\"robots\" content=\"index, follow, max-snippet:-1, max-image-preview:large, max-video-preview:-1\" \/>\n<link rel=\"canonical\" href=\"https:\/\/www.miamibeachfl.gov\/es\/city-hall\/public-works\/engineering-division\/section-7-4-special-considerations\/\" \/>\n<meta property=\"og:locale\" content=\"es_ES\" \/>\n<meta property=\"og:type\" content=\"article\" \/>\n<meta property=\"og:title\" content=\"Section 7  4. Special Considerations\" \/>\n<meta property=\"og:description\" content=\"%\" \/>\n<meta property=\"og:url\" content=\"https:\/\/www.miamibeachfl.gov\/es\/city-hall\/public-works\/engineering-division\/section-7-4-special-considerations\/\" \/>\n<meta property=\"og:site_name\" content=\"City of Miami Beach\" \/>\n<meta property=\"article:publisher\" content=\"https:\/\/www.facebook.com\/cityofmiamibeach\" \/>\n<meta property=\"article:modified_time\" content=\"2018-01-26T20:36:51+00:00\" \/>\n<meta property=\"og:image\" content=\"https:\/\/www.miamibeachfl.gov\/wp-content\/uploads\/2024\/01\/1000pxSquare-miamibeach-aerial-southpointview.jpeg\" \/>\n\t<meta property=\"og:image:width\" content=\"1000\" \/>\n\t<meta property=\"og:image:height\" content=\"1000\" \/>\n\t<meta property=\"og:image:type\" content=\"image\/jpeg\" \/>\n<meta name=\"twitter:card\" content=\"summary_large_image\" \/>\n<meta name=\"twitter:site\" content=\"@Miamibeachnews\" \/>\n<script type=\"application\/ld+json\" class=\"yoast-schema-graph\">{\"@context\":\"https:\\\/\\\/schema.org\",\"@graph\":[{\"@type\":\"WebPage\",\"@id\":\"https:\\\/\\\/www.miamibeachfl.gov\\\/city-hall\\\/public-works\\\/engineering-division\\\/section-7-4-special-considerations\\\/\",\"url\":\"https:\\\/\\\/www.miamibeachfl.gov\\\/city-hall\\\/public-works\\\/engineering-division\\\/section-7-4-special-considerations\\\/\",\"name\":\"Section 7 4. Special Considerations - City of Miami Beach\",\"isPartOf\":{\"@id\":\"https:\\\/\\\/www.miamibeachfl.gov\\\/#website\"},\"datePublished\":\"2017-08-11T00:12:06+00:00\",\"dateModified\":\"2018-01-26T20:36:51+00:00\",\"description\":\"%\",\"breadcrumb\":{\"@id\":\"https:\\\/\\\/www.miamibeachfl.gov\\\/city-hall\\\/public-works\\\/engineering-division\\\/section-7-4-special-considerations\\\/#breadcrumb\"},\"inLanguage\":\"es\",\"potentialAction\":[{\"@type\":\"ReadAction\",\"target\":[\"https:\\\/\\\/www.miamibeachfl.gov\\\/city-hall\\\/public-works\\\/engineering-division\\\/section-7-4-special-considerations\\\/\"]}]},{\"@type\":\"BreadcrumbList\",\"@id\":\"https:\\\/\\\/www.miamibeachfl.gov\\\/city-hall\\\/public-works\\\/engineering-division\\\/section-7-4-special-considerations\\\/#breadcrumb\",\"itemListElement\":[{\"@type\":\"ListItem\",\"position\":1,\"name\":\"Home\",\"item\":\"https:\\\/\\\/www.miamibeachfl.gov\\\/\"},{\"@type\":\"ListItem\",\"position\":2,\"name\":\"City Hall\",\"item\":\"https:\\\/\\\/www.miamibeachfl.gov\\\/city-hall\\\/\"},{\"@type\":\"ListItem\",\"position\":3,\"name\":\"Public Works\",\"item\":\"https:\\\/\\\/www.miamibeachfl.gov\\\/city-hall\\\/public-works\\\/\"},{\"@type\":\"ListItem\",\"position\":4,\"name\":\"Engineering Division\",\"item\":\"https:\\\/\\\/www.miamibeachfl.gov\\\/city-hall\\\/public-works\\\/engineering-division\\\/\"},{\"@type\":\"ListItem\",\"position\":5,\"name\":\"Section 7 4. Special Considerations\"}]},{\"@type\":\"WebSite\",\"@id\":\"https:\\\/\\\/www.miamibeachfl.gov\\\/#website\",\"url\":\"https:\\\/\\\/www.miamibeachfl.gov\\\/\",\"name\":\"City of Miami Beach\",\"description\":\"The official website of the City of Miami Beach. Stay informed, find important information on city services, news, alerts, events, trolley routes, government employment and more.\",\"publisher\":{\"@id\":\"https:\\\/\\\/www.miamibeachfl.gov\\\/#organization\"},\"potentialAction\":[{\"@type\":\"SearchAction\",\"target\":{\"@type\":\"EntryPoint\",\"urlTemplate\":\"https:\\\/\\\/www.miamibeachfl.gov\\\/?s={search_term_string}\"},\"query-input\":{\"@type\":\"PropertyValueSpecification\",\"valueRequired\":true,\"valueName\":\"search_term_string\"}}],\"inLanguage\":\"es\"},{\"@type\":\"Organization\",\"@id\":\"https:\\\/\\\/www.miamibeachfl.gov\\\/#organization\",\"name\":\"City of Miami Beach\",\"url\":\"https:\\\/\\\/www.miamibeachfl.gov\\\/\",\"logo\":{\"@type\":\"ImageObject\",\"inLanguage\":\"es\",\"@id\":\"https:\\\/\\\/www.miamibeachfl.gov\\\/#\\\/schema\\\/logo\\\/image\\\/\",\"url\":\"https:\\\/\\\/www.miamibeachfl.gov\\\/wp-content\\\/uploads\\\/2022\\\/06\\\/miamibeach-logoblue.png\",\"contentUrl\":\"https:\\\/\\\/www.miamibeachfl.gov\\\/wp-content\\\/uploads\\\/2022\\\/06\\\/miamibeach-logoblue.png\",\"width\":1962,\"height\":381,\"caption\":\"City of Miami Beach\"},\"image\":{\"@id\":\"https:\\\/\\\/www.miamibeachfl.gov\\\/#\\\/schema\\\/logo\\\/image\\\/\"},\"sameAs\":[\"https:\\\/\\\/www.facebook.com\\\/cityofmiamibeach\",\"https:\\\/\\\/x.com\\\/Miamibeachnews\",\"https:\\\/\\\/www.instagram.com\\\/miamibeachnews\\\/\"],\"description\":\"The official website of the City of Miami Beach. Stay informed, find important information on city services, news, alerts, events, trolley routes, government employment and more.\",\"telephone\":\"305.604.CITY(2489)\",\"legalName\":\"City of Miami Beach\"}]}<\/script>\n<!-- \/ Yoast SEO Premium plugin. -->","yoast_head_json":{"title":"Secci\u00f3n 7 4. Consideraciones especiales - Ciudad de Miami Beach","description":"%","robots":{"index":"index","follow":"follow","max-snippet":"max-snippet:-1","max-image-preview":"max-image-preview:large","max-video-preview":"max-video-preview:-1"},"canonical":"https:\/\/www.miamibeachfl.gov\/es\/city-hall\/public-works\/engineering-division\/section-7-4-special-considerations\/","og_locale":"es_ES","og_type":"article","og_title":"Section 7  4. Special Considerations","og_description":"%","og_url":"https:\/\/www.miamibeachfl.gov\/es\/city-hall\/public-works\/engineering-division\/section-7-4-special-considerations\/","og_site_name":"City of Miami Beach","article_publisher":"https:\/\/www.facebook.com\/cityofmiamibeach","article_modified_time":"2018-01-26T20:36:51+00:00","og_image":[{"width":1000,"height":1000,"url":"https:\/\/www.miamibeachfl.gov\/wp-content\/uploads\/2024\/01\/1000pxSquare-miamibeach-aerial-southpointview.jpeg","type":"image\/jpeg"}],"twitter_card":"summary_large_image","twitter_site":"@Miamibeachnews","schema":{"@context":"https:\/\/schema.org","@graph":[{"@type":"WebPage","@id":"https:\/\/www.miamibeachfl.gov\/city-hall\/public-works\/engineering-division\/section-7-4-special-considerations\/","url":"https:\/\/www.miamibeachfl.gov\/city-hall\/public-works\/engineering-division\/section-7-4-special-considerations\/","name":"Secci\u00f3n 7 4. Consideraciones especiales - Ciudad de Miami Beach","isPartOf":{"@id":"https:\/\/www.miamibeachfl.gov\/#website"},"datePublished":"2017-08-11T00:12:06+00:00","dateModified":"2018-01-26T20:36:51+00:00","description":"%","breadcrumb":{"@id":"https:\/\/www.miamibeachfl.gov\/city-hall\/public-works\/engineering-division\/section-7-4-special-considerations\/#breadcrumb"},"inLanguage":"es","potentialAction":[{"@type":"ReadAction","target":["https:\/\/www.miamibeachfl.gov\/city-hall\/public-works\/engineering-division\/section-7-4-special-considerations\/"]}]},{"@type":"BreadcrumbList","@id":"https:\/\/www.miamibeachfl.gov\/city-hall\/public-works\/engineering-division\/section-7-4-special-considerations\/#breadcrumb","itemListElement":[{"@type":"ListItem","position":1,"name":"Home","item":"https:\/\/www.miamibeachfl.gov\/"},{"@type":"ListItem","position":2,"name":"City Hall","item":"https:\/\/www.miamibeachfl.gov\/city-hall\/"},{"@type":"ListItem","position":3,"name":"Public Works","item":"https:\/\/www.miamibeachfl.gov\/city-hall\/public-works\/"},{"@type":"ListItem","position":4,"name":"Engineering Division","item":"https:\/\/www.miamibeachfl.gov\/city-hall\/public-works\/engineering-division\/"},{"@type":"ListItem","position":5,"name":"Section 7 4. Special Considerations"}]},{"@type":"WebSite","@id":"https:\/\/www.miamibeachfl.gov\/#website","url":"https:\/\/www.miamibeachfl.gov\/","name":"Ciudad de Miami Beach","description":"Sitio web oficial de la Ciudad de Miami Beach. Mant\u00e9ngase informado, encuentre informaci\u00f3n importante sobre servicios municipales, noticias, alertas, eventos, rutas de tranv\u00edas, empleos gubernamentales y m\u00e1s.","publisher":{"@id":"https:\/\/www.miamibeachfl.gov\/#organization"},"potentialAction":[{"@type":"SearchAction","target":{"@type":"EntryPoint","urlTemplate":"https:\/\/www.miamibeachfl.gov\/?s={search_term_string}"},"query-input":{"@type":"PropertyValueSpecification","valueRequired":true,"valueName":"search_term_string"}}],"inLanguage":"es"},{"@type":"Organization","@id":"https:\/\/www.miamibeachfl.gov\/#organization","name":"Ciudad de Miami Beach","url":"https:\/\/www.miamibeachfl.gov\/","logo":{"@type":"ImageObject","inLanguage":"es","@id":"https:\/\/www.miamibeachfl.gov\/#\/schema\/logo\/image\/","url":"https:\/\/www.miamibeachfl.gov\/wp-content\/uploads\/2022\/06\/miamibeach-logoblue.png","contentUrl":"https:\/\/www.miamibeachfl.gov\/wp-content\/uploads\/2022\/06\/miamibeach-logoblue.png","width":1962,"height":381,"caption":"City of Miami Beach"},"image":{"@id":"https:\/\/www.miamibeachfl.gov\/#\/schema\/logo\/image\/"},"sameAs":["https:\/\/www.facebook.com\/cityofmiamibeach","https:\/\/x.com\/Miamibeachnews","https:\/\/www.instagram.com\/miamibeachnews\/"],"description":"Sitio web oficial de la Ciudad de Miami Beach. Mant\u00e9ngase informado, encuentre informaci\u00f3n importante sobre servicios municipales, noticias, alertas, eventos, rutas de tranv\u00edas, empleos gubernamentales y m\u00e1s.","telephone":"305.604.CITY(2489)","legalName":"City of Miami Beach"}]}},"_links":{"self":[{"href":"https:\/\/www.miamibeachfl.gov\/es\/wp-json\/wp\/v2\/pages\/29124","targetHints":{"allow":["GET"]}}],"collection":[{"href":"https:\/\/www.miamibeachfl.gov\/es\/wp-json\/wp\/v2\/pages"}],"about":[{"href":"https:\/\/www.miamibeachfl.gov\/es\/wp-json\/wp\/v2\/types\/page"}],"author":[{"embeddable":true,"href":"https:\/\/www.miamibeachfl.gov\/es\/wp-json\/wp\/v2\/users\/222"}],"replies":[{"embeddable":true,"href":"https:\/\/www.miamibeachfl.gov\/es\/wp-json\/wp\/v2\/comments?post=29124"}],"version-history":[{"count":0,"href":"https:\/\/www.miamibeachfl.gov\/es\/wp-json\/wp\/v2\/pages\/29124\/revisions"}],"up":[{"embeddable":true,"href":"https:\/\/www.miamibeachfl.gov\/es\/wp-json\/wp\/v2\/pages\/28940"}],"wp:attachment":[{"href":"https:\/\/www.miamibeachfl.gov\/es\/wp-json\/wp\/v2\/media?parent=29124"}],"wp:term":[{"taxonomy":"category","embeddable":true,"href":"https:\/\/www.miamibeachfl.gov\/es\/wp-json\/wp\/v2\/categories?post=29124"},{"taxonomy":"post_tag","embeddable":true,"href":"https:\/\/www.miamibeachfl.gov\/es\/wp-json\/wp\/v2\/tags?post=29124"}],"curies":[{"name":"gracias","href":"https:\/\/api.w.org\/{rel}","templated":true}]}}