{"id":29193,"date":"2017-08-11T00:12:46","date_gmt":"2017-08-11T00:12:46","guid":{"rendered":"http:\/\/www.miamibeachfl.gov\/city-hall\/tourism-culture-and-economic-development\/economic-development\/convention-center-advisory-board-ccab\/"},"modified":"2026-02-26T15:01:00","modified_gmt":"2026-02-26T20:01:00","slug":"convention-center-advisory-board-ccab","status":"publish","type":"page","link":"https:\/\/www.miamibeachfl.gov\/es\/city-hall\/economic-development\/convention-center-advisory-board-ccab\/","title":{"rendered":"Junta Asesora del Centro de Convenciones (CCAB)"},"content":{"rendered":"<img decoding=\"async\" src=\"https:\/\/www.miamibeachfl.gov\/wp-content\/uploads\/2022\/07\/hero-small.jpg\" alt=\"ocean drive art deco buildings\" itemprop=\"image\" height=\"211\" width=\"2395\" title=\"h\u00e9roe peque\u00f1o\" onerror=\"this.style.display='none'\" loading=\"lazy\" \/>\n<h1>\n\t\t\tJunta Asesora del Centro de Convenciones (CCAB)\t<\/h1>\n\t<nav id=\"breadcrumbs\" aria-label=\"Pan rallado\"><a href=\"https:\/\/www.miamibeachfl.gov\/es\/\">Hogar<\/a> &gt; <a href=\"https:\/\/www.miamibeachfl.gov\/es\/city-hall\/\">Ayuntamiento<\/a> &gt; <a href=\"https:\/\/www.miamibeachfl.gov\/es\/city-hall\/economic-development\/\">Desarrollo econ\u00f3mico<\/a> &gt; <strong>Junta Asesora del Centro de Convenciones (CCAB)<\/strong><\/nav>\n\t<p>&nbsp;<\/p>\n<p>&nbsp;<\/p>\n<p><strong>CONSEJO ASESOR DEL CENTRO DE CONVENCIONES (CCAB)<\/strong><\/p>\n<p>La misi\u00f3n de la junta es actuar en calidad de asesor de la comisi\u00f3n de la ciudad en asuntos relacionados con el funcionamiento del centro de convenciones, garantizar la m\u00e1s alta calidad en la gesti\u00f3n y operaci\u00f3n por parte del grupo de gesti\u00f3n tanto del Centro de Convenciones de Miami Beach; supervisar y consultar sobre la relaci\u00f3n de la Oficina de Convenciones y Visitantes del Gran Miami con el Centro de Convenciones de Miami Beach; y garantizar la m\u00e1s alta calidad de mantenimiento de las instalaciones.<\/p>\n<p><strong>Pr\u00f3ximas fechas de reuniones<\/strong><\/p>\n<p>A menos que se indique lo contrario, las reuniones se llevan a cabo a las 9:30 a. m. en el Centro de Convenciones de Miami Beach, sala de juntas OVG 360. (La entrada est\u00e1 en la esquina NE de Convention Center Drive, junto al North Load Dock, frente a la entrada del Jard\u00edn Bot\u00e1nico de Miami Beach).<\/p>\n<strong>Martes 13 de enero de 2026<\/strong><br \/>\n<strong>Martes 10 de febrero de 2026<\/strong><br \/>\n<strong>Martes 17 de marzo de 2026<\/strong><br \/>\n<strong>Martes 14 de abril de 2026<\/strong><br \/>\n<strong>Martes 12 de mayo de 2026<\/strong><br \/>\n<strong>Martes 9 de junio de 2026<\/strong><br \/>\n<strong>Martes 14 de julio de 2026<\/strong><br \/>\n<strong>Martes 11 de agosto de 2026<\/strong><br \/>\n<strong>Martes 8 de septiembre de 2026<\/strong><br \/>\n<strong>Martes 13 de octubre de 2026<\/strong><br \/>\n<strong>Martes 10 de noviembre de 2026<\/strong><br \/>\n<strong>Martes 8 de diciembre de 2026<\/strong>\n<p>Todas las fechas est\u00e1n sujetas a modificaciones.<\/p>\n<p>&nbsp;<\/p>\n<p><strong><a href=\"https:\/\/www.miamibeachfl.gov\/es\/city-hall\/city-clerk\/boards-and-committees\/convention-center-advisory-board-ccab\/\">Enlace a las actas de reuniones<\/a><\/strong><\/p>\n\t\tNavegar a\u2026\t\t\t\n\t\t\t\t\t<ul id=\"menu-economic-development-dept-menu\"><li id=\"menu-item-361319\"><a href=\"\/es\/city-hall\/economic-development\/committee-resources\/\">Recursos del comit\u00e9<\/a><\/li>\n<li id=\"menu-item-361320\"><a href=\"\/es\/city-hall\/economic-development\/community-revitalization\/\">Revitalizaci\u00f3n de la comunidad<\/a><\/li>\n<li id=\"menu-item-361321\"><a href=\"\/es\/city-hall\/economic-development\/convention-center-advisory-board-ccab\/\">Junta Asesora del Centro de Convenciones (CCAB)<\/a><\/li>\n<li id=\"menu-item-361322\"><a href=\"\/es\/city-hall\/economic-development\/quick-links\/\">Recursos para el desarrollo econ\u00f3mico<\/a><\/li>\n<li id=\"menu-item-361323\"><a href=\"\/es\/city-hall\/economic-development\/historic-preservation-incentives\/\">Incentivos para la preservaci\u00f3n hist\u00f3rica<\/a><\/li>\n<li id=\"menu-item-361324\"><a href=\"\/es\/city-hall\/economic-development\/redevelopment-agency\/\">Agencia de Reurbanizaci\u00f3n de Miami Beach (RDA)<\/a><\/li>\n<li id=\"menu-item-367566\"><a href=\"https:\/\/www.miamibeachfl.gov\/es\/northbeachcra\/\">Agencia de Cooperaci\u00f3n Regional de North Beach<\/a><\/li>\n<li id=\"menu-item-361325\"><a href=\"\/es\/city-hall\/economic-development\/open-a-business\/\">Abrir un negocio<\/a><\/li>\n<li id=\"menu-item-361326\"><a href=\"\/es\/city-hall\/economic-development\/small-business-financial-assistance\/\">Asistencia financiera para peque\u00f1as empresas<\/a><\/li>\n<li id=\"menu-item-361327\"><a href=\"\/es\/city-hall\/economic-development\/tax-increment-financing\/\">Financiamiento del incremento de impuestos<\/a><\/li>\n<\/ul>","protected":false},"excerpt":{"rendered":"<p>Convention Center Advisory Board (CCAB) Home &gt; City Hall &gt; Economic Development &gt; Convention Center Advisory Board (CCAB) &nbsp; &nbsp; [&hellip;]<\/p>\n","protected":false},"author":222,"featured_media":0,"parent":29187,"menu_order":0,"comment_status":"closed","ping_status":"closed","template":"","meta":{"_searchwp_excluded":"","site-sidebar-layout":"default","site-content-layout":"","ast-site-content-layout":"default","site-content-style":"default","site-sidebar-style":"default","ast-global-header-display":"","ast-banner-title-visibility":"","ast-main-header-display":"","ast-hfb-above-header-display":"","ast-hfb-below-header-display":"","ast-hfb-mobile-header-display":"","site-post-title":"","ast-breadcrumbs-content":"","ast-featured-img":"","footer-sml-layout":"","theme-transparent-header-meta":"","adv-header-id-meta":"","stick-header-meta":"","header-above-stick-meta":"","header-main-stick-meta":"","header-below-stick-meta":"","astra-migrate-meta-layouts":"default","ast-page-background-enabled":"default","ast-page-background-meta":{"desktop":{"background-color":"var(--ast-global-color-5)","background-image":"","background-repeat":"repeat","background-position":"center center","background-size":"auto","background-attachment":"scroll","background-type":"","background-media":"","overlay-type":"","overlay-color":"","overlay-opacity":"","overlay-gradient":""},"tablet":{"background-color":"","background-image":"","background-repeat":"repeat","background-position":"center center","background-size":"auto","background-attachment":"scroll","background-type":"","background-media":"","overlay-type":"","overlay-color":"","overlay-opacity":"","overlay-gradient":""},"mobile":{"background-color":"","background-image":"","background-repeat":"repeat","background-position":"center center","background-size":"auto","background-attachment":"scroll","background-type":"","background-media":"","overlay-type":"","overlay-color":"","overlay-opacity":"","overlay-gradient":""}},"ast-content-background-meta":{"desktop":{"background-color":"var(--ast-global-color-4)","background-image":"","background-repeat":"repeat","background-position":"center center","background-size":"auto","background-attachment":"scroll","background-type":"","background-media":"","overlay-type":"","overlay-color":"","overlay-opacity":"","overlay-gradient":""},"tablet":{"background-color":"var(--ast-global-color-4)","background-image":"","background-repeat":"repeat","background-position":"center center","background-size":"auto","background-attachment":"scroll","background-type":"","background-media":"","overlay-type":"","overlay-color":"","overlay-opacity":"","overlay-gradient":""},"mobile":{"background-color":"var(--ast-global-color-4)","background-image":"","background-repeat":"repeat","background-position":"center center","background-size":"auto","background-attachment":"scroll","background-type":"","background-media":"","overlay-type":"","overlay-color":"","overlay-opacity":"","overlay-gradient":""}},"footnotes":""},"categories":[],"tags":[],"class_list":["post-29193","page","type-page","status-publish","hentry"],"yoast_head":"<!-- This site is optimized with the Yoast SEO Premium plugin v27.4 (Yoast SEO v27.4) - https:\/\/yoast.com\/product\/yoast-seo-premium-wordpress\/ -->\n<title>Convention Center Advisory Board (CCAB) - City of Miami Beach<\/title>\n<meta name=\"description\" content=\"%\" \/>\n<meta name=\"robots\" content=\"index, follow, max-snippet:-1, max-image-preview:large, max-video-preview:-1\" \/>\n<link rel=\"canonical\" href=\"https:\/\/www.miamibeachfl.gov\/es\/city-hall\/economic-development\/convention-center-advisory-board-ccab\/\" \/>\n<meta property=\"og:locale\" content=\"es_ES\" \/>\n<meta property=\"og:type\" content=\"article\" \/>\n<meta property=\"og:title\" content=\"Convention Center Advisory Board (CCAB)\" \/>\n<meta property=\"og:description\" content=\"%\" \/>\n<meta property=\"og:url\" content=\"https:\/\/www.miamibeachfl.gov\/es\/city-hall\/economic-development\/convention-center-advisory-board-ccab\/\" \/>\n<meta property=\"og:site_name\" content=\"City of Miami Beach\" \/>\n<meta property=\"article:publisher\" content=\"https:\/\/www.facebook.com\/cityofmiamibeach\" \/>\n<meta property=\"article:modified_time\" content=\"2026-02-26T20:01:00+00:00\" \/>\n<meta property=\"og:image\" content=\"https:\/\/www.miamibeachfl.gov\/wp-content\/uploads\/2022\/07\/hero-small.jpg\" \/>\n<meta name=\"twitter:card\" content=\"summary_large_image\" \/>\n<meta name=\"twitter:site\" content=\"@Miamibeachnews\" \/>\n<script type=\"application\/ld+json\" class=\"yoast-schema-graph\">{\"@context\":\"https:\\\/\\\/schema.org\",\"@graph\":[{\"@type\":\"WebPage\",\"@id\":\"https:\\\/\\\/www.miamibeachfl.gov\\\/city-hall\\\/economic-development\\\/convention-center-advisory-board-ccab\\\/\",\"url\":\"https:\\\/\\\/www.miamibeachfl.gov\\\/city-hall\\\/economic-development\\\/convention-center-advisory-board-ccab\\\/\",\"name\":\"Convention Center Advisory Board (CCAB) - City of Miami Beach\",\"isPartOf\":{\"@id\":\"https:\\\/\\\/www.miamibeachfl.gov\\\/#website\"},\"primaryImageOfPage\":{\"@id\":\"https:\\\/\\\/www.miamibeachfl.gov\\\/city-hall\\\/economic-development\\\/convention-center-advisory-board-ccab\\\/#primaryimage\"},\"image\":{\"@id\":\"https:\\\/\\\/www.miamibeachfl.gov\\\/city-hall\\\/economic-development\\\/convention-center-advisory-board-ccab\\\/#primaryimage\"},\"thumbnailUrl\":\"https:\\\/\\\/www.miamibeachfl.gov\\\/wp-content\\\/uploads\\\/2022\\\/07\\\/hero-small.jpg\",\"datePublished\":\"2017-08-11T00:12:46+00:00\",\"dateModified\":\"2026-02-26T20:01:00+00:00\",\"description\":\"%\",\"breadcrumb\":{\"@id\":\"https:\\\/\\\/www.miamibeachfl.gov\\\/city-hall\\\/economic-development\\\/convention-center-advisory-board-ccab\\\/#breadcrumb\"},\"inLanguage\":\"es\",\"potentialAction\":[{\"@type\":\"ReadAction\",\"target\":[\"https:\\\/\\\/www.miamibeachfl.gov\\\/city-hall\\\/economic-development\\\/convention-center-advisory-board-ccab\\\/\"]}]},{\"@type\":\"ImageObject\",\"inLanguage\":\"es\",\"@id\":\"https:\\\/\\\/www.miamibeachfl.gov\\\/city-hall\\\/economic-development\\\/convention-center-advisory-board-ccab\\\/#primaryimage\",\"url\":\"https:\\\/\\\/www.miamibeachfl.gov\\\/wp-content\\\/uploads\\\/2022\\\/07\\\/hero-small.jpg\",\"contentUrl\":\"https:\\\/\\\/www.miamibeachfl.gov\\\/wp-content\\\/uploads\\\/2022\\\/07\\\/hero-small.jpg\"},{\"@type\":\"BreadcrumbList\",\"@id\":\"https:\\\/\\\/www.miamibeachfl.gov\\\/city-hall\\\/economic-development\\\/convention-center-advisory-board-ccab\\\/#breadcrumb\",\"itemListElement\":[{\"@type\":\"ListItem\",\"position\":1,\"name\":\"Home\",\"item\":\"https:\\\/\\\/www.miamibeachfl.gov\\\/\"},{\"@type\":\"ListItem\",\"position\":2,\"name\":\"City Hall\",\"item\":\"https:\\\/\\\/www.miamibeachfl.gov\\\/city-hall\\\/\"},{\"@type\":\"ListItem\",\"position\":3,\"name\":\"Economic Development\",\"item\":\"https:\\\/\\\/www.miamibeachfl.gov\\\/city-hall\\\/economic-development\\\/\"},{\"@type\":\"ListItem\",\"position\":4,\"name\":\"Convention Center Advisory Board (CCAB)\"}]},{\"@type\":\"WebSite\",\"@id\":\"https:\\\/\\\/www.miamibeachfl.gov\\\/#website\",\"url\":\"https:\\\/\\\/www.miamibeachfl.gov\\\/\",\"name\":\"City of Miami Beach\",\"description\":\"The official website of the City of Miami Beach. Stay informed, find important information on city services, news, alerts, events, trolley routes, government employment and more.\",\"publisher\":{\"@id\":\"https:\\\/\\\/www.miamibeachfl.gov\\\/#organization\"},\"potentialAction\":[{\"@type\":\"SearchAction\",\"target\":{\"@type\":\"EntryPoint\",\"urlTemplate\":\"https:\\\/\\\/www.miamibeachfl.gov\\\/?s={search_term_string}\"},\"query-input\":{\"@type\":\"PropertyValueSpecification\",\"valueRequired\":true,\"valueName\":\"search_term_string\"}}],\"inLanguage\":\"es\"},{\"@type\":\"Organization\",\"@id\":\"https:\\\/\\\/www.miamibeachfl.gov\\\/#organization\",\"name\":\"City of Miami Beach\",\"url\":\"https:\\\/\\\/www.miamibeachfl.gov\\\/\",\"logo\":{\"@type\":\"ImageObject\",\"inLanguage\":\"es\",\"@id\":\"https:\\\/\\\/www.miamibeachfl.gov\\\/#\\\/schema\\\/logo\\\/image\\\/\",\"url\":\"https:\\\/\\\/www.miamibeachfl.gov\\\/wp-content\\\/uploads\\\/2022\\\/06\\\/miamibeach-logoblue.png\",\"contentUrl\":\"https:\\\/\\\/www.miamibeachfl.gov\\\/wp-content\\\/uploads\\\/2022\\\/06\\\/miamibeach-logoblue.png\",\"width\":1962,\"height\":381,\"caption\":\"City of Miami Beach\"},\"image\":{\"@id\":\"https:\\\/\\\/www.miamibeachfl.gov\\\/#\\\/schema\\\/logo\\\/image\\\/\"},\"sameAs\":[\"https:\\\/\\\/www.facebook.com\\\/cityofmiamibeach\",\"https:\\\/\\\/x.com\\\/Miamibeachnews\",\"https:\\\/\\\/www.instagram.com\\\/miamibeachnews\\\/\"],\"description\":\"The official website of the City of Miami Beach. Stay informed, find important information on city services, news, alerts, events, trolley routes, government employment and more.\",\"telephone\":\"305.604.CITY(2489)\",\"legalName\":\"City of Miami Beach\"}]}<\/script>\n<!-- \/ Yoast SEO Premium plugin. -->","yoast_head_json":{"title":"Junta Asesora del Centro de Convenciones (CCAB) - Ciudad de Miami Beach","description":"%","robots":{"index":"index","follow":"follow","max-snippet":"max-snippet:-1","max-image-preview":"max-image-preview:large","max-video-preview":"max-video-preview:-1"},"canonical":"https:\/\/www.miamibeachfl.gov\/es\/city-hall\/economic-development\/convention-center-advisory-board-ccab\/","og_locale":"es_ES","og_type":"article","og_title":"Convention Center Advisory Board (CCAB)","og_description":"%","og_url":"https:\/\/www.miamibeachfl.gov\/es\/city-hall\/economic-development\/convention-center-advisory-board-ccab\/","og_site_name":"City of Miami Beach","article_publisher":"https:\/\/www.facebook.com\/cityofmiamibeach","article_modified_time":"2026-02-26T20:01:00+00:00","og_image":[{"url":"https:\/\/www.miamibeachfl.gov\/wp-content\/uploads\/2022\/07\/hero-small.jpg","type":"","width":"","height":""}],"twitter_card":"summary_large_image","twitter_site":"@Miamibeachnews","schema":{"@context":"https:\/\/schema.org","@graph":[{"@type":"WebPage","@id":"https:\/\/www.miamibeachfl.gov\/city-hall\/economic-development\/convention-center-advisory-board-ccab\/","url":"https:\/\/www.miamibeachfl.gov\/city-hall\/economic-development\/convention-center-advisory-board-ccab\/","name":"Junta Asesora del Centro de Convenciones (CCAB) - Ciudad de Miami Beach","isPartOf":{"@id":"https:\/\/www.miamibeachfl.gov\/#website"},"primaryImageOfPage":{"@id":"https:\/\/www.miamibeachfl.gov\/city-hall\/economic-development\/convention-center-advisory-board-ccab\/#primaryimage"},"image":{"@id":"https:\/\/www.miamibeachfl.gov\/city-hall\/economic-development\/convention-center-advisory-board-ccab\/#primaryimage"},"thumbnailUrl":"https:\/\/www.miamibeachfl.gov\/wp-content\/uploads\/2022\/07\/hero-small.jpg","datePublished":"2017-08-11T00:12:46+00:00","dateModified":"2026-02-26T20:01:00+00:00","description":"%","breadcrumb":{"@id":"https:\/\/www.miamibeachfl.gov\/city-hall\/economic-development\/convention-center-advisory-board-ccab\/#breadcrumb"},"inLanguage":"es","potentialAction":[{"@type":"ReadAction","target":["https:\/\/www.miamibeachfl.gov\/city-hall\/economic-development\/convention-center-advisory-board-ccab\/"]}]},{"@type":"ImageObject","inLanguage":"es","@id":"https:\/\/www.miamibeachfl.gov\/city-hall\/economic-development\/convention-center-advisory-board-ccab\/#primaryimage","url":"https:\/\/www.miamibeachfl.gov\/wp-content\/uploads\/2022\/07\/hero-small.jpg","contentUrl":"https:\/\/www.miamibeachfl.gov\/wp-content\/uploads\/2022\/07\/hero-small.jpg"},{"@type":"BreadcrumbList","@id":"https:\/\/www.miamibeachfl.gov\/city-hall\/economic-development\/convention-center-advisory-board-ccab\/#breadcrumb","itemListElement":[{"@type":"ListItem","position":1,"name":"Home","item":"https:\/\/www.miamibeachfl.gov\/"},{"@type":"ListItem","position":2,"name":"City Hall","item":"https:\/\/www.miamibeachfl.gov\/city-hall\/"},{"@type":"ListItem","position":3,"name":"Economic Development","item":"https:\/\/www.miamibeachfl.gov\/city-hall\/economic-development\/"},{"@type":"ListItem","position":4,"name":"Convention Center Advisory Board (CCAB)"}]},{"@type":"WebSite","@id":"https:\/\/www.miamibeachfl.gov\/#website","url":"https:\/\/www.miamibeachfl.gov\/","name":"Ciudad de Miami Beach","description":"Sitio web oficial de la Ciudad de Miami Beach. Mant\u00e9ngase informado, encuentre informaci\u00f3n importante sobre servicios municipales, noticias, alertas, eventos, rutas de tranv\u00edas, empleos gubernamentales y m\u00e1s.","publisher":{"@id":"https:\/\/www.miamibeachfl.gov\/#organization"},"potentialAction":[{"@type":"SearchAction","target":{"@type":"EntryPoint","urlTemplate":"https:\/\/www.miamibeachfl.gov\/?s={search_term_string}"},"query-input":{"@type":"PropertyValueSpecification","valueRequired":true,"valueName":"search_term_string"}}],"inLanguage":"es"},{"@type":"Organization","@id":"https:\/\/www.miamibeachfl.gov\/#organization","name":"Ciudad de Miami Beach","url":"https:\/\/www.miamibeachfl.gov\/","logo":{"@type":"ImageObject","inLanguage":"es","@id":"https:\/\/www.miamibeachfl.gov\/#\/schema\/logo\/image\/","url":"https:\/\/www.miamibeachfl.gov\/wp-content\/uploads\/2022\/06\/miamibeach-logoblue.png","contentUrl":"https:\/\/www.miamibeachfl.gov\/wp-content\/uploads\/2022\/06\/miamibeach-logoblue.png","width":1962,"height":381,"caption":"City of Miami Beach"},"image":{"@id":"https:\/\/www.miamibeachfl.gov\/#\/schema\/logo\/image\/"},"sameAs":["https:\/\/www.facebook.com\/cityofmiamibeach","https:\/\/x.com\/Miamibeachnews","https:\/\/www.instagram.com\/miamibeachnews\/"],"description":"Sitio web oficial de la Ciudad de Miami Beach. Mant\u00e9ngase informado, encuentre informaci\u00f3n importante sobre servicios municipales, noticias, alertas, eventos, rutas de tranv\u00edas, empleos gubernamentales y m\u00e1s.","telephone":"305.604.CITY(2489)","legalName":"City of Miami Beach"}]}},"_links":{"self":[{"href":"https:\/\/www.miamibeachfl.gov\/es\/wp-json\/wp\/v2\/pages\/29193","targetHints":{"allow":["GET"]}}],"collection":[{"href":"https:\/\/www.miamibeachfl.gov\/es\/wp-json\/wp\/v2\/pages"}],"about":[{"href":"https:\/\/www.miamibeachfl.gov\/es\/wp-json\/wp\/v2\/types\/page"}],"author":[{"embeddable":true,"href":"https:\/\/www.miamibeachfl.gov\/es\/wp-json\/wp\/v2\/users\/222"}],"replies":[{"embeddable":true,"href":"https:\/\/www.miamibeachfl.gov\/es\/wp-json\/wp\/v2\/comments?post=29193"}],"version-history":[{"count":5,"href":"https:\/\/www.miamibeachfl.gov\/es\/wp-json\/wp\/v2\/pages\/29193\/revisions"}],"predecessor-version":[{"id":396816,"href":"https:\/\/www.miamibeachfl.gov\/es\/wp-json\/wp\/v2\/pages\/29193\/revisions\/396816"}],"up":[{"embeddable":true,"href":"https:\/\/www.miamibeachfl.gov\/es\/wp-json\/wp\/v2\/pages\/29187"}],"wp:attachment":[{"href":"https:\/\/www.miamibeachfl.gov\/es\/wp-json\/wp\/v2\/media?parent=29193"}],"wp:term":[{"taxonomy":"category","embeddable":true,"href":"https:\/\/www.miamibeachfl.gov\/es\/wp-json\/wp\/v2\/categories?post=29193"},{"taxonomy":"post_tag","embeddable":true,"href":"https:\/\/www.miamibeachfl.gov\/es\/wp-json\/wp\/v2\/tags?post=29193"}],"curies":[{"name":"gracias","href":"https:\/\/api.w.org\/{rel}","templated":true}]}}