{"id":29197,"date":"2017-08-11T00:12:52","date_gmt":"2017-08-11T00:12:52","guid":{"rendered":"http:\/\/www.miamibeachfl.gov\/city-hall\/tourism-culture-and-economic-development\/business-assistance\/business-start-up\/"},"modified":"2026-02-26T14:30:42","modified_gmt":"2026-02-26T19:30:42","slug":"open-a-business","status":"publish","type":"page","link":"https:\/\/www.miamibeachfl.gov\/es\/city-hall\/economic-development\/open-a-business\/","title":{"rendered":"Abrir un negocio"},"content":{"rendered":"<img decoding=\"async\" src=\"https:\/\/www.miamibeachfl.gov\/wp-content\/uploads\/2022\/07\/hero-small.jpg\" alt=\"ocean drive art deco buildings\" itemprop=\"image\" height=\"211\" width=\"2395\" title=\"h\u00e9roe peque\u00f1o\" onerror=\"this.style.display='none'\" loading=\"lazy\" \/>\n<h1>\n\t\t\tAbrir un negocio\t<\/h1>\n\t<nav id=\"breadcrumbs\" aria-label=\"Pan rallado\"><a href=\"https:\/\/www.miamibeachfl.gov\/es\/\">Hogar<\/a> &gt; <a href=\"https:\/\/www.miamibeachfl.gov\/es\/city-hall\/\">Ayuntamiento<\/a> &gt; <a href=\"https:\/\/www.miamibeachfl.gov\/es\/city-hall\/economic-development\/\">Desarrollo econ\u00f3mico<\/a> &gt; <strong>Abrir un negocio<\/strong><\/nav>\n\t\t\t\t\t\t<img decoding=\"async\" src=\"https:\/\/www.miamibeachfl.gov\/wp-content\/uploads\/2025\/06\/waitressbringingfood.jpg\" data-animation-class=\"zoomIn\" alt=\"Waitress bringing food to customers\" \/>\n\t\t\t\u00bfEstas Abriendo,<br \/>Cambiar o reubicarse<br \/> tu negocio<br \/>\u00bfen Miami Beach?\n\t\t\t<p><img loading=\"lazy\" decoding=\"async\" src=\"https:\/\/www.miamibeachfl.gov\/wp-content\/uploads\/2025\/06\/arrowaright@2x.png\" alt=\"arrows pointing right\" width=\"148\" height=\"33\" \/><\/p>\n<p>Conozca m\u00e1s sobre los 3 pasos<br \/>alejarse para evitar retrasos innecesarios.<\/p>\n\t\t\t\t\t\t<a aria-label=\"&iquest;Estas Abriendo,&lt;br&gt;Cambiar o reubicarse&lt;br&gt; tu negocio&lt;br&gt;&iquest;en Miami Beach?\" href=\"\/es\/business-open-change-relocation\/\" target=\"_blank\" rel=\"noopener\">\n\t\t\t\t\t\t\t<\/a>\n\t<h2><strong>PUESTA EN MARCHA\u00a0\u00a0\u00a0\u00a0\u00a0\u00a0<\/strong><\/h2>\n<h2>ABRIR UN NEGOCIO<\/h2>\n<p>Todos los propietarios de empresas deben obtener una <strong><a href=\"https:\/\/www.miamibeachfl.gov\/es\/city-hall\/finance\/business-tax-receipts-btr\/\">Recibo de impuesto comercial (anteriormente conocido como Licencia ocupacional)<\/a><\/strong>En algunos casos, cuando una empresa cambia de uso, <strong><a href=\"https:\/\/www.miamibeachfl.gov\/es\/city-hall\/planning\/certificate-of-use\/\">Se requerir\u00e1 un Certificado de Uso antes de obtener el Recibo de Impuesto Comercial.<\/a><\/strong> Al solicitar un Recibo de Impuestos Comerciales, la mayor\u00eda de las empresas deber\u00e1n presentar un contrato de arrendamiento, factura de compraventa o escritura de garant\u00eda registrada, un n\u00famero de identificaci\u00f3n fiscal federal y un acta constitutiva o nombre comercial. Para obtener una lista completa de requisitos, haga clic en el enlace a continuaci\u00f3n o llame al Departamento de Finanzas al <strong><a href=\"tel:3056737420\">305.673.7420<\/a>.<\/strong><\/p>\n<p><strong><a href=\"https:\/\/www.miamibeachfl.gov\/wp-content\/uploads\/2025\/07\/Business-Tax-Category.pdf\">Categor\u00edas y requisitos de negocio<\/a><\/strong><\/p>\n<p>En caso de que se requiera un Certificado de Uso, el proceso de solicitud comenzar\u00e1 con el Departamento de Edificaci\u00f3n. Las inspecciones por parte del Departamento de Edificaci\u00f3n, el Departamento de Bomberos, el Departamento de Planificaci\u00f3n y otros deben realizarse despu\u00e9s de la presentaci\u00f3n de la solicitud. Para obtener m\u00e1s informaci\u00f3n sobre el Certificado de Uso, llame al Departamento de Edificaci\u00f3n al <strong><a href=\"tel:3056737610\">305.673.7610<\/a><\/strong>.<\/p>\n<h3>EMPRESAS UNIPERSONALES, SOCIEDADES Y CORPORACIONES<\/h3>\n<p><strong>Su primera decisi\u00f3n como propietario de un negocio es determinar la estructura legal de su negocio.<\/strong> Your choice determines what kind of taxes the business must pay, who&#8217;s liable and what forms are necessary. There are four main choices: Sole Proprietorship, Partnership, Corporation or Limited Liability Company. Contact the Florida Department of State Division of Corporation for more information at <strong><a href=\"tel:8504889000\">850.488.9000<\/a><\/strong> o vis\u00edtelos en l\u00ednea en <strong><a title=\"www.sunbiz.org\" href=\"http:\/\/www.sunbiz.org\/\">www.sunbiz.org<\/a>.<\/strong><\/p>\n<h3>MARCAS REGISTRADAS ESTATALES Y FEDERALES<\/h3>\n<p><strong>Una marca comercial o de servicio puede registrarse en la Divisi\u00f3n de Corporaciones de Florida.<\/strong> for use and protection only in the state of Florida. For protection of your trademark in the entire U.S., including Florida, you must register it with the U.S. Patent and Trademark Office. For information about registering in Florida, call 850.245.6051 or check the Division of Corporation&#8217;s website at <strong><a title=\"www.sunbiz.org\" href=\"http:\/\/www.sunbiz.org\/\">www.sunbiz.org<\/a><\/strong>Para obtener informaci\u00f3n sobre el registro federal, comun\u00edquese con la Oficina de Patentes y Marcas de EE. UU. <strong><a href=\"tel:8007869199\">800.786.9199<\/a><\/strong> o vis\u00edtelos en l\u00ednea en <strong><a title=\"www.uspto.gov\" href=\"http:\/\/www.uspto.gov\/\">www.uspto.gov<\/a>.<\/strong><\/p>\n<h3>INFORMACI\u00d3N \u00daTIL PARA LA PUESTA EN MARCHA<\/h3>\n<p><strong>Gu\u00eda para peque\u00f1as empresas de la Administraci\u00f3n de Peque\u00f1as Empresas <\/strong>Su objetivo es servir como gu\u00eda para iniciar un negocio. Es completo y f\u00e1cil de usar. Tambi\u00e9n incluye numerosos enlaces electr\u00f3nicos para obtener informaci\u00f3n adicional. Utilice esta potente herramienta interactiva, con numerosos recursos de apoyo, para ayudarle a iniciar un negocio exitoso. <strong><a href=\"http:\/\/www.sba.gov\/smallbusinessplanner\/index.html\">Haga clic aqu\u00ed para acceder a la gu\u00eda de planificaci\u00f3n para peque\u00f1as empresas.<\/a><\/strong><\/p>\n\t\tNavegar a\u2026\t\t\t\n\t\t\t\t\t<ul id=\"menu-economic-development-dept-menu\"><li id=\"menu-item-361319\"><a href=\"\/es\/city-hall\/economic-development\/committee-resources\/\">Recursos del comit\u00e9<\/a><\/li>\n<li id=\"menu-item-361320\"><a href=\"\/es\/city-hall\/economic-development\/community-revitalization\/\">Revitalizaci\u00f3n de la comunidad<\/a><\/li>\n<li id=\"menu-item-361321\"><a href=\"\/es\/city-hall\/economic-development\/convention-center-advisory-board-ccab\/\">Junta Asesora del Centro de Convenciones (CCAB)<\/a><\/li>\n<li id=\"menu-item-361322\"><a href=\"\/es\/city-hall\/economic-development\/quick-links\/\">Recursos para el desarrollo econ\u00f3mico<\/a><\/li>\n<li id=\"menu-item-361323\"><a href=\"\/es\/city-hall\/economic-development\/historic-preservation-incentives\/\">Incentivos para la preservaci\u00f3n hist\u00f3rica<\/a><\/li>\n<li id=\"menu-item-361324\"><a href=\"\/es\/city-hall\/economic-development\/redevelopment-agency\/\">Agencia de Reurbanizaci\u00f3n de Miami Beach (RDA)<\/a><\/li>\n<li id=\"menu-item-367566\"><a href=\"https:\/\/www.miamibeachfl.gov\/es\/northbeachcra\/\">Agencia de Cooperaci\u00f3n Regional de North Beach<\/a><\/li>\n<li id=\"menu-item-361325\"><a href=\"\/es\/city-hall\/economic-development\/open-a-business\/\">Abrir un negocio<\/a><\/li>\n<li id=\"menu-item-361326\"><a href=\"\/es\/city-hall\/economic-development\/small-business-financial-assistance\/\">Asistencia financiera para peque\u00f1as empresas<\/a><\/li>\n<li id=\"menu-item-361327\"><a href=\"\/es\/city-hall\/economic-development\/tax-increment-financing\/\">Financiamiento del incremento de impuestos<\/a><\/li>\n<\/ul>","protected":false},"excerpt":{"rendered":"<p>Opening a Business Home &gt; City Hall &gt; Economic Development &gt; Opening a Business Are you Opening,Changing or Relocating your [&hellip;]<\/p>\n","protected":false},"author":222,"featured_media":0,"parent":29187,"menu_order":0,"comment_status":"closed","ping_status":"closed","template":"","meta":{"_searchwp_excluded":"","site-sidebar-layout":"default","site-content-layout":"","ast-site-content-layout":"default","site-content-style":"default","site-sidebar-style":"default","ast-global-header-display":"","ast-banner-title-visibility":"","ast-main-header-display":"","ast-hfb-above-header-display":"","ast-hfb-below-header-display":"","ast-hfb-mobile-header-display":"","site-post-title":"","ast-breadcrumbs-content":"","ast-featured-img":"","footer-sml-layout":"","theme-transparent-header-meta":"","adv-header-id-meta":"","stick-header-meta":"","header-above-stick-meta":"","header-main-stick-meta":"","header-below-stick-meta":"","astra-migrate-meta-layouts":"default","ast-page-background-enabled":"default","ast-page-background-meta":{"desktop":{"background-color":"var(--ast-global-color-5)","background-image":"","background-repeat":"repeat","background-position":"center center","background-size":"auto","background-attachment":"scroll","background-type":"","background-media":"","overlay-type":"","overlay-color":"","overlay-opacity":"","overlay-gradient":""},"tablet":{"background-color":"","background-image":"","background-repeat":"repeat","background-position":"center center","background-size":"auto","background-attachment":"scroll","background-type":"","background-media":"","overlay-type":"","overlay-color":"","overlay-opacity":"","overlay-gradient":""},"mobile":{"background-color":"","background-image":"","background-repeat":"repeat","background-position":"center center","background-size":"auto","background-attachment":"scroll","background-type":"","background-media":"","overlay-type":"","overlay-color":"","overlay-opacity":"","overlay-gradient":""}},"ast-content-background-meta":{"desktop":{"background-color":"var(--ast-global-color-4)","background-image":"","background-repeat":"repeat","background-position":"center center","background-size":"auto","background-attachment":"scroll","background-type":"","background-media":"","overlay-type":"","overlay-color":"","overlay-opacity":"","overlay-gradient":""},"tablet":{"background-color":"var(--ast-global-color-4)","background-image":"","background-repeat":"repeat","background-position":"center center","background-size":"auto","background-attachment":"scroll","background-type":"","background-media":"","overlay-type":"","overlay-color":"","overlay-opacity":"","overlay-gradient":""},"mobile":{"background-color":"var(--ast-global-color-4)","background-image":"","background-repeat":"repeat","background-position":"center center","background-size":"auto","background-attachment":"scroll","background-type":"","background-media":"","overlay-type":"","overlay-color":"","overlay-opacity":"","overlay-gradient":""}},"footnotes":""},"categories":[],"tags":[],"class_list":["post-29197","page","type-page","status-publish","hentry"],"yoast_head":"<!-- This site is optimized with the Yoast SEO Premium plugin v27.4 (Yoast SEO v27.4) - https:\/\/yoast.com\/product\/yoast-seo-premium-wordpress\/ -->\n<title>Opening a Business - City of Miami Beach<\/title>\n<meta name=\"description\" content=\"%\" \/>\n<meta name=\"robots\" content=\"index, follow, max-snippet:-1, max-image-preview:large, max-video-preview:-1\" \/>\n<link rel=\"canonical\" href=\"https:\/\/www.miamibeachfl.gov\/es\/city-hall\/economic-development\/open-a-business\/\" \/>\n<meta property=\"og:locale\" content=\"es_ES\" \/>\n<meta property=\"og:type\" content=\"article\" \/>\n<meta property=\"og:title\" content=\"Opening a Business\" \/>\n<meta property=\"og:description\" content=\"%\" \/>\n<meta property=\"og:url\" content=\"https:\/\/www.miamibeachfl.gov\/es\/city-hall\/economic-development\/open-a-business\/\" \/>\n<meta property=\"og:site_name\" content=\"City of Miami Beach\" \/>\n<meta property=\"article:publisher\" content=\"https:\/\/www.facebook.com\/cityofmiamibeach\" \/>\n<meta property=\"article:modified_time\" content=\"2026-02-26T19:30:42+00:00\" \/>\n<meta property=\"og:image\" content=\"https:\/\/www.miamibeachfl.gov\/wp-content\/uploads\/2022\/07\/hero-small.jpg\" \/>\n<meta name=\"twitter:card\" content=\"summary_large_image\" \/>\n<meta name=\"twitter:site\" content=\"@Miamibeachnews\" \/>\n<script type=\"application\/ld+json\" class=\"yoast-schema-graph\">{\"@context\":\"https:\\\/\\\/schema.org\",\"@graph\":[{\"@type\":\"WebPage\",\"@id\":\"https:\\\/\\\/www.miamibeachfl.gov\\\/city-hall\\\/economic-development\\\/open-a-business\\\/\",\"url\":\"https:\\\/\\\/www.miamibeachfl.gov\\\/city-hall\\\/economic-development\\\/open-a-business\\\/\",\"name\":\"Opening a Business - City of Miami Beach\",\"isPartOf\":{\"@id\":\"https:\\\/\\\/www.miamibeachfl.gov\\\/#website\"},\"primaryImageOfPage\":{\"@id\":\"https:\\\/\\\/www.miamibeachfl.gov\\\/city-hall\\\/economic-development\\\/open-a-business\\\/#primaryimage\"},\"image\":{\"@id\":\"https:\\\/\\\/www.miamibeachfl.gov\\\/city-hall\\\/economic-development\\\/open-a-business\\\/#primaryimage\"},\"thumbnailUrl\":\"https:\\\/\\\/www.miamibeachfl.gov\\\/wp-content\\\/uploads\\\/2022\\\/07\\\/hero-small.jpg\",\"datePublished\":\"2017-08-11T00:12:52+00:00\",\"dateModified\":\"2026-02-26T19:30:42+00:00\",\"description\":\"%\",\"breadcrumb\":{\"@id\":\"https:\\\/\\\/www.miamibeachfl.gov\\\/city-hall\\\/economic-development\\\/open-a-business\\\/#breadcrumb\"},\"inLanguage\":\"es\",\"potentialAction\":[{\"@type\":\"ReadAction\",\"target\":[\"https:\\\/\\\/www.miamibeachfl.gov\\\/city-hall\\\/economic-development\\\/open-a-business\\\/\"]}]},{\"@type\":\"ImageObject\",\"inLanguage\":\"es\",\"@id\":\"https:\\\/\\\/www.miamibeachfl.gov\\\/city-hall\\\/economic-development\\\/open-a-business\\\/#primaryimage\",\"url\":\"https:\\\/\\\/www.miamibeachfl.gov\\\/wp-content\\\/uploads\\\/2022\\\/07\\\/hero-small.jpg\",\"contentUrl\":\"https:\\\/\\\/www.miamibeachfl.gov\\\/wp-content\\\/uploads\\\/2022\\\/07\\\/hero-small.jpg\"},{\"@type\":\"BreadcrumbList\",\"@id\":\"https:\\\/\\\/www.miamibeachfl.gov\\\/city-hall\\\/economic-development\\\/open-a-business\\\/#breadcrumb\",\"itemListElement\":[{\"@type\":\"ListItem\",\"position\":1,\"name\":\"Home\",\"item\":\"https:\\\/\\\/www.miamibeachfl.gov\\\/\"},{\"@type\":\"ListItem\",\"position\":2,\"name\":\"City Hall\",\"item\":\"https:\\\/\\\/www.miamibeachfl.gov\\\/city-hall\\\/\"},{\"@type\":\"ListItem\",\"position\":3,\"name\":\"Economic Development\",\"item\":\"https:\\\/\\\/www.miamibeachfl.gov\\\/city-hall\\\/economic-development\\\/\"},{\"@type\":\"ListItem\",\"position\":4,\"name\":\"Opening a Business\"}]},{\"@type\":\"WebSite\",\"@id\":\"https:\\\/\\\/www.miamibeachfl.gov\\\/#website\",\"url\":\"https:\\\/\\\/www.miamibeachfl.gov\\\/\",\"name\":\"City of Miami Beach\",\"description\":\"The official website of the City of Miami Beach. Stay informed, find important information on city services, news, alerts, events, trolley routes, government employment and more.\",\"publisher\":{\"@id\":\"https:\\\/\\\/www.miamibeachfl.gov\\\/#organization\"},\"potentialAction\":[{\"@type\":\"SearchAction\",\"target\":{\"@type\":\"EntryPoint\",\"urlTemplate\":\"https:\\\/\\\/www.miamibeachfl.gov\\\/?s={search_term_string}\"},\"query-input\":{\"@type\":\"PropertyValueSpecification\",\"valueRequired\":true,\"valueName\":\"search_term_string\"}}],\"inLanguage\":\"es\"},{\"@type\":\"Organization\",\"@id\":\"https:\\\/\\\/www.miamibeachfl.gov\\\/#organization\",\"name\":\"City of Miami Beach\",\"url\":\"https:\\\/\\\/www.miamibeachfl.gov\\\/\",\"logo\":{\"@type\":\"ImageObject\",\"inLanguage\":\"es\",\"@id\":\"https:\\\/\\\/www.miamibeachfl.gov\\\/#\\\/schema\\\/logo\\\/image\\\/\",\"url\":\"https:\\\/\\\/www.miamibeachfl.gov\\\/wp-content\\\/uploads\\\/2022\\\/06\\\/miamibeach-logoblue.png\",\"contentUrl\":\"https:\\\/\\\/www.miamibeachfl.gov\\\/wp-content\\\/uploads\\\/2022\\\/06\\\/miamibeach-logoblue.png\",\"width\":1962,\"height\":381,\"caption\":\"City of Miami Beach\"},\"image\":{\"@id\":\"https:\\\/\\\/www.miamibeachfl.gov\\\/#\\\/schema\\\/logo\\\/image\\\/\"},\"sameAs\":[\"https:\\\/\\\/www.facebook.com\\\/cityofmiamibeach\",\"https:\\\/\\\/x.com\\\/Miamibeachnews\",\"https:\\\/\\\/www.instagram.com\\\/miamibeachnews\\\/\"],\"description\":\"The official website of the City of Miami Beach. Stay informed, find important information on city services, news, alerts, events, trolley routes, government employment and more.\",\"telephone\":\"305.604.CITY(2489)\",\"legalName\":\"City of Miami Beach\"}]}<\/script>\n<!-- \/ Yoast SEO Premium plugin. -->","yoast_head_json":{"title":"Apertura de un negocio - Ciudad de Miami Beach","description":"%","robots":{"index":"index","follow":"follow","max-snippet":"max-snippet:-1","max-image-preview":"max-image-preview:large","max-video-preview":"max-video-preview:-1"},"canonical":"https:\/\/www.miamibeachfl.gov\/es\/city-hall\/economic-development\/open-a-business\/","og_locale":"es_ES","og_type":"article","og_title":"Opening a Business","og_description":"%","og_url":"https:\/\/www.miamibeachfl.gov\/es\/city-hall\/economic-development\/open-a-business\/","og_site_name":"City of Miami Beach","article_publisher":"https:\/\/www.facebook.com\/cityofmiamibeach","article_modified_time":"2026-02-26T19:30:42+00:00","og_image":[{"url":"https:\/\/www.miamibeachfl.gov\/wp-content\/uploads\/2022\/07\/hero-small.jpg","type":"","width":"","height":""}],"twitter_card":"summary_large_image","twitter_site":"@Miamibeachnews","schema":{"@context":"https:\/\/schema.org","@graph":[{"@type":"WebPage","@id":"https:\/\/www.miamibeachfl.gov\/city-hall\/economic-development\/open-a-business\/","url":"https:\/\/www.miamibeachfl.gov\/city-hall\/economic-development\/open-a-business\/","name":"Apertura de un negocio - Ciudad de Miami Beach","isPartOf":{"@id":"https:\/\/www.miamibeachfl.gov\/#website"},"primaryImageOfPage":{"@id":"https:\/\/www.miamibeachfl.gov\/city-hall\/economic-development\/open-a-business\/#primaryimage"},"image":{"@id":"https:\/\/www.miamibeachfl.gov\/city-hall\/economic-development\/open-a-business\/#primaryimage"},"thumbnailUrl":"https:\/\/www.miamibeachfl.gov\/wp-content\/uploads\/2022\/07\/hero-small.jpg","datePublished":"2017-08-11T00:12:52+00:00","dateModified":"2026-02-26T19:30:42+00:00","description":"%","breadcrumb":{"@id":"https:\/\/www.miamibeachfl.gov\/city-hall\/economic-development\/open-a-business\/#breadcrumb"},"inLanguage":"es","potentialAction":[{"@type":"ReadAction","target":["https:\/\/www.miamibeachfl.gov\/city-hall\/economic-development\/open-a-business\/"]}]},{"@type":"ImageObject","inLanguage":"es","@id":"https:\/\/www.miamibeachfl.gov\/city-hall\/economic-development\/open-a-business\/#primaryimage","url":"https:\/\/www.miamibeachfl.gov\/wp-content\/uploads\/2022\/07\/hero-small.jpg","contentUrl":"https:\/\/www.miamibeachfl.gov\/wp-content\/uploads\/2022\/07\/hero-small.jpg"},{"@type":"BreadcrumbList","@id":"https:\/\/www.miamibeachfl.gov\/city-hall\/economic-development\/open-a-business\/#breadcrumb","itemListElement":[{"@type":"ListItem","position":1,"name":"Home","item":"https:\/\/www.miamibeachfl.gov\/"},{"@type":"ListItem","position":2,"name":"City Hall","item":"https:\/\/www.miamibeachfl.gov\/city-hall\/"},{"@type":"ListItem","position":3,"name":"Economic Development","item":"https:\/\/www.miamibeachfl.gov\/city-hall\/economic-development\/"},{"@type":"ListItem","position":4,"name":"Opening a Business"}]},{"@type":"WebSite","@id":"https:\/\/www.miamibeachfl.gov\/#website","url":"https:\/\/www.miamibeachfl.gov\/","name":"Ciudad de Miami Beach","description":"Sitio web oficial de la Ciudad de Miami Beach. Mant\u00e9ngase informado, encuentre informaci\u00f3n importante sobre servicios municipales, noticias, alertas, eventos, rutas de tranv\u00edas, empleos gubernamentales y m\u00e1s.","publisher":{"@id":"https:\/\/www.miamibeachfl.gov\/#organization"},"potentialAction":[{"@type":"SearchAction","target":{"@type":"EntryPoint","urlTemplate":"https:\/\/www.miamibeachfl.gov\/?s={search_term_string}"},"query-input":{"@type":"PropertyValueSpecification","valueRequired":true,"valueName":"search_term_string"}}],"inLanguage":"es"},{"@type":"Organization","@id":"https:\/\/www.miamibeachfl.gov\/#organization","name":"Ciudad de Miami Beach","url":"https:\/\/www.miamibeachfl.gov\/","logo":{"@type":"ImageObject","inLanguage":"es","@id":"https:\/\/www.miamibeachfl.gov\/#\/schema\/logo\/image\/","url":"https:\/\/www.miamibeachfl.gov\/wp-content\/uploads\/2022\/06\/miamibeach-logoblue.png","contentUrl":"https:\/\/www.miamibeachfl.gov\/wp-content\/uploads\/2022\/06\/miamibeach-logoblue.png","width":1962,"height":381,"caption":"City of Miami Beach"},"image":{"@id":"https:\/\/www.miamibeachfl.gov\/#\/schema\/logo\/image\/"},"sameAs":["https:\/\/www.facebook.com\/cityofmiamibeach","https:\/\/x.com\/Miamibeachnews","https:\/\/www.instagram.com\/miamibeachnews\/"],"description":"Sitio web oficial de la Ciudad de Miami Beach. Mant\u00e9ngase informado, encuentre informaci\u00f3n importante sobre servicios municipales, noticias, alertas, eventos, rutas de tranv\u00edas, empleos gubernamentales y m\u00e1s.","telephone":"305.604.CITY(2489)","legalName":"City of Miami Beach"}]}},"_links":{"self":[{"href":"https:\/\/www.miamibeachfl.gov\/es\/wp-json\/wp\/v2\/pages\/29197","targetHints":{"allow":["GET"]}}],"collection":[{"href":"https:\/\/www.miamibeachfl.gov\/es\/wp-json\/wp\/v2\/pages"}],"about":[{"href":"https:\/\/www.miamibeachfl.gov\/es\/wp-json\/wp\/v2\/types\/page"}],"author":[{"embeddable":true,"href":"https:\/\/www.miamibeachfl.gov\/es\/wp-json\/wp\/v2\/users\/222"}],"replies":[{"embeddable":true,"href":"https:\/\/www.miamibeachfl.gov\/es\/wp-json\/wp\/v2\/comments?post=29197"}],"version-history":[{"count":3,"href":"https:\/\/www.miamibeachfl.gov\/es\/wp-json\/wp\/v2\/pages\/29197\/revisions"}],"predecessor-version":[{"id":396812,"href":"https:\/\/www.miamibeachfl.gov\/es\/wp-json\/wp\/v2\/pages\/29197\/revisions\/396812"}],"up":[{"embeddable":true,"href":"https:\/\/www.miamibeachfl.gov\/es\/wp-json\/wp\/v2\/pages\/29187"}],"wp:attachment":[{"href":"https:\/\/www.miamibeachfl.gov\/es\/wp-json\/wp\/v2\/media?parent=29197"}],"wp:term":[{"taxonomy":"category","embeddable":true,"href":"https:\/\/www.miamibeachfl.gov\/es\/wp-json\/wp\/v2\/categories?post=29197"},{"taxonomy":"post_tag","embeddable":true,"href":"https:\/\/www.miamibeachfl.gov\/es\/wp-json\/wp\/v2\/tags?post=29197"}],"curies":[{"name":"gracias","href":"https:\/\/api.w.org\/{rel}","templated":true}]}}