{"id":29255,"date":"2017-08-11T00:13:27","date_gmt":"2017-08-11T00:13:27","guid":{"rendered":"http:\/\/www.miamibeachfl.gov\/residents\/major-events-plan-mep-resident-information\/mep-what-is-it\/"},"modified":"2026-02-06T11:00:30","modified_gmt":"2026-02-06T16:00:30","slug":"mep-what-is-it","status":"publish","type":"page","link":"https:\/\/www.miamibeachfl.gov\/es\/residents\/community-events-and-perks\/mep-what-is-it\/","title":{"rendered":"Plan de eventos importantes"},"content":{"rendered":"<h1>\n\t\t\t\u00bfQu\u00e9 es un Plan de Grandes Eventos?\t<\/h1>\nMen\u00fa de residentes\t\t\t\n\t\t\t\t\t<ul id=\"menu-residents\"><li id=\"menu-item-258178\"><a href=\"\/es\/residents\/\">residentes<\/a><\/li>\n<li id=\"menu-item-259185\"><a href=\"\/es\/neighborhood-associations\/\">Asociaciones de vecinos y condominios<\/a><\/li>\n<li id=\"menu-item-258180\"><a href=\"\/es\/residents\/neighborhood-affairs-division\/\">Asuntos Vecinales<\/a><\/li>\n<li id=\"menu-item-258181\"><a href=\"\/es\/community-events-and-perks\/\">Beneficios y descuentos<\/a><\/li>\n<li id=\"menu-item-258182\"><a href=\"\/es\/animal-control\/\">Cuidado y control de animales<\/a><\/li>\n<li id=\"menu-item-258183\"><a href=\"\/es\/city-hall\/cip\/active-projects\/\">Proyectos activos<\/a><\/li>\n<li id=\"menu-item-281156\"><a href=\"\/es\/engagementtoolbox\/\">Mantente conectado<\/a><\/li>\n<\/ul>\t\nMen\u00fa de residentes \u00d7\t\t\t\t\t\t<ul id=\"menu-residents-1\"><li id=\"menu-item-258178\"><a href=\"\/es\/residents\/\">residentes<\/a><\/li>\n<li id=\"menu-item-259185\"><a href=\"\/es\/neighborhood-associations\/\">Asociaciones de vecinos y condominios<\/a><\/li>\n<li id=\"menu-item-258180\"><a href=\"\/es\/residents\/neighborhood-affairs-division\/\">Asuntos Vecinales<\/a><\/li>\n<li id=\"menu-item-258181\"><a href=\"\/es\/community-events-and-perks\/\">Beneficios y descuentos<\/a><\/li>\n<li id=\"menu-item-258182\"><a href=\"\/es\/animal-control\/\">Cuidado y control de animales<\/a><\/li>\n<li id=\"menu-item-258183\"><a href=\"\/es\/city-hall\/cip\/active-projects\/\">Proyectos activos<\/a><\/li>\n<li id=\"menu-item-281156\"><a href=\"\/es\/engagementtoolbox\/\">Mantente conectado<\/a><\/li>\n<\/ul>\t\t\t\t\n\t<p>Miami Beach sigue figurando entre los mejores destinos del mundo. Los visitantes se sienten atra\u00eddos por sus cielos azules, arenas blancas y todo lo que ofrece la ciudad durante todo el a\u00f1o. Algunos vienen para disfrutar de unas vacaciones, mientras que otros vienen para participar en los numerosos eventos que se celebran en la ciudad.<\/p>\n<p>Cuando se celebran eventos importantes como el Sal\u00f3n N\u00e1utico Internacional de Miami, el Super Bowl, el Festival de Vino y Comida de South Beach y Art Basel Miami Beach, la Ciudad colabora con los organizadores para abordar el impacto que estos eventos pueden tener en nuestra ciudad, desde el tr\u00e1fico hasta la basura. Estos eventos son responsables de financiar el aumento de personal y los servicios necesarios para garantizar la seguridad y la limpieza de la ciudad.<\/p>\n<p>Sin embargo, hay per\u00edodos en los que no se organizan eventos que a\u00fan atraen a multitudes significativas y tienen un impacto a\u00fan mayor en la ciudad, como las vacaciones de primavera y el fin de semana del D\u00eda de los Ca\u00eddos. Para ello, la Ciudad desarroll\u00f3 el Plan de Eventos Mayores (MEP) de Miami Beach, que facilita la coordinaci\u00f3n y comunicaci\u00f3n entre diversos departamentos municipales, agencias externas, clubes nocturnos, hoteles, residentes y visitantes.<\/p>\n<p>El residente promedio podr\u00eda desconocer que se implementa un MEP entre ocho y diez veces al a\u00f1o. Los MEP para el Sal\u00f3n N\u00e1utico, la Nochevieja y el fin de semana del D\u00eda de los Ca\u00eddos, entre otros, ayudan a la ciudad a prepararse y, siempre que sea posible, a mitigar el impacto de estos eventos. La dotaci\u00f3n de personal y los planes de servicio departamentales difieren para cada implementaci\u00f3n de MEP seg\u00fan la necesidad.<\/p>","protected":false},"excerpt":{"rendered":"<p>What is a Major Events Plan? Residents Menu Residents Neighborhood &#038; Condo Associations Neighborhood Affairs Perks &#038; Discounts Animal Care [&hellip;]<\/p>\n","protected":false},"author":222,"featured_media":0,"parent":41460,"menu_order":0,"comment_status":"closed","ping_status":"closed","template":"","meta":{"_searchwp_excluded":"","site-sidebar-layout":"default","site-content-layout":"","ast-site-content-layout":"default","site-content-style":"default","site-sidebar-style":"default","ast-global-header-display":"","ast-banner-title-visibility":"","ast-main-header-display":"","ast-hfb-above-header-display":"","ast-hfb-below-header-display":"","ast-hfb-mobile-header-display":"","site-post-title":"","ast-breadcrumbs-content":"","ast-featured-img":"","footer-sml-layout":"","theme-transparent-header-meta":"","adv-header-id-meta":"","stick-header-meta":"","header-above-stick-meta":"","header-main-stick-meta":"","header-below-stick-meta":"","astra-migrate-meta-layouts":"default","ast-page-background-enabled":"default","ast-page-background-meta":{"desktop":{"background-color":"var(--ast-global-color-5)","background-image":"","background-repeat":"repeat","background-position":"center center","background-size":"auto","background-attachment":"scroll","background-type":"","background-media":"","overlay-type":"","overlay-color":"","overlay-opacity":"","overlay-gradient":""},"tablet":{"background-color":"","background-image":"","background-repeat":"repeat","background-position":"center center","background-size":"auto","background-attachment":"scroll","background-type":"","background-media":"","overlay-type":"","overlay-color":"","overlay-opacity":"","overlay-gradient":""},"mobile":{"background-color":"","background-image":"","background-repeat":"repeat","background-position":"center center","background-size":"auto","background-attachment":"scroll","background-type":"","background-media":"","overlay-type":"","overlay-color":"","overlay-opacity":"","overlay-gradient":""}},"ast-content-background-meta":{"desktop":{"background-color":"var(--ast-global-color-4)","background-image":"","background-repeat":"repeat","background-position":"center center","background-size":"auto","background-attachment":"scroll","background-type":"","background-media":"","overlay-type":"","overlay-color":"","overlay-opacity":"","overlay-gradient":""},"tablet":{"background-color":"var(--ast-global-color-4)","background-image":"","background-repeat":"repeat","background-position":"center center","background-size":"auto","background-attachment":"scroll","background-type":"","background-media":"","overlay-type":"","overlay-color":"","overlay-opacity":"","overlay-gradient":""},"mobile":{"background-color":"var(--ast-global-color-4)","background-image":"","background-repeat":"repeat","background-position":"center center","background-size":"auto","background-attachment":"scroll","background-type":"","background-media":"","overlay-type":"","overlay-color":"","overlay-opacity":"","overlay-gradient":""}},"footnotes":""},"categories":[],"tags":[],"class_list":["post-29255","page","type-page","status-publish","hentry"],"yoast_head":"<!-- This site is optimized with the Yoast SEO Premium plugin v27.4 (Yoast SEO v27.4) - https:\/\/yoast.com\/product\/yoast-seo-premium-wordpress\/ -->\n<title>Major Events Plan - City of Miami Beach<\/title>\n<meta name=\"description\" content=\"%\" \/>\n<meta name=\"robots\" content=\"index, follow, max-snippet:-1, max-image-preview:large, max-video-preview:-1\" \/>\n<link rel=\"canonical\" href=\"https:\/\/www.miamibeachfl.gov\/es\/residents\/community-events-and-perks\/mep-what-is-it\/\" \/>\n<meta property=\"og:locale\" content=\"es_ES\" \/>\n<meta property=\"og:type\" content=\"article\" \/>\n<meta property=\"og:title\" content=\"Major Events Plan\" \/>\n<meta property=\"og:description\" content=\"%\" \/>\n<meta property=\"og:url\" content=\"https:\/\/www.miamibeachfl.gov\/es\/residents\/community-events-and-perks\/mep-what-is-it\/\" \/>\n<meta property=\"og:site_name\" content=\"City of Miami Beach\" \/>\n<meta property=\"article:publisher\" content=\"https:\/\/www.facebook.com\/cityofmiamibeach\" \/>\n<meta property=\"article:modified_time\" content=\"2026-02-06T16:00:30+00:00\" \/>\n<meta property=\"og:image\" content=\"https:\/\/www.miamibeachfl.gov\/wp-content\/uploads\/2024\/01\/1000pxSquare-miamibeach-aerial-southpointview.jpeg\" \/>\n\t<meta property=\"og:image:width\" content=\"1000\" \/>\n\t<meta property=\"og:image:height\" content=\"1000\" \/>\n\t<meta property=\"og:image:type\" content=\"image\/jpeg\" \/>\n<meta name=\"twitter:card\" content=\"summary_large_image\" \/>\n<meta name=\"twitter:site\" content=\"@Miamibeachnews\" \/>\n<script type=\"application\/ld+json\" class=\"yoast-schema-graph\">{\"@context\":\"https:\\\/\\\/schema.org\",\"@graph\":[{\"@type\":\"WebPage\",\"@id\":\"https:\\\/\\\/www.miamibeachfl.gov\\\/residents\\\/community-events-and-perks\\\/mep-what-is-it\\\/\",\"url\":\"https:\\\/\\\/www.miamibeachfl.gov\\\/residents\\\/community-events-and-perks\\\/mep-what-is-it\\\/\",\"name\":\"Major Events Plan - City of Miami Beach\",\"isPartOf\":{\"@id\":\"https:\\\/\\\/www.miamibeachfl.gov\\\/#website\"},\"datePublished\":\"2017-08-11T00:13:27+00:00\",\"dateModified\":\"2026-02-06T16:00:30+00:00\",\"description\":\"%\",\"breadcrumb\":{\"@id\":\"https:\\\/\\\/www.miamibeachfl.gov\\\/residents\\\/community-events-and-perks\\\/mep-what-is-it\\\/#breadcrumb\"},\"inLanguage\":\"es\",\"potentialAction\":[{\"@type\":\"ReadAction\",\"target\":[\"https:\\\/\\\/www.miamibeachfl.gov\\\/residents\\\/community-events-and-perks\\\/mep-what-is-it\\\/\"]}]},{\"@type\":\"BreadcrumbList\",\"@id\":\"https:\\\/\\\/www.miamibeachfl.gov\\\/residents\\\/community-events-and-perks\\\/mep-what-is-it\\\/#breadcrumb\",\"itemListElement\":[{\"@type\":\"ListItem\",\"position\":1,\"name\":\"Home\",\"item\":\"https:\\\/\\\/www.miamibeachfl.gov\\\/\"},{\"@type\":\"ListItem\",\"position\":2,\"name\":\"Residents\",\"item\":\"https:\\\/\\\/www.miamibeachfl.gov\\\/residents\\\/\"},{\"@type\":\"ListItem\",\"position\":3,\"name\":\"Community Events and Perks\",\"item\":\"https:\\\/\\\/www.miamibeachfl.gov\\\/residents\\\/community-events-and-perks\\\/\"},{\"@type\":\"ListItem\",\"position\":4,\"name\":\"Major Events Plan\"}]},{\"@type\":\"WebSite\",\"@id\":\"https:\\\/\\\/www.miamibeachfl.gov\\\/#website\",\"url\":\"https:\\\/\\\/www.miamibeachfl.gov\\\/\",\"name\":\"City of Miami Beach\",\"description\":\"The official website of the City of Miami Beach. Stay informed, find important information on city services, news, alerts, events, trolley routes, government employment and more.\",\"publisher\":{\"@id\":\"https:\\\/\\\/www.miamibeachfl.gov\\\/#organization\"},\"potentialAction\":[{\"@type\":\"SearchAction\",\"target\":{\"@type\":\"EntryPoint\",\"urlTemplate\":\"https:\\\/\\\/www.miamibeachfl.gov\\\/?s={search_term_string}\"},\"query-input\":{\"@type\":\"PropertyValueSpecification\",\"valueRequired\":true,\"valueName\":\"search_term_string\"}}],\"inLanguage\":\"es\"},{\"@type\":\"Organization\",\"@id\":\"https:\\\/\\\/www.miamibeachfl.gov\\\/#organization\",\"name\":\"City of Miami Beach\",\"url\":\"https:\\\/\\\/www.miamibeachfl.gov\\\/\",\"logo\":{\"@type\":\"ImageObject\",\"inLanguage\":\"es\",\"@id\":\"https:\\\/\\\/www.miamibeachfl.gov\\\/#\\\/schema\\\/logo\\\/image\\\/\",\"url\":\"https:\\\/\\\/www.miamibeachfl.gov\\\/wp-content\\\/uploads\\\/2022\\\/06\\\/miamibeach-logoblue.png\",\"contentUrl\":\"https:\\\/\\\/www.miamibeachfl.gov\\\/wp-content\\\/uploads\\\/2022\\\/06\\\/miamibeach-logoblue.png\",\"width\":1962,\"height\":381,\"caption\":\"City of Miami Beach\"},\"image\":{\"@id\":\"https:\\\/\\\/www.miamibeachfl.gov\\\/#\\\/schema\\\/logo\\\/image\\\/\"},\"sameAs\":[\"https:\\\/\\\/www.facebook.com\\\/cityofmiamibeach\",\"https:\\\/\\\/x.com\\\/Miamibeachnews\",\"https:\\\/\\\/www.instagram.com\\\/miamibeachnews\\\/\"],\"description\":\"The official website of the City of Miami Beach. Stay informed, find important information on city services, news, alerts, events, trolley routes, government employment and more.\",\"telephone\":\"305.604.CITY(2489)\",\"legalName\":\"City of Miami Beach\"}]}<\/script>\n<!-- \/ Yoast SEO Premium plugin. -->","yoast_head_json":{"title":"Plan de eventos importantes - Ciudad de Miami Beach","description":"%","robots":{"index":"index","follow":"follow","max-snippet":"max-snippet:-1","max-image-preview":"max-image-preview:large","max-video-preview":"max-video-preview:-1"},"canonical":"https:\/\/www.miamibeachfl.gov\/es\/residents\/community-events-and-perks\/mep-what-is-it\/","og_locale":"es_ES","og_type":"article","og_title":"Major Events Plan","og_description":"%","og_url":"https:\/\/www.miamibeachfl.gov\/es\/residents\/community-events-and-perks\/mep-what-is-it\/","og_site_name":"City of Miami Beach","article_publisher":"https:\/\/www.facebook.com\/cityofmiamibeach","article_modified_time":"2026-02-06T16:00:30+00:00","og_image":[{"width":1000,"height":1000,"url":"https:\/\/www.miamibeachfl.gov\/wp-content\/uploads\/2024\/01\/1000pxSquare-miamibeach-aerial-southpointview.jpeg","type":"image\/jpeg"}],"twitter_card":"summary_large_image","twitter_site":"@Miamibeachnews","schema":{"@context":"https:\/\/schema.org","@graph":[{"@type":"WebPage","@id":"https:\/\/www.miamibeachfl.gov\/residents\/community-events-and-perks\/mep-what-is-it\/","url":"https:\/\/www.miamibeachfl.gov\/residents\/community-events-and-perks\/mep-what-is-it\/","name":"Plan de eventos importantes - Ciudad de Miami Beach","isPartOf":{"@id":"https:\/\/www.miamibeachfl.gov\/#website"},"datePublished":"2017-08-11T00:13:27+00:00","dateModified":"2026-02-06T16:00:30+00:00","description":"%","breadcrumb":{"@id":"https:\/\/www.miamibeachfl.gov\/residents\/community-events-and-perks\/mep-what-is-it\/#breadcrumb"},"inLanguage":"es","potentialAction":[{"@type":"ReadAction","target":["https:\/\/www.miamibeachfl.gov\/residents\/community-events-and-perks\/mep-what-is-it\/"]}]},{"@type":"BreadcrumbList","@id":"https:\/\/www.miamibeachfl.gov\/residents\/community-events-and-perks\/mep-what-is-it\/#breadcrumb","itemListElement":[{"@type":"ListItem","position":1,"name":"Home","item":"https:\/\/www.miamibeachfl.gov\/"},{"@type":"ListItem","position":2,"name":"Residents","item":"https:\/\/www.miamibeachfl.gov\/residents\/"},{"@type":"ListItem","position":3,"name":"Community Events and Perks","item":"https:\/\/www.miamibeachfl.gov\/residents\/community-events-and-perks\/"},{"@type":"ListItem","position":4,"name":"Major Events Plan"}]},{"@type":"WebSite","@id":"https:\/\/www.miamibeachfl.gov\/#website","url":"https:\/\/www.miamibeachfl.gov\/","name":"Ciudad de Miami Beach","description":"Sitio web oficial de la Ciudad de Miami Beach. Mant\u00e9ngase informado, encuentre informaci\u00f3n importante sobre servicios municipales, noticias, alertas, eventos, rutas de tranv\u00edas, empleos gubernamentales y m\u00e1s.","publisher":{"@id":"https:\/\/www.miamibeachfl.gov\/#organization"},"potentialAction":[{"@type":"SearchAction","target":{"@type":"EntryPoint","urlTemplate":"https:\/\/www.miamibeachfl.gov\/?s={search_term_string}"},"query-input":{"@type":"PropertyValueSpecification","valueRequired":true,"valueName":"search_term_string"}}],"inLanguage":"es"},{"@type":"Organization","@id":"https:\/\/www.miamibeachfl.gov\/#organization","name":"Ciudad de Miami Beach","url":"https:\/\/www.miamibeachfl.gov\/","logo":{"@type":"ImageObject","inLanguage":"es","@id":"https:\/\/www.miamibeachfl.gov\/#\/schema\/logo\/image\/","url":"https:\/\/www.miamibeachfl.gov\/wp-content\/uploads\/2022\/06\/miamibeach-logoblue.png","contentUrl":"https:\/\/www.miamibeachfl.gov\/wp-content\/uploads\/2022\/06\/miamibeach-logoblue.png","width":1962,"height":381,"caption":"City of Miami Beach"},"image":{"@id":"https:\/\/www.miamibeachfl.gov\/#\/schema\/logo\/image\/"},"sameAs":["https:\/\/www.facebook.com\/cityofmiamibeach","https:\/\/x.com\/Miamibeachnews","https:\/\/www.instagram.com\/miamibeachnews\/"],"description":"Sitio web oficial de la Ciudad de Miami Beach. Mant\u00e9ngase informado, encuentre informaci\u00f3n importante sobre servicios municipales, noticias, alertas, eventos, rutas de tranv\u00edas, empleos gubernamentales y m\u00e1s.","telephone":"305.604.CITY(2489)","legalName":"City of Miami Beach"}]}},"_links":{"self":[{"href":"https:\/\/www.miamibeachfl.gov\/es\/wp-json\/wp\/v2\/pages\/29255","targetHints":{"allow":["GET"]}}],"collection":[{"href":"https:\/\/www.miamibeachfl.gov\/es\/wp-json\/wp\/v2\/pages"}],"about":[{"href":"https:\/\/www.miamibeachfl.gov\/es\/wp-json\/wp\/v2\/types\/page"}],"author":[{"embeddable":true,"href":"https:\/\/www.miamibeachfl.gov\/es\/wp-json\/wp\/v2\/users\/222"}],"replies":[{"embeddable":true,"href":"https:\/\/www.miamibeachfl.gov\/es\/wp-json\/wp\/v2\/comments?post=29255"}],"version-history":[{"count":2,"href":"https:\/\/www.miamibeachfl.gov\/es\/wp-json\/wp\/v2\/pages\/29255\/revisions"}],"predecessor-version":[{"id":396182,"href":"https:\/\/www.miamibeachfl.gov\/es\/wp-json\/wp\/v2\/pages\/29255\/revisions\/396182"}],"up":[{"embeddable":true,"href":"https:\/\/www.miamibeachfl.gov\/es\/wp-json\/wp\/v2\/pages\/41460"}],"wp:attachment":[{"href":"https:\/\/www.miamibeachfl.gov\/es\/wp-json\/wp\/v2\/media?parent=29255"}],"wp:term":[{"taxonomy":"category","embeddable":true,"href":"https:\/\/www.miamibeachfl.gov\/es\/wp-json\/wp\/v2\/categories?post=29255"},{"taxonomy":"post_tag","embeddable":true,"href":"https:\/\/www.miamibeachfl.gov\/es\/wp-json\/wp\/v2\/tags?post=29255"}],"curies":[{"name":"gracias","href":"https:\/\/api.w.org\/{rel}","templated":true}]}}