{"id":295615,"date":"2024-04-04T14:21:36","date_gmt":"2024-04-04T18:21:36","guid":{"rendered":"https:\/\/www.miamibeachfl.gov\/city-hall\/parking-new\/parking\/"},"modified":"2026-04-16T16:53:38","modified_gmt":"2026-04-16T20:53:38","slug":"parking","status":"publish","type":"page","link":"https:\/\/www.miamibeachfl.gov\/es\/city-hall\/parking\/","title":{"rendered":"Aparcamiento"},"content":{"rendered":"<figure itemscope itemtype=\"https:\/\/schema.org\/ImageObject\">\n\t\t\t\t<img decoding=\"async\" src=\"https:\/\/www.miamibeachfl.gov\/wp-content\/uploads\/2024\/04\/P-parkingcircle.png\" alt=\"P\" height=\"1200\" width=\"1200\" title=\"C\u00edrculo de estacionamiento P\" onerror=\"this.style.display='none'\" loading=\"lazy\" \/>\n\t<\/figure>\n<h1>\n\t\t\tDepartamento de Estacionamiento\t<\/h1>\n\t<p>El departamento gestiona y opera 66 estacionamientos al aire libre, 12 garajes y 19 zonas de estacionamiento residencial con permiso en toda la ciudad. La ciudad ha implementado tecnolog\u00eda de estacionamiento mejorada, como el pago por matr\u00edcula y estaciones de pago para m\u00faltiples espacios. <a href=\"https:\/\/www.miamibeachfl.gov\/es\/city-hall\/parking\/parking-garages-lot-locations\/\">estacionamientos en la calle y en superficie<\/a>, estaciones de pago a pie en los garajes, un programa de bicicletas compartidas con Citi Bike, y <a href=\"https:\/\/www.miamibeachfl.gov\/es\/city-hall\/parking\/electric-vehicle-charging-stations\/\">Estaciones de carga Blink (Nivel 2) en algunos garajes. Estaci\u00f3n de carga Tesla en el garaje G9 ubicado en 1661 Pennsylvania Ave.<\/a><\/p>\n\t<a href=\"\/es\/city-hall\/parking\/residents-only\/\" target=\"_self\"  aria-label=\"Vaya a \/ayuntamiento\/estacionamiento\/solo-residentes\"><\/a>\n\t\t\t\t<img decoding=\"async\" src=\"https:\/\/www.miamibeachfl.gov\/wp-content\/uploads\/bb-plugin\/cache\/ResidentParking-GirlNextToCar-circle.jpeg\" alt=\"person next to vehicle using the parking app to park\" title=\"Estacionamiento para residentes - Chica al lado del auto\" itemprop=\"image\"\/>\n\t\t<h2>Para residentes<\/h2>\n\t\t\t<a href=\"https:\/\/www.miamibeachfl.gov\/es\/city-hall\/parking\/residents-only\/resident-parking-discounts\/\"  target=\"_self\">\n\t\t\t\t\t\t\tPrograma de estacionamiento residencial \n\t\t\t\t\t<\/a>\n\t\t\t<a href=\"\/es\/city-hall\/parking\/residents-only\/residential-parking-zones\/\"  target=\"_self\">\n\t\t\t\t\t\t\tPermiso de zona de estacionamiento residencial \n\t\t\t\t\t<\/a>\n\t\t\t<a href=\"https:\/\/www.miamibeachfl.gov\/es\/city-hall\/parking\/residents-only\/nobe-rrpp\/\"  target=\"_blank\" rel=\"noopener\">\n\t\t\t\t\t\t\tPrograma piloto de estacionamiento para residentes registrados de North Beach \n\t\t\t\t\t<\/a>\n\t\t\t<a href=\"\/es\/city-hall\/parking\/permit-programs\/2-citywide-scootermotorcycle-parking-permit\/\"  target=\"_self\">\n\t\t\t\t\t\t\tPermisos de estacionamiento para scooters y motocicletas \n\t\t\t\t\t<\/a>\n\t\t\t<a href=\"\/es\/city-hall\/parking\/residents-only\/maurice-gibb-boat-ramp-info\/\"  target=\"_self\">\n\t\t\t\t\t\t\tPermiso de rampa para embarcaciones Maurice Gibb \n\t\t\t\t\t<\/a>\n\t\t\t<a href=\"\/es\/city-hall\/parking\/residents-only\/parking-flood-relief-program\/\"  target=\"_self\">\n\t\t\t\t\t\t\tPrograma de estacionamiento para alivio de inundaciones por mareas altas \n\t\t\t\t\t<\/a>\n\t<a href=\"\/es\/city-hall\/parking\/facilities-and-rates\/\" target=\"_self\"  aria-label=\"Ir a \/ayuntamiento\/aparcamiento\/instalaciones-y-tarifas\/\"><\/a>\n\t\t\t\t<img decoding=\"async\" src=\"https:\/\/www.miamibeachfl.gov\/wp-content\/uploads\/bb-plugin\/cache\/Parking-Garage1Sign-circle.jpg\" alt=\"Public Parking Garage sign\" title=\"Letrero de estacionamiento-garaje 1\" itemprop=\"image\"\/>\n\t\t<h2>Instalaciones y tarifas<\/h2>\n\t\t\t<a href=\"\/es\/city-hall\/parking\/electric-vehicle-charging-stations\/\"  target=\"_self\">\n\t\t\t\t\t\t\tEstaciones de carga de veh\u00edculos el\u00e9ctricos \n\t\t\t\t\t<\/a>\n\t\t\t<a href=\"\/es\/city-hall\/parking\/parking-garages-lot-locations\/\"  target=\"_self\">\n\t\t\t\t\t\t\tUbicaci\u00f3n de estacionamientos y garajes \n\t\t\t\t\t<\/a>\n\t\t\t<a href=\"\/es\/city-hall\/parking\/parking-garages-lot-locations\/parking-garage-rates\/\"  target=\"_self\">\n\t\t\t\t\t\t\t Tarifas de estacionamiento \n\t\t\t\t\t<\/a>\n\t\t\t<a href=\"\/es\/city-hall\/parking\/parking-meter-rates\/\"  target=\"_self\">\n\t\t\t\t\t\t\tTarifas de parqu\u00edmetros \n\t\t\t\t\t<\/a>\n\t<a href=\"\/es\/city-hall\/parking\/permit-programs\/\" target=\"_self\"  aria-label=\"Vaya a \/ayuntamiento\/estacionamiento\/programas-de-permisos\/\"><\/a>\n\t\t\t\t<img decoding=\"async\" src=\"https:\/\/www.miamibeachfl.gov\/wp-content\/uploads\/bb-plugin\/cache\/Parking-Spots2-scaled-circle.jpeg\" alt=\"Parking spots\" title=\"2 plazas de aparcamiento\" itemprop=\"image\"\/>\n\t\t<h2>Permisos y programas<\/h2>\n\t\t\t<a href=\"\/es\/city-hall\/parking\/ada-parking\/\"  target=\"_self\">\n\t\t\t\t\t\t\tPermisos de estacionamiento ADA \n\t\t\t\t\t<\/a>\n\t\t\t<a href=\"\/es\/city-hall\/parking\/permit-programs\/boards-committees\/\"  target=\"_self\">\n\t\t\t\t\t\t\tPermiso de estacionamiento para juntas y comit\u00e9s \n\t\t\t\t\t<\/a>\n\t\t\t<a href=\"\/es\/city-hall\/parking\/permit-programs\/hybrid-vehicle-parking\/\"  target=\"_self\">\n\t\t\t\t\t\t\tPermiso de estacionamiento de veh\u00edculos para toda la ciudad \n\t\t\t\t\t<\/a>\n\t\t\t<a href=\"\/es\/city-hall\/parking\/permit-programs\/construction-parking-management-plan\/\"  target=\"_self\">\n\t\t\t\t\t\t\tPermiso del Plan de Gesti\u00f3n de Estacionamientos para la Construcci\u00f3n (CPMP) \n\t\t\t\t\t<\/a>\n\t\t\t<a href=\"\/es\/city-hall\/parking\/permit-programs\/freight-loading-parking-permit-program\/\"  target=\"_self\">\n\t\t\t\t\t\t\tPrograma de Permisos de Estacionamiento para Carga de Mercanc\u00edas \n\t\t\t\t\t<\/a>\n\t\t\t<a href=\"\/es\/city-hall\/parking\/permit-programs\/garage-permits\/\"  target=\"_self\">\n\t\t\t\t\t\t\tPermiso mensual para garaje y estacionamiento \n\t\t\t\t\t<\/a>\n\t\t\t<a href=\"\/es\/city-hall\/parking\/permit-programs\/production-company-recreational-vehicle-pcrv-parking-permit\/\"  target=\"_self\">\n\t\t\t\t\t\t\tPermiso de estacionamiento para veh\u00edculos recreativos de empresas de producci\u00f3n (PCRV) \n\t\t\t\t\t<\/a>\n\t\t\t<a href=\"\/es\/city-hall\/parking\/permit-programs\/space-rentals\/\"  target=\"_self\">\n\t\t\t\t\t\t\tAlquiler de espacios \n\t\t\t\t\t<\/a>\n<h2>\n\t\t\tInformaci\u00f3n del contacto\t<\/h2>\n\t<p><strong>Los permisos se venden a trav\u00e9s de la divisi\u00f3n de servicio al cliente del Departamento de Finanzas ubicada en la 1<sup>calle<\/sup> piso de 1755 Meridian Avenue.<\/strong><\/p>\n<h2>\n\t\t\tServicio de atenci\u00f3n al cliente de estacionamiento Finanzas:\t<\/h2>\n<h2>\n\t\t<a href=\"tel:3056737505\" title=\"LLAME AL: 305.673.7505\"  target=\"_blank\"  rel=\"noopener\">\n\t\t\tLLAME AL: 305.673.7505\t\t<\/a>\n\t<\/h2>\n\t<p><strong>En servicio de 8:30 a. m. a 6:00 p. m. para ayudar con:<\/strong><\/p>\n<ul>\n<li>Permiso de estacionamiento residencial<\/li>\n<li>Permiso de estacionamiento en garaje<\/li>\n<li>Permiso de estacionamiento en lote<\/li>\n<li>Permiso de estacionamiento mensual<\/li>\n<li>Zona de carga de mercanc\u00edas<\/li>\n<li>Estacionamiento de la empresa productora<\/li>\n<li>Permisos para veh\u00edculos recreativos de la empresa<br \/>\n<a href=\"\/es\/city-hall\/parking\/permit-programs\/\">Haga clic aqu\u00ed para obtener informaci\u00f3n sobre permisos de estacionamiento <\/a><\/li>\n<\/ul>\n<h2>\n\t\t\tAdministraci\u00f3n de estacionamiento:\t<\/h2>\n<h2>\n\t\t<a href=\"tel:3056737525\" title=\"LLAME AL: 305.673.PARK (7275)\"  target=\"_blank\"  rel=\"noopener\">\n\t\t\tLLAME AL: 305.673.PARK (7275)\t\t<\/a>\n\t<\/h2>\n\t<p><strong>En servicio de 8:30 a. m. a 5:00 p. m. para ayudar con:<\/strong><\/p>\n<ul>\n<li>Alquiler de espacios (incluido valet)<\/li>\n<li>Plan de Gesti\u00f3n de Estacionamientos para la Construcci\u00f3n (CPMP)<\/li>\n<li>Rese\u00f1as<\/li>\n<li>Solicitudes de apelaci\u00f3n de citaciones<\/li>\n<li>Permisos para miembros de juntas y comit\u00e9s<\/li>\n<li>Programa de ayuda por inundaciones<\/li>\n<li><a href=\"\/es\/city-hall\/parking\/permit-programs\/\">Haga clic aqu\u00ed para obtener informaci\u00f3n sobre los programas de permisos de estacionamiento <\/a><\/li>\n<\/ul>\n<h2>\n\t\t\tWilliam MacDonald\t<\/h2>\n\t<p>Director de estacionamiento<\/p>\n<h2>\n\t\t\tAlberto Ventura\t<\/h2>\n\tSubgerente<br \/>\n305.604.4785\n<h3>\n\t\t\tOficina central\t<\/h3>\n\t1700 Convention Center Drive,<br \/>\nMiami Beach, FL 33139\n<h3>\n\t\t\tN\u00famero de oficina\t<\/h3>\n\t<p><strong><a href=\"tel:3056044785\">305.604.4785<\/a><\/strong><\/p>\n<h3>\n\t\t\tHorario de atenci\u00f3n\t<\/h3>\n\tLunes \u2013 Viernes<br \/>\n8:30 a. m. a 6 p. m.<br \/>\n(Servicio al cliente)\n<h2>\n\t\t\tAplicaciones de estacionamiento\t<\/h2>\n\t\t\t\t<img decoding=\"async\" src=\"https:\/\/www.miamibeachfl.gov\/wp-content\/uploads\/2023\/07\/parkmobile-parking-logo.png\" alt=\"parkmobile-parking-logo\" title=\"logotipo de estacionamiento de parkmobile\" itemprop=\"image\"\/>\n\t\t<h3>Aplicaci\u00f3n ParkMobile<\/h3>\t\t\t\n\t\t\t<a href=\"https:\/\/itunes.apple.com\/us\/app\/parkmobile\/id365399299?mt=8\"  target=\"_blank\" rel=\"noopener\">\n\t\t\t\t\t\tDescargar la aplicaci\u00f3n Park Mobile para Apple\n\t\t\t\t\t<\/a>\n\t\t\t<a href=\"https:\/\/play.google.com\/store\/apps\/details?id=net.sharewire.parkmobilev2&#038;hl=en_US\"  target=\"_blank\" rel=\"noopener\">\n\t\t\t\t\t\tDescargar la aplicaci\u00f3n Park Mobile para Android\n\t\t\t\t\t<\/a>\n\t<p>ParkMobile ofrece una nueva y mejor manera de pagar el estacionamiento con tu celular. Con la aplicaci\u00f3n m\u00f3vil de ParkMobile, iniciar tu transacci\u00f3n de estacionamiento toma solo unos segundos. Si conduces un auto diferente al registrado, puedes cambiar r\u00e1pidamente el n\u00famero de placa y activar tu sesi\u00f3n de estacionamiento. Puedes activar la opci\u00f3n de recibir un recordatorio de notificaci\u00f3n push 15 minutos antes de que finalice tu estacionamiento. Tambi\u00e9n puedes pagar llamando a ParkMobile al: <a href=\"tel:18777275714\">1-877-727-5714.<\/a><\/p>\n\t<a href=\"https:\/\/www2.paybyphone.com\/park-in-miami-beach\" target=\"_blank\" rel=\"noopener\" aria-label=\"Vaya a https:\/\/www2.paybyphone.com\/park-in-miami-beach\"><\/a>\n\t\t\t\t<img decoding=\"async\" src=\"https:\/\/www.miamibeachfl.gov\/wp-content\/uploads\/2023\/10\/paybyphonelogo.png\" alt=\"paybyphone\" title=\"logotipo de paybyphone\" itemprop=\"image\"\/>\n\t\t<h3>Pagar por tel\u00e9fono<\/h3>\t\t\t\n\t\t\t<a href=\"https:\/\/apps.apple.com\/us\/app\/paybyphone-parking\/id448474183\"  target=\"_blank\" rel=\"noopener\">\n\t\t\t\t\t\tDescargar la aplicaci\u00f3n PayByPhone para Apple\n\t\t\t\t\t<\/a>\n\t\t\t<a href=\"https:\/\/play.google.com\/store\/apps\/details?id=com.paybyphone\"  target=\"_blank\" rel=\"noopener\">\n\t\t\t\t\t\tDescargar la aplicaci\u00f3n PayByPhone para Android\n\t\t\t\t\t<\/a>\n\t<strong>\u00a1Paga tu estacionamiento con la aplicaci\u00f3n PayByPhone en Miami Beach!<\/strong><br \/>\nPayByPhone te permite pagar el estacionamiento de tu veh\u00edculo en segundos en nuestros estacionamientos. La app es una soluci\u00f3n completamente sin efectivo, te avisa cuando tu tiempo de estacionamiento est\u00e1 a punto de terminar e incluso te permite extenderlo desde cualquier lugar. PayByPhone es c\u00f3modo, f\u00e1cil y seguro.","protected":false},"excerpt":{"rendered":"<p><a href=\"tel:3056737505\" style=\"text-decoration:none; color:#004896;\"><br \/>\n    <i class=\"fa-solid fa-phone\"><\/i> 305.673.7505<\/a><\/p>","protected":false},"author":222,"featured_media":347253,"parent":28206,"menu_order":0,"comment_status":"closed","ping_status":"closed","template":"","meta":{"_searchwp_excluded":"","site-sidebar-layout":"default","site-content-layout":"","ast-site-content-layout":"default","site-content-style":"default","site-sidebar-style":"default","ast-global-header-display":"","ast-banner-title-visibility":"","ast-main-header-display":"","ast-hfb-above-header-display":"","ast-hfb-below-header-display":"","ast-hfb-mobile-header-display":"","site-post-title":"","ast-breadcrumbs-content":"","ast-featured-img":"","footer-sml-layout":"","theme-transparent-header-meta":"","adv-header-id-meta":"","stick-header-meta":"","header-above-stick-meta":"","header-main-stick-meta":"","header-below-stick-meta":"","astra-migrate-meta-layouts":"default","ast-page-background-enabled":"default","ast-page-background-meta":{"desktop":{"background-color":"var(--ast-global-color-5)","background-image":"","background-repeat":"repeat","background-position":"center center","background-size":"auto","background-attachment":"scroll","background-type":"","background-media":"","overlay-type":"","overlay-color":"","overlay-opacity":"","overlay-gradient":""},"tablet":{"background-color":"","background-image":"","background-repeat":"repeat","background-position":"center center","background-size":"auto","background-attachment":"scroll","background-type":"","background-media":"","overlay-type":"","overlay-color":"","overlay-opacity":"","overlay-gradient":""},"mobile":{"background-color":"","background-image":"","background-repeat":"repeat","background-position":"center center","background-size":"auto","background-attachment":"scroll","background-type":"","background-media":"","overlay-type":"","overlay-color":"","overlay-opacity":"","overlay-gradient":""}},"ast-content-background-meta":{"desktop":{"background-color":"var(--ast-global-color-4)","background-image":"","background-repeat":"repeat","background-position":"center center","background-size":"auto","background-attachment":"scroll","background-type":"","background-media":"","overlay-type":"","overlay-color":"","overlay-opacity":"","overlay-gradient":""},"tablet":{"background-color":"var(--ast-global-color-4)","background-image":"","background-repeat":"repeat","background-position":"center center","background-size":"auto","background-attachment":"scroll","background-type":"","background-media":"","overlay-type":"","overlay-color":"","overlay-opacity":"","overlay-gradient":""},"mobile":{"background-color":"var(--ast-global-color-4)","background-image":"","background-repeat":"repeat","background-position":"center center","background-size":"auto","background-attachment":"scroll","background-type":"","background-media":"","overlay-type":"","overlay-color":"","overlay-opacity":"","overlay-gradient":""}},"footnotes":""},"categories":[],"tags":[1730,1518,1734],"class_list":["post-295615","page","type-page","status-publish","has-post-thumbnail","hentry","tag-city-services","tag-parking-site","tag-transportation"],"yoast_head":"<!-- This site is optimized with the Yoast SEO Premium plugin v27.4 (Yoast SEO v27.4) - https:\/\/yoast.com\/product\/yoast-seo-premium-wordpress\/ -->\n<title>Parking - City of Miami Beach<\/title>\n<meta name=\"description\" content=\"The department manages and operates 66 surface parking lots, 12 garages, and has 19 residential parking permit zones citywide.\" \/>\n<meta name=\"robots\" content=\"index, follow, max-snippet:-1, max-image-preview:large, max-video-preview:-1\" \/>\n<link rel=\"canonical\" href=\"https:\/\/www.miamibeachfl.gov\/es\/city-hall\/parking\/\" \/>\n<meta property=\"og:locale\" content=\"es_ES\" \/>\n<meta property=\"og:type\" content=\"article\" \/>\n<meta property=\"og:title\" content=\"Parking\" \/>\n<meta property=\"og:description\" content=\"The department manages and operates 66 surface parking lots, 12 garages, and has 19 residential parking permit zones citywide.\" \/>\n<meta property=\"og:url\" content=\"https:\/\/www.miamibeachfl.gov\/es\/city-hall\/parking\/\" \/>\n<meta property=\"og:site_name\" content=\"City of Miami Beach\" \/>\n<meta property=\"article:publisher\" content=\"https:\/\/www.facebook.com\/cityofmiamibeach\" \/>\n<meta property=\"article:modified_time\" content=\"2026-04-16T20:53:38+00:00\" \/>\n<meta property=\"og:image\" content=\"https:\/\/www.miamibeachfl.gov\/wp-content\/uploads\/2024\/04\/Parking-Garage1Sign.jpg\" \/>\n\t<meta property=\"og:image:width\" content=\"1440\" \/>\n\t<meta property=\"og:image:height\" content=\"1920\" \/>\n\t<meta property=\"og:image:type\" content=\"image\/jpeg\" \/>\n<meta name=\"twitter:card\" content=\"summary_large_image\" \/>\n<meta name=\"twitter:image\" content=\"https:\/\/www.miamibeachfl.gov\/wp-content\/uploads\/2024\/05\/ParkingHeros-ForResidents.jpeg\" \/>\n<meta name=\"twitter:site\" content=\"@Miamibeachnews\" \/>\n<script type=\"application\/ld+json\" class=\"yoast-schema-graph\">{\"@context\":\"https:\\\/\\\/schema.org\",\"@graph\":[{\"@type\":\"WebPage\",\"@id\":\"https:\\\/\\\/www.miamibeachfl.gov\\\/city-hall\\\/parking\\\/\",\"url\":\"https:\\\/\\\/www.miamibeachfl.gov\\\/city-hall\\\/parking\\\/\",\"name\":\"Parking - City of Miami Beach\",\"isPartOf\":{\"@id\":\"https:\\\/\\\/www.miamibeachfl.gov\\\/#website\"},\"primaryImageOfPage\":{\"@id\":\"https:\\\/\\\/www.miamibeachfl.gov\\\/city-hall\\\/parking\\\/#primaryimage\"},\"image\":{\"@id\":\"https:\\\/\\\/www.miamibeachfl.gov\\\/city-hall\\\/parking\\\/#primaryimage\"},\"thumbnailUrl\":\"https:\\\/\\\/www.miamibeachfl.gov\\\/wp-content\\\/uploads\\\/2024\\\/11\\\/MiamiNewDrama.jpeg\",\"datePublished\":\"2024-04-04T18:21:36+00:00\",\"dateModified\":\"2026-04-16T20:53:38+00:00\",\"description\":\"The department manages and operates 66 surface parking lots, 12 garages, and has 19 residential parking permit zones citywide.\",\"breadcrumb\":{\"@id\":\"https:\\\/\\\/www.miamibeachfl.gov\\\/city-hall\\\/parking\\\/#breadcrumb\"},\"inLanguage\":\"es\",\"potentialAction\":[{\"@type\":\"ReadAction\",\"target\":[\"https:\\\/\\\/www.miamibeachfl.gov\\\/city-hall\\\/parking\\\/\"]}]},{\"@type\":\"ImageObject\",\"inLanguage\":\"es\",\"@id\":\"https:\\\/\\\/www.miamibeachfl.gov\\\/city-hall\\\/parking\\\/#primaryimage\",\"url\":\"https:\\\/\\\/www.miamibeachfl.gov\\\/wp-content\\\/uploads\\\/2024\\\/11\\\/MiamiNewDrama.jpeg\",\"contentUrl\":\"https:\\\/\\\/www.miamibeachfl.gov\\\/wp-content\\\/uploads\\\/2024\\\/11\\\/MiamiNewDrama.jpeg\",\"width\":400,\"height\":400,\"caption\":\"Miami New Drama at Collins Parking Garage\"},{\"@type\":\"BreadcrumbList\",\"@id\":\"https:\\\/\\\/www.miamibeachfl.gov\\\/city-hall\\\/parking\\\/#breadcrumb\",\"itemListElement\":[{\"@type\":\"ListItem\",\"position\":1,\"name\":\"Home\",\"item\":\"https:\\\/\\\/www.miamibeachfl.gov\\\/\"},{\"@type\":\"ListItem\",\"position\":2,\"name\":\"City Hall\",\"item\":\"https:\\\/\\\/www.miamibeachfl.gov\\\/city-hall\\\/\"},{\"@type\":\"ListItem\",\"position\":3,\"name\":\"Parking\"}]},{\"@type\":\"WebSite\",\"@id\":\"https:\\\/\\\/www.miamibeachfl.gov\\\/#website\",\"url\":\"https:\\\/\\\/www.miamibeachfl.gov\\\/\",\"name\":\"City of Miami Beach\",\"description\":\"The official website of the City of Miami Beach. Stay informed, find important information on city services, news, alerts, events, trolley routes, government employment and more.\",\"publisher\":{\"@id\":\"https:\\\/\\\/www.miamibeachfl.gov\\\/#organization\"},\"potentialAction\":[{\"@type\":\"SearchAction\",\"target\":{\"@type\":\"EntryPoint\",\"urlTemplate\":\"https:\\\/\\\/www.miamibeachfl.gov\\\/?s={search_term_string}\"},\"query-input\":{\"@type\":\"PropertyValueSpecification\",\"valueRequired\":true,\"valueName\":\"search_term_string\"}}],\"inLanguage\":\"es\"},{\"@type\":\"Organization\",\"@id\":\"https:\\\/\\\/www.miamibeachfl.gov\\\/#organization\",\"name\":\"City of Miami Beach\",\"url\":\"https:\\\/\\\/www.miamibeachfl.gov\\\/\",\"logo\":{\"@type\":\"ImageObject\",\"inLanguage\":\"es\",\"@id\":\"https:\\\/\\\/www.miamibeachfl.gov\\\/#\\\/schema\\\/logo\\\/image\\\/\",\"url\":\"https:\\\/\\\/www.miamibeachfl.gov\\\/wp-content\\\/uploads\\\/2022\\\/06\\\/miamibeach-logoblue.png\",\"contentUrl\":\"https:\\\/\\\/www.miamibeachfl.gov\\\/wp-content\\\/uploads\\\/2022\\\/06\\\/miamibeach-logoblue.png\",\"width\":1962,\"height\":381,\"caption\":\"City of Miami Beach\"},\"image\":{\"@id\":\"https:\\\/\\\/www.miamibeachfl.gov\\\/#\\\/schema\\\/logo\\\/image\\\/\"},\"sameAs\":[\"https:\\\/\\\/www.facebook.com\\\/cityofmiamibeach\",\"https:\\\/\\\/x.com\\\/Miamibeachnews\",\"https:\\\/\\\/www.instagram.com\\\/miamibeachnews\\\/\"],\"description\":\"The official website of the City of Miami Beach. Stay informed, find important information on city services, news, alerts, events, trolley routes, government employment and more.\",\"telephone\":\"305.604.CITY(2489)\",\"legalName\":\"City of Miami Beach\"}]}<\/script>\n<!-- \/ Yoast SEO Premium plugin. -->","yoast_head_json":{"title":"Estacionamiento - Ciudad de Miami Beach","description":"El departamento administra y opera 66 estacionamientos en superficie, 12 garajes y tiene 19 zonas con permisos de estacionamiento residencial en toda la ciudad.","robots":{"index":"index","follow":"follow","max-snippet":"max-snippet:-1","max-image-preview":"max-image-preview:large","max-video-preview":"max-video-preview:-1"},"canonical":"https:\/\/www.miamibeachfl.gov\/es\/city-hall\/parking\/","og_locale":"es_ES","og_type":"article","og_title":"Parking","og_description":"The department manages and operates 66 surface parking lots, 12 garages, and has 19 residential parking permit zones citywide.","og_url":"https:\/\/www.miamibeachfl.gov\/es\/city-hall\/parking\/","og_site_name":"City of Miami Beach","article_publisher":"https:\/\/www.facebook.com\/cityofmiamibeach","article_modified_time":"2026-04-16T20:53:38+00:00","og_image":[{"width":1440,"height":1920,"url":"https:\/\/www.miamibeachfl.gov\/wp-content\/uploads\/2024\/04\/Parking-Garage1Sign.jpg","type":"image\/jpeg"}],"twitter_card":"summary_large_image","twitter_image":"https:\/\/www.miamibeachfl.gov\/wp-content\/uploads\/2024\/05\/ParkingHeros-ForResidents.jpeg","twitter_site":"@Miamibeachnews","schema":{"@context":"https:\/\/schema.org","@graph":[{"@type":"WebPage","@id":"https:\/\/www.miamibeachfl.gov\/city-hall\/parking\/","url":"https:\/\/www.miamibeachfl.gov\/city-hall\/parking\/","name":"Estacionamiento - Ciudad de Miami Beach","isPartOf":{"@id":"https:\/\/www.miamibeachfl.gov\/#website"},"primaryImageOfPage":{"@id":"https:\/\/www.miamibeachfl.gov\/city-hall\/parking\/#primaryimage"},"image":{"@id":"https:\/\/www.miamibeachfl.gov\/city-hall\/parking\/#primaryimage"},"thumbnailUrl":"https:\/\/www.miamibeachfl.gov\/wp-content\/uploads\/2024\/11\/MiamiNewDrama.jpeg","datePublished":"2024-04-04T18:21:36+00:00","dateModified":"2026-04-16T20:53:38+00:00","description":"El departamento administra y opera 66 estacionamientos en superficie, 12 garajes y tiene 19 zonas con permisos de estacionamiento residencial en toda la ciudad.","breadcrumb":{"@id":"https:\/\/www.miamibeachfl.gov\/city-hall\/parking\/#breadcrumb"},"inLanguage":"es","potentialAction":[{"@type":"ReadAction","target":["https:\/\/www.miamibeachfl.gov\/city-hall\/parking\/"]}]},{"@type":"ImageObject","inLanguage":"es","@id":"https:\/\/www.miamibeachfl.gov\/city-hall\/parking\/#primaryimage","url":"https:\/\/www.miamibeachfl.gov\/wp-content\/uploads\/2024\/11\/MiamiNewDrama.jpeg","contentUrl":"https:\/\/www.miamibeachfl.gov\/wp-content\/uploads\/2024\/11\/MiamiNewDrama.jpeg","width":400,"height":400,"caption":"Miami New Drama at Collins Parking Garage"},{"@type":"BreadcrumbList","@id":"https:\/\/www.miamibeachfl.gov\/city-hall\/parking\/#breadcrumb","itemListElement":[{"@type":"ListItem","position":1,"name":"Home","item":"https:\/\/www.miamibeachfl.gov\/"},{"@type":"ListItem","position":2,"name":"City Hall","item":"https:\/\/www.miamibeachfl.gov\/city-hall\/"},{"@type":"ListItem","position":3,"name":"Parking"}]},{"@type":"WebSite","@id":"https:\/\/www.miamibeachfl.gov\/#website","url":"https:\/\/www.miamibeachfl.gov\/","name":"Ciudad de Miami Beach","description":"Sitio web oficial de la Ciudad de Miami Beach. Mant\u00e9ngase informado, encuentre informaci\u00f3n importante sobre servicios municipales, noticias, alertas, eventos, rutas de tranv\u00edas, empleos gubernamentales y m\u00e1s.","publisher":{"@id":"https:\/\/www.miamibeachfl.gov\/#organization"},"potentialAction":[{"@type":"SearchAction","target":{"@type":"EntryPoint","urlTemplate":"https:\/\/www.miamibeachfl.gov\/?s={search_term_string}"},"query-input":{"@type":"PropertyValueSpecification","valueRequired":true,"valueName":"search_term_string"}}],"inLanguage":"es"},{"@type":"Organization","@id":"https:\/\/www.miamibeachfl.gov\/#organization","name":"Ciudad de Miami Beach","url":"https:\/\/www.miamibeachfl.gov\/","logo":{"@type":"ImageObject","inLanguage":"es","@id":"https:\/\/www.miamibeachfl.gov\/#\/schema\/logo\/image\/","url":"https:\/\/www.miamibeachfl.gov\/wp-content\/uploads\/2022\/06\/miamibeach-logoblue.png","contentUrl":"https:\/\/www.miamibeachfl.gov\/wp-content\/uploads\/2022\/06\/miamibeach-logoblue.png","width":1962,"height":381,"caption":"City of Miami Beach"},"image":{"@id":"https:\/\/www.miamibeachfl.gov\/#\/schema\/logo\/image\/"},"sameAs":["https:\/\/www.facebook.com\/cityofmiamibeach","https:\/\/x.com\/Miamibeachnews","https:\/\/www.instagram.com\/miamibeachnews\/"],"description":"Sitio web oficial de la Ciudad de Miami Beach. Mant\u00e9ngase informado, encuentre informaci\u00f3n importante sobre servicios municipales, noticias, alertas, eventos, rutas de tranv\u00edas, empleos gubernamentales y m\u00e1s.","telephone":"305.604.CITY(2489)","legalName":"City of Miami Beach"}]}},"_links":{"self":[{"href":"https:\/\/www.miamibeachfl.gov\/es\/wp-json\/wp\/v2\/pages\/295615","targetHints":{"allow":["GET"]}}],"collection":[{"href":"https:\/\/www.miamibeachfl.gov\/es\/wp-json\/wp\/v2\/pages"}],"about":[{"href":"https:\/\/www.miamibeachfl.gov\/es\/wp-json\/wp\/v2\/types\/page"}],"author":[{"embeddable":true,"href":"https:\/\/www.miamibeachfl.gov\/es\/wp-json\/wp\/v2\/users\/222"}],"replies":[{"embeddable":true,"href":"https:\/\/www.miamibeachfl.gov\/es\/wp-json\/wp\/v2\/comments?post=295615"}],"version-history":[{"count":12,"href":"https:\/\/www.miamibeachfl.gov\/es\/wp-json\/wp\/v2\/pages\/295615\/revisions"}],"predecessor-version":[{"id":399042,"href":"https:\/\/www.miamibeachfl.gov\/es\/wp-json\/wp\/v2\/pages\/295615\/revisions\/399042"}],"up":[{"embeddable":true,"href":"https:\/\/www.miamibeachfl.gov\/es\/wp-json\/wp\/v2\/pages\/28206"}],"wp:featuredmedia":[{"embeddable":true,"href":"https:\/\/www.miamibeachfl.gov\/es\/wp-json\/wp\/v2\/media\/347253"}],"wp:attachment":[{"href":"https:\/\/www.miamibeachfl.gov\/es\/wp-json\/wp\/v2\/media?parent=295615"}],"wp:term":[{"taxonomy":"category","embeddable":true,"href":"https:\/\/www.miamibeachfl.gov\/es\/wp-json\/wp\/v2\/categories?post=295615"},{"taxonomy":"post_tag","embeddable":true,"href":"https:\/\/www.miamibeachfl.gov\/es\/wp-json\/wp\/v2\/tags?post=295615"}],"curies":[{"name":"gracias","href":"https:\/\/api.w.org\/{rel}","templated":true}]}}